{"id":23310,"date":"2026-01-08T11:21:40","date_gmt":"2026-01-08T14:21:40","guid":{"rendered":"https:\/\/naturalbikes.cl\/?post_type=product&#038;p=23310"},"modified":"2026-01-08T11:21:41","modified_gmt":"2026-01-08T14:21:41","slug":"bicicleta-kona-dew-cafe","status":"publish","type":"product","link":"https:\/\/naturalbikes.cl\/?product=bicicleta-kona-dew-cafe","title":{"rendered":"BICICLETA KONA DEW CAFE"},"content":{"rendered":"<p data-start=\"889\" data-end=\"1237\">La <strong data-start=\"892\" data-end=\"911\">Kona Dew Caf\u00e9 <\/strong>es la bicicleta urbana vers\u00e1til y c\u00f3moda que necesitas para moverte por la ciudad sin complicaciones. Con un <strong data-start=\"1021\" data-end=\"1060\">cuadro de aluminio Kona 6061 Butted<\/strong>, esta bicicleta combina ligereza y resistencia, ideal tanto para desplazamientos diarios como para paseos recreativos o ciclov\u00edas urbanas.<\/p>\n<p data-start=\"1239\" data-end=\"1659\">Equipada con una <strong data-start=\"1256\" data-end=\"1307\">transmisi\u00f3n Shimano ESSA de 8 velocidades (1\u00d78)<\/strong>, proporciona una amplia gama de cambios para subir pendientes suaves y mantener una velocidad c\u00f3moda en el plano. <br data-start=\"1459\" data-end=\"1462\" \/>Los <strong data-start=\"1466\" data-end=\"1502\">frenos hidr\u00e1ulicos Tektro HDM280<\/strong> y rotores de 160 mm delantero y trasero aseguran frenadas potentes y consistentes, incluso en ciudad y tr\u00e1fico urbano.<\/p>\n<p data-start=\"1661\" data-end=\"1955\">Sus <strong data-start=\"1665\" data-end=\"1705\">neum\u00e1ticos WTB Horizon Comp 650\u00d747 c<\/strong> ofrecen confort y tracci\u00f3n en rutas asfaltadas y ciclov\u00edas, mientras que los componentes de calidad \u2014como el manubrio de aluminio riser, la tija Kona Commuter y el sill\u00edn c\u00f3modo\u2014 hacen cada paseo m\u00e1s placentero.<\/p>\n<p data-start=\"1957\" data-end=\"2225\">Esta bicicleta es ideal para quienes buscan <strong data-start=\"2001\" data-end=\"2034\">practicidad, estilo y confort<\/strong> en sus desplazamientos diarios, combinar funcionalidad urbana con diversi\u00f3n, o iniciar en el ciclismo recreativo con una bici confiable y bien equipada.<\/p>\n<hr data-start=\"2227\" data-end=\"2230\" \/>\n<h2 data-start=\"2232\" data-end=\"2270\">\ud83d\udd27 <strong data-start=\"2238\" data-end=\"2270\">Especificaciones Principales<\/strong><\/h2>\n<ul data-start=\"2271\" data-end=\"2698\">\n<li data-start=\"2271\" data-end=\"2290\">\n<p data-start=\"2273\" data-end=\"2290\"><strong data-start=\"2273\" data-end=\"2283\">Marca:<\/strong> Kona<\/p>\n<\/li>\n<li data-start=\"2291\" data-end=\"2325\">\n<p data-start=\"2293\" data-end=\"2325\"><strong data-start=\"2293\" data-end=\"2304\">Modelo:<\/strong> Dew Caf\u00e9<\/p>\n<\/li>\n<li data-start=\"2326\" data-end=\"2343\">\n<p data-start=\"2328\" data-end=\"2343\"><strong data-start=\"2328\" data-end=\"2336\">Aro:<\/strong> 650c<\/p>\n<\/li>\n<li data-start=\"2344\" data-end=\"2385\">\n<p data-start=\"2346\" data-end=\"2385\"><strong data-start=\"2346\" data-end=\"2357\">Cuadro:<\/strong> Kona 6061 Aluminum Butted<\/p>\n<\/li>\n<li data-start=\"2386\" data-end=\"2423\">\n<p data-start=\"2388\" data-end=\"2423\"><strong data-start=\"2388\" data-end=\"2404\">Transmisi\u00f3n:<\/strong> Shimano ESSA 1\u00d78<\/p>\n<\/li>\n<li data-start=\"2424\" data-end=\"2483\">\n<p data-start=\"2426\" data-end=\"2483\"><strong data-start=\"2426\" data-end=\"2437\">Frenos:<\/strong> Tektro HDM280 hidr\u00e1ulicos (160 mm \/ 160 mm)<\/p>\n<\/li>\n<li data-start=\"2484\" data-end=\"2529\">\n<p data-start=\"2486\" data-end=\"2529\"><strong data-start=\"2486\" data-end=\"2501\">Neum\u00e1ticos:<\/strong> WTB Horizon Comp 650\u00d747 c<\/p>\n<\/li>\n<li data-start=\"2530\" data-end=\"2562\">\n<p data-start=\"2532\" data-end=\"2562\"><strong data-start=\"2532\" data-end=\"2545\">Manubrio:<\/strong> Aluminio riser<\/p>\n<\/li>\n<li data-start=\"2563\" data-end=\"2592\">\n<p data-start=\"2565\" data-end=\"2592\"><strong data-start=\"2565\" data-end=\"2576\">Sill\u00edn:<\/strong> Kona Commuter<\/p>\n<\/li>\n<li data-start=\"2593\" data-end=\"2698\">\n<p data-start=\"2595\" data-end=\"2698\"><strong data-start=\"2595\" data-end=\"2615\">Uso recomendado:<\/strong> Urbana \/ ciclov\u00edas \/ desplazamientos diarios<\/p>\n<\/li>\n<\/ul>\n","protected":false},"excerpt":{"rendered":"<p><strong>Bicicleta Kona Dew Caf\u00e9 S de aro 650, cuadro de aluminio SmartForm 6061, transmisi\u00f3n Shimano 1\u00d78 y frenos hidr\u00e1ulicos de disco. Dise\u00f1ada para la ciudad: c\u00f3moda, eficiente y lista para tus recorridos diarios. <\/strong><\/p>\n","protected":false},"featured_media":23311,"comment_status":"open","ping_status":"closed","template":"","meta":[],"product_cat":[207,195,1002,1000],"product_tag":[1004,850],"class_list":{"0":"post-23310","1":"product","2":"type-product","3":"status-publish","4":"has-post-thumbnail","6":"product_brand-kona","7":"product_cat-bicicleta-rigida","8":"product_cat-bicicletas","9":"product_cat-dew","10":"product_cat-kona","11":"product_tag-kona","12":"product_tag-rigida","14":"first","15":"instock","16":"taxable","17":"shipping-taxable","18":"purchasable","19":"product-type-variable","20":"rtwpvg-product"},"yoast_head":"<!-- This site is optimized with the Yoast SEO Premium plugin v24.8 (Yoast SEO v25.6) - https:\/\/yoast.com\/wordpress\/plugins\/seo\/ -->\n<title>Kona Dew Caf\u00e9 S \u2013 Bicicleta Urbana 650c en Aluminio<\/title>\n<meta name=\"description\" content=\"La Kona Dew Caf\u00e9 S es una bicicleta urbana de 650c con cuadro de aluminio, transmisi\u00f3n 1\u00d78 y frenos hidr\u00e1ulicos de disco. Perfecta para desplazamientos diarios, ciclov\u00edas, ciudad y paseos recreativos con estilo y comodidad.\" \/>\n<meta name=\"robots\" content=\"index, follow, max-snippet:-1, max-image-preview:large, max-video-preview:-1\" \/>\n<link rel=\"canonical\" href=\"https:\/\/naturalbikes.cl\/?product=bicicleta-kona-dew-cafe\" \/>\n<meta property=\"og:locale\" content=\"es_ES\" \/>\n<meta property=\"og:type\" content=\"article\" \/>\n<meta property=\"og:title\" content=\"BICICLETA KONA DEW CAFE\" \/>\n<meta property=\"og:description\" content=\"Ofrecer a nuestros clientes apasionados por el ciclismo de monta\u00f1a la mejor experiencia en productos, conocimientos especializados y servicios excepcionales. Nos comprometemos a proporcionar una amplia gama de bicicletas, accesorios y equipo de alta calidad, junto con asesoramiento experto y atenci\u00f3n personalizada para cada ciclista, para que puedan explorar, disfrutar y maximizar su aventura en el mundo del MTB\" \/>\n<meta property=\"og:url\" content=\"https:\/\/naturalbikes.cl\/?product=bicicleta-kona-dew-cafe\" \/>\n<meta property=\"og:site_name\" content=\"NaturalBikes\" \/>\n<meta property=\"article:publisher\" content=\"https:\/\/www.facebook.com\/naturalbikescl\" \/>\n<meta property=\"article:modified_time\" content=\"2026-01-08T14:21:41+00:00\" \/>\n<meta property=\"og:image\" content=\"https:\/\/naturalbikes.cl\/wp-content\/uploads\/2026\/01\/2k25_dew_01_2_1.jpg\" \/>\n\t<meta property=\"og:image:width\" content=\"1143\" \/>\n\t<meta property=\"og:image:height\" content=\"857\" \/>\n\t<meta property=\"og:image:type\" content=\"image\/jpeg\" \/>\n<meta name=\"twitter:card\" content=\"summary_large_image\" \/>\n<meta name=\"twitter:label1\" content=\"Tiempo de lectura\" \/>\n\t<meta name=\"twitter:data1\" content=\"2 minutos\" \/>\n<script type=\"application\/ld+json\" class=\"yoast-schema-graph\">{\"@context\":\"https:\/\/schema.org\",\"@graph\":[{\"@type\":\"WebPage\",\"@id\":\"https:\/\/naturalbikes.cl\/?product=bicicleta-kona-dew-cafe\",\"url\":\"https:\/\/naturalbikes.cl\/?product=bicicleta-kona-dew-cafe\",\"name\":\"Kona Dew Caf\u00e9 S \u2013 Bicicleta Urbana 650c en Aluminio\",\"isPartOf\":{\"@id\":\"https:\/\/naturalbikes.cl\/#website\"},\"primaryImageOfPage\":{\"@id\":\"https:\/\/naturalbikes.cl\/?product=bicicleta-kona-dew-cafe#primaryimage\"},\"image\":{\"@id\":\"https:\/\/naturalbikes.cl\/?product=bicicleta-kona-dew-cafe#primaryimage\"},\"thumbnailUrl\":\"https:\/\/naturalbikes.cl\/wp-content\/uploads\/2026\/01\/2k25_dew_01_2_1.jpg\",\"datePublished\":\"2026-01-08T14:21:40+00:00\",\"dateModified\":\"2026-01-08T14:21:41+00:00\",\"description\":\"La Kona Dew Caf\u00e9 S es una bicicleta urbana de 650c con cuadro de aluminio, transmisi\u00f3n 1\u00d78 y frenos hidr\u00e1ulicos de disco. Perfecta para desplazamientos diarios, ciclov\u00edas, ciudad y paseos recreativos con estilo y comodidad.\",\"breadcrumb\":{\"@id\":\"https:\/\/naturalbikes.cl\/?product=bicicleta-kona-dew-cafe#breadcrumb\"},\"inLanguage\":\"es\",\"potentialAction\":[{\"@type\":\"ReadAction\",\"target\":[\"https:\/\/naturalbikes.cl\/?product=bicicleta-kona-dew-cafe\"]}]},{\"@type\":\"ImageObject\",\"inLanguage\":\"es\",\"@id\":\"https:\/\/naturalbikes.cl\/?product=bicicleta-kona-dew-cafe#primaryimage\",\"url\":\"https:\/\/naturalbikes.cl\/wp-content\/uploads\/2026\/01\/2k25_dew_01_2_1.jpg\",\"contentUrl\":\"https:\/\/naturalbikes.cl\/wp-content\/uploads\/2026\/01\/2k25_dew_01_2_1.jpg\",\"width\":1143,\"height\":857},{\"@type\":\"BreadcrumbList\",\"@id\":\"https:\/\/naturalbikes.cl\/?product=bicicleta-kona-dew-cafe#breadcrumb\",\"itemListElement\":[{\"@type\":\"ListItem\",\"position\":1,\"name\":\"Portada\",\"item\":\"https:\/\/naturalbikes.cl\/\"},{\"@type\":\"ListItem\",\"position\":2,\"name\":\"Tienda NB\",\"item\":\"https:\/\/naturalbikes.cl\/?page_id=7843\"},{\"@type\":\"ListItem\",\"position\":3,\"name\":\"Kona\",\"item\":\"https:\/\/naturalbikes.cl\/?product_brand=kona\"},{\"@type\":\"ListItem\",\"position\":4,\"name\":\"BICICLETA KONA DEW CAFE\"}]},{\"@type\":\"WebSite\",\"@id\":\"https:\/\/naturalbikes.cl\/#website\",\"url\":\"https:\/\/naturalbikes.cl\/\",\"name\":\"Natural Bikes\",\"description\":\"Tienda de bicicletas repuestos accesorios taller mantenimiento clases salidas\",\"publisher\":{\"@id\":\"https:\/\/naturalbikes.cl\/#organization\"},\"alternateName\":\"Natural Bikes\",\"potentialAction\":[{\"@type\":\"SearchAction\",\"target\":{\"@type\":\"EntryPoint\",\"urlTemplate\":\"https:\/\/naturalbikes.cl\/?s={search_term_string}\"},\"query-input\":{\"@type\":\"PropertyValueSpecification\",\"valueRequired\":true,\"valueName\":\"search_term_string\"}}],\"inLanguage\":\"es\"},{\"@type\":\"Organization\",\"@id\":\"https:\/\/naturalbikes.cl\/#organization\",\"name\":\"Natural Bikes\",\"alternateName\":\"Natural Bikes\",\"url\":\"https:\/\/naturalbikes.cl\/\",\"logo\":{\"@type\":\"ImageObject\",\"inLanguage\":\"es\",\"@id\":\"https:\/\/naturalbikes.cl\/#\/schema\/logo\/image\/\",\"url\":\"https:\/\/naturalbikes.cl\/wp-content\/uploads\/2024\/05\/2023-10-10-10.44.12.jpg\",\"contentUrl\":\"https:\/\/naturalbikes.cl\/wp-content\/uploads\/2024\/05\/2023-10-10-10.44.12.jpg\",\"width\":650,\"height\":650,\"caption\":\"Natural Bikes\"},\"image\":{\"@id\":\"https:\/\/naturalbikes.cl\/#\/schema\/logo\/image\/\"},\"sameAs\":[\"https:\/\/www.facebook.com\/naturalbikescl\",\"https:\/\/www.instagram.com\/natural.bikes\",\"https:\/\/www.tiktok.com\/@natural.bikes\"],\"description\":\"Ofrecer a nuestros clientes apasionados por el ciclismo de monta\u00f1a la mejor experiencia en productos, conocimientos especializados y servicios excepcionales. Nos comprometemos a proporcionar una amplia gama de bicicletas, accesorios y equipo de alta calidad, junto con asesoramiento experto y atenci\u00f3n personalizada para cada ciclista, para que puedan explorar, disfrutar y maximizar su aventura en el mundo del MTB\",\"email\":\"naturalbikes1@gmail.com\",\"telephone\":\"56977043878\",\"legalName\":\"Natural Bikes Limitada\",\"foundingDate\":\"2024-01-01\",\"vatID\":\"76699553-5\",\"taxID\":\"76699553-5\",\"numberOfEmployees\":{\"@type\":\"QuantitativeValue\",\"minValue\":\"1\",\"maxValue\":\"10\"},\"publishingPrinciples\":\"https:\/\/naturalbikes.cl\/?page_id=7843\",\"ownershipFundingInfo\":\"https:\/\/naturalbikes.cl\/?page_id=7843\",\"actionableFeedbackPolicy\":\"https:\/\/naturalbikes.cl\/?page_id=14797\",\"correctionsPolicy\":\"https:\/\/naturalbikes.cl\/?page_id=3\",\"ethicsPolicy\":\"https:\/\/naturalbikes.cl\/?page_id=7843\",\"diversityPolicy\":\"https:\/\/naturalbikes.cl\/?page_id=11734\",\"diversityStaffingReport\":\"https:\/\/naturalbikes.cl\/?page_id=12161\"}]}<\/script>\n<!-- \/ Yoast SEO Premium plugin. -->","yoast_head_json":{"title":"Kona Dew Caf\u00e9 S \u2013 Bicicleta Urbana 650c en Aluminio","description":"La Kona Dew Caf\u00e9 S es una bicicleta urbana de 650c con cuadro de aluminio, transmisi\u00f3n 1\u00d78 y frenos hidr\u00e1ulicos de disco. Perfecta para desplazamientos diarios, ciclov\u00edas, ciudad y paseos recreativos con estilo y comodidad.","robots":{"index":"index","follow":"follow","max-snippet":"max-snippet:-1","max-image-preview":"max-image-preview:large","max-video-preview":"max-video-preview:-1"},"canonical":"https:\/\/naturalbikes.cl\/?product=bicicleta-kona-dew-cafe","og_locale":"es_ES","og_type":"article","og_title":"BICICLETA KONA DEW CAFE","og_description":"Ofrecer a nuestros clientes apasionados por el ciclismo de monta\u00f1a la mejor experiencia en productos, conocimientos especializados y servicios excepcionales. Nos comprometemos a proporcionar una amplia gama de bicicletas, accesorios y equipo de alta calidad, junto con asesoramiento experto y atenci\u00f3n personalizada para cada ciclista, para que puedan explorar, disfrutar y maximizar su aventura en el mundo del MTB","og_url":"https:\/\/naturalbikes.cl\/?product=bicicleta-kona-dew-cafe","og_site_name":"NaturalBikes","article_publisher":"https:\/\/www.facebook.com\/naturalbikescl","article_modified_time":"2026-01-08T14:21:41+00:00","og_image":[{"width":1143,"height":857,"url":"https:\/\/naturalbikes.cl\/wp-content\/uploads\/2026\/01\/2k25_dew_01_2_1.jpg","type":"image\/jpeg"}],"twitter_card":"summary_large_image","twitter_misc":{"Tiempo de lectura":"2 minutos"},"schema":{"@context":"https:\/\/schema.org","@graph":[{"@type":"WebPage","@id":"https:\/\/naturalbikes.cl\/?product=bicicleta-kona-dew-cafe","url":"https:\/\/naturalbikes.cl\/?product=bicicleta-kona-dew-cafe","name":"Kona Dew Caf\u00e9 S \u2013 Bicicleta Urbana 650c en Aluminio","isPartOf":{"@id":"https:\/\/naturalbikes.cl\/#website"},"primaryImageOfPage":{"@id":"https:\/\/naturalbikes.cl\/?product=bicicleta-kona-dew-cafe#primaryimage"},"image":{"@id":"https:\/\/naturalbikes.cl\/?product=bicicleta-kona-dew-cafe#primaryimage"},"thumbnailUrl":"https:\/\/naturalbikes.cl\/wp-content\/uploads\/2026\/01\/2k25_dew_01_2_1.jpg","datePublished":"2026-01-08T14:21:40+00:00","dateModified":"2026-01-08T14:21:41+00:00","description":"La Kona Dew Caf\u00e9 S es una bicicleta urbana de 650c con cuadro de aluminio, transmisi\u00f3n 1\u00d78 y frenos hidr\u00e1ulicos de disco. Perfecta para desplazamientos diarios, ciclov\u00edas, ciudad y paseos recreativos con estilo y comodidad.","breadcrumb":{"@id":"https:\/\/naturalbikes.cl\/?product=bicicleta-kona-dew-cafe#breadcrumb"},"inLanguage":"es","potentialAction":[{"@type":"ReadAction","target":["https:\/\/naturalbikes.cl\/?product=bicicleta-kona-dew-cafe"]}]},{"@type":"ImageObject","inLanguage":"es","@id":"https:\/\/naturalbikes.cl\/?product=bicicleta-kona-dew-cafe#primaryimage","url":"https:\/\/naturalbikes.cl\/wp-content\/uploads\/2026\/01\/2k25_dew_01_2_1.jpg","contentUrl":"https:\/\/naturalbikes.cl\/wp-content\/uploads\/2026\/01\/2k25_dew_01_2_1.jpg","width":1143,"height":857},{"@type":"BreadcrumbList","@id":"https:\/\/naturalbikes.cl\/?product=bicicleta-kona-dew-cafe#breadcrumb","itemListElement":[{"@type":"ListItem","position":1,"name":"Portada","item":"https:\/\/naturalbikes.cl\/"},{"@type":"ListItem","position":2,"name":"Tienda NB","item":"https:\/\/naturalbikes.cl\/?page_id=7843"},{"@type":"ListItem","position":3,"name":"Kona","item":"https:\/\/naturalbikes.cl\/?product_brand=kona"},{"@type":"ListItem","position":4,"name":"BICICLETA KONA DEW CAFE"}]},{"@type":"WebSite","@id":"https:\/\/naturalbikes.cl\/#website","url":"https:\/\/naturalbikes.cl\/","name":"Natural Bikes","description":"Tienda de bicicletas repuestos accesorios taller mantenimiento clases salidas","publisher":{"@id":"https:\/\/naturalbikes.cl\/#organization"},"alternateName":"Natural Bikes","potentialAction":[{"@type":"SearchAction","target":{"@type":"EntryPoint","urlTemplate":"https:\/\/naturalbikes.cl\/?s={search_term_string}"},"query-input":{"@type":"PropertyValueSpecification","valueRequired":true,"valueName":"search_term_string"}}],"inLanguage":"es"},{"@type":"Organization","@id":"https:\/\/naturalbikes.cl\/#organization","name":"Natural Bikes","alternateName":"Natural Bikes","url":"https:\/\/naturalbikes.cl\/","logo":{"@type":"ImageObject","inLanguage":"es","@id":"https:\/\/naturalbikes.cl\/#\/schema\/logo\/image\/","url":"https:\/\/naturalbikes.cl\/wp-content\/uploads\/2024\/05\/2023-10-10-10.44.12.jpg","contentUrl":"https:\/\/naturalbikes.cl\/wp-content\/uploads\/2024\/05\/2023-10-10-10.44.12.jpg","width":650,"height":650,"caption":"Natural Bikes"},"image":{"@id":"https:\/\/naturalbikes.cl\/#\/schema\/logo\/image\/"},"sameAs":["https:\/\/www.facebook.com\/naturalbikescl","https:\/\/www.instagram.com\/natural.bikes","https:\/\/www.tiktok.com\/@natural.bikes"],"description":"Ofrecer a nuestros clientes apasionados por el ciclismo de monta\u00f1a la mejor experiencia en productos, conocimientos especializados y servicios excepcionales. Nos comprometemos a proporcionar una amplia gama de bicicletas, accesorios y equipo de alta calidad, junto con asesoramiento experto y atenci\u00f3n personalizada para cada ciclista, para que puedan explorar, disfrutar y maximizar su aventura en el mundo del MTB","email":"naturalbikes1@gmail.com","telephone":"56977043878","legalName":"Natural Bikes Limitada","foundingDate":"2024-01-01","vatID":"76699553-5","taxID":"76699553-5","numberOfEmployees":{"@type":"QuantitativeValue","minValue":"1","maxValue":"10"},"publishingPrinciples":"https:\/\/naturalbikes.cl\/?page_id=7843","ownershipFundingInfo":"https:\/\/naturalbikes.cl\/?page_id=7843","actionableFeedbackPolicy":"https:\/\/naturalbikes.cl\/?page_id=14797","correctionsPolicy":"https:\/\/naturalbikes.cl\/?page_id=3","ethicsPolicy":"https:\/\/naturalbikes.cl\/?page_id=7843","diversityPolicy":"https:\/\/naturalbikes.cl\/?page_id=11734","diversityStaffingReport":"https:\/\/naturalbikes.cl\/?page_id=12161"}]}},"_links":{"self":[{"href":"https:\/\/naturalbikes.cl\/index.php?rest_route=\/wp\/v2\/product\/23310"}],"collection":[{"href":"https:\/\/naturalbikes.cl\/index.php?rest_route=\/wp\/v2\/product"}],"about":[{"href":"https:\/\/naturalbikes.cl\/index.php?rest_route=\/wp\/v2\/types\/product"}],"replies":[{"embeddable":true,"href":"https:\/\/naturalbikes.cl\/index.php?rest_route=%2Fwp%2Fv2%2Fcomments&post=23310"}],"wp:featuredmedia":[{"embeddable":true,"href":"https:\/\/naturalbikes.cl\/index.php?rest_route=\/wp\/v2\/media\/23311"}],"wp:attachment":[{"href":"https:\/\/naturalbikes.cl\/index.php?rest_route=%2Fwp%2Fv2%2Fmedia&parent=23310"}],"wp:term":[{"taxonomy":"product_cat","embeddable":true,"href":"https:\/\/naturalbikes.cl\/index.php?rest_route=%2Fwp%2Fv2%2Fproduct_cat&post=23310"},{"taxonomy":"product_tag","embeddable":true,"href":"https:\/\/naturalbikes.cl\/index.php?rest_route=%2Fwp%2Fv2%2Fproduct_tag&post=23310"}],"curies":[{"name":"wp","href":"https:\/\/api.w.org\/{rel}","templated":true}]}}