{"id":23198,"date":"2025-12-02T14:22:11","date_gmt":"2025-12-02T17:22:11","guid":{"rendered":"https:\/\/naturalbikes.cl\/?post_type=product&#038;p=23198"},"modified":"2026-01-06T17:12:53","modified_gmt":"2026-01-06T20:12:53","slug":"bicicleta-cannondale-700-super-six-evo-carbon-3","status":"publish","type":"product","link":"https:\/\/naturalbikes.cl\/?product=bicicleta-cannondale-700-super-six-evo-carbon-3","title":{"rendered":"Bicicleta Cannondale 700 Super Six Evo Carbon 3"},"content":{"rendered":"<p data-start=\"964\" data-end=\"1359\">La <strong data-start=\"967\" data-end=\"1003\">Cannondale SuperSix EVO Carbon 3<\/strong> es una bicicleta de ruta de alto rendimiento, dise\u00f1ada para ciclistas exigentes que buscan la combinaci\u00f3n ideal de ligereza, aerodin\u00e1mica y eficiencia en cada pedalada. Su cuadro de <strong data-start=\"1186\" data-end=\"1210\">carbono SuperSix EVO<\/strong> logra un peso de cuadro sorprendentemente bajo (marcado por el fabricante), sin sacrificar rigidez ni confort.<\/p>\n<p data-start=\"1361\" data-end=\"1756\">Este modelo incorpora un <strong data-start=\"1386\" data-end=\"1428\">grupo Shimano 105 Di2 2\u00d712 velocidades<\/strong>, que asegura cambios precisos, suaves y confiables \u2014 ideal para manejar distintos tipos de terreno, subidas y sprints con facilidad. <br data-start=\"1599\" data-end=\"1602\" \/>Los <strong data-start=\"1606\" data-end=\"1649\">frenos de disco hidr\u00e1ulicos Shimano 105<\/strong> ofrecen frenado potente y estable incluso en condiciones adversas.<\/p>\n<p data-start=\"1758\" data-end=\"2073\">Con ruedas 700c y geometr\u00eda de ruta moderna, la SuperSix EVO Carbon 3 sirve tanto para entrenamientos intensos, gran fondo, como para competiciones. Su dise\u00f1o aerodin\u00e1mico y cuadro ultraligero permiten obtener un excelente rendimiento en subidas y velocidad sostenida en plano.<\/p>\n<h3 data-start=\"2075\" data-end=\"2108\">\u2705 Caracter\u00edsticas principales<\/h3>\n<ul data-start=\"2109\" data-end=\"2841\">\n<li data-start=\"2109\" data-end=\"2243\">\n<p data-start=\"2111\" data-end=\"2243\"><strong data-start=\"2111\" data-end=\"2122\">Cuadro:<\/strong> Carbono SuperSix EVO (con rutas internas y compatibilidad con thru-axles 12\u00d7142)<\/p>\n<\/li>\n<li data-start=\"2244\" data-end=\"2369\">\n<p data-start=\"2246\" data-end=\"2369\"><strong data-start=\"2246\" data-end=\"2260\">Horquilla:<\/strong> Carbono, carbono integral SuperSix EVO, con thru-axle 12\u00d7100 delante<\/p>\n<\/li>\n<li data-start=\"2370\" data-end=\"2515\">\n<p data-start=\"2372\" data-end=\"2515\"><strong data-start=\"2372\" data-end=\"2388\">Transmisi\u00f3n:<\/strong> Shimano 105 Di2 2\u00d712 velocidades \u2014 50\/34 en bielas, cassette 11-34\/11-30 seg\u00fan versi\u00f3n<\/p>\n<\/li>\n<li data-start=\"2516\" data-end=\"2618\">\n<p data-start=\"2518\" data-end=\"2618\"><strong data-start=\"2518\" data-end=\"2529\">Frenos:<\/strong> Hidr\u00e1ulicos de disco Shimano 105, rotores 160 mm<\/p>\n<\/li>\n<li data-start=\"2619\" data-end=\"2762\">\n<p data-start=\"2621\" data-end=\"2762\"><strong data-start=\"2621\" data-end=\"2632\">Ruedas:<\/strong> DT Swiss R470 db, 28h, compatibles con neum\u00e1ticos hasta ~30 mm para m\u00e1xima versatilidad<\/p>\n<\/li>\n<li data-start=\"2763\" data-end=\"2841\">\n<p data-start=\"2765\" data-end=\"2841\"><strong data-start=\"2765\" data-end=\"2781\">Orientaci\u00f3n:<\/strong> Ruta, gran fondo, velocidad, entrenamiento y competici\u00f3n.<\/p>\n<\/li>\n<\/ul>\n","protected":false},"excerpt":{"rendered":"<p data-start=\"661\" data-end=\"919\"><strong><img decoding=\"async\" class=\"detailLogoImage\" title=\"cannondale Logo PNG Vector\" src=\"https:\/\/images.seeklogo.com\/logo-png\/35\/1\/cannondale-logo-png_seeklogo-350935.png\" alt=\"cannondale Logo PNG Vector\" width=\"100\" height=\"100\" \/>Bicicleta de ruta Cannondale SuperSix EVO Carbon 3: cuadro y horquilla de carbono, dise\u00f1o aerodin\u00e1mico, grupo Shimano 105 Di2 12 velocidades, frenos de disco hidr\u00e1ulicos, ruedas 700c \u2014 perfecta para quienes buscan ligereza, velocidad y rendimiento.<\/strong><\/p>\n","protected":false},"featured_media":23203,"comment_status":"open","ping_status":"closed","template":"","meta":[],"product_cat":[205,195,1060,1061],"product_tag":[1040,1443,855,820,1552],"class_list":{"0":"post-23198","1":"product","2":"type-product","3":"status-publish","4":"has-post-thumbnail","6":"product_brand-cannondale","7":"product_cat-bicicleta-gravel","8":"product_cat-bicicletas","9":"product_cat-cannondale-bicicleta-gravel","10":"product_cat-700-supersix-evo-cx","11":"product_tag-cannondale","12":"product_tag-cannondale-700","13":"product_tag-carbon","14":"product_tag-gravel","15":"product_tag-super-six","17":"first","18":"instock","19":"sale","20":"taxable","21":"shipping-taxable","22":"purchasable","23":"product-type-variable","24":"rtwpvg-product"},"yoast_head":"<!-- This site is optimized with the Yoast SEO Premium plugin v24.8 (Yoast SEO v25.6) - https:\/\/yoast.com\/wordpress\/plugins\/seo\/ -->\n<title>Cannondale SuperSix EVO Carbon 3 \u2013 Ruta Carbono Ligera<\/title>\n<meta name=\"description\" content=\"Cannondale SuperSix EVO Carbon 3: bicicleta de ruta en carbono ultraligera, aerodin\u00e1mica, con transmisi\u00f3n Shimano 105 Di2 12v y frenos de disco hidr\u00e1ulicos. Ideal para rutas largas, entrenamiento intenso y competici\u00f3n.\" \/>\n<meta name=\"robots\" content=\"index, follow, max-snippet:-1, max-image-preview:large, max-video-preview:-1\" \/>\n<link rel=\"canonical\" href=\"https:\/\/naturalbikes.cl\/?product=bicicleta-cannondale-700-super-six-evo-carbon-3\" \/>\n<meta property=\"og:locale\" content=\"es_ES\" \/>\n<meta property=\"og:type\" content=\"article\" \/>\n<meta property=\"og:title\" content=\"Bicicleta Cannondale 700 Super Six Evo Carbon 3\" \/>\n<meta property=\"og:description\" content=\"Ofrecer a nuestros clientes apasionados por el ciclismo de monta\u00f1a la mejor experiencia en productos, conocimientos especializados y servicios excepcionales. Nos comprometemos a proporcionar una amplia gama de bicicletas, accesorios y equipo de alta calidad, junto con asesoramiento experto y atenci\u00f3n personalizada para cada ciclista, para que puedan explorar, disfrutar y maximizar su aventura en el mundo del MTB\" \/>\n<meta property=\"og:url\" content=\"https:\/\/naturalbikes.cl\/?product=bicicleta-cannondale-700-super-six-evo-carbon-3\" \/>\n<meta property=\"og:site_name\" content=\"NaturalBikes\" \/>\n<meta property=\"article:publisher\" content=\"https:\/\/www.facebook.com\/naturalbikescl\" \/>\n<meta property=\"article:modified_time\" content=\"2026-01-06T20:12:53+00:00\" \/>\n<meta property=\"og:image\" content=\"https:\/\/naturalbikes.cl\/wp-content\/uploads\/2025\/12\/c25_c11502u_supersix_evo_crb_3_ibl_pd_1_1_1_1-1.jpg\" \/>\n\t<meta property=\"og:image:width\" content=\"1200\" \/>\n\t<meta property=\"og:image:height\" content=\"714\" \/>\n\t<meta property=\"og:image:type\" content=\"image\/jpeg\" \/>\n<meta name=\"twitter:card\" content=\"summary_large_image\" \/>\n<meta name=\"twitter:label1\" content=\"Tiempo de lectura\" \/>\n\t<meta name=\"twitter:data1\" content=\"2 minutos\" \/>\n<script type=\"application\/ld+json\" class=\"yoast-schema-graph\">{\"@context\":\"https:\/\/schema.org\",\"@graph\":[{\"@type\":\"WebPage\",\"@id\":\"https:\/\/naturalbikes.cl\/?product=bicicleta-cannondale-700-super-six-evo-carbon-3\",\"url\":\"https:\/\/naturalbikes.cl\/?product=bicicleta-cannondale-700-super-six-evo-carbon-3\",\"name\":\"Cannondale SuperSix EVO Carbon 3 \u2013 Ruta Carbono Ligera\",\"isPartOf\":{\"@id\":\"https:\/\/naturalbikes.cl\/#website\"},\"primaryImageOfPage\":{\"@id\":\"https:\/\/naturalbikes.cl\/?product=bicicleta-cannondale-700-super-six-evo-carbon-3#primaryimage\"},\"image\":{\"@id\":\"https:\/\/naturalbikes.cl\/?product=bicicleta-cannondale-700-super-six-evo-carbon-3#primaryimage\"},\"thumbnailUrl\":\"https:\/\/naturalbikes.cl\/wp-content\/uploads\/2025\/12\/c25_c11502u_supersix_evo_crb_3_ibl_pd_1_1_1_1-1.jpg\",\"datePublished\":\"2025-12-02T17:22:11+00:00\",\"dateModified\":\"2026-01-06T20:12:53+00:00\",\"description\":\"Cannondale SuperSix EVO Carbon 3: bicicleta de ruta en carbono ultraligera, aerodin\u00e1mica, con transmisi\u00f3n Shimano 105 Di2 12v y frenos de disco hidr\u00e1ulicos. Ideal para rutas largas, entrenamiento intenso y competici\u00f3n.\",\"breadcrumb\":{\"@id\":\"https:\/\/naturalbikes.cl\/?product=bicicleta-cannondale-700-super-six-evo-carbon-3#breadcrumb\"},\"inLanguage\":\"es\",\"potentialAction\":[{\"@type\":\"ReadAction\",\"target\":[\"https:\/\/naturalbikes.cl\/?product=bicicleta-cannondale-700-super-six-evo-carbon-3\"]}]},{\"@type\":\"ImageObject\",\"inLanguage\":\"es\",\"@id\":\"https:\/\/naturalbikes.cl\/?product=bicicleta-cannondale-700-super-six-evo-carbon-3#primaryimage\",\"url\":\"https:\/\/naturalbikes.cl\/wp-content\/uploads\/2025\/12\/c25_c11502u_supersix_evo_crb_3_ibl_pd_1_1_1_1-1.jpg\",\"contentUrl\":\"https:\/\/naturalbikes.cl\/wp-content\/uploads\/2025\/12\/c25_c11502u_supersix_evo_crb_3_ibl_pd_1_1_1_1-1.jpg\",\"width\":1200,\"height\":714},{\"@type\":\"BreadcrumbList\",\"@id\":\"https:\/\/naturalbikes.cl\/?product=bicicleta-cannondale-700-super-six-evo-carbon-3#breadcrumb\",\"itemListElement\":[{\"@type\":\"ListItem\",\"position\":1,\"name\":\"Portada\",\"item\":\"https:\/\/naturalbikes.cl\/\"},{\"@type\":\"ListItem\",\"position\":2,\"name\":\"Tienda NB\",\"item\":\"https:\/\/naturalbikes.cl\/?page_id=7843\"},{\"@type\":\"ListItem\",\"position\":3,\"name\":\"Cannondale\",\"item\":\"https:\/\/naturalbikes.cl\/?product_brand=cannondale\"},{\"@type\":\"ListItem\",\"position\":4,\"name\":\"Bicicleta Cannondale 700 Super Six Evo Carbon 3\"}]},{\"@type\":\"WebSite\",\"@id\":\"https:\/\/naturalbikes.cl\/#website\",\"url\":\"https:\/\/naturalbikes.cl\/\",\"name\":\"Natural Bikes\",\"description\":\"Tienda de bicicletas repuestos accesorios taller mantenimiento clases salidas\",\"publisher\":{\"@id\":\"https:\/\/naturalbikes.cl\/#organization\"},\"alternateName\":\"Natural Bikes\",\"potentialAction\":[{\"@type\":\"SearchAction\",\"target\":{\"@type\":\"EntryPoint\",\"urlTemplate\":\"https:\/\/naturalbikes.cl\/?s={search_term_string}\"},\"query-input\":{\"@type\":\"PropertyValueSpecification\",\"valueRequired\":true,\"valueName\":\"search_term_string\"}}],\"inLanguage\":\"es\"},{\"@type\":\"Organization\",\"@id\":\"https:\/\/naturalbikes.cl\/#organization\",\"name\":\"Natural Bikes\",\"alternateName\":\"Natural Bikes\",\"url\":\"https:\/\/naturalbikes.cl\/\",\"logo\":{\"@type\":\"ImageObject\",\"inLanguage\":\"es\",\"@id\":\"https:\/\/naturalbikes.cl\/#\/schema\/logo\/image\/\",\"url\":\"https:\/\/naturalbikes.cl\/wp-content\/uploads\/2024\/05\/2023-10-10-10.44.12.jpg\",\"contentUrl\":\"https:\/\/naturalbikes.cl\/wp-content\/uploads\/2024\/05\/2023-10-10-10.44.12.jpg\",\"width\":650,\"height\":650,\"caption\":\"Natural Bikes\"},\"image\":{\"@id\":\"https:\/\/naturalbikes.cl\/#\/schema\/logo\/image\/\"},\"sameAs\":[\"https:\/\/www.facebook.com\/naturalbikescl\",\"https:\/\/www.instagram.com\/natural.bikes\",\"https:\/\/www.tiktok.com\/@natural.bikes\"],\"description\":\"Ofrecer a nuestros clientes apasionados por el ciclismo de monta\u00f1a la mejor experiencia en productos, conocimientos especializados y servicios excepcionales. Nos comprometemos a proporcionar una amplia gama de bicicletas, accesorios y equipo de alta calidad, junto con asesoramiento experto y atenci\u00f3n personalizada para cada ciclista, para que puedan explorar, disfrutar y maximizar su aventura en el mundo del MTB\",\"email\":\"naturalbikes1@gmail.com\",\"telephone\":\"56977043878\",\"legalName\":\"Natural Bikes Limitada\",\"foundingDate\":\"2024-01-01\",\"vatID\":\"76699553-5\",\"taxID\":\"76699553-5\",\"numberOfEmployees\":{\"@type\":\"QuantitativeValue\",\"minValue\":\"1\",\"maxValue\":\"10\"},\"publishingPrinciples\":\"https:\/\/naturalbikes.cl\/?page_id=7843\",\"ownershipFundingInfo\":\"https:\/\/naturalbikes.cl\/?page_id=7843\",\"actionableFeedbackPolicy\":\"https:\/\/naturalbikes.cl\/?page_id=14797\",\"correctionsPolicy\":\"https:\/\/naturalbikes.cl\/?page_id=3\",\"ethicsPolicy\":\"https:\/\/naturalbikes.cl\/?page_id=7843\",\"diversityPolicy\":\"https:\/\/naturalbikes.cl\/?page_id=11734\",\"diversityStaffingReport\":\"https:\/\/naturalbikes.cl\/?page_id=12161\"}]}<\/script>\n<!-- \/ Yoast SEO Premium plugin. -->","yoast_head_json":{"title":"Cannondale SuperSix EVO Carbon 3 \u2013 Ruta Carbono Ligera","description":"Cannondale SuperSix EVO Carbon 3: bicicleta de ruta en carbono ultraligera, aerodin\u00e1mica, con transmisi\u00f3n Shimano 105 Di2 12v y frenos de disco hidr\u00e1ulicos. Ideal para rutas largas, entrenamiento intenso y competici\u00f3n.","robots":{"index":"index","follow":"follow","max-snippet":"max-snippet:-1","max-image-preview":"max-image-preview:large","max-video-preview":"max-video-preview:-1"},"canonical":"https:\/\/naturalbikes.cl\/?product=bicicleta-cannondale-700-super-six-evo-carbon-3","og_locale":"es_ES","og_type":"article","og_title":"Bicicleta Cannondale 700 Super Six Evo Carbon 3","og_description":"Ofrecer a nuestros clientes apasionados por el ciclismo de monta\u00f1a la mejor experiencia en productos, conocimientos especializados y servicios excepcionales. Nos comprometemos a proporcionar una amplia gama de bicicletas, accesorios y equipo de alta calidad, junto con asesoramiento experto y atenci\u00f3n personalizada para cada ciclista, para que puedan explorar, disfrutar y maximizar su aventura en el mundo del MTB","og_url":"https:\/\/naturalbikes.cl\/?product=bicicleta-cannondale-700-super-six-evo-carbon-3","og_site_name":"NaturalBikes","article_publisher":"https:\/\/www.facebook.com\/naturalbikescl","article_modified_time":"2026-01-06T20:12:53+00:00","og_image":[{"width":1200,"height":714,"url":"https:\/\/naturalbikes.cl\/wp-content\/uploads\/2025\/12\/c25_c11502u_supersix_evo_crb_3_ibl_pd_1_1_1_1-1.jpg","type":"image\/jpeg"}],"twitter_card":"summary_large_image","twitter_misc":{"Tiempo de lectura":"2 minutos"},"schema":{"@context":"https:\/\/schema.org","@graph":[{"@type":"WebPage","@id":"https:\/\/naturalbikes.cl\/?product=bicicleta-cannondale-700-super-six-evo-carbon-3","url":"https:\/\/naturalbikes.cl\/?product=bicicleta-cannondale-700-super-six-evo-carbon-3","name":"Cannondale SuperSix EVO Carbon 3 \u2013 Ruta Carbono Ligera","isPartOf":{"@id":"https:\/\/naturalbikes.cl\/#website"},"primaryImageOfPage":{"@id":"https:\/\/naturalbikes.cl\/?product=bicicleta-cannondale-700-super-six-evo-carbon-3#primaryimage"},"image":{"@id":"https:\/\/naturalbikes.cl\/?product=bicicleta-cannondale-700-super-six-evo-carbon-3#primaryimage"},"thumbnailUrl":"https:\/\/naturalbikes.cl\/wp-content\/uploads\/2025\/12\/c25_c11502u_supersix_evo_crb_3_ibl_pd_1_1_1_1-1.jpg","datePublished":"2025-12-02T17:22:11+00:00","dateModified":"2026-01-06T20:12:53+00:00","description":"Cannondale SuperSix EVO Carbon 3: bicicleta de ruta en carbono ultraligera, aerodin\u00e1mica, con transmisi\u00f3n Shimano 105 Di2 12v y frenos de disco hidr\u00e1ulicos. Ideal para rutas largas, entrenamiento intenso y competici\u00f3n.","breadcrumb":{"@id":"https:\/\/naturalbikes.cl\/?product=bicicleta-cannondale-700-super-six-evo-carbon-3#breadcrumb"},"inLanguage":"es","potentialAction":[{"@type":"ReadAction","target":["https:\/\/naturalbikes.cl\/?product=bicicleta-cannondale-700-super-six-evo-carbon-3"]}]},{"@type":"ImageObject","inLanguage":"es","@id":"https:\/\/naturalbikes.cl\/?product=bicicleta-cannondale-700-super-six-evo-carbon-3#primaryimage","url":"https:\/\/naturalbikes.cl\/wp-content\/uploads\/2025\/12\/c25_c11502u_supersix_evo_crb_3_ibl_pd_1_1_1_1-1.jpg","contentUrl":"https:\/\/naturalbikes.cl\/wp-content\/uploads\/2025\/12\/c25_c11502u_supersix_evo_crb_3_ibl_pd_1_1_1_1-1.jpg","width":1200,"height":714},{"@type":"BreadcrumbList","@id":"https:\/\/naturalbikes.cl\/?product=bicicleta-cannondale-700-super-six-evo-carbon-3#breadcrumb","itemListElement":[{"@type":"ListItem","position":1,"name":"Portada","item":"https:\/\/naturalbikes.cl\/"},{"@type":"ListItem","position":2,"name":"Tienda NB","item":"https:\/\/naturalbikes.cl\/?page_id=7843"},{"@type":"ListItem","position":3,"name":"Cannondale","item":"https:\/\/naturalbikes.cl\/?product_brand=cannondale"},{"@type":"ListItem","position":4,"name":"Bicicleta Cannondale 700 Super Six Evo Carbon 3"}]},{"@type":"WebSite","@id":"https:\/\/naturalbikes.cl\/#website","url":"https:\/\/naturalbikes.cl\/","name":"Natural Bikes","description":"Tienda de bicicletas repuestos accesorios taller mantenimiento clases salidas","publisher":{"@id":"https:\/\/naturalbikes.cl\/#organization"},"alternateName":"Natural Bikes","potentialAction":[{"@type":"SearchAction","target":{"@type":"EntryPoint","urlTemplate":"https:\/\/naturalbikes.cl\/?s={search_term_string}"},"query-input":{"@type":"PropertyValueSpecification","valueRequired":true,"valueName":"search_term_string"}}],"inLanguage":"es"},{"@type":"Organization","@id":"https:\/\/naturalbikes.cl\/#organization","name":"Natural Bikes","alternateName":"Natural Bikes","url":"https:\/\/naturalbikes.cl\/","logo":{"@type":"ImageObject","inLanguage":"es","@id":"https:\/\/naturalbikes.cl\/#\/schema\/logo\/image\/","url":"https:\/\/naturalbikes.cl\/wp-content\/uploads\/2024\/05\/2023-10-10-10.44.12.jpg","contentUrl":"https:\/\/naturalbikes.cl\/wp-content\/uploads\/2024\/05\/2023-10-10-10.44.12.jpg","width":650,"height":650,"caption":"Natural Bikes"},"image":{"@id":"https:\/\/naturalbikes.cl\/#\/schema\/logo\/image\/"},"sameAs":["https:\/\/www.facebook.com\/naturalbikescl","https:\/\/www.instagram.com\/natural.bikes","https:\/\/www.tiktok.com\/@natural.bikes"],"description":"Ofrecer a nuestros clientes apasionados por el ciclismo de monta\u00f1a la mejor experiencia en productos, conocimientos especializados y servicios excepcionales. Nos comprometemos a proporcionar una amplia gama de bicicletas, accesorios y equipo de alta calidad, junto con asesoramiento experto y atenci\u00f3n personalizada para cada ciclista, para que puedan explorar, disfrutar y maximizar su aventura en el mundo del MTB","email":"naturalbikes1@gmail.com","telephone":"56977043878","legalName":"Natural Bikes Limitada","foundingDate":"2024-01-01","vatID":"76699553-5","taxID":"76699553-5","numberOfEmployees":{"@type":"QuantitativeValue","minValue":"1","maxValue":"10"},"publishingPrinciples":"https:\/\/naturalbikes.cl\/?page_id=7843","ownershipFundingInfo":"https:\/\/naturalbikes.cl\/?page_id=7843","actionableFeedbackPolicy":"https:\/\/naturalbikes.cl\/?page_id=14797","correctionsPolicy":"https:\/\/naturalbikes.cl\/?page_id=3","ethicsPolicy":"https:\/\/naturalbikes.cl\/?page_id=7843","diversityPolicy":"https:\/\/naturalbikes.cl\/?page_id=11734","diversityStaffingReport":"https:\/\/naturalbikes.cl\/?page_id=12161"}]}},"_links":{"self":[{"href":"https:\/\/naturalbikes.cl\/index.php?rest_route=\/wp\/v2\/product\/23198"}],"collection":[{"href":"https:\/\/naturalbikes.cl\/index.php?rest_route=\/wp\/v2\/product"}],"about":[{"href":"https:\/\/naturalbikes.cl\/index.php?rest_route=\/wp\/v2\/types\/product"}],"replies":[{"embeddable":true,"href":"https:\/\/naturalbikes.cl\/index.php?rest_route=%2Fwp%2Fv2%2Fcomments&post=23198"}],"wp:featuredmedia":[{"embeddable":true,"href":"https:\/\/naturalbikes.cl\/index.php?rest_route=\/wp\/v2\/media\/23203"}],"wp:attachment":[{"href":"https:\/\/naturalbikes.cl\/index.php?rest_route=%2Fwp%2Fv2%2Fmedia&parent=23198"}],"wp:term":[{"taxonomy":"product_cat","embeddable":true,"href":"https:\/\/naturalbikes.cl\/index.php?rest_route=%2Fwp%2Fv2%2Fproduct_cat&post=23198"},{"taxonomy":"product_tag","embeddable":true,"href":"https:\/\/naturalbikes.cl\/index.php?rest_route=%2Fwp%2Fv2%2Fproduct_tag&post=23198"}],"curies":[{"name":"wp","href":"https:\/\/api.w.org\/{rel}","templated":true}]}}