{"id":23158,"date":"2025-12-02T12:27:04","date_gmt":"2025-12-02T15:27:04","guid":{"rendered":"https:\/\/naturalbikes.cl\/?post_type=product&#038;p=23158"},"modified":"2026-01-06T17:12:49","modified_gmt":"2026-01-06T20:12:49","slug":"cube-agree-c62-pro-polarlightnaquagreen","status":"publish","type":"product","link":"https:\/\/naturalbikes.cl\/?product=cube-agree-c62-pro-polarlightnaquagreen","title":{"rendered":"Bicicleta Cube Agree C:62 Pro polarlight\u00b4n\u00b4aquagreen"},"content":{"rendered":"<p data-start=\"923\" data-end=\"1275\">La <strong data-start=\"926\" data-end=\"972\">Cube Agree C:62 Pro Polarlight\u2019n\u2019Aquagreen<\/strong> combina aerodin\u00e1mica de competici\u00f3n, comportamiento ligero y comodidad duradera para quienes buscan rendimiento real en carretera. Su cuadro de carbono <strong data-start=\"1125\" data-end=\"1138\">C:62 Aero<\/strong> optimiza el flujo del viento y mejora la eficiencia con cada pedalada, ideal para entrenamientos intensos, carreras y largas distancias.<\/p>\n<p data-start=\"1277\" data-end=\"1623\">Equipada con <strong data-start=\"1290\" data-end=\"1321\">Shimano 105 Di2 electr\u00f3nico<\/strong>, esta bicicleta ofrece cambios r\u00e1pidos, precisos y sin esfuerzo. Sus <strong data-start=\"1391\" data-end=\"1422\">frenos hidr\u00e1ulicos de disco<\/strong> garantizan control y potencia de frenado bajo cualquier condici\u00f3n. La geometr\u00eda performance mantiene una postura eficiente sin sacrificar confort, permitiendo mantener alta velocidad con menor fatiga.<\/p>\n<p data-start=\"1625\" data-end=\"1750\">Su dise\u00f1o <strong data-start=\"1635\" data-end=\"1661\">Polarlight\u2019n\u2019Aquagreen<\/strong> aporta un look moderno y elegante que combina perfectamente con su car\u00e1cter competitivo.<\/p>\n<h3 data-start=\"1752\" data-end=\"1786\"><strong data-start=\"1756\" data-end=\"1786\">Caracter\u00edsticas destacadas<\/strong><\/h3>\n<ul data-start=\"1787\" data-end=\"2140\">\n<li data-start=\"1787\" data-end=\"1838\">\n<p data-start=\"1789\" data-end=\"1838\">Cuadro <strong data-start=\"1796\" data-end=\"1811\">C:62 Carbon<\/strong> con dise\u00f1o aero optimizado<\/p>\n<\/li>\n<li data-start=\"1839\" data-end=\"1899\">\n<p data-start=\"1841\" data-end=\"1899\"><strong data-start=\"1841\" data-end=\"1872\">Shimano 105 Di2 electr\u00f3nico<\/strong> para cambios ultrarr\u00e1pidos<\/p>\n<\/li>\n<li data-start=\"1900\" data-end=\"1949\">\n<p data-start=\"1902\" data-end=\"1949\">Frenos de disco hidr\u00e1ulicos potentes y precisos<\/p>\n<\/li>\n<li data-start=\"1950\" data-end=\"2021\">\n<p data-start=\"1952\" data-end=\"2021\">Geometr\u00eda performance para velocidad y comodidad en largas distancias<\/p>\n<\/li>\n<li data-start=\"2022\" data-end=\"2073\">\n<p data-start=\"2024\" data-end=\"2073\">Ruedas r\u00e1pidas y estables para m\u00e1ximo rendimiento<\/p>\n<\/li>\n<li data-start=\"2074\" data-end=\"2140\">\n<p data-start=\"2076\" data-end=\"2140\">Dise\u00f1o premium <strong data-start=\"2091\" data-end=\"2117\">Polarlight\u2019n\u2019Aquagreen<\/strong> de alto impacto visual<\/p>\n<\/li>\n<\/ul>\n<p data-start=\"2142\" data-end=\"2334\"><strong data-start=\"2142\" data-end=\"2334\">Una bicicleta pensada para ciclistas que buscan velocidad y eficiencia sin comprometer la comodidad. Perfecta para entrenamientos avanzados, triatl\u00f3n, ciclismo competitivo y fondos \u00e9picos.<\/strong><\/p>\n","protected":false},"excerpt":{"rendered":"<p data-start=\"619\" data-end=\"888\"><strong><img decoding=\"async\" class=\"\" src=\"https:\/\/upload.wikimedia.org\/wikipedia\/commons\/thumb\/e\/e2\/CUBE_Logo_neu.svg\/960px-CUBE_Logo_neu.svg.png?20161010194024\" srcset=\"https:\/\/upload.wikimedia.org\/wikipedia\/commons\/thumb\/e\/e2\/CUBE_Logo_neu.svg\/1152px-CUBE_Logo_neu.svg.png?20161010194024 1.5x, https:\/\/upload.wikimedia.org\/wikipedia\/commons\/thumb\/e\/e2\/CUBE_Logo_neu.svg\/1536px-CUBE_Logo_neu.svg.png?20161010194024 2x\" alt=\"File:CUBE Logo neu.svg\" width=\"101\" height=\"26\" data-file-width=\"768\" data-file-height=\"197\" \/>La Cube Agree C:62 Pro Polarlight\u2019n\u2019Aquagreen es una bicicleta aero de carbono dise\u00f1ada para m\u00e1ximo rendimiento en carretera. Con Shimano 105 Di2, frenos de disco y construcci\u00f3n aerodin\u00e1mica, ofrece velocidad, precisi\u00f3n y comodidad para competici\u00f3n y fondos largos.<\/strong><\/p>\n","protected":false},"featured_media":23161,"comment_status":"open","ping_status":"closed","template":"","meta":[],"product_cat":[894,204,195,890],"product_tag":[814,1567,826],"class_list":{"0":"post-23158","1":"product","2":"type-product","3":"status-publish","4":"has-post-thumbnail","6":"product_brand-cube","7":"product_cat-agree-c62-cube-bicicleta-ruta","8":"product_cat-bicicleta-ruta","9":"product_cat-bicicletas","10":"product_cat-cube-bicicleta-ruta","11":"product_tag-cube","12":"product_tag-cube-agree-c62-pro","13":"product_tag-ruta","15":"first","16":"outofstock","17":"taxable","18":"shipping-taxable","19":"purchasable","20":"product-type-variable","21":"rtwpvg-product"},"yoast_head":"<!-- This site is optimized with the Yoast SEO Premium plugin v24.8 (Yoast SEO v25.6) - https:\/\/yoast.com\/wordpress\/plugins\/seo\/ -->\n<title>Cube Agree C:62 Pro Polarlight\u2019n\u2019Aquagreen | Bicicleta de Ruta<\/title>\n<meta name=\"description\" content=\"La Cube Agree C:62 Pro Polarlight\u2019n\u2019Aquagreen es una bicicleta de ruta aero de carbono dise\u00f1ada para velocidad, eficiencia y largas distancias. Montada con Shimano 105 Di2 y frenos hidr\u00e1ulicos. Rendimiento profesional con confort superior. \u00a1Siente la velocidad pura!\" \/>\n<meta name=\"robots\" content=\"index, follow, max-snippet:-1, max-image-preview:large, max-video-preview:-1\" \/>\n<link rel=\"canonical\" href=\"https:\/\/naturalbikes.cl\/?product=cube-agree-c62-pro-polarlightnaquagreen\" \/>\n<meta property=\"og:locale\" content=\"es_ES\" \/>\n<meta property=\"og:type\" content=\"article\" \/>\n<meta property=\"og:title\" content=\"Bicicleta Cube Agree C:62 Pro polarlight\u00b4n\u00b4aquagreen\" \/>\n<meta property=\"og:description\" content=\"Ofrecer a nuestros clientes apasionados por el ciclismo de monta\u00f1a la mejor experiencia en productos, conocimientos especializados y servicios excepcionales. Nos comprometemos a proporcionar una amplia gama de bicicletas, accesorios y equipo de alta calidad, junto con asesoramiento experto y atenci\u00f3n personalizada para cada ciclista, para que puedan explorar, disfrutar y maximizar su aventura en el mundo del MTB\" \/>\n<meta property=\"og:url\" content=\"https:\/\/naturalbikes.cl\/?product=cube-agree-c62-pro-polarlightnaquagreen\" \/>\n<meta property=\"og:site_name\" content=\"NaturalBikes\" \/>\n<meta property=\"article:publisher\" content=\"https:\/\/www.facebook.com\/naturalbikescl\" \/>\n<meta property=\"article:modified_time\" content=\"2026-01-06T20:12:49+00:00\" \/>\n<meta property=\"og:image\" content=\"https:\/\/naturalbikes.cl\/wp-content\/uploads\/2025\/12\/826210_360V_01.webp\" \/>\n\t<meta property=\"og:image:width\" content=\"1920\" \/>\n\t<meta property=\"og:image:height\" content=\"1169\" \/>\n\t<meta property=\"og:image:type\" content=\"image\/webp\" \/>\n<meta name=\"twitter:card\" content=\"summary_large_image\" \/>\n<meta name=\"twitter:label1\" content=\"Tiempo de lectura\" \/>\n\t<meta name=\"twitter:data1\" content=\"2 minutos\" \/>\n<script type=\"application\/ld+json\" class=\"yoast-schema-graph\">{\"@context\":\"https:\/\/schema.org\",\"@graph\":[{\"@type\":\"WebPage\",\"@id\":\"https:\/\/naturalbikes.cl\/?product=cube-agree-c62-pro-polarlightnaquagreen\",\"url\":\"https:\/\/naturalbikes.cl\/?product=cube-agree-c62-pro-polarlightnaquagreen\",\"name\":\"Cube Agree C:62 Pro Polarlight\u2019n\u2019Aquagreen | Bicicleta de Ruta\",\"isPartOf\":{\"@id\":\"https:\/\/naturalbikes.cl\/#website\"},\"primaryImageOfPage\":{\"@id\":\"https:\/\/naturalbikes.cl\/?product=cube-agree-c62-pro-polarlightnaquagreen#primaryimage\"},\"image\":{\"@id\":\"https:\/\/naturalbikes.cl\/?product=cube-agree-c62-pro-polarlightnaquagreen#primaryimage\"},\"thumbnailUrl\":\"https:\/\/naturalbikes.cl\/wp-content\/uploads\/2025\/12\/826210_360V_01.webp\",\"datePublished\":\"2025-12-02T15:27:04+00:00\",\"dateModified\":\"2026-01-06T20:12:49+00:00\",\"description\":\"La Cube Agree C:62 Pro Polarlight\u2019n\u2019Aquagreen es una bicicleta de ruta aero de carbono dise\u00f1ada para velocidad, eficiencia y largas distancias. Montada con Shimano 105 Di2 y frenos hidr\u00e1ulicos. Rendimiento profesional con confort superior. \u00a1Siente la velocidad pura!\",\"breadcrumb\":{\"@id\":\"https:\/\/naturalbikes.cl\/?product=cube-agree-c62-pro-polarlightnaquagreen#breadcrumb\"},\"inLanguage\":\"es\",\"potentialAction\":[{\"@type\":\"ReadAction\",\"target\":[\"https:\/\/naturalbikes.cl\/?product=cube-agree-c62-pro-polarlightnaquagreen\"]}]},{\"@type\":\"ImageObject\",\"inLanguage\":\"es\",\"@id\":\"https:\/\/naturalbikes.cl\/?product=cube-agree-c62-pro-polarlightnaquagreen#primaryimage\",\"url\":\"https:\/\/naturalbikes.cl\/wp-content\/uploads\/2025\/12\/826210_360V_01.webp\",\"contentUrl\":\"https:\/\/naturalbikes.cl\/wp-content\/uploads\/2025\/12\/826210_360V_01.webp\",\"width\":1920,\"height\":1169},{\"@type\":\"BreadcrumbList\",\"@id\":\"https:\/\/naturalbikes.cl\/?product=cube-agree-c62-pro-polarlightnaquagreen#breadcrumb\",\"itemListElement\":[{\"@type\":\"ListItem\",\"position\":1,\"name\":\"Portada\",\"item\":\"https:\/\/naturalbikes.cl\/\"},{\"@type\":\"ListItem\",\"position\":2,\"name\":\"Tienda NB\",\"item\":\"https:\/\/naturalbikes.cl\/?page_id=7843\"},{\"@type\":\"ListItem\",\"position\":3,\"name\":\"Cube\",\"item\":\"https:\/\/naturalbikes.cl\/?product_brand=cube\"},{\"@type\":\"ListItem\",\"position\":4,\"name\":\"Bicicleta Cube Agree C:62 Pro polarlight\u00b4n\u00b4aquagreen\"}]},{\"@type\":\"WebSite\",\"@id\":\"https:\/\/naturalbikes.cl\/#website\",\"url\":\"https:\/\/naturalbikes.cl\/\",\"name\":\"Natural Bikes\",\"description\":\"Tienda de bicicletas repuestos accesorios taller mantenimiento clases salidas\",\"publisher\":{\"@id\":\"https:\/\/naturalbikes.cl\/#organization\"},\"alternateName\":\"Natural Bikes\",\"potentialAction\":[{\"@type\":\"SearchAction\",\"target\":{\"@type\":\"EntryPoint\",\"urlTemplate\":\"https:\/\/naturalbikes.cl\/?s={search_term_string}\"},\"query-input\":{\"@type\":\"PropertyValueSpecification\",\"valueRequired\":true,\"valueName\":\"search_term_string\"}}],\"inLanguage\":\"es\"},{\"@type\":\"Organization\",\"@id\":\"https:\/\/naturalbikes.cl\/#organization\",\"name\":\"Natural Bikes\",\"alternateName\":\"Natural Bikes\",\"url\":\"https:\/\/naturalbikes.cl\/\",\"logo\":{\"@type\":\"ImageObject\",\"inLanguage\":\"es\",\"@id\":\"https:\/\/naturalbikes.cl\/#\/schema\/logo\/image\/\",\"url\":\"https:\/\/naturalbikes.cl\/wp-content\/uploads\/2024\/05\/2023-10-10-10.44.12.jpg\",\"contentUrl\":\"https:\/\/naturalbikes.cl\/wp-content\/uploads\/2024\/05\/2023-10-10-10.44.12.jpg\",\"width\":650,\"height\":650,\"caption\":\"Natural Bikes\"},\"image\":{\"@id\":\"https:\/\/naturalbikes.cl\/#\/schema\/logo\/image\/\"},\"sameAs\":[\"https:\/\/www.facebook.com\/naturalbikescl\",\"https:\/\/www.instagram.com\/natural.bikes\",\"https:\/\/www.tiktok.com\/@natural.bikes\"],\"description\":\"Ofrecer a nuestros clientes apasionados por el ciclismo de monta\u00f1a la mejor experiencia en productos, conocimientos especializados y servicios excepcionales. Nos comprometemos a proporcionar una amplia gama de bicicletas, accesorios y equipo de alta calidad, junto con asesoramiento experto y atenci\u00f3n personalizada para cada ciclista, para que puedan explorar, disfrutar y maximizar su aventura en el mundo del MTB\",\"email\":\"naturalbikes1@gmail.com\",\"telephone\":\"56977043878\",\"legalName\":\"Natural Bikes Limitada\",\"foundingDate\":\"2024-01-01\",\"vatID\":\"76699553-5\",\"taxID\":\"76699553-5\",\"numberOfEmployees\":{\"@type\":\"QuantitativeValue\",\"minValue\":\"1\",\"maxValue\":\"10\"},\"publishingPrinciples\":\"https:\/\/naturalbikes.cl\/?page_id=7843\",\"ownershipFundingInfo\":\"https:\/\/naturalbikes.cl\/?page_id=7843\",\"actionableFeedbackPolicy\":\"https:\/\/naturalbikes.cl\/?page_id=14797\",\"correctionsPolicy\":\"https:\/\/naturalbikes.cl\/?page_id=3\",\"ethicsPolicy\":\"https:\/\/naturalbikes.cl\/?page_id=7843\",\"diversityPolicy\":\"https:\/\/naturalbikes.cl\/?page_id=11734\",\"diversityStaffingReport\":\"https:\/\/naturalbikes.cl\/?page_id=12161\"}]}<\/script>\n<!-- \/ Yoast SEO Premium plugin. -->","yoast_head_json":{"title":"Cube Agree C:62 Pro Polarlight\u2019n\u2019Aquagreen | Bicicleta de Ruta","description":"La Cube Agree C:62 Pro Polarlight\u2019n\u2019Aquagreen es una bicicleta de ruta aero de carbono dise\u00f1ada para velocidad, eficiencia y largas distancias. Montada con Shimano 105 Di2 y frenos hidr\u00e1ulicos. Rendimiento profesional con confort superior. \u00a1Siente la velocidad pura!","robots":{"index":"index","follow":"follow","max-snippet":"max-snippet:-1","max-image-preview":"max-image-preview:large","max-video-preview":"max-video-preview:-1"},"canonical":"https:\/\/naturalbikes.cl\/?product=cube-agree-c62-pro-polarlightnaquagreen","og_locale":"es_ES","og_type":"article","og_title":"Bicicleta Cube Agree C:62 Pro polarlight\u00b4n\u00b4aquagreen","og_description":"Ofrecer a nuestros clientes apasionados por el ciclismo de monta\u00f1a la mejor experiencia en productos, conocimientos especializados y servicios excepcionales. Nos comprometemos a proporcionar una amplia gama de bicicletas, accesorios y equipo de alta calidad, junto con asesoramiento experto y atenci\u00f3n personalizada para cada ciclista, para que puedan explorar, disfrutar y maximizar su aventura en el mundo del MTB","og_url":"https:\/\/naturalbikes.cl\/?product=cube-agree-c62-pro-polarlightnaquagreen","og_site_name":"NaturalBikes","article_publisher":"https:\/\/www.facebook.com\/naturalbikescl","article_modified_time":"2026-01-06T20:12:49+00:00","og_image":[{"width":1920,"height":1169,"url":"https:\/\/naturalbikes.cl\/wp-content\/uploads\/2025\/12\/826210_360V_01.webp","type":"image\/webp"}],"twitter_card":"summary_large_image","twitter_misc":{"Tiempo de lectura":"2 minutos"},"schema":{"@context":"https:\/\/schema.org","@graph":[{"@type":"WebPage","@id":"https:\/\/naturalbikes.cl\/?product=cube-agree-c62-pro-polarlightnaquagreen","url":"https:\/\/naturalbikes.cl\/?product=cube-agree-c62-pro-polarlightnaquagreen","name":"Cube Agree C:62 Pro Polarlight\u2019n\u2019Aquagreen | Bicicleta de Ruta","isPartOf":{"@id":"https:\/\/naturalbikes.cl\/#website"},"primaryImageOfPage":{"@id":"https:\/\/naturalbikes.cl\/?product=cube-agree-c62-pro-polarlightnaquagreen#primaryimage"},"image":{"@id":"https:\/\/naturalbikes.cl\/?product=cube-agree-c62-pro-polarlightnaquagreen#primaryimage"},"thumbnailUrl":"https:\/\/naturalbikes.cl\/wp-content\/uploads\/2025\/12\/826210_360V_01.webp","datePublished":"2025-12-02T15:27:04+00:00","dateModified":"2026-01-06T20:12:49+00:00","description":"La Cube Agree C:62 Pro Polarlight\u2019n\u2019Aquagreen es una bicicleta de ruta aero de carbono dise\u00f1ada para velocidad, eficiencia y largas distancias. Montada con Shimano 105 Di2 y frenos hidr\u00e1ulicos. Rendimiento profesional con confort superior. \u00a1Siente la velocidad pura!","breadcrumb":{"@id":"https:\/\/naturalbikes.cl\/?product=cube-agree-c62-pro-polarlightnaquagreen#breadcrumb"},"inLanguage":"es","potentialAction":[{"@type":"ReadAction","target":["https:\/\/naturalbikes.cl\/?product=cube-agree-c62-pro-polarlightnaquagreen"]}]},{"@type":"ImageObject","inLanguage":"es","@id":"https:\/\/naturalbikes.cl\/?product=cube-agree-c62-pro-polarlightnaquagreen#primaryimage","url":"https:\/\/naturalbikes.cl\/wp-content\/uploads\/2025\/12\/826210_360V_01.webp","contentUrl":"https:\/\/naturalbikes.cl\/wp-content\/uploads\/2025\/12\/826210_360V_01.webp","width":1920,"height":1169},{"@type":"BreadcrumbList","@id":"https:\/\/naturalbikes.cl\/?product=cube-agree-c62-pro-polarlightnaquagreen#breadcrumb","itemListElement":[{"@type":"ListItem","position":1,"name":"Portada","item":"https:\/\/naturalbikes.cl\/"},{"@type":"ListItem","position":2,"name":"Tienda NB","item":"https:\/\/naturalbikes.cl\/?page_id=7843"},{"@type":"ListItem","position":3,"name":"Cube","item":"https:\/\/naturalbikes.cl\/?product_brand=cube"},{"@type":"ListItem","position":4,"name":"Bicicleta Cube Agree C:62 Pro polarlight\u00b4n\u00b4aquagreen"}]},{"@type":"WebSite","@id":"https:\/\/naturalbikes.cl\/#website","url":"https:\/\/naturalbikes.cl\/","name":"Natural Bikes","description":"Tienda de bicicletas repuestos accesorios taller mantenimiento clases salidas","publisher":{"@id":"https:\/\/naturalbikes.cl\/#organization"},"alternateName":"Natural Bikes","potentialAction":[{"@type":"SearchAction","target":{"@type":"EntryPoint","urlTemplate":"https:\/\/naturalbikes.cl\/?s={search_term_string}"},"query-input":{"@type":"PropertyValueSpecification","valueRequired":true,"valueName":"search_term_string"}}],"inLanguage":"es"},{"@type":"Organization","@id":"https:\/\/naturalbikes.cl\/#organization","name":"Natural Bikes","alternateName":"Natural Bikes","url":"https:\/\/naturalbikes.cl\/","logo":{"@type":"ImageObject","inLanguage":"es","@id":"https:\/\/naturalbikes.cl\/#\/schema\/logo\/image\/","url":"https:\/\/naturalbikes.cl\/wp-content\/uploads\/2024\/05\/2023-10-10-10.44.12.jpg","contentUrl":"https:\/\/naturalbikes.cl\/wp-content\/uploads\/2024\/05\/2023-10-10-10.44.12.jpg","width":650,"height":650,"caption":"Natural Bikes"},"image":{"@id":"https:\/\/naturalbikes.cl\/#\/schema\/logo\/image\/"},"sameAs":["https:\/\/www.facebook.com\/naturalbikescl","https:\/\/www.instagram.com\/natural.bikes","https:\/\/www.tiktok.com\/@natural.bikes"],"description":"Ofrecer a nuestros clientes apasionados por el ciclismo de monta\u00f1a la mejor experiencia en productos, conocimientos especializados y servicios excepcionales. Nos comprometemos a proporcionar una amplia gama de bicicletas, accesorios y equipo de alta calidad, junto con asesoramiento experto y atenci\u00f3n personalizada para cada ciclista, para que puedan explorar, disfrutar y maximizar su aventura en el mundo del MTB","email":"naturalbikes1@gmail.com","telephone":"56977043878","legalName":"Natural Bikes Limitada","foundingDate":"2024-01-01","vatID":"76699553-5","taxID":"76699553-5","numberOfEmployees":{"@type":"QuantitativeValue","minValue":"1","maxValue":"10"},"publishingPrinciples":"https:\/\/naturalbikes.cl\/?page_id=7843","ownershipFundingInfo":"https:\/\/naturalbikes.cl\/?page_id=7843","actionableFeedbackPolicy":"https:\/\/naturalbikes.cl\/?page_id=14797","correctionsPolicy":"https:\/\/naturalbikes.cl\/?page_id=3","ethicsPolicy":"https:\/\/naturalbikes.cl\/?page_id=7843","diversityPolicy":"https:\/\/naturalbikes.cl\/?page_id=11734","diversityStaffingReport":"https:\/\/naturalbikes.cl\/?page_id=12161"}]}},"_links":{"self":[{"href":"https:\/\/naturalbikes.cl\/index.php?rest_route=\/wp\/v2\/product\/23158"}],"collection":[{"href":"https:\/\/naturalbikes.cl\/index.php?rest_route=\/wp\/v2\/product"}],"about":[{"href":"https:\/\/naturalbikes.cl\/index.php?rest_route=\/wp\/v2\/types\/product"}],"replies":[{"embeddable":true,"href":"https:\/\/naturalbikes.cl\/index.php?rest_route=%2Fwp%2Fv2%2Fcomments&post=23158"}],"wp:featuredmedia":[{"embeddable":true,"href":"https:\/\/naturalbikes.cl\/index.php?rest_route=\/wp\/v2\/media\/23161"}],"wp:attachment":[{"href":"https:\/\/naturalbikes.cl\/index.php?rest_route=%2Fwp%2Fv2%2Fmedia&parent=23158"}],"wp:term":[{"taxonomy":"product_cat","embeddable":true,"href":"https:\/\/naturalbikes.cl\/index.php?rest_route=%2Fwp%2Fv2%2Fproduct_cat&post=23158"},{"taxonomy":"product_tag","embeddable":true,"href":"https:\/\/naturalbikes.cl\/index.php?rest_route=%2Fwp%2Fv2%2Fproduct_tag&post=23158"}],"curies":[{"name":"wp","href":"https:\/\/api.w.org\/{rel}","templated":true}]}}