{"id":23105,"date":"2025-12-02T11:15:31","date_gmt":"2025-12-02T14:15:31","guid":{"rendered":"https:\/\/naturalbikes.cl\/?post_type=product&#038;p=23105"},"modified":"2026-01-06T17:12:46","modified_gmt":"2026-01-06T20:12:46","slug":"cube-editor-hybrid-pro-400x-blacknspectral","status":"publish","type":"product","link":"https:\/\/naturalbikes.cl\/?product=cube-editor-hybrid-pro-400x-blacknspectral","title":{"rendered":"Bicicleta Cube Editor Hybrid Pro 400X black\u00b4n\u00b4spectral"},"content":{"rendered":"<p data-start=\"910\" data-end=\"1241\">La <strong data-start=\"913\" data-end=\"961\">Cube Editor Hybrid Pro 400X Black\u2019n\u2019Spectral<\/strong> es la compa\u00f1era ideal para moverse por la ciudad con rapidez, estilo y cero estr\u00e9s. Su motor <strong data-start=\"1055\" data-end=\"1081\">Bosch Performance Line<\/strong> ofrece una asistencia potente y natural, mientras que la bater\u00eda <strong data-start=\"1147\" data-end=\"1156\">400Wh<\/strong> proporciona una autonom\u00eda ideal para trayectos diarios y rutas urbanas extendidas.<\/p>\n<p data-start=\"1243\" data-end=\"1490\">Construida con un <strong data-start=\"1261\" data-end=\"1298\">cuadro de carbono ligero y r\u00edgido<\/strong>, esta e-bike garantiza un manejo \u00e1gil, c\u00f3modo y eficiente. Su transmisi\u00f3n confiable y su sistema de frenos hidr\u00e1ulicos aseguran una experiencia de conducci\u00f3n precisa y segura en todo momento.<\/p>\n<p data-start=\"1492\" data-end=\"1684\">Con un dise\u00f1o moderno y minimalista y detalles pensados para la vida urbana, la Cube Editor Hybrid Pro 400X es la elecci\u00f3n perfecta para quienes buscan rendimiento y elegancia sin compromisos.<\/p>\n<p data-start=\"1686\" data-end=\"1716\"><strong data-start=\"1686\" data-end=\"1716\">Caracter\u00edsticas destacadas<\/strong><\/p>\n<ul data-start=\"1717\" data-end=\"1918\">\n<li data-start=\"1717\" data-end=\"1751\">\n<p data-start=\"1719\" data-end=\"1751\">Motor <strong data-start=\"1725\" data-end=\"1751\">Bosch Performance Line<\/strong><\/p>\n<\/li>\n<li data-start=\"1752\" data-end=\"1781\">\n<p data-start=\"1754\" data-end=\"1781\">Bater\u00eda <strong data-start=\"1762\" data-end=\"1771\">400Wh<\/strong> integrada<\/p>\n<\/li>\n<li data-start=\"1782\" data-end=\"1826\">\n<p data-start=\"1784\" data-end=\"1826\">Dise\u00f1o urbano premium <strong data-start=\"1806\" data-end=\"1826\">Black\u2019n\u2019Spectral<\/strong><\/p>\n<\/li>\n<li data-start=\"1827\" data-end=\"1869\">\n<p data-start=\"1829\" data-end=\"1869\">Conducci\u00f3n suave, silenciosa y eficiente<\/p>\n<\/li>\n<li data-start=\"1870\" data-end=\"1918\">\n<p data-start=\"1872\" data-end=\"1918\">Ideal para commuting y movilidad urbana diaria<\/p>\n<\/li>\n<\/ul>\n<p data-start=\"1920\" data-end=\"2024\"><strong data-start=\"1920\" data-end=\"2024\">Perfecta para quienes buscan velocidad, comodidad y una est\u00e9tica moderna para moverse por la ciudad.<\/strong><\/p>\n","protected":false},"excerpt":{"rendered":"<p data-start=\"599\" data-end=\"878\"><strong><img decoding=\"async\" class=\"\" src=\"https:\/\/upload.wikimedia.org\/wikipedia\/commons\/thumb\/e\/e2\/CUBE_Logo_neu.svg\/960px-CUBE_Logo_neu.svg.png?20161010194024\" srcset=\"https:\/\/upload.wikimedia.org\/wikipedia\/commons\/thumb\/e\/e2\/CUBE_Logo_neu.svg\/1152px-CUBE_Logo_neu.svg.png?20161010194024 1.5x, https:\/\/upload.wikimedia.org\/wikipedia\/commons\/thumb\/e\/e2\/CUBE_Logo_neu.svg\/1536px-CUBE_Logo_neu.svg.png?20161010194024 2x\" alt=\"File:CUBE Logo neu.svg\" width=\"101\" height=\"26\" data-file-width=\"768\" data-file-height=\"197\" \/>La Cube Editor Hybrid Pro 400X es una bicicleta el\u00e9ctrica urbana dise\u00f1ada para desplazamientos r\u00e1pidos y eficientes. Con motor Bosch Performance Line, bater\u00eda 400Wh y un dise\u00f1o minimalista en color Black\u2019n\u2019Spectral, ofrece una conducci\u00f3n suave, c\u00f3moda y segura en ciudad.<\/strong><\/p>\n","protected":false},"featured_media":23107,"comment_status":"open","ping_status":"closed","template":"","meta":[],"product_cat":[201,195,811],"product_tag":[1577,814,815],"class_list":{"0":"post-23105","1":"product","2":"type-product","3":"status-publish","4":"has-post-thumbnail","6":"product_brand-cube","7":"product_cat-bicicleta-electrica","8":"product_cat-bicicletas","9":"product_cat-cube","10":"product_tag-bicicleta-cube-editor-hybrid-pro-400x-blacknspectral","11":"product_tag-cube","12":"product_tag-ebike","14":"first","15":"instock","16":"taxable","17":"shipping-taxable","18":"purchasable","19":"product-type-variable","20":"rtwpvg-product"},"yoast_head":"<!-- This site is optimized with the Yoast SEO Premium plugin v24.8 (Yoast SEO v25.6) - https:\/\/yoast.com\/wordpress\/plugins\/seo\/ -->\n<title>Cube Editor Hybrid Pro 400X Black\u2019n\u2019Spectral | E-Bike<\/title>\n<meta name=\"description\" content=\"Cube Editor Hybrid Pro 400X Black\u2019n\u2019Spectral, una e-bike urbana ligera, elegante y potente ideal para desplazamientos diarios. Motor Bosch Performance Line, bater\u00eda 400Wh, transmisi\u00f3n suave y dise\u00f1o minimalista.\" \/>\n<meta name=\"robots\" content=\"index, follow, max-snippet:-1, max-image-preview:large, max-video-preview:-1\" \/>\n<link rel=\"canonical\" href=\"https:\/\/naturalbikes.cl\/?product=cube-editor-hybrid-pro-400x-blacknspectral\" \/>\n<meta property=\"og:locale\" content=\"es_ES\" \/>\n<meta property=\"og:type\" content=\"article\" \/>\n<meta property=\"og:title\" content=\"Bicicleta Cube Editor Hybrid Pro 400X black\u00b4n\u00b4spectral\" \/>\n<meta property=\"og:description\" content=\"Ofrecer a nuestros clientes apasionados por el ciclismo de monta\u00f1a la mejor experiencia en productos, conocimientos especializados y servicios excepcionales. Nos comprometemos a proporcionar una amplia gama de bicicletas, accesorios y equipo de alta calidad, junto con asesoramiento experto y atenci\u00f3n personalizada para cada ciclista, para que puedan explorar, disfrutar y maximizar su aventura en el mundo del MTB\" \/>\n<meta property=\"og:url\" content=\"https:\/\/naturalbikes.cl\/?product=cube-editor-hybrid-pro-400x-blacknspectral\" \/>\n<meta property=\"og:site_name\" content=\"NaturalBikes\" \/>\n<meta property=\"article:publisher\" content=\"https:\/\/www.facebook.com\/naturalbikescl\" \/>\n<meta property=\"article:modified_time\" content=\"2026-01-06T20:12:46+00:00\" \/>\n<meta property=\"og:image\" content=\"https:\/\/naturalbikes.cl\/wp-content\/uploads\/2025\/12\/cube-823100-20140609-Editor-Hybrid-Pro-400X-black-n-spectral-1.jpg\" \/>\n\t<meta property=\"og:image:width\" content=\"2000\" \/>\n\t<meta property=\"og:image:height\" content=\"1139\" \/>\n\t<meta property=\"og:image:type\" content=\"image\/jpeg\" \/>\n<meta name=\"twitter:card\" content=\"summary_large_image\" \/>\n<meta name=\"twitter:label1\" content=\"Tiempo de lectura\" \/>\n\t<meta name=\"twitter:data1\" content=\"1 minuto\" \/>\n<script type=\"application\/ld+json\" class=\"yoast-schema-graph\">{\"@context\":\"https:\/\/schema.org\",\"@graph\":[{\"@type\":\"WebPage\",\"@id\":\"https:\/\/naturalbikes.cl\/?product=cube-editor-hybrid-pro-400x-blacknspectral\",\"url\":\"https:\/\/naturalbikes.cl\/?product=cube-editor-hybrid-pro-400x-blacknspectral\",\"name\":\"Cube Editor Hybrid Pro 400X Black\u2019n\u2019Spectral | E-Bike\",\"isPartOf\":{\"@id\":\"https:\/\/naturalbikes.cl\/#website\"},\"primaryImageOfPage\":{\"@id\":\"https:\/\/naturalbikes.cl\/?product=cube-editor-hybrid-pro-400x-blacknspectral#primaryimage\"},\"image\":{\"@id\":\"https:\/\/naturalbikes.cl\/?product=cube-editor-hybrid-pro-400x-blacknspectral#primaryimage\"},\"thumbnailUrl\":\"https:\/\/naturalbikes.cl\/wp-content\/uploads\/2025\/12\/cube-823100-20140609-Editor-Hybrid-Pro-400X-black-n-spectral-1.jpg\",\"datePublished\":\"2025-12-02T14:15:31+00:00\",\"dateModified\":\"2026-01-06T20:12:46+00:00\",\"description\":\"Cube Editor Hybrid Pro 400X Black\u2019n\u2019Spectral, una e-bike urbana ligera, elegante y potente ideal para desplazamientos diarios. Motor Bosch Performance Line, bater\u00eda 400Wh, transmisi\u00f3n suave y dise\u00f1o minimalista.\",\"breadcrumb\":{\"@id\":\"https:\/\/naturalbikes.cl\/?product=cube-editor-hybrid-pro-400x-blacknspectral#breadcrumb\"},\"inLanguage\":\"es\",\"potentialAction\":[{\"@type\":\"ReadAction\",\"target\":[\"https:\/\/naturalbikes.cl\/?product=cube-editor-hybrid-pro-400x-blacknspectral\"]}]},{\"@type\":\"ImageObject\",\"inLanguage\":\"es\",\"@id\":\"https:\/\/naturalbikes.cl\/?product=cube-editor-hybrid-pro-400x-blacknspectral#primaryimage\",\"url\":\"https:\/\/naturalbikes.cl\/wp-content\/uploads\/2025\/12\/cube-823100-20140609-Editor-Hybrid-Pro-400X-black-n-spectral-1.jpg\",\"contentUrl\":\"https:\/\/naturalbikes.cl\/wp-content\/uploads\/2025\/12\/cube-823100-20140609-Editor-Hybrid-Pro-400X-black-n-spectral-1.jpg\",\"width\":2000,\"height\":1139},{\"@type\":\"BreadcrumbList\",\"@id\":\"https:\/\/naturalbikes.cl\/?product=cube-editor-hybrid-pro-400x-blacknspectral#breadcrumb\",\"itemListElement\":[{\"@type\":\"ListItem\",\"position\":1,\"name\":\"Portada\",\"item\":\"https:\/\/naturalbikes.cl\/\"},{\"@type\":\"ListItem\",\"position\":2,\"name\":\"Tienda NB\",\"item\":\"https:\/\/naturalbikes.cl\/?page_id=7843\"},{\"@type\":\"ListItem\",\"position\":3,\"name\":\"Cube\",\"item\":\"https:\/\/naturalbikes.cl\/?product_brand=cube\"},{\"@type\":\"ListItem\",\"position\":4,\"name\":\"Bicicleta Cube Editor Hybrid Pro 400X black\u00b4n\u00b4spectral\"}]},{\"@type\":\"WebSite\",\"@id\":\"https:\/\/naturalbikes.cl\/#website\",\"url\":\"https:\/\/naturalbikes.cl\/\",\"name\":\"Natural Bikes\",\"description\":\"Tienda de bicicletas repuestos accesorios taller mantenimiento clases salidas\",\"publisher\":{\"@id\":\"https:\/\/naturalbikes.cl\/#organization\"},\"alternateName\":\"Natural Bikes\",\"potentialAction\":[{\"@type\":\"SearchAction\",\"target\":{\"@type\":\"EntryPoint\",\"urlTemplate\":\"https:\/\/naturalbikes.cl\/?s={search_term_string}\"},\"query-input\":{\"@type\":\"PropertyValueSpecification\",\"valueRequired\":true,\"valueName\":\"search_term_string\"}}],\"inLanguage\":\"es\"},{\"@type\":\"Organization\",\"@id\":\"https:\/\/naturalbikes.cl\/#organization\",\"name\":\"Natural Bikes\",\"alternateName\":\"Natural Bikes\",\"url\":\"https:\/\/naturalbikes.cl\/\",\"logo\":{\"@type\":\"ImageObject\",\"inLanguage\":\"es\",\"@id\":\"https:\/\/naturalbikes.cl\/#\/schema\/logo\/image\/\",\"url\":\"https:\/\/naturalbikes.cl\/wp-content\/uploads\/2024\/05\/2023-10-10-10.44.12.jpg\",\"contentUrl\":\"https:\/\/naturalbikes.cl\/wp-content\/uploads\/2024\/05\/2023-10-10-10.44.12.jpg\",\"width\":650,\"height\":650,\"caption\":\"Natural Bikes\"},\"image\":{\"@id\":\"https:\/\/naturalbikes.cl\/#\/schema\/logo\/image\/\"},\"sameAs\":[\"https:\/\/www.facebook.com\/naturalbikescl\",\"https:\/\/www.instagram.com\/natural.bikes\",\"https:\/\/www.tiktok.com\/@natural.bikes\"],\"description\":\"Ofrecer a nuestros clientes apasionados por el ciclismo de monta\u00f1a la mejor experiencia en productos, conocimientos especializados y servicios excepcionales. Nos comprometemos a proporcionar una amplia gama de bicicletas, accesorios y equipo de alta calidad, junto con asesoramiento experto y atenci\u00f3n personalizada para cada ciclista, para que puedan explorar, disfrutar y maximizar su aventura en el mundo del MTB\",\"email\":\"naturalbikes1@gmail.com\",\"telephone\":\"56977043878\",\"legalName\":\"Natural Bikes Limitada\",\"foundingDate\":\"2024-01-01\",\"vatID\":\"76699553-5\",\"taxID\":\"76699553-5\",\"numberOfEmployees\":{\"@type\":\"QuantitativeValue\",\"minValue\":\"1\",\"maxValue\":\"10\"},\"publishingPrinciples\":\"https:\/\/naturalbikes.cl\/?page_id=7843\",\"ownershipFundingInfo\":\"https:\/\/naturalbikes.cl\/?page_id=7843\",\"actionableFeedbackPolicy\":\"https:\/\/naturalbikes.cl\/?page_id=14797\",\"correctionsPolicy\":\"https:\/\/naturalbikes.cl\/?page_id=3\",\"ethicsPolicy\":\"https:\/\/naturalbikes.cl\/?page_id=7843\",\"diversityPolicy\":\"https:\/\/naturalbikes.cl\/?page_id=11734\",\"diversityStaffingReport\":\"https:\/\/naturalbikes.cl\/?page_id=12161\"}]}<\/script>\n<!-- \/ Yoast SEO Premium plugin. -->","yoast_head_json":{"title":"Cube Editor Hybrid Pro 400X Black\u2019n\u2019Spectral | E-Bike","description":"Cube Editor Hybrid Pro 400X Black\u2019n\u2019Spectral, una e-bike urbana ligera, elegante y potente ideal para desplazamientos diarios. Motor Bosch Performance Line, bater\u00eda 400Wh, transmisi\u00f3n suave y dise\u00f1o minimalista.","robots":{"index":"index","follow":"follow","max-snippet":"max-snippet:-1","max-image-preview":"max-image-preview:large","max-video-preview":"max-video-preview:-1"},"canonical":"https:\/\/naturalbikes.cl\/?product=cube-editor-hybrid-pro-400x-blacknspectral","og_locale":"es_ES","og_type":"article","og_title":"Bicicleta Cube Editor Hybrid Pro 400X black\u00b4n\u00b4spectral","og_description":"Ofrecer a nuestros clientes apasionados por el ciclismo de monta\u00f1a la mejor experiencia en productos, conocimientos especializados y servicios excepcionales. Nos comprometemos a proporcionar una amplia gama de bicicletas, accesorios y equipo de alta calidad, junto con asesoramiento experto y atenci\u00f3n personalizada para cada ciclista, para que puedan explorar, disfrutar y maximizar su aventura en el mundo del MTB","og_url":"https:\/\/naturalbikes.cl\/?product=cube-editor-hybrid-pro-400x-blacknspectral","og_site_name":"NaturalBikes","article_publisher":"https:\/\/www.facebook.com\/naturalbikescl","article_modified_time":"2026-01-06T20:12:46+00:00","og_image":[{"width":2000,"height":1139,"url":"https:\/\/naturalbikes.cl\/wp-content\/uploads\/2025\/12\/cube-823100-20140609-Editor-Hybrid-Pro-400X-black-n-spectral-1.jpg","type":"image\/jpeg"}],"twitter_card":"summary_large_image","twitter_misc":{"Tiempo de lectura":"1 minuto"},"schema":{"@context":"https:\/\/schema.org","@graph":[{"@type":"WebPage","@id":"https:\/\/naturalbikes.cl\/?product=cube-editor-hybrid-pro-400x-blacknspectral","url":"https:\/\/naturalbikes.cl\/?product=cube-editor-hybrid-pro-400x-blacknspectral","name":"Cube Editor Hybrid Pro 400X Black\u2019n\u2019Spectral | E-Bike","isPartOf":{"@id":"https:\/\/naturalbikes.cl\/#website"},"primaryImageOfPage":{"@id":"https:\/\/naturalbikes.cl\/?product=cube-editor-hybrid-pro-400x-blacknspectral#primaryimage"},"image":{"@id":"https:\/\/naturalbikes.cl\/?product=cube-editor-hybrid-pro-400x-blacknspectral#primaryimage"},"thumbnailUrl":"https:\/\/naturalbikes.cl\/wp-content\/uploads\/2025\/12\/cube-823100-20140609-Editor-Hybrid-Pro-400X-black-n-spectral-1.jpg","datePublished":"2025-12-02T14:15:31+00:00","dateModified":"2026-01-06T20:12:46+00:00","description":"Cube Editor Hybrid Pro 400X Black\u2019n\u2019Spectral, una e-bike urbana ligera, elegante y potente ideal para desplazamientos diarios. Motor Bosch Performance Line, bater\u00eda 400Wh, transmisi\u00f3n suave y dise\u00f1o minimalista.","breadcrumb":{"@id":"https:\/\/naturalbikes.cl\/?product=cube-editor-hybrid-pro-400x-blacknspectral#breadcrumb"},"inLanguage":"es","potentialAction":[{"@type":"ReadAction","target":["https:\/\/naturalbikes.cl\/?product=cube-editor-hybrid-pro-400x-blacknspectral"]}]},{"@type":"ImageObject","inLanguage":"es","@id":"https:\/\/naturalbikes.cl\/?product=cube-editor-hybrid-pro-400x-blacknspectral#primaryimage","url":"https:\/\/naturalbikes.cl\/wp-content\/uploads\/2025\/12\/cube-823100-20140609-Editor-Hybrid-Pro-400X-black-n-spectral-1.jpg","contentUrl":"https:\/\/naturalbikes.cl\/wp-content\/uploads\/2025\/12\/cube-823100-20140609-Editor-Hybrid-Pro-400X-black-n-spectral-1.jpg","width":2000,"height":1139},{"@type":"BreadcrumbList","@id":"https:\/\/naturalbikes.cl\/?product=cube-editor-hybrid-pro-400x-blacknspectral#breadcrumb","itemListElement":[{"@type":"ListItem","position":1,"name":"Portada","item":"https:\/\/naturalbikes.cl\/"},{"@type":"ListItem","position":2,"name":"Tienda NB","item":"https:\/\/naturalbikes.cl\/?page_id=7843"},{"@type":"ListItem","position":3,"name":"Cube","item":"https:\/\/naturalbikes.cl\/?product_brand=cube"},{"@type":"ListItem","position":4,"name":"Bicicleta Cube Editor Hybrid Pro 400X black\u00b4n\u00b4spectral"}]},{"@type":"WebSite","@id":"https:\/\/naturalbikes.cl\/#website","url":"https:\/\/naturalbikes.cl\/","name":"Natural Bikes","description":"Tienda de bicicletas repuestos accesorios taller mantenimiento clases salidas","publisher":{"@id":"https:\/\/naturalbikes.cl\/#organization"},"alternateName":"Natural Bikes","potentialAction":[{"@type":"SearchAction","target":{"@type":"EntryPoint","urlTemplate":"https:\/\/naturalbikes.cl\/?s={search_term_string}"},"query-input":{"@type":"PropertyValueSpecification","valueRequired":true,"valueName":"search_term_string"}}],"inLanguage":"es"},{"@type":"Organization","@id":"https:\/\/naturalbikes.cl\/#organization","name":"Natural Bikes","alternateName":"Natural Bikes","url":"https:\/\/naturalbikes.cl\/","logo":{"@type":"ImageObject","inLanguage":"es","@id":"https:\/\/naturalbikes.cl\/#\/schema\/logo\/image\/","url":"https:\/\/naturalbikes.cl\/wp-content\/uploads\/2024\/05\/2023-10-10-10.44.12.jpg","contentUrl":"https:\/\/naturalbikes.cl\/wp-content\/uploads\/2024\/05\/2023-10-10-10.44.12.jpg","width":650,"height":650,"caption":"Natural Bikes"},"image":{"@id":"https:\/\/naturalbikes.cl\/#\/schema\/logo\/image\/"},"sameAs":["https:\/\/www.facebook.com\/naturalbikescl","https:\/\/www.instagram.com\/natural.bikes","https:\/\/www.tiktok.com\/@natural.bikes"],"description":"Ofrecer a nuestros clientes apasionados por el ciclismo de monta\u00f1a la mejor experiencia en productos, conocimientos especializados y servicios excepcionales. Nos comprometemos a proporcionar una amplia gama de bicicletas, accesorios y equipo de alta calidad, junto con asesoramiento experto y atenci\u00f3n personalizada para cada ciclista, para que puedan explorar, disfrutar y maximizar su aventura en el mundo del MTB","email":"naturalbikes1@gmail.com","telephone":"56977043878","legalName":"Natural Bikes Limitada","foundingDate":"2024-01-01","vatID":"76699553-5","taxID":"76699553-5","numberOfEmployees":{"@type":"QuantitativeValue","minValue":"1","maxValue":"10"},"publishingPrinciples":"https:\/\/naturalbikes.cl\/?page_id=7843","ownershipFundingInfo":"https:\/\/naturalbikes.cl\/?page_id=7843","actionableFeedbackPolicy":"https:\/\/naturalbikes.cl\/?page_id=14797","correctionsPolicy":"https:\/\/naturalbikes.cl\/?page_id=3","ethicsPolicy":"https:\/\/naturalbikes.cl\/?page_id=7843","diversityPolicy":"https:\/\/naturalbikes.cl\/?page_id=11734","diversityStaffingReport":"https:\/\/naturalbikes.cl\/?page_id=12161"}]}},"_links":{"self":[{"href":"https:\/\/naturalbikes.cl\/index.php?rest_route=\/wp\/v2\/product\/23105"}],"collection":[{"href":"https:\/\/naturalbikes.cl\/index.php?rest_route=\/wp\/v2\/product"}],"about":[{"href":"https:\/\/naturalbikes.cl\/index.php?rest_route=\/wp\/v2\/types\/product"}],"replies":[{"embeddable":true,"href":"https:\/\/naturalbikes.cl\/index.php?rest_route=%2Fwp%2Fv2%2Fcomments&post=23105"}],"wp:featuredmedia":[{"embeddable":true,"href":"https:\/\/naturalbikes.cl\/index.php?rest_route=\/wp\/v2\/media\/23107"}],"wp:attachment":[{"href":"https:\/\/naturalbikes.cl\/index.php?rest_route=%2Fwp%2Fv2%2Fmedia&parent=23105"}],"wp:term":[{"taxonomy":"product_cat","embeddable":true,"href":"https:\/\/naturalbikes.cl\/index.php?rest_route=%2Fwp%2Fv2%2Fproduct_cat&post=23105"},{"taxonomy":"product_tag","embeddable":true,"href":"https:\/\/naturalbikes.cl\/index.php?rest_route=%2Fwp%2Fv2%2Fproduct_tag&post=23105"}],"curies":[{"name":"wp","href":"https:\/\/api.w.org\/{rel}","templated":true}]}}