{"id":23076,"date":"2025-11-18T16:02:57","date_gmt":"2025-11-18T19:02:57","guid":{"rendered":"https:\/\/naturalbikes.cl\/?post_type=product&#038;p=23076"},"modified":"2026-01-06T17:12:44","modified_gmt":"2026-01-06T20:12:44","slug":"bicicleta-orbea-wild-h20-20mph","status":"publish","type":"product","link":"https:\/\/naturalbikes.cl\/?product=bicicleta-orbea-wild-h20-20mph","title":{"rendered":"Bicicleta Orbea WILD H20 20mph"},"content":{"rendered":"<p data-start=\"831\" data-end=\"1172\">La <strong data-start=\"834\" data-end=\"852\">Orbea Wild H20<\/strong> es una bicicleta el\u00e9ctrica de enduro dise\u00f1ada para quienes buscan potencia, control absoluto y capacidad para conquistar descensos t\u00e9cnicos y subidas extremas con total seguridad. Su cuadro en <strong data-start=\"1046\" data-end=\"1071\">aluminio hidroformado<\/strong>, r\u00edgido y resistente, trabaja junto a una geometr\u00eda moderna optimizada para velocidad y estabilidad.<\/p>\n<p data-start=\"1174\" data-end=\"1549\">Equipada con el motor <strong data-start=\"1196\" data-end=\"1225\">Bosch Performance Line CX<\/strong>, uno de los m\u00e1s potentes del mercado, entrega <strong data-start=\"1272\" data-end=\"1297\">hasta 85 Nm de torque<\/strong> y asistencia inmediata y configurable seg\u00fan el terreno. Su bater\u00eda <strong data-start=\"1365\" data-end=\"1377\">de 750Wh<\/strong> garantiza una autonom\u00eda superior ideal para jornadas largas y rutas agresivas. El sistema permite <strong data-start=\"1476\" data-end=\"1513\">asistencia hasta 20 mph (32 km\/h)<\/strong> cumpliendo normativa de USA\/Canad\u00e1.<\/p>\n<p data-start=\"1551\" data-end=\"1765\">La suspensi\u00f3n <strong data-start=\"1565\" data-end=\"1584\">FOX Performance<\/strong> proporciona gran absorci\u00f3n y control en zonas rocosas, ra\u00edces y saltos, mientras su transmisi\u00f3n <strong data-start=\"1681\" data-end=\"1706\">Shimano Deore\/SLX 12v<\/strong> asegura cambios precisos y confiables bajo alta exigencia.<\/p>\n<p data-start=\"1767\" data-end=\"1875\">Una E-MTB robusta, estable y potente, perfecta para riders que buscan capacidad real de monta\u00f1a sin l\u00edmites.<\/p>\n<hr data-start=\"1877\" data-end=\"1880\" \/>\n<h3 data-start=\"1882\" data-end=\"1920\">\ud83d\udd27 <strong data-start=\"1889\" data-end=\"1920\">Caracter\u00edsticas principales<\/strong><\/h3>\n<ul data-start=\"1921\" data-end=\"2351\">\n<li data-start=\"1921\" data-end=\"1949\">\n<p data-start=\"1923\" data-end=\"1949\"><strong data-start=\"1923\" data-end=\"1934\">Modelo:<\/strong> Orbea Wild H20<\/p>\n<\/li>\n<li data-start=\"1950\" data-end=\"1972\">\n<p data-start=\"1952\" data-end=\"1972\"><strong data-start=\"1952\" data-end=\"1963\">Cuadro:<\/strong> Aluminio<\/p>\n<\/li>\n<li data-start=\"1973\" data-end=\"2023\">\n<p data-start=\"1975\" data-end=\"2023\"><strong data-start=\"1975\" data-end=\"1985\">Motor:<\/strong> <strong data-start=\"1986\" data-end=\"2023\">Bosch Performance Line CX \u2013 85 Nm<\/strong><\/p>\n<\/li>\n<li data-start=\"2024\" data-end=\"2075\">\n<p data-start=\"2026\" data-end=\"2075\"><strong data-start=\"2026\" data-end=\"2049\">Velocidad asistida:<\/strong> <strong data-start=\"2050\" data-end=\"2075\">Hasta 20mph (32 km\/h)<\/strong><\/p>\n<\/li>\n<li data-start=\"2076\" data-end=\"2100\">\n<p data-start=\"2078\" data-end=\"2100\"><strong data-start=\"2078\" data-end=\"2090\">Bater\u00eda:<\/strong> <strong data-start=\"2091\" data-end=\"2100\">750Wh<\/strong><\/p>\n<\/li>\n<li data-start=\"2101\" data-end=\"2141\">\n<p data-start=\"2103\" data-end=\"2141\"><strong data-start=\"2103\" data-end=\"2119\">Transmisi\u00f3n:<\/strong> Shimano Deore\/SLX 12v<\/p>\n<\/li>\n<li data-start=\"2142\" data-end=\"2179\">\n<p data-start=\"2144\" data-end=\"2179\"><strong data-start=\"2144\" data-end=\"2159\">Suspensi\u00f3n:<\/strong> <strong data-start=\"2160\" data-end=\"2179\">FOX Performance<\/strong><\/p>\n<\/li>\n<li data-start=\"2180\" data-end=\"2197\">\n<p data-start=\"2182\" data-end=\"2197\"><strong data-start=\"2182\" data-end=\"2193\">Ruedas:<\/strong> 29\u201d<\/p>\n<\/li>\n<li data-start=\"2198\" data-end=\"2259\">\n<p data-start=\"2200\" data-end=\"2259\"><strong data-start=\"2200\" data-end=\"2220\">Uso recomendado:<\/strong> Enduro \/ All Mountain \/ Trail agresivo<\/p>\n<\/li>\n<li data-start=\"2260\" data-end=\"2351\">\n<p data-start=\"2262\" data-end=\"2351\"><strong data-start=\"2262\" data-end=\"2275\">Ventajas:<\/strong> Potente, estable, gran autonom\u00eda, ideal para terreno t\u00e9cnico y rutas largas<\/p>\n<\/li>\n<\/ul>\n<p data-start=\"2353\" data-end=\"2424\">Hecha para subir todo, bajar r\u00e1pido y disfrutar al m\u00e1ximo cada sendero.<\/p>\n","protected":false},"excerpt":{"rendered":"<p data-start=\"555\" data-end=\"784\"><strong><img decoding=\"async\" class=\"sFlh5c FyHeAf iPVvYb\" src=\"https:\/\/upload.wikimedia.org\/wikipedia\/commons\/thumb\/9\/99\/Orbea_logo.svg\/2560px-Orbea_logo.svg.png\" alt=\"Archivo:Orbea logo.svg - Wikipedia, la enciclopedia libre\" width=\"101\" height=\"11\" \/>La Orbea Wild H20 es una E-MTB de enduro en aluminio, equipada con Bosch Performance CX, bater\u00eda 750Wh y suspensi\u00f3n FOX Performance. Potente, estable y lista para terrenos extremos. Asistencia hasta 20mph.<\/strong><\/p>\n","protected":false},"featured_media":23078,"comment_status":"open","ping_status":"closed","template":"","meta":[],"product_cat":[201,300,252],"product_tag":[1580,815,840,822,839],"class_list":{"0":"post-23076","1":"product","2":"type-product","3":"status-publish","4":"has-post-thumbnail","6":"product_brand-orbea","7":"product_cat-bicicleta-electrica","8":"product_cat-orbea-bicicleta-electrica","9":"product_cat-wild","10":"product_tag-bicicleta-orbea-wild-h20-20mph","11":"product_tag-ebike","12":"product_tag-h20","13":"product_tag-orbea","14":"product_tag-wild","16":"first","17":"instock","18":"taxable","19":"shipping-taxable","20":"purchasable","21":"product-type-variable","22":"rtwpvg-product"},"yoast_head":"<!-- This site is optimized with the Yoast SEO Premium plugin v24.8 (Yoast SEO v25.6) - https:\/\/yoast.com\/wordpress\/plugins\/seo\/ -->\n<title>Orbea Wild H20 \u2013 E-MTB Enduro Aluminium<\/title>\n<meta name=\"description\" content=\"Orbea Wild H20 con cuadro de aluminio, motor Bosch Performance CX, bater\u00eda 750Wh y velocidad asistida hasta 20mph. E-MTB de enduro potente y estable para descensos agresivos y largas rutas.\" \/>\n<meta name=\"robots\" content=\"index, follow, max-snippet:-1, max-image-preview:large, max-video-preview:-1\" \/>\n<link rel=\"canonical\" href=\"https:\/\/naturalbikes.cl\/?product=bicicleta-orbea-wild-h20-20mph\" \/>\n<meta property=\"og:locale\" content=\"es_ES\" \/>\n<meta property=\"og:type\" content=\"article\" \/>\n<meta property=\"og:title\" content=\"Bicicleta Orbea WILD H20 20mph\" \/>\n<meta property=\"og:description\" content=\"Ofrecer a nuestros clientes apasionados por el ciclismo de monta\u00f1a la mejor experiencia en productos, conocimientos especializados y servicios excepcionales. Nos comprometemos a proporcionar una amplia gama de bicicletas, accesorios y equipo de alta calidad, junto con asesoramiento experto y atenci\u00f3n personalizada para cada ciclista, para que puedan explorar, disfrutar y maximizar su aventura en el mundo del MTB\" \/>\n<meta property=\"og:url\" content=\"https:\/\/naturalbikes.cl\/?product=bicicleta-orbea-wild-h20-20mph\" \/>\n<meta property=\"og:site_name\" content=\"NaturalBikes\" \/>\n<meta property=\"article:publisher\" content=\"https:\/\/www.facebook.com\/naturalbikescl\" \/>\n<meta property=\"article:modified_time\" content=\"2026-01-06T20:12:44+00:00\" \/>\n<meta property=\"og:image\" content=\"https:\/\/naturalbikes.cl\/wp-content\/uploads\/2025\/11\/T342TTCC-SM-SIDE-WILD_H20_over.jpg\" \/>\n\t<meta property=\"og:image:width\" content=\"2000\" \/>\n\t<meta property=\"og:image:height\" content=\"1728\" \/>\n\t<meta property=\"og:image:type\" content=\"image\/jpeg\" \/>\n<meta name=\"twitter:card\" content=\"summary_large_image\" \/>\n<meta name=\"twitter:label1\" content=\"Tiempo de lectura\" \/>\n\t<meta name=\"twitter:data1\" content=\"2 minutos\" \/>\n<script type=\"application\/ld+json\" class=\"yoast-schema-graph\">{\"@context\":\"https:\/\/schema.org\",\"@graph\":[{\"@type\":\"WebPage\",\"@id\":\"https:\/\/naturalbikes.cl\/?product=bicicleta-orbea-wild-h20-20mph\",\"url\":\"https:\/\/naturalbikes.cl\/?product=bicicleta-orbea-wild-h20-20mph\",\"name\":\"Orbea Wild H20 \u2013 E-MTB Enduro Aluminium\",\"isPartOf\":{\"@id\":\"https:\/\/naturalbikes.cl\/#website\"},\"primaryImageOfPage\":{\"@id\":\"https:\/\/naturalbikes.cl\/?product=bicicleta-orbea-wild-h20-20mph#primaryimage\"},\"image\":{\"@id\":\"https:\/\/naturalbikes.cl\/?product=bicicleta-orbea-wild-h20-20mph#primaryimage\"},\"thumbnailUrl\":\"https:\/\/naturalbikes.cl\/wp-content\/uploads\/2025\/11\/T342TTCC-SM-SIDE-WILD_H20_over.jpg\",\"datePublished\":\"2025-11-18T19:02:57+00:00\",\"dateModified\":\"2026-01-06T20:12:44+00:00\",\"description\":\"Orbea Wild H20 con cuadro de aluminio, motor Bosch Performance CX, bater\u00eda 750Wh y velocidad asistida hasta 20mph. E-MTB de enduro potente y estable para descensos agresivos y largas rutas.\",\"breadcrumb\":{\"@id\":\"https:\/\/naturalbikes.cl\/?product=bicicleta-orbea-wild-h20-20mph#breadcrumb\"},\"inLanguage\":\"es\",\"potentialAction\":[{\"@type\":\"ReadAction\",\"target\":[\"https:\/\/naturalbikes.cl\/?product=bicicleta-orbea-wild-h20-20mph\"]}]},{\"@type\":\"ImageObject\",\"inLanguage\":\"es\",\"@id\":\"https:\/\/naturalbikes.cl\/?product=bicicleta-orbea-wild-h20-20mph#primaryimage\",\"url\":\"https:\/\/naturalbikes.cl\/wp-content\/uploads\/2025\/11\/T342TTCC-SM-SIDE-WILD_H20_over.jpg\",\"contentUrl\":\"https:\/\/naturalbikes.cl\/wp-content\/uploads\/2025\/11\/T342TTCC-SM-SIDE-WILD_H20_over.jpg\",\"width\":2000,\"height\":1728},{\"@type\":\"BreadcrumbList\",\"@id\":\"https:\/\/naturalbikes.cl\/?product=bicicleta-orbea-wild-h20-20mph#breadcrumb\",\"itemListElement\":[{\"@type\":\"ListItem\",\"position\":1,\"name\":\"Portada\",\"item\":\"https:\/\/naturalbikes.cl\/\"},{\"@type\":\"ListItem\",\"position\":2,\"name\":\"Tienda NB\",\"item\":\"https:\/\/naturalbikes.cl\/?page_id=7843\"},{\"@type\":\"ListItem\",\"position\":3,\"name\":\"Orbea\",\"item\":\"https:\/\/naturalbikes.cl\/?product_brand=orbea\"},{\"@type\":\"ListItem\",\"position\":4,\"name\":\"Bicicleta Orbea WILD H20 20mph\"}]},{\"@type\":\"WebSite\",\"@id\":\"https:\/\/naturalbikes.cl\/#website\",\"url\":\"https:\/\/naturalbikes.cl\/\",\"name\":\"Natural Bikes\",\"description\":\"Tienda de bicicletas repuestos accesorios taller mantenimiento clases salidas\",\"publisher\":{\"@id\":\"https:\/\/naturalbikes.cl\/#organization\"},\"alternateName\":\"Natural Bikes\",\"potentialAction\":[{\"@type\":\"SearchAction\",\"target\":{\"@type\":\"EntryPoint\",\"urlTemplate\":\"https:\/\/naturalbikes.cl\/?s={search_term_string}\"},\"query-input\":{\"@type\":\"PropertyValueSpecification\",\"valueRequired\":true,\"valueName\":\"search_term_string\"}}],\"inLanguage\":\"es\"},{\"@type\":\"Organization\",\"@id\":\"https:\/\/naturalbikes.cl\/#organization\",\"name\":\"Natural Bikes\",\"alternateName\":\"Natural Bikes\",\"url\":\"https:\/\/naturalbikes.cl\/\",\"logo\":{\"@type\":\"ImageObject\",\"inLanguage\":\"es\",\"@id\":\"https:\/\/naturalbikes.cl\/#\/schema\/logo\/image\/\",\"url\":\"https:\/\/naturalbikes.cl\/wp-content\/uploads\/2024\/05\/2023-10-10-10.44.12.jpg\",\"contentUrl\":\"https:\/\/naturalbikes.cl\/wp-content\/uploads\/2024\/05\/2023-10-10-10.44.12.jpg\",\"width\":650,\"height\":650,\"caption\":\"Natural Bikes\"},\"image\":{\"@id\":\"https:\/\/naturalbikes.cl\/#\/schema\/logo\/image\/\"},\"sameAs\":[\"https:\/\/www.facebook.com\/naturalbikescl\",\"https:\/\/www.instagram.com\/natural.bikes\",\"https:\/\/www.tiktok.com\/@natural.bikes\"],\"description\":\"Ofrecer a nuestros clientes apasionados por el ciclismo de monta\u00f1a la mejor experiencia en productos, conocimientos especializados y servicios excepcionales. Nos comprometemos a proporcionar una amplia gama de bicicletas, accesorios y equipo de alta calidad, junto con asesoramiento experto y atenci\u00f3n personalizada para cada ciclista, para que puedan explorar, disfrutar y maximizar su aventura en el mundo del MTB\",\"email\":\"naturalbikes1@gmail.com\",\"telephone\":\"56977043878\",\"legalName\":\"Natural Bikes Limitada\",\"foundingDate\":\"2024-01-01\",\"vatID\":\"76699553-5\",\"taxID\":\"76699553-5\",\"numberOfEmployees\":{\"@type\":\"QuantitativeValue\",\"minValue\":\"1\",\"maxValue\":\"10\"},\"publishingPrinciples\":\"https:\/\/naturalbikes.cl\/?page_id=7843\",\"ownershipFundingInfo\":\"https:\/\/naturalbikes.cl\/?page_id=7843\",\"actionableFeedbackPolicy\":\"https:\/\/naturalbikes.cl\/?page_id=14797\",\"correctionsPolicy\":\"https:\/\/naturalbikes.cl\/?page_id=3\",\"ethicsPolicy\":\"https:\/\/naturalbikes.cl\/?page_id=7843\",\"diversityPolicy\":\"https:\/\/naturalbikes.cl\/?page_id=11734\",\"diversityStaffingReport\":\"https:\/\/naturalbikes.cl\/?page_id=12161\"}]}<\/script>\n<!-- \/ Yoast SEO Premium plugin. -->","yoast_head_json":{"title":"Orbea Wild H20 \u2013 E-MTB Enduro Aluminium","description":"Orbea Wild H20 con cuadro de aluminio, motor Bosch Performance CX, bater\u00eda 750Wh y velocidad asistida hasta 20mph. E-MTB de enduro potente y estable para descensos agresivos y largas rutas.","robots":{"index":"index","follow":"follow","max-snippet":"max-snippet:-1","max-image-preview":"max-image-preview:large","max-video-preview":"max-video-preview:-1"},"canonical":"https:\/\/naturalbikes.cl\/?product=bicicleta-orbea-wild-h20-20mph","og_locale":"es_ES","og_type":"article","og_title":"Bicicleta Orbea WILD H20 20mph","og_description":"Ofrecer a nuestros clientes apasionados por el ciclismo de monta\u00f1a la mejor experiencia en productos, conocimientos especializados y servicios excepcionales. Nos comprometemos a proporcionar una amplia gama de bicicletas, accesorios y equipo de alta calidad, junto con asesoramiento experto y atenci\u00f3n personalizada para cada ciclista, para que puedan explorar, disfrutar y maximizar su aventura en el mundo del MTB","og_url":"https:\/\/naturalbikes.cl\/?product=bicicleta-orbea-wild-h20-20mph","og_site_name":"NaturalBikes","article_publisher":"https:\/\/www.facebook.com\/naturalbikescl","article_modified_time":"2026-01-06T20:12:44+00:00","og_image":[{"width":2000,"height":1728,"url":"https:\/\/naturalbikes.cl\/wp-content\/uploads\/2025\/11\/T342TTCC-SM-SIDE-WILD_H20_over.jpg","type":"image\/jpeg"}],"twitter_card":"summary_large_image","twitter_misc":{"Tiempo de lectura":"2 minutos"},"schema":{"@context":"https:\/\/schema.org","@graph":[{"@type":"WebPage","@id":"https:\/\/naturalbikes.cl\/?product=bicicleta-orbea-wild-h20-20mph","url":"https:\/\/naturalbikes.cl\/?product=bicicleta-orbea-wild-h20-20mph","name":"Orbea Wild H20 \u2013 E-MTB Enduro Aluminium","isPartOf":{"@id":"https:\/\/naturalbikes.cl\/#website"},"primaryImageOfPage":{"@id":"https:\/\/naturalbikes.cl\/?product=bicicleta-orbea-wild-h20-20mph#primaryimage"},"image":{"@id":"https:\/\/naturalbikes.cl\/?product=bicicleta-orbea-wild-h20-20mph#primaryimage"},"thumbnailUrl":"https:\/\/naturalbikes.cl\/wp-content\/uploads\/2025\/11\/T342TTCC-SM-SIDE-WILD_H20_over.jpg","datePublished":"2025-11-18T19:02:57+00:00","dateModified":"2026-01-06T20:12:44+00:00","description":"Orbea Wild H20 con cuadro de aluminio, motor Bosch Performance CX, bater\u00eda 750Wh y velocidad asistida hasta 20mph. E-MTB de enduro potente y estable para descensos agresivos y largas rutas.","breadcrumb":{"@id":"https:\/\/naturalbikes.cl\/?product=bicicleta-orbea-wild-h20-20mph#breadcrumb"},"inLanguage":"es","potentialAction":[{"@type":"ReadAction","target":["https:\/\/naturalbikes.cl\/?product=bicicleta-orbea-wild-h20-20mph"]}]},{"@type":"ImageObject","inLanguage":"es","@id":"https:\/\/naturalbikes.cl\/?product=bicicleta-orbea-wild-h20-20mph#primaryimage","url":"https:\/\/naturalbikes.cl\/wp-content\/uploads\/2025\/11\/T342TTCC-SM-SIDE-WILD_H20_over.jpg","contentUrl":"https:\/\/naturalbikes.cl\/wp-content\/uploads\/2025\/11\/T342TTCC-SM-SIDE-WILD_H20_over.jpg","width":2000,"height":1728},{"@type":"BreadcrumbList","@id":"https:\/\/naturalbikes.cl\/?product=bicicleta-orbea-wild-h20-20mph#breadcrumb","itemListElement":[{"@type":"ListItem","position":1,"name":"Portada","item":"https:\/\/naturalbikes.cl\/"},{"@type":"ListItem","position":2,"name":"Tienda NB","item":"https:\/\/naturalbikes.cl\/?page_id=7843"},{"@type":"ListItem","position":3,"name":"Orbea","item":"https:\/\/naturalbikes.cl\/?product_brand=orbea"},{"@type":"ListItem","position":4,"name":"Bicicleta Orbea WILD H20 20mph"}]},{"@type":"WebSite","@id":"https:\/\/naturalbikes.cl\/#website","url":"https:\/\/naturalbikes.cl\/","name":"Natural Bikes","description":"Tienda de bicicletas repuestos accesorios taller mantenimiento clases salidas","publisher":{"@id":"https:\/\/naturalbikes.cl\/#organization"},"alternateName":"Natural Bikes","potentialAction":[{"@type":"SearchAction","target":{"@type":"EntryPoint","urlTemplate":"https:\/\/naturalbikes.cl\/?s={search_term_string}"},"query-input":{"@type":"PropertyValueSpecification","valueRequired":true,"valueName":"search_term_string"}}],"inLanguage":"es"},{"@type":"Organization","@id":"https:\/\/naturalbikes.cl\/#organization","name":"Natural Bikes","alternateName":"Natural Bikes","url":"https:\/\/naturalbikes.cl\/","logo":{"@type":"ImageObject","inLanguage":"es","@id":"https:\/\/naturalbikes.cl\/#\/schema\/logo\/image\/","url":"https:\/\/naturalbikes.cl\/wp-content\/uploads\/2024\/05\/2023-10-10-10.44.12.jpg","contentUrl":"https:\/\/naturalbikes.cl\/wp-content\/uploads\/2024\/05\/2023-10-10-10.44.12.jpg","width":650,"height":650,"caption":"Natural Bikes"},"image":{"@id":"https:\/\/naturalbikes.cl\/#\/schema\/logo\/image\/"},"sameAs":["https:\/\/www.facebook.com\/naturalbikescl","https:\/\/www.instagram.com\/natural.bikes","https:\/\/www.tiktok.com\/@natural.bikes"],"description":"Ofrecer a nuestros clientes apasionados por el ciclismo de monta\u00f1a la mejor experiencia en productos, conocimientos especializados y servicios excepcionales. Nos comprometemos a proporcionar una amplia gama de bicicletas, accesorios y equipo de alta calidad, junto con asesoramiento experto y atenci\u00f3n personalizada para cada ciclista, para que puedan explorar, disfrutar y maximizar su aventura en el mundo del MTB","email":"naturalbikes1@gmail.com","telephone":"56977043878","legalName":"Natural Bikes Limitada","foundingDate":"2024-01-01","vatID":"76699553-5","taxID":"76699553-5","numberOfEmployees":{"@type":"QuantitativeValue","minValue":"1","maxValue":"10"},"publishingPrinciples":"https:\/\/naturalbikes.cl\/?page_id=7843","ownershipFundingInfo":"https:\/\/naturalbikes.cl\/?page_id=7843","actionableFeedbackPolicy":"https:\/\/naturalbikes.cl\/?page_id=14797","correctionsPolicy":"https:\/\/naturalbikes.cl\/?page_id=3","ethicsPolicy":"https:\/\/naturalbikes.cl\/?page_id=7843","diversityPolicy":"https:\/\/naturalbikes.cl\/?page_id=11734","diversityStaffingReport":"https:\/\/naturalbikes.cl\/?page_id=12161"}]}},"_links":{"self":[{"href":"https:\/\/naturalbikes.cl\/index.php?rest_route=\/wp\/v2\/product\/23076"}],"collection":[{"href":"https:\/\/naturalbikes.cl\/index.php?rest_route=\/wp\/v2\/product"}],"about":[{"href":"https:\/\/naturalbikes.cl\/index.php?rest_route=\/wp\/v2\/types\/product"}],"replies":[{"embeddable":true,"href":"https:\/\/naturalbikes.cl\/index.php?rest_route=%2Fwp%2Fv2%2Fcomments&post=23076"}],"wp:featuredmedia":[{"embeddable":true,"href":"https:\/\/naturalbikes.cl\/index.php?rest_route=\/wp\/v2\/media\/23078"}],"wp:attachment":[{"href":"https:\/\/naturalbikes.cl\/index.php?rest_route=%2Fwp%2Fv2%2Fmedia&parent=23076"}],"wp:term":[{"taxonomy":"product_cat","embeddable":true,"href":"https:\/\/naturalbikes.cl\/index.php?rest_route=%2Fwp%2Fv2%2Fproduct_cat&post=23076"},{"taxonomy":"product_tag","embeddable":true,"href":"https:\/\/naturalbikes.cl\/index.php?rest_route=%2Fwp%2Fv2%2Fproduct_tag&post=23076"}],"curies":[{"name":"wp","href":"https:\/\/api.w.org\/{rel}","templated":true}]}}