{"id":22924,"date":"2025-10-15T15:49:14","date_gmt":"2025-10-15T18:49:14","guid":{"rendered":"https:\/\/naturalbikes.cl\/?post_type=product&#038;p=22924"},"modified":"2026-01-06T17:12:39","modified_gmt":"2026-01-06T20:12:39","slug":"cube-nuroad-c62-one-carbonnglossy","status":"publish","type":"product","link":"https:\/\/naturalbikes.cl\/?product=cube-nuroad-c62-one-carbonnglossy","title":{"rendered":"Bicicleta Cube Nuroad C:62 ONE carbon\u00b4n\u00b4glossy"},"content":{"rendered":"<div><img decoding=\"async\" src=\"https:\/\/cdn.shopify.com\/s\/files\/1\/0084\/1151\/2896\/files\/CUBELogo-schwarz_RGB_240x240.svg?v=1690469291\" alt=\"\" width=\"247\" height=\"61\" \/><\/div>\n<h2>NUROAD C:62 ONE<\/h2>\n<p><strong>El cuadro de la Nuroad C:62 toma todo lo que sabemos sobre cuadros de carbono para grava y lo lleva a un nivel superior. Hemos aumentado la holgura para los neum\u00e1ticos hasta 50 mm (45 mm con guardabarros). Hemos incluido una abrazadera de tija integrada y cables semiintegrados para complementar la imagen elegante y org\u00e1nica del cuadro.<\/strong><\/p>\n<p><img fetchpriority=\"high\" decoding=\"async\" src=\"https:\/\/azwest1xfg344.blob.core.windows.net\/azwesc1xfg346\/media\/360\/830100\/830100_360V_04.jpg\" width=\"1327\" height=\"797\" \/><\/p>\n<p class=\"description\">\u00a0Est\u00e1 preparada para UDH, para mayor versatilidad y posibilidades en un futuro. La horquilla de carbono C:62\u00ae ofrece dos posiciones de montaje para el portapaquetes. \u00bfY cu\u00e1nto peso el cuadro con todas estas innovaciones pr\u00e1cticas? Es un cuadro mediano de solo 1150 g. Resistente, pero tambi\u00e9n extremadamente ligero. El concepto de versatilidad redefinido para una nueva era de la exploraci\u00f3n en grava.<\/p>\n<p class=\"description\"><img decoding=\"async\" src=\"https:\/\/cdn.shopify.com\/s\/files\/1\/0084\/1151\/2896\/files\/synqup_830100_D_04.jpg?v=1754490333\" alt=\"\" \/><\/p>\n<div class=\"row key-features\">\n<div class=\"col-12 col-sm-4 mb-4 mb-sm-0\">\n<h4 class=\"label\">C:62 CARBON FIBER TECHNOLOGY<\/h4>\n<p class=\"label\">No todo el carbono se fabrica igual. Con nuestro carbono C:62\u00ae, aumentamos el contenido de fibra de alto m\u00f3dulo y luego reforzamos el material resultante con nanopart\u00edculas incorporadas en la resina adhesiva. S\u00ed, es solo una forma elegante de decir que es extremadamente fuerte, ligera y duradera.<img decoding=\"async\" src=\"https:\/\/cdn.shopify.com\/s\/files\/1\/0084\/1151\/2896\/files\/synqup_830100_D_01.jpg?v=1754490606\" alt=\"\" \/><\/p>\n<h4 class=\"label\">TIJA INTEGRADA<\/h4>\n<\/div>\n<\/div>\n<p>Nuestra abrazadera de tija de sill\u00edn integrada es parte de nuestra b\u00fasqueda para encontrar los mejores detalles y que t\u00fa puedas cosechar las recompensas de nuestras elecciones. Su dise\u00f1o minimalista se adapta a la sencillez est\u00e9tica del cuadro. Un dato importante porque quieres una bici bonita, \u00bfverdad? Pero tambi\u00e9n que pese lo menos posible. El peso tambi\u00e9n es decisivo.<img decoding=\"async\" src=\"https:\/\/cdn.shopify.com\/s\/files\/1\/0084\/1151\/2896\/files\/synqup_830100_D_02.jpg?v=1754490737\" alt=\"\" \/><\/p>\n<h4>GRAVEL ENDURANCE GEOMETRY<\/h4>\n<p>Para momentos \u00e9picos en grava o en competici\u00f3n, adentr\u00e1ndote en el interior del pa\u00eds y m\u00e1s all\u00e1, hemos dise\u00f1ado nuestra geometr\u00eda Gravel Endurance pensando en ti. Con una posici\u00f3n de conducci\u00f3n optimizada para largos d\u00edas sobre el sill\u00edn y \u00e1ngulos y dimensiones del cuadro destinados a lograr el equilibrio perfecto entre agilidad y estabilidad, es todo lo que necesitas para tus aventuras todoterreno.<\/p>\n<p><img decoding=\"async\" src=\"https:\/\/cdn.shopify.com\/s\/files\/1\/0084\/1151\/2896\/files\/synqup_830100_D_00.jpg?v=1754490794\" alt=\"\" \/><\/p>\n<h3>ESPECIFICACIONES<\/h3>\n<div class=\"section\">\n<div class=\"table-row row no-gutters\">\n<div class=\"col-5 col-md-3 col-lg-2\">\n<p><strong>CUADRO<\/strong><br \/>\nC:62\u00ae Advanced Twin Mold Technology, Internal Cable Routing, Integrated<br \/>\nSeat Post Clamp, Flat Mount Disc, Fender\/Rack &amp; Kickstand Option,<br \/>\n12x142mm, UDH\u2122<\/p>\n<p><strong>HORQUILLA R\u00cdGIDA<\/strong><br \/>\nCUBE C:62\u00ae Technology, 1 1\/8&#8243; &#8211; 1 1\/2&#8243; Tapered, Integrated Cable Routing, Flat<br \/>\nMount Disc, Fender &amp; Lowrider Mounts, Internal Light Cable Option, 12x100mm<\/p>\n<p><strong>JUEGO DE FRENOS \u00a0 \u00a0<\/strong><br \/>\nShimano GRX BR-RX400, Hydr. Disc Brake, Flat Mount (160\/160)<\/p>\n<p><strong>CAMBIO TRASERO \u00a0 \u00a0<\/strong><br \/>\nShimano GRX RD-RX822-SGS, 12-Speed<\/p>\n<p><strong>MANDOS<\/strong><br \/>\nShimano GRX ST-RX610<\/p>\n<p><strong>BIELAS<\/strong><br \/>\nShimano GRX FC-RX610, 40T<\/p>\n<p><b>CAJA PEDALIER<\/b><br \/>\nShimano SM-BB71-41B, 86mm Pressfit<\/p>\n<p><strong>PI\u00d1\u00d3N<\/strong><br \/>\nShimano Deore CS-M6100, 10-51T<\/p>\n<p><strong>CADENA<\/strong><br \/>\nShimano CN-M6100<\/p>\n<p><strong>RUEDAS<\/strong><br \/>\nNewmen Performance 25, 28\/28 Spokes, 12x100mm\/12x142mm, Tubeless Ready<\/p>\n<p><strong>NEUM\u00c1TICOS<\/strong><br \/>\nSchwalbe G-One Allround, Kevlar, 45-622<\/p>\n<p><strong>POTENCIA<\/strong><br \/>\nCUBE CIS Stem w\/ Cable Routing<\/p>\n<p><strong>MANILLAR<\/strong><br \/>\nNewmen Advanced Gravel Bar 318, Carbon, 31.8mm<\/p>\n<p><strong>CINTA DE MANILLAR \u00a0 \u00a0<\/strong><br \/>\nACID Bartape CX<\/p>\n<p><strong>TIJA<\/strong><br \/>\nNewmen Advanced, Carbono, 27,2 mm<\/p>\n<p><strong>SILL\u00cdN<\/strong><br \/>\nACID Nuance Pro<\/p>\n<p><strong>DIRECCI\u00d3N<\/strong><br \/>\nACROS, Top Integrated 1 1\/2&#8243; w\/ Integrated Cable Routing, Bottom Integrated 1 1\/2&#8243;<\/p>\n<p><strong>PESO<\/strong><br \/>\n9,4 kg<\/p>\n<\/div>\n<\/div>\n<\/div>\n","protected":false},"excerpt":{"rendered":"<p><strong><img decoding=\"async\" class=\"sFlh5c FyHeAf iPVvYb\" src=\"https:\/\/upload.wikimedia.org\/wikipedia\/commons\/thumb\/9\/99\/Orbea_logo.svg\/2560px-Orbea_logo.svg.png\" alt=\"Archivo:Orbea logo.svg - Wikipedia, la enciclopedia libre\" width=\"101\" height=\"11\" \/>La Cube Nuroad C:62 ONE es una bicicleta de Gravel con un cuadro y horquilla de Carbono C:62\u00ae Advanced Twin Mold, que ofrece una mezcla excepcional de ligereza (cuadro de ~1150 g) y durabilidad. Viene equipada con el grupo de Gravel de Shimano, la serie GRX, en una configuraci\u00f3n 1&#215;12 con un enorme rango (plato 40T y cassette 10-51T). Su dise\u00f1o es limpio con cableado semi-integrado y permite neum\u00e1ticos de hasta 50 mm. Perfecta para la exploraci\u00f3n sin l\u00edmites. Peso: 9.4 kg.<\/strong><\/p>\n","protected":false},"featured_media":22925,"comment_status":"open","ping_status":"closed","template":"","meta":[],"product_cat":[205,195,899,902],"product_tag":[1576,814,820,903],"class_list":{"0":"post-22924","1":"product","2":"type-product","3":"status-publish","4":"has-post-thumbnail","6":"product_brand-cube","7":"product_cat-bicicleta-gravel","8":"product_cat-bicicletas","9":"product_cat-cube-bicicleta-gravel","10":"product_cat-nuroad","11":"product_tag-bicicleta-cube-nuroad-c62-one-carbonnglossy","12":"product_tag-cube","13":"product_tag-gravel","14":"product_tag-nuroad","16":"first","17":"onbackorder","18":"taxable","19":"shipping-taxable","20":"purchasable","21":"product-type-variable","22":"rtwpvg-product"},"yoast_head":"<!-- This site is optimized with the Yoast SEO Premium plugin v24.8 (Yoast SEO v25.6) - https:\/\/yoast.com\/wordpress\/plugins\/seo\/ -->\n<title>Cube Nuroad C:62 ONE - Gravel<\/title>\n<meta name=\"description\" content=\"La Cube Nuroad C:62 ONE es la entrada de Cube al Gravel de carbono. Cuadro C:62 ultraligero, transmisi\u00f3n Shimano GRX 1x12 con cassette 10-51T para cualquier pendiente y una est\u00e9tica elegante (carbon\u00b4n\u00b4glossy). Dise\u00f1ada para velocidad en carretera y control en la grava. Peso: 9.4 kg.\" \/>\n<meta name=\"robots\" content=\"index, follow, max-snippet:-1, max-image-preview:large, max-video-preview:-1\" \/>\n<link rel=\"canonical\" href=\"https:\/\/naturalbikes.cl\/?product=cube-nuroad-c62-one-carbonnglossy\" \/>\n<meta property=\"og:locale\" content=\"es_ES\" \/>\n<meta property=\"og:type\" content=\"article\" \/>\n<meta property=\"og:title\" content=\"Bicicleta Cube Nuroad C:62 ONE carbon\u00b4n\u00b4glossy\" \/>\n<meta property=\"og:description\" content=\"Ofrecer a nuestros clientes apasionados por el ciclismo de monta\u00f1a la mejor experiencia en productos, conocimientos especializados y servicios excepcionales. Nos comprometemos a proporcionar una amplia gama de bicicletas, accesorios y equipo de alta calidad, junto con asesoramiento experto y atenci\u00f3n personalizada para cada ciclista, para que puedan explorar, disfrutar y maximizar su aventura en el mundo del MTB\" \/>\n<meta property=\"og:url\" content=\"https:\/\/naturalbikes.cl\/?product=cube-nuroad-c62-one-carbonnglossy\" \/>\n<meta property=\"og:site_name\" content=\"NaturalBikes\" \/>\n<meta property=\"article:publisher\" content=\"https:\/\/www.facebook.com\/naturalbikescl\" \/>\n<meta property=\"article:modified_time\" content=\"2026-01-06T20:12:39+00:00\" \/>\n<meta property=\"og:image\" content=\"https:\/\/naturalbikes.cl\/wp-content\/uploads\/2025\/10\/synqup_830100_360I_00_1920x1920_9c5c55bb-97e0-4c87-a2cb-17171063ba2f.jpg-2.webp\" \/>\n\t<meta property=\"og:image:width\" content=\"1920\" \/>\n\t<meta property=\"og:image:height\" content=\"1154\" \/>\n\t<meta property=\"og:image:type\" content=\"image\/webp\" \/>\n<meta name=\"twitter:card\" content=\"summary_large_image\" \/>\n<meta name=\"twitter:label1\" content=\"Tiempo de lectura\" \/>\n\t<meta name=\"twitter:data1\" content=\"4 minutos\" \/>\n<script type=\"application\/ld+json\" class=\"yoast-schema-graph\">{\"@context\":\"https:\/\/schema.org\",\"@graph\":[{\"@type\":\"WebPage\",\"@id\":\"https:\/\/naturalbikes.cl\/?product=cube-nuroad-c62-one-carbonnglossy\",\"url\":\"https:\/\/naturalbikes.cl\/?product=cube-nuroad-c62-one-carbonnglossy\",\"name\":\"Cube Nuroad C:62 ONE - Gravel\",\"isPartOf\":{\"@id\":\"https:\/\/naturalbikes.cl\/#website\"},\"primaryImageOfPage\":{\"@id\":\"https:\/\/naturalbikes.cl\/?product=cube-nuroad-c62-one-carbonnglossy#primaryimage\"},\"image\":{\"@id\":\"https:\/\/naturalbikes.cl\/?product=cube-nuroad-c62-one-carbonnglossy#primaryimage\"},\"thumbnailUrl\":\"https:\/\/naturalbikes.cl\/wp-content\/uploads\/2025\/10\/synqup_830100_360I_00_1920x1920_9c5c55bb-97e0-4c87-a2cb-17171063ba2f.jpg-2.webp\",\"datePublished\":\"2025-10-15T18:49:14+00:00\",\"dateModified\":\"2026-01-06T20:12:39+00:00\",\"description\":\"La Cube Nuroad C:62 ONE es la entrada de Cube al Gravel de carbono. Cuadro C:62 ultraligero, transmisi\u00f3n Shimano GRX 1x12 con cassette 10-51T para cualquier pendiente y una est\u00e9tica elegante (carbon\u00b4n\u00b4glossy). Dise\u00f1ada para velocidad en carretera y control en la grava. Peso: 9.4 kg.\",\"breadcrumb\":{\"@id\":\"https:\/\/naturalbikes.cl\/?product=cube-nuroad-c62-one-carbonnglossy#breadcrumb\"},\"inLanguage\":\"es\",\"potentialAction\":[{\"@type\":\"ReadAction\",\"target\":[\"https:\/\/naturalbikes.cl\/?product=cube-nuroad-c62-one-carbonnglossy\"]}]},{\"@type\":\"ImageObject\",\"inLanguage\":\"es\",\"@id\":\"https:\/\/naturalbikes.cl\/?product=cube-nuroad-c62-one-carbonnglossy#primaryimage\",\"url\":\"https:\/\/naturalbikes.cl\/wp-content\/uploads\/2025\/10\/synqup_830100_360I_00_1920x1920_9c5c55bb-97e0-4c87-a2cb-17171063ba2f.jpg-2.webp\",\"contentUrl\":\"https:\/\/naturalbikes.cl\/wp-content\/uploads\/2025\/10\/synqup_830100_360I_00_1920x1920_9c5c55bb-97e0-4c87-a2cb-17171063ba2f.jpg-2.webp\",\"width\":1920,\"height\":1154},{\"@type\":\"BreadcrumbList\",\"@id\":\"https:\/\/naturalbikes.cl\/?product=cube-nuroad-c62-one-carbonnglossy#breadcrumb\",\"itemListElement\":[{\"@type\":\"ListItem\",\"position\":1,\"name\":\"Portada\",\"item\":\"https:\/\/naturalbikes.cl\/\"},{\"@type\":\"ListItem\",\"position\":2,\"name\":\"Tienda NB\",\"item\":\"https:\/\/naturalbikes.cl\/?page_id=7843\"},{\"@type\":\"ListItem\",\"position\":3,\"name\":\"Cube\",\"item\":\"https:\/\/naturalbikes.cl\/?product_brand=cube\"},{\"@type\":\"ListItem\",\"position\":4,\"name\":\"Bicicleta Cube Nuroad C:62 ONE carbon\u00b4n\u00b4glossy\"}]},{\"@type\":\"WebSite\",\"@id\":\"https:\/\/naturalbikes.cl\/#website\",\"url\":\"https:\/\/naturalbikes.cl\/\",\"name\":\"Natural Bikes\",\"description\":\"Tienda de bicicletas repuestos accesorios taller mantenimiento clases salidas\",\"publisher\":{\"@id\":\"https:\/\/naturalbikes.cl\/#organization\"},\"alternateName\":\"Natural Bikes\",\"potentialAction\":[{\"@type\":\"SearchAction\",\"target\":{\"@type\":\"EntryPoint\",\"urlTemplate\":\"https:\/\/naturalbikes.cl\/?s={search_term_string}\"},\"query-input\":{\"@type\":\"PropertyValueSpecification\",\"valueRequired\":true,\"valueName\":\"search_term_string\"}}],\"inLanguage\":\"es\"},{\"@type\":\"Organization\",\"@id\":\"https:\/\/naturalbikes.cl\/#organization\",\"name\":\"Natural Bikes\",\"alternateName\":\"Natural Bikes\",\"url\":\"https:\/\/naturalbikes.cl\/\",\"logo\":{\"@type\":\"ImageObject\",\"inLanguage\":\"es\",\"@id\":\"https:\/\/naturalbikes.cl\/#\/schema\/logo\/image\/\",\"url\":\"https:\/\/naturalbikes.cl\/wp-content\/uploads\/2024\/05\/2023-10-10-10.44.12.jpg\",\"contentUrl\":\"https:\/\/naturalbikes.cl\/wp-content\/uploads\/2024\/05\/2023-10-10-10.44.12.jpg\",\"width\":650,\"height\":650,\"caption\":\"Natural Bikes\"},\"image\":{\"@id\":\"https:\/\/naturalbikes.cl\/#\/schema\/logo\/image\/\"},\"sameAs\":[\"https:\/\/www.facebook.com\/naturalbikescl\",\"https:\/\/www.instagram.com\/natural.bikes\",\"https:\/\/www.tiktok.com\/@natural.bikes\"],\"description\":\"Ofrecer a nuestros clientes apasionados por el ciclismo de monta\u00f1a la mejor experiencia en productos, conocimientos especializados y servicios excepcionales. Nos comprometemos a proporcionar una amplia gama de bicicletas, accesorios y equipo de alta calidad, junto con asesoramiento experto y atenci\u00f3n personalizada para cada ciclista, para que puedan explorar, disfrutar y maximizar su aventura en el mundo del MTB\",\"email\":\"naturalbikes1@gmail.com\",\"telephone\":\"56977043878\",\"legalName\":\"Natural Bikes Limitada\",\"foundingDate\":\"2024-01-01\",\"vatID\":\"76699553-5\",\"taxID\":\"76699553-5\",\"numberOfEmployees\":{\"@type\":\"QuantitativeValue\",\"minValue\":\"1\",\"maxValue\":\"10\"},\"publishingPrinciples\":\"https:\/\/naturalbikes.cl\/?page_id=7843\",\"ownershipFundingInfo\":\"https:\/\/naturalbikes.cl\/?page_id=7843\",\"actionableFeedbackPolicy\":\"https:\/\/naturalbikes.cl\/?page_id=14797\",\"correctionsPolicy\":\"https:\/\/naturalbikes.cl\/?page_id=3\",\"ethicsPolicy\":\"https:\/\/naturalbikes.cl\/?page_id=7843\",\"diversityPolicy\":\"https:\/\/naturalbikes.cl\/?page_id=11734\",\"diversityStaffingReport\":\"https:\/\/naturalbikes.cl\/?page_id=12161\"}]}<\/script>\n<!-- \/ Yoast SEO Premium plugin. -->","yoast_head_json":{"title":"Cube Nuroad C:62 ONE - Gravel","description":"La Cube Nuroad C:62 ONE es la entrada de Cube al Gravel de carbono. Cuadro C:62 ultraligero, transmisi\u00f3n Shimano GRX 1x12 con cassette 10-51T para cualquier pendiente y una est\u00e9tica elegante (carbon\u00b4n\u00b4glossy). Dise\u00f1ada para velocidad en carretera y control en la grava. Peso: 9.4 kg.","robots":{"index":"index","follow":"follow","max-snippet":"max-snippet:-1","max-image-preview":"max-image-preview:large","max-video-preview":"max-video-preview:-1"},"canonical":"https:\/\/naturalbikes.cl\/?product=cube-nuroad-c62-one-carbonnglossy","og_locale":"es_ES","og_type":"article","og_title":"Bicicleta Cube Nuroad C:62 ONE carbon\u00b4n\u00b4glossy","og_description":"Ofrecer a nuestros clientes apasionados por el ciclismo de monta\u00f1a la mejor experiencia en productos, conocimientos especializados y servicios excepcionales. Nos comprometemos a proporcionar una amplia gama de bicicletas, accesorios y equipo de alta calidad, junto con asesoramiento experto y atenci\u00f3n personalizada para cada ciclista, para que puedan explorar, disfrutar y maximizar su aventura en el mundo del MTB","og_url":"https:\/\/naturalbikes.cl\/?product=cube-nuroad-c62-one-carbonnglossy","og_site_name":"NaturalBikes","article_publisher":"https:\/\/www.facebook.com\/naturalbikescl","article_modified_time":"2026-01-06T20:12:39+00:00","og_image":[{"width":1920,"height":1154,"url":"https:\/\/naturalbikes.cl\/wp-content\/uploads\/2025\/10\/synqup_830100_360I_00_1920x1920_9c5c55bb-97e0-4c87-a2cb-17171063ba2f.jpg-2.webp","type":"image\/webp"}],"twitter_card":"summary_large_image","twitter_misc":{"Tiempo de lectura":"4 minutos"},"schema":{"@context":"https:\/\/schema.org","@graph":[{"@type":"WebPage","@id":"https:\/\/naturalbikes.cl\/?product=cube-nuroad-c62-one-carbonnglossy","url":"https:\/\/naturalbikes.cl\/?product=cube-nuroad-c62-one-carbonnglossy","name":"Cube Nuroad C:62 ONE - Gravel","isPartOf":{"@id":"https:\/\/naturalbikes.cl\/#website"},"primaryImageOfPage":{"@id":"https:\/\/naturalbikes.cl\/?product=cube-nuroad-c62-one-carbonnglossy#primaryimage"},"image":{"@id":"https:\/\/naturalbikes.cl\/?product=cube-nuroad-c62-one-carbonnglossy#primaryimage"},"thumbnailUrl":"https:\/\/naturalbikes.cl\/wp-content\/uploads\/2025\/10\/synqup_830100_360I_00_1920x1920_9c5c55bb-97e0-4c87-a2cb-17171063ba2f.jpg-2.webp","datePublished":"2025-10-15T18:49:14+00:00","dateModified":"2026-01-06T20:12:39+00:00","description":"La Cube Nuroad C:62 ONE es la entrada de Cube al Gravel de carbono. Cuadro C:62 ultraligero, transmisi\u00f3n Shimano GRX 1x12 con cassette 10-51T para cualquier pendiente y una est\u00e9tica elegante (carbon\u00b4n\u00b4glossy). Dise\u00f1ada para velocidad en carretera y control en la grava. Peso: 9.4 kg.","breadcrumb":{"@id":"https:\/\/naturalbikes.cl\/?product=cube-nuroad-c62-one-carbonnglossy#breadcrumb"},"inLanguage":"es","potentialAction":[{"@type":"ReadAction","target":["https:\/\/naturalbikes.cl\/?product=cube-nuroad-c62-one-carbonnglossy"]}]},{"@type":"ImageObject","inLanguage":"es","@id":"https:\/\/naturalbikes.cl\/?product=cube-nuroad-c62-one-carbonnglossy#primaryimage","url":"https:\/\/naturalbikes.cl\/wp-content\/uploads\/2025\/10\/synqup_830100_360I_00_1920x1920_9c5c55bb-97e0-4c87-a2cb-17171063ba2f.jpg-2.webp","contentUrl":"https:\/\/naturalbikes.cl\/wp-content\/uploads\/2025\/10\/synqup_830100_360I_00_1920x1920_9c5c55bb-97e0-4c87-a2cb-17171063ba2f.jpg-2.webp","width":1920,"height":1154},{"@type":"BreadcrumbList","@id":"https:\/\/naturalbikes.cl\/?product=cube-nuroad-c62-one-carbonnglossy#breadcrumb","itemListElement":[{"@type":"ListItem","position":1,"name":"Portada","item":"https:\/\/naturalbikes.cl\/"},{"@type":"ListItem","position":2,"name":"Tienda NB","item":"https:\/\/naturalbikes.cl\/?page_id=7843"},{"@type":"ListItem","position":3,"name":"Cube","item":"https:\/\/naturalbikes.cl\/?product_brand=cube"},{"@type":"ListItem","position":4,"name":"Bicicleta Cube Nuroad C:62 ONE carbon\u00b4n\u00b4glossy"}]},{"@type":"WebSite","@id":"https:\/\/naturalbikes.cl\/#website","url":"https:\/\/naturalbikes.cl\/","name":"Natural Bikes","description":"Tienda de bicicletas repuestos accesorios taller mantenimiento clases salidas","publisher":{"@id":"https:\/\/naturalbikes.cl\/#organization"},"alternateName":"Natural Bikes","potentialAction":[{"@type":"SearchAction","target":{"@type":"EntryPoint","urlTemplate":"https:\/\/naturalbikes.cl\/?s={search_term_string}"},"query-input":{"@type":"PropertyValueSpecification","valueRequired":true,"valueName":"search_term_string"}}],"inLanguage":"es"},{"@type":"Organization","@id":"https:\/\/naturalbikes.cl\/#organization","name":"Natural Bikes","alternateName":"Natural Bikes","url":"https:\/\/naturalbikes.cl\/","logo":{"@type":"ImageObject","inLanguage":"es","@id":"https:\/\/naturalbikes.cl\/#\/schema\/logo\/image\/","url":"https:\/\/naturalbikes.cl\/wp-content\/uploads\/2024\/05\/2023-10-10-10.44.12.jpg","contentUrl":"https:\/\/naturalbikes.cl\/wp-content\/uploads\/2024\/05\/2023-10-10-10.44.12.jpg","width":650,"height":650,"caption":"Natural Bikes"},"image":{"@id":"https:\/\/naturalbikes.cl\/#\/schema\/logo\/image\/"},"sameAs":["https:\/\/www.facebook.com\/naturalbikescl","https:\/\/www.instagram.com\/natural.bikes","https:\/\/www.tiktok.com\/@natural.bikes"],"description":"Ofrecer a nuestros clientes apasionados por el ciclismo de monta\u00f1a la mejor experiencia en productos, conocimientos especializados y servicios excepcionales. Nos comprometemos a proporcionar una amplia gama de bicicletas, accesorios y equipo de alta calidad, junto con asesoramiento experto y atenci\u00f3n personalizada para cada ciclista, para que puedan explorar, disfrutar y maximizar su aventura en el mundo del MTB","email":"naturalbikes1@gmail.com","telephone":"56977043878","legalName":"Natural Bikes Limitada","foundingDate":"2024-01-01","vatID":"76699553-5","taxID":"76699553-5","numberOfEmployees":{"@type":"QuantitativeValue","minValue":"1","maxValue":"10"},"publishingPrinciples":"https:\/\/naturalbikes.cl\/?page_id=7843","ownershipFundingInfo":"https:\/\/naturalbikes.cl\/?page_id=7843","actionableFeedbackPolicy":"https:\/\/naturalbikes.cl\/?page_id=14797","correctionsPolicy":"https:\/\/naturalbikes.cl\/?page_id=3","ethicsPolicy":"https:\/\/naturalbikes.cl\/?page_id=7843","diversityPolicy":"https:\/\/naturalbikes.cl\/?page_id=11734","diversityStaffingReport":"https:\/\/naturalbikes.cl\/?page_id=12161"}]}},"_links":{"self":[{"href":"https:\/\/naturalbikes.cl\/index.php?rest_route=\/wp\/v2\/product\/22924"}],"collection":[{"href":"https:\/\/naturalbikes.cl\/index.php?rest_route=\/wp\/v2\/product"}],"about":[{"href":"https:\/\/naturalbikes.cl\/index.php?rest_route=\/wp\/v2\/types\/product"}],"replies":[{"embeddable":true,"href":"https:\/\/naturalbikes.cl\/index.php?rest_route=%2Fwp%2Fv2%2Fcomments&post=22924"}],"wp:featuredmedia":[{"embeddable":true,"href":"https:\/\/naturalbikes.cl\/index.php?rest_route=\/wp\/v2\/media\/22925"}],"wp:attachment":[{"href":"https:\/\/naturalbikes.cl\/index.php?rest_route=%2Fwp%2Fv2%2Fmedia&parent=22924"}],"wp:term":[{"taxonomy":"product_cat","embeddable":true,"href":"https:\/\/naturalbikes.cl\/index.php?rest_route=%2Fwp%2Fv2%2Fproduct_cat&post=22924"},{"taxonomy":"product_tag","embeddable":true,"href":"https:\/\/naturalbikes.cl\/index.php?rest_route=%2Fwp%2Fv2%2Fproduct_tag&post=22924"}],"curies":[{"name":"wp","href":"https:\/\/api.w.org\/{rel}","templated":true}]}}