{"id":22811,"date":"2025-09-16T11:34:43","date_gmt":"2025-09-16T14:34:43","guid":{"rendered":"https:\/\/naturalbikes.cl\/?post_type=product&#038;p=22811"},"modified":"2026-02-04T11:33:59","modified_gmt":"2026-02-04T14:33:59","slug":"cube-stereo-hybrid-one77-hpc-slx-800-desertstonenblack","status":"publish","type":"product","link":"https:\/\/naturalbikes.cl\/?product=cube-stereo-hybrid-one77-hpc-slx-800-desertstonenblack","title":{"rendered":"Cube Stereo Hybrid ONE77 HPC SLX 800 desertstone\u00b4n\u00b4black"},"content":{"rendered":"<p data-start=\"935\" data-end=\"1292\">Dise\u00f1ada para romper los l\u00edmites del trail, la <strong data-start=\"982\" data-end=\"1042\">Cube Stereo Hybrid ONE77 HPC SLX 800 Desertstone\u00b4n\u00b4Black<\/strong> combina ingenier\u00eda de precisi\u00f3n, componentes de alto nivel y una est\u00e9tica robusta y sofisticada. Esta e-MTB es la elecci\u00f3n perfecta para ciclistas que buscan una bicicleta el\u00e9ctrica de enduro con gran autonom\u00eda, control absoluto y dise\u00f1o impactante.<\/p>\n<p data-start=\"1294\" data-end=\"1571\">Su <strong data-start=\"1297\" data-end=\"1357\">cuadro h\u00edbrido de carbono (frontal) y aluminio (trasero)<\/strong> ofrece una mezcla ideal de ligereza y resistencia, mientras que su <strong data-start=\"1425\" data-end=\"1449\">geometr\u00eda progresiva<\/strong> est\u00e1 optimizada para el enduro moderno, permitiendo atacar descensos agresivos y mantener eficiencia en subidas t\u00e9cnicas.<\/p>\n<p data-start=\"1573\" data-end=\"1843\">Equipada con el potente <strong data-start=\"1597\" data-end=\"1653\">motor Bosch Performance Line CX Smart System (85 Nm)<\/strong> y una <strong data-start=\"1660\" data-end=\"1701\">bater\u00eda integrada PowerTube de 750 Wh<\/strong>, tendr\u00e1s potencia y autonom\u00eda de sobra para explorar rutas largas, subir pendientes pronunciadas y mantenerte en el flow durante todo el d\u00eda.<\/p>\n<p data-start=\"1845\" data-end=\"2066\">La suspensi\u00f3n est\u00e1 a la altura de los m\u00e1s exigentes: <strong data-start=\"1898\" data-end=\"1931\">horquilla RockShox ZEB Select<\/strong> y <strong data-start=\"1934\" data-end=\"1974\">amortiguador RockShox Deluxe Select+<\/strong>, ambos con 170 mm de recorrido, para un rendimiento suave y confiable en cualquier terreno.<\/p>\n<p data-start=\"2068\" data-end=\"2271\">La transmisi\u00f3n <strong data-start=\"2083\" data-end=\"2119\">Shimano XT\/SLX de 12 velocidades<\/strong> garantiza cambios precisos, mientras que los <strong data-start=\"2165\" data-end=\"2200\">frenos Shimano XT de 4 pistones<\/strong> ofrecen potencia de frenado constante incluso en condiciones extremas.<\/p>\n<p data-start=\"2273\" data-end=\"2437\">El acabado <strong data-start=\"2284\" data-end=\"2307\">Desertstone\u00b4n\u00b4Black<\/strong> aporta una est\u00e9tica premium, con tonos arena y detalles en negro que destacan tanto en el trail como en cualquier parada t\u00e9cnica.<\/p>\n","protected":false},"excerpt":{"rendered":"<p data-start=\"682\" data-end=\"885\"><strong>E-bike de enduro Cube Stereo Hybrid ONE77 HPC SLX 800 Desertstone\u00b4n\u00b4Black con suspensi\u00f3n de 170 mm, motor Bosch CX y bater\u00eda integrada de 750 Wh. Perfecta para conquistar los trails m\u00e1s duros con estilo.<\/strong><\/p>\n","protected":false},"featured_media":22812,"comment_status":"open","ping_status":"closed","template":"","meta":[],"product_cat":[201,195,811],"product_tag":[817,814,815,844],"class_list":{"0":"post-22811","1":"product","2":"type-product","3":"status-publish","4":"has-post-thumbnail","6":"product_brand-cube","7":"product_cat-bicicleta-electrica","8":"product_cat-bicicletas","9":"product_cat-cube","10":"product_tag-bicicleta","11":"product_tag-cube","12":"product_tag-ebike","13":"product_tag-stereo","15":"first","16":"onbackorder","17":"taxable","18":"shipping-taxable","19":"purchasable","20":"product-type-variable","21":"rtwpvg-product"},"yoast_head":"<!-- This site is optimized with the Yoast SEO Premium plugin v24.8 (Yoast SEO v25.6) - https:\/\/yoast.com\/wordpress\/plugins\/seo\/ -->\n<title>Cube Stereo Hybrid ONE77 HPC SLX 800 desertstone\u00b4n\u00b4black - NaturalBikes<\/title>\n<meta name=\"description\" content=\"La Cube Stereo Hybrid ONE77 HPC SLX 800 Desertstone\u00b4n\u00b4Black es una e-bike de enduro con cuadro de carbono, motor Bosch CX Smart System y bater\u00eda de 750 Wh. Estilo agresivo y rendimiento sin concesiones.\" \/>\n<meta name=\"robots\" content=\"index, follow, max-snippet:-1, max-image-preview:large, max-video-preview:-1\" \/>\n<link rel=\"canonical\" href=\"https:\/\/naturalbikes.cl\/?product=cube-stereo-hybrid-one77-hpc-slx-800-desertstonenblack\" \/>\n<meta property=\"og:locale\" content=\"es_ES\" \/>\n<meta property=\"og:type\" content=\"article\" \/>\n<meta property=\"og:title\" content=\"Cube Stereo Hybrid ONE77 HPC SLX 800 desertstone\u00b4n\u00b4black\" \/>\n<meta property=\"og:description\" content=\"Ofrecer a nuestros clientes apasionados por el ciclismo de monta\u00f1a la mejor experiencia en productos, conocimientos especializados y servicios excepcionales. Nos comprometemos a proporcionar una amplia gama de bicicletas, accesorios y equipo de alta calidad, junto con asesoramiento experto y atenci\u00f3n personalizada para cada ciclista, para que puedan explorar, disfrutar y maximizar su aventura en el mundo del MTB\" \/>\n<meta property=\"og:url\" content=\"https:\/\/naturalbikes.cl\/?product=cube-stereo-hybrid-one77-hpc-slx-800-desertstonenblack\" \/>\n<meta property=\"og:site_name\" content=\"NaturalBikes\" \/>\n<meta property=\"article:publisher\" content=\"https:\/\/www.facebook.com\/naturalbikescl\" \/>\n<meta property=\"article:modified_time\" content=\"2026-02-04T14:33:59+00:00\" \/>\n<meta property=\"og:image\" content=\"https:\/\/naturalbikes.cl\/wp-content\/uploads\/2025\/09\/803320_360V_01.webp\" \/>\n\t<meta property=\"og:image:width\" content=\"1200\" \/>\n\t<meta property=\"og:image:height\" content=\"704\" \/>\n\t<meta property=\"og:image:type\" content=\"image\/webp\" \/>\n<meta name=\"twitter:card\" content=\"summary_large_image\" \/>\n<meta name=\"twitter:label1\" content=\"Tiempo de lectura\" \/>\n\t<meta name=\"twitter:data1\" content=\"2 minutos\" \/>\n<script type=\"application\/ld+json\" class=\"yoast-schema-graph\">{\"@context\":\"https:\/\/schema.org\",\"@graph\":[{\"@type\":\"WebPage\",\"@id\":\"https:\/\/naturalbikes.cl\/?product=cube-stereo-hybrid-one77-hpc-slx-800-desertstonenblack\",\"url\":\"https:\/\/naturalbikes.cl\/?product=cube-stereo-hybrid-one77-hpc-slx-800-desertstonenblack\",\"name\":\"Cube Stereo Hybrid ONE77 HPC SLX 800 desertstone\u00b4n\u00b4black - NaturalBikes\",\"isPartOf\":{\"@id\":\"https:\/\/naturalbikes.cl\/#website\"},\"primaryImageOfPage\":{\"@id\":\"https:\/\/naturalbikes.cl\/?product=cube-stereo-hybrid-one77-hpc-slx-800-desertstonenblack#primaryimage\"},\"image\":{\"@id\":\"https:\/\/naturalbikes.cl\/?product=cube-stereo-hybrid-one77-hpc-slx-800-desertstonenblack#primaryimage\"},\"thumbnailUrl\":\"https:\/\/naturalbikes.cl\/wp-content\/uploads\/2025\/09\/803320_360V_01.webp\",\"datePublished\":\"2025-09-16T14:34:43+00:00\",\"dateModified\":\"2026-02-04T14:33:59+00:00\",\"description\":\"La Cube Stereo Hybrid ONE77 HPC SLX 800 Desertstone\u00b4n\u00b4Black es una e-bike de enduro con cuadro de carbono, motor Bosch CX Smart System y bater\u00eda de 750 Wh. Estilo agresivo y rendimiento sin concesiones.\",\"breadcrumb\":{\"@id\":\"https:\/\/naturalbikes.cl\/?product=cube-stereo-hybrid-one77-hpc-slx-800-desertstonenblack#breadcrumb\"},\"inLanguage\":\"es\",\"potentialAction\":[{\"@type\":\"ReadAction\",\"target\":[\"https:\/\/naturalbikes.cl\/?product=cube-stereo-hybrid-one77-hpc-slx-800-desertstonenblack\"]}]},{\"@type\":\"ImageObject\",\"inLanguage\":\"es\",\"@id\":\"https:\/\/naturalbikes.cl\/?product=cube-stereo-hybrid-one77-hpc-slx-800-desertstonenblack#primaryimage\",\"url\":\"https:\/\/naturalbikes.cl\/wp-content\/uploads\/2025\/09\/803320_360V_01.webp\",\"contentUrl\":\"https:\/\/naturalbikes.cl\/wp-content\/uploads\/2025\/09\/803320_360V_01.webp\",\"width\":1200,\"height\":704},{\"@type\":\"BreadcrumbList\",\"@id\":\"https:\/\/naturalbikes.cl\/?product=cube-stereo-hybrid-one77-hpc-slx-800-desertstonenblack#breadcrumb\",\"itemListElement\":[{\"@type\":\"ListItem\",\"position\":1,\"name\":\"Portada\",\"item\":\"https:\/\/naturalbikes.cl\/\"},{\"@type\":\"ListItem\",\"position\":2,\"name\":\"Tienda NB\",\"item\":\"https:\/\/naturalbikes.cl\/?page_id=7843\"},{\"@type\":\"ListItem\",\"position\":3,\"name\":\"Cube\",\"item\":\"https:\/\/naturalbikes.cl\/?product_brand=cube\"},{\"@type\":\"ListItem\",\"position\":4,\"name\":\"Cube Stereo Hybrid ONE77 HPC SLX 800 desertstone\u00b4n\u00b4black\"}]},{\"@type\":\"WebSite\",\"@id\":\"https:\/\/naturalbikes.cl\/#website\",\"url\":\"https:\/\/naturalbikes.cl\/\",\"name\":\"Natural Bikes\",\"description\":\"Tienda de bicicletas repuestos accesorios taller mantenimiento clases salidas\",\"publisher\":{\"@id\":\"https:\/\/naturalbikes.cl\/#organization\"},\"alternateName\":\"Natural Bikes\",\"potentialAction\":[{\"@type\":\"SearchAction\",\"target\":{\"@type\":\"EntryPoint\",\"urlTemplate\":\"https:\/\/naturalbikes.cl\/?s={search_term_string}\"},\"query-input\":{\"@type\":\"PropertyValueSpecification\",\"valueRequired\":true,\"valueName\":\"search_term_string\"}}],\"inLanguage\":\"es\"},{\"@type\":\"Organization\",\"@id\":\"https:\/\/naturalbikes.cl\/#organization\",\"name\":\"Natural Bikes\",\"alternateName\":\"Natural Bikes\",\"url\":\"https:\/\/naturalbikes.cl\/\",\"logo\":{\"@type\":\"ImageObject\",\"inLanguage\":\"es\",\"@id\":\"https:\/\/naturalbikes.cl\/#\/schema\/logo\/image\/\",\"url\":\"https:\/\/naturalbikes.cl\/wp-content\/uploads\/2024\/05\/2023-10-10-10.44.12.jpg\",\"contentUrl\":\"https:\/\/naturalbikes.cl\/wp-content\/uploads\/2024\/05\/2023-10-10-10.44.12.jpg\",\"width\":650,\"height\":650,\"caption\":\"Natural Bikes\"},\"image\":{\"@id\":\"https:\/\/naturalbikes.cl\/#\/schema\/logo\/image\/\"},\"sameAs\":[\"https:\/\/www.facebook.com\/naturalbikescl\",\"https:\/\/www.instagram.com\/natural.bikes\",\"https:\/\/www.tiktok.com\/@natural.bikes\"],\"description\":\"Ofrecer a nuestros clientes apasionados por el ciclismo de monta\u00f1a la mejor experiencia en productos, conocimientos especializados y servicios excepcionales. Nos comprometemos a proporcionar una amplia gama de bicicletas, accesorios y equipo de alta calidad, junto con asesoramiento experto y atenci\u00f3n personalizada para cada ciclista, para que puedan explorar, disfrutar y maximizar su aventura en el mundo del MTB\",\"email\":\"naturalbikes1@gmail.com\",\"telephone\":\"56977043878\",\"legalName\":\"Natural Bikes Limitada\",\"foundingDate\":\"2024-01-01\",\"vatID\":\"76699553-5\",\"taxID\":\"76699553-5\",\"numberOfEmployees\":{\"@type\":\"QuantitativeValue\",\"minValue\":\"1\",\"maxValue\":\"10\"},\"publishingPrinciples\":\"https:\/\/naturalbikes.cl\/?page_id=7843\",\"ownershipFundingInfo\":\"https:\/\/naturalbikes.cl\/?page_id=7843\",\"actionableFeedbackPolicy\":\"https:\/\/naturalbikes.cl\/?page_id=14797\",\"correctionsPolicy\":\"https:\/\/naturalbikes.cl\/?page_id=3\",\"ethicsPolicy\":\"https:\/\/naturalbikes.cl\/?page_id=7843\",\"diversityPolicy\":\"https:\/\/naturalbikes.cl\/?page_id=11734\",\"diversityStaffingReport\":\"https:\/\/naturalbikes.cl\/?page_id=12161\"}]}<\/script>\n<!-- \/ Yoast SEO Premium plugin. -->","yoast_head_json":{"title":"Cube Stereo Hybrid ONE77 HPC SLX 800 desertstone\u00b4n\u00b4black - NaturalBikes","description":"La Cube Stereo Hybrid ONE77 HPC SLX 800 Desertstone\u00b4n\u00b4Black es una e-bike de enduro con cuadro de carbono, motor Bosch CX Smart System y bater\u00eda de 750 Wh. Estilo agresivo y rendimiento sin concesiones.","robots":{"index":"index","follow":"follow","max-snippet":"max-snippet:-1","max-image-preview":"max-image-preview:large","max-video-preview":"max-video-preview:-1"},"canonical":"https:\/\/naturalbikes.cl\/?product=cube-stereo-hybrid-one77-hpc-slx-800-desertstonenblack","og_locale":"es_ES","og_type":"article","og_title":"Cube Stereo Hybrid ONE77 HPC SLX 800 desertstone\u00b4n\u00b4black","og_description":"Ofrecer a nuestros clientes apasionados por el ciclismo de monta\u00f1a la mejor experiencia en productos, conocimientos especializados y servicios excepcionales. Nos comprometemos a proporcionar una amplia gama de bicicletas, accesorios y equipo de alta calidad, junto con asesoramiento experto y atenci\u00f3n personalizada para cada ciclista, para que puedan explorar, disfrutar y maximizar su aventura en el mundo del MTB","og_url":"https:\/\/naturalbikes.cl\/?product=cube-stereo-hybrid-one77-hpc-slx-800-desertstonenblack","og_site_name":"NaturalBikes","article_publisher":"https:\/\/www.facebook.com\/naturalbikescl","article_modified_time":"2026-02-04T14:33:59+00:00","og_image":[{"width":1200,"height":704,"url":"https:\/\/naturalbikes.cl\/wp-content\/uploads\/2025\/09\/803320_360V_01.webp","type":"image\/webp"}],"twitter_card":"summary_large_image","twitter_misc":{"Tiempo de lectura":"2 minutos"},"schema":{"@context":"https:\/\/schema.org","@graph":[{"@type":"WebPage","@id":"https:\/\/naturalbikes.cl\/?product=cube-stereo-hybrid-one77-hpc-slx-800-desertstonenblack","url":"https:\/\/naturalbikes.cl\/?product=cube-stereo-hybrid-one77-hpc-slx-800-desertstonenblack","name":"Cube Stereo Hybrid ONE77 HPC SLX 800 desertstone\u00b4n\u00b4black - NaturalBikes","isPartOf":{"@id":"https:\/\/naturalbikes.cl\/#website"},"primaryImageOfPage":{"@id":"https:\/\/naturalbikes.cl\/?product=cube-stereo-hybrid-one77-hpc-slx-800-desertstonenblack#primaryimage"},"image":{"@id":"https:\/\/naturalbikes.cl\/?product=cube-stereo-hybrid-one77-hpc-slx-800-desertstonenblack#primaryimage"},"thumbnailUrl":"https:\/\/naturalbikes.cl\/wp-content\/uploads\/2025\/09\/803320_360V_01.webp","datePublished":"2025-09-16T14:34:43+00:00","dateModified":"2026-02-04T14:33:59+00:00","description":"La Cube Stereo Hybrid ONE77 HPC SLX 800 Desertstone\u00b4n\u00b4Black es una e-bike de enduro con cuadro de carbono, motor Bosch CX Smart System y bater\u00eda de 750 Wh. Estilo agresivo y rendimiento sin concesiones.","breadcrumb":{"@id":"https:\/\/naturalbikes.cl\/?product=cube-stereo-hybrid-one77-hpc-slx-800-desertstonenblack#breadcrumb"},"inLanguage":"es","potentialAction":[{"@type":"ReadAction","target":["https:\/\/naturalbikes.cl\/?product=cube-stereo-hybrid-one77-hpc-slx-800-desertstonenblack"]}]},{"@type":"ImageObject","inLanguage":"es","@id":"https:\/\/naturalbikes.cl\/?product=cube-stereo-hybrid-one77-hpc-slx-800-desertstonenblack#primaryimage","url":"https:\/\/naturalbikes.cl\/wp-content\/uploads\/2025\/09\/803320_360V_01.webp","contentUrl":"https:\/\/naturalbikes.cl\/wp-content\/uploads\/2025\/09\/803320_360V_01.webp","width":1200,"height":704},{"@type":"BreadcrumbList","@id":"https:\/\/naturalbikes.cl\/?product=cube-stereo-hybrid-one77-hpc-slx-800-desertstonenblack#breadcrumb","itemListElement":[{"@type":"ListItem","position":1,"name":"Portada","item":"https:\/\/naturalbikes.cl\/"},{"@type":"ListItem","position":2,"name":"Tienda NB","item":"https:\/\/naturalbikes.cl\/?page_id=7843"},{"@type":"ListItem","position":3,"name":"Cube","item":"https:\/\/naturalbikes.cl\/?product_brand=cube"},{"@type":"ListItem","position":4,"name":"Cube Stereo Hybrid ONE77 HPC SLX 800 desertstone\u00b4n\u00b4black"}]},{"@type":"WebSite","@id":"https:\/\/naturalbikes.cl\/#website","url":"https:\/\/naturalbikes.cl\/","name":"Natural Bikes","description":"Tienda de bicicletas repuestos accesorios taller mantenimiento clases salidas","publisher":{"@id":"https:\/\/naturalbikes.cl\/#organization"},"alternateName":"Natural Bikes","potentialAction":[{"@type":"SearchAction","target":{"@type":"EntryPoint","urlTemplate":"https:\/\/naturalbikes.cl\/?s={search_term_string}"},"query-input":{"@type":"PropertyValueSpecification","valueRequired":true,"valueName":"search_term_string"}}],"inLanguage":"es"},{"@type":"Organization","@id":"https:\/\/naturalbikes.cl\/#organization","name":"Natural Bikes","alternateName":"Natural Bikes","url":"https:\/\/naturalbikes.cl\/","logo":{"@type":"ImageObject","inLanguage":"es","@id":"https:\/\/naturalbikes.cl\/#\/schema\/logo\/image\/","url":"https:\/\/naturalbikes.cl\/wp-content\/uploads\/2024\/05\/2023-10-10-10.44.12.jpg","contentUrl":"https:\/\/naturalbikes.cl\/wp-content\/uploads\/2024\/05\/2023-10-10-10.44.12.jpg","width":650,"height":650,"caption":"Natural Bikes"},"image":{"@id":"https:\/\/naturalbikes.cl\/#\/schema\/logo\/image\/"},"sameAs":["https:\/\/www.facebook.com\/naturalbikescl","https:\/\/www.instagram.com\/natural.bikes","https:\/\/www.tiktok.com\/@natural.bikes"],"description":"Ofrecer a nuestros clientes apasionados por el ciclismo de monta\u00f1a la mejor experiencia en productos, conocimientos especializados y servicios excepcionales. Nos comprometemos a proporcionar una amplia gama de bicicletas, accesorios y equipo de alta calidad, junto con asesoramiento experto y atenci\u00f3n personalizada para cada ciclista, para que puedan explorar, disfrutar y maximizar su aventura en el mundo del MTB","email":"naturalbikes1@gmail.com","telephone":"56977043878","legalName":"Natural Bikes Limitada","foundingDate":"2024-01-01","vatID":"76699553-5","taxID":"76699553-5","numberOfEmployees":{"@type":"QuantitativeValue","minValue":"1","maxValue":"10"},"publishingPrinciples":"https:\/\/naturalbikes.cl\/?page_id=7843","ownershipFundingInfo":"https:\/\/naturalbikes.cl\/?page_id=7843","actionableFeedbackPolicy":"https:\/\/naturalbikes.cl\/?page_id=14797","correctionsPolicy":"https:\/\/naturalbikes.cl\/?page_id=3","ethicsPolicy":"https:\/\/naturalbikes.cl\/?page_id=7843","diversityPolicy":"https:\/\/naturalbikes.cl\/?page_id=11734","diversityStaffingReport":"https:\/\/naturalbikes.cl\/?page_id=12161"}]}},"_links":{"self":[{"href":"https:\/\/naturalbikes.cl\/index.php?rest_route=\/wp\/v2\/product\/22811"}],"collection":[{"href":"https:\/\/naturalbikes.cl\/index.php?rest_route=\/wp\/v2\/product"}],"about":[{"href":"https:\/\/naturalbikes.cl\/index.php?rest_route=\/wp\/v2\/types\/product"}],"replies":[{"embeddable":true,"href":"https:\/\/naturalbikes.cl\/index.php?rest_route=%2Fwp%2Fv2%2Fcomments&post=22811"}],"wp:featuredmedia":[{"embeddable":true,"href":"https:\/\/naturalbikes.cl\/index.php?rest_route=\/wp\/v2\/media\/22812"}],"wp:attachment":[{"href":"https:\/\/naturalbikes.cl\/index.php?rest_route=%2Fwp%2Fv2%2Fmedia&parent=22811"}],"wp:term":[{"taxonomy":"product_cat","embeddable":true,"href":"https:\/\/naturalbikes.cl\/index.php?rest_route=%2Fwp%2Fv2%2Fproduct_cat&post=22811"},{"taxonomy":"product_tag","embeddable":true,"href":"https:\/\/naturalbikes.cl\/index.php?rest_route=%2Fwp%2Fv2%2Fproduct_tag&post=22811"}],"curies":[{"name":"wp","href":"https:\/\/api.w.org\/{rel}","templated":true}]}}