{"id":22786,"date":"2025-09-16T11:04:30","date_gmt":"2025-09-16T14:04:30","guid":{"rendered":"https:\/\/naturalbikes.cl\/?post_type=product&#038;p=22786"},"modified":"2026-01-06T17:12:33","modified_gmt":"2026-01-06T20:12:33","slug":"bicicleta-kona-rove-al-700-cafe","status":"publish","type":"product","link":"https:\/\/naturalbikes.cl\/?product=bicicleta-kona-rove-al-700-cafe","title":{"rendered":"Bicicleta Kona Rove AL 700 Cafe"},"content":{"rendered":"<div data-content-type=\"row\" data-appearance=\"contained\" data-element=\"main\">\n<div data-enable-parallax=\"0\" data-parallax-speed=\"0.5\" data-background-images=\"{}\" data-background-type=\"image\" data-video-loop=\"true\" data-video-play-only-visible=\"true\" data-video-lazy-load=\"true\" data-video-fallback-src=\"\" data-element=\"inner\" data-pb-style=\"AMSJXBS\">\n<figure data-content-type=\"image\" data-appearance=\"full-width\" data-element=\"main\" data-pb-style=\"PPOWMQ5\"><img decoding=\"async\" class=\"pagebuilder-mobile-hidden\" title=\"\" src=\"https:\/\/www.oxfordstore.cl\/media\/wysiwyg\/InPage-KonaRove-1.jpg\" alt=\"\" data-element=\"desktop_image\" data-pb-style=\"S9SRCO4\" \/><\/figure>\n<\/div>\n<\/div>\n<div data-content-type=\"row\" data-appearance=\"contained\" data-element=\"main\">\n<div data-enable-parallax=\"0\" data-parallax-speed=\"0.5\" data-background-images=\"{}\" data-background-type=\"image\" data-video-loop=\"true\" data-video-play-only-visible=\"true\" data-video-lazy-load=\"true\" data-video-fallback-src=\"\" data-element=\"inner\" data-pb-style=\"GFLKXVO\">\n<div data-content-type=\"text\" data-appearance=\"default\" data-element=\"main\" data-pb-style=\"D7EJ7XG\">\n<p>\u00a0 La\u00a0<strong>Rove AL 700<\/strong>\u00a0es esa bicicleta confiable y lista para todo, la compa\u00f1era perfecta para quienes buscan ir m\u00e1s all\u00e1 del asfalto sin complicarse. Si tienes curiosidad por el gravel pero no est\u00e1s seguro de cu\u00e1nto lo practicar\u00e1s, esta es tu bici. Dise\u00f1ada para quienes vienen de la ruta y quieren una opci\u00f3n vers\u00e1til para gravel, touring o simplemente para hacerlo todo, combina velocidad, comodidad y practicidad. Ideal para moverte a diario por la ciudad, lanzarte a aventuras de fin de semana o incluso emprender viajes m\u00e1s largos sobre dos ruedas.<\/p>\n<\/div>\n<\/div>\n<\/div>\n<div data-content-type=\"row\" data-appearance=\"contained\" data-element=\"main\">\n<div data-enable-parallax=\"0\" data-parallax-speed=\"0.5\" data-background-images=\"{}\" data-background-type=\"image\" data-video-loop=\"true\" data-video-play-only-visible=\"true\" data-video-lazy-load=\"true\" data-video-fallback-src=\"\" data-element=\"inner\" data-pb-style=\"C73YWX5\">\n<figure data-content-type=\"image\" data-appearance=\"full-width\" data-element=\"main\" data-pb-style=\"XP74JFL\"><img decoding=\"async\" class=\"pagebuilder-mobile-hidden\" title=\"\" src=\"https:\/\/www.oxfordstore.cl\/media\/wysiwyg\/InPage-KonaRove-2.jpg\" alt=\"\" data-element=\"desktop_image\" data-pb-style=\"SO7GBLF\" \/><\/figure>\n<\/div>\n<\/div>\n<div data-content-type=\"row\" data-appearance=\"contained\" data-element=\"main\">\n<div data-enable-parallax=\"0\" data-parallax-speed=\"0.5\" data-background-images=\"{}\" data-background-type=\"image\" data-video-loop=\"true\" data-video-play-only-visible=\"true\" data-video-lazy-load=\"true\" data-video-fallback-src=\"\" data-element=\"inner\" data-pb-style=\"KQKFXC7\">\n<div data-content-type=\"text\" data-appearance=\"default\" data-element=\"main\" data-pb-style=\"L8M1Y4N\">\n<p id=\"GC3CG29\">*Las bicicletas\u00a0<strong>KONA\u00a0<\/strong>est\u00e1n equipadas con componentes fabricados en diferentes partes del mundo. Las especificaciones y sus decorados est\u00e1n sometidas a cambio, sin previo aviso.<\/p>\n<\/div>\n<\/div>\n<\/div>\n","protected":false},"excerpt":{"rendered":"<p><strong>Bicicleta gravel KONA Rove AL 700 caf\u00e9, perfecta para carretera y caminos mixtos. Cuadro de aluminio, ruedas 700c y dise\u00f1o vers\u00e1til para tus aventuras.<\/strong><\/p>\n","protected":false},"featured_media":22787,"comment_status":"open","ping_status":"closed","template":"","meta":[],"product_cat":[205,195,1011],"product_tag":[817,1004,850,1013],"class_list":{"0":"post-22786","1":"product","2":"type-product","3":"status-publish","4":"has-post-thumbnail","6":"product_brand-kona","7":"product_cat-bicicleta-gravel","8":"product_cat-bicicletas","9":"product_cat-kona-bicicleta-gravel","10":"product_tag-bicicleta","11":"product_tag-kona","12":"product_tag-rigida","13":"product_tag-rove","15":"first","16":"instock","17":"taxable","18":"shipping-taxable","19":"purchasable","20":"product-type-variable","21":"rtwpvg-product"},"yoast_head":"<!-- This site is optimized with the Yoast SEO Premium plugin v24.8 (Yoast SEO v25.6) - https:\/\/yoast.com\/wordpress\/plugins\/seo\/ -->\n<title>Bicicleta Kona Rove AL 700 Cafe - NaturalBikes<\/title>\n<meta name=\"description\" content=\"Descubre la KONA Rove AL 700 en color caf\u00e9, una bicicleta gravel ligera y resistente. Ideal para asfalto, caminos de tierra y bikepacking. \u00a1Explora sin l\u00edmites!\" \/>\n<meta name=\"robots\" content=\"index, follow, max-snippet:-1, max-image-preview:large, max-video-preview:-1\" \/>\n<link rel=\"canonical\" href=\"https:\/\/naturalbikes.cl\/?product=bicicleta-kona-rove-al-700-cafe\" \/>\n<meta property=\"og:locale\" content=\"es_ES\" \/>\n<meta property=\"og:type\" content=\"article\" \/>\n<meta property=\"og:title\" content=\"Bicicleta Kona Rove AL 700 Cafe\" \/>\n<meta property=\"og:description\" content=\"Ofrecer a nuestros clientes apasionados por el ciclismo de monta\u00f1a la mejor experiencia en productos, conocimientos especializados y servicios excepcionales. Nos comprometemos a proporcionar una amplia gama de bicicletas, accesorios y equipo de alta calidad, junto con asesoramiento experto y atenci\u00f3n personalizada para cada ciclista, para que puedan explorar, disfrutar y maximizar su aventura en el mundo del MTB\" \/>\n<meta property=\"og:url\" content=\"https:\/\/naturalbikes.cl\/?product=bicicleta-kona-rove-al-700-cafe\" \/>\n<meta property=\"og:site_name\" content=\"NaturalBikes\" \/>\n<meta property=\"article:publisher\" content=\"https:\/\/www.facebook.com\/naturalbikescl\" \/>\n<meta property=\"article:modified_time\" content=\"2026-01-06T20:12:33+00:00\" \/>\n<meta property=\"og:image\" content=\"https:\/\/naturalbikes.cl\/wp-content\/uploads\/2025\/09\/2k25_rove_al_650_700_01_1_1-scaled.jpg\" \/>\n\t<meta property=\"og:image:width\" content=\"2560\" \/>\n\t<meta property=\"og:image:height\" content=\"1920\" \/>\n\t<meta property=\"og:image:type\" content=\"image\/jpeg\" \/>\n<meta name=\"twitter:card\" content=\"summary_large_image\" \/>\n<meta name=\"twitter:label1\" content=\"Tiempo de lectura\" \/>\n\t<meta name=\"twitter:data1\" content=\"2 minutos\" \/>\n<script type=\"application\/ld+json\" class=\"yoast-schema-graph\">{\"@context\":\"https:\/\/schema.org\",\"@graph\":[{\"@type\":\"WebPage\",\"@id\":\"https:\/\/naturalbikes.cl\/?product=bicicleta-kona-rove-al-700-cafe\",\"url\":\"https:\/\/naturalbikes.cl\/?product=bicicleta-kona-rove-al-700-cafe\",\"name\":\"Bicicleta Kona Rove AL 700 Cafe - NaturalBikes\",\"isPartOf\":{\"@id\":\"https:\/\/naturalbikes.cl\/#website\"},\"primaryImageOfPage\":{\"@id\":\"https:\/\/naturalbikes.cl\/?product=bicicleta-kona-rove-al-700-cafe#primaryimage\"},\"image\":{\"@id\":\"https:\/\/naturalbikes.cl\/?product=bicicleta-kona-rove-al-700-cafe#primaryimage\"},\"thumbnailUrl\":\"https:\/\/naturalbikes.cl\/wp-content\/uploads\/2025\/09\/2k25_rove_al_650_700_01_1_1-scaled.jpg\",\"datePublished\":\"2025-09-16T14:04:30+00:00\",\"dateModified\":\"2026-01-06T20:12:33+00:00\",\"description\":\"Descubre la KONA Rove AL 700 en color caf\u00e9, una bicicleta gravel ligera y resistente. Ideal para asfalto, caminos de tierra y bikepacking. \u00a1Explora sin l\u00edmites!\",\"breadcrumb\":{\"@id\":\"https:\/\/naturalbikes.cl\/?product=bicicleta-kona-rove-al-700-cafe#breadcrumb\"},\"inLanguage\":\"es\",\"potentialAction\":[{\"@type\":\"ReadAction\",\"target\":[\"https:\/\/naturalbikes.cl\/?product=bicicleta-kona-rove-al-700-cafe\"]}]},{\"@type\":\"ImageObject\",\"inLanguage\":\"es\",\"@id\":\"https:\/\/naturalbikes.cl\/?product=bicicleta-kona-rove-al-700-cafe#primaryimage\",\"url\":\"https:\/\/naturalbikes.cl\/wp-content\/uploads\/2025\/09\/2k25_rove_al_650_700_01_1_1-scaled.jpg\",\"contentUrl\":\"https:\/\/naturalbikes.cl\/wp-content\/uploads\/2025\/09\/2k25_rove_al_650_700_01_1_1-scaled.jpg\",\"width\":2560,\"height\":1920},{\"@type\":\"BreadcrumbList\",\"@id\":\"https:\/\/naturalbikes.cl\/?product=bicicleta-kona-rove-al-700-cafe#breadcrumb\",\"itemListElement\":[{\"@type\":\"ListItem\",\"position\":1,\"name\":\"Portada\",\"item\":\"https:\/\/naturalbikes.cl\/\"},{\"@type\":\"ListItem\",\"position\":2,\"name\":\"Tienda NB\",\"item\":\"https:\/\/naturalbikes.cl\/?page_id=7843\"},{\"@type\":\"ListItem\",\"position\":3,\"name\":\"Kona\",\"item\":\"https:\/\/naturalbikes.cl\/?product_brand=kona\"},{\"@type\":\"ListItem\",\"position\":4,\"name\":\"Bicicleta Kona Rove AL 700 Cafe\"}]},{\"@type\":\"WebSite\",\"@id\":\"https:\/\/naturalbikes.cl\/#website\",\"url\":\"https:\/\/naturalbikes.cl\/\",\"name\":\"Natural Bikes\",\"description\":\"Tienda de bicicletas repuestos accesorios taller mantenimiento clases salidas\",\"publisher\":{\"@id\":\"https:\/\/naturalbikes.cl\/#organization\"},\"alternateName\":\"Natural Bikes\",\"potentialAction\":[{\"@type\":\"SearchAction\",\"target\":{\"@type\":\"EntryPoint\",\"urlTemplate\":\"https:\/\/naturalbikes.cl\/?s={search_term_string}\"},\"query-input\":{\"@type\":\"PropertyValueSpecification\",\"valueRequired\":true,\"valueName\":\"search_term_string\"}}],\"inLanguage\":\"es\"},{\"@type\":\"Organization\",\"@id\":\"https:\/\/naturalbikes.cl\/#organization\",\"name\":\"Natural Bikes\",\"alternateName\":\"Natural Bikes\",\"url\":\"https:\/\/naturalbikes.cl\/\",\"logo\":{\"@type\":\"ImageObject\",\"inLanguage\":\"es\",\"@id\":\"https:\/\/naturalbikes.cl\/#\/schema\/logo\/image\/\",\"url\":\"https:\/\/naturalbikes.cl\/wp-content\/uploads\/2024\/05\/2023-10-10-10.44.12.jpg\",\"contentUrl\":\"https:\/\/naturalbikes.cl\/wp-content\/uploads\/2024\/05\/2023-10-10-10.44.12.jpg\",\"width\":650,\"height\":650,\"caption\":\"Natural Bikes\"},\"image\":{\"@id\":\"https:\/\/naturalbikes.cl\/#\/schema\/logo\/image\/\"},\"sameAs\":[\"https:\/\/www.facebook.com\/naturalbikescl\",\"https:\/\/www.instagram.com\/natural.bikes\",\"https:\/\/www.tiktok.com\/@natural.bikes\"],\"description\":\"Ofrecer a nuestros clientes apasionados por el ciclismo de monta\u00f1a la mejor experiencia en productos, conocimientos especializados y servicios excepcionales. Nos comprometemos a proporcionar una amplia gama de bicicletas, accesorios y equipo de alta calidad, junto con asesoramiento experto y atenci\u00f3n personalizada para cada ciclista, para que puedan explorar, disfrutar y maximizar su aventura en el mundo del MTB\",\"email\":\"naturalbikes1@gmail.com\",\"telephone\":\"56977043878\",\"legalName\":\"Natural Bikes Limitada\",\"foundingDate\":\"2024-01-01\",\"vatID\":\"76699553-5\",\"taxID\":\"76699553-5\",\"numberOfEmployees\":{\"@type\":\"QuantitativeValue\",\"minValue\":\"1\",\"maxValue\":\"10\"},\"publishingPrinciples\":\"https:\/\/naturalbikes.cl\/?page_id=7843\",\"ownershipFundingInfo\":\"https:\/\/naturalbikes.cl\/?page_id=7843\",\"actionableFeedbackPolicy\":\"https:\/\/naturalbikes.cl\/?page_id=14797\",\"correctionsPolicy\":\"https:\/\/naturalbikes.cl\/?page_id=3\",\"ethicsPolicy\":\"https:\/\/naturalbikes.cl\/?page_id=7843\",\"diversityPolicy\":\"https:\/\/naturalbikes.cl\/?page_id=11734\",\"diversityStaffingReport\":\"https:\/\/naturalbikes.cl\/?page_id=12161\"}]}<\/script>\n<!-- \/ Yoast SEO Premium plugin. -->","yoast_head_json":{"title":"Bicicleta Kona Rove AL 700 Cafe - NaturalBikes","description":"Descubre la KONA Rove AL 700 en color caf\u00e9, una bicicleta gravel ligera y resistente. Ideal para asfalto, caminos de tierra y bikepacking. \u00a1Explora sin l\u00edmites!","robots":{"index":"index","follow":"follow","max-snippet":"max-snippet:-1","max-image-preview":"max-image-preview:large","max-video-preview":"max-video-preview:-1"},"canonical":"https:\/\/naturalbikes.cl\/?product=bicicleta-kona-rove-al-700-cafe","og_locale":"es_ES","og_type":"article","og_title":"Bicicleta Kona Rove AL 700 Cafe","og_description":"Ofrecer a nuestros clientes apasionados por el ciclismo de monta\u00f1a la mejor experiencia en productos, conocimientos especializados y servicios excepcionales. Nos comprometemos a proporcionar una amplia gama de bicicletas, accesorios y equipo de alta calidad, junto con asesoramiento experto y atenci\u00f3n personalizada para cada ciclista, para que puedan explorar, disfrutar y maximizar su aventura en el mundo del MTB","og_url":"https:\/\/naturalbikes.cl\/?product=bicicleta-kona-rove-al-700-cafe","og_site_name":"NaturalBikes","article_publisher":"https:\/\/www.facebook.com\/naturalbikescl","article_modified_time":"2026-01-06T20:12:33+00:00","og_image":[{"width":2560,"height":1920,"url":"https:\/\/naturalbikes.cl\/wp-content\/uploads\/2025\/09\/2k25_rove_al_650_700_01_1_1-scaled.jpg","type":"image\/jpeg"}],"twitter_card":"summary_large_image","twitter_misc":{"Tiempo de lectura":"2 minutos"},"schema":{"@context":"https:\/\/schema.org","@graph":[{"@type":"WebPage","@id":"https:\/\/naturalbikes.cl\/?product=bicicleta-kona-rove-al-700-cafe","url":"https:\/\/naturalbikes.cl\/?product=bicicleta-kona-rove-al-700-cafe","name":"Bicicleta Kona Rove AL 700 Cafe - NaturalBikes","isPartOf":{"@id":"https:\/\/naturalbikes.cl\/#website"},"primaryImageOfPage":{"@id":"https:\/\/naturalbikes.cl\/?product=bicicleta-kona-rove-al-700-cafe#primaryimage"},"image":{"@id":"https:\/\/naturalbikes.cl\/?product=bicicleta-kona-rove-al-700-cafe#primaryimage"},"thumbnailUrl":"https:\/\/naturalbikes.cl\/wp-content\/uploads\/2025\/09\/2k25_rove_al_650_700_01_1_1-scaled.jpg","datePublished":"2025-09-16T14:04:30+00:00","dateModified":"2026-01-06T20:12:33+00:00","description":"Descubre la KONA Rove AL 700 en color caf\u00e9, una bicicleta gravel ligera y resistente. Ideal para asfalto, caminos de tierra y bikepacking. \u00a1Explora sin l\u00edmites!","breadcrumb":{"@id":"https:\/\/naturalbikes.cl\/?product=bicicleta-kona-rove-al-700-cafe#breadcrumb"},"inLanguage":"es","potentialAction":[{"@type":"ReadAction","target":["https:\/\/naturalbikes.cl\/?product=bicicleta-kona-rove-al-700-cafe"]}]},{"@type":"ImageObject","inLanguage":"es","@id":"https:\/\/naturalbikes.cl\/?product=bicicleta-kona-rove-al-700-cafe#primaryimage","url":"https:\/\/naturalbikes.cl\/wp-content\/uploads\/2025\/09\/2k25_rove_al_650_700_01_1_1-scaled.jpg","contentUrl":"https:\/\/naturalbikes.cl\/wp-content\/uploads\/2025\/09\/2k25_rove_al_650_700_01_1_1-scaled.jpg","width":2560,"height":1920},{"@type":"BreadcrumbList","@id":"https:\/\/naturalbikes.cl\/?product=bicicleta-kona-rove-al-700-cafe#breadcrumb","itemListElement":[{"@type":"ListItem","position":1,"name":"Portada","item":"https:\/\/naturalbikes.cl\/"},{"@type":"ListItem","position":2,"name":"Tienda NB","item":"https:\/\/naturalbikes.cl\/?page_id=7843"},{"@type":"ListItem","position":3,"name":"Kona","item":"https:\/\/naturalbikes.cl\/?product_brand=kona"},{"@type":"ListItem","position":4,"name":"Bicicleta Kona Rove AL 700 Cafe"}]},{"@type":"WebSite","@id":"https:\/\/naturalbikes.cl\/#website","url":"https:\/\/naturalbikes.cl\/","name":"Natural Bikes","description":"Tienda de bicicletas repuestos accesorios taller mantenimiento clases salidas","publisher":{"@id":"https:\/\/naturalbikes.cl\/#organization"},"alternateName":"Natural Bikes","potentialAction":[{"@type":"SearchAction","target":{"@type":"EntryPoint","urlTemplate":"https:\/\/naturalbikes.cl\/?s={search_term_string}"},"query-input":{"@type":"PropertyValueSpecification","valueRequired":true,"valueName":"search_term_string"}}],"inLanguage":"es"},{"@type":"Organization","@id":"https:\/\/naturalbikes.cl\/#organization","name":"Natural Bikes","alternateName":"Natural Bikes","url":"https:\/\/naturalbikes.cl\/","logo":{"@type":"ImageObject","inLanguage":"es","@id":"https:\/\/naturalbikes.cl\/#\/schema\/logo\/image\/","url":"https:\/\/naturalbikes.cl\/wp-content\/uploads\/2024\/05\/2023-10-10-10.44.12.jpg","contentUrl":"https:\/\/naturalbikes.cl\/wp-content\/uploads\/2024\/05\/2023-10-10-10.44.12.jpg","width":650,"height":650,"caption":"Natural Bikes"},"image":{"@id":"https:\/\/naturalbikes.cl\/#\/schema\/logo\/image\/"},"sameAs":["https:\/\/www.facebook.com\/naturalbikescl","https:\/\/www.instagram.com\/natural.bikes","https:\/\/www.tiktok.com\/@natural.bikes"],"description":"Ofrecer a nuestros clientes apasionados por el ciclismo de monta\u00f1a la mejor experiencia en productos, conocimientos especializados y servicios excepcionales. Nos comprometemos a proporcionar una amplia gama de bicicletas, accesorios y equipo de alta calidad, junto con asesoramiento experto y atenci\u00f3n personalizada para cada ciclista, para que puedan explorar, disfrutar y maximizar su aventura en el mundo del MTB","email":"naturalbikes1@gmail.com","telephone":"56977043878","legalName":"Natural Bikes Limitada","foundingDate":"2024-01-01","vatID":"76699553-5","taxID":"76699553-5","numberOfEmployees":{"@type":"QuantitativeValue","minValue":"1","maxValue":"10"},"publishingPrinciples":"https:\/\/naturalbikes.cl\/?page_id=7843","ownershipFundingInfo":"https:\/\/naturalbikes.cl\/?page_id=7843","actionableFeedbackPolicy":"https:\/\/naturalbikes.cl\/?page_id=14797","correctionsPolicy":"https:\/\/naturalbikes.cl\/?page_id=3","ethicsPolicy":"https:\/\/naturalbikes.cl\/?page_id=7843","diversityPolicy":"https:\/\/naturalbikes.cl\/?page_id=11734","diversityStaffingReport":"https:\/\/naturalbikes.cl\/?page_id=12161"}]}},"_links":{"self":[{"href":"https:\/\/naturalbikes.cl\/index.php?rest_route=\/wp\/v2\/product\/22786"}],"collection":[{"href":"https:\/\/naturalbikes.cl\/index.php?rest_route=\/wp\/v2\/product"}],"about":[{"href":"https:\/\/naturalbikes.cl\/index.php?rest_route=\/wp\/v2\/types\/product"}],"replies":[{"embeddable":true,"href":"https:\/\/naturalbikes.cl\/index.php?rest_route=%2Fwp%2Fv2%2Fcomments&post=22786"}],"wp:featuredmedia":[{"embeddable":true,"href":"https:\/\/naturalbikes.cl\/index.php?rest_route=\/wp\/v2\/media\/22787"}],"wp:attachment":[{"href":"https:\/\/naturalbikes.cl\/index.php?rest_route=%2Fwp%2Fv2%2Fmedia&parent=22786"}],"wp:term":[{"taxonomy":"product_cat","embeddable":true,"href":"https:\/\/naturalbikes.cl\/index.php?rest_route=%2Fwp%2Fv2%2Fproduct_cat&post=22786"},{"taxonomy":"product_tag","embeddable":true,"href":"https:\/\/naturalbikes.cl\/index.php?rest_route=%2Fwp%2Fv2%2Fproduct_tag&post=22786"}],"curies":[{"name":"wp","href":"https:\/\/api.w.org\/{rel}","templated":true}]}}