{"id":22711,"date":"2025-08-25T15:33:31","date_gmt":"2025-08-25T19:33:31","guid":{"rendered":"https:\/\/naturalbikes.cl\/?post_type=product&#038;p=22711"},"modified":"2026-01-06T17:12:29","modified_gmt":"2026-01-06T20:12:29","slug":"neumatico-wtb-vigilante-275x26-tcs-tought-high","status":"publish","type":"product","link":"https:\/\/naturalbikes.cl\/?product=neumatico-wtb-vigilante-275x26-tcs-tought-high","title":{"rendered":"Neumatico WTB Vigilante 27,5&#215;2,6 TCS Tought\/High"},"content":{"rendered":"<p><span class=\"citation-17\">El <\/span><b><span class=\"citation-17\">neum\u00e1tico WTB Vigilante 27.5&#215;2.6<\/span><\/b><span class=\"citation-17 citation-end-17\"> es un referente en el mundo del MTB agresivo.<\/span> Dise\u00f1ado para enfrentar los descensos m\u00e1s exigentes y los senderos m\u00e1s t\u00e9cnicos, este neum\u00e1tico no se intimida ante nada. Es el arma perfecta para ciclistas que exigen un rendimiento sin compromisos.<\/p>\n<div class=\"source-inline-chip-container ng-star-inserted\"><\/div>\n<p>&nbsp;<\/p>\n<p>&nbsp;<\/p>\n<h3>Tecnolog\u00edas Clave para el Rendimiento Extremo<\/h3>\n<p>&nbsp;<\/p>\n<ul>\n<li><b>TCS Tough (Tubeless Compatible System):<\/b> Esta es la versi\u00f3n m\u00e1s robusta de WTB. <span class=\"citation-16\">Su <\/span><b><span class=\"citation-16\">carcasa de doble capa<\/span><\/b><span class=\"citation-16 citation-end-16\">protege contra pinchazos y cortes, d\u00e1ndole una durabilidad y un soporte lateral inigualables.<\/span>\n<div class=\"source-inline-chip-container ng-star-inserted\"><\/div>\n<p>&nbsp;<\/li>\n<li><b>High Grip Compound:<\/b> La goma de alto agarre te permite mantener la tracci\u00f3n en las curvas y en terrenos sueltos o mojados. Este compuesto es <b>el m\u00e1s blando<\/b> de la l\u00ednea WTB, dise\u00f1ado para un rendimiento superior en las condiciones m\u00e1s dif\u00edciles.<\/li>\n<li><b>Dise\u00f1o Agresivo:<\/b> Su banda de rodadura presenta tacos cuadrados altos y bien espaciados. Este dise\u00f1o no solo ofrece una <b>gran tracci\u00f3n en la frenada<\/b>, sino que tambi\u00e9n se limpia r\u00e1pidamente del barro, manteniendo un rendimiento consistente.<\/li>\n<li><b>Tubeless Ready:<\/b><span class=\"citation-15 citation-end-15\"> El neum\u00e1tico est\u00e1 dise\u00f1ado para usarse sin c\u00e1mara, lo que te permite rodar con presiones m\u00e1s bajas para un mayor agarre y comodidad, adem\u00e1s de minimizar la probabilidad de pinchazos.<\/span>\n<div class=\"source-inline-chip-container ng-star-inserted\"><\/div>\n<p>&nbsp;<\/li>\n<\/ul>\n<p>El <b>WTB Vigilante<\/b> es el neum\u00e1tico frontal ideal para un set-up de Enduro o Trail. Su rendimiento agresivo en curva, combinado con una carcasa pr\u00e1cticamente indestructible, te dar\u00e1 la confianza para ir m\u00e1s all\u00e1 de tus l\u00edmites en cada salida.<\/p>\n","protected":false},"excerpt":{"rendered":"<p><strong>El neum\u00e1tico WTB Vigilante en medida 27.5&#215;2.6 es una bestia para los senderos. <span class=\"citation-18\">Su carcasa <\/span><span class=\"citation-18\">TCS Tough<\/span><span class=\"citation-18\"> de doble capa y el compuesto <\/span><span class=\"citation-18\">High Grip<\/span><span class=\"citation-18 citation-end-18\"> lo hacen ideal para ciclistas de Enduro y Gravity que buscan m\u00e1xima durabilidad, protecci\u00f3n contra pinchazos y un agarre excepcional en terrenos dif\u00edciles.<\/span><\/strong><\/p>\n","protected":false},"featured_media":22704,"comment_status":"open","ping_status":"closed","template":"","meta":[],"product_cat":[198,237,426],"product_tag":[1503,1480],"class_list":{"0":"post-22711","1":"product","2":"type-product","3":"status-publish","4":"has-post-thumbnail","6":"product_brand-wtb","7":"product_cat-componentes","8":"product_cat-neumaticos","9":"product_cat-wtb","10":"product_tag-neumatico","11":"product_tag-wtb","13":"first","14":"instock","15":"taxable","16":"shipping-taxable","17":"purchasable","18":"product-type-simple"},"yoast_head":"<!-- This site is optimized with the Yoast SEO Premium plugin v24.8 (Yoast SEO v25.6) - https:\/\/yoast.com\/wordpress\/plugins\/seo\/ -->\n<title>Neumatico WTB Vigilante 27,5x2,6 TCS Tought\/High - NaturalBikes<\/title>\n<meta name=\"description\" content=\"Domina los senderos con el neum\u00e1tico WTB Vigilante 27.5x2.6. Su carcasa TCS Tough y compuesto de alto agarre te dan la m\u00e1xima tracci\u00f3n y resistencia para Enduro y Gravity.\" \/>\n<meta name=\"robots\" content=\"index, follow, max-snippet:-1, max-image-preview:large, max-video-preview:-1\" \/>\n<link rel=\"canonical\" href=\"https:\/\/naturalbikes.cl\/?product=neumatico-wtb-vigilante-275x26-tcs-tought-high\" \/>\n<meta property=\"og:locale\" content=\"es_ES\" \/>\n<meta property=\"og:type\" content=\"article\" \/>\n<meta property=\"og:title\" content=\"Neumatico WTB Vigilante 27,5x2,6 TCS Tought\/High\" \/>\n<meta property=\"og:description\" content=\"Ofrecer a nuestros clientes apasionados por el ciclismo de monta\u00f1a la mejor experiencia en productos, conocimientos especializados y servicios excepcionales. Nos comprometemos a proporcionar una amplia gama de bicicletas, accesorios y equipo de alta calidad, junto con asesoramiento experto y atenci\u00f3n personalizada para cada ciclista, para que puedan explorar, disfrutar y maximizar su aventura en el mundo del MTB\" \/>\n<meta property=\"og:url\" content=\"https:\/\/naturalbikes.cl\/?product=neumatico-wtb-vigilante-275x26-tcs-tought-high\" \/>\n<meta property=\"og:site_name\" content=\"NaturalBikes\" \/>\n<meta property=\"article:publisher\" content=\"https:\/\/www.facebook.com\/naturalbikescl\" \/>\n<meta property=\"article:modified_time\" content=\"2026-01-06T20:12:29+00:00\" \/>\n<meta property=\"og:image\" content=\"https:\/\/naturalbikes.cl\/wp-content\/uploads\/2025\/08\/31407317644443_1080x.webp.jpeg.webp\" \/>\n\t<meta property=\"og:image:width\" content=\"1080\" \/>\n\t<meta property=\"og:image:height\" content=\"1080\" \/>\n\t<meta property=\"og:image:type\" content=\"image\/webp\" \/>\n<meta name=\"twitter:card\" content=\"summary_large_image\" \/>\n<meta name=\"twitter:label1\" content=\"Tiempo de lectura\" \/>\n\t<meta name=\"twitter:data1\" content=\"2 minutos\" \/>\n<script type=\"application\/ld+json\" class=\"yoast-schema-graph\">{\"@context\":\"https:\/\/schema.org\",\"@graph\":[{\"@type\":\"WebPage\",\"@id\":\"https:\/\/naturalbikes.cl\/?product=neumatico-wtb-vigilante-275x26-tcs-tought-high\",\"url\":\"https:\/\/naturalbikes.cl\/?product=neumatico-wtb-vigilante-275x26-tcs-tought-high\",\"name\":\"Neumatico WTB Vigilante 27,5x2,6 TCS Tought\/High - NaturalBikes\",\"isPartOf\":{\"@id\":\"https:\/\/naturalbikes.cl\/#website\"},\"primaryImageOfPage\":{\"@id\":\"https:\/\/naturalbikes.cl\/?product=neumatico-wtb-vigilante-275x26-tcs-tought-high#primaryimage\"},\"image\":{\"@id\":\"https:\/\/naturalbikes.cl\/?product=neumatico-wtb-vigilante-275x26-tcs-tought-high#primaryimage\"},\"thumbnailUrl\":\"https:\/\/naturalbikes.cl\/wp-content\/uploads\/2025\/08\/31407317644443_1080x.webp.jpeg.webp\",\"datePublished\":\"2025-08-25T19:33:31+00:00\",\"dateModified\":\"2026-01-06T20:12:29+00:00\",\"description\":\"Domina los senderos con el neum\u00e1tico WTB Vigilante 27.5x2.6. Su carcasa TCS Tough y compuesto de alto agarre te dan la m\u00e1xima tracci\u00f3n y resistencia para Enduro y Gravity.\",\"breadcrumb\":{\"@id\":\"https:\/\/naturalbikes.cl\/?product=neumatico-wtb-vigilante-275x26-tcs-tought-high#breadcrumb\"},\"inLanguage\":\"es\",\"potentialAction\":[{\"@type\":\"ReadAction\",\"target\":[\"https:\/\/naturalbikes.cl\/?product=neumatico-wtb-vigilante-275x26-tcs-tought-high\"]}]},{\"@type\":\"ImageObject\",\"inLanguage\":\"es\",\"@id\":\"https:\/\/naturalbikes.cl\/?product=neumatico-wtb-vigilante-275x26-tcs-tought-high#primaryimage\",\"url\":\"https:\/\/naturalbikes.cl\/wp-content\/uploads\/2025\/08\/31407317644443_1080x.webp.jpeg.webp\",\"contentUrl\":\"https:\/\/naturalbikes.cl\/wp-content\/uploads\/2025\/08\/31407317644443_1080x.webp.jpeg.webp\",\"width\":1080,\"height\":1080},{\"@type\":\"BreadcrumbList\",\"@id\":\"https:\/\/naturalbikes.cl\/?product=neumatico-wtb-vigilante-275x26-tcs-tought-high#breadcrumb\",\"itemListElement\":[{\"@type\":\"ListItem\",\"position\":1,\"name\":\"Portada\",\"item\":\"https:\/\/naturalbikes.cl\/\"},{\"@type\":\"ListItem\",\"position\":2,\"name\":\"Tienda NB\",\"item\":\"https:\/\/naturalbikes.cl\/?page_id=7843\"},{\"@type\":\"ListItem\",\"position\":3,\"name\":\"WTB\",\"item\":\"https:\/\/naturalbikes.cl\/?product_brand=wtb\"},{\"@type\":\"ListItem\",\"position\":4,\"name\":\"Neumatico WTB Vigilante 27,5&#215;2,6 TCS Tought\/High\"}]},{\"@type\":\"WebSite\",\"@id\":\"https:\/\/naturalbikes.cl\/#website\",\"url\":\"https:\/\/naturalbikes.cl\/\",\"name\":\"Natural Bikes\",\"description\":\"Tienda de bicicletas repuestos accesorios taller mantenimiento clases salidas\",\"publisher\":{\"@id\":\"https:\/\/naturalbikes.cl\/#organization\"},\"alternateName\":\"Natural Bikes\",\"potentialAction\":[{\"@type\":\"SearchAction\",\"target\":{\"@type\":\"EntryPoint\",\"urlTemplate\":\"https:\/\/naturalbikes.cl\/?s={search_term_string}\"},\"query-input\":{\"@type\":\"PropertyValueSpecification\",\"valueRequired\":true,\"valueName\":\"search_term_string\"}}],\"inLanguage\":\"es\"},{\"@type\":\"Organization\",\"@id\":\"https:\/\/naturalbikes.cl\/#organization\",\"name\":\"Natural Bikes\",\"alternateName\":\"Natural Bikes\",\"url\":\"https:\/\/naturalbikes.cl\/\",\"logo\":{\"@type\":\"ImageObject\",\"inLanguage\":\"es\",\"@id\":\"https:\/\/naturalbikes.cl\/#\/schema\/logo\/image\/\",\"url\":\"https:\/\/naturalbikes.cl\/wp-content\/uploads\/2024\/05\/2023-10-10-10.44.12.jpg\",\"contentUrl\":\"https:\/\/naturalbikes.cl\/wp-content\/uploads\/2024\/05\/2023-10-10-10.44.12.jpg\",\"width\":650,\"height\":650,\"caption\":\"Natural Bikes\"},\"image\":{\"@id\":\"https:\/\/naturalbikes.cl\/#\/schema\/logo\/image\/\"},\"sameAs\":[\"https:\/\/www.facebook.com\/naturalbikescl\",\"https:\/\/www.instagram.com\/natural.bikes\",\"https:\/\/www.tiktok.com\/@natural.bikes\"],\"description\":\"Ofrecer a nuestros clientes apasionados por el ciclismo de monta\u00f1a la mejor experiencia en productos, conocimientos especializados y servicios excepcionales. Nos comprometemos a proporcionar una amplia gama de bicicletas, accesorios y equipo de alta calidad, junto con asesoramiento experto y atenci\u00f3n personalizada para cada ciclista, para que puedan explorar, disfrutar y maximizar su aventura en el mundo del MTB\",\"email\":\"naturalbikes1@gmail.com\",\"telephone\":\"56977043878\",\"legalName\":\"Natural Bikes Limitada\",\"foundingDate\":\"2024-01-01\",\"vatID\":\"76699553-5\",\"taxID\":\"76699553-5\",\"numberOfEmployees\":{\"@type\":\"QuantitativeValue\",\"minValue\":\"1\",\"maxValue\":\"10\"},\"publishingPrinciples\":\"https:\/\/naturalbikes.cl\/?page_id=7843\",\"ownershipFundingInfo\":\"https:\/\/naturalbikes.cl\/?page_id=7843\",\"actionableFeedbackPolicy\":\"https:\/\/naturalbikes.cl\/?page_id=14797\",\"correctionsPolicy\":\"https:\/\/naturalbikes.cl\/?page_id=3\",\"ethicsPolicy\":\"https:\/\/naturalbikes.cl\/?page_id=7843\",\"diversityPolicy\":\"https:\/\/naturalbikes.cl\/?page_id=11734\",\"diversityStaffingReport\":\"https:\/\/naturalbikes.cl\/?page_id=12161\"}]}<\/script>\n<!-- \/ Yoast SEO Premium plugin. -->","yoast_head_json":{"title":"Neumatico WTB Vigilante 27,5x2,6 TCS Tought\/High - NaturalBikes","description":"Domina los senderos con el neum\u00e1tico WTB Vigilante 27.5x2.6. Su carcasa TCS Tough y compuesto de alto agarre te dan la m\u00e1xima tracci\u00f3n y resistencia para Enduro y Gravity.","robots":{"index":"index","follow":"follow","max-snippet":"max-snippet:-1","max-image-preview":"max-image-preview:large","max-video-preview":"max-video-preview:-1"},"canonical":"https:\/\/naturalbikes.cl\/?product=neumatico-wtb-vigilante-275x26-tcs-tought-high","og_locale":"es_ES","og_type":"article","og_title":"Neumatico WTB Vigilante 27,5x2,6 TCS Tought\/High","og_description":"Ofrecer a nuestros clientes apasionados por el ciclismo de monta\u00f1a la mejor experiencia en productos, conocimientos especializados y servicios excepcionales. Nos comprometemos a proporcionar una amplia gama de bicicletas, accesorios y equipo de alta calidad, junto con asesoramiento experto y atenci\u00f3n personalizada para cada ciclista, para que puedan explorar, disfrutar y maximizar su aventura en el mundo del MTB","og_url":"https:\/\/naturalbikes.cl\/?product=neumatico-wtb-vigilante-275x26-tcs-tought-high","og_site_name":"NaturalBikes","article_publisher":"https:\/\/www.facebook.com\/naturalbikescl","article_modified_time":"2026-01-06T20:12:29+00:00","og_image":[{"width":1080,"height":1080,"url":"https:\/\/naturalbikes.cl\/wp-content\/uploads\/2025\/08\/31407317644443_1080x.webp.jpeg.webp","type":"image\/webp"}],"twitter_card":"summary_large_image","twitter_misc":{"Tiempo de lectura":"2 minutos"},"schema":{"@context":"https:\/\/schema.org","@graph":[{"@type":"WebPage","@id":"https:\/\/naturalbikes.cl\/?product=neumatico-wtb-vigilante-275x26-tcs-tought-high","url":"https:\/\/naturalbikes.cl\/?product=neumatico-wtb-vigilante-275x26-tcs-tought-high","name":"Neumatico WTB Vigilante 27,5x2,6 TCS Tought\/High - NaturalBikes","isPartOf":{"@id":"https:\/\/naturalbikes.cl\/#website"},"primaryImageOfPage":{"@id":"https:\/\/naturalbikes.cl\/?product=neumatico-wtb-vigilante-275x26-tcs-tought-high#primaryimage"},"image":{"@id":"https:\/\/naturalbikes.cl\/?product=neumatico-wtb-vigilante-275x26-tcs-tought-high#primaryimage"},"thumbnailUrl":"https:\/\/naturalbikes.cl\/wp-content\/uploads\/2025\/08\/31407317644443_1080x.webp.jpeg.webp","datePublished":"2025-08-25T19:33:31+00:00","dateModified":"2026-01-06T20:12:29+00:00","description":"Domina los senderos con el neum\u00e1tico WTB Vigilante 27.5x2.6. Su carcasa TCS Tough y compuesto de alto agarre te dan la m\u00e1xima tracci\u00f3n y resistencia para Enduro y Gravity.","breadcrumb":{"@id":"https:\/\/naturalbikes.cl\/?product=neumatico-wtb-vigilante-275x26-tcs-tought-high#breadcrumb"},"inLanguage":"es","potentialAction":[{"@type":"ReadAction","target":["https:\/\/naturalbikes.cl\/?product=neumatico-wtb-vigilante-275x26-tcs-tought-high"]}]},{"@type":"ImageObject","inLanguage":"es","@id":"https:\/\/naturalbikes.cl\/?product=neumatico-wtb-vigilante-275x26-tcs-tought-high#primaryimage","url":"https:\/\/naturalbikes.cl\/wp-content\/uploads\/2025\/08\/31407317644443_1080x.webp.jpeg.webp","contentUrl":"https:\/\/naturalbikes.cl\/wp-content\/uploads\/2025\/08\/31407317644443_1080x.webp.jpeg.webp","width":1080,"height":1080},{"@type":"BreadcrumbList","@id":"https:\/\/naturalbikes.cl\/?product=neumatico-wtb-vigilante-275x26-tcs-tought-high#breadcrumb","itemListElement":[{"@type":"ListItem","position":1,"name":"Portada","item":"https:\/\/naturalbikes.cl\/"},{"@type":"ListItem","position":2,"name":"Tienda NB","item":"https:\/\/naturalbikes.cl\/?page_id=7843"},{"@type":"ListItem","position":3,"name":"WTB","item":"https:\/\/naturalbikes.cl\/?product_brand=wtb"},{"@type":"ListItem","position":4,"name":"Neumatico WTB Vigilante 27,5&#215;2,6 TCS Tought\/High"}]},{"@type":"WebSite","@id":"https:\/\/naturalbikes.cl\/#website","url":"https:\/\/naturalbikes.cl\/","name":"Natural Bikes","description":"Tienda de bicicletas repuestos accesorios taller mantenimiento clases salidas","publisher":{"@id":"https:\/\/naturalbikes.cl\/#organization"},"alternateName":"Natural Bikes","potentialAction":[{"@type":"SearchAction","target":{"@type":"EntryPoint","urlTemplate":"https:\/\/naturalbikes.cl\/?s={search_term_string}"},"query-input":{"@type":"PropertyValueSpecification","valueRequired":true,"valueName":"search_term_string"}}],"inLanguage":"es"},{"@type":"Organization","@id":"https:\/\/naturalbikes.cl\/#organization","name":"Natural Bikes","alternateName":"Natural Bikes","url":"https:\/\/naturalbikes.cl\/","logo":{"@type":"ImageObject","inLanguage":"es","@id":"https:\/\/naturalbikes.cl\/#\/schema\/logo\/image\/","url":"https:\/\/naturalbikes.cl\/wp-content\/uploads\/2024\/05\/2023-10-10-10.44.12.jpg","contentUrl":"https:\/\/naturalbikes.cl\/wp-content\/uploads\/2024\/05\/2023-10-10-10.44.12.jpg","width":650,"height":650,"caption":"Natural Bikes"},"image":{"@id":"https:\/\/naturalbikes.cl\/#\/schema\/logo\/image\/"},"sameAs":["https:\/\/www.facebook.com\/naturalbikescl","https:\/\/www.instagram.com\/natural.bikes","https:\/\/www.tiktok.com\/@natural.bikes"],"description":"Ofrecer a nuestros clientes apasionados por el ciclismo de monta\u00f1a la mejor experiencia en productos, conocimientos especializados y servicios excepcionales. Nos comprometemos a proporcionar una amplia gama de bicicletas, accesorios y equipo de alta calidad, junto con asesoramiento experto y atenci\u00f3n personalizada para cada ciclista, para que puedan explorar, disfrutar y maximizar su aventura en el mundo del MTB","email":"naturalbikes1@gmail.com","telephone":"56977043878","legalName":"Natural Bikes Limitada","foundingDate":"2024-01-01","vatID":"76699553-5","taxID":"76699553-5","numberOfEmployees":{"@type":"QuantitativeValue","minValue":"1","maxValue":"10"},"publishingPrinciples":"https:\/\/naturalbikes.cl\/?page_id=7843","ownershipFundingInfo":"https:\/\/naturalbikes.cl\/?page_id=7843","actionableFeedbackPolicy":"https:\/\/naturalbikes.cl\/?page_id=14797","correctionsPolicy":"https:\/\/naturalbikes.cl\/?page_id=3","ethicsPolicy":"https:\/\/naturalbikes.cl\/?page_id=7843","diversityPolicy":"https:\/\/naturalbikes.cl\/?page_id=11734","diversityStaffingReport":"https:\/\/naturalbikes.cl\/?page_id=12161"}]}},"_links":{"self":[{"href":"https:\/\/naturalbikes.cl\/index.php?rest_route=\/wp\/v2\/product\/22711"}],"collection":[{"href":"https:\/\/naturalbikes.cl\/index.php?rest_route=\/wp\/v2\/product"}],"about":[{"href":"https:\/\/naturalbikes.cl\/index.php?rest_route=\/wp\/v2\/types\/product"}],"replies":[{"embeddable":true,"href":"https:\/\/naturalbikes.cl\/index.php?rest_route=%2Fwp%2Fv2%2Fcomments&post=22711"}],"wp:featuredmedia":[{"embeddable":true,"href":"https:\/\/naturalbikes.cl\/index.php?rest_route=\/wp\/v2\/media\/22704"}],"wp:attachment":[{"href":"https:\/\/naturalbikes.cl\/index.php?rest_route=%2Fwp%2Fv2%2Fmedia&parent=22711"}],"wp:term":[{"taxonomy":"product_cat","embeddable":true,"href":"https:\/\/naturalbikes.cl\/index.php?rest_route=%2Fwp%2Fv2%2Fproduct_cat&post=22711"},{"taxonomy":"product_tag","embeddable":true,"href":"https:\/\/naturalbikes.cl\/index.php?rest_route=%2Fwp%2Fv2%2Fproduct_tag&post=22711"}],"curies":[{"name":"wp","href":"https:\/\/api.w.org\/{rel}","templated":true}]}}