{"id":22662,"date":"2025-08-25T13:21:23","date_gmt":"2025-08-25T17:21:23","guid":{"rendered":"https:\/\/naturalbikes.cl\/?post_type=product&#038;p=22662"},"modified":"2026-01-06T17:12:26","modified_gmt":"2026-01-06T20:12:26","slug":"bombin-de-piso-mod-gf-31-alloy-presta-auto-max160psi","status":"publish","type":"product","link":"https:\/\/naturalbikes.cl\/?product=bombin-de-piso-mod-gf-31-alloy-presta-auto-max160psi","title":{"rendered":"Bombin de Piso Mod.GF-31 alloy Presta\/Auto Max160psi"},"content":{"rendered":"<p>El <b>bomb\u00edn de piso Mod. GF-31<\/b> es la soluci\u00f3n definitiva para mantener tus neum\u00e1ticos con la presi\u00f3n perfecta en todo momento. A diferencia de las bombas port\u00e1tiles, este inflador de pie est\u00e1 dise\u00f1ado para ofrecer <b>m\u00e1xima eficiencia y precisi\u00f3n<\/b> con el m\u00ednimo esfuerzo.<\/p>\n<p>Su construcci\u00f3n en <b>aluminio<\/b> no solo le da un aspecto robusto y profesional, sino que tambi\u00e9n garantiza una durabilidad excepcional para un uso prolongado. La clave de su rendimiento es su capacidad para alcanzar una presi\u00f3n m\u00e1xima de <b>160 PSI<\/b>, lo que lo hace perfecto para neum\u00e1ticos de bicicleta de carretera que requieren alta presi\u00f3n, as\u00ed como para los de MTB y urbanas.<\/p>\n<p>La base estable y la manguera larga te permiten inflar con comodidad. Adem\u00e1s, su cabezal dual inteligente es compatible con <b>v\u00e1lvulas Presta y Schrader<\/b> sin necesidad de cambiar piezas o adaptadores. Con el man\u00f3metro integrado, podr\u00e1s ver la presi\u00f3n exacta del neum\u00e1tico, garantizando un inflado preciso.<\/p>\n<p>Con el <b>bomb\u00edn de piso GF-31<\/b>, tendr\u00e1s la herramienta perfecta para una preparaci\u00f3n de carrera, una salida r\u00e1pida o un mantenimiento de rutina, asegurando que tus ruedas siempre est\u00e9n listas para rodar.<\/p>\n","protected":false},"excerpt":{"rendered":"<p><strong>El bomb\u00edn de piso Mod. GF-31 es la herramienta esencial para un inflado r\u00e1pido y preciso en casa o en el taller. Fabricado en aluminio duradero y capaz de alcanzar hasta 160 PSI, es compatible con v\u00e1lvulas Presta y Auto (Schrader), lo que lo hace ideal para todo tipo de bicicletas.<\/strong><\/p>\n","protected":false},"featured_media":22663,"comment_status":"open","ping_status":"closed","template":"","meta":[],"product_cat":[197,231],"product_tag":[817,1162,1500],"class_list":{"0":"post-22662","1":"product","2":"type-product","3":"status-publish","4":"has-post-thumbnail","6":"product_cat-accesorios","7":"product_cat-bombines","8":"product_tag-bicicleta","9":"product_tag-bombin","10":"product_tag-piso","12":"first","13":"instock","14":"taxable","15":"shipping-taxable","16":"purchasable","17":"product-type-simple"},"yoast_head":"<!-- This site is optimized with the Yoast SEO Premium plugin v24.8 (Yoast SEO v25.6) - https:\/\/yoast.com\/wordpress\/plugins\/seo\/ -->\n<title>Bombin de Piso Mod.GF-31 alloy Presta\/Auto Max160psi - NaturalBikes<\/title>\n<meta name=\"description\" content=\"El bomb\u00edn de piso Mod. GF-31 infla hasta 160 PSI de forma r\u00e1pida y precisa. Su cabezal dual es compatible con v\u00e1lvulas Presta y Auto.\" \/>\n<meta name=\"robots\" content=\"index, follow, max-snippet:-1, max-image-preview:large, max-video-preview:-1\" \/>\n<link rel=\"canonical\" href=\"https:\/\/naturalbikes.cl\/?product=bombin-de-piso-mod-gf-31-alloy-presta-auto-max160psi\" \/>\n<meta property=\"og:locale\" content=\"es_ES\" \/>\n<meta property=\"og:type\" content=\"article\" \/>\n<meta property=\"og:title\" content=\"Bombin de Piso Mod.GF-31 alloy Presta\/Auto Max160psi\" \/>\n<meta property=\"og:description\" content=\"Ofrecer a nuestros clientes apasionados por el ciclismo de monta\u00f1a la mejor experiencia en productos, conocimientos especializados y servicios excepcionales. Nos comprometemos a proporcionar una amplia gama de bicicletas, accesorios y equipo de alta calidad, junto con asesoramiento experto y atenci\u00f3n personalizada para cada ciclista, para que puedan explorar, disfrutar y maximizar su aventura en el mundo del MTB\" \/>\n<meta property=\"og:url\" content=\"https:\/\/naturalbikes.cl\/?product=bombin-de-piso-mod-gf-31-alloy-presta-auto-max160psi\" \/>\n<meta property=\"og:site_name\" content=\"NaturalBikes\" \/>\n<meta property=\"article:publisher\" content=\"https:\/\/www.facebook.com\/naturalbikescl\" \/>\n<meta property=\"article:modified_time\" content=\"2026-01-06T20:12:26+00:00\" \/>\n<meta property=\"og:image\" content=\"https:\/\/naturalbikes.cl\/wp-content\/uploads\/2025\/08\/B2454-1683664820455.jpg.webp\" \/>\n\t<meta property=\"og:image:width\" content=\"1000\" \/>\n\t<meta property=\"og:image:height\" content=\"1000\" \/>\n\t<meta property=\"og:image:type\" content=\"image\/webp\" \/>\n<meta name=\"twitter:card\" content=\"summary_large_image\" \/>\n<meta name=\"twitter:label1\" content=\"Tiempo de lectura\" \/>\n\t<meta name=\"twitter:data1\" content=\"2 minutos\" \/>\n<script type=\"application\/ld+json\" class=\"yoast-schema-graph\">{\"@context\":\"https:\/\/schema.org\",\"@graph\":[{\"@type\":\"WebPage\",\"@id\":\"https:\/\/naturalbikes.cl\/?product=bombin-de-piso-mod-gf-31-alloy-presta-auto-max160psi\",\"url\":\"https:\/\/naturalbikes.cl\/?product=bombin-de-piso-mod-gf-31-alloy-presta-auto-max160psi\",\"name\":\"Bombin de Piso Mod.GF-31 alloy Presta\/Auto Max160psi - NaturalBikes\",\"isPartOf\":{\"@id\":\"https:\/\/naturalbikes.cl\/#website\"},\"primaryImageOfPage\":{\"@id\":\"https:\/\/naturalbikes.cl\/?product=bombin-de-piso-mod-gf-31-alloy-presta-auto-max160psi#primaryimage\"},\"image\":{\"@id\":\"https:\/\/naturalbikes.cl\/?product=bombin-de-piso-mod-gf-31-alloy-presta-auto-max160psi#primaryimage\"},\"thumbnailUrl\":\"https:\/\/naturalbikes.cl\/wp-content\/uploads\/2025\/08\/B2454-1683664820455.jpg.webp\",\"datePublished\":\"2025-08-25T17:21:23+00:00\",\"dateModified\":\"2026-01-06T20:12:26+00:00\",\"description\":\"El bomb\u00edn de piso Mod. GF-31 infla hasta 160 PSI de forma r\u00e1pida y precisa. Su cabezal dual es compatible con v\u00e1lvulas Presta y Auto.\",\"breadcrumb\":{\"@id\":\"https:\/\/naturalbikes.cl\/?product=bombin-de-piso-mod-gf-31-alloy-presta-auto-max160psi#breadcrumb\"},\"inLanguage\":\"es\",\"potentialAction\":[{\"@type\":\"ReadAction\",\"target\":[\"https:\/\/naturalbikes.cl\/?product=bombin-de-piso-mod-gf-31-alloy-presta-auto-max160psi\"]}]},{\"@type\":\"ImageObject\",\"inLanguage\":\"es\",\"@id\":\"https:\/\/naturalbikes.cl\/?product=bombin-de-piso-mod-gf-31-alloy-presta-auto-max160psi#primaryimage\",\"url\":\"https:\/\/naturalbikes.cl\/wp-content\/uploads\/2025\/08\/B2454-1683664820455.jpg.webp\",\"contentUrl\":\"https:\/\/naturalbikes.cl\/wp-content\/uploads\/2025\/08\/B2454-1683664820455.jpg.webp\",\"width\":1000,\"height\":1000},{\"@type\":\"BreadcrumbList\",\"@id\":\"https:\/\/naturalbikes.cl\/?product=bombin-de-piso-mod-gf-31-alloy-presta-auto-max160psi#breadcrumb\",\"itemListElement\":[{\"@type\":\"ListItem\",\"position\":1,\"name\":\"Portada\",\"item\":\"https:\/\/naturalbikes.cl\/\"},{\"@type\":\"ListItem\",\"position\":2,\"name\":\"Tienda NB\",\"item\":\"https:\/\/naturalbikes.cl\/?page_id=7843\"},{\"@type\":\"ListItem\",\"position\":3,\"name\":\"Bombin de Piso Mod.GF-31 alloy Presta\/Auto Max160psi\"}]},{\"@type\":\"WebSite\",\"@id\":\"https:\/\/naturalbikes.cl\/#website\",\"url\":\"https:\/\/naturalbikes.cl\/\",\"name\":\"Natural Bikes\",\"description\":\"Tienda de bicicletas repuestos accesorios taller mantenimiento clases salidas\",\"publisher\":{\"@id\":\"https:\/\/naturalbikes.cl\/#organization\"},\"alternateName\":\"Natural Bikes\",\"potentialAction\":[{\"@type\":\"SearchAction\",\"target\":{\"@type\":\"EntryPoint\",\"urlTemplate\":\"https:\/\/naturalbikes.cl\/?s={search_term_string}\"},\"query-input\":{\"@type\":\"PropertyValueSpecification\",\"valueRequired\":true,\"valueName\":\"search_term_string\"}}],\"inLanguage\":\"es\"},{\"@type\":\"Organization\",\"@id\":\"https:\/\/naturalbikes.cl\/#organization\",\"name\":\"Natural Bikes\",\"alternateName\":\"Natural Bikes\",\"url\":\"https:\/\/naturalbikes.cl\/\",\"logo\":{\"@type\":\"ImageObject\",\"inLanguage\":\"es\",\"@id\":\"https:\/\/naturalbikes.cl\/#\/schema\/logo\/image\/\",\"url\":\"https:\/\/naturalbikes.cl\/wp-content\/uploads\/2024\/05\/2023-10-10-10.44.12.jpg\",\"contentUrl\":\"https:\/\/naturalbikes.cl\/wp-content\/uploads\/2024\/05\/2023-10-10-10.44.12.jpg\",\"width\":650,\"height\":650,\"caption\":\"Natural Bikes\"},\"image\":{\"@id\":\"https:\/\/naturalbikes.cl\/#\/schema\/logo\/image\/\"},\"sameAs\":[\"https:\/\/www.facebook.com\/naturalbikescl\",\"https:\/\/www.instagram.com\/natural.bikes\",\"https:\/\/www.tiktok.com\/@natural.bikes\"],\"description\":\"Ofrecer a nuestros clientes apasionados por el ciclismo de monta\u00f1a la mejor experiencia en productos, conocimientos especializados y servicios excepcionales. Nos comprometemos a proporcionar una amplia gama de bicicletas, accesorios y equipo de alta calidad, junto con asesoramiento experto y atenci\u00f3n personalizada para cada ciclista, para que puedan explorar, disfrutar y maximizar su aventura en el mundo del MTB\",\"email\":\"naturalbikes1@gmail.com\",\"telephone\":\"56977043878\",\"legalName\":\"Natural Bikes Limitada\",\"foundingDate\":\"2024-01-01\",\"vatID\":\"76699553-5\",\"taxID\":\"76699553-5\",\"numberOfEmployees\":{\"@type\":\"QuantitativeValue\",\"minValue\":\"1\",\"maxValue\":\"10\"},\"publishingPrinciples\":\"https:\/\/naturalbikes.cl\/?page_id=7843\",\"ownershipFundingInfo\":\"https:\/\/naturalbikes.cl\/?page_id=7843\",\"actionableFeedbackPolicy\":\"https:\/\/naturalbikes.cl\/?page_id=14797\",\"correctionsPolicy\":\"https:\/\/naturalbikes.cl\/?page_id=3\",\"ethicsPolicy\":\"https:\/\/naturalbikes.cl\/?page_id=7843\",\"diversityPolicy\":\"https:\/\/naturalbikes.cl\/?page_id=11734\",\"diversityStaffingReport\":\"https:\/\/naturalbikes.cl\/?page_id=12161\"}]}<\/script>\n<!-- \/ Yoast SEO Premium plugin. -->","yoast_head_json":{"title":"Bombin de Piso Mod.GF-31 alloy Presta\/Auto Max160psi - NaturalBikes","description":"El bomb\u00edn de piso Mod. GF-31 infla hasta 160 PSI de forma r\u00e1pida y precisa. Su cabezal dual es compatible con v\u00e1lvulas Presta y Auto.","robots":{"index":"index","follow":"follow","max-snippet":"max-snippet:-1","max-image-preview":"max-image-preview:large","max-video-preview":"max-video-preview:-1"},"canonical":"https:\/\/naturalbikes.cl\/?product=bombin-de-piso-mod-gf-31-alloy-presta-auto-max160psi","og_locale":"es_ES","og_type":"article","og_title":"Bombin de Piso Mod.GF-31 alloy Presta\/Auto Max160psi","og_description":"Ofrecer a nuestros clientes apasionados por el ciclismo de monta\u00f1a la mejor experiencia en productos, conocimientos especializados y servicios excepcionales. Nos comprometemos a proporcionar una amplia gama de bicicletas, accesorios y equipo de alta calidad, junto con asesoramiento experto y atenci\u00f3n personalizada para cada ciclista, para que puedan explorar, disfrutar y maximizar su aventura en el mundo del MTB","og_url":"https:\/\/naturalbikes.cl\/?product=bombin-de-piso-mod-gf-31-alloy-presta-auto-max160psi","og_site_name":"NaturalBikes","article_publisher":"https:\/\/www.facebook.com\/naturalbikescl","article_modified_time":"2026-01-06T20:12:26+00:00","og_image":[{"width":1000,"height":1000,"url":"https:\/\/naturalbikes.cl\/wp-content\/uploads\/2025\/08\/B2454-1683664820455.jpg.webp","type":"image\/webp"}],"twitter_card":"summary_large_image","twitter_misc":{"Tiempo de lectura":"2 minutos"},"schema":{"@context":"https:\/\/schema.org","@graph":[{"@type":"WebPage","@id":"https:\/\/naturalbikes.cl\/?product=bombin-de-piso-mod-gf-31-alloy-presta-auto-max160psi","url":"https:\/\/naturalbikes.cl\/?product=bombin-de-piso-mod-gf-31-alloy-presta-auto-max160psi","name":"Bombin de Piso Mod.GF-31 alloy Presta\/Auto Max160psi - NaturalBikes","isPartOf":{"@id":"https:\/\/naturalbikes.cl\/#website"},"primaryImageOfPage":{"@id":"https:\/\/naturalbikes.cl\/?product=bombin-de-piso-mod-gf-31-alloy-presta-auto-max160psi#primaryimage"},"image":{"@id":"https:\/\/naturalbikes.cl\/?product=bombin-de-piso-mod-gf-31-alloy-presta-auto-max160psi#primaryimage"},"thumbnailUrl":"https:\/\/naturalbikes.cl\/wp-content\/uploads\/2025\/08\/B2454-1683664820455.jpg.webp","datePublished":"2025-08-25T17:21:23+00:00","dateModified":"2026-01-06T20:12:26+00:00","description":"El bomb\u00edn de piso Mod. GF-31 infla hasta 160 PSI de forma r\u00e1pida y precisa. Su cabezal dual es compatible con v\u00e1lvulas Presta y Auto.","breadcrumb":{"@id":"https:\/\/naturalbikes.cl\/?product=bombin-de-piso-mod-gf-31-alloy-presta-auto-max160psi#breadcrumb"},"inLanguage":"es","potentialAction":[{"@type":"ReadAction","target":["https:\/\/naturalbikes.cl\/?product=bombin-de-piso-mod-gf-31-alloy-presta-auto-max160psi"]}]},{"@type":"ImageObject","inLanguage":"es","@id":"https:\/\/naturalbikes.cl\/?product=bombin-de-piso-mod-gf-31-alloy-presta-auto-max160psi#primaryimage","url":"https:\/\/naturalbikes.cl\/wp-content\/uploads\/2025\/08\/B2454-1683664820455.jpg.webp","contentUrl":"https:\/\/naturalbikes.cl\/wp-content\/uploads\/2025\/08\/B2454-1683664820455.jpg.webp","width":1000,"height":1000},{"@type":"BreadcrumbList","@id":"https:\/\/naturalbikes.cl\/?product=bombin-de-piso-mod-gf-31-alloy-presta-auto-max160psi#breadcrumb","itemListElement":[{"@type":"ListItem","position":1,"name":"Portada","item":"https:\/\/naturalbikes.cl\/"},{"@type":"ListItem","position":2,"name":"Tienda NB","item":"https:\/\/naturalbikes.cl\/?page_id=7843"},{"@type":"ListItem","position":3,"name":"Bombin de Piso Mod.GF-31 alloy Presta\/Auto Max160psi"}]},{"@type":"WebSite","@id":"https:\/\/naturalbikes.cl\/#website","url":"https:\/\/naturalbikes.cl\/","name":"Natural Bikes","description":"Tienda de bicicletas repuestos accesorios taller mantenimiento clases salidas","publisher":{"@id":"https:\/\/naturalbikes.cl\/#organization"},"alternateName":"Natural Bikes","potentialAction":[{"@type":"SearchAction","target":{"@type":"EntryPoint","urlTemplate":"https:\/\/naturalbikes.cl\/?s={search_term_string}"},"query-input":{"@type":"PropertyValueSpecification","valueRequired":true,"valueName":"search_term_string"}}],"inLanguage":"es"},{"@type":"Organization","@id":"https:\/\/naturalbikes.cl\/#organization","name":"Natural Bikes","alternateName":"Natural Bikes","url":"https:\/\/naturalbikes.cl\/","logo":{"@type":"ImageObject","inLanguage":"es","@id":"https:\/\/naturalbikes.cl\/#\/schema\/logo\/image\/","url":"https:\/\/naturalbikes.cl\/wp-content\/uploads\/2024\/05\/2023-10-10-10.44.12.jpg","contentUrl":"https:\/\/naturalbikes.cl\/wp-content\/uploads\/2024\/05\/2023-10-10-10.44.12.jpg","width":650,"height":650,"caption":"Natural Bikes"},"image":{"@id":"https:\/\/naturalbikes.cl\/#\/schema\/logo\/image\/"},"sameAs":["https:\/\/www.facebook.com\/naturalbikescl","https:\/\/www.instagram.com\/natural.bikes","https:\/\/www.tiktok.com\/@natural.bikes"],"description":"Ofrecer a nuestros clientes apasionados por el ciclismo de monta\u00f1a la mejor experiencia en productos, conocimientos especializados y servicios excepcionales. Nos comprometemos a proporcionar una amplia gama de bicicletas, accesorios y equipo de alta calidad, junto con asesoramiento experto y atenci\u00f3n personalizada para cada ciclista, para que puedan explorar, disfrutar y maximizar su aventura en el mundo del MTB","email":"naturalbikes1@gmail.com","telephone":"56977043878","legalName":"Natural Bikes Limitada","foundingDate":"2024-01-01","vatID":"76699553-5","taxID":"76699553-5","numberOfEmployees":{"@type":"QuantitativeValue","minValue":"1","maxValue":"10"},"publishingPrinciples":"https:\/\/naturalbikes.cl\/?page_id=7843","ownershipFundingInfo":"https:\/\/naturalbikes.cl\/?page_id=7843","actionableFeedbackPolicy":"https:\/\/naturalbikes.cl\/?page_id=14797","correctionsPolicy":"https:\/\/naturalbikes.cl\/?page_id=3","ethicsPolicy":"https:\/\/naturalbikes.cl\/?page_id=7843","diversityPolicy":"https:\/\/naturalbikes.cl\/?page_id=11734","diversityStaffingReport":"https:\/\/naturalbikes.cl\/?page_id=12161"}]}},"_links":{"self":[{"href":"https:\/\/naturalbikes.cl\/index.php?rest_route=\/wp\/v2\/product\/22662"}],"collection":[{"href":"https:\/\/naturalbikes.cl\/index.php?rest_route=\/wp\/v2\/product"}],"about":[{"href":"https:\/\/naturalbikes.cl\/index.php?rest_route=\/wp\/v2\/types\/product"}],"replies":[{"embeddable":true,"href":"https:\/\/naturalbikes.cl\/index.php?rest_route=%2Fwp%2Fv2%2Fcomments&post=22662"}],"wp:featuredmedia":[{"embeddable":true,"href":"https:\/\/naturalbikes.cl\/index.php?rest_route=\/wp\/v2\/media\/22663"}],"wp:attachment":[{"href":"https:\/\/naturalbikes.cl\/index.php?rest_route=%2Fwp%2Fv2%2Fmedia&parent=22662"}],"wp:term":[{"taxonomy":"product_cat","embeddable":true,"href":"https:\/\/naturalbikes.cl\/index.php?rest_route=%2Fwp%2Fv2%2Fproduct_cat&post=22662"},{"taxonomy":"product_tag","embeddable":true,"href":"https:\/\/naturalbikes.cl\/index.php?rest_route=%2Fwp%2Fv2%2Fproduct_tag&post=22662"}],"curies":[{"name":"wp","href":"https:\/\/api.w.org\/{rel}","templated":true}]}}