{"id":22557,"date":"2025-08-21T12:52:18","date_gmt":"2025-08-21T16:52:18","guid":{"rendered":"https:\/\/naturalbikes.cl\/?post_type=product&#038;p=22557"},"modified":"2026-01-06T17:12:23","modified_gmt":"2026-01-06T20:12:23","slug":"kit-valvulas-muc-off-tubeless","status":"publish","type":"product","link":"https:\/\/naturalbikes.cl\/?product=kit-valvulas-muc-off-tubeless","title":{"rendered":"Kit Valvulas Muc-off Tubeless"},"content":{"rendered":"<p>\u00a1Sabemos lo frustrante que es tener una v\u00e1lvula tubular con fugas o que simplemente no sella!<\/p>\n<p>&nbsp;<\/p>\n<p><span lang=\"es\" xml:lang=\"es\">Es por esto por lo que nos propusimos dise\u00f1ar y crear nuestras v\u00e1lvulas tubulares Premium para resolver todos los problemas y malos ratos de encontrar la bicicleta sin aire cuando quieres salir a pedalear.<\/span><\/p>\n<p>&nbsp;<\/p>\n<p><span lang=\"es\" xml:lang=\"es\"><b>Caracter\u00edsticas:<\/b><\/span><\/p>\n<p>&nbsp;<\/p>\n<ul>\n<li><span lang=\"es\" xml:lang=\"es\">V\u00e1stago mecanizado de aluminio 6061.<\/span><\/li>\n<li><span lang=\"es\" xml:lang=\"es\">Tapa mecanizada de aluminio 6061.<\/span><\/li>\n<li><span lang=\"es\" xml:lang=\"es\">Ranura llave Allen mecanizada de 4 mm, para una f\u00e1cil instalaci\u00f3n \/ extracci\u00f3n.<\/span><\/li>\n<li><span lang=\"es\" xml:lang=\"es\">Incluye la herramienta de extracci\u00f3n del n\u00facleo de la v\u00e1lvula (integrada en la tapa de aluminio).<\/span><\/li>\n<li><span lang=\"es\" xml:lang=\"es\">Encu\u00e9ntrala en 10 colores distintos.<\/span><\/li>\n<\/ul>\n<p><span lang=\"es\" xml:lang=\"es\"><b>Forma de uso:<\/b><\/span><\/p>\n<p>&nbsp;<\/p>\n<ul>\n<li><span lang=\"es\" xml:lang=\"es\">Paso 1 &#8211; Las v\u00e1lvulas tubulares de Muc-Off funcionan con la mayor\u00eda de las llantas en el mercado. Si no est\u00e1 seguro de que son compatibles, rev\u00edselo con el fabricante de sus llantas.<\/span><\/li>\n<li><span lang=\"es\" xml:lang=\"es\">Paso 2 &#8211; Primero, remueva la tapa, la tuerca de bloqueo y el o-ring de el sistema.<\/span><\/li>\n<li><span lang=\"es\" xml:lang=\"es\">Paso 3 &#8211; Luego, escoja la correcta base de goma para su llanta. Las llantas con una secci\u00f3n curva utilizan la goma con base circular. Las llantas con una secci\u00f3n cuadrada utilizan la goma con base cuadrada. Inserte la base de goma adecuada hasta el final de la v\u00e1lvula. (Si el agujero de la v\u00e1lvula es demasiado grande, utilice la base de goma de mayor tama\u00f1o).<\/span><\/li>\n<li><span lang=\"es\" xml:lang=\"es\">Paso 4 &#8211; Ahora empuje el v\u00e1stago de la v\u00e1lvula dentro del agujero de la llanta y empuje hasta el final. Luego, coloque el o-ring de goma en el v\u00e1stago de la v\u00e1lvula y desl\u00edcela completamente hacia abajo hasta que se encuentre con el borde.<\/span><\/li>\n<li><span lang=\"es\" xml:lang=\"es\">Paso 5 &#8211; Atornille el anillo de bloqueo en el v\u00e1stago de la v\u00e1lvula y apriete por encima de el o-ring. Comience a atornillar la tuerca de bloqueo para que apriete el o-ring contra la llanta. Empuje firmemente hacia abajo la base de la v\u00e1lvula dentro del borde mientras aprieta la tuerca de bloqueo. Siga empujando hasta que la tuerca de bloqueo est\u00e9 apretada a mano y el o-ring de goma se aplaste. De esta manera, sabr\u00e1 que ha creado un buen sello herm\u00e9tico. (No sobre apriete ya que puede ocasionar p\u00e9rdidas de aire).<\/span><\/li>\n<li><span lang=\"es\" xml:lang=\"es\">Paso 6 &#8211; Use el removedor de el n\u00facleo de la v\u00e1lvula para retirar el n\u00facleo y aplicar l\u00edquido anti pinchazos. Luego, vuelva a insertar y apretar el n\u00facleo, infle la rueda y ponga la tapa de la v\u00e1lvula.<\/span><\/li>\n<li><span lang=\"es\" xml:lang=\"es\">\u00a1Todo listo, buen trabajo!<\/span><\/li>\n<\/ul>\n","protected":false},"excerpt":{"rendered":"<p>El <b>kit de v\u00e1lvulas tubeless Muc-Off<\/b> es la soluci\u00f3n definitiva para un sellado de neum\u00e1ticos fiable y sin fugas. Fabricadas en <b>aluminio ligero<\/b> y disponibles en varios colores, estas v\u00e1lvulas <b>Presta<\/b> son duraderas y a\u00f1aden un toque de estilo a tu bicicleta.<\/p>\n","protected":false},"featured_media":22563,"comment_status":"open","ping_status":"closed","template":"","meta":[],"product_cat":[197,1475],"product_tag":[1477,1478,1476],"class_list":{"0":"post-22557","1":"product","2":"type-product","3":"status-publish","4":"has-post-thumbnail","6":"product_brand-muc-off","7":"product_cat-accesorios","8":"product_cat-valvulas","9":"product_tag-muc-off","10":"product_tag-tubeless","11":"product_tag-valvulas","13":"first","14":"instock","15":"sale","16":"taxable","17":"shipping-taxable","18":"purchasable","19":"product-type-variable","20":"rtwpvg-product"},"yoast_head":"<!-- This site is optimized with the Yoast SEO Premium plugin v24.8 (Yoast SEO v25.6) - https:\/\/yoast.com\/wordpress\/plugins\/seo\/ -->\n<title>Kit Valvulas Muc-off Tubeless - NaturalBikes<\/title>\n<meta name=\"description\" content=\"El kit de v\u00e1lvulas tubeless Muc-Off es la soluci\u00f3n definitiva para un sellado de neum\u00e1ticos fiable y sin fugas. Fabricadas en aluminio ligero y disponibles en varios colores, estas v\u00e1lvulas Presta son duraderas y a\u00f1aden un toque de estilo a tu bicicleta.\" \/>\n<meta name=\"robots\" content=\"index, follow, max-snippet:-1, max-image-preview:large, max-video-preview:-1\" \/>\n<link rel=\"canonical\" href=\"https:\/\/naturalbikes.cl\/?product=kit-valvulas-muc-off-tubeless\" \/>\n<meta property=\"og:locale\" content=\"es_ES\" \/>\n<meta property=\"og:type\" content=\"article\" \/>\n<meta property=\"og:title\" content=\"Kit Valvulas Muc-off Tubeless\" \/>\n<meta property=\"og:description\" content=\"Ofrecer a nuestros clientes apasionados por el ciclismo de monta\u00f1a la mejor experiencia en productos, conocimientos especializados y servicios excepcionales. Nos comprometemos a proporcionar una amplia gama de bicicletas, accesorios y equipo de alta calidad, junto con asesoramiento experto y atenci\u00f3n personalizada para cada ciclista, para que puedan explorar, disfrutar y maximizar su aventura en el mundo del MTB\" \/>\n<meta property=\"og:url\" content=\"https:\/\/naturalbikes.cl\/?product=kit-valvulas-muc-off-tubeless\" \/>\n<meta property=\"og:site_name\" content=\"NaturalBikes\" \/>\n<meta property=\"article:publisher\" content=\"https:\/\/www.facebook.com\/naturalbikescl\" \/>\n<meta property=\"article:modified_time\" content=\"2026-01-06T20:12:23+00:00\" \/>\n<meta property=\"og:image\" content=\"https:\/\/naturalbikes.cl\/wp-content\/uploads\/2025\/08\/web_black_tubeless_presta_valve-0a96c723-d44c-42f0-888c-6f682b7a9147_1.png.webp\" \/>\n\t<meta property=\"og:image:width\" content=\"600\" \/>\n\t<meta property=\"og:image:height\" content=\"600\" \/>\n\t<meta property=\"og:image:type\" content=\"image\/webp\" \/>\n<meta name=\"twitter:card\" content=\"summary_large_image\" \/>\n<meta name=\"twitter:label1\" content=\"Tiempo de lectura\" \/>\n\t<meta name=\"twitter:data1\" content=\"2 minutos\" \/>\n<script type=\"application\/ld+json\" class=\"yoast-schema-graph\">{\"@context\":\"https:\/\/schema.org\",\"@graph\":[{\"@type\":\"WebPage\",\"@id\":\"https:\/\/naturalbikes.cl\/?product=kit-valvulas-muc-off-tubeless\",\"url\":\"https:\/\/naturalbikes.cl\/?product=kit-valvulas-muc-off-tubeless\",\"name\":\"Kit Valvulas Muc-off Tubeless - NaturalBikes\",\"isPartOf\":{\"@id\":\"https:\/\/naturalbikes.cl\/#website\"},\"primaryImageOfPage\":{\"@id\":\"https:\/\/naturalbikes.cl\/?product=kit-valvulas-muc-off-tubeless#primaryimage\"},\"image\":{\"@id\":\"https:\/\/naturalbikes.cl\/?product=kit-valvulas-muc-off-tubeless#primaryimage\"},\"thumbnailUrl\":\"https:\/\/naturalbikes.cl\/wp-content\/uploads\/2025\/08\/web_black_tubeless_presta_valve-0a96c723-d44c-42f0-888c-6f682b7a9147_1.png.webp\",\"datePublished\":\"2025-08-21T16:52:18+00:00\",\"dateModified\":\"2026-01-06T20:12:23+00:00\",\"description\":\"El kit de v\u00e1lvulas tubeless Muc-Off es la soluci\u00f3n definitiva para un sellado de neum\u00e1ticos fiable y sin fugas. Fabricadas en aluminio ligero y disponibles en varios colores, estas v\u00e1lvulas Presta son duraderas y a\u00f1aden un toque de estilo a tu bicicleta.\",\"breadcrumb\":{\"@id\":\"https:\/\/naturalbikes.cl\/?product=kit-valvulas-muc-off-tubeless#breadcrumb\"},\"inLanguage\":\"es\",\"potentialAction\":[{\"@type\":\"ReadAction\",\"target\":[\"https:\/\/naturalbikes.cl\/?product=kit-valvulas-muc-off-tubeless\"]}]},{\"@type\":\"ImageObject\",\"inLanguage\":\"es\",\"@id\":\"https:\/\/naturalbikes.cl\/?product=kit-valvulas-muc-off-tubeless#primaryimage\",\"url\":\"https:\/\/naturalbikes.cl\/wp-content\/uploads\/2025\/08\/web_black_tubeless_presta_valve-0a96c723-d44c-42f0-888c-6f682b7a9147_1.png.webp\",\"contentUrl\":\"https:\/\/naturalbikes.cl\/wp-content\/uploads\/2025\/08\/web_black_tubeless_presta_valve-0a96c723-d44c-42f0-888c-6f682b7a9147_1.png.webp\",\"width\":600,\"height\":600},{\"@type\":\"BreadcrumbList\",\"@id\":\"https:\/\/naturalbikes.cl\/?product=kit-valvulas-muc-off-tubeless#breadcrumb\",\"itemListElement\":[{\"@type\":\"ListItem\",\"position\":1,\"name\":\"Portada\",\"item\":\"https:\/\/naturalbikes.cl\/\"},{\"@type\":\"ListItem\",\"position\":2,\"name\":\"Tienda NB\",\"item\":\"https:\/\/naturalbikes.cl\/?page_id=7843\"},{\"@type\":\"ListItem\",\"position\":3,\"name\":\"Muc-Off\",\"item\":\"https:\/\/naturalbikes.cl\/?product_brand=muc-off\"},{\"@type\":\"ListItem\",\"position\":4,\"name\":\"Kit Valvulas Muc-off Tubeless\"}]},{\"@type\":\"WebSite\",\"@id\":\"https:\/\/naturalbikes.cl\/#website\",\"url\":\"https:\/\/naturalbikes.cl\/\",\"name\":\"Natural Bikes\",\"description\":\"Tienda de bicicletas repuestos accesorios taller mantenimiento clases salidas\",\"publisher\":{\"@id\":\"https:\/\/naturalbikes.cl\/#organization\"},\"alternateName\":\"Natural Bikes\",\"potentialAction\":[{\"@type\":\"SearchAction\",\"target\":{\"@type\":\"EntryPoint\",\"urlTemplate\":\"https:\/\/naturalbikes.cl\/?s={search_term_string}\"},\"query-input\":{\"@type\":\"PropertyValueSpecification\",\"valueRequired\":true,\"valueName\":\"search_term_string\"}}],\"inLanguage\":\"es\"},{\"@type\":\"Organization\",\"@id\":\"https:\/\/naturalbikes.cl\/#organization\",\"name\":\"Natural Bikes\",\"alternateName\":\"Natural Bikes\",\"url\":\"https:\/\/naturalbikes.cl\/\",\"logo\":{\"@type\":\"ImageObject\",\"inLanguage\":\"es\",\"@id\":\"https:\/\/naturalbikes.cl\/#\/schema\/logo\/image\/\",\"url\":\"https:\/\/naturalbikes.cl\/wp-content\/uploads\/2024\/05\/2023-10-10-10.44.12.jpg\",\"contentUrl\":\"https:\/\/naturalbikes.cl\/wp-content\/uploads\/2024\/05\/2023-10-10-10.44.12.jpg\",\"width\":650,\"height\":650,\"caption\":\"Natural Bikes\"},\"image\":{\"@id\":\"https:\/\/naturalbikes.cl\/#\/schema\/logo\/image\/\"},\"sameAs\":[\"https:\/\/www.facebook.com\/naturalbikescl\",\"https:\/\/www.instagram.com\/natural.bikes\",\"https:\/\/www.tiktok.com\/@natural.bikes\"],\"description\":\"Ofrecer a nuestros clientes apasionados por el ciclismo de monta\u00f1a la mejor experiencia en productos, conocimientos especializados y servicios excepcionales. Nos comprometemos a proporcionar una amplia gama de bicicletas, accesorios y equipo de alta calidad, junto con asesoramiento experto y atenci\u00f3n personalizada para cada ciclista, para que puedan explorar, disfrutar y maximizar su aventura en el mundo del MTB\",\"email\":\"naturalbikes1@gmail.com\",\"telephone\":\"56977043878\",\"legalName\":\"Natural Bikes Limitada\",\"foundingDate\":\"2024-01-01\",\"vatID\":\"76699553-5\",\"taxID\":\"76699553-5\",\"numberOfEmployees\":{\"@type\":\"QuantitativeValue\",\"minValue\":\"1\",\"maxValue\":\"10\"},\"publishingPrinciples\":\"https:\/\/naturalbikes.cl\/?page_id=7843\",\"ownershipFundingInfo\":\"https:\/\/naturalbikes.cl\/?page_id=7843\",\"actionableFeedbackPolicy\":\"https:\/\/naturalbikes.cl\/?page_id=14797\",\"correctionsPolicy\":\"https:\/\/naturalbikes.cl\/?page_id=3\",\"ethicsPolicy\":\"https:\/\/naturalbikes.cl\/?page_id=7843\",\"diversityPolicy\":\"https:\/\/naturalbikes.cl\/?page_id=11734\",\"diversityStaffingReport\":\"https:\/\/naturalbikes.cl\/?page_id=12161\"}]}<\/script>\n<!-- \/ Yoast SEO Premium plugin. -->","yoast_head_json":{"title":"Kit Valvulas Muc-off Tubeless - NaturalBikes","description":"El kit de v\u00e1lvulas tubeless Muc-Off es la soluci\u00f3n definitiva para un sellado de neum\u00e1ticos fiable y sin fugas. Fabricadas en aluminio ligero y disponibles en varios colores, estas v\u00e1lvulas Presta son duraderas y a\u00f1aden un toque de estilo a tu bicicleta.","robots":{"index":"index","follow":"follow","max-snippet":"max-snippet:-1","max-image-preview":"max-image-preview:large","max-video-preview":"max-video-preview:-1"},"canonical":"https:\/\/naturalbikes.cl\/?product=kit-valvulas-muc-off-tubeless","og_locale":"es_ES","og_type":"article","og_title":"Kit Valvulas Muc-off Tubeless","og_description":"Ofrecer a nuestros clientes apasionados por el ciclismo de monta\u00f1a la mejor experiencia en productos, conocimientos especializados y servicios excepcionales. Nos comprometemos a proporcionar una amplia gama de bicicletas, accesorios y equipo de alta calidad, junto con asesoramiento experto y atenci\u00f3n personalizada para cada ciclista, para que puedan explorar, disfrutar y maximizar su aventura en el mundo del MTB","og_url":"https:\/\/naturalbikes.cl\/?product=kit-valvulas-muc-off-tubeless","og_site_name":"NaturalBikes","article_publisher":"https:\/\/www.facebook.com\/naturalbikescl","article_modified_time":"2026-01-06T20:12:23+00:00","og_image":[{"width":600,"height":600,"url":"https:\/\/naturalbikes.cl\/wp-content\/uploads\/2025\/08\/web_black_tubeless_presta_valve-0a96c723-d44c-42f0-888c-6f682b7a9147_1.png.webp","type":"image\/webp"}],"twitter_card":"summary_large_image","twitter_misc":{"Tiempo de lectura":"2 minutos"},"schema":{"@context":"https:\/\/schema.org","@graph":[{"@type":"WebPage","@id":"https:\/\/naturalbikes.cl\/?product=kit-valvulas-muc-off-tubeless","url":"https:\/\/naturalbikes.cl\/?product=kit-valvulas-muc-off-tubeless","name":"Kit Valvulas Muc-off Tubeless - NaturalBikes","isPartOf":{"@id":"https:\/\/naturalbikes.cl\/#website"},"primaryImageOfPage":{"@id":"https:\/\/naturalbikes.cl\/?product=kit-valvulas-muc-off-tubeless#primaryimage"},"image":{"@id":"https:\/\/naturalbikes.cl\/?product=kit-valvulas-muc-off-tubeless#primaryimage"},"thumbnailUrl":"https:\/\/naturalbikes.cl\/wp-content\/uploads\/2025\/08\/web_black_tubeless_presta_valve-0a96c723-d44c-42f0-888c-6f682b7a9147_1.png.webp","datePublished":"2025-08-21T16:52:18+00:00","dateModified":"2026-01-06T20:12:23+00:00","description":"El kit de v\u00e1lvulas tubeless Muc-Off es la soluci\u00f3n definitiva para un sellado de neum\u00e1ticos fiable y sin fugas. Fabricadas en aluminio ligero y disponibles en varios colores, estas v\u00e1lvulas Presta son duraderas y a\u00f1aden un toque de estilo a tu bicicleta.","breadcrumb":{"@id":"https:\/\/naturalbikes.cl\/?product=kit-valvulas-muc-off-tubeless#breadcrumb"},"inLanguage":"es","potentialAction":[{"@type":"ReadAction","target":["https:\/\/naturalbikes.cl\/?product=kit-valvulas-muc-off-tubeless"]}]},{"@type":"ImageObject","inLanguage":"es","@id":"https:\/\/naturalbikes.cl\/?product=kit-valvulas-muc-off-tubeless#primaryimage","url":"https:\/\/naturalbikes.cl\/wp-content\/uploads\/2025\/08\/web_black_tubeless_presta_valve-0a96c723-d44c-42f0-888c-6f682b7a9147_1.png.webp","contentUrl":"https:\/\/naturalbikes.cl\/wp-content\/uploads\/2025\/08\/web_black_tubeless_presta_valve-0a96c723-d44c-42f0-888c-6f682b7a9147_1.png.webp","width":600,"height":600},{"@type":"BreadcrumbList","@id":"https:\/\/naturalbikes.cl\/?product=kit-valvulas-muc-off-tubeless#breadcrumb","itemListElement":[{"@type":"ListItem","position":1,"name":"Portada","item":"https:\/\/naturalbikes.cl\/"},{"@type":"ListItem","position":2,"name":"Tienda NB","item":"https:\/\/naturalbikes.cl\/?page_id=7843"},{"@type":"ListItem","position":3,"name":"Muc-Off","item":"https:\/\/naturalbikes.cl\/?product_brand=muc-off"},{"@type":"ListItem","position":4,"name":"Kit Valvulas Muc-off Tubeless"}]},{"@type":"WebSite","@id":"https:\/\/naturalbikes.cl\/#website","url":"https:\/\/naturalbikes.cl\/","name":"Natural Bikes","description":"Tienda de bicicletas repuestos accesorios taller mantenimiento clases salidas","publisher":{"@id":"https:\/\/naturalbikes.cl\/#organization"},"alternateName":"Natural Bikes","potentialAction":[{"@type":"SearchAction","target":{"@type":"EntryPoint","urlTemplate":"https:\/\/naturalbikes.cl\/?s={search_term_string}"},"query-input":{"@type":"PropertyValueSpecification","valueRequired":true,"valueName":"search_term_string"}}],"inLanguage":"es"},{"@type":"Organization","@id":"https:\/\/naturalbikes.cl\/#organization","name":"Natural Bikes","alternateName":"Natural Bikes","url":"https:\/\/naturalbikes.cl\/","logo":{"@type":"ImageObject","inLanguage":"es","@id":"https:\/\/naturalbikes.cl\/#\/schema\/logo\/image\/","url":"https:\/\/naturalbikes.cl\/wp-content\/uploads\/2024\/05\/2023-10-10-10.44.12.jpg","contentUrl":"https:\/\/naturalbikes.cl\/wp-content\/uploads\/2024\/05\/2023-10-10-10.44.12.jpg","width":650,"height":650,"caption":"Natural Bikes"},"image":{"@id":"https:\/\/naturalbikes.cl\/#\/schema\/logo\/image\/"},"sameAs":["https:\/\/www.facebook.com\/naturalbikescl","https:\/\/www.instagram.com\/natural.bikes","https:\/\/www.tiktok.com\/@natural.bikes"],"description":"Ofrecer a nuestros clientes apasionados por el ciclismo de monta\u00f1a la mejor experiencia en productos, conocimientos especializados y servicios excepcionales. Nos comprometemos a proporcionar una amplia gama de bicicletas, accesorios y equipo de alta calidad, junto con asesoramiento experto y atenci\u00f3n personalizada para cada ciclista, para que puedan explorar, disfrutar y maximizar su aventura en el mundo del MTB","email":"naturalbikes1@gmail.com","telephone":"56977043878","legalName":"Natural Bikes Limitada","foundingDate":"2024-01-01","vatID":"76699553-5","taxID":"76699553-5","numberOfEmployees":{"@type":"QuantitativeValue","minValue":"1","maxValue":"10"},"publishingPrinciples":"https:\/\/naturalbikes.cl\/?page_id=7843","ownershipFundingInfo":"https:\/\/naturalbikes.cl\/?page_id=7843","actionableFeedbackPolicy":"https:\/\/naturalbikes.cl\/?page_id=14797","correctionsPolicy":"https:\/\/naturalbikes.cl\/?page_id=3","ethicsPolicy":"https:\/\/naturalbikes.cl\/?page_id=7843","diversityPolicy":"https:\/\/naturalbikes.cl\/?page_id=11734","diversityStaffingReport":"https:\/\/naturalbikes.cl\/?page_id=12161"}]}},"_links":{"self":[{"href":"https:\/\/naturalbikes.cl\/index.php?rest_route=\/wp\/v2\/product\/22557"}],"collection":[{"href":"https:\/\/naturalbikes.cl\/index.php?rest_route=\/wp\/v2\/product"}],"about":[{"href":"https:\/\/naturalbikes.cl\/index.php?rest_route=\/wp\/v2\/types\/product"}],"replies":[{"embeddable":true,"href":"https:\/\/naturalbikes.cl\/index.php?rest_route=%2Fwp%2Fv2%2Fcomments&post=22557"}],"wp:featuredmedia":[{"embeddable":true,"href":"https:\/\/naturalbikes.cl\/index.php?rest_route=\/wp\/v2\/media\/22563"}],"wp:attachment":[{"href":"https:\/\/naturalbikes.cl\/index.php?rest_route=%2Fwp%2Fv2%2Fmedia&parent=22557"}],"wp:term":[{"taxonomy":"product_cat","embeddable":true,"href":"https:\/\/naturalbikes.cl\/index.php?rest_route=%2Fwp%2Fv2%2Fproduct_cat&post=22557"},{"taxonomy":"product_tag","embeddable":true,"href":"https:\/\/naturalbikes.cl\/index.php?rest_route=%2Fwp%2Fv2%2Fproduct_tag&post=22557"}],"curies":[{"name":"wp","href":"https:\/\/api.w.org\/{rel}","templated":true}]}}