{"id":22531,"date":"2025-08-17T09:28:24","date_gmt":"2025-08-17T13:28:24","guid":{"rendered":"https:\/\/naturalbikes.cl\/?post_type=product&#038;p=22531"},"modified":"2026-01-06T17:12:19","modified_gmt":"2026-01-06T20:12:19","slug":"cambio-shimano-9v-rd-m370-l-sgs-altus-negro-directo-erdm370sgsl","status":"publish","type":"product","link":"https:\/\/naturalbikes.cl\/?product=cambio-shimano-9v-rd-m370-l-sgs-altus-negro-directo-erdm370sgsl","title":{"rendered":"Cambio Shimano 9V. Rd-M370-L Sgs Altus Negro Directo Erdm370Sgsl"},"content":{"rendered":"<p>El cambio trasero <b>Shimano Altus RD-M370-L<\/b> de 9 velocidades es la opci\u00f3n ideal para bicicletas de MTB y de uso recreativo que buscan fiabilidad, precisi\u00f3n y un excelente rendimiento a un precio accesible. Dise\u00f1ado para funcionar a la perfecci\u00f3n con transmisiones Shimano de 9 velocidades, este componente ofrece una experiencia de cambio de marchas suave y consistente.<\/p>\n<p>Su tecnolog\u00eda <b>Shimano Shadow RD<\/b> reduce el perfil del cambio, protegi\u00e9ndolo de posibles golpes y enganches con rocas o ramas en el camino. La caja de poleas <b>SGS (caja larga)<\/b> le permite manejar una amplia gama de cassettes, proporcionando una versatilidad superior para diferentes terrenos.<\/p>\n<p>La instalaci\u00f3n es sencilla gracias a su montaje directo, lo que asegura un ajuste seguro y preciso en tu bicicleta. Con un acabado en color negro y la reconocida calidad de fabricaci\u00f3n de Shimano, el RD-M370-L es un componente duradero que no te defraudar\u00e1.<\/p>\n<p>Este cambio es la elecci\u00f3n perfecta si buscas un reemplazo o una mejora para tu transmisi\u00f3n de 9 velocidades, garantizando un funcionamiento fiable en cada una de tus salidas.<\/p>\n<div class=\"card__header\">\n<h2 class=\"card__title heading h3\">Descripci\u00f3n<\/h2>\n<\/div>\n<div class=\"card__section \">\n<div class=\"rte text--pull\">\n<div class=\"table-wrapper\">\n<table class=\"table table-bordered ps-table ps-table--specification\">\n<tbody>\n<tr>\n<td>Marca<\/td>\n<td>SHIMANO<\/td>\n<\/tr>\n<tr>\n<td>Uso<\/td>\n<td>MTB<\/td>\n<\/tr>\n<tr>\n<td>Modelo<\/td>\n<td>RD-M370-L SGS ALTUS<\/td>\n<\/tr>\n<tr>\n<td>Talla \/ Medidas<\/td>\n<td>tipo de Fijacion Apernado<\/td>\n<\/tr>\n<tr>\n<td>Material Color<\/td>\n<td>Aluminio\/ color Plateado y Negro<\/td>\n<\/tr>\n<tr>\n<td>Peso<\/td>\n<td>300g<\/td>\n<\/tr>\n<tr>\n<td>Caracter\u00edsticas Especificas<\/td>\n<td>Cadena compatible HG 9 velocidades<br \/>\nPi\u00f1\u00f3n inferior_M\u00e1x. 34T<br \/>\nPi\u00f1\u00f3n inferior_M\u00edn. 28T<br \/>\nM\u00e1x. diferencia delantera 22T<br \/>\nPolea_Dientes 11\/11T<br \/>\nCaja de polea SGS<br \/>\nVelocidades traseras 9<br \/>\nCapacidad total 45T<\/td>\n<\/tr>\n<\/tbody>\n<\/table>\n<\/div>\n<\/div>\n<\/div>\n<p>&nbsp;<\/p>\n","protected":false},"excerpt":{"rendered":"<p><img decoding=\"async\" title=\"Shimano\" src=\"https:\/\/www.ebest.cl\/media\/images\/cache\/amasty\/shopby\/option_images\/slider\/resized\/150x50\/shimano.png\" alt=\"Shimano\" \/><\/p>\n<p>Ideal para bicicletas de 9 velocidades, el cambio <b>Shimano Altus RD-M370-L<\/b> de montaje directo ofrece cambios precisos y fiables. Su dise\u00f1o de caja larga <b>SGS<\/b> asegura compatibilidad con una amplia gama de cassettes, brindando un rendimiento duradero y consistente.<\/p>\n","protected":false},"featured_media":22532,"comment_status":"open","ping_status":"closed","template":"","meta":[],"product_cat":[389,198],"product_tag":[1150,1152,1348],"class_list":{"0":"post-22531","1":"product","2":"type-product","3":"status-publish","4":"has-post-thumbnail","6":"product_brand-shimano","7":"product_cat-cambios","8":"product_cat-componentes","9":"product_tag-cambio","10":"product_tag-pata-de-cambio","11":"product_tag-shimano","13":"first","14":"instock","15":"taxable","16":"shipping-taxable","17":"purchasable","18":"product-type-simple"},"yoast_head":"<!-- This site is optimized with the Yoast SEO Premium plugin v24.8 (Yoast SEO v25.6) - https:\/\/yoast.com\/wordpress\/plugins\/seo\/ -->\n<title>Cambio Shimano Altus RD-M370 9V, SGS, Negro | Montaje Directo<\/title>\n<meta name=\"description\" content=\"Cambio trasero Shimano Altus 9V (RD-M370-L) de caja larga SGS. Ofrece cambios precisos y fiables para MTB de uso recreativo.\" \/>\n<meta name=\"robots\" content=\"index, follow, max-snippet:-1, max-image-preview:large, max-video-preview:-1\" \/>\n<link rel=\"canonical\" href=\"https:\/\/naturalbikes.cl\/?product=cambio-shimano-9v-rd-m370-l-sgs-altus-negro-directo-erdm370sgsl\" \/>\n<meta property=\"og:locale\" content=\"es_ES\" \/>\n<meta property=\"og:type\" content=\"article\" \/>\n<meta property=\"og:title\" content=\"Cambio Shimano 9V. Rd-M370-L Sgs Altus Negro Directo Erdm370Sgsl\" \/>\n<meta property=\"og:description\" content=\"Ofrecer a nuestros clientes apasionados por el ciclismo de monta\u00f1a la mejor experiencia en productos, conocimientos especializados y servicios excepcionales. Nos comprometemos a proporcionar una amplia gama de bicicletas, accesorios y equipo de alta calidad, junto con asesoramiento experto y atenci\u00f3n personalizada para cada ciclista, para que puedan explorar, disfrutar y maximizar su aventura en el mundo del MTB\" \/>\n<meta property=\"og:url\" content=\"https:\/\/naturalbikes.cl\/?product=cambio-shimano-9v-rd-m370-l-sgs-altus-negro-directo-erdm370sgsl\" \/>\n<meta property=\"og:site_name\" content=\"NaturalBikes\" \/>\n<meta property=\"article:publisher\" content=\"https:\/\/www.facebook.com\/naturalbikescl\" \/>\n<meta property=\"article:modified_time\" content=\"2026-01-06T20:12:19+00:00\" \/>\n<meta property=\"og:image\" content=\"https:\/\/naturalbikes.cl\/wp-content\/uploads\/2025\/08\/1080.webp\" \/>\n\t<meta property=\"og:image:width\" content=\"1080\" \/>\n\t<meta property=\"og:image:height\" content=\"1080\" \/>\n\t<meta property=\"og:image:type\" content=\"image\/webp\" \/>\n<meta name=\"twitter:card\" content=\"summary_large_image\" \/>\n<meta name=\"twitter:label1\" content=\"Tiempo de lectura\" \/>\n\t<meta name=\"twitter:data1\" content=\"2 minutos\" \/>\n<script type=\"application\/ld+json\" class=\"yoast-schema-graph\">{\"@context\":\"https:\/\/schema.org\",\"@graph\":[{\"@type\":\"WebPage\",\"@id\":\"https:\/\/naturalbikes.cl\/?product=cambio-shimano-9v-rd-m370-l-sgs-altus-negro-directo-erdm370sgsl\",\"url\":\"https:\/\/naturalbikes.cl\/?product=cambio-shimano-9v-rd-m370-l-sgs-altus-negro-directo-erdm370sgsl\",\"name\":\"Cambio Shimano Altus RD-M370 9V, SGS, Negro | Montaje Directo\",\"isPartOf\":{\"@id\":\"https:\/\/naturalbikes.cl\/#website\"},\"primaryImageOfPage\":{\"@id\":\"https:\/\/naturalbikes.cl\/?product=cambio-shimano-9v-rd-m370-l-sgs-altus-negro-directo-erdm370sgsl#primaryimage\"},\"image\":{\"@id\":\"https:\/\/naturalbikes.cl\/?product=cambio-shimano-9v-rd-m370-l-sgs-altus-negro-directo-erdm370sgsl#primaryimage\"},\"thumbnailUrl\":\"https:\/\/naturalbikes.cl\/wp-content\/uploads\/2025\/08\/1080.webp\",\"datePublished\":\"2025-08-17T13:28:24+00:00\",\"dateModified\":\"2026-01-06T20:12:19+00:00\",\"description\":\"Cambio trasero Shimano Altus 9V (RD-M370-L) de caja larga SGS. Ofrece cambios precisos y fiables para MTB de uso recreativo.\",\"breadcrumb\":{\"@id\":\"https:\/\/naturalbikes.cl\/?product=cambio-shimano-9v-rd-m370-l-sgs-altus-negro-directo-erdm370sgsl#breadcrumb\"},\"inLanguage\":\"es\",\"potentialAction\":[{\"@type\":\"ReadAction\",\"target\":[\"https:\/\/naturalbikes.cl\/?product=cambio-shimano-9v-rd-m370-l-sgs-altus-negro-directo-erdm370sgsl\"]}]},{\"@type\":\"ImageObject\",\"inLanguage\":\"es\",\"@id\":\"https:\/\/naturalbikes.cl\/?product=cambio-shimano-9v-rd-m370-l-sgs-altus-negro-directo-erdm370sgsl#primaryimage\",\"url\":\"https:\/\/naturalbikes.cl\/wp-content\/uploads\/2025\/08\/1080.webp\",\"contentUrl\":\"https:\/\/naturalbikes.cl\/wp-content\/uploads\/2025\/08\/1080.webp\",\"width\":1080,\"height\":1080},{\"@type\":\"BreadcrumbList\",\"@id\":\"https:\/\/naturalbikes.cl\/?product=cambio-shimano-9v-rd-m370-l-sgs-altus-negro-directo-erdm370sgsl#breadcrumb\",\"itemListElement\":[{\"@type\":\"ListItem\",\"position\":1,\"name\":\"Portada\",\"item\":\"https:\/\/naturalbikes.cl\/\"},{\"@type\":\"ListItem\",\"position\":2,\"name\":\"Tienda NB\",\"item\":\"https:\/\/naturalbikes.cl\/?page_id=7843\"},{\"@type\":\"ListItem\",\"position\":3,\"name\":\"Shimano\",\"item\":\"https:\/\/naturalbikes.cl\/?product_brand=shimano\"},{\"@type\":\"ListItem\",\"position\":4,\"name\":\"Cambio Shimano 9V. Rd-M370-L Sgs Altus Negro Directo Erdm370Sgsl\"}]},{\"@type\":\"WebSite\",\"@id\":\"https:\/\/naturalbikes.cl\/#website\",\"url\":\"https:\/\/naturalbikes.cl\/\",\"name\":\"Natural Bikes\",\"description\":\"Tienda de bicicletas repuestos accesorios taller mantenimiento clases salidas\",\"publisher\":{\"@id\":\"https:\/\/naturalbikes.cl\/#organization\"},\"alternateName\":\"Natural Bikes\",\"potentialAction\":[{\"@type\":\"SearchAction\",\"target\":{\"@type\":\"EntryPoint\",\"urlTemplate\":\"https:\/\/naturalbikes.cl\/?s={search_term_string}\"},\"query-input\":{\"@type\":\"PropertyValueSpecification\",\"valueRequired\":true,\"valueName\":\"search_term_string\"}}],\"inLanguage\":\"es\"},{\"@type\":\"Organization\",\"@id\":\"https:\/\/naturalbikes.cl\/#organization\",\"name\":\"Natural Bikes\",\"alternateName\":\"Natural Bikes\",\"url\":\"https:\/\/naturalbikes.cl\/\",\"logo\":{\"@type\":\"ImageObject\",\"inLanguage\":\"es\",\"@id\":\"https:\/\/naturalbikes.cl\/#\/schema\/logo\/image\/\",\"url\":\"https:\/\/naturalbikes.cl\/wp-content\/uploads\/2024\/05\/2023-10-10-10.44.12.jpg\",\"contentUrl\":\"https:\/\/naturalbikes.cl\/wp-content\/uploads\/2024\/05\/2023-10-10-10.44.12.jpg\",\"width\":650,\"height\":650,\"caption\":\"Natural Bikes\"},\"image\":{\"@id\":\"https:\/\/naturalbikes.cl\/#\/schema\/logo\/image\/\"},\"sameAs\":[\"https:\/\/www.facebook.com\/naturalbikescl\",\"https:\/\/www.instagram.com\/natural.bikes\",\"https:\/\/www.tiktok.com\/@natural.bikes\"],\"description\":\"Ofrecer a nuestros clientes apasionados por el ciclismo de monta\u00f1a la mejor experiencia en productos, conocimientos especializados y servicios excepcionales. Nos comprometemos a proporcionar una amplia gama de bicicletas, accesorios y equipo de alta calidad, junto con asesoramiento experto y atenci\u00f3n personalizada para cada ciclista, para que puedan explorar, disfrutar y maximizar su aventura en el mundo del MTB\",\"email\":\"naturalbikes1@gmail.com\",\"telephone\":\"56977043878\",\"legalName\":\"Natural Bikes Limitada\",\"foundingDate\":\"2024-01-01\",\"vatID\":\"76699553-5\",\"taxID\":\"76699553-5\",\"numberOfEmployees\":{\"@type\":\"QuantitativeValue\",\"minValue\":\"1\",\"maxValue\":\"10\"},\"publishingPrinciples\":\"https:\/\/naturalbikes.cl\/?page_id=7843\",\"ownershipFundingInfo\":\"https:\/\/naturalbikes.cl\/?page_id=7843\",\"actionableFeedbackPolicy\":\"https:\/\/naturalbikes.cl\/?page_id=14797\",\"correctionsPolicy\":\"https:\/\/naturalbikes.cl\/?page_id=3\",\"ethicsPolicy\":\"https:\/\/naturalbikes.cl\/?page_id=7843\",\"diversityPolicy\":\"https:\/\/naturalbikes.cl\/?page_id=11734\",\"diversityStaffingReport\":\"https:\/\/naturalbikes.cl\/?page_id=12161\"}]}<\/script>\n<!-- \/ Yoast SEO Premium plugin. -->","yoast_head_json":{"title":"Cambio Shimano Altus RD-M370 9V, SGS, Negro | Montaje Directo","description":"Cambio trasero Shimano Altus 9V (RD-M370-L) de caja larga SGS. Ofrece cambios precisos y fiables para MTB de uso recreativo.","robots":{"index":"index","follow":"follow","max-snippet":"max-snippet:-1","max-image-preview":"max-image-preview:large","max-video-preview":"max-video-preview:-1"},"canonical":"https:\/\/naturalbikes.cl\/?product=cambio-shimano-9v-rd-m370-l-sgs-altus-negro-directo-erdm370sgsl","og_locale":"es_ES","og_type":"article","og_title":"Cambio Shimano 9V. Rd-M370-L Sgs Altus Negro Directo Erdm370Sgsl","og_description":"Ofrecer a nuestros clientes apasionados por el ciclismo de monta\u00f1a la mejor experiencia en productos, conocimientos especializados y servicios excepcionales. Nos comprometemos a proporcionar una amplia gama de bicicletas, accesorios y equipo de alta calidad, junto con asesoramiento experto y atenci\u00f3n personalizada para cada ciclista, para que puedan explorar, disfrutar y maximizar su aventura en el mundo del MTB","og_url":"https:\/\/naturalbikes.cl\/?product=cambio-shimano-9v-rd-m370-l-sgs-altus-negro-directo-erdm370sgsl","og_site_name":"NaturalBikes","article_publisher":"https:\/\/www.facebook.com\/naturalbikescl","article_modified_time":"2026-01-06T20:12:19+00:00","og_image":[{"width":1080,"height":1080,"url":"https:\/\/naturalbikes.cl\/wp-content\/uploads\/2025\/08\/1080.webp","type":"image\/webp"}],"twitter_card":"summary_large_image","twitter_misc":{"Tiempo de lectura":"2 minutos"},"schema":{"@context":"https:\/\/schema.org","@graph":[{"@type":"WebPage","@id":"https:\/\/naturalbikes.cl\/?product=cambio-shimano-9v-rd-m370-l-sgs-altus-negro-directo-erdm370sgsl","url":"https:\/\/naturalbikes.cl\/?product=cambio-shimano-9v-rd-m370-l-sgs-altus-negro-directo-erdm370sgsl","name":"Cambio Shimano Altus RD-M370 9V, SGS, Negro | Montaje Directo","isPartOf":{"@id":"https:\/\/naturalbikes.cl\/#website"},"primaryImageOfPage":{"@id":"https:\/\/naturalbikes.cl\/?product=cambio-shimano-9v-rd-m370-l-sgs-altus-negro-directo-erdm370sgsl#primaryimage"},"image":{"@id":"https:\/\/naturalbikes.cl\/?product=cambio-shimano-9v-rd-m370-l-sgs-altus-negro-directo-erdm370sgsl#primaryimage"},"thumbnailUrl":"https:\/\/naturalbikes.cl\/wp-content\/uploads\/2025\/08\/1080.webp","datePublished":"2025-08-17T13:28:24+00:00","dateModified":"2026-01-06T20:12:19+00:00","description":"Cambio trasero Shimano Altus 9V (RD-M370-L) de caja larga SGS. Ofrece cambios precisos y fiables para MTB de uso recreativo.","breadcrumb":{"@id":"https:\/\/naturalbikes.cl\/?product=cambio-shimano-9v-rd-m370-l-sgs-altus-negro-directo-erdm370sgsl#breadcrumb"},"inLanguage":"es","potentialAction":[{"@type":"ReadAction","target":["https:\/\/naturalbikes.cl\/?product=cambio-shimano-9v-rd-m370-l-sgs-altus-negro-directo-erdm370sgsl"]}]},{"@type":"ImageObject","inLanguage":"es","@id":"https:\/\/naturalbikes.cl\/?product=cambio-shimano-9v-rd-m370-l-sgs-altus-negro-directo-erdm370sgsl#primaryimage","url":"https:\/\/naturalbikes.cl\/wp-content\/uploads\/2025\/08\/1080.webp","contentUrl":"https:\/\/naturalbikes.cl\/wp-content\/uploads\/2025\/08\/1080.webp","width":1080,"height":1080},{"@type":"BreadcrumbList","@id":"https:\/\/naturalbikes.cl\/?product=cambio-shimano-9v-rd-m370-l-sgs-altus-negro-directo-erdm370sgsl#breadcrumb","itemListElement":[{"@type":"ListItem","position":1,"name":"Portada","item":"https:\/\/naturalbikes.cl\/"},{"@type":"ListItem","position":2,"name":"Tienda NB","item":"https:\/\/naturalbikes.cl\/?page_id=7843"},{"@type":"ListItem","position":3,"name":"Shimano","item":"https:\/\/naturalbikes.cl\/?product_brand=shimano"},{"@type":"ListItem","position":4,"name":"Cambio Shimano 9V. Rd-M370-L Sgs Altus Negro Directo Erdm370Sgsl"}]},{"@type":"WebSite","@id":"https:\/\/naturalbikes.cl\/#website","url":"https:\/\/naturalbikes.cl\/","name":"Natural Bikes","description":"Tienda de bicicletas repuestos accesorios taller mantenimiento clases salidas","publisher":{"@id":"https:\/\/naturalbikes.cl\/#organization"},"alternateName":"Natural Bikes","potentialAction":[{"@type":"SearchAction","target":{"@type":"EntryPoint","urlTemplate":"https:\/\/naturalbikes.cl\/?s={search_term_string}"},"query-input":{"@type":"PropertyValueSpecification","valueRequired":true,"valueName":"search_term_string"}}],"inLanguage":"es"},{"@type":"Organization","@id":"https:\/\/naturalbikes.cl\/#organization","name":"Natural Bikes","alternateName":"Natural Bikes","url":"https:\/\/naturalbikes.cl\/","logo":{"@type":"ImageObject","inLanguage":"es","@id":"https:\/\/naturalbikes.cl\/#\/schema\/logo\/image\/","url":"https:\/\/naturalbikes.cl\/wp-content\/uploads\/2024\/05\/2023-10-10-10.44.12.jpg","contentUrl":"https:\/\/naturalbikes.cl\/wp-content\/uploads\/2024\/05\/2023-10-10-10.44.12.jpg","width":650,"height":650,"caption":"Natural Bikes"},"image":{"@id":"https:\/\/naturalbikes.cl\/#\/schema\/logo\/image\/"},"sameAs":["https:\/\/www.facebook.com\/naturalbikescl","https:\/\/www.instagram.com\/natural.bikes","https:\/\/www.tiktok.com\/@natural.bikes"],"description":"Ofrecer a nuestros clientes apasionados por el ciclismo de monta\u00f1a la mejor experiencia en productos, conocimientos especializados y servicios excepcionales. Nos comprometemos a proporcionar una amplia gama de bicicletas, accesorios y equipo de alta calidad, junto con asesoramiento experto y atenci\u00f3n personalizada para cada ciclista, para que puedan explorar, disfrutar y maximizar su aventura en el mundo del MTB","email":"naturalbikes1@gmail.com","telephone":"56977043878","legalName":"Natural Bikes Limitada","foundingDate":"2024-01-01","vatID":"76699553-5","taxID":"76699553-5","numberOfEmployees":{"@type":"QuantitativeValue","minValue":"1","maxValue":"10"},"publishingPrinciples":"https:\/\/naturalbikes.cl\/?page_id=7843","ownershipFundingInfo":"https:\/\/naturalbikes.cl\/?page_id=7843","actionableFeedbackPolicy":"https:\/\/naturalbikes.cl\/?page_id=14797","correctionsPolicy":"https:\/\/naturalbikes.cl\/?page_id=3","ethicsPolicy":"https:\/\/naturalbikes.cl\/?page_id=7843","diversityPolicy":"https:\/\/naturalbikes.cl\/?page_id=11734","diversityStaffingReport":"https:\/\/naturalbikes.cl\/?page_id=12161"}]}},"_links":{"self":[{"href":"https:\/\/naturalbikes.cl\/index.php?rest_route=\/wp\/v2\/product\/22531"}],"collection":[{"href":"https:\/\/naturalbikes.cl\/index.php?rest_route=\/wp\/v2\/product"}],"about":[{"href":"https:\/\/naturalbikes.cl\/index.php?rest_route=\/wp\/v2\/types\/product"}],"replies":[{"embeddable":true,"href":"https:\/\/naturalbikes.cl\/index.php?rest_route=%2Fwp%2Fv2%2Fcomments&post=22531"}],"wp:featuredmedia":[{"embeddable":true,"href":"https:\/\/naturalbikes.cl\/index.php?rest_route=\/wp\/v2\/media\/22532"}],"wp:attachment":[{"href":"https:\/\/naturalbikes.cl\/index.php?rest_route=%2Fwp%2Fv2%2Fmedia&parent=22531"}],"wp:term":[{"taxonomy":"product_cat","embeddable":true,"href":"https:\/\/naturalbikes.cl\/index.php?rest_route=%2Fwp%2Fv2%2Fproduct_cat&post=22531"},{"taxonomy":"product_tag","embeddable":true,"href":"https:\/\/naturalbikes.cl\/index.php?rest_route=%2Fwp%2Fv2%2Fproduct_tag&post=22531"}],"curies":[{"name":"wp","href":"https:\/\/api.w.org\/{rel}","templated":true}]}}