{"id":22524,"date":"2025-08-16T19:25:56","date_gmt":"2025-08-16T23:25:56","guid":{"rendered":"https:\/\/naturalbikes.cl\/?post_type=product&#038;p=22524"},"modified":"2026-01-06T17:12:19","modified_gmt":"2026-01-06T20:12:19","slug":"cadena-shimano-cnlg500-138-links-linkglide-9-10-11-vel","status":"publish","type":"product","link":"https:\/\/naturalbikes.cl\/?product=cadena-shimano-cnlg500-138-links-linkglide-9-10-11-vel","title":{"rendered":"Cadena Shimano CNLG500 138 Links Linkglide 9\/10\/11 Vel."},"content":{"rendered":"<div class=\"product--description\">\n<h2>El sistema de componentes m\u00e1s duradero: CN-LG500 LINKGLIDE Cadena de 10\/11 velocidades de Shimano<\/h2>\n<p>LINKGLIDE proporciona de forma consistente un pedaleo m\u00e1s suave y uniforme mientras que el cambio apenas se siente en los pies. El dise\u00f1o optimizado de la puerta de cambio de LINKGLIDE crea un traspaso m\u00e1s suave entre los dientes para evitar los saltos que pueden afectar a la suavidad del cambio y del pedaleo. Esta mejora en el dise\u00f1o es especialmente pronunciada en los cambios hacia afuera, donde el impacto del pedaleo es m\u00e1s notable debido a las mayores fuerzas involucradas.<\/p>\n<p>La durabilidad de la transmisi\u00f3n es esencial para las bicicletas el\u00e9ctricas de alto par y para los ciclistas diarios que pueden utilizar la misma marcha durante meses o a\u00f1os. LINKGLIDE proporciona un cambio suave y decisivo que dura m\u00e1s que nunca. Los dientes de cassette redise\u00f1ados de LINKGLIDE tienen una base sustancialmente m\u00e1s gruesa y un chafl\u00e1n \u00fanico que mejora dr\u00e1sticamente la resistencia al desgaste en aplicaciones de alto par. Este aumento de la durabilidad del casete prolonga el rendimiento de la conducci\u00f3n suave y alarga el tiempo antes de que empiecen a producirse saltos de cadena causados por el desgaste.<\/p>\n<hr \/>\n<h3>Caracter\u00edsticas &#8211; Shimano CN-LG500 Linkglide con Quick-Link<\/h3>\n<ul>\n<li>Conector Quick-Link &#8211; para el montaje y desmontaje de cadenas sin herramientas<\/li>\n<li>Optimizado para los sistemas LINKGLIDE<\/li>\n<li>Acceda al rendimiento de cambio suave y fiable de LINKGLIDE<\/li>\n<li>Desplazamiento suave y fiable<\/li>\n<li>Tecnolog\u00eda LINKGLIDE<\/li>\n<li>Compatible con el sistema de transmisi\u00f3n LINKGLIDE de 10\/11 velocidades y HYPEGLIDE de 11 velocidades<\/li>\n<\/ul>\n<h3>Caracter\u00edsticas del producto<\/h3>\n<ul>\n<li><strong>Uso:<\/strong>\u00a0E-MTB<\/li>\n<li><strong>Modelo:<\/strong>\u00a0CN-LG500<\/li>\n<li><strong>Grupo:<\/strong>\u00a0DEORE XT M8130 \/ DEORE M5130<\/li>\n<li><strong>Marcha:\u00a0<\/strong>10\/11 velocidades LINKGLIDE<\/li>\n<li><strong>Tipo:<\/strong>\u00a0LG<\/li>\n<li><strong>Dise\u00f1o direccional:<\/strong>\u00a0S\u00ed<\/li>\n<li><strong>Tratamiento de cromado<\/strong>\u00a0Pin Link: S\u00ed<\/li>\n<li><strong>Placa<\/strong>\u00a0<strong>de enlace del pasador:<\/strong>\u00a0Gris<\/li>\n<li><strong>Placa de enlace del rodillo:<\/strong>\u00a0Gris<\/li>\n<li><strong>Conector:\u00a0<\/strong>Quick-Link SM-CN900-11<\/li>\n<\/ul>\n<h3>Eslabones<\/h3>\n<ul>\n<li>138<\/li>\n<\/ul>\n<h3>Compatibilidad<\/h3>\n<ul>\n<li>RD-M8130-SGS<\/li>\n<li>RD-M5130-GS<\/li>\n<\/ul>\n<h3>Material<\/h3>\n<ul>\n<li>Acero<\/li>\n<\/ul>\n<h3>Color<\/h3>\n<ul>\n<li>plata<\/li>\n<\/ul>\n<h3>Peso<\/h3>\n<ul>\n<li>aprox. 257g (114)<\/li>\n<\/ul>\n<hr \/>\n<h3>Volumen de suministro<\/h3>\n<ul>\n<li>1 x Cadena Shimano CN-LG500 Linkglide 10\/11 velocidades incl. Conector Quick-Link SM-CN900-11<\/li>\n<\/ul>\n<hr \/>\n<h3>Tecnolog\u00edas<\/h3>\n<p><strong>LINKGLIDE<\/strong><br \/>\nLINKGLIDE ofrece un cambio de marchas y un rendimiento de pedaleo sin fisuras que est\u00e1 hecho para durar. LINKGLIDE apoyar\u00e1 las experiencias de conducci\u00f3n y propiedad sin estr\u00e9s para la evoluci\u00f3n de los tipos de bicicletas y estilos de conducci\u00f3n en los a\u00f1os venideros. Es una transmisi\u00f3n excepcionalmente duradera construida para soportar el desgaste diario persistente y proporcionar un rendimiento de cambio y pedaleo duradero para las bicicletas polivalentes y las bicicletas el\u00e9ctricas de alto par. El robusto dise\u00f1o del casete permite subir y bajar marchas sin problemas, reduciendo significativamente el desgaste de la transmisi\u00f3n. LINKGLIDE es lo \u00faltimo en transmisiones utilitarias que ofrecen un rendimiento duradero<\/p>\n<p>Caracter\u00edsticas principales de LINKGLIDE<\/p>\n<ul>\n<li>Cambio suave y decisivo y rendimiento de pedaleo que est\u00e1 hecho para durar.<\/li>\n<li>Dise\u00f1o optimizado de la puerta de cambio.<\/li>\n<li>Los robustos dientes del cassette resisten los da\u00f1os al cambiar y conducir bajo un alto par.<\/li>\n<\/ul>\n<p>SHIMANO STEPS<strong>&#8211; Llevando las e-bikes a un nuevo nivel<\/strong><br \/>\nSHIMANO STEPS son las siglas de SHIMANO Total Electric Power System. El desarrollo del grupo de componentes se basa, por un lado, en la idea de SHIMANO de una perfecta integraci\u00f3n y, por otro, en la idea de que una e-bike debe seguir siendo principalmente una bicicleta. Esto deber\u00eda incluir un manejo y un comportamiento de conducci\u00f3n c\u00f3modos y naturales, as\u00ed como un desarrollo de potencia bien equilibrado al pedalear. El concepto SHIMANO STEPS permite a los ciclistas combinar la experiencia de la naturaleza y el ejercicio saludable con un apoyo del motor excepcionalmente suave.<\/div>\n","protected":false},"excerpt":{"rendered":"<p><strong><a href=\"https:\/\/naturalbikes.cl\/wp-content\/uploads\/2024\/09\/shimano.svg\"><img decoding=\"async\" class=\"wp-image-21224 alignleft\" src=\"https:\/\/naturalbikes.cl\/wp-content\/uploads\/2024\/09\/shimano.svg\" alt=\"\" width=\"100\" height=\"100\" \/><\/a><\/strong><\/p>\n<p>&nbsp;<\/p>\n<p>Cadena <b>Shimano Linkglide<\/b> (CN-LG500) para 9\/10\/11v. Con 138 eslabones, ofrece cambios suaves y gran durabilidad en <b>E-Bikes<\/b> y <b>MTB<\/b>.<\/p>\n","protected":false},"featured_media":22526,"comment_status":"open","ping_status":"closed","template":"","meta":[],"product_cat":[381,198,1402],"product_tag":[1136,1348],"class_list":{"0":"post-22524","1":"product","2":"type-product","3":"status-publish","4":"has-post-thumbnail","6":"product_brand-shimano","7":"product_cat-cadenas","8":"product_cat-componentes","9":"product_cat-shimano-cadenas","10":"product_tag-cadena","11":"product_tag-shimano","13":"first","14":"instock","15":"taxable","16":"shipping-taxable","17":"purchasable","18":"product-type-simple"},"yoast_head":"<!-- This site is optimized with the Yoast SEO Premium plugin v24.8 (Yoast SEO v25.6) - https:\/\/yoast.com\/wordpress\/plugins\/seo\/ -->\n<title>Cadena de Bicicleta Shimano CN-LG500, 138 Eslabones, Linkglide 9\/10\/11v<\/title>\n<meta name=\"description\" content=\"Cadena Shimano Linkglide (CN-LG500) para 9\/10\/11v. Con 138 eslabones, ofrece cambios suaves y gran durabilidad en E-Bikes y MTB.\" \/>\n<meta name=\"robots\" content=\"index, follow, max-snippet:-1, max-image-preview:large, max-video-preview:-1\" \/>\n<link rel=\"canonical\" href=\"https:\/\/naturalbikes.cl\/?product=cadena-shimano-cnlg500-138-links-linkglide-9-10-11-vel\" \/>\n<meta property=\"og:locale\" content=\"es_ES\" \/>\n<meta property=\"og:type\" content=\"article\" \/>\n<meta property=\"og:title\" content=\"Cadena Shimano CNLG500 138 Links Linkglide 9\/10\/11 Vel.\" \/>\n<meta property=\"og:description\" content=\"Ofrecer a nuestros clientes apasionados por el ciclismo de monta\u00f1a la mejor experiencia en productos, conocimientos especializados y servicios excepcionales. Nos comprometemos a proporcionar una amplia gama de bicicletas, accesorios y equipo de alta calidad, junto con asesoramiento experto y atenci\u00f3n personalizada para cada ciclista, para que puedan explorar, disfrutar y maximizar su aventura en el mundo del MTB\" \/>\n<meta property=\"og:url\" content=\"https:\/\/naturalbikes.cl\/?product=cadena-shimano-cnlg500-138-links-linkglide-9-10-11-vel\" \/>\n<meta property=\"og:site_name\" content=\"NaturalBikes\" \/>\n<meta property=\"article:publisher\" content=\"https:\/\/www.facebook.com\/naturalbikescl\" \/>\n<meta property=\"article:modified_time\" content=\"2026-01-06T20:12:19+00:00\" \/>\n<meta property=\"og:image\" content=\"https:\/\/naturalbikes.cl\/wp-content\/uploads\/2025\/08\/S62914.jpg\" \/>\n\t<meta property=\"og:image:width\" content=\"1500\" \/>\n\t<meta property=\"og:image:height\" content=\"1500\" \/>\n\t<meta property=\"og:image:type\" content=\"image\/jpeg\" \/>\n<meta name=\"twitter:card\" content=\"summary_large_image\" \/>\n<meta name=\"twitter:label1\" content=\"Tiempo de lectura\" \/>\n\t<meta name=\"twitter:data1\" content=\"3 minutos\" \/>\n<script type=\"application\/ld+json\" class=\"yoast-schema-graph\">{\"@context\":\"https:\/\/schema.org\",\"@graph\":[{\"@type\":\"WebPage\",\"@id\":\"https:\/\/naturalbikes.cl\/?product=cadena-shimano-cnlg500-138-links-linkglide-9-10-11-vel\",\"url\":\"https:\/\/naturalbikes.cl\/?product=cadena-shimano-cnlg500-138-links-linkglide-9-10-11-vel\",\"name\":\"Cadena de Bicicleta Shimano CN-LG500, 138 Eslabones, Linkglide 9\/10\/11v\",\"isPartOf\":{\"@id\":\"https:\/\/naturalbikes.cl\/#website\"},\"primaryImageOfPage\":{\"@id\":\"https:\/\/naturalbikes.cl\/?product=cadena-shimano-cnlg500-138-links-linkglide-9-10-11-vel#primaryimage\"},\"image\":{\"@id\":\"https:\/\/naturalbikes.cl\/?product=cadena-shimano-cnlg500-138-links-linkglide-9-10-11-vel#primaryimage\"},\"thumbnailUrl\":\"https:\/\/naturalbikes.cl\/wp-content\/uploads\/2025\/08\/S62914.jpg\",\"datePublished\":\"2025-08-16T23:25:56+00:00\",\"dateModified\":\"2026-01-06T20:12:19+00:00\",\"description\":\"Cadena Shimano Linkglide (CN-LG500) para 9\/10\/11v. Con 138 eslabones, ofrece cambios suaves y gran durabilidad en E-Bikes y MTB.\",\"breadcrumb\":{\"@id\":\"https:\/\/naturalbikes.cl\/?product=cadena-shimano-cnlg500-138-links-linkglide-9-10-11-vel#breadcrumb\"},\"inLanguage\":\"es\",\"potentialAction\":[{\"@type\":\"ReadAction\",\"target\":[\"https:\/\/naturalbikes.cl\/?product=cadena-shimano-cnlg500-138-links-linkglide-9-10-11-vel\"]}]},{\"@type\":\"ImageObject\",\"inLanguage\":\"es\",\"@id\":\"https:\/\/naturalbikes.cl\/?product=cadena-shimano-cnlg500-138-links-linkglide-9-10-11-vel#primaryimage\",\"url\":\"https:\/\/naturalbikes.cl\/wp-content\/uploads\/2025\/08\/S62914.jpg\",\"contentUrl\":\"https:\/\/naturalbikes.cl\/wp-content\/uploads\/2025\/08\/S62914.jpg\",\"width\":1500,\"height\":1500},{\"@type\":\"BreadcrumbList\",\"@id\":\"https:\/\/naturalbikes.cl\/?product=cadena-shimano-cnlg500-138-links-linkglide-9-10-11-vel#breadcrumb\",\"itemListElement\":[{\"@type\":\"ListItem\",\"position\":1,\"name\":\"Portada\",\"item\":\"https:\/\/naturalbikes.cl\/\"},{\"@type\":\"ListItem\",\"position\":2,\"name\":\"Tienda NB\",\"item\":\"https:\/\/naturalbikes.cl\/?page_id=7843\"},{\"@type\":\"ListItem\",\"position\":3,\"name\":\"Shimano\",\"item\":\"https:\/\/naturalbikes.cl\/?product_brand=shimano\"},{\"@type\":\"ListItem\",\"position\":4,\"name\":\"Cadena Shimano CNLG500 138 Links Linkglide 9\/10\/11 Vel.\"}]},{\"@type\":\"WebSite\",\"@id\":\"https:\/\/naturalbikes.cl\/#website\",\"url\":\"https:\/\/naturalbikes.cl\/\",\"name\":\"Natural Bikes\",\"description\":\"Tienda de bicicletas repuestos accesorios taller mantenimiento clases salidas\",\"publisher\":{\"@id\":\"https:\/\/naturalbikes.cl\/#organization\"},\"alternateName\":\"Natural Bikes\",\"potentialAction\":[{\"@type\":\"SearchAction\",\"target\":{\"@type\":\"EntryPoint\",\"urlTemplate\":\"https:\/\/naturalbikes.cl\/?s={search_term_string}\"},\"query-input\":{\"@type\":\"PropertyValueSpecification\",\"valueRequired\":true,\"valueName\":\"search_term_string\"}}],\"inLanguage\":\"es\"},{\"@type\":\"Organization\",\"@id\":\"https:\/\/naturalbikes.cl\/#organization\",\"name\":\"Natural Bikes\",\"alternateName\":\"Natural Bikes\",\"url\":\"https:\/\/naturalbikes.cl\/\",\"logo\":{\"@type\":\"ImageObject\",\"inLanguage\":\"es\",\"@id\":\"https:\/\/naturalbikes.cl\/#\/schema\/logo\/image\/\",\"url\":\"https:\/\/naturalbikes.cl\/wp-content\/uploads\/2024\/05\/2023-10-10-10.44.12.jpg\",\"contentUrl\":\"https:\/\/naturalbikes.cl\/wp-content\/uploads\/2024\/05\/2023-10-10-10.44.12.jpg\",\"width\":650,\"height\":650,\"caption\":\"Natural Bikes\"},\"image\":{\"@id\":\"https:\/\/naturalbikes.cl\/#\/schema\/logo\/image\/\"},\"sameAs\":[\"https:\/\/www.facebook.com\/naturalbikescl\",\"https:\/\/www.instagram.com\/natural.bikes\",\"https:\/\/www.tiktok.com\/@natural.bikes\"],\"description\":\"Ofrecer a nuestros clientes apasionados por el ciclismo de monta\u00f1a la mejor experiencia en productos, conocimientos especializados y servicios excepcionales. Nos comprometemos a proporcionar una amplia gama de bicicletas, accesorios y equipo de alta calidad, junto con asesoramiento experto y atenci\u00f3n personalizada para cada ciclista, para que puedan explorar, disfrutar y maximizar su aventura en el mundo del MTB\",\"email\":\"naturalbikes1@gmail.com\",\"telephone\":\"56977043878\",\"legalName\":\"Natural Bikes Limitada\",\"foundingDate\":\"2024-01-01\",\"vatID\":\"76699553-5\",\"taxID\":\"76699553-5\",\"numberOfEmployees\":{\"@type\":\"QuantitativeValue\",\"minValue\":\"1\",\"maxValue\":\"10\"},\"publishingPrinciples\":\"https:\/\/naturalbikes.cl\/?page_id=7843\",\"ownershipFundingInfo\":\"https:\/\/naturalbikes.cl\/?page_id=7843\",\"actionableFeedbackPolicy\":\"https:\/\/naturalbikes.cl\/?page_id=14797\",\"correctionsPolicy\":\"https:\/\/naturalbikes.cl\/?page_id=3\",\"ethicsPolicy\":\"https:\/\/naturalbikes.cl\/?page_id=7843\",\"diversityPolicy\":\"https:\/\/naturalbikes.cl\/?page_id=11734\",\"diversityStaffingReport\":\"https:\/\/naturalbikes.cl\/?page_id=12161\"}]}<\/script>\n<!-- \/ Yoast SEO Premium plugin. -->","yoast_head_json":{"title":"Cadena de Bicicleta Shimano CN-LG500, 138 Eslabones, Linkglide 9\/10\/11v","description":"Cadena Shimano Linkglide (CN-LG500) para 9\/10\/11v. Con 138 eslabones, ofrece cambios suaves y gran durabilidad en E-Bikes y MTB.","robots":{"index":"index","follow":"follow","max-snippet":"max-snippet:-1","max-image-preview":"max-image-preview:large","max-video-preview":"max-video-preview:-1"},"canonical":"https:\/\/naturalbikes.cl\/?product=cadena-shimano-cnlg500-138-links-linkglide-9-10-11-vel","og_locale":"es_ES","og_type":"article","og_title":"Cadena Shimano CNLG500 138 Links Linkglide 9\/10\/11 Vel.","og_description":"Ofrecer a nuestros clientes apasionados por el ciclismo de monta\u00f1a la mejor experiencia en productos, conocimientos especializados y servicios excepcionales. Nos comprometemos a proporcionar una amplia gama de bicicletas, accesorios y equipo de alta calidad, junto con asesoramiento experto y atenci\u00f3n personalizada para cada ciclista, para que puedan explorar, disfrutar y maximizar su aventura en el mundo del MTB","og_url":"https:\/\/naturalbikes.cl\/?product=cadena-shimano-cnlg500-138-links-linkglide-9-10-11-vel","og_site_name":"NaturalBikes","article_publisher":"https:\/\/www.facebook.com\/naturalbikescl","article_modified_time":"2026-01-06T20:12:19+00:00","og_image":[{"width":1500,"height":1500,"url":"https:\/\/naturalbikes.cl\/wp-content\/uploads\/2025\/08\/S62914.jpg","type":"image\/jpeg"}],"twitter_card":"summary_large_image","twitter_misc":{"Tiempo de lectura":"3 minutos"},"schema":{"@context":"https:\/\/schema.org","@graph":[{"@type":"WebPage","@id":"https:\/\/naturalbikes.cl\/?product=cadena-shimano-cnlg500-138-links-linkglide-9-10-11-vel","url":"https:\/\/naturalbikes.cl\/?product=cadena-shimano-cnlg500-138-links-linkglide-9-10-11-vel","name":"Cadena de Bicicleta Shimano CN-LG500, 138 Eslabones, Linkglide 9\/10\/11v","isPartOf":{"@id":"https:\/\/naturalbikes.cl\/#website"},"primaryImageOfPage":{"@id":"https:\/\/naturalbikes.cl\/?product=cadena-shimano-cnlg500-138-links-linkglide-9-10-11-vel#primaryimage"},"image":{"@id":"https:\/\/naturalbikes.cl\/?product=cadena-shimano-cnlg500-138-links-linkglide-9-10-11-vel#primaryimage"},"thumbnailUrl":"https:\/\/naturalbikes.cl\/wp-content\/uploads\/2025\/08\/S62914.jpg","datePublished":"2025-08-16T23:25:56+00:00","dateModified":"2026-01-06T20:12:19+00:00","description":"Cadena Shimano Linkglide (CN-LG500) para 9\/10\/11v. Con 138 eslabones, ofrece cambios suaves y gran durabilidad en E-Bikes y MTB.","breadcrumb":{"@id":"https:\/\/naturalbikes.cl\/?product=cadena-shimano-cnlg500-138-links-linkglide-9-10-11-vel#breadcrumb"},"inLanguage":"es","potentialAction":[{"@type":"ReadAction","target":["https:\/\/naturalbikes.cl\/?product=cadena-shimano-cnlg500-138-links-linkglide-9-10-11-vel"]}]},{"@type":"ImageObject","inLanguage":"es","@id":"https:\/\/naturalbikes.cl\/?product=cadena-shimano-cnlg500-138-links-linkglide-9-10-11-vel#primaryimage","url":"https:\/\/naturalbikes.cl\/wp-content\/uploads\/2025\/08\/S62914.jpg","contentUrl":"https:\/\/naturalbikes.cl\/wp-content\/uploads\/2025\/08\/S62914.jpg","width":1500,"height":1500},{"@type":"BreadcrumbList","@id":"https:\/\/naturalbikes.cl\/?product=cadena-shimano-cnlg500-138-links-linkglide-9-10-11-vel#breadcrumb","itemListElement":[{"@type":"ListItem","position":1,"name":"Portada","item":"https:\/\/naturalbikes.cl\/"},{"@type":"ListItem","position":2,"name":"Tienda NB","item":"https:\/\/naturalbikes.cl\/?page_id=7843"},{"@type":"ListItem","position":3,"name":"Shimano","item":"https:\/\/naturalbikes.cl\/?product_brand=shimano"},{"@type":"ListItem","position":4,"name":"Cadena Shimano CNLG500 138 Links Linkglide 9\/10\/11 Vel."}]},{"@type":"WebSite","@id":"https:\/\/naturalbikes.cl\/#website","url":"https:\/\/naturalbikes.cl\/","name":"Natural Bikes","description":"Tienda de bicicletas repuestos accesorios taller mantenimiento clases salidas","publisher":{"@id":"https:\/\/naturalbikes.cl\/#organization"},"alternateName":"Natural Bikes","potentialAction":[{"@type":"SearchAction","target":{"@type":"EntryPoint","urlTemplate":"https:\/\/naturalbikes.cl\/?s={search_term_string}"},"query-input":{"@type":"PropertyValueSpecification","valueRequired":true,"valueName":"search_term_string"}}],"inLanguage":"es"},{"@type":"Organization","@id":"https:\/\/naturalbikes.cl\/#organization","name":"Natural Bikes","alternateName":"Natural Bikes","url":"https:\/\/naturalbikes.cl\/","logo":{"@type":"ImageObject","inLanguage":"es","@id":"https:\/\/naturalbikes.cl\/#\/schema\/logo\/image\/","url":"https:\/\/naturalbikes.cl\/wp-content\/uploads\/2024\/05\/2023-10-10-10.44.12.jpg","contentUrl":"https:\/\/naturalbikes.cl\/wp-content\/uploads\/2024\/05\/2023-10-10-10.44.12.jpg","width":650,"height":650,"caption":"Natural Bikes"},"image":{"@id":"https:\/\/naturalbikes.cl\/#\/schema\/logo\/image\/"},"sameAs":["https:\/\/www.facebook.com\/naturalbikescl","https:\/\/www.instagram.com\/natural.bikes","https:\/\/www.tiktok.com\/@natural.bikes"],"description":"Ofrecer a nuestros clientes apasionados por el ciclismo de monta\u00f1a la mejor experiencia en productos, conocimientos especializados y servicios excepcionales. Nos comprometemos a proporcionar una amplia gama de bicicletas, accesorios y equipo de alta calidad, junto con asesoramiento experto y atenci\u00f3n personalizada para cada ciclista, para que puedan explorar, disfrutar y maximizar su aventura en el mundo del MTB","email":"naturalbikes1@gmail.com","telephone":"56977043878","legalName":"Natural Bikes Limitada","foundingDate":"2024-01-01","vatID":"76699553-5","taxID":"76699553-5","numberOfEmployees":{"@type":"QuantitativeValue","minValue":"1","maxValue":"10"},"publishingPrinciples":"https:\/\/naturalbikes.cl\/?page_id=7843","ownershipFundingInfo":"https:\/\/naturalbikes.cl\/?page_id=7843","actionableFeedbackPolicy":"https:\/\/naturalbikes.cl\/?page_id=14797","correctionsPolicy":"https:\/\/naturalbikes.cl\/?page_id=3","ethicsPolicy":"https:\/\/naturalbikes.cl\/?page_id=7843","diversityPolicy":"https:\/\/naturalbikes.cl\/?page_id=11734","diversityStaffingReport":"https:\/\/naturalbikes.cl\/?page_id=12161"}]}},"_links":{"self":[{"href":"https:\/\/naturalbikes.cl\/index.php?rest_route=\/wp\/v2\/product\/22524"}],"collection":[{"href":"https:\/\/naturalbikes.cl\/index.php?rest_route=\/wp\/v2\/product"}],"about":[{"href":"https:\/\/naturalbikes.cl\/index.php?rest_route=\/wp\/v2\/types\/product"}],"replies":[{"embeddable":true,"href":"https:\/\/naturalbikes.cl\/index.php?rest_route=%2Fwp%2Fv2%2Fcomments&post=22524"}],"wp:featuredmedia":[{"embeddable":true,"href":"https:\/\/naturalbikes.cl\/index.php?rest_route=\/wp\/v2\/media\/22526"}],"wp:attachment":[{"href":"https:\/\/naturalbikes.cl\/index.php?rest_route=%2Fwp%2Fv2%2Fmedia&parent=22524"}],"wp:term":[{"taxonomy":"product_cat","embeddable":true,"href":"https:\/\/naturalbikes.cl\/index.php?rest_route=%2Fwp%2Fv2%2Fproduct_cat&post=22524"},{"taxonomy":"product_tag","embeddable":true,"href":"https:\/\/naturalbikes.cl\/index.php?rest_route=%2Fwp%2Fv2%2Fproduct_tag&post=22524"}],"curies":[{"name":"wp","href":"https:\/\/api.w.org\/{rel}","templated":true}]}}