{"id":22476,"date":"2025-08-10T22:51:06","date_gmt":"2025-08-11T02:51:06","guid":{"rendered":"https:\/\/naturalbikes.cl\/?post_type=product&#038;p=22476"},"modified":"2026-01-06T17:12:20","modified_gmt":"2026-01-06T20:12:20","slug":"bicicleta-kona-process-x","status":"publish","type":"product","link":"https:\/\/naturalbikes.cl\/?product=bicicleta-kona-process-x","title":{"rendered":"Bicicleta Kona Process X"},"content":{"rendered":"<p><a href=\"https:\/\/naturalbikes.cl\/wp-content\/uploads\/2025\/08\/descarga-1.png\"><img fetchpriority=\"high\" decoding=\"async\" class=\"alignnone size-full wp-image-22220\" src=\"https:\/\/naturalbikes.cl\/wp-content\/uploads\/2025\/08\/descarga-1.png\" alt=\"\" width=\"300\" height=\"168\" \/><\/a><\/p>\n<div data-content-type=\"row\" data-appearance=\"contained\" data-element=\"main\">\n<div data-enable-parallax=\"0\" data-parallax-speed=\"0.5\" data-background-images=\"{}\" data-background-type=\"image\" data-video-loop=\"true\" data-video-play-only-visible=\"true\" data-video-lazy-load=\"true\" data-video-fallback-src=\"\" data-element=\"inner\" data-pb-style=\"NC4NS1T\">\n<div data-content-type=\"text\" data-appearance=\"default\" data-element=\"main\">\n<p>\u00a0 Los amantes de la Process X de todo el mundo lo pidieron y nosotros cumplimos: presentamos la Process X de aluminio. Dise\u00f1ada para ciclistas modernos que buscan llevar su ciclismo al siguiente nivel, la Process X puede soportar largas jornadas en el bike park, interminables vueltas con amigos o una sesi\u00f3n de saltos llena de buena onda. Sea cual sea el reto que le pongas, te acompa\u00f1ar\u00e1 en los mejores recuerdos.<\/p>\n<p>Suspensi\u00f3n de alto rendimiento:<br \/>\n170 mm adelante y 161 mm atr\u00e1s, con un sistema trasero progresivo compatible tanto con shock de aire como de resorte.<\/p>\n<p>Geometr\u00eda moderna:<br \/>\n\u00c1ngulo de direcci\u00f3n de 63.5\u00b0 y reach largo para m\u00e1xima estabilidad.<\/p>\n<p>Pedaleo eficiente:<br \/>\n\u00c1ngulo de asiento pronunciado para enfrentar pendientes con confianza. Responde bien incluso sin bloquear el shock.<\/p>\n<p>Preparada para el terreno real:<br \/>\nNeum\u00e1ticos Maxxis Assegai y DHR II con carcasa EXO+ de serie.<br \/>\nCompatible con rueda trasera 27.5\u201d para quienes buscan mayor agilidad o se adaptan mejor a tallas peque\u00f1as.<\/p>\n<p>Llantas compatibles con Tubeless (sin c\u00e1mara)<\/p>\n<p>Las llantas sin c\u00e1mara permiten neum\u00e1ticos con m\u00e1s resistencia a los pinchazos; la capacidad de operar con una presi\u00f3n de los neum\u00e1ticos m\u00e1s baja, lo que proporciona un mejor agarre de los neum\u00e1ticos en el camino; menor resistencia a la rodadura; y ahorro de peso en comparaci\u00f3n con los sistemas tradicionales de c\u00e1maras y neum\u00e1ticos.<\/p>\n<p>&nbsp;<\/p>\n<\/div>\n<\/div>\n<\/div>\n<div data-content-type=\"row\" data-appearance=\"contained\" data-element=\"main\">\n<div data-enable-parallax=\"0\" data-parallax-speed=\"0.5\" data-background-images=\"{}\" data-background-type=\"image\" data-video-loop=\"true\" data-video-play-only-visible=\"true\" data-video-lazy-load=\"true\" data-video-fallback-src=\"\" data-element=\"inner\" data-pb-style=\"CKRJ97K\">\n<div data-content-type=\"video\" data-appearance=\"default\" data-element=\"main\">\n<div class=\"pagebuilder-video-inner\" data-element=\"inner\" data-pb-style=\"XC2X7F5\">\n<div class=\"pagebuilder-video-wrapper\" data-element=\"wrapper\">\n<div class=\"pagebuilder-video-container\"><\/div>\n<\/div>\n<\/div>\n<\/div>\n<\/div>\n<\/div>\n<div data-content-type=\"row\" data-appearance=\"contained\" data-element=\"main\">\n<div data-enable-parallax=\"0\" data-parallax-speed=\"0.5\" data-background-images=\"{}\" data-background-type=\"image\" data-video-loop=\"true\" data-video-play-only-visible=\"true\" data-video-lazy-load=\"true\" data-video-fallback-src=\"\" data-element=\"inner\" data-pb-style=\"W3UC95F\">\n<div data-content-type=\"text\" data-appearance=\"default\" data-element=\"main\" data-pb-style=\"NWDOWFB\">\n<p id=\"BHNC2ON\">*Las especificaciones, accesorios y decorados de las bicicletas\u00a0<strong>KONA\u00a0<\/strong>est\u00e1n sometidos a cambios, sin previo aviso.<\/p>\n<\/div>\n<\/div>\n<\/div>\n<div id=\"attributes-description\" class=\"attributes-container\">\n<div class=\"additional-attributes-wrapper table-wrapper\">\n<table id=\"product-attribute-specs-table\" class=\"data table additional-attributes\">\n<caption class=\"table-caption\">Especificaciones<\/caption>\n<tbody>\n<tr>\n<th class=\"col label\" scope=\"row\">Marca<\/th>\n<td class=\"col data\" data-th=\"Marca\">KONA<\/td>\n<\/tr>\n<tr>\n<th class=\"col label\" scope=\"row\">Aro<\/th>\n<td class=\"col data\" data-th=\"Aro\">29<\/td>\n<\/tr>\n<tr>\n<th class=\"col label\" scope=\"row\">Color<\/th>\n<td class=\"col data\" data-th=\"Color\">AZUL<\/td>\n<\/tr>\n<tr>\n<th class=\"col label\" scope=\"row\">G\u00e9nero<\/th>\n<td class=\"col data\" data-th=\"G\u00e9nero\">Unisex<\/td>\n<\/tr>\n<tr>\n<th class=\"col label\" scope=\"row\">Marco<\/th>\n<td class=\"col data\" data-th=\"Marco\">Kona 6061 Aluminum Butted 162mm Travel<\/td>\n<\/tr>\n<tr>\n<th class=\"col label\" scope=\"row\">Tallas Disponibles<\/th>\n<td class=\"col data\" data-th=\"Tallas Disponibles\">M, L<\/td>\n<\/tr>\n<tr>\n<th class=\"col label\" scope=\"row\">Suspensi\u00f3n<\/th>\n<td class=\"col data\" data-th=\"Suspensi\u00f3n\">Doble suspensi\u00f3n<\/td>\n<\/tr>\n<tr>\n<th class=\"col label\" scope=\"row\">Detalle Suspensi\u00f3n<\/th>\n<td class=\"col data\" data-th=\"Detalle Suspensi\u00f3n\">Marzocchi Bomber Z1 Grip Damper 170mm<\/td>\n<\/tr>\n<tr>\n<th class=\"col label\" scope=\"row\">Recorrido Suspensi\u00f3n DEL<\/th>\n<td class=\"col data\" data-th=\"Recorrido Suspensi\u00f3n DEL\">170mm<\/td>\n<\/tr>\n<tr>\n<th class=\"col label\" scope=\"row\">Shock Trasero<\/th>\n<td class=\"col data\" data-th=\"Shock Trasero\">Fox DHX Performance Trunnion<\/td>\n<\/tr>\n<tr>\n<th class=\"col label\" scope=\"row\">N\u00b0 de Cambios<\/th>\n<td class=\"col data\" data-th=\"N\u00b0 de Cambios\">12 (1&#215;12)<\/td>\n<\/tr>\n<tr>\n<th class=\"col label\" scope=\"row\">Cambio Delantero<\/th>\n<td class=\"col data\" data-th=\"Cambio Delantero\">N\/A<\/td>\n<\/tr>\n<tr>\n<th class=\"col label\" scope=\"row\">Cambio Trasero<\/th>\n<td class=\"col data\" data-th=\"Cambio Trasero\">SRAM GX-Eagle<\/td>\n<\/tr>\n<tr>\n<th class=\"col label\" scope=\"row\">Volante \/ Biela<\/th>\n<td class=\"col data\" data-th=\"Volante \/ Biela\">SRAM NX Eagle DUB 32t X-Sync Eagle, BB SRAM DUB PF92<\/td>\n<\/tr>\n<tr>\n<th class=\"col label\" scope=\"row\">Pi\u00f1\u00f3n<\/th>\n<td class=\"col data\" data-th=\"Pi\u00f1\u00f3n\">SRAM NX-Eagle 11-50t 12spd<\/td>\n<\/tr>\n<tr>\n<th class=\"col label\" scope=\"row\">Frenos<\/th>\n<td class=\"col data\" data-th=\"Frenos\">SRAM Code R<\/td>\n<\/tr>\n<tr>\n<th class=\"col label\" scope=\"row\">Rotor<\/th>\n<td class=\"col data\" data-th=\"Rotor\">SRAM Centerline 200mm (F) SRAM Centerline 200mm (R)<\/td>\n<\/tr>\n<tr>\n<th class=\"col label\" scope=\"row\">Neum\u00e1ticos<\/th>\n<td class=\"col data\" data-th=\"Neum\u00e1ticos\">Maxxis Assegai EXO TR 3C 29&#215;2.5&#8243; WT \/\/ Maxxis Minion DHR II EXO TR 3C 29&#215;2.4&#8243; WT<\/td>\n<\/tr>\n<tr>\n<th class=\"col label\" scope=\"row\">Llantas<\/th>\n<td class=\"col data\" data-th=\"Llantas\">WTB KOM Trail i30 TCS<\/td>\n<\/tr>\n<tr>\n<th class=\"col label\" scope=\"row\">Maza delantera<\/th>\n<td class=\"col data\" data-th=\"Maza delantera\">Formula 110x15mm<\/td>\n<\/tr>\n<tr>\n<th class=\"col label\" scope=\"row\">Maza Trasera<\/th>\n<td class=\"col data\" data-th=\"Maza Trasera\">Formula 148x12mm<\/td>\n<\/tr>\n<tr>\n<th class=\"col label\" scope=\"row\">Rayos (Material)<\/th>\n<td class=\"col data\" data-th=\"Rayos (Material)\">Stainless Black 14g<\/td>\n<\/tr>\n<tr>\n<th class=\"col label\" scope=\"row\">Manubrio<\/th>\n<td class=\"col data\" data-th=\"Manubrio\">Kona XC\/BC 35<\/td>\n<\/tr>\n<tr>\n<th class=\"col label\" scope=\"row\">Tee<\/th>\n<td class=\"col data\" data-th=\"Tee\">Kona XC\/BC 35<\/td>\n<\/tr>\n<tr>\n<th class=\"col label\" scope=\"row\">Pu\u00f1os<\/th>\n<td class=\"col data\" data-th=\"Pu\u00f1os\">Kona Key Grip<\/td>\n<\/tr>\n<tr>\n<th class=\"col label\" scope=\"row\">Asiento<\/th>\n<td class=\"col data\" data-th=\"Asiento\">WTB Volt<\/td>\n<\/tr>\n<tr>\n<th class=\"col label\" scope=\"row\">Tubo Sill\u00edn<\/th>\n<td class=\"col data\" data-th=\"Tubo Sill\u00edn\">TranzX Dropper +RAD Internal 31.6mm<\/td>\n<\/tr>\n<tr>\n<th class=\"col label\" scope=\"row\">Pedal<\/th>\n<td class=\"col data\" data-th=\"Pedal\">N\/A<\/td>\n<\/tr>\n<tr>\n<th class=\"col label\" scope=\"row\">Cadena<\/th>\n<td class=\"col data\" data-th=\"Cadena\">SRAM SX-Eagle<\/td>\n<\/tr>\n<\/tbody>\n<\/table>\n<\/div>\n<\/div>\n","protected":false},"excerpt":{"rendered":"<p><a href=\"https:\/\/naturalbikes.cl\/wp-content\/uploads\/2025\/08\/descarga-1.png\"><img decoding=\"async\" class=\"size-full wp-image-22220 alignleft\" src=\"https:\/\/naturalbikes.cl\/wp-content\/uploads\/2025\/08\/descarga-1.png\" alt=\"\" width=\"300\" height=\"168\" \/><\/a><\/p>\n<p>Los amantes de la Process X de todo el mundo lo pidieron y nosotros cumplimos: presentamos la Process X de aluminio. Dise\u00f1ada para ciclistas modernos que buscan llevar su ciclismo al siguiente nivel, la Process X puede soportar largas jornadas en el bike park, interminables vueltas con amigos o una sesi\u00f3n de saltos llena de buena onda. Sea cual sea el reto que le pongas, te acompa\u00f1ar\u00e1 en los mejores recuerdos.<\/p>\n","protected":false},"featured_media":22478,"comment_status":"open","ping_status":"closed","template":"","meta":[],"product_cat":[293,195,1016],"product_tag":[1456,1461,1319,1465],"class_list":{"0":"post-22476","1":"product","2":"type-product","3":"status-publish","4":"has-post-thumbnail","6":"product_brand-kona","7":"product_cat-bicicleta-enduro","8":"product_cat-bicicletas","9":"product_cat-kona-bicicleta-enduro","10":"product_tag-bicicleta-aluminio","11":"product_tag-bicicleta-doble-suspension","12":"product_tag-bicicleta-enduro","13":"product_tag-kona-process-x","15":"first","16":"instock","17":"sale","18":"taxable","19":"shipping-taxable","20":"purchasable","21":"product-type-variable","22":"rtwpvg-product"},"yoast_head":"<!-- This site is optimized with the Yoast SEO Premium plugin v24.8 (Yoast SEO v25.6) - https:\/\/yoast.com\/wordpress\/plugins\/seo\/ -->\n<title>Bicicleta Kona Process X - NaturalBikes<\/title>\n<meta name=\"description\" content=\"Los amantes de la Process X de todo el mundo lo pidieron y nosotros cumplimos: presentamos la Process X de aluminio. Dise\u00f1ada para ciclistas modernos que buscan llevar su ciclismo al siguiente nivel, la Process X puede soportar largas jornadas en el bike park, interminables vueltas con amigos o una sesi\u00f3n de saltos llena de buena onda. Sea cual sea el reto que le pongas, te acompa\u00f1ar\u00e1 en los mejores recuerdos.\" \/>\n<meta name=\"robots\" content=\"index, follow, max-snippet:-1, max-image-preview:large, max-video-preview:-1\" \/>\n<link rel=\"canonical\" href=\"https:\/\/naturalbikes.cl\/?product=bicicleta-kona-process-x\" \/>\n<meta property=\"og:locale\" content=\"es_ES\" \/>\n<meta property=\"og:type\" content=\"article\" \/>\n<meta property=\"og:title\" content=\"Bicicleta Kona Process X\" \/>\n<meta property=\"og:description\" content=\"Ofrecer a nuestros clientes apasionados por el ciclismo de monta\u00f1a la mejor experiencia en productos, conocimientos especializados y servicios excepcionales. Nos comprometemos a proporcionar una amplia gama de bicicletas, accesorios y equipo de alta calidad, junto con asesoramiento experto y atenci\u00f3n personalizada para cada ciclista, para que puedan explorar, disfrutar y maximizar su aventura en el mundo del MTB\" \/>\n<meta property=\"og:url\" content=\"https:\/\/naturalbikes.cl\/?product=bicicleta-kona-process-x\" \/>\n<meta property=\"og:site_name\" content=\"NaturalBikes\" \/>\n<meta property=\"article:publisher\" content=\"https:\/\/www.facebook.com\/naturalbikescl\" \/>\n<meta property=\"article:modified_time\" content=\"2026-01-06T20:12:20+00:00\" \/>\n<meta property=\"og:image\" content=\"https:\/\/naturalbikes.cl\/wp-content\/uploads\/2025\/08\/my23_process_x_angle_1_1.jpg\" \/>\n\t<meta property=\"og:image:width\" content=\"1030\" \/>\n\t<meta property=\"og:image:height\" content=\"857\" \/>\n\t<meta property=\"og:image:type\" content=\"image\/jpeg\" \/>\n<meta name=\"twitter:card\" content=\"summary_large_image\" \/>\n<meta name=\"twitter:label1\" content=\"Tiempo de lectura\" \/>\n\t<meta name=\"twitter:data1\" content=\"3 minutos\" \/>\n<script type=\"application\/ld+json\" class=\"yoast-schema-graph\">{\"@context\":\"https:\/\/schema.org\",\"@graph\":[{\"@type\":\"WebPage\",\"@id\":\"https:\/\/naturalbikes.cl\/?product=bicicleta-kona-process-x\",\"url\":\"https:\/\/naturalbikes.cl\/?product=bicicleta-kona-process-x\",\"name\":\"Bicicleta Kona Process X - NaturalBikes\",\"isPartOf\":{\"@id\":\"https:\/\/naturalbikes.cl\/#website\"},\"primaryImageOfPage\":{\"@id\":\"https:\/\/naturalbikes.cl\/?product=bicicleta-kona-process-x#primaryimage\"},\"image\":{\"@id\":\"https:\/\/naturalbikes.cl\/?product=bicicleta-kona-process-x#primaryimage\"},\"thumbnailUrl\":\"https:\/\/naturalbikes.cl\/wp-content\/uploads\/2025\/08\/my23_process_x_angle_1_1.jpg\",\"datePublished\":\"2025-08-11T02:51:06+00:00\",\"dateModified\":\"2026-01-06T20:12:20+00:00\",\"description\":\"Los amantes de la Process X de todo el mundo lo pidieron y nosotros cumplimos: presentamos la Process X de aluminio. Dise\u00f1ada para ciclistas modernos que buscan llevar su ciclismo al siguiente nivel, la Process X puede soportar largas jornadas en el bike park, interminables vueltas con amigos o una sesi\u00f3n de saltos llena de buena onda. Sea cual sea el reto que le pongas, te acompa\u00f1ar\u00e1 en los mejores recuerdos.\",\"breadcrumb\":{\"@id\":\"https:\/\/naturalbikes.cl\/?product=bicicleta-kona-process-x#breadcrumb\"},\"inLanguage\":\"es\",\"potentialAction\":[{\"@type\":\"ReadAction\",\"target\":[\"https:\/\/naturalbikes.cl\/?product=bicicleta-kona-process-x\"]}]},{\"@type\":\"ImageObject\",\"inLanguage\":\"es\",\"@id\":\"https:\/\/naturalbikes.cl\/?product=bicicleta-kona-process-x#primaryimage\",\"url\":\"https:\/\/naturalbikes.cl\/wp-content\/uploads\/2025\/08\/my23_process_x_angle_1_1.jpg\",\"contentUrl\":\"https:\/\/naturalbikes.cl\/wp-content\/uploads\/2025\/08\/my23_process_x_angle_1_1.jpg\",\"width\":1030,\"height\":857},{\"@type\":\"BreadcrumbList\",\"@id\":\"https:\/\/naturalbikes.cl\/?product=bicicleta-kona-process-x#breadcrumb\",\"itemListElement\":[{\"@type\":\"ListItem\",\"position\":1,\"name\":\"Portada\",\"item\":\"https:\/\/naturalbikes.cl\/\"},{\"@type\":\"ListItem\",\"position\":2,\"name\":\"Tienda NB\",\"item\":\"https:\/\/naturalbikes.cl\/?page_id=7843\"},{\"@type\":\"ListItem\",\"position\":3,\"name\":\"Kona\",\"item\":\"https:\/\/naturalbikes.cl\/?product_brand=kona\"},{\"@type\":\"ListItem\",\"position\":4,\"name\":\"Bicicleta Kona Process X\"}]},{\"@type\":\"WebSite\",\"@id\":\"https:\/\/naturalbikes.cl\/#website\",\"url\":\"https:\/\/naturalbikes.cl\/\",\"name\":\"Natural Bikes\",\"description\":\"Tienda de bicicletas repuestos accesorios taller mantenimiento clases salidas\",\"publisher\":{\"@id\":\"https:\/\/naturalbikes.cl\/#organization\"},\"alternateName\":\"Natural Bikes\",\"potentialAction\":[{\"@type\":\"SearchAction\",\"target\":{\"@type\":\"EntryPoint\",\"urlTemplate\":\"https:\/\/naturalbikes.cl\/?s={search_term_string}\"},\"query-input\":{\"@type\":\"PropertyValueSpecification\",\"valueRequired\":true,\"valueName\":\"search_term_string\"}}],\"inLanguage\":\"es\"},{\"@type\":\"Organization\",\"@id\":\"https:\/\/naturalbikes.cl\/#organization\",\"name\":\"Natural Bikes\",\"alternateName\":\"Natural Bikes\",\"url\":\"https:\/\/naturalbikes.cl\/\",\"logo\":{\"@type\":\"ImageObject\",\"inLanguage\":\"es\",\"@id\":\"https:\/\/naturalbikes.cl\/#\/schema\/logo\/image\/\",\"url\":\"https:\/\/naturalbikes.cl\/wp-content\/uploads\/2024\/05\/2023-10-10-10.44.12.jpg\",\"contentUrl\":\"https:\/\/naturalbikes.cl\/wp-content\/uploads\/2024\/05\/2023-10-10-10.44.12.jpg\",\"width\":650,\"height\":650,\"caption\":\"Natural Bikes\"},\"image\":{\"@id\":\"https:\/\/naturalbikes.cl\/#\/schema\/logo\/image\/\"},\"sameAs\":[\"https:\/\/www.facebook.com\/naturalbikescl\",\"https:\/\/www.instagram.com\/natural.bikes\",\"https:\/\/www.tiktok.com\/@natural.bikes\"],\"description\":\"Ofrecer a nuestros clientes apasionados por el ciclismo de monta\u00f1a la mejor experiencia en productos, conocimientos especializados y servicios excepcionales. Nos comprometemos a proporcionar una amplia gama de bicicletas, accesorios y equipo de alta calidad, junto con asesoramiento experto y atenci\u00f3n personalizada para cada ciclista, para que puedan explorar, disfrutar y maximizar su aventura en el mundo del MTB\",\"email\":\"naturalbikes1@gmail.com\",\"telephone\":\"56977043878\",\"legalName\":\"Natural Bikes Limitada\",\"foundingDate\":\"2024-01-01\",\"vatID\":\"76699553-5\",\"taxID\":\"76699553-5\",\"numberOfEmployees\":{\"@type\":\"QuantitativeValue\",\"minValue\":\"1\",\"maxValue\":\"10\"},\"publishingPrinciples\":\"https:\/\/naturalbikes.cl\/?page_id=7843\",\"ownershipFundingInfo\":\"https:\/\/naturalbikes.cl\/?page_id=7843\",\"actionableFeedbackPolicy\":\"https:\/\/naturalbikes.cl\/?page_id=14797\",\"correctionsPolicy\":\"https:\/\/naturalbikes.cl\/?page_id=3\",\"ethicsPolicy\":\"https:\/\/naturalbikes.cl\/?page_id=7843\",\"diversityPolicy\":\"https:\/\/naturalbikes.cl\/?page_id=11734\",\"diversityStaffingReport\":\"https:\/\/naturalbikes.cl\/?page_id=12161\"}]}<\/script>\n<!-- \/ Yoast SEO Premium plugin. -->","yoast_head_json":{"title":"Bicicleta Kona Process X - NaturalBikes","description":"Los amantes de la Process X de todo el mundo lo pidieron y nosotros cumplimos: presentamos la Process X de aluminio. Dise\u00f1ada para ciclistas modernos que buscan llevar su ciclismo al siguiente nivel, la Process X puede soportar largas jornadas en el bike park, interminables vueltas con amigos o una sesi\u00f3n de saltos llena de buena onda. Sea cual sea el reto que le pongas, te acompa\u00f1ar\u00e1 en los mejores recuerdos.","robots":{"index":"index","follow":"follow","max-snippet":"max-snippet:-1","max-image-preview":"max-image-preview:large","max-video-preview":"max-video-preview:-1"},"canonical":"https:\/\/naturalbikes.cl\/?product=bicicleta-kona-process-x","og_locale":"es_ES","og_type":"article","og_title":"Bicicleta Kona Process X","og_description":"Ofrecer a nuestros clientes apasionados por el ciclismo de monta\u00f1a la mejor experiencia en productos, conocimientos especializados y servicios excepcionales. Nos comprometemos a proporcionar una amplia gama de bicicletas, accesorios y equipo de alta calidad, junto con asesoramiento experto y atenci\u00f3n personalizada para cada ciclista, para que puedan explorar, disfrutar y maximizar su aventura en el mundo del MTB","og_url":"https:\/\/naturalbikes.cl\/?product=bicicleta-kona-process-x","og_site_name":"NaturalBikes","article_publisher":"https:\/\/www.facebook.com\/naturalbikescl","article_modified_time":"2026-01-06T20:12:20+00:00","og_image":[{"width":1030,"height":857,"url":"https:\/\/naturalbikes.cl\/wp-content\/uploads\/2025\/08\/my23_process_x_angle_1_1.jpg","type":"image\/jpeg"}],"twitter_card":"summary_large_image","twitter_misc":{"Tiempo de lectura":"3 minutos"},"schema":{"@context":"https:\/\/schema.org","@graph":[{"@type":"WebPage","@id":"https:\/\/naturalbikes.cl\/?product=bicicleta-kona-process-x","url":"https:\/\/naturalbikes.cl\/?product=bicicleta-kona-process-x","name":"Bicicleta Kona Process X - NaturalBikes","isPartOf":{"@id":"https:\/\/naturalbikes.cl\/#website"},"primaryImageOfPage":{"@id":"https:\/\/naturalbikes.cl\/?product=bicicleta-kona-process-x#primaryimage"},"image":{"@id":"https:\/\/naturalbikes.cl\/?product=bicicleta-kona-process-x#primaryimage"},"thumbnailUrl":"https:\/\/naturalbikes.cl\/wp-content\/uploads\/2025\/08\/my23_process_x_angle_1_1.jpg","datePublished":"2025-08-11T02:51:06+00:00","dateModified":"2026-01-06T20:12:20+00:00","description":"Los amantes de la Process X de todo el mundo lo pidieron y nosotros cumplimos: presentamos la Process X de aluminio. Dise\u00f1ada para ciclistas modernos que buscan llevar su ciclismo al siguiente nivel, la Process X puede soportar largas jornadas en el bike park, interminables vueltas con amigos o una sesi\u00f3n de saltos llena de buena onda. Sea cual sea el reto que le pongas, te acompa\u00f1ar\u00e1 en los mejores recuerdos.","breadcrumb":{"@id":"https:\/\/naturalbikes.cl\/?product=bicicleta-kona-process-x#breadcrumb"},"inLanguage":"es","potentialAction":[{"@type":"ReadAction","target":["https:\/\/naturalbikes.cl\/?product=bicicleta-kona-process-x"]}]},{"@type":"ImageObject","inLanguage":"es","@id":"https:\/\/naturalbikes.cl\/?product=bicicleta-kona-process-x#primaryimage","url":"https:\/\/naturalbikes.cl\/wp-content\/uploads\/2025\/08\/my23_process_x_angle_1_1.jpg","contentUrl":"https:\/\/naturalbikes.cl\/wp-content\/uploads\/2025\/08\/my23_process_x_angle_1_1.jpg","width":1030,"height":857},{"@type":"BreadcrumbList","@id":"https:\/\/naturalbikes.cl\/?product=bicicleta-kona-process-x#breadcrumb","itemListElement":[{"@type":"ListItem","position":1,"name":"Portada","item":"https:\/\/naturalbikes.cl\/"},{"@type":"ListItem","position":2,"name":"Tienda NB","item":"https:\/\/naturalbikes.cl\/?page_id=7843"},{"@type":"ListItem","position":3,"name":"Kona","item":"https:\/\/naturalbikes.cl\/?product_brand=kona"},{"@type":"ListItem","position":4,"name":"Bicicleta Kona Process X"}]},{"@type":"WebSite","@id":"https:\/\/naturalbikes.cl\/#website","url":"https:\/\/naturalbikes.cl\/","name":"Natural Bikes","description":"Tienda de bicicletas repuestos accesorios taller mantenimiento clases salidas","publisher":{"@id":"https:\/\/naturalbikes.cl\/#organization"},"alternateName":"Natural Bikes","potentialAction":[{"@type":"SearchAction","target":{"@type":"EntryPoint","urlTemplate":"https:\/\/naturalbikes.cl\/?s={search_term_string}"},"query-input":{"@type":"PropertyValueSpecification","valueRequired":true,"valueName":"search_term_string"}}],"inLanguage":"es"},{"@type":"Organization","@id":"https:\/\/naturalbikes.cl\/#organization","name":"Natural Bikes","alternateName":"Natural Bikes","url":"https:\/\/naturalbikes.cl\/","logo":{"@type":"ImageObject","inLanguage":"es","@id":"https:\/\/naturalbikes.cl\/#\/schema\/logo\/image\/","url":"https:\/\/naturalbikes.cl\/wp-content\/uploads\/2024\/05\/2023-10-10-10.44.12.jpg","contentUrl":"https:\/\/naturalbikes.cl\/wp-content\/uploads\/2024\/05\/2023-10-10-10.44.12.jpg","width":650,"height":650,"caption":"Natural Bikes"},"image":{"@id":"https:\/\/naturalbikes.cl\/#\/schema\/logo\/image\/"},"sameAs":["https:\/\/www.facebook.com\/naturalbikescl","https:\/\/www.instagram.com\/natural.bikes","https:\/\/www.tiktok.com\/@natural.bikes"],"description":"Ofrecer a nuestros clientes apasionados por el ciclismo de monta\u00f1a la mejor experiencia en productos, conocimientos especializados y servicios excepcionales. Nos comprometemos a proporcionar una amplia gama de bicicletas, accesorios y equipo de alta calidad, junto con asesoramiento experto y atenci\u00f3n personalizada para cada ciclista, para que puedan explorar, disfrutar y maximizar su aventura en el mundo del MTB","email":"naturalbikes1@gmail.com","telephone":"56977043878","legalName":"Natural Bikes Limitada","foundingDate":"2024-01-01","vatID":"76699553-5","taxID":"76699553-5","numberOfEmployees":{"@type":"QuantitativeValue","minValue":"1","maxValue":"10"},"publishingPrinciples":"https:\/\/naturalbikes.cl\/?page_id=7843","ownershipFundingInfo":"https:\/\/naturalbikes.cl\/?page_id=7843","actionableFeedbackPolicy":"https:\/\/naturalbikes.cl\/?page_id=14797","correctionsPolicy":"https:\/\/naturalbikes.cl\/?page_id=3","ethicsPolicy":"https:\/\/naturalbikes.cl\/?page_id=7843","diversityPolicy":"https:\/\/naturalbikes.cl\/?page_id=11734","diversityStaffingReport":"https:\/\/naturalbikes.cl\/?page_id=12161"}]}},"_links":{"self":[{"href":"https:\/\/naturalbikes.cl\/index.php?rest_route=\/wp\/v2\/product\/22476"}],"collection":[{"href":"https:\/\/naturalbikes.cl\/index.php?rest_route=\/wp\/v2\/product"}],"about":[{"href":"https:\/\/naturalbikes.cl\/index.php?rest_route=\/wp\/v2\/types\/product"}],"replies":[{"embeddable":true,"href":"https:\/\/naturalbikes.cl\/index.php?rest_route=%2Fwp%2Fv2%2Fcomments&post=22476"}],"wp:featuredmedia":[{"embeddable":true,"href":"https:\/\/naturalbikes.cl\/index.php?rest_route=\/wp\/v2\/media\/22478"}],"wp:attachment":[{"href":"https:\/\/naturalbikes.cl\/index.php?rest_route=%2Fwp%2Fv2%2Fmedia&parent=22476"}],"wp:term":[{"taxonomy":"product_cat","embeddable":true,"href":"https:\/\/naturalbikes.cl\/index.php?rest_route=%2Fwp%2Fv2%2Fproduct_cat&post=22476"},{"taxonomy":"product_tag","embeddable":true,"href":"https:\/\/naturalbikes.cl\/index.php?rest_route=%2Fwp%2Fv2%2Fproduct_tag&post=22476"}],"curies":[{"name":"wp","href":"https:\/\/api.w.org\/{rel}","templated":true}]}}