{"id":22460,"date":"2025-08-10T22:29:31","date_gmt":"2025-08-11T02:29:31","guid":{"rendered":"https:\/\/naturalbikes.cl\/?post_type=product&#038;p=22460"},"modified":"2026-01-06T17:12:20","modified_gmt":"2026-01-06T20:12:20","slug":"bicicleta-kona-ouroboros-cr","status":"publish","type":"product","link":"https:\/\/naturalbikes.cl\/?product=bicicleta-kona-ouroboros-cr","title":{"rendered":"Bicicleta Kona Ouroboros CR"},"content":{"rendered":"<p><a href=\"https:\/\/naturalbikes.cl\/wp-content\/uploads\/2025\/08\/descarga-1.png\"><img fetchpriority=\"high\" decoding=\"async\" class=\"alignnone size-full wp-image-22220\" src=\"https:\/\/naturalbikes.cl\/wp-content\/uploads\/2025\/08\/descarga-1.png\" alt=\"\" width=\"300\" height=\"168\" \/><\/a><\/p>\n<div class=\"product info detailed\">\n<div class=\"product data items\">\n<div id=\"landing\" class=\"data item content active\" aria-labelledby=\"tab-label-landing-title\">\n<div data-content-type=\"row\" data-appearance=\"contained\" data-element=\"main\">\n<div data-enable-parallax=\"0\" data-parallax-speed=\"0.5\" data-background-images=\"{}\" data-background-type=\"image\" data-video-loop=\"true\" data-video-play-only-visible=\"true\" data-video-lazy-load=\"true\" data-video-fallback-src=\"\" data-element=\"inner\" data-pb-style=\"K9MMO83\">\n<div data-content-type=\"text\" data-appearance=\"default\" data-element=\"main\">\n<p>\u00a0 Ya seas un biker de monta\u00f1a que ama el gravel, o un gravelero con alma de mountain biker, la Ouroboros Carbon est\u00e1 hecha para ti.<\/p>\n<p>Dise\u00f1ada para atraer a ambos mundos, esta bici no solo destaca por su look, sino tambi\u00e9n por su rendimiento agresivo y confiable en terreno t\u00e9cnico. Cada peso invertido se traduce en valor real sobre el terreno.<\/p>\n<p>La Ouroboros Carbon est\u00e1 hecha para grandes desaf\u00edos, por eso viene equipada con todo lo necesario: neum\u00e1ticos anchos, frenos con rotores grandes, tubo de asiento compatible con dropper tipo MTB y una transmisi\u00f3n con amplio rango y lista para subirlo todo.<\/p>\n<p>S\u00fabete y deja que la aventura comience.<\/p>\n<p>\u2022 Horquilla Fox TC32 de 40 mm con cartucho GRIP de alto rendimiento<br \/>\n\u25e6 M\u00e1s calidad que cantidad cuando se trata del recorrido. El cartucho GRIP se siente como una verdadera suspensi\u00f3n, no solo como algo que suaviza los golpes.<\/p>\n<p>\u2022 Transmisi\u00f3n 1x con plato 38t y cassette Eagle 11-50t<br \/>\n\u25e6 Relaci\u00f3n de marchas propia de una MTB, con un desarrollo r\u00e1pido en lo m\u00e1s alto.<\/p>\n<p>\u2022 Rotores de freno de 180 mm, sistema 6 pernos<br \/>\n\u25e6 No necesitas herramientas espec\u00edficas tipo centerlock, lo que facilita el ajuste en ruta. Potencia de frenado estilo MTB en un formato hidr\u00e1ulico flat mount compacto.<\/p>\n<p>\u2022 Tija telesc\u00f3pica TranzX de 125 mm<br \/>\n\u25e6 Fiable y comprobado, TranzX entrega una excelente calidad, recorrido adecuado y un precio razonable.<\/p>\n<p>\u2022 Neum\u00e1ticos Maxxis Ravager 700 x 50 mm Tubeless EXO<br \/>\n\u25e6 R\u00e1pidos y agresivos: muerden con fuerza en las curvas sin sacrificar velocidad en l\u00ednea recta.<\/p>\n<p>Llantas compatibles con Tubeless (sin c\u00e1mara)<\/p>\n<p>Las llantas sin c\u00e1mara permiten neum\u00e1ticos con m\u00e1s resistencia a los pinchazos; la capacidad de operar con una presi\u00f3n de los neum\u00e1ticos m\u00e1s baja, lo que proporciona un mejor agarre de los neum\u00e1ticos en el camino; menor resistencia a la rodadura; y ahorro de peso en comparaci\u00f3n con los sistemas tradicionales de c\u00e1maras y neum\u00e1ticos.<\/p>\n<p>&nbsp;<\/p>\n<\/div>\n<\/div>\n<\/div>\n<div data-content-type=\"row\" data-appearance=\"contained\" data-element=\"main\">\n<div data-enable-parallax=\"0\" data-parallax-speed=\"0.5\" data-background-images=\"{}\" data-background-type=\"image\" data-video-loop=\"true\" data-video-play-only-visible=\"true\" data-video-lazy-load=\"true\" data-video-fallback-src=\"\" data-element=\"inner\" data-pb-style=\"NKUS0V0\">\n<div data-content-type=\"video\" data-appearance=\"default\" data-element=\"main\" data-pb-style=\"GCTGYJF\">\n<div class=\"pagebuilder-video-inner\" data-element=\"inner\" data-pb-style=\"W71NJGX\">\n<div class=\"pagebuilder-video-wrapper\" data-element=\"wrapper\" data-pb-style=\"FNEEQJB\">\n<div class=\"pagebuilder-video-container\"><\/div>\n<\/div>\n<\/div>\n<\/div>\n<\/div>\n<\/div>\n<div data-content-type=\"row\" data-appearance=\"contained\" data-element=\"main\">\n<div data-enable-parallax=\"0\" data-parallax-speed=\"0.5\" data-background-images=\"{}\" data-background-type=\"image\" data-video-loop=\"true\" data-video-play-only-visible=\"true\" data-video-lazy-load=\"true\" data-video-fallback-src=\"\" data-element=\"inner\" data-pb-style=\"HPBP3KC\">\n<div data-content-type=\"text\" data-appearance=\"default\" data-element=\"main\" data-pb-style=\"OJ77LU6\">\n<p id=\"PSP27QT\">*Las bicicletas\u00a0<strong>KONA\u00a0<\/strong>est\u00e1n equipadas con componentes fabricados en diferentes partes del mundo. Las especificaciones y sus decorados est\u00e1n sometidas a cambio, sin previo aviso.<\/p>\n<\/div>\n<\/div>\n<\/div>\n<div id=\"attributes-description\" class=\"attributes-container\">\n<div class=\"additional-attributes-wrapper table-wrapper\">\n<table id=\"product-attribute-specs-table\" class=\"data table additional-attributes\">\n<caption class=\"table-caption\">Especificaciones<\/caption>\n<tbody>\n<tr>\n<th class=\"col label\" scope=\"row\">Marca<\/th>\n<td class=\"col data\" data-th=\"Marca\">KONA<\/td>\n<\/tr>\n<tr>\n<th class=\"col label\" scope=\"row\">Aro<\/th>\n<td class=\"col data\" data-th=\"Aro\">700<\/td>\n<\/tr>\n<tr>\n<th class=\"col label\" scope=\"row\">G\u00e9nero<\/th>\n<td class=\"col data\" data-th=\"G\u00e9nero\">Unisex<\/td>\n<\/tr>\n<tr>\n<th class=\"col label\" scope=\"row\">Marco<\/th>\n<td class=\"col data\" data-th=\"Marco\">Kona Race Light Carbon<\/td>\n<\/tr>\n<tr>\n<th class=\"col label\" scope=\"row\">Tallas Disponibles<\/th>\n<td class=\"col data\" data-th=\"Tallas Disponibles\">52, 54<\/td>\n<\/tr>\n<tr>\n<th class=\"col label\" scope=\"row\">Suspensi\u00f3n<\/th>\n<td class=\"col data\" data-th=\"Suspensi\u00f3n\">Suspensi\u00f3n Delantera<\/td>\n<\/tr>\n<tr>\n<th class=\"col label\" scope=\"row\">Detalle Suspensi\u00f3n<\/th>\n<td class=\"col data\" data-th=\"Detalle Suspensi\u00f3n\">Fox TC32 Performance Grip Damper 40mm<\/td>\n<\/tr>\n<tr>\n<th class=\"col label\" scope=\"row\">Recorrido Suspensi\u00f3n DEL<\/th>\n<td class=\"col data\" data-th=\"Recorrido Suspensi\u00f3n DEL\">40mm<\/td>\n<\/tr>\n<tr>\n<th class=\"col label\" scope=\"row\">Shock Trasero<\/th>\n<td class=\"col data\" data-th=\"Shock Trasero\">N\/A<\/td>\n<\/tr>\n<tr>\n<th class=\"col label\" scope=\"row\">N\u00b0 de Cambios<\/th>\n<td class=\"col data\" data-th=\"N\u00b0 de Cambios\">12 (1&#215;12)<\/td>\n<\/tr>\n<tr>\n<th class=\"col label\" scope=\"row\">Cambio Delantero<\/th>\n<td class=\"col data\" data-th=\"Cambio Delantero\">N\/A<\/td>\n<\/tr>\n<tr>\n<th class=\"col label\" scope=\"row\">Cambio Trasero<\/th>\n<td class=\"col data\" data-th=\"Cambio Trasero\">SRAM Apex<\/td>\n<\/tr>\n<tr>\n<th class=\"col label\" scope=\"row\">Volante \/ Biela<\/th>\n<td class=\"col data\" data-th=\"Volante \/ Biela\">SRAM Apex 38t, BB SRAM PF86.5<\/td>\n<\/tr>\n<tr>\n<th class=\"col label\" scope=\"row\">Pi\u00f1\u00f3n<\/th>\n<td class=\"col data\" data-th=\"Pi\u00f1\u00f3n\">SRAM PG-1230 11-50t 12spd<\/td>\n<\/tr>\n<tr>\n<th class=\"col label\" scope=\"row\">Frenos<\/th>\n<td class=\"col data\" data-th=\"Frenos\">SRAM Apex Hydraulic<\/td>\n<\/tr>\n<tr>\n<th class=\"col label\" scope=\"row\">Rotor<\/th>\n<td class=\"col data\" data-th=\"Rotor\">SRAM Centerline 180mm (F) SRAM Centerline 180mm (R)<\/td>\n<\/tr>\n<tr>\n<th class=\"col label\" scope=\"row\">Neum\u00e1ticos<\/th>\n<td class=\"col data\" data-th=\"Neum\u00e1ticos\">Maxxis Ravager EXO TR 700x50c<\/td>\n<\/tr>\n<tr>\n<th class=\"col label\" scope=\"row\">Llantas<\/th>\n<td class=\"col data\" data-th=\"Llantas\">WTB KOM Team i27 TCS 2.0<\/td>\n<\/tr>\n<tr>\n<th class=\"col label\" scope=\"row\">Maza delantera<\/th>\n<td class=\"col data\" data-th=\"Maza delantera\">Formula 100x12mm<\/td>\n<\/tr>\n<tr>\n<th class=\"col label\" scope=\"row\">Maza Trasera<\/th>\n<td class=\"col data\" data-th=\"Maza Trasera\">Formula 142x12mm<\/td>\n<\/tr>\n<tr>\n<th class=\"col label\" scope=\"row\">Rayos (Material)<\/th>\n<td class=\"col data\" data-th=\"Rayos (Material)\">Stainless Black 14g<\/td>\n<\/tr>\n<tr>\n<th class=\"col label\" scope=\"row\">Manubrio<\/th>\n<td class=\"col data\" data-th=\"Manubrio\">Kona Road<\/td>\n<\/tr>\n<tr>\n<th class=\"col label\" scope=\"row\">Tee<\/th>\n<td class=\"col data\" data-th=\"Tee\">Kona Road Deluxe<\/td>\n<\/tr>\n<tr>\n<th class=\"col label\" scope=\"row\">Pu\u00f1os<\/th>\n<td class=\"col data\" data-th=\"Pu\u00f1os\">Kona Cork Tape<\/td>\n<\/tr>\n<tr>\n<th class=\"col label\" scope=\"row\">Asiento<\/th>\n<td class=\"col data\" data-th=\"Asiento\">WTB Volt<\/td>\n<\/tr>\n<tr>\n<th class=\"col label\" scope=\"row\">Tubo Sill\u00edn<\/th>\n<td class=\"col data\" data-th=\"Tubo Sill\u00edn\">TranzX Dropper +RAD Internal 31.6mm<\/td>\n<\/tr>\n<tr>\n<th class=\"col label\" scope=\"row\">Pedal<\/th>\n<td class=\"col data\" data-th=\"Pedal\">N\/A<\/td>\n<\/tr>\n<tr>\n<th class=\"col label\" scope=\"row\">Cadena<\/th>\n<td class=\"col data\" data-th=\"Cadena\">SRAM NX Eagle<\/td>\n<\/tr>\n<\/tbody>\n<\/table>\n<\/div>\n<\/div>\n<\/div>\n<div id=\"tab-label-stockinstore\" class=\"data item title 1\"><span id=\"tab-label-stockinstore-title\" class=\"data switch\" tabindex=\"-1\" data-content-id=\"stockinstore\">Stock por tiendas<\/span><\/div>\n<div id=\"tab-label-smartreviews-widget\" class=\"data item title\"><span id=\"smart-reviews-tab-title\" class=\"data switch\" tabindex=\"-1\" data-content-id=\"stockinstore\" data-table-id=\"smart-reviews-widget-table\">Opiniones<\/span><\/div>\n<\/div>\n<\/div>\n<div id=\"verificadoAIwidget\" class=\"inactiveVerificadoAIwidget\"><\/div>\n<div data-retailrocket-markup-block=\"5d2cdd7e97a5280cd8903e23\" data-product-id=\"8867,8868\">\n<div class=\"rr-widget rr-widget-5d2cdd7e97a5280cd8903e23 rr-active\" data-algorithm=\"alternative\" data-algorithm-argument=\"8867,8868\" data-template-param-header-text=\"Tambi\u00e9n te puede interesar\" data-template-param-number-of-items=\"5\" data-template-param-item-image-width=\"450\" data-template-param-item-image-height=\"400\" data-on-pre-render=\"retailrocket.oxfordstore5d2cdd7e97a5280cd8903e23.preRenderFn(this, data, renderFn)\" data-on-post-render=\"retailrocket.oxfordstore5d2cdd7e97a5280cd8903e23.postRenderFn(this)\" data-template-container-id=\"widget-template-5d2cdd7e97a5280cd8903e23\" data-textoverflowhidden=\"true\" data-next=\"rr-widget-5d2cdd7e97a5280cd8903e23-related\" data-s=\"5d2cdd7e97a5280cd8903e23\" data-widget-applied=\"true\" data-number-of-rendered-items=\"5\" data-rendered-items-ids=\"8829,8833,8856,8865,8863\">\n<div class=\"rr-widget__title\"><\/div>\n<\/div>\n<\/div>\n","protected":false},"excerpt":{"rendered":"<p><a href=\"https:\/\/naturalbikes.cl\/wp-content\/uploads\/2025\/08\/descarga-1.png\"><img decoding=\"async\" class=\"size-full wp-image-22220 alignleft\" src=\"https:\/\/naturalbikes.cl\/wp-content\/uploads\/2025\/08\/descarga-1.png\" alt=\"\" width=\"300\" height=\"168\" \/><\/a><\/p>\n<p>Dise\u00f1ada para atraer a ambos mundos, esta bici no solo destaca por su look, sino tambi\u00e9n por su rendimiento agresivo y confiable en terreno t\u00e9cnico. Cada peso invertido se traduce en valor real sobre el terreno.<\/p>\n<p>La Ouroboros Carbon est\u00e1 hecha para grandes desaf\u00edos, por eso viene equipada con todo lo necesario: neum\u00e1ticos anchos, frenos con rotores grandes, tubo de asiento compatible con dropper tipo MTB y una transmisi\u00f3n con amplio rango y lista para subirlo todo.<\/p>\n","protected":false},"featured_media":22461,"comment_status":"open","ping_status":"closed","template":"","meta":[],"product_cat":[205,195,1011],"product_tag":[1210,819,1464],"class_list":{"0":"post-22460","1":"product","2":"type-product","3":"status-publish","4":"has-post-thumbnail","6":"product_brand-kona","7":"product_cat-bicicleta-gravel","8":"product_cat-bicicletas","9":"product_cat-kona-bicicleta-gravel","10":"product_tag-bicicleta-carbono","11":"product_tag-bicicleta-gravel","12":"product_tag-kona-ouroboros-cr","14":"first","15":"instock","16":"sale","17":"taxable","18":"shipping-taxable","19":"purchasable","20":"product-type-variable","21":"rtwpvg-product"},"yoast_head":"<!-- This site is optimized with the Yoast SEO Premium plugin v24.8 (Yoast SEO v25.6) - https:\/\/yoast.com\/wordpress\/plugins\/seo\/ -->\n<title>Bicicleta Kona Ouroboros CR - NaturalBikes<\/title>\n<meta name=\"description\" content=\"Dise\u00f1ada para atraer a ambos mundos, esta bici no solo destaca por su look, sino tambi\u00e9n por su rendimiento agresivo y confiable en terreno t\u00e9cnico. Cada peso invertido se traduce en valor real sobre el terreno.La Ouroboros Carbon est\u00e1 hecha para grandes desaf\u00edos, por eso viene equipada con todo lo necesario: neum\u00e1ticos anchos, frenos con rotores grandes, tubo de asiento compatible con dropper tipo MTB y una transmisi\u00f3n con amplio rango y lista para subirlo todo.\" \/>\n<meta name=\"robots\" content=\"index, follow, max-snippet:-1, max-image-preview:large, max-video-preview:-1\" \/>\n<link rel=\"canonical\" href=\"https:\/\/naturalbikes.cl\/?product=bicicleta-kona-ouroboros-cr\" \/>\n<meta property=\"og:locale\" content=\"es_ES\" \/>\n<meta property=\"og:type\" content=\"article\" \/>\n<meta property=\"og:title\" content=\"Bicicleta Kona Ouroboros CR\" \/>\n<meta property=\"og:description\" content=\"Ofrecer a nuestros clientes apasionados por el ciclismo de monta\u00f1a la mejor experiencia en productos, conocimientos especializados y servicios excepcionales. Nos comprometemos a proporcionar una amplia gama de bicicletas, accesorios y equipo de alta calidad, junto con asesoramiento experto y atenci\u00f3n personalizada para cada ciclista, para que puedan explorar, disfrutar y maximizar su aventura en el mundo del MTB\" \/>\n<meta property=\"og:url\" content=\"https:\/\/naturalbikes.cl\/?product=bicicleta-kona-ouroboros-cr\" \/>\n<meta property=\"og:site_name\" content=\"NaturalBikes\" \/>\n<meta property=\"article:publisher\" content=\"https:\/\/www.facebook.com\/naturalbikescl\" \/>\n<meta property=\"article:modified_time\" content=\"2026-01-06T20:12:20+00:00\" \/>\n<meta property=\"og:image\" content=\"https:\/\/naturalbikes.cl\/wp-content\/uploads\/2025\/08\/my23_ouroboros_cr_1_1.jpg\" \/>\n\t<meta property=\"og:image:width\" content=\"1200\" \/>\n\t<meta property=\"og:image:height\" content=\"689\" \/>\n\t<meta property=\"og:image:type\" content=\"image\/jpeg\" \/>\n<meta name=\"twitter:card\" content=\"summary_large_image\" \/>\n<meta name=\"twitter:label1\" content=\"Tiempo de lectura\" \/>\n\t<meta name=\"twitter:data1\" content=\"3 minutos\" \/>\n<script type=\"application\/ld+json\" class=\"yoast-schema-graph\">{\"@context\":\"https:\/\/schema.org\",\"@graph\":[{\"@type\":\"WebPage\",\"@id\":\"https:\/\/naturalbikes.cl\/?product=bicicleta-kona-ouroboros-cr\",\"url\":\"https:\/\/naturalbikes.cl\/?product=bicicleta-kona-ouroboros-cr\",\"name\":\"Bicicleta Kona Ouroboros CR - NaturalBikes\",\"isPartOf\":{\"@id\":\"https:\/\/naturalbikes.cl\/#website\"},\"primaryImageOfPage\":{\"@id\":\"https:\/\/naturalbikes.cl\/?product=bicicleta-kona-ouroboros-cr#primaryimage\"},\"image\":{\"@id\":\"https:\/\/naturalbikes.cl\/?product=bicicleta-kona-ouroboros-cr#primaryimage\"},\"thumbnailUrl\":\"https:\/\/naturalbikes.cl\/wp-content\/uploads\/2025\/08\/my23_ouroboros_cr_1_1.jpg\",\"datePublished\":\"2025-08-11T02:29:31+00:00\",\"dateModified\":\"2026-01-06T20:12:20+00:00\",\"description\":\"Dise\u00f1ada para atraer a ambos mundos, esta bici no solo destaca por su look, sino tambi\u00e9n por su rendimiento agresivo y confiable en terreno t\u00e9cnico. Cada peso invertido se traduce en valor real sobre el terreno.La Ouroboros Carbon est\u00e1 hecha para grandes desaf\u00edos, por eso viene equipada con todo lo necesario: neum\u00e1ticos anchos, frenos con rotores grandes, tubo de asiento compatible con dropper tipo MTB y una transmisi\u00f3n con amplio rango y lista para subirlo todo.\",\"breadcrumb\":{\"@id\":\"https:\/\/naturalbikes.cl\/?product=bicicleta-kona-ouroboros-cr#breadcrumb\"},\"inLanguage\":\"es\",\"potentialAction\":[{\"@type\":\"ReadAction\",\"target\":[\"https:\/\/naturalbikes.cl\/?product=bicicleta-kona-ouroboros-cr\"]}]},{\"@type\":\"ImageObject\",\"inLanguage\":\"es\",\"@id\":\"https:\/\/naturalbikes.cl\/?product=bicicleta-kona-ouroboros-cr#primaryimage\",\"url\":\"https:\/\/naturalbikes.cl\/wp-content\/uploads\/2025\/08\/my23_ouroboros_cr_1_1.jpg\",\"contentUrl\":\"https:\/\/naturalbikes.cl\/wp-content\/uploads\/2025\/08\/my23_ouroboros_cr_1_1.jpg\",\"width\":1200,\"height\":689},{\"@type\":\"BreadcrumbList\",\"@id\":\"https:\/\/naturalbikes.cl\/?product=bicicleta-kona-ouroboros-cr#breadcrumb\",\"itemListElement\":[{\"@type\":\"ListItem\",\"position\":1,\"name\":\"Portada\",\"item\":\"https:\/\/naturalbikes.cl\/\"},{\"@type\":\"ListItem\",\"position\":2,\"name\":\"Tienda NB\",\"item\":\"https:\/\/naturalbikes.cl\/?page_id=7843\"},{\"@type\":\"ListItem\",\"position\":3,\"name\":\"Kona\",\"item\":\"https:\/\/naturalbikes.cl\/?product_brand=kona\"},{\"@type\":\"ListItem\",\"position\":4,\"name\":\"Bicicleta Kona Ouroboros CR\"}]},{\"@type\":\"WebSite\",\"@id\":\"https:\/\/naturalbikes.cl\/#website\",\"url\":\"https:\/\/naturalbikes.cl\/\",\"name\":\"Natural Bikes\",\"description\":\"Tienda de bicicletas repuestos accesorios taller mantenimiento clases salidas\",\"publisher\":{\"@id\":\"https:\/\/naturalbikes.cl\/#organization\"},\"alternateName\":\"Natural Bikes\",\"potentialAction\":[{\"@type\":\"SearchAction\",\"target\":{\"@type\":\"EntryPoint\",\"urlTemplate\":\"https:\/\/naturalbikes.cl\/?s={search_term_string}\"},\"query-input\":{\"@type\":\"PropertyValueSpecification\",\"valueRequired\":true,\"valueName\":\"search_term_string\"}}],\"inLanguage\":\"es\"},{\"@type\":\"Organization\",\"@id\":\"https:\/\/naturalbikes.cl\/#organization\",\"name\":\"Natural Bikes\",\"alternateName\":\"Natural Bikes\",\"url\":\"https:\/\/naturalbikes.cl\/\",\"logo\":{\"@type\":\"ImageObject\",\"inLanguage\":\"es\",\"@id\":\"https:\/\/naturalbikes.cl\/#\/schema\/logo\/image\/\",\"url\":\"https:\/\/naturalbikes.cl\/wp-content\/uploads\/2024\/05\/2023-10-10-10.44.12.jpg\",\"contentUrl\":\"https:\/\/naturalbikes.cl\/wp-content\/uploads\/2024\/05\/2023-10-10-10.44.12.jpg\",\"width\":650,\"height\":650,\"caption\":\"Natural Bikes\"},\"image\":{\"@id\":\"https:\/\/naturalbikes.cl\/#\/schema\/logo\/image\/\"},\"sameAs\":[\"https:\/\/www.facebook.com\/naturalbikescl\",\"https:\/\/www.instagram.com\/natural.bikes\",\"https:\/\/www.tiktok.com\/@natural.bikes\"],\"description\":\"Ofrecer a nuestros clientes apasionados por el ciclismo de monta\u00f1a la mejor experiencia en productos, conocimientos especializados y servicios excepcionales. Nos comprometemos a proporcionar una amplia gama de bicicletas, accesorios y equipo de alta calidad, junto con asesoramiento experto y atenci\u00f3n personalizada para cada ciclista, para que puedan explorar, disfrutar y maximizar su aventura en el mundo del MTB\",\"email\":\"naturalbikes1@gmail.com\",\"telephone\":\"56977043878\",\"legalName\":\"Natural Bikes Limitada\",\"foundingDate\":\"2024-01-01\",\"vatID\":\"76699553-5\",\"taxID\":\"76699553-5\",\"numberOfEmployees\":{\"@type\":\"QuantitativeValue\",\"minValue\":\"1\",\"maxValue\":\"10\"},\"publishingPrinciples\":\"https:\/\/naturalbikes.cl\/?page_id=7843\",\"ownershipFundingInfo\":\"https:\/\/naturalbikes.cl\/?page_id=7843\",\"actionableFeedbackPolicy\":\"https:\/\/naturalbikes.cl\/?page_id=14797\",\"correctionsPolicy\":\"https:\/\/naturalbikes.cl\/?page_id=3\",\"ethicsPolicy\":\"https:\/\/naturalbikes.cl\/?page_id=7843\",\"diversityPolicy\":\"https:\/\/naturalbikes.cl\/?page_id=11734\",\"diversityStaffingReport\":\"https:\/\/naturalbikes.cl\/?page_id=12161\"}]}<\/script>\n<!-- \/ Yoast SEO Premium plugin. -->","yoast_head_json":{"title":"Bicicleta Kona Ouroboros CR - NaturalBikes","description":"Dise\u00f1ada para atraer a ambos mundos, esta bici no solo destaca por su look, sino tambi\u00e9n por su rendimiento agresivo y confiable en terreno t\u00e9cnico. Cada peso invertido se traduce en valor real sobre el terreno.La Ouroboros Carbon est\u00e1 hecha para grandes desaf\u00edos, por eso viene equipada con todo lo necesario: neum\u00e1ticos anchos, frenos con rotores grandes, tubo de asiento compatible con dropper tipo MTB y una transmisi\u00f3n con amplio rango y lista para subirlo todo.","robots":{"index":"index","follow":"follow","max-snippet":"max-snippet:-1","max-image-preview":"max-image-preview:large","max-video-preview":"max-video-preview:-1"},"canonical":"https:\/\/naturalbikes.cl\/?product=bicicleta-kona-ouroboros-cr","og_locale":"es_ES","og_type":"article","og_title":"Bicicleta Kona Ouroboros CR","og_description":"Ofrecer a nuestros clientes apasionados por el ciclismo de monta\u00f1a la mejor experiencia en productos, conocimientos especializados y servicios excepcionales. Nos comprometemos a proporcionar una amplia gama de bicicletas, accesorios y equipo de alta calidad, junto con asesoramiento experto y atenci\u00f3n personalizada para cada ciclista, para que puedan explorar, disfrutar y maximizar su aventura en el mundo del MTB","og_url":"https:\/\/naturalbikes.cl\/?product=bicicleta-kona-ouroboros-cr","og_site_name":"NaturalBikes","article_publisher":"https:\/\/www.facebook.com\/naturalbikescl","article_modified_time":"2026-01-06T20:12:20+00:00","og_image":[{"width":1200,"height":689,"url":"https:\/\/naturalbikes.cl\/wp-content\/uploads\/2025\/08\/my23_ouroboros_cr_1_1.jpg","type":"image\/jpeg"}],"twitter_card":"summary_large_image","twitter_misc":{"Tiempo de lectura":"3 minutos"},"schema":{"@context":"https:\/\/schema.org","@graph":[{"@type":"WebPage","@id":"https:\/\/naturalbikes.cl\/?product=bicicleta-kona-ouroboros-cr","url":"https:\/\/naturalbikes.cl\/?product=bicicleta-kona-ouroboros-cr","name":"Bicicleta Kona Ouroboros CR - NaturalBikes","isPartOf":{"@id":"https:\/\/naturalbikes.cl\/#website"},"primaryImageOfPage":{"@id":"https:\/\/naturalbikes.cl\/?product=bicicleta-kona-ouroboros-cr#primaryimage"},"image":{"@id":"https:\/\/naturalbikes.cl\/?product=bicicleta-kona-ouroboros-cr#primaryimage"},"thumbnailUrl":"https:\/\/naturalbikes.cl\/wp-content\/uploads\/2025\/08\/my23_ouroboros_cr_1_1.jpg","datePublished":"2025-08-11T02:29:31+00:00","dateModified":"2026-01-06T20:12:20+00:00","description":"Dise\u00f1ada para atraer a ambos mundos, esta bici no solo destaca por su look, sino tambi\u00e9n por su rendimiento agresivo y confiable en terreno t\u00e9cnico. Cada peso invertido se traduce en valor real sobre el terreno.La Ouroboros Carbon est\u00e1 hecha para grandes desaf\u00edos, por eso viene equipada con todo lo necesario: neum\u00e1ticos anchos, frenos con rotores grandes, tubo de asiento compatible con dropper tipo MTB y una transmisi\u00f3n con amplio rango y lista para subirlo todo.","breadcrumb":{"@id":"https:\/\/naturalbikes.cl\/?product=bicicleta-kona-ouroboros-cr#breadcrumb"},"inLanguage":"es","potentialAction":[{"@type":"ReadAction","target":["https:\/\/naturalbikes.cl\/?product=bicicleta-kona-ouroboros-cr"]}]},{"@type":"ImageObject","inLanguage":"es","@id":"https:\/\/naturalbikes.cl\/?product=bicicleta-kona-ouroboros-cr#primaryimage","url":"https:\/\/naturalbikes.cl\/wp-content\/uploads\/2025\/08\/my23_ouroboros_cr_1_1.jpg","contentUrl":"https:\/\/naturalbikes.cl\/wp-content\/uploads\/2025\/08\/my23_ouroboros_cr_1_1.jpg","width":1200,"height":689},{"@type":"BreadcrumbList","@id":"https:\/\/naturalbikes.cl\/?product=bicicleta-kona-ouroboros-cr#breadcrumb","itemListElement":[{"@type":"ListItem","position":1,"name":"Portada","item":"https:\/\/naturalbikes.cl\/"},{"@type":"ListItem","position":2,"name":"Tienda NB","item":"https:\/\/naturalbikes.cl\/?page_id=7843"},{"@type":"ListItem","position":3,"name":"Kona","item":"https:\/\/naturalbikes.cl\/?product_brand=kona"},{"@type":"ListItem","position":4,"name":"Bicicleta Kona Ouroboros CR"}]},{"@type":"WebSite","@id":"https:\/\/naturalbikes.cl\/#website","url":"https:\/\/naturalbikes.cl\/","name":"Natural Bikes","description":"Tienda de bicicletas repuestos accesorios taller mantenimiento clases salidas","publisher":{"@id":"https:\/\/naturalbikes.cl\/#organization"},"alternateName":"Natural Bikes","potentialAction":[{"@type":"SearchAction","target":{"@type":"EntryPoint","urlTemplate":"https:\/\/naturalbikes.cl\/?s={search_term_string}"},"query-input":{"@type":"PropertyValueSpecification","valueRequired":true,"valueName":"search_term_string"}}],"inLanguage":"es"},{"@type":"Organization","@id":"https:\/\/naturalbikes.cl\/#organization","name":"Natural Bikes","alternateName":"Natural Bikes","url":"https:\/\/naturalbikes.cl\/","logo":{"@type":"ImageObject","inLanguage":"es","@id":"https:\/\/naturalbikes.cl\/#\/schema\/logo\/image\/","url":"https:\/\/naturalbikes.cl\/wp-content\/uploads\/2024\/05\/2023-10-10-10.44.12.jpg","contentUrl":"https:\/\/naturalbikes.cl\/wp-content\/uploads\/2024\/05\/2023-10-10-10.44.12.jpg","width":650,"height":650,"caption":"Natural Bikes"},"image":{"@id":"https:\/\/naturalbikes.cl\/#\/schema\/logo\/image\/"},"sameAs":["https:\/\/www.facebook.com\/naturalbikescl","https:\/\/www.instagram.com\/natural.bikes","https:\/\/www.tiktok.com\/@natural.bikes"],"description":"Ofrecer a nuestros clientes apasionados por el ciclismo de monta\u00f1a la mejor experiencia en productos, conocimientos especializados y servicios excepcionales. Nos comprometemos a proporcionar una amplia gama de bicicletas, accesorios y equipo de alta calidad, junto con asesoramiento experto y atenci\u00f3n personalizada para cada ciclista, para que puedan explorar, disfrutar y maximizar su aventura en el mundo del MTB","email":"naturalbikes1@gmail.com","telephone":"56977043878","legalName":"Natural Bikes Limitada","foundingDate":"2024-01-01","vatID":"76699553-5","taxID":"76699553-5","numberOfEmployees":{"@type":"QuantitativeValue","minValue":"1","maxValue":"10"},"publishingPrinciples":"https:\/\/naturalbikes.cl\/?page_id=7843","ownershipFundingInfo":"https:\/\/naturalbikes.cl\/?page_id=7843","actionableFeedbackPolicy":"https:\/\/naturalbikes.cl\/?page_id=14797","correctionsPolicy":"https:\/\/naturalbikes.cl\/?page_id=3","ethicsPolicy":"https:\/\/naturalbikes.cl\/?page_id=7843","diversityPolicy":"https:\/\/naturalbikes.cl\/?page_id=11734","diversityStaffingReport":"https:\/\/naturalbikes.cl\/?page_id=12161"}]}},"_links":{"self":[{"href":"https:\/\/naturalbikes.cl\/index.php?rest_route=\/wp\/v2\/product\/22460"}],"collection":[{"href":"https:\/\/naturalbikes.cl\/index.php?rest_route=\/wp\/v2\/product"}],"about":[{"href":"https:\/\/naturalbikes.cl\/index.php?rest_route=\/wp\/v2\/types\/product"}],"replies":[{"embeddable":true,"href":"https:\/\/naturalbikes.cl\/index.php?rest_route=%2Fwp%2Fv2%2Fcomments&post=22460"}],"wp:featuredmedia":[{"embeddable":true,"href":"https:\/\/naturalbikes.cl\/index.php?rest_route=\/wp\/v2\/media\/22461"}],"wp:attachment":[{"href":"https:\/\/naturalbikes.cl\/index.php?rest_route=%2Fwp%2Fv2%2Fmedia&parent=22460"}],"wp:term":[{"taxonomy":"product_cat","embeddable":true,"href":"https:\/\/naturalbikes.cl\/index.php?rest_route=%2Fwp%2Fv2%2Fproduct_cat&post=22460"},{"taxonomy":"product_tag","embeddable":true,"href":"https:\/\/naturalbikes.cl\/index.php?rest_route=%2Fwp%2Fv2%2Fproduct_tag&post=22460"}],"curies":[{"name":"wp","href":"https:\/\/api.w.org\/{rel}","templated":true}]}}