{"id":22379,"date":"2025-08-10T16:51:00","date_gmt":"2025-08-10T20:51:00","guid":{"rendered":"https:\/\/naturalbikes.cl\/?post_type=product&#038;p=22379"},"modified":"2026-01-06T17:12:49","modified_gmt":"2026-01-06T20:12:49","slug":"bicicleta-ruta-cube-attain-c62-slx","status":"publish","type":"product","link":"https:\/\/naturalbikes.cl\/?product=bicicleta-ruta-cube-attain-c62-slx","title":{"rendered":"Bicicleta Ruta Cube Attain C:62 SLX"},"content":{"rendered":"<p><a href=\"https:\/\/naturalbikes.cl\/wp-content\/uploads\/2025\/01\/CUBELogo-schwarz_RGB_240x240-1.svg\"><img fetchpriority=\"high\" decoding=\"async\" class=\"size-full wp-image-21711 aligncenter\" src=\"https:\/\/naturalbikes.cl\/wp-content\/uploads\/2025\/01\/CUBELogo-schwarz_RGB_240x240-1.svg\" alt=\"\" width=\"476\" height=\"117\" \/><\/a><\/p>\n<ul>\n<li><\/li>\n<\/ul>\n<div class=\"sc-feUYzb iXyfoG pf-21_ pf-r pf-r-eh\" data-pf-type=\"Row\">\n<div class=\"pf-c\">\n<div class=\"sc-dWZrec gFZrdc pf-22_\" data-pf-type=\"Column\">\n<div class=\"sc-feUYzb iXyfoG pf-23_ pf-r pf-r-eh\" data-pf-type=\"Row\">\n<div class=\"pf-c\">\n<div class=\"sc-hMBXSR dZURqy pf-27_ pf-icon-right\" data-scroll-to-top=\"true\" data-open-multiple=\"false\" data-pf-type=\"Accordion3\">\n<div class=\"sc-feUYzb iXyfoG pf-21_ pf-r pf-r-eh\" data-pf-type=\"Row\">\n<div class=\"pf-c\">\n<div class=\"sc-dWZrec gFZrdc pf-22_\" data-pf-type=\"Column\">\n<div class=\"sc-feUYzb iXyfoG pf-23_ pf-r pf-r-eh\" data-pf-type=\"Row\">\n<div class=\"pf-c\">\n<div class=\"sc-dWZrec gFZrdc pf-26_\" data-pf-type=\"Column\">\n<div class=\"sc-hMBXSR dZURqy pf-27_ pf-icon-right\" data-scroll-to-top=\"true\" data-open-multiple=\"false\" data-pf-type=\"Accordion3\">\n<h2>ATTAIN C:62 SLX<\/h2>\n<p>El rendimiento y la comodidad son dos caras de una misma moneda. El elegante cuadro semiaerodin\u00e1mico de la Attain C:62 est\u00e1 fabricado con nuestro carbono C:62\u00a9 de primera calidad para ayudar a que te deslices en el aire. Adem\u00e1s, ofrece una transferencia de potencia eficiente gracias a sus ejes pasantes X12 y al cuidadoso perfilado del cuadro, y la colocaci\u00f3n interna de los cables pone un poco de orden y supone otra ventaja aerodin\u00e1mica. Rendimiento m\u00e1s que garantizado. Ahora vayamos a por la comodidad: los tirantes flexibles y una horquilla \u00edntegramente de carbono est\u00e1n dise\u00f1ados para reducir la fatiga del ciclista incluso en recorridos largos o carreteras con superficies irregulares, y la holgura para neum\u00e1ticos de hasta 34 mm se traduce en la posibilidad de disfrutar de un gran agarre y amortiguaci\u00f3n adicional, si se quiere.<\/p>\n<h3><\/h3>\n<h3>ESPECIFICACIONES<\/h3>\n<div class=\"section\"><\/div>\n<div class=\"section\">\n<div class=\"table-row row no-gutters\">\n<div class=\"col-5 col-md-3 col-lg-2\">\n<p><strong>CUADRO<\/strong><br \/>\nC:62\u00ae Twin Mold Technology, Internal Cable Routing, Integrated Seat Post Clamp, Flat Mount Disc, Storage Box Option, AXH, 12x142mm<\/p>\n<p><strong>HORQUILLA<\/strong><br \/>\nAttain C:62\u00ae, Full Carbon, Integrated Cable Routing, Flat Mount, 12x100mm<\/p>\n<p><strong>JUEGO DE FRENOS \u00a0 \u00a0<\/strong><br \/>\nShimano 105 BR-R7170, Hydr. Disc Brake, Flat Mount (160\/160)<\/p>\n<p><strong>CAMBIO TRASERO \u00a0 \u00a0<\/strong><br \/>\nShimano 105 Di2 RD-R7150-DGS, 12-Speed, Electronic Shifting System<\/p>\n<p><strong>MANDOS<\/strong><br \/>\nShimano 105 Di2 ST-R7170<\/p>\n<p><strong>BIELAS<\/strong><br \/>\nShimano 105 FC-R7100, Hollowtech II, 50x34T<\/p>\n<p><strong>PI\u00d1\u00d3N<\/strong><br \/>\nShimano CS-R7101, 11-34T<\/p>\n<p><strong>CADENA<\/strong><br \/>\nShimano CN-M7100<\/p>\n<p><strong>RUEDAS<\/strong><br \/>\nNewmen Evolution SL R.35, 21\/21 Spokes, 12x100mm\/12x142mm, Tubeless Ready<\/p>\n<p><strong>NEUM\u00c1TICOS<\/strong><br \/>\nConti Grand Prix, Kevlar, 30-622<\/p>\n<p><strong>POTENCIA<\/strong><br \/>\nCUBE CIS Stem w\/ Cable Routing<\/p>\n<p><strong>MANILLAR<\/strong><br \/>\nNewmen Evolution Wing Bar<\/p>\n<p><strong>CINTA DE MANILLAR \u00a0 \u00a0<\/strong><br \/>\nACID Bartape RC 3.0<\/p>\n<p><strong>TIJA<\/strong><br \/>\nNewmen Advanced, Carbon, 27.2mm<\/p>\n<p><strong>SILL\u00cdN<\/strong><br \/>\nACID Nuance Pro<\/p>\n<p><strong>DIRECCI\u00d3N<\/strong><br \/>\nACROS, Top Integrated 1 1\/2&#8243; w\/ Integrated Cable Routing, Bottom Itegrated 1 1\/4&#8243;<\/p>\n<p><strong>PESO<\/strong><br \/>\n8.7 kg<\/p>\n<p>&nbsp;<\/p>\n<\/div>\n<\/div>\n<\/div>\n<\/div>\n<\/div>\n<\/div>\n<\/div>\n<\/div>\n<\/div>\n<\/div>\n<\/div>\n<\/div>\n<\/div>\n<\/div>\n<\/div>\n<\/div>\n","protected":false},"excerpt":{"rendered":"<p><a href=\"https:\/\/naturalbikes.cl\/wp-content\/uploads\/2025\/01\/CUBELogo-schwarz_RGB_240x240-1.svg\"><img decoding=\"async\" class=\"size-full wp-image-21711 alignleft\" src=\"https:\/\/naturalbikes.cl\/wp-content\/uploads\/2025\/01\/CUBELogo-schwarz_RGB_240x240-1.svg\" alt=\"\" width=\"476\" height=\"117\" \/><\/a><\/p>\n<p><strong>Potencia tu pedaleo con la Cube Attain C:62 SLX. Con su cuadro de carbono ultraligero y componentes de alta gama, esta bicicleta de carretera es sin\u00f3nimo de velocidad y rendimiento. Su dise\u00f1o optimizado te ofrece una experiencia de conducci\u00f3n superior, ideal para ciclistas que buscan un rendimiento de \u00e9lite sin sacrificar la comodidad.<\/strong><\/p>\n","protected":false},"featured_media":22390,"comment_status":"open","ping_status":"closed","template":"","meta":[],"product_cat":[204,195,890],"product_tag":[1181,1428,827,814],"class_list":{"0":"post-22379","1":"product","2":"type-product","3":"status-publish","4":"has-post-thumbnail","6":"product_brand-cube","7":"product_cat-bicicleta-ruta","8":"product_cat-bicicletas","9":"product_cat-cube-bicicleta-ruta","10":"product_tag-bicicleta-carretera","11":"product_tag-bicicleta-pistera","12":"product_tag-bicicleta-ruta","13":"product_tag-cube","15":"first","16":"instock","17":"taxable","18":"shipping-taxable","19":"purchasable","20":"product-type-variable","21":"rtwpvg-product"},"yoast_head":"<!-- This site is optimized with the Yoast SEO Premium plugin v24.8 (Yoast SEO v25.6) - https:\/\/yoast.com\/wordpress\/plugins\/seo\/ -->\n<title>Cube Attain C:62 SLX: Bicicleta de carretera de carbono, ligera y veloz<\/title>\n<meta name=\"description\" content=\"Potencia tu pedaleo con la Cube Attain C:62 SLX. Con su cuadro de carbono ultraligero y componentes de alta gama, esta bicicleta de carretera es sin\u00f3nimo de velocidad y rendimiento. Su dise\u00f1o optimizado te ofrece una experiencia de conducci\u00f3n superior, ideal para ciclistas que buscan un rendimiento de \u00e9lite sin sacrificar la comodidad.\" \/>\n<meta name=\"robots\" content=\"index, follow, max-snippet:-1, max-image-preview:large, max-video-preview:-1\" \/>\n<link rel=\"canonical\" href=\"https:\/\/naturalbikes.cl\/?product=bicicleta-ruta-cube-attain-c62-slx\" \/>\n<meta property=\"og:locale\" content=\"es_ES\" \/>\n<meta property=\"og:type\" content=\"article\" \/>\n<meta property=\"og:title\" content=\"Bicicleta Ruta Cube Attain C:62 SLX\" \/>\n<meta property=\"og:description\" content=\"Ofrecer a nuestros clientes apasionados por el ciclismo de monta\u00f1a la mejor experiencia en productos, conocimientos especializados y servicios excepcionales. Nos comprometemos a proporcionar una amplia gama de bicicletas, accesorios y equipo de alta calidad, junto con asesoramiento experto y atenci\u00f3n personalizada para cada ciclista, para que puedan explorar, disfrutar y maximizar su aventura en el mundo del MTB\" \/>\n<meta property=\"og:url\" content=\"https:\/\/naturalbikes.cl\/?product=bicicleta-ruta-cube-attain-c62-slx\" \/>\n<meta property=\"og:site_name\" content=\"NaturalBikes\" \/>\n<meta property=\"article:publisher\" content=\"https:\/\/www.facebook.com\/naturalbikescl\" \/>\n<meta property=\"article:modified_time\" content=\"2026-01-06T20:12:49+00:00\" \/>\n<meta property=\"og:image\" content=\"https:\/\/naturalbikes.cl\/wp-content\/uploads\/2025\/08\/825500_1_900x_498ed54d-5693-4912-a553-caf312a99bf5.webp.jpeg\" \/>\n\t<meta property=\"og:image:width\" content=\"900\" \/>\n\t<meta property=\"og:image:height\" content=\"900\" \/>\n\t<meta property=\"og:image:type\" content=\"image\/jpeg\" \/>\n<meta name=\"twitter:card\" content=\"summary_large_image\" \/>\n<meta name=\"twitter:label1\" content=\"Tiempo de lectura\" \/>\n\t<meta name=\"twitter:data1\" content=\"2 minutos\" \/>\n<script type=\"application\/ld+json\" class=\"yoast-schema-graph\">{\"@context\":\"https:\/\/schema.org\",\"@graph\":[{\"@type\":\"WebPage\",\"@id\":\"https:\/\/naturalbikes.cl\/?product=bicicleta-ruta-cube-attain-c62-slx\",\"url\":\"https:\/\/naturalbikes.cl\/?product=bicicleta-ruta-cube-attain-c62-slx\",\"name\":\"Cube Attain C:62 SLX: Bicicleta de carretera de carbono, ligera y veloz\",\"isPartOf\":{\"@id\":\"https:\/\/naturalbikes.cl\/#website\"},\"primaryImageOfPage\":{\"@id\":\"https:\/\/naturalbikes.cl\/?product=bicicleta-ruta-cube-attain-c62-slx#primaryimage\"},\"image\":{\"@id\":\"https:\/\/naturalbikes.cl\/?product=bicicleta-ruta-cube-attain-c62-slx#primaryimage\"},\"thumbnailUrl\":\"https:\/\/naturalbikes.cl\/wp-content\/uploads\/2025\/08\/825500_1_900x_498ed54d-5693-4912-a553-caf312a99bf5.webp.jpeg\",\"datePublished\":\"2025-08-10T20:51:00+00:00\",\"dateModified\":\"2026-01-06T20:12:49+00:00\",\"description\":\"Potencia tu pedaleo con la Cube Attain C:62 SLX. Con su cuadro de carbono ultraligero y componentes de alta gama, esta bicicleta de carretera es sin\u00f3nimo de velocidad y rendimiento. Su dise\u00f1o optimizado te ofrece una experiencia de conducci\u00f3n superior, ideal para ciclistas que buscan un rendimiento de \u00e9lite sin sacrificar la comodidad.\",\"breadcrumb\":{\"@id\":\"https:\/\/naturalbikes.cl\/?product=bicicleta-ruta-cube-attain-c62-slx#breadcrumb\"},\"inLanguage\":\"es\",\"potentialAction\":[{\"@type\":\"ReadAction\",\"target\":[\"https:\/\/naturalbikes.cl\/?product=bicicleta-ruta-cube-attain-c62-slx\"]}]},{\"@type\":\"ImageObject\",\"inLanguage\":\"es\",\"@id\":\"https:\/\/naturalbikes.cl\/?product=bicicleta-ruta-cube-attain-c62-slx#primaryimage\",\"url\":\"https:\/\/naturalbikes.cl\/wp-content\/uploads\/2025\/08\/825500_1_900x_498ed54d-5693-4912-a553-caf312a99bf5.webp.jpeg\",\"contentUrl\":\"https:\/\/naturalbikes.cl\/wp-content\/uploads\/2025\/08\/825500_1_900x_498ed54d-5693-4912-a553-caf312a99bf5.webp.jpeg\",\"width\":900,\"height\":900},{\"@type\":\"BreadcrumbList\",\"@id\":\"https:\/\/naturalbikes.cl\/?product=bicicleta-ruta-cube-attain-c62-slx#breadcrumb\",\"itemListElement\":[{\"@type\":\"ListItem\",\"position\":1,\"name\":\"Portada\",\"item\":\"https:\/\/naturalbikes.cl\/\"},{\"@type\":\"ListItem\",\"position\":2,\"name\":\"Tienda NB\",\"item\":\"https:\/\/naturalbikes.cl\/?page_id=7843\"},{\"@type\":\"ListItem\",\"position\":3,\"name\":\"Cube\",\"item\":\"https:\/\/naturalbikes.cl\/?product_brand=cube\"},{\"@type\":\"ListItem\",\"position\":4,\"name\":\"Bicicleta Ruta Cube Attain C:62 SLX\"}]},{\"@type\":\"WebSite\",\"@id\":\"https:\/\/naturalbikes.cl\/#website\",\"url\":\"https:\/\/naturalbikes.cl\/\",\"name\":\"Natural Bikes\",\"description\":\"Tienda de bicicletas repuestos accesorios taller mantenimiento clases salidas\",\"publisher\":{\"@id\":\"https:\/\/naturalbikes.cl\/#organization\"},\"alternateName\":\"Natural Bikes\",\"potentialAction\":[{\"@type\":\"SearchAction\",\"target\":{\"@type\":\"EntryPoint\",\"urlTemplate\":\"https:\/\/naturalbikes.cl\/?s={search_term_string}\"},\"query-input\":{\"@type\":\"PropertyValueSpecification\",\"valueRequired\":true,\"valueName\":\"search_term_string\"}}],\"inLanguage\":\"es\"},{\"@type\":\"Organization\",\"@id\":\"https:\/\/naturalbikes.cl\/#organization\",\"name\":\"Natural Bikes\",\"alternateName\":\"Natural Bikes\",\"url\":\"https:\/\/naturalbikes.cl\/\",\"logo\":{\"@type\":\"ImageObject\",\"inLanguage\":\"es\",\"@id\":\"https:\/\/naturalbikes.cl\/#\/schema\/logo\/image\/\",\"url\":\"https:\/\/naturalbikes.cl\/wp-content\/uploads\/2024\/05\/2023-10-10-10.44.12.jpg\",\"contentUrl\":\"https:\/\/naturalbikes.cl\/wp-content\/uploads\/2024\/05\/2023-10-10-10.44.12.jpg\",\"width\":650,\"height\":650,\"caption\":\"Natural Bikes\"},\"image\":{\"@id\":\"https:\/\/naturalbikes.cl\/#\/schema\/logo\/image\/\"},\"sameAs\":[\"https:\/\/www.facebook.com\/naturalbikescl\",\"https:\/\/www.instagram.com\/natural.bikes\",\"https:\/\/www.tiktok.com\/@natural.bikes\"],\"description\":\"Ofrecer a nuestros clientes apasionados por el ciclismo de monta\u00f1a la mejor experiencia en productos, conocimientos especializados y servicios excepcionales. Nos comprometemos a proporcionar una amplia gama de bicicletas, accesorios y equipo de alta calidad, junto con asesoramiento experto y atenci\u00f3n personalizada para cada ciclista, para que puedan explorar, disfrutar y maximizar su aventura en el mundo del MTB\",\"email\":\"naturalbikes1@gmail.com\",\"telephone\":\"56977043878\",\"legalName\":\"Natural Bikes Limitada\",\"foundingDate\":\"2024-01-01\",\"vatID\":\"76699553-5\",\"taxID\":\"76699553-5\",\"numberOfEmployees\":{\"@type\":\"QuantitativeValue\",\"minValue\":\"1\",\"maxValue\":\"10\"},\"publishingPrinciples\":\"https:\/\/naturalbikes.cl\/?page_id=7843\",\"ownershipFundingInfo\":\"https:\/\/naturalbikes.cl\/?page_id=7843\",\"actionableFeedbackPolicy\":\"https:\/\/naturalbikes.cl\/?page_id=14797\",\"correctionsPolicy\":\"https:\/\/naturalbikes.cl\/?page_id=3\",\"ethicsPolicy\":\"https:\/\/naturalbikes.cl\/?page_id=7843\",\"diversityPolicy\":\"https:\/\/naturalbikes.cl\/?page_id=11734\",\"diversityStaffingReport\":\"https:\/\/naturalbikes.cl\/?page_id=12161\"}]}<\/script>\n<!-- \/ Yoast SEO Premium plugin. -->","yoast_head_json":{"title":"Cube Attain C:62 SLX: Bicicleta de carretera de carbono, ligera y veloz","description":"Potencia tu pedaleo con la Cube Attain C:62 SLX. Con su cuadro de carbono ultraligero y componentes de alta gama, esta bicicleta de carretera es sin\u00f3nimo de velocidad y rendimiento. Su dise\u00f1o optimizado te ofrece una experiencia de conducci\u00f3n superior, ideal para ciclistas que buscan un rendimiento de \u00e9lite sin sacrificar la comodidad.","robots":{"index":"index","follow":"follow","max-snippet":"max-snippet:-1","max-image-preview":"max-image-preview:large","max-video-preview":"max-video-preview:-1"},"canonical":"https:\/\/naturalbikes.cl\/?product=bicicleta-ruta-cube-attain-c62-slx","og_locale":"es_ES","og_type":"article","og_title":"Bicicleta Ruta Cube Attain C:62 SLX","og_description":"Ofrecer a nuestros clientes apasionados por el ciclismo de monta\u00f1a la mejor experiencia en productos, conocimientos especializados y servicios excepcionales. Nos comprometemos a proporcionar una amplia gama de bicicletas, accesorios y equipo de alta calidad, junto con asesoramiento experto y atenci\u00f3n personalizada para cada ciclista, para que puedan explorar, disfrutar y maximizar su aventura en el mundo del MTB","og_url":"https:\/\/naturalbikes.cl\/?product=bicicleta-ruta-cube-attain-c62-slx","og_site_name":"NaturalBikes","article_publisher":"https:\/\/www.facebook.com\/naturalbikescl","article_modified_time":"2026-01-06T20:12:49+00:00","og_image":[{"width":900,"height":900,"url":"https:\/\/naturalbikes.cl\/wp-content\/uploads\/2025\/08\/825500_1_900x_498ed54d-5693-4912-a553-caf312a99bf5.webp.jpeg","type":"image\/jpeg"}],"twitter_card":"summary_large_image","twitter_misc":{"Tiempo de lectura":"2 minutos"},"schema":{"@context":"https:\/\/schema.org","@graph":[{"@type":"WebPage","@id":"https:\/\/naturalbikes.cl\/?product=bicicleta-ruta-cube-attain-c62-slx","url":"https:\/\/naturalbikes.cl\/?product=bicicleta-ruta-cube-attain-c62-slx","name":"Cube Attain C:62 SLX: Bicicleta de carretera de carbono, ligera y veloz","isPartOf":{"@id":"https:\/\/naturalbikes.cl\/#website"},"primaryImageOfPage":{"@id":"https:\/\/naturalbikes.cl\/?product=bicicleta-ruta-cube-attain-c62-slx#primaryimage"},"image":{"@id":"https:\/\/naturalbikes.cl\/?product=bicicleta-ruta-cube-attain-c62-slx#primaryimage"},"thumbnailUrl":"https:\/\/naturalbikes.cl\/wp-content\/uploads\/2025\/08\/825500_1_900x_498ed54d-5693-4912-a553-caf312a99bf5.webp.jpeg","datePublished":"2025-08-10T20:51:00+00:00","dateModified":"2026-01-06T20:12:49+00:00","description":"Potencia tu pedaleo con la Cube Attain C:62 SLX. Con su cuadro de carbono ultraligero y componentes de alta gama, esta bicicleta de carretera es sin\u00f3nimo de velocidad y rendimiento. Su dise\u00f1o optimizado te ofrece una experiencia de conducci\u00f3n superior, ideal para ciclistas que buscan un rendimiento de \u00e9lite sin sacrificar la comodidad.","breadcrumb":{"@id":"https:\/\/naturalbikes.cl\/?product=bicicleta-ruta-cube-attain-c62-slx#breadcrumb"},"inLanguage":"es","potentialAction":[{"@type":"ReadAction","target":["https:\/\/naturalbikes.cl\/?product=bicicleta-ruta-cube-attain-c62-slx"]}]},{"@type":"ImageObject","inLanguage":"es","@id":"https:\/\/naturalbikes.cl\/?product=bicicleta-ruta-cube-attain-c62-slx#primaryimage","url":"https:\/\/naturalbikes.cl\/wp-content\/uploads\/2025\/08\/825500_1_900x_498ed54d-5693-4912-a553-caf312a99bf5.webp.jpeg","contentUrl":"https:\/\/naturalbikes.cl\/wp-content\/uploads\/2025\/08\/825500_1_900x_498ed54d-5693-4912-a553-caf312a99bf5.webp.jpeg","width":900,"height":900},{"@type":"BreadcrumbList","@id":"https:\/\/naturalbikes.cl\/?product=bicicleta-ruta-cube-attain-c62-slx#breadcrumb","itemListElement":[{"@type":"ListItem","position":1,"name":"Portada","item":"https:\/\/naturalbikes.cl\/"},{"@type":"ListItem","position":2,"name":"Tienda NB","item":"https:\/\/naturalbikes.cl\/?page_id=7843"},{"@type":"ListItem","position":3,"name":"Cube","item":"https:\/\/naturalbikes.cl\/?product_brand=cube"},{"@type":"ListItem","position":4,"name":"Bicicleta Ruta Cube Attain C:62 SLX"}]},{"@type":"WebSite","@id":"https:\/\/naturalbikes.cl\/#website","url":"https:\/\/naturalbikes.cl\/","name":"Natural Bikes","description":"Tienda de bicicletas repuestos accesorios taller mantenimiento clases salidas","publisher":{"@id":"https:\/\/naturalbikes.cl\/#organization"},"alternateName":"Natural Bikes","potentialAction":[{"@type":"SearchAction","target":{"@type":"EntryPoint","urlTemplate":"https:\/\/naturalbikes.cl\/?s={search_term_string}"},"query-input":{"@type":"PropertyValueSpecification","valueRequired":true,"valueName":"search_term_string"}}],"inLanguage":"es"},{"@type":"Organization","@id":"https:\/\/naturalbikes.cl\/#organization","name":"Natural Bikes","alternateName":"Natural Bikes","url":"https:\/\/naturalbikes.cl\/","logo":{"@type":"ImageObject","inLanguage":"es","@id":"https:\/\/naturalbikes.cl\/#\/schema\/logo\/image\/","url":"https:\/\/naturalbikes.cl\/wp-content\/uploads\/2024\/05\/2023-10-10-10.44.12.jpg","contentUrl":"https:\/\/naturalbikes.cl\/wp-content\/uploads\/2024\/05\/2023-10-10-10.44.12.jpg","width":650,"height":650,"caption":"Natural Bikes"},"image":{"@id":"https:\/\/naturalbikes.cl\/#\/schema\/logo\/image\/"},"sameAs":["https:\/\/www.facebook.com\/naturalbikescl","https:\/\/www.instagram.com\/natural.bikes","https:\/\/www.tiktok.com\/@natural.bikes"],"description":"Ofrecer a nuestros clientes apasionados por el ciclismo de monta\u00f1a la mejor experiencia en productos, conocimientos especializados y servicios excepcionales. Nos comprometemos a proporcionar una amplia gama de bicicletas, accesorios y equipo de alta calidad, junto con asesoramiento experto y atenci\u00f3n personalizada para cada ciclista, para que puedan explorar, disfrutar y maximizar su aventura en el mundo del MTB","email":"naturalbikes1@gmail.com","telephone":"56977043878","legalName":"Natural Bikes Limitada","foundingDate":"2024-01-01","vatID":"76699553-5","taxID":"76699553-5","numberOfEmployees":{"@type":"QuantitativeValue","minValue":"1","maxValue":"10"},"publishingPrinciples":"https:\/\/naturalbikes.cl\/?page_id=7843","ownershipFundingInfo":"https:\/\/naturalbikes.cl\/?page_id=7843","actionableFeedbackPolicy":"https:\/\/naturalbikes.cl\/?page_id=14797","correctionsPolicy":"https:\/\/naturalbikes.cl\/?page_id=3","ethicsPolicy":"https:\/\/naturalbikes.cl\/?page_id=7843","diversityPolicy":"https:\/\/naturalbikes.cl\/?page_id=11734","diversityStaffingReport":"https:\/\/naturalbikes.cl\/?page_id=12161"}]}},"_links":{"self":[{"href":"https:\/\/naturalbikes.cl\/index.php?rest_route=\/wp\/v2\/product\/22379"}],"collection":[{"href":"https:\/\/naturalbikes.cl\/index.php?rest_route=\/wp\/v2\/product"}],"about":[{"href":"https:\/\/naturalbikes.cl\/index.php?rest_route=\/wp\/v2\/types\/product"}],"replies":[{"embeddable":true,"href":"https:\/\/naturalbikes.cl\/index.php?rest_route=%2Fwp%2Fv2%2Fcomments&post=22379"}],"wp:featuredmedia":[{"embeddable":true,"href":"https:\/\/naturalbikes.cl\/index.php?rest_route=\/wp\/v2\/media\/22390"}],"wp:attachment":[{"href":"https:\/\/naturalbikes.cl\/index.php?rest_route=%2Fwp%2Fv2%2Fmedia&parent=22379"}],"wp:term":[{"taxonomy":"product_cat","embeddable":true,"href":"https:\/\/naturalbikes.cl\/index.php?rest_route=%2Fwp%2Fv2%2Fproduct_cat&post=22379"},{"taxonomy":"product_tag","embeddable":true,"href":"https:\/\/naturalbikes.cl\/index.php?rest_route=%2Fwp%2Fv2%2Fproduct_tag&post=22379"}],"curies":[{"name":"wp","href":"https:\/\/api.w.org\/{rel}","templated":true}]}}