{"id":22363,"date":"2025-08-10T16:38:59","date_gmt":"2025-08-10T20:38:59","guid":{"rendered":"https:\/\/naturalbikes.cl\/?post_type=product&#038;p=22363"},"modified":"2026-01-06T17:12:20","modified_gmt":"2026-01-06T20:12:20","slug":"bicicleta-cube-ruta-attain-pro","status":"publish","type":"product","link":"https:\/\/naturalbikes.cl\/?product=bicicleta-cube-ruta-attain-pro","title":{"rendered":"Bicicleta Cube Ruta Attain PRO"},"content":{"rendered":"<p><a href=\"https:\/\/naturalbikes.cl\/wp-content\/uploads\/2025\/01\/CUBELogo-schwarz_RGB_240x240-1.svg\"><img fetchpriority=\"high\" decoding=\"async\" class=\"size-full wp-image-21711 aligncenter\" src=\"https:\/\/naturalbikes.cl\/wp-content\/uploads\/2025\/01\/CUBELogo-schwarz_RGB_240x240-1.svg\" alt=\"\" width=\"476\" height=\"117\" \/><\/a><\/p>\n<ul>\n<li>\n<h4>CARACTER\u00cdSTICAS PRINCIPALES<\/h4>\n<ul>\n<li>Marco: Aluminio 6061 T4\/T6 Superlite, Geometr\u00eda Road Comfort, Cableado integrado<br \/>\n, Disco de montaje plano, Abrazadera de tija de sill\u00edn integrada, 12 x 142 mm, AXH<\/li>\n<li>Horquilla: Attain C:62\u00ae, carbono completo, cableado integrado, montaje plano, 12 x 100 mm<\/li>\n<li>Juego de frenos: Tektro MD-C310, Flat Mount (160\/160)<\/li>\n<\/ul>\n<p><strong>Despachos en RM:<\/strong> Bicicleta armada y coordinada de forma interna.<\/p>\n<p><strong>Despachos Regiones:<\/strong> Bicicleta en caja a distribuidor autorizado, coordinado de forma interna.<\/p>\n<h6><\/h6>\n<h3>ESPECIFICACIONES<\/h3>\n<p>Construimos el chasis de aluminio semiaerodin\u00e1mico 6061 de Attain teniendo en cuenta tanto la comodidad como el rendimiento. Un tubo diagonal con perfil de l\u00e1grima ayuda a que el cuadro corte el aire y el enrutamiento de cables integrado reduzca el desorden, mientras que la soldadura suave le da a las uniones de los tubos una apariencia premium, casi org\u00e1nica. La direcci\u00f3n c\u00f3nica y los ejes pasantes delantero y trasero garantizan una precisi\u00f3n milim\u00e9trica y una transferencia de potencia eficiente. Los tirantes delgados y una horquilla de carbono ayudan a reducir el impacto y la vibraci\u00f3n de la carretera para mejorar significativamente la comodidad del ciclista, y hay espacio para neum\u00e1ticos de hasta 32 mm. Y, con una abrazadera de tija de sill\u00edn perfectamente integrada y puntos de montaje debajo del tubo superior, nos gusta pensar que hemos pensado en todo&#8230; para que puedas simplemente montar.<\/p>\n<ul>\n<li>\n<h4>MARCO<\/h4>\n<p>Aluminio 6061 T4\/T6 Superlite, geometr\u00eda Road Comfort, cableado integrado<br \/>\n, disco de montaje plano, abrazadera de tija de sill\u00edn integrada, 12 x 142 mm, AXH<\/li>\n<li>\n<h4>HORQUILLA<\/h4>\n<p>Attain C:62\u00ae, carbono completo, cableado integrado, montaje plano, 12 x 100 mm<\/li>\n<li>\n<h4>CHOQUE<\/h4>\n<p>N \/ A<\/li>\n<li>\n<h4>JUEGO DE FRENOS<\/h4>\n<p>Tektro MD-C310, montaje plano (160\/160)<\/li>\n<li>\n<h4>DESVIADOR TRASERO<\/h4>\n<p>Shimano Claris RD-R2000-GS, 8 velocidades<\/li>\n<li>\n<h4>DESVIADOR DELANTERO<\/h4>\n<p>Shimano Claris FD-R2000-BM, 31,8 mm<\/li>\n<li>\n<h4>\u00a0PEDALIER<\/h4>\n<p>Shimano BB-RS500PB, Pressfit<\/li>\n<li>\n<h4>PLATOS Y BIELAS<\/h4>\n<p>Shimano Claris FC-R2000, 50&#215;34 dientes<\/li>\n<li>\n<h4>CASETE<\/h4>\n<p>Shimano CS-HG31, 11-34 dientes<\/li>\n<li>\n<h4>CADENA<\/h4>\n<p>KMC Z8.3<\/li>\n<li>\n<h4>AURICULARES<\/h4>\n<p>ACROS, Integrado superior de 1 1\/2&#8243; con enrutamiento de cables integrado, Integrado inferior de 1<br \/>\n1\/4&#8243;<\/li>\n<li>\n<h4>PROVENIR<\/h4>\n<p>Potencia CUBE CIS con enrutamiento de cables<\/li>\n<li>\n<h4>MANILLAR<\/h4>\n<p>Barra de carreras compacta CUBE<\/li>\n<li>\n<h4>PU\u00d1OS<\/h4>\n<p>Cinta de bar ACID RC 3.0<\/li>\n<li>\n<h4>LLANTAS<\/h4>\n<p>CUBE RA 2.3 Aero Disc<\/li>\n<li>\n<h4>NEUM\u00c1TICOS<\/h4>\n<p>Gran Premio Conti, Kevlar, 30-622<\/li>\n<li>\n<h4>SILL\u00cdN<\/h4>\n<p>\u00c1CIDO Nuance Lite<\/li>\n<li>\n<h4>TIJA DEL ASIENTO<\/h4>\n<p>Poste de rendimiento CUBE, 27,2 mm<\/li>\n<li>\n<h4>PESO APROX. EN KG<\/h4>\n<p>10,5 kilos<\/p>\n<p>El peso total incluye la bicicleta, el jinete, el equipamiento y el equipaje adicional que se transporta.<\/li>\n<\/ul>\n<\/li>\n<\/ul>\n<p>&nbsp;<\/p>\n<div class=\"sc-feUYzb iXyfoG pf-21_ pf-r pf-r-eh\" data-pf-type=\"Row\">\n<div class=\"pf-c\">\n<div class=\"sc-dWZrec gFZrdc pf-22_\" data-pf-type=\"Column\">\n<div class=\"sc-feUYzb iXyfoG pf-23_ pf-r pf-r-eh\" data-pf-type=\"Row\">\n<div class=\"pf-c\">\n<div class=\"sc-hMBXSR dZURqy pf-27_ pf-icon-right\" data-scroll-to-top=\"true\" data-open-multiple=\"false\" data-pf-type=\"Accordion3\">\n<div class=\"sc-feUYzb iXyfoG pf-21_ pf-r pf-r-eh\" data-pf-type=\"Row\">\n<div class=\"pf-c\">\n<div class=\"sc-dWZrec gFZrdc pf-22_\" data-pf-type=\"Column\">\n<div class=\"sc-feUYzb iXyfoG pf-23_ pf-r pf-r-eh\" data-pf-type=\"Row\">\n<div class=\"pf-c\">\n<div class=\"sc-dWZrec gFZrdc pf-26_\" data-pf-type=\"Column\">\n<div class=\"sc-hMBXSR dZURqy pf-27_ pf-icon-right\" data-scroll-to-top=\"true\" data-open-multiple=\"false\" data-pf-type=\"Accordion3\"><\/div>\n<\/div>\n<\/div>\n<\/div>\n<\/div>\n<\/div>\n<\/div>\n<\/div>\n<\/div>\n<\/div>\n<\/div>\n<\/div>\n<\/div>\n","protected":false},"excerpt":{"rendered":"<p><a href=\"https:\/\/naturalbikes.cl\/wp-content\/uploads\/2025\/01\/CUBELogo-schwarz_RGB_240x240-1.svg\"><img decoding=\"async\" class=\"size-full wp-image-21711 alignleft\" src=\"https:\/\/naturalbikes.cl\/wp-content\/uploads\/2025\/01\/CUBELogo-schwarz_RGB_240x240-1.svg\" alt=\"\" width=\"476\" height=\"117\" \/><\/a><\/p>\n<p><strong>Disfruta de la velocidad y el confort con la Cube Attain Pro. Esta bicicleta de carretera de aluminio es perfecta para ciclistas que se inician, combinando una geometr\u00eda c\u00f3moda con componentes fiables para que cada salida sea una experiencia placentera y eficiente.<\/strong><\/p>\n","protected":false},"featured_media":22367,"comment_status":"open","ping_status":"closed","template":"","meta":[],"product_cat":[204,195,890],"product_tag":[1181,1428,827,814],"class_list":{"0":"post-22363","1":"product","2":"type-product","3":"status-publish","4":"has-post-thumbnail","6":"product_brand-cube","7":"product_cat-bicicleta-ruta","8":"product_cat-bicicletas","9":"product_cat-cube-bicicleta-ruta","10":"product_tag-bicicleta-carretera","11":"product_tag-bicicleta-pistera","12":"product_tag-bicicleta-ruta","13":"product_tag-cube","15":"first","16":"instock","17":"taxable","18":"shipping-taxable","19":"purchasable","20":"product-type-variable","21":"rtwpvg-product"},"yoast_head":"<!-- This site is optimized with the Yoast SEO Premium plugin v24.8 (Yoast SEO v25.6) - https:\/\/yoast.com\/wordpress\/plugins\/seo\/ -->\n<title>Cube Attain Pro: Bicicleta de carretera, rendimiento y confort para principiantes<\/title>\n<meta name=\"description\" content=\"Disfruta de la velocidad y el confort con la Cube Attain Pro. Esta bicicleta de carretera de aluminio es perfecta para ciclistas que se inician, combinando una geometr\u00eda c\u00f3moda con componentes fiables para que cada salida sea una experiencia placentera y eficiente.\" \/>\n<meta name=\"robots\" content=\"index, follow, max-snippet:-1, max-image-preview:large, max-video-preview:-1\" \/>\n<link rel=\"canonical\" href=\"https:\/\/naturalbikes.cl\/?product=bicicleta-cube-ruta-attain-pro\" \/>\n<meta property=\"og:locale\" content=\"es_ES\" \/>\n<meta property=\"og:type\" content=\"article\" \/>\n<meta property=\"og:title\" content=\"Bicicleta Cube Ruta Attain PRO\" \/>\n<meta property=\"og:description\" content=\"Ofrecer a nuestros clientes apasionados por el ciclismo de monta\u00f1a la mejor experiencia en productos, conocimientos especializados y servicios excepcionales. Nos comprometemos a proporcionar una amplia gama de bicicletas, accesorios y equipo de alta calidad, junto con asesoramiento experto y atenci\u00f3n personalizada para cada ciclista, para que puedan explorar, disfrutar y maximizar su aventura en el mundo del MTB\" \/>\n<meta property=\"og:url\" content=\"https:\/\/naturalbikes.cl\/?product=bicicleta-cube-ruta-attain-pro\" \/>\n<meta property=\"og:site_name\" content=\"NaturalBikes\" \/>\n<meta property=\"article:publisher\" content=\"https:\/\/www.facebook.com\/naturalbikescl\" \/>\n<meta property=\"article:modified_time\" content=\"2026-01-06T20:12:20+00:00\" \/>\n<meta property=\"og:image\" content=\"https:\/\/naturalbikes.cl\/wp-content\/uploads\/2025\/08\/825100_F1_00_1800x1800.png.webp\" \/>\n\t<meta property=\"og:image:width\" content=\"1000\" \/>\n\t<meta property=\"og:image:height\" content=\"1000\" \/>\n\t<meta property=\"og:image:type\" content=\"image\/webp\" \/>\n<meta name=\"twitter:card\" content=\"summary_large_image\" \/>\n<meta name=\"twitter:label1\" content=\"Tiempo de lectura\" \/>\n\t<meta name=\"twitter:data1\" content=\"3 minutos\" \/>\n<script type=\"application\/ld+json\" class=\"yoast-schema-graph\">{\"@context\":\"https:\/\/schema.org\",\"@graph\":[{\"@type\":\"WebPage\",\"@id\":\"https:\/\/naturalbikes.cl\/?product=bicicleta-cube-ruta-attain-pro\",\"url\":\"https:\/\/naturalbikes.cl\/?product=bicicleta-cube-ruta-attain-pro\",\"name\":\"Cube Attain Pro: Bicicleta de carretera, rendimiento y confort para principiantes\",\"isPartOf\":{\"@id\":\"https:\/\/naturalbikes.cl\/#website\"},\"primaryImageOfPage\":{\"@id\":\"https:\/\/naturalbikes.cl\/?product=bicicleta-cube-ruta-attain-pro#primaryimage\"},\"image\":{\"@id\":\"https:\/\/naturalbikes.cl\/?product=bicicleta-cube-ruta-attain-pro#primaryimage\"},\"thumbnailUrl\":\"https:\/\/naturalbikes.cl\/wp-content\/uploads\/2025\/08\/825100_F1_00_1800x1800.png.webp\",\"datePublished\":\"2025-08-10T20:38:59+00:00\",\"dateModified\":\"2026-01-06T20:12:20+00:00\",\"description\":\"Disfruta de la velocidad y el confort con la Cube Attain Pro. Esta bicicleta de carretera de aluminio es perfecta para ciclistas que se inician, combinando una geometr\u00eda c\u00f3moda con componentes fiables para que cada salida sea una experiencia placentera y eficiente.\",\"breadcrumb\":{\"@id\":\"https:\/\/naturalbikes.cl\/?product=bicicleta-cube-ruta-attain-pro#breadcrumb\"},\"inLanguage\":\"es\",\"potentialAction\":[{\"@type\":\"ReadAction\",\"target\":[\"https:\/\/naturalbikes.cl\/?product=bicicleta-cube-ruta-attain-pro\"]}]},{\"@type\":\"ImageObject\",\"inLanguage\":\"es\",\"@id\":\"https:\/\/naturalbikes.cl\/?product=bicicleta-cube-ruta-attain-pro#primaryimage\",\"url\":\"https:\/\/naturalbikes.cl\/wp-content\/uploads\/2025\/08\/825100_F1_00_1800x1800.png.webp\",\"contentUrl\":\"https:\/\/naturalbikes.cl\/wp-content\/uploads\/2025\/08\/825100_F1_00_1800x1800.png.webp\",\"width\":1000,\"height\":1000},{\"@type\":\"BreadcrumbList\",\"@id\":\"https:\/\/naturalbikes.cl\/?product=bicicleta-cube-ruta-attain-pro#breadcrumb\",\"itemListElement\":[{\"@type\":\"ListItem\",\"position\":1,\"name\":\"Portada\",\"item\":\"https:\/\/naturalbikes.cl\/\"},{\"@type\":\"ListItem\",\"position\":2,\"name\":\"Tienda NB\",\"item\":\"https:\/\/naturalbikes.cl\/?page_id=7843\"},{\"@type\":\"ListItem\",\"position\":3,\"name\":\"Cube\",\"item\":\"https:\/\/naturalbikes.cl\/?product_brand=cube\"},{\"@type\":\"ListItem\",\"position\":4,\"name\":\"Bicicleta Cube Ruta Attain PRO\"}]},{\"@type\":\"WebSite\",\"@id\":\"https:\/\/naturalbikes.cl\/#website\",\"url\":\"https:\/\/naturalbikes.cl\/\",\"name\":\"Natural Bikes\",\"description\":\"Tienda de bicicletas repuestos accesorios taller mantenimiento clases salidas\",\"publisher\":{\"@id\":\"https:\/\/naturalbikes.cl\/#organization\"},\"alternateName\":\"Natural Bikes\",\"potentialAction\":[{\"@type\":\"SearchAction\",\"target\":{\"@type\":\"EntryPoint\",\"urlTemplate\":\"https:\/\/naturalbikes.cl\/?s={search_term_string}\"},\"query-input\":{\"@type\":\"PropertyValueSpecification\",\"valueRequired\":true,\"valueName\":\"search_term_string\"}}],\"inLanguage\":\"es\"},{\"@type\":\"Organization\",\"@id\":\"https:\/\/naturalbikes.cl\/#organization\",\"name\":\"Natural Bikes\",\"alternateName\":\"Natural Bikes\",\"url\":\"https:\/\/naturalbikes.cl\/\",\"logo\":{\"@type\":\"ImageObject\",\"inLanguage\":\"es\",\"@id\":\"https:\/\/naturalbikes.cl\/#\/schema\/logo\/image\/\",\"url\":\"https:\/\/naturalbikes.cl\/wp-content\/uploads\/2024\/05\/2023-10-10-10.44.12.jpg\",\"contentUrl\":\"https:\/\/naturalbikes.cl\/wp-content\/uploads\/2024\/05\/2023-10-10-10.44.12.jpg\",\"width\":650,\"height\":650,\"caption\":\"Natural Bikes\"},\"image\":{\"@id\":\"https:\/\/naturalbikes.cl\/#\/schema\/logo\/image\/\"},\"sameAs\":[\"https:\/\/www.facebook.com\/naturalbikescl\",\"https:\/\/www.instagram.com\/natural.bikes\",\"https:\/\/www.tiktok.com\/@natural.bikes\"],\"description\":\"Ofrecer a nuestros clientes apasionados por el ciclismo de monta\u00f1a la mejor experiencia en productos, conocimientos especializados y servicios excepcionales. Nos comprometemos a proporcionar una amplia gama de bicicletas, accesorios y equipo de alta calidad, junto con asesoramiento experto y atenci\u00f3n personalizada para cada ciclista, para que puedan explorar, disfrutar y maximizar su aventura en el mundo del MTB\",\"email\":\"naturalbikes1@gmail.com\",\"telephone\":\"56977043878\",\"legalName\":\"Natural Bikes Limitada\",\"foundingDate\":\"2024-01-01\",\"vatID\":\"76699553-5\",\"taxID\":\"76699553-5\",\"numberOfEmployees\":{\"@type\":\"QuantitativeValue\",\"minValue\":\"1\",\"maxValue\":\"10\"},\"publishingPrinciples\":\"https:\/\/naturalbikes.cl\/?page_id=7843\",\"ownershipFundingInfo\":\"https:\/\/naturalbikes.cl\/?page_id=7843\",\"actionableFeedbackPolicy\":\"https:\/\/naturalbikes.cl\/?page_id=14797\",\"correctionsPolicy\":\"https:\/\/naturalbikes.cl\/?page_id=3\",\"ethicsPolicy\":\"https:\/\/naturalbikes.cl\/?page_id=7843\",\"diversityPolicy\":\"https:\/\/naturalbikes.cl\/?page_id=11734\",\"diversityStaffingReport\":\"https:\/\/naturalbikes.cl\/?page_id=12161\"}]}<\/script>\n<!-- \/ Yoast SEO Premium plugin. -->","yoast_head_json":{"title":"Cube Attain Pro: Bicicleta de carretera, rendimiento y confort para principiantes","description":"Disfruta de la velocidad y el confort con la Cube Attain Pro. Esta bicicleta de carretera de aluminio es perfecta para ciclistas que se inician, combinando una geometr\u00eda c\u00f3moda con componentes fiables para que cada salida sea una experiencia placentera y eficiente.","robots":{"index":"index","follow":"follow","max-snippet":"max-snippet:-1","max-image-preview":"max-image-preview:large","max-video-preview":"max-video-preview:-1"},"canonical":"https:\/\/naturalbikes.cl\/?product=bicicleta-cube-ruta-attain-pro","og_locale":"es_ES","og_type":"article","og_title":"Bicicleta Cube Ruta Attain PRO","og_description":"Ofrecer a nuestros clientes apasionados por el ciclismo de monta\u00f1a la mejor experiencia en productos, conocimientos especializados y servicios excepcionales. Nos comprometemos a proporcionar una amplia gama de bicicletas, accesorios y equipo de alta calidad, junto con asesoramiento experto y atenci\u00f3n personalizada para cada ciclista, para que puedan explorar, disfrutar y maximizar su aventura en el mundo del MTB","og_url":"https:\/\/naturalbikes.cl\/?product=bicicleta-cube-ruta-attain-pro","og_site_name":"NaturalBikes","article_publisher":"https:\/\/www.facebook.com\/naturalbikescl","article_modified_time":"2026-01-06T20:12:20+00:00","og_image":[{"width":1000,"height":1000,"url":"https:\/\/naturalbikes.cl\/wp-content\/uploads\/2025\/08\/825100_F1_00_1800x1800.png.webp","type":"image\/webp"}],"twitter_card":"summary_large_image","twitter_misc":{"Tiempo de lectura":"3 minutos"},"schema":{"@context":"https:\/\/schema.org","@graph":[{"@type":"WebPage","@id":"https:\/\/naturalbikes.cl\/?product=bicicleta-cube-ruta-attain-pro","url":"https:\/\/naturalbikes.cl\/?product=bicicleta-cube-ruta-attain-pro","name":"Cube Attain Pro: Bicicleta de carretera, rendimiento y confort para principiantes","isPartOf":{"@id":"https:\/\/naturalbikes.cl\/#website"},"primaryImageOfPage":{"@id":"https:\/\/naturalbikes.cl\/?product=bicicleta-cube-ruta-attain-pro#primaryimage"},"image":{"@id":"https:\/\/naturalbikes.cl\/?product=bicicleta-cube-ruta-attain-pro#primaryimage"},"thumbnailUrl":"https:\/\/naturalbikes.cl\/wp-content\/uploads\/2025\/08\/825100_F1_00_1800x1800.png.webp","datePublished":"2025-08-10T20:38:59+00:00","dateModified":"2026-01-06T20:12:20+00:00","description":"Disfruta de la velocidad y el confort con la Cube Attain Pro. Esta bicicleta de carretera de aluminio es perfecta para ciclistas que se inician, combinando una geometr\u00eda c\u00f3moda con componentes fiables para que cada salida sea una experiencia placentera y eficiente.","breadcrumb":{"@id":"https:\/\/naturalbikes.cl\/?product=bicicleta-cube-ruta-attain-pro#breadcrumb"},"inLanguage":"es","potentialAction":[{"@type":"ReadAction","target":["https:\/\/naturalbikes.cl\/?product=bicicleta-cube-ruta-attain-pro"]}]},{"@type":"ImageObject","inLanguage":"es","@id":"https:\/\/naturalbikes.cl\/?product=bicicleta-cube-ruta-attain-pro#primaryimage","url":"https:\/\/naturalbikes.cl\/wp-content\/uploads\/2025\/08\/825100_F1_00_1800x1800.png.webp","contentUrl":"https:\/\/naturalbikes.cl\/wp-content\/uploads\/2025\/08\/825100_F1_00_1800x1800.png.webp","width":1000,"height":1000},{"@type":"BreadcrumbList","@id":"https:\/\/naturalbikes.cl\/?product=bicicleta-cube-ruta-attain-pro#breadcrumb","itemListElement":[{"@type":"ListItem","position":1,"name":"Portada","item":"https:\/\/naturalbikes.cl\/"},{"@type":"ListItem","position":2,"name":"Tienda NB","item":"https:\/\/naturalbikes.cl\/?page_id=7843"},{"@type":"ListItem","position":3,"name":"Cube","item":"https:\/\/naturalbikes.cl\/?product_brand=cube"},{"@type":"ListItem","position":4,"name":"Bicicleta Cube Ruta Attain PRO"}]},{"@type":"WebSite","@id":"https:\/\/naturalbikes.cl\/#website","url":"https:\/\/naturalbikes.cl\/","name":"Natural Bikes","description":"Tienda de bicicletas repuestos accesorios taller mantenimiento clases salidas","publisher":{"@id":"https:\/\/naturalbikes.cl\/#organization"},"alternateName":"Natural Bikes","potentialAction":[{"@type":"SearchAction","target":{"@type":"EntryPoint","urlTemplate":"https:\/\/naturalbikes.cl\/?s={search_term_string}"},"query-input":{"@type":"PropertyValueSpecification","valueRequired":true,"valueName":"search_term_string"}}],"inLanguage":"es"},{"@type":"Organization","@id":"https:\/\/naturalbikes.cl\/#organization","name":"Natural Bikes","alternateName":"Natural Bikes","url":"https:\/\/naturalbikes.cl\/","logo":{"@type":"ImageObject","inLanguage":"es","@id":"https:\/\/naturalbikes.cl\/#\/schema\/logo\/image\/","url":"https:\/\/naturalbikes.cl\/wp-content\/uploads\/2024\/05\/2023-10-10-10.44.12.jpg","contentUrl":"https:\/\/naturalbikes.cl\/wp-content\/uploads\/2024\/05\/2023-10-10-10.44.12.jpg","width":650,"height":650,"caption":"Natural Bikes"},"image":{"@id":"https:\/\/naturalbikes.cl\/#\/schema\/logo\/image\/"},"sameAs":["https:\/\/www.facebook.com\/naturalbikescl","https:\/\/www.instagram.com\/natural.bikes","https:\/\/www.tiktok.com\/@natural.bikes"],"description":"Ofrecer a nuestros clientes apasionados por el ciclismo de monta\u00f1a la mejor experiencia en productos, conocimientos especializados y servicios excepcionales. Nos comprometemos a proporcionar una amplia gama de bicicletas, accesorios y equipo de alta calidad, junto con asesoramiento experto y atenci\u00f3n personalizada para cada ciclista, para que puedan explorar, disfrutar y maximizar su aventura en el mundo del MTB","email":"naturalbikes1@gmail.com","telephone":"56977043878","legalName":"Natural Bikes Limitada","foundingDate":"2024-01-01","vatID":"76699553-5","taxID":"76699553-5","numberOfEmployees":{"@type":"QuantitativeValue","minValue":"1","maxValue":"10"},"publishingPrinciples":"https:\/\/naturalbikes.cl\/?page_id=7843","ownershipFundingInfo":"https:\/\/naturalbikes.cl\/?page_id=7843","actionableFeedbackPolicy":"https:\/\/naturalbikes.cl\/?page_id=14797","correctionsPolicy":"https:\/\/naturalbikes.cl\/?page_id=3","ethicsPolicy":"https:\/\/naturalbikes.cl\/?page_id=7843","diversityPolicy":"https:\/\/naturalbikes.cl\/?page_id=11734","diversityStaffingReport":"https:\/\/naturalbikes.cl\/?page_id=12161"}]}},"_links":{"self":[{"href":"https:\/\/naturalbikes.cl\/index.php?rest_route=\/wp\/v2\/product\/22363"}],"collection":[{"href":"https:\/\/naturalbikes.cl\/index.php?rest_route=\/wp\/v2\/product"}],"about":[{"href":"https:\/\/naturalbikes.cl\/index.php?rest_route=\/wp\/v2\/types\/product"}],"replies":[{"embeddable":true,"href":"https:\/\/naturalbikes.cl\/index.php?rest_route=%2Fwp%2Fv2%2Fcomments&post=22363"}],"wp:featuredmedia":[{"embeddable":true,"href":"https:\/\/naturalbikes.cl\/index.php?rest_route=\/wp\/v2\/media\/22367"}],"wp:attachment":[{"href":"https:\/\/naturalbikes.cl\/index.php?rest_route=%2Fwp%2Fv2%2Fmedia&parent=22363"}],"wp:term":[{"taxonomy":"product_cat","embeddable":true,"href":"https:\/\/naturalbikes.cl\/index.php?rest_route=%2Fwp%2Fv2%2Fproduct_cat&post=22363"},{"taxonomy":"product_tag","embeddable":true,"href":"https:\/\/naturalbikes.cl\/index.php?rest_route=%2Fwp%2Fv2%2Fproduct_tag&post=22363"}],"curies":[{"name":"wp","href":"https:\/\/api.w.org\/{rel}","templated":true}]}}