{"id":22286,"date":"2025-08-10T10:30:34","date_gmt":"2025-08-10T14:30:34","guid":{"rendered":"https:\/\/naturalbikes.cl\/?post_type=product&#038;p=22286"},"modified":"2026-01-06T17:12:19","modified_gmt":"2026-01-06T20:12:19","slug":"bicicleta-orbea-rise-lt-h20-20mph","status":"publish","type":"product","link":"https:\/\/naturalbikes.cl\/?product=bicicleta-orbea-rise-lt-h20-20mph","title":{"rendered":"Bicicleta Orbea Rise LT H20 20MPH"},"content":{"rendered":"<div id=\"technologies\" class=\"section-slider bike section-white\">\n<div class=\"component-block-slider section\">\n<div class=\"decoration-img \"><picture><source srcset=\"https:\/\/www.orbea.com\/img\/technologies\/key_banner_rise_lt25_1920x750.jpg\" media=\"(min-width: 575px)\" \/><img decoding=\"async\" src=\"https:\/\/www.orbea.com\/img\/technologies\/key_banner_rise_lt25_845_750.jpg\" alt=\"THE BEST JUST GOT BETTER \" \/><\/picture><\/div>\n<div class=\"header\">\n<h2 class=\"titleblock\"><\/h2>\n<div class=\"nav-block\">\n<div class=\"controls-gluide-block\" data-glide-el=\"controls\"><\/div>\n<\/div>\n<\/div>\n<div class=\"wrapper\">\n<div class=\"block-slider glide--ltr glide--slider glide--swipeable\">\n<div class=\"datas-slide glide__track\" data-glide-el=\"track\">\n<ul class=\"glide__slides\">\n<li class=\"card glide__slide grid__item\">\n<div class=\"image\"><img decoding=\"async\" src=\"https:\/\/www.orbea.com\/img\/technologies\/key_rise_lt25_1-polished-alloy.jpg\" alt=\"ALUMINIO PULIDO \" \/><\/div>\n<div class=\"datas\">\n<h3>ALUMINIO PULIDO<\/h3>\n<p>Cada soldadura en el cuadro se pule de forma tan suave que equivale a la est\u00e9tica de un cuadro de carbono, pero tambi\u00e9n es importante destacar la acci\u00f3n de pulido de las soldaduras que aumenta la resistencia a la fatiga en estos puntos tan exigentes.<\/p>\n<p>&nbsp;<\/p>\n<\/div>\n<\/li>\n<li class=\"card glide__slide grid__item glide__slide--active\">\n<div class=\"image\"><img decoding=\"async\" src=\"https:\/\/www.orbea.com\/img\/technologies\/key_rise_lt25_2-tuned-rigidity.jpg\" alt=\"RIGIDEZ AFINADA \/ MANEJO DE ALTO RENDIMIENTO                        \" \/><\/div>\n<div class=\"datas\">\n<h3>RIGIDEZ AFINADA \/ MANEJO DE ALTO RENDIMIENTO<\/h3>\n<p>Para alcanzar el mejor manejo, las bicis necesitan la rigidez correcta en los lugares adecuados. El nuevo dise\u00f1o asim\u00e9trico del cuadro de Rise es clave para afinar la rigidez del mismo. El resultado es un rendimiento previsible cuando lo est\u00e9s dando todo.<\/p>\n<p>&nbsp;<\/p>\n<\/div>\n<\/li>\n<li class=\"card glide__slide grid__item\">\n<div class=\"image\"><img decoding=\"async\" src=\"https:\/\/www.orbea.com\/img\/technologies\/key_rise_lt25_3-rs.jpg\" alt=\"EL NUEVO RIDER SYNERGY   \t\" \/><\/div>\n<div class=\"datas\">\n<h3>EL NUEVO RIDER SYNERGY<\/h3>\n<p>Rider Synergy, (RS) es el coraz\u00f3n de Rise. La forma de asistencia m\u00e1s natural y el\u00e1stica con el mejor rango de bater\u00eda para las aventuras m\u00e1s extremas. Ahora, Rise lleva esto a\u00fan m\u00e1s lejos con la opci\u00f3n de incrementar el par hastav 85Nm.<\/p>\n<p>&nbsp;<\/p>\n<\/div>\n<\/li>\n<li class=\"card glide__slide grid__item\">\n<div class=\"image\"><img decoding=\"async\" src=\"https:\/\/www.orbea.com\/img\/technologies\/key_rise_lt25_4-steep-ndeep.jpg\" alt=\"STEEP 'N' DEEP    \" \/><\/div>\n<div class=\"datas\">\n<h3>STEEP &#8216;N&#8217; DEEP<\/h3>\n<p>Baja el sill\u00edn al m\u00e1ximo para que tu cuerpo gane espacio donde moverse y hasta un control mayor. Con Rise puedes disponer de una tija de hasta 230 mm. \u00a1Las tijas de largo recorrido son la \u00fanica soluci\u00f3n!<\/p>\n<\/div>\n<\/li>\n<li class=\"card glide__slide grid__item\">\n<div class=\"image\"><img decoding=\"async\" src=\"https:\/\/www.orbea.com\/img\/technologies\/key_rise_lt25_5-further-faster.jpg\" alt=\"M\u00c1S LEJOS, M\u00c1S R\u00c1PIDO\" \/><\/div>\n<div class=\"datas\">\n<h3>M\u00c1S LEJOS, M\u00c1S R\u00c1PIDO<\/h3>\n<p>La asistencia natural RS Gen2 trabaja contigo, involucr\u00e1ndote en la salida, proporcionando asistencia cuando la necesitas y ahorrando bater\u00eda cuando no.<\/p>\n<p>&nbsp;<\/p>\n<\/div>\n<\/li>\n<\/ul>\n<\/div>\n<\/div>\n<\/div>\n<\/div>\n<\/div>\n<div id=\"downloads\" class=\"section-gray\">\n<div class=\"component-block  section section-downlaods\"><\/div>\n<\/div>\n","protected":false},"excerpt":{"rendered":"<p class=\"logo \"><a id=\"logo-header\" href=\"https:\/\/www.orbea.com\/cl-es\/\"><img decoding=\"async\" class=\"aligncenter\" src=\"https:\/\/www.orbea.com\/img\/orbea-logo.svg\" alt=\"Orbea\" \/><\/a><\/p>\n<div class=\"menu-wrapper \"><\/div>\n<div class=\"description\"><strong>La eMTB que devora senderos. Rise LT ofrece 160mm \/ 150mm de recorrido con geometr\u00eda trail progresiva. Nuestra bater\u00eda 420Wh viene de serie, pero puedes optar de forma opcional a la de 630Wh. El motor Shimano EP lleva nuestro \u00faltimo Rs GEN2 MC firmware que permite la forma m\u00e1s natural de pedalear.<\/strong><\/div>\n","protected":false},"featured_media":22291,"comment_status":"open","ping_status":"closed","template":"","meta":[],"product_cat":[201,195,300],"product_tag":[813,815,822,830],"class_list":{"0":"post-22286","1":"product","2":"type-product","3":"status-publish","4":"has-post-thumbnail","6":"product_brand-orbea","7":"product_cat-bicicleta-electrica","8":"product_cat-bicicletas","9":"product_cat-orbea-bicicleta-electrica","10":"product_tag-bicicleta-electrica","11":"product_tag-ebike","12":"product_tag-orbea","13":"product_tag-rise","15":"first","16":"instock","17":"taxable","18":"shipping-taxable","19":"purchasable","20":"product-type-variable","21":"rtwpvg-product"},"yoast_head":"<!-- This site is optimized with the Yoast SEO Premium plugin v24.8 (Yoast SEO v25.6) - https:\/\/yoast.com\/wordpress\/plugins\/seo\/ -->\n<title>Orbea RISE LT H20 20mph: La e-MTB para enduro<\/title>\n<meta name=\"description\" content=\"Domina cualquier sendero con la Orbea RISE LT H20 20MPH. Su potente motor Bosch CX Performance y su suspensi\u00f3n de largo recorrido te permitir\u00e1n disfrutar al m\u00e1ximo de tus aventuras en monta\u00f1a.\" \/>\n<meta name=\"robots\" content=\"index, follow, max-snippet:-1, max-image-preview:large, max-video-preview:-1\" \/>\n<link rel=\"canonical\" href=\"https:\/\/naturalbikes.cl\/?product=bicicleta-orbea-rise-lt-h20-20mph\" \/>\n<meta property=\"og:locale\" content=\"es_ES\" \/>\n<meta property=\"og:type\" content=\"article\" \/>\n<meta property=\"og:title\" content=\"Bicicleta Orbea Rise LT H20 20MPH\" \/>\n<meta property=\"og:description\" content=\"Ofrecer a nuestros clientes apasionados por el ciclismo de monta\u00f1a la mejor experiencia en productos, conocimientos especializados y servicios excepcionales. Nos comprometemos a proporcionar una amplia gama de bicicletas, accesorios y equipo de alta calidad, junto con asesoramiento experto y atenci\u00f3n personalizada para cada ciclista, para que puedan explorar, disfrutar y maximizar su aventura en el mundo del MTB\" \/>\n<meta property=\"og:url\" content=\"https:\/\/naturalbikes.cl\/?product=bicicleta-orbea-rise-lt-h20-20mph\" \/>\n<meta property=\"og:site_name\" content=\"NaturalBikes\" \/>\n<meta property=\"article:publisher\" content=\"https:\/\/www.facebook.com\/naturalbikescl\" \/>\n<meta property=\"article:modified_time\" content=\"2026-01-06T20:12:19+00:00\" \/>\n<meta property=\"og:image\" content=\"https:\/\/naturalbikes.cl\/wp-content\/uploads\/2025\/08\/S334TTCC-SU-SIDE-RISE_LT_H20.jpg\" \/>\n\t<meta property=\"og:image:width\" content=\"2000\" \/>\n\t<meta property=\"og:image:height\" content=\"1728\" \/>\n\t<meta property=\"og:image:type\" content=\"image\/jpeg\" \/>\n<meta name=\"twitter:card\" content=\"summary_large_image\" \/>\n<meta name=\"twitter:label1\" content=\"Tiempo de lectura\" \/>\n\t<meta name=\"twitter:data1\" content=\"3 minutos\" \/>\n<script type=\"application\/ld+json\" class=\"yoast-schema-graph\">{\"@context\":\"https:\/\/schema.org\",\"@graph\":[{\"@type\":\"WebPage\",\"@id\":\"https:\/\/naturalbikes.cl\/?product=bicicleta-orbea-rise-lt-h20-20mph\",\"url\":\"https:\/\/naturalbikes.cl\/?product=bicicleta-orbea-rise-lt-h20-20mph\",\"name\":\"Orbea RISE LT H20 20mph: La e-MTB para enduro\",\"isPartOf\":{\"@id\":\"https:\/\/naturalbikes.cl\/#website\"},\"primaryImageOfPage\":{\"@id\":\"https:\/\/naturalbikes.cl\/?product=bicicleta-orbea-rise-lt-h20-20mph#primaryimage\"},\"image\":{\"@id\":\"https:\/\/naturalbikes.cl\/?product=bicicleta-orbea-rise-lt-h20-20mph#primaryimage\"},\"thumbnailUrl\":\"https:\/\/naturalbikes.cl\/wp-content\/uploads\/2025\/08\/S334TTCC-SU-SIDE-RISE_LT_H20.jpg\",\"datePublished\":\"2025-08-10T14:30:34+00:00\",\"dateModified\":\"2026-01-06T20:12:19+00:00\",\"description\":\"Domina cualquier sendero con la Orbea RISE LT H20 20MPH. Su potente motor Bosch CX Performance y su suspensi\u00f3n de largo recorrido te permitir\u00e1n disfrutar al m\u00e1ximo de tus aventuras en monta\u00f1a.\",\"breadcrumb\":{\"@id\":\"https:\/\/naturalbikes.cl\/?product=bicicleta-orbea-rise-lt-h20-20mph#breadcrumb\"},\"inLanguage\":\"es\",\"potentialAction\":[{\"@type\":\"ReadAction\",\"target\":[\"https:\/\/naturalbikes.cl\/?product=bicicleta-orbea-rise-lt-h20-20mph\"]}]},{\"@type\":\"ImageObject\",\"inLanguage\":\"es\",\"@id\":\"https:\/\/naturalbikes.cl\/?product=bicicleta-orbea-rise-lt-h20-20mph#primaryimage\",\"url\":\"https:\/\/naturalbikes.cl\/wp-content\/uploads\/2025\/08\/S334TTCC-SU-SIDE-RISE_LT_H20.jpg\",\"contentUrl\":\"https:\/\/naturalbikes.cl\/wp-content\/uploads\/2025\/08\/S334TTCC-SU-SIDE-RISE_LT_H20.jpg\",\"width\":2000,\"height\":1728},{\"@type\":\"BreadcrumbList\",\"@id\":\"https:\/\/naturalbikes.cl\/?product=bicicleta-orbea-rise-lt-h20-20mph#breadcrumb\",\"itemListElement\":[{\"@type\":\"ListItem\",\"position\":1,\"name\":\"Portada\",\"item\":\"https:\/\/naturalbikes.cl\/\"},{\"@type\":\"ListItem\",\"position\":2,\"name\":\"Tienda NB\",\"item\":\"https:\/\/naturalbikes.cl\/?page_id=7843\"},{\"@type\":\"ListItem\",\"position\":3,\"name\":\"Orbea\",\"item\":\"https:\/\/naturalbikes.cl\/?product_brand=orbea\"},{\"@type\":\"ListItem\",\"position\":4,\"name\":\"Bicicleta Orbea Rise LT H20 20MPH\"}]},{\"@type\":\"WebSite\",\"@id\":\"https:\/\/naturalbikes.cl\/#website\",\"url\":\"https:\/\/naturalbikes.cl\/\",\"name\":\"Natural Bikes\",\"description\":\"Tienda de bicicletas repuestos accesorios taller mantenimiento clases salidas\",\"publisher\":{\"@id\":\"https:\/\/naturalbikes.cl\/#organization\"},\"alternateName\":\"Natural Bikes\",\"potentialAction\":[{\"@type\":\"SearchAction\",\"target\":{\"@type\":\"EntryPoint\",\"urlTemplate\":\"https:\/\/naturalbikes.cl\/?s={search_term_string}\"},\"query-input\":{\"@type\":\"PropertyValueSpecification\",\"valueRequired\":true,\"valueName\":\"search_term_string\"}}],\"inLanguage\":\"es\"},{\"@type\":\"Organization\",\"@id\":\"https:\/\/naturalbikes.cl\/#organization\",\"name\":\"Natural Bikes\",\"alternateName\":\"Natural Bikes\",\"url\":\"https:\/\/naturalbikes.cl\/\",\"logo\":{\"@type\":\"ImageObject\",\"inLanguage\":\"es\",\"@id\":\"https:\/\/naturalbikes.cl\/#\/schema\/logo\/image\/\",\"url\":\"https:\/\/naturalbikes.cl\/wp-content\/uploads\/2024\/05\/2023-10-10-10.44.12.jpg\",\"contentUrl\":\"https:\/\/naturalbikes.cl\/wp-content\/uploads\/2024\/05\/2023-10-10-10.44.12.jpg\",\"width\":650,\"height\":650,\"caption\":\"Natural Bikes\"},\"image\":{\"@id\":\"https:\/\/naturalbikes.cl\/#\/schema\/logo\/image\/\"},\"sameAs\":[\"https:\/\/www.facebook.com\/naturalbikescl\",\"https:\/\/www.instagram.com\/natural.bikes\",\"https:\/\/www.tiktok.com\/@natural.bikes\"],\"description\":\"Ofrecer a nuestros clientes apasionados por el ciclismo de monta\u00f1a la mejor experiencia en productos, conocimientos especializados y servicios excepcionales. Nos comprometemos a proporcionar una amplia gama de bicicletas, accesorios y equipo de alta calidad, junto con asesoramiento experto y atenci\u00f3n personalizada para cada ciclista, para que puedan explorar, disfrutar y maximizar su aventura en el mundo del MTB\",\"email\":\"naturalbikes1@gmail.com\",\"telephone\":\"56977043878\",\"legalName\":\"Natural Bikes Limitada\",\"foundingDate\":\"2024-01-01\",\"vatID\":\"76699553-5\",\"taxID\":\"76699553-5\",\"numberOfEmployees\":{\"@type\":\"QuantitativeValue\",\"minValue\":\"1\",\"maxValue\":\"10\"},\"publishingPrinciples\":\"https:\/\/naturalbikes.cl\/?page_id=7843\",\"ownershipFundingInfo\":\"https:\/\/naturalbikes.cl\/?page_id=7843\",\"actionableFeedbackPolicy\":\"https:\/\/naturalbikes.cl\/?page_id=14797\",\"correctionsPolicy\":\"https:\/\/naturalbikes.cl\/?page_id=3\",\"ethicsPolicy\":\"https:\/\/naturalbikes.cl\/?page_id=7843\",\"diversityPolicy\":\"https:\/\/naturalbikes.cl\/?page_id=11734\",\"diversityStaffingReport\":\"https:\/\/naturalbikes.cl\/?page_id=12161\"}]}<\/script>\n<!-- \/ Yoast SEO Premium plugin. -->","yoast_head_json":{"title":"Orbea RISE LT H20 20mph: La e-MTB para enduro","description":"Domina cualquier sendero con la Orbea RISE LT H20 20MPH. Su potente motor Bosch CX Performance y su suspensi\u00f3n de largo recorrido te permitir\u00e1n disfrutar al m\u00e1ximo de tus aventuras en monta\u00f1a.","robots":{"index":"index","follow":"follow","max-snippet":"max-snippet:-1","max-image-preview":"max-image-preview:large","max-video-preview":"max-video-preview:-1"},"canonical":"https:\/\/naturalbikes.cl\/?product=bicicleta-orbea-rise-lt-h20-20mph","og_locale":"es_ES","og_type":"article","og_title":"Bicicleta Orbea Rise LT H20 20MPH","og_description":"Ofrecer a nuestros clientes apasionados por el ciclismo de monta\u00f1a la mejor experiencia en productos, conocimientos especializados y servicios excepcionales. Nos comprometemos a proporcionar una amplia gama de bicicletas, accesorios y equipo de alta calidad, junto con asesoramiento experto y atenci\u00f3n personalizada para cada ciclista, para que puedan explorar, disfrutar y maximizar su aventura en el mundo del MTB","og_url":"https:\/\/naturalbikes.cl\/?product=bicicleta-orbea-rise-lt-h20-20mph","og_site_name":"NaturalBikes","article_publisher":"https:\/\/www.facebook.com\/naturalbikescl","article_modified_time":"2026-01-06T20:12:19+00:00","og_image":[{"width":2000,"height":1728,"url":"https:\/\/naturalbikes.cl\/wp-content\/uploads\/2025\/08\/S334TTCC-SU-SIDE-RISE_LT_H20.jpg","type":"image\/jpeg"}],"twitter_card":"summary_large_image","twitter_misc":{"Tiempo de lectura":"3 minutos"},"schema":{"@context":"https:\/\/schema.org","@graph":[{"@type":"WebPage","@id":"https:\/\/naturalbikes.cl\/?product=bicicleta-orbea-rise-lt-h20-20mph","url":"https:\/\/naturalbikes.cl\/?product=bicicleta-orbea-rise-lt-h20-20mph","name":"Orbea RISE LT H20 20mph: La e-MTB para enduro","isPartOf":{"@id":"https:\/\/naturalbikes.cl\/#website"},"primaryImageOfPage":{"@id":"https:\/\/naturalbikes.cl\/?product=bicicleta-orbea-rise-lt-h20-20mph#primaryimage"},"image":{"@id":"https:\/\/naturalbikes.cl\/?product=bicicleta-orbea-rise-lt-h20-20mph#primaryimage"},"thumbnailUrl":"https:\/\/naturalbikes.cl\/wp-content\/uploads\/2025\/08\/S334TTCC-SU-SIDE-RISE_LT_H20.jpg","datePublished":"2025-08-10T14:30:34+00:00","dateModified":"2026-01-06T20:12:19+00:00","description":"Domina cualquier sendero con la Orbea RISE LT H20 20MPH. Su potente motor Bosch CX Performance y su suspensi\u00f3n de largo recorrido te permitir\u00e1n disfrutar al m\u00e1ximo de tus aventuras en monta\u00f1a.","breadcrumb":{"@id":"https:\/\/naturalbikes.cl\/?product=bicicleta-orbea-rise-lt-h20-20mph#breadcrumb"},"inLanguage":"es","potentialAction":[{"@type":"ReadAction","target":["https:\/\/naturalbikes.cl\/?product=bicicleta-orbea-rise-lt-h20-20mph"]}]},{"@type":"ImageObject","inLanguage":"es","@id":"https:\/\/naturalbikes.cl\/?product=bicicleta-orbea-rise-lt-h20-20mph#primaryimage","url":"https:\/\/naturalbikes.cl\/wp-content\/uploads\/2025\/08\/S334TTCC-SU-SIDE-RISE_LT_H20.jpg","contentUrl":"https:\/\/naturalbikes.cl\/wp-content\/uploads\/2025\/08\/S334TTCC-SU-SIDE-RISE_LT_H20.jpg","width":2000,"height":1728},{"@type":"BreadcrumbList","@id":"https:\/\/naturalbikes.cl\/?product=bicicleta-orbea-rise-lt-h20-20mph#breadcrumb","itemListElement":[{"@type":"ListItem","position":1,"name":"Portada","item":"https:\/\/naturalbikes.cl\/"},{"@type":"ListItem","position":2,"name":"Tienda NB","item":"https:\/\/naturalbikes.cl\/?page_id=7843"},{"@type":"ListItem","position":3,"name":"Orbea","item":"https:\/\/naturalbikes.cl\/?product_brand=orbea"},{"@type":"ListItem","position":4,"name":"Bicicleta Orbea Rise LT H20 20MPH"}]},{"@type":"WebSite","@id":"https:\/\/naturalbikes.cl\/#website","url":"https:\/\/naturalbikes.cl\/","name":"Natural Bikes","description":"Tienda de bicicletas repuestos accesorios taller mantenimiento clases salidas","publisher":{"@id":"https:\/\/naturalbikes.cl\/#organization"},"alternateName":"Natural Bikes","potentialAction":[{"@type":"SearchAction","target":{"@type":"EntryPoint","urlTemplate":"https:\/\/naturalbikes.cl\/?s={search_term_string}"},"query-input":{"@type":"PropertyValueSpecification","valueRequired":true,"valueName":"search_term_string"}}],"inLanguage":"es"},{"@type":"Organization","@id":"https:\/\/naturalbikes.cl\/#organization","name":"Natural Bikes","alternateName":"Natural Bikes","url":"https:\/\/naturalbikes.cl\/","logo":{"@type":"ImageObject","inLanguage":"es","@id":"https:\/\/naturalbikes.cl\/#\/schema\/logo\/image\/","url":"https:\/\/naturalbikes.cl\/wp-content\/uploads\/2024\/05\/2023-10-10-10.44.12.jpg","contentUrl":"https:\/\/naturalbikes.cl\/wp-content\/uploads\/2024\/05\/2023-10-10-10.44.12.jpg","width":650,"height":650,"caption":"Natural Bikes"},"image":{"@id":"https:\/\/naturalbikes.cl\/#\/schema\/logo\/image\/"},"sameAs":["https:\/\/www.facebook.com\/naturalbikescl","https:\/\/www.instagram.com\/natural.bikes","https:\/\/www.tiktok.com\/@natural.bikes"],"description":"Ofrecer a nuestros clientes apasionados por el ciclismo de monta\u00f1a la mejor experiencia en productos, conocimientos especializados y servicios excepcionales. Nos comprometemos a proporcionar una amplia gama de bicicletas, accesorios y equipo de alta calidad, junto con asesoramiento experto y atenci\u00f3n personalizada para cada ciclista, para que puedan explorar, disfrutar y maximizar su aventura en el mundo del MTB","email":"naturalbikes1@gmail.com","telephone":"56977043878","legalName":"Natural Bikes Limitada","foundingDate":"2024-01-01","vatID":"76699553-5","taxID":"76699553-5","numberOfEmployees":{"@type":"QuantitativeValue","minValue":"1","maxValue":"10"},"publishingPrinciples":"https:\/\/naturalbikes.cl\/?page_id=7843","ownershipFundingInfo":"https:\/\/naturalbikes.cl\/?page_id=7843","actionableFeedbackPolicy":"https:\/\/naturalbikes.cl\/?page_id=14797","correctionsPolicy":"https:\/\/naturalbikes.cl\/?page_id=3","ethicsPolicy":"https:\/\/naturalbikes.cl\/?page_id=7843","diversityPolicy":"https:\/\/naturalbikes.cl\/?page_id=11734","diversityStaffingReport":"https:\/\/naturalbikes.cl\/?page_id=12161"}]}},"_links":{"self":[{"href":"https:\/\/naturalbikes.cl\/index.php?rest_route=\/wp\/v2\/product\/22286"}],"collection":[{"href":"https:\/\/naturalbikes.cl\/index.php?rest_route=\/wp\/v2\/product"}],"about":[{"href":"https:\/\/naturalbikes.cl\/index.php?rest_route=\/wp\/v2\/types\/product"}],"replies":[{"embeddable":true,"href":"https:\/\/naturalbikes.cl\/index.php?rest_route=%2Fwp%2Fv2%2Fcomments&post=22286"}],"wp:featuredmedia":[{"embeddable":true,"href":"https:\/\/naturalbikes.cl\/index.php?rest_route=\/wp\/v2\/media\/22291"}],"wp:attachment":[{"href":"https:\/\/naturalbikes.cl\/index.php?rest_route=%2Fwp%2Fv2%2Fmedia&parent=22286"}],"wp:term":[{"taxonomy":"product_cat","embeddable":true,"href":"https:\/\/naturalbikes.cl\/index.php?rest_route=%2Fwp%2Fv2%2Fproduct_cat&post=22286"},{"taxonomy":"product_tag","embeddable":true,"href":"https:\/\/naturalbikes.cl\/index.php?rest_route=%2Fwp%2Fv2%2Fproduct_tag&post=22286"}],"curies":[{"name":"wp","href":"https:\/\/api.w.org\/{rel}","templated":true}]}}