{"id":22280,"date":"2025-08-10T10:23:15","date_gmt":"2025-08-10T14:23:15","guid":{"rendered":"https:\/\/naturalbikes.cl\/?post_type=product&#038;p=22280"},"modified":"2026-01-06T17:12:19","modified_gmt":"2026-01-06T20:12:19","slug":"bicicleta-orbea-rise-sl-m20-630w-20mph-carbon","status":"publish","type":"product","link":"https:\/\/naturalbikes.cl\/?product=bicicleta-orbea-rise-sl-m20-630w-20mph-carbon","title":{"rendered":"Bicicleta Orbea Rise SL M20 630W 20mph Carbon"},"content":{"rendered":"<div style=\"text-align: center;\"><img decoding=\"async\" class=\"aligncenter\" style=\"float: none;\" src=\"https:\/\/cdn.shopify.com\/s\/files\/1\/0084\/1151\/2896\/files\/orbea-logo_240x240.svg?v=1694812871\" alt=\"\" width=\"287\" height=\"31\" \/><\/div>\n<h3 style=\"text-align: center;\">THE BEST JUST GOT BETTER<\/h3>\n<p style=\"text-align: center;\"><strong>Rise est\u00e1 lista para revolucionar de nuevo el mercado de las e-bike ligeras. M\u00e1s esbelta y precisa que nunca, con m\u00e1s energ\u00eda almacenada en cada gramo. Es m\u00e1s manejable, m\u00e1s potente y tiene m\u00e1s autonom\u00eda. Nuestro renovado Rider Synergy ofrece m\u00e1s control que nunca as\u00ed como una experiencia inigualable sin importar el tipo de sendero que recorras.<\/strong><\/p>\n<p style=\"text-align: left;\"><strong><img fetchpriority=\"high\" decoding=\"async\" src=\"https:\/\/www.orbea.com\/img\/products\/product\/over\/large\/S339TTCC-SZ-FRONT-RISE_LT_MTEAM_over.jpg\" width=\"915\" height=\"791\" \/><\/strong>Encuentra el flow en cada salida. Rise Sl ofrece 140 mm de amortiguaci\u00f3n eficiente y una geometr\u00eda ideada para los senderos r\u00e1pidos donde divertirte. Nuestra bater\u00eda 420Wh viene de serie, pero puedes optar de forma opcional a la de 630Wh. El motor Shimano EP lleva nuestro \u00faltimo Rs GEN2 MC firmware que permite la forma m\u00e1s natural de pedalear.<\/p>\n<p style=\"text-align: center;\"><strong><img decoding=\"async\" src=\"https:\/\/www.orbea.com\/img\/technologies\/key_rise_sl25_tuned_rigidity.jpg\" width=\"719\" height=\"791\" \/><\/strong><\/p>\n<p style=\"text-align: left;\"><strong>Rigidez afinada \/ Manejo de alto rendimiento<\/strong><\/p>\n<p style=\"text-align: left;\">Para alcanzar el mejor manejo, las bicis necesitan la rigidez correcta en los lugares adecuados. El nuevo dise\u00f1o asim\u00e9trico del cuadro de Rise es clave para afinar la rigidez del mismo. El resultado es un rendimiento previsible cuando lo est\u00e9s dando todo.<\/p>\n<p style=\"text-align: center;\"><strong><img loading=\"lazy\" decoding=\"async\" src=\"https:\/\/www.orbea.com\/img\/technologies\/key_rise_sl25_new_rs.jpg\" width=\"719\" height=\"791\" \/><\/strong><\/p>\n<p style=\"text-align: left;\"><strong>El nuevo Rider Synergy<\/strong><\/p>\n<p style=\"text-align: left;\">Rider Synergy, (RS) es el coraz\u00f3n de Rise. La forma de asistencia m\u00e1s natural y el\u00e1stica con el mejor rango de bater\u00eda para las aventuras m\u00e1s extremas.<\/p>\n<p style=\"text-align: left;\"><img loading=\"lazy\" decoding=\"async\" style=\"display: block; margin-left: auto; margin-right: auto;\" src=\"https:\/\/www.orbea.com\/img\/technologies\/key_rise_sl25_steep_deep.jpg\" width=\"719\" height=\"791\" \/><\/p>\n<p style=\"text-align: left;\"><strong>Steep &#8216;n&#8217; Deep<\/strong><\/p>\n<p style=\"text-align: left;\">Baja el sill\u00edn al m\u00e1ximo para que tu cuerpo gane espacio donde moverse y hasta un control mayor. Con Rise puedes disponer de una tija de hasta 230 mm. \u00a1Las tijas de largo recorrido son la \u00fanica soluci\u00f3n!<\/p>\n<p style=\"text-align: left;\"><img loading=\"lazy\" decoding=\"async\" src=\"https:\/\/www.orbea.com\/img\/technologies\/key_rise_sl25_further.jpg\" width=\"719\" height=\"791\" \/><\/p>\n<p style=\"text-align: left;\"><strong>M\u00e1s lejos, m\u00e1s r\u00e1pido<\/strong><\/p>\n<p style=\"text-align: left;\">La asistencia natural RS Gen2 trabaja contigo, involucr\u00e1ndote en la salida, proporcionando asistencia cuando la necesitas y ahorrando bater\u00eda cuando no.<\/p>\n<p style=\"text-align: left;\"><img loading=\"lazy\" decoding=\"async\" src=\"https:\/\/www.orbea.com\/img\/technologies\/key_rise_sl25_shock_extender.jpg\" width=\"719\" height=\"791\" \/><\/p>\n<p style=\"text-align: left;\"><strong>Extensor en carbono del amortiguador<\/strong><\/p>\n<p style=\"text-align: left;\">El extensor en carbono del amortiguador maximiza la rigidez y minimiza el peso. Son detalles como \u00e9ste los que explican por qu\u00e9 Rise es tan ligera y se maneja tan bien.<\/p>\n<p style=\"text-align: left;\"><strong>ESPECIFICACIONE<\/strong><strong>S<\/strong><\/p>\n<p><strong>Cuadro<\/strong><br \/>\nOrbea Rise SL OMR 2025, 140mm travel, 29&#8243; wheels, Concentric Boost 12&#215;148<\/p>\n<p><strong>Amortiguador<\/strong><br \/>\nFox Float Performance 2-Pos Evol LV custom tune 210x50mm<\/p>\n<p><strong>Horquilla<\/strong><br \/>\nFox 34 Float Performance 140 Grip 3-Pos QR15x110<\/p>\n<p><strong>Direccion<\/strong><br \/>\nAlloy 1-1\/2&#8243;, Black Oxidated Bearing<\/p>\n<p><strong>Bater\u00eda<\/strong><br \/>\nOrbea Internal 420Wh<\/p>\n<p><strong>RANGE EXTENDER<\/strong><br \/>\nNo<\/p>\n<p><strong>Motor<\/strong><br \/>\nShimano EP600 RS Gen2 MC<\/p>\n<p><strong>Display<\/strong><br \/>\nNo<\/p>\n<p><strong>CARGADOR<\/strong><br \/>\nOrbea 2.Generation eBike Smart charger 42V\/2-4A<\/p>\n<p><strong>Remoto<\/strong><br \/>\nEN600-L<\/p>\n<p><strong>Plato<\/strong><br \/>\ne*thirteen Helix Core e*spec Direct Mount 32T 55mm ChainLine<\/p>\n<p><strong>Biela<\/strong><br \/>\nShimano Steps EM600, 165mm<\/p>\n<p><strong>Manetas<\/strong><br \/>\nShimano SLX M7100 I-Spec EV<\/p>\n<p><strong>Pi\u00f1on<\/strong><br \/>\nShimano CS-M7100 10-51t 12-Speed<\/p>\n<p><strong>Cambio<\/strong><br \/>\nShimano SLX M7100 SGS Shadow Plus<\/p>\n<p><strong>Cadena<\/strong><br \/>\nShimano M6100<\/p>\n<p><strong>Guiacadena<\/strong><br \/>\nOrbea eBike chainguide<\/p>\n<p><strong>Manillar<\/strong><br \/>\nOC Mountain Control MC31, Rise20, Width 800<\/p>\n<p><strong>Potencia<\/strong><br \/>\nOC Mountain Control MC20, 0\u00ba, 50mm<\/p>\n<p><strong>Computer Mount<\/strong><br \/>\nOC Computer Mount CM-05, Garmin\/Sigma<\/p>\n<p><strong>Freno<\/strong><br \/>\nShimano M6100 Hydraulic Disc<\/p>\n<p><strong>Discos<\/strong><br \/>\nShimano RT64 Rotors 180mm front \/ 180mm rear<\/p>\n<p><strong>Rueda<\/strong><br \/>\nRace Face AR 30c Tubeless Ready<\/p>\n<p><strong>Cubierta<\/strong><br \/>\nSchwalbe Wicked Will Evo TLE, 29&#215;2.40 Super Race, Speed Grip, Addix, Brown<\/p>\n<p><strong>Componentes<\/strong><br \/>\nTija sillin<br \/>\nOC Mountain Control MC22, 31.6mm, Dropper<\/p>\n<p><strong>Remoto de Tija<\/strong><br \/>\nShimano SL-MT500 I-Spec EV<\/p>\n<p><strong>Sillin<\/strong><br \/>\nFizik Terra Ridon X5 145mm<\/p>\n<p><strong>Pu\u00f1os<\/strong><br \/>\nOC Lock On<\/p>\n","protected":false},"excerpt":{"rendered":"<p><img decoding=\"async\" class=\"aligncenter\" style=\"float: none;\" src=\"https:\/\/cdn.shopify.com\/s\/files\/1\/0084\/1151\/2896\/files\/orbea-logo_240x240.svg?v=1694812871\" alt=\"\" width=\"287\" height=\"31\" \/><\/p>\n<p><strong>La Orbea Rise SL M20 630W 20mph Carbon es la e-MTB ligera y eficiente que estabas esperando. Su cuadro de carbono, motor Shimano EP8 y bater\u00eda integrada te permiten escalar cualquier monta\u00f1a sin esfuerzo.<\/strong><\/p>\n","protected":false},"featured_media":21837,"comment_status":"open","ping_status":"closed","template":"","meta":[],"product_cat":[201,195,300],"product_tag":[813,815,822,839],"class_list":{"0":"post-22280","1":"product","2":"type-product","3":"status-publish","4":"has-post-thumbnail","6":"product_brand-orbea","7":"product_cat-bicicleta-electrica","8":"product_cat-bicicletas","9":"product_cat-orbea-bicicleta-electrica","10":"product_tag-bicicleta-electrica","11":"product_tag-ebike","12":"product_tag-orbea","13":"product_tag-wild","15":"first","16":"instock","17":"taxable","18":"shipping-taxable","19":"purchasable","20":"product-type-variable","21":"rtwpvg-product"},"yoast_head":"<!-- This site is optimized with the Yoast SEO Premium plugin v24.8 (Yoast SEO v25.6) - https:\/\/yoast.com\/wordpress\/plugins\/seo\/ -->\n<title>Orbea Rise SL M20 630W 20mph: La e-MTB ligera y eficiente<\/title>\n<meta name=\"description\" content=\"La Orbea Rise SL M20 630W 20mph Carbon es la e-MTB ligera y eficiente que estabas esperando. Su cuadro de carbono, motor Shimano EP8 y bater\u00eda integrada te permiten escalar cualquier monta\u00f1a sin esfuerzo.\" \/>\n<meta name=\"robots\" content=\"index, follow, max-snippet:-1, max-image-preview:large, max-video-preview:-1\" \/>\n<link rel=\"canonical\" href=\"https:\/\/naturalbikes.cl\/?product=bicicleta-orbea-rise-sl-m20-630w-20mph-carbon\" \/>\n<meta property=\"og:locale\" content=\"es_ES\" \/>\n<meta property=\"og:type\" content=\"article\" \/>\n<meta property=\"og:title\" content=\"Bicicleta Orbea Rise SL M20 630W 20mph Carbon\" \/>\n<meta property=\"og:description\" content=\"Ofrecer a nuestros clientes apasionados por el ciclismo de monta\u00f1a la mejor experiencia en productos, conocimientos especializados y servicios excepcionales. Nos comprometemos a proporcionar una amplia gama de bicicletas, accesorios y equipo de alta calidad, junto con asesoramiento experto y atenci\u00f3n personalizada para cada ciclista, para que puedan explorar, disfrutar y maximizar su aventura en el mundo del MTB\" \/>\n<meta property=\"og:url\" content=\"https:\/\/naturalbikes.cl\/?product=bicicleta-orbea-rise-sl-m20-630w-20mph-carbon\" \/>\n<meta property=\"og:site_name\" content=\"NaturalBikes\" \/>\n<meta property=\"article:publisher\" content=\"https:\/\/www.facebook.com\/naturalbikescl\" \/>\n<meta property=\"article:modified_time\" content=\"2026-01-06T20:12:19+00:00\" \/>\n<meta property=\"og:image\" content=\"https:\/\/naturalbikes.cl\/wp-content\/uploads\/2025\/01\/S330TTCC-SZ-SIDE-RISE_SL_M20_over_1200x.jpg.webp\" \/>\n\t<meta property=\"og:image:width\" content=\"1200\" \/>\n\t<meta property=\"og:image:height\" content=\"1037\" \/>\n\t<meta property=\"og:image:type\" content=\"image\/webp\" \/>\n<meta name=\"twitter:card\" content=\"summary_large_image\" \/>\n<meta name=\"twitter:label1\" content=\"Tiempo de lectura\" \/>\n\t<meta name=\"twitter:data1\" content=\"4 minutos\" \/>\n<script type=\"application\/ld+json\" class=\"yoast-schema-graph\">{\"@context\":\"https:\/\/schema.org\",\"@graph\":[{\"@type\":\"WebPage\",\"@id\":\"https:\/\/naturalbikes.cl\/?product=bicicleta-orbea-rise-sl-m20-630w-20mph-carbon\",\"url\":\"https:\/\/naturalbikes.cl\/?product=bicicleta-orbea-rise-sl-m20-630w-20mph-carbon\",\"name\":\"Orbea Rise SL M20 630W 20mph: La e-MTB ligera y eficiente\",\"isPartOf\":{\"@id\":\"https:\/\/naturalbikes.cl\/#website\"},\"primaryImageOfPage\":{\"@id\":\"https:\/\/naturalbikes.cl\/?product=bicicleta-orbea-rise-sl-m20-630w-20mph-carbon#primaryimage\"},\"image\":{\"@id\":\"https:\/\/naturalbikes.cl\/?product=bicicleta-orbea-rise-sl-m20-630w-20mph-carbon#primaryimage\"},\"thumbnailUrl\":\"https:\/\/naturalbikes.cl\/wp-content\/uploads\/2025\/01\/S330TTCC-SZ-SIDE-RISE_SL_M20_over_1200x.jpg.webp\",\"datePublished\":\"2025-08-10T14:23:15+00:00\",\"dateModified\":\"2026-01-06T20:12:19+00:00\",\"description\":\"La Orbea Rise SL M20 630W 20mph Carbon es la e-MTB ligera y eficiente que estabas esperando. Su cuadro de carbono, motor Shimano EP8 y bater\u00eda integrada te permiten escalar cualquier monta\u00f1a sin esfuerzo.\",\"breadcrumb\":{\"@id\":\"https:\/\/naturalbikes.cl\/?product=bicicleta-orbea-rise-sl-m20-630w-20mph-carbon#breadcrumb\"},\"inLanguage\":\"es\",\"potentialAction\":[{\"@type\":\"ReadAction\",\"target\":[\"https:\/\/naturalbikes.cl\/?product=bicicleta-orbea-rise-sl-m20-630w-20mph-carbon\"]}]},{\"@type\":\"ImageObject\",\"inLanguage\":\"es\",\"@id\":\"https:\/\/naturalbikes.cl\/?product=bicicleta-orbea-rise-sl-m20-630w-20mph-carbon#primaryimage\",\"url\":\"https:\/\/naturalbikes.cl\/wp-content\/uploads\/2025\/01\/S330TTCC-SZ-SIDE-RISE_SL_M20_over_1200x.jpg.webp\",\"contentUrl\":\"https:\/\/naturalbikes.cl\/wp-content\/uploads\/2025\/01\/S330TTCC-SZ-SIDE-RISE_SL_M20_over_1200x.jpg.webp\",\"width\":1200,\"height\":1037},{\"@type\":\"BreadcrumbList\",\"@id\":\"https:\/\/naturalbikes.cl\/?product=bicicleta-orbea-rise-sl-m20-630w-20mph-carbon#breadcrumb\",\"itemListElement\":[{\"@type\":\"ListItem\",\"position\":1,\"name\":\"Portada\",\"item\":\"https:\/\/naturalbikes.cl\/\"},{\"@type\":\"ListItem\",\"position\":2,\"name\":\"Tienda NB\",\"item\":\"https:\/\/naturalbikes.cl\/?page_id=7843\"},{\"@type\":\"ListItem\",\"position\":3,\"name\":\"Orbea\",\"item\":\"https:\/\/naturalbikes.cl\/?product_brand=orbea\"},{\"@type\":\"ListItem\",\"position\":4,\"name\":\"Bicicleta Orbea Rise SL M20 630W 20mph Carbon\"}]},{\"@type\":\"WebSite\",\"@id\":\"https:\/\/naturalbikes.cl\/#website\",\"url\":\"https:\/\/naturalbikes.cl\/\",\"name\":\"Natural Bikes\",\"description\":\"Tienda de bicicletas repuestos accesorios taller mantenimiento clases salidas\",\"publisher\":{\"@id\":\"https:\/\/naturalbikes.cl\/#organization\"},\"alternateName\":\"Natural Bikes\",\"potentialAction\":[{\"@type\":\"SearchAction\",\"target\":{\"@type\":\"EntryPoint\",\"urlTemplate\":\"https:\/\/naturalbikes.cl\/?s={search_term_string}\"},\"query-input\":{\"@type\":\"PropertyValueSpecification\",\"valueRequired\":true,\"valueName\":\"search_term_string\"}}],\"inLanguage\":\"es\"},{\"@type\":\"Organization\",\"@id\":\"https:\/\/naturalbikes.cl\/#organization\",\"name\":\"Natural Bikes\",\"alternateName\":\"Natural Bikes\",\"url\":\"https:\/\/naturalbikes.cl\/\",\"logo\":{\"@type\":\"ImageObject\",\"inLanguage\":\"es\",\"@id\":\"https:\/\/naturalbikes.cl\/#\/schema\/logo\/image\/\",\"url\":\"https:\/\/naturalbikes.cl\/wp-content\/uploads\/2024\/05\/2023-10-10-10.44.12.jpg\",\"contentUrl\":\"https:\/\/naturalbikes.cl\/wp-content\/uploads\/2024\/05\/2023-10-10-10.44.12.jpg\",\"width\":650,\"height\":650,\"caption\":\"Natural Bikes\"},\"image\":{\"@id\":\"https:\/\/naturalbikes.cl\/#\/schema\/logo\/image\/\"},\"sameAs\":[\"https:\/\/www.facebook.com\/naturalbikescl\",\"https:\/\/www.instagram.com\/natural.bikes\",\"https:\/\/www.tiktok.com\/@natural.bikes\"],\"description\":\"Ofrecer a nuestros clientes apasionados por el ciclismo de monta\u00f1a la mejor experiencia en productos, conocimientos especializados y servicios excepcionales. Nos comprometemos a proporcionar una amplia gama de bicicletas, accesorios y equipo de alta calidad, junto con asesoramiento experto y atenci\u00f3n personalizada para cada ciclista, para que puedan explorar, disfrutar y maximizar su aventura en el mundo del MTB\",\"email\":\"naturalbikes1@gmail.com\",\"telephone\":\"56977043878\",\"legalName\":\"Natural Bikes Limitada\",\"foundingDate\":\"2024-01-01\",\"vatID\":\"76699553-5\",\"taxID\":\"76699553-5\",\"numberOfEmployees\":{\"@type\":\"QuantitativeValue\",\"minValue\":\"1\",\"maxValue\":\"10\"},\"publishingPrinciples\":\"https:\/\/naturalbikes.cl\/?page_id=7843\",\"ownershipFundingInfo\":\"https:\/\/naturalbikes.cl\/?page_id=7843\",\"actionableFeedbackPolicy\":\"https:\/\/naturalbikes.cl\/?page_id=14797\",\"correctionsPolicy\":\"https:\/\/naturalbikes.cl\/?page_id=3\",\"ethicsPolicy\":\"https:\/\/naturalbikes.cl\/?page_id=7843\",\"diversityPolicy\":\"https:\/\/naturalbikes.cl\/?page_id=11734\",\"diversityStaffingReport\":\"https:\/\/naturalbikes.cl\/?page_id=12161\"}]}<\/script>\n<!-- \/ Yoast SEO Premium plugin. -->","yoast_head_json":{"title":"Orbea Rise SL M20 630W 20mph: La e-MTB ligera y eficiente","description":"La Orbea Rise SL M20 630W 20mph Carbon es la e-MTB ligera y eficiente que estabas esperando. Su cuadro de carbono, motor Shimano EP8 y bater\u00eda integrada te permiten escalar cualquier monta\u00f1a sin esfuerzo.","robots":{"index":"index","follow":"follow","max-snippet":"max-snippet:-1","max-image-preview":"max-image-preview:large","max-video-preview":"max-video-preview:-1"},"canonical":"https:\/\/naturalbikes.cl\/?product=bicicleta-orbea-rise-sl-m20-630w-20mph-carbon","og_locale":"es_ES","og_type":"article","og_title":"Bicicleta Orbea Rise SL M20 630W 20mph Carbon","og_description":"Ofrecer a nuestros clientes apasionados por el ciclismo de monta\u00f1a la mejor experiencia en productos, conocimientos especializados y servicios excepcionales. Nos comprometemos a proporcionar una amplia gama de bicicletas, accesorios y equipo de alta calidad, junto con asesoramiento experto y atenci\u00f3n personalizada para cada ciclista, para que puedan explorar, disfrutar y maximizar su aventura en el mundo del MTB","og_url":"https:\/\/naturalbikes.cl\/?product=bicicleta-orbea-rise-sl-m20-630w-20mph-carbon","og_site_name":"NaturalBikes","article_publisher":"https:\/\/www.facebook.com\/naturalbikescl","article_modified_time":"2026-01-06T20:12:19+00:00","og_image":[{"width":1200,"height":1037,"url":"https:\/\/naturalbikes.cl\/wp-content\/uploads\/2025\/01\/S330TTCC-SZ-SIDE-RISE_SL_M20_over_1200x.jpg.webp","type":"image\/webp"}],"twitter_card":"summary_large_image","twitter_misc":{"Tiempo de lectura":"4 minutos"},"schema":{"@context":"https:\/\/schema.org","@graph":[{"@type":"WebPage","@id":"https:\/\/naturalbikes.cl\/?product=bicicleta-orbea-rise-sl-m20-630w-20mph-carbon","url":"https:\/\/naturalbikes.cl\/?product=bicicleta-orbea-rise-sl-m20-630w-20mph-carbon","name":"Orbea Rise SL M20 630W 20mph: La e-MTB ligera y eficiente","isPartOf":{"@id":"https:\/\/naturalbikes.cl\/#website"},"primaryImageOfPage":{"@id":"https:\/\/naturalbikes.cl\/?product=bicicleta-orbea-rise-sl-m20-630w-20mph-carbon#primaryimage"},"image":{"@id":"https:\/\/naturalbikes.cl\/?product=bicicleta-orbea-rise-sl-m20-630w-20mph-carbon#primaryimage"},"thumbnailUrl":"https:\/\/naturalbikes.cl\/wp-content\/uploads\/2025\/01\/S330TTCC-SZ-SIDE-RISE_SL_M20_over_1200x.jpg.webp","datePublished":"2025-08-10T14:23:15+00:00","dateModified":"2026-01-06T20:12:19+00:00","description":"La Orbea Rise SL M20 630W 20mph Carbon es la e-MTB ligera y eficiente que estabas esperando. Su cuadro de carbono, motor Shimano EP8 y bater\u00eda integrada te permiten escalar cualquier monta\u00f1a sin esfuerzo.","breadcrumb":{"@id":"https:\/\/naturalbikes.cl\/?product=bicicleta-orbea-rise-sl-m20-630w-20mph-carbon#breadcrumb"},"inLanguage":"es","potentialAction":[{"@type":"ReadAction","target":["https:\/\/naturalbikes.cl\/?product=bicicleta-orbea-rise-sl-m20-630w-20mph-carbon"]}]},{"@type":"ImageObject","inLanguage":"es","@id":"https:\/\/naturalbikes.cl\/?product=bicicleta-orbea-rise-sl-m20-630w-20mph-carbon#primaryimage","url":"https:\/\/naturalbikes.cl\/wp-content\/uploads\/2025\/01\/S330TTCC-SZ-SIDE-RISE_SL_M20_over_1200x.jpg.webp","contentUrl":"https:\/\/naturalbikes.cl\/wp-content\/uploads\/2025\/01\/S330TTCC-SZ-SIDE-RISE_SL_M20_over_1200x.jpg.webp","width":1200,"height":1037},{"@type":"BreadcrumbList","@id":"https:\/\/naturalbikes.cl\/?product=bicicleta-orbea-rise-sl-m20-630w-20mph-carbon#breadcrumb","itemListElement":[{"@type":"ListItem","position":1,"name":"Portada","item":"https:\/\/naturalbikes.cl\/"},{"@type":"ListItem","position":2,"name":"Tienda NB","item":"https:\/\/naturalbikes.cl\/?page_id=7843"},{"@type":"ListItem","position":3,"name":"Orbea","item":"https:\/\/naturalbikes.cl\/?product_brand=orbea"},{"@type":"ListItem","position":4,"name":"Bicicleta Orbea Rise SL M20 630W 20mph Carbon"}]},{"@type":"WebSite","@id":"https:\/\/naturalbikes.cl\/#website","url":"https:\/\/naturalbikes.cl\/","name":"Natural Bikes","description":"Tienda de bicicletas repuestos accesorios taller mantenimiento clases salidas","publisher":{"@id":"https:\/\/naturalbikes.cl\/#organization"},"alternateName":"Natural Bikes","potentialAction":[{"@type":"SearchAction","target":{"@type":"EntryPoint","urlTemplate":"https:\/\/naturalbikes.cl\/?s={search_term_string}"},"query-input":{"@type":"PropertyValueSpecification","valueRequired":true,"valueName":"search_term_string"}}],"inLanguage":"es"},{"@type":"Organization","@id":"https:\/\/naturalbikes.cl\/#organization","name":"Natural Bikes","alternateName":"Natural Bikes","url":"https:\/\/naturalbikes.cl\/","logo":{"@type":"ImageObject","inLanguage":"es","@id":"https:\/\/naturalbikes.cl\/#\/schema\/logo\/image\/","url":"https:\/\/naturalbikes.cl\/wp-content\/uploads\/2024\/05\/2023-10-10-10.44.12.jpg","contentUrl":"https:\/\/naturalbikes.cl\/wp-content\/uploads\/2024\/05\/2023-10-10-10.44.12.jpg","width":650,"height":650,"caption":"Natural Bikes"},"image":{"@id":"https:\/\/naturalbikes.cl\/#\/schema\/logo\/image\/"},"sameAs":["https:\/\/www.facebook.com\/naturalbikescl","https:\/\/www.instagram.com\/natural.bikes","https:\/\/www.tiktok.com\/@natural.bikes"],"description":"Ofrecer a nuestros clientes apasionados por el ciclismo de monta\u00f1a la mejor experiencia en productos, conocimientos especializados y servicios excepcionales. Nos comprometemos a proporcionar una amplia gama de bicicletas, accesorios y equipo de alta calidad, junto con asesoramiento experto y atenci\u00f3n personalizada para cada ciclista, para que puedan explorar, disfrutar y maximizar su aventura en el mundo del MTB","email":"naturalbikes1@gmail.com","telephone":"56977043878","legalName":"Natural Bikes Limitada","foundingDate":"2024-01-01","vatID":"76699553-5","taxID":"76699553-5","numberOfEmployees":{"@type":"QuantitativeValue","minValue":"1","maxValue":"10"},"publishingPrinciples":"https:\/\/naturalbikes.cl\/?page_id=7843","ownershipFundingInfo":"https:\/\/naturalbikes.cl\/?page_id=7843","actionableFeedbackPolicy":"https:\/\/naturalbikes.cl\/?page_id=14797","correctionsPolicy":"https:\/\/naturalbikes.cl\/?page_id=3","ethicsPolicy":"https:\/\/naturalbikes.cl\/?page_id=7843","diversityPolicy":"https:\/\/naturalbikes.cl\/?page_id=11734","diversityStaffingReport":"https:\/\/naturalbikes.cl\/?page_id=12161"}]}},"_links":{"self":[{"href":"https:\/\/naturalbikes.cl\/index.php?rest_route=\/wp\/v2\/product\/22280"}],"collection":[{"href":"https:\/\/naturalbikes.cl\/index.php?rest_route=\/wp\/v2\/product"}],"about":[{"href":"https:\/\/naturalbikes.cl\/index.php?rest_route=\/wp\/v2\/types\/product"}],"replies":[{"embeddable":true,"href":"https:\/\/naturalbikes.cl\/index.php?rest_route=%2Fwp%2Fv2%2Fcomments&post=22280"}],"wp:featuredmedia":[{"embeddable":true,"href":"https:\/\/naturalbikes.cl\/index.php?rest_route=\/wp\/v2\/media\/21837"}],"wp:attachment":[{"href":"https:\/\/naturalbikes.cl\/index.php?rest_route=%2Fwp%2Fv2%2Fmedia&parent=22280"}],"wp:term":[{"taxonomy":"product_cat","embeddable":true,"href":"https:\/\/naturalbikes.cl\/index.php?rest_route=%2Fwp%2Fv2%2Fproduct_cat&post=22280"},{"taxonomy":"product_tag","embeddable":true,"href":"https:\/\/naturalbikes.cl\/index.php?rest_route=%2Fwp%2Fv2%2Fproduct_tag&post=22280"}],"curies":[{"name":"wp","href":"https:\/\/api.w.org\/{rel}","templated":true}]}}