{"id":22140,"date":"2025-04-20T22:20:46","date_gmt":"2025-04-21T02:20:46","guid":{"rendered":"https:\/\/naturalbikes.cl\/?post_type=product&#038;p=22140"},"modified":"2026-01-06T17:12:16","modified_gmt":"2026-01-06T20:12:16","slug":"bicicleta-kaius-01-three","status":"publish","type":"product","link":"https:\/\/naturalbikes.cl\/?product=bicicleta-kaius-01-three","title":{"rendered":"Bicicleta BMC Kaius 01 THREE"},"content":{"rendered":"<p><img decoding=\"async\" class=\"size-medium wp-image-22134 aligncenter\" src=\"https:\/\/naturalbikes.cl\/wp-content\/uploads\/2025\/04\/descarga-300x115.png\" alt=\"\" width=\"300\" height=\"115\" srcset=\"https:\/\/naturalbikes.cl\/wp-content\/uploads\/2025\/04\/descarga-300x115.png 300w, https:\/\/naturalbikes.cl\/wp-content\/uploads\/2025\/04\/descarga.png 362w\" sizes=\"(max-width: 300px) 100vw, 300px\" \/><\/p>\n<h2 class=\"section-header__title\" style=\"text-align: center;\">Descripci\u00f3n t\u00e9cnica<\/h2>\n<p>Kaius es una bicicleta gravel de carbono Premium desarrollada para ser el perfecto compa\u00f1ero de carreras por cualquier terreno. Su exclusivo laminado de carbono y su geometr\u00eda espec\u00edfica para el gravel, garantizan el perfecto equilibrio entre rigidez, ligereza y una optima capacidad de absorci\u00f3n, para proporcionar una optima tracci\u00f3n sobre superficies sueltas, estabilidad en el tren delantero y una destreza sin igual en las subidas. Aprovechando la precisi\u00f3n y rendimiento de nuestras reconocidas tecnolog\u00edas aplicadas al ciclismo de carretera, Kaius es una m\u00e1quina de competici\u00f3n perfectamente adaptada a la longitud de onda del gravel, con su espec\u00edfica horquilla Kaius, nuestra potencia ICS2 y un manillar convencional, el ajuste de absorci\u00f3n TCC Race, compatibilidad para transmisiones 1x y 2x y espacio para poder montar neum\u00e1ticos de hasta 44 mm de ancho.<\/p>\n<div class=\"specs__section\">\n<h4 class=\"specs__section-title\">Cuadro<\/h4>\n<div class=\"specs__info\">\n<p><b>Cuadro:<\/b><br \/>\nKaius 01 Premium Carbon with Aerocore Design | ICS Technology Stealth Cable Routing | Stealth Dropout Design | TCC Race Compliance Level | Flat Mount Disc | 12 x 142mm Thru-Axle<\/p>\n<p><b>Horquilla:<\/b><br \/>\nKaius 01 Premium Carbon | ICS Technology, Stealth Cable Routing | TCC Race Compliance Level | Stealth Dropout Design | Flat Mount Disc | 12 x 100mm Thru-Axle<\/p>\n<p>&nbsp;<\/p>\n<\/div>\n<\/div>\n<div class=\"specs__section\">\n<h4 class=\"specs__section-title\">Cockpit<\/h4>\n<div class=\"specs__info\">\n<p><b>Potencia:<\/b><br \/>\nBMC ICS2 | Integrated Cockpit System Technology<\/p>\n<p><b>Manillar:<\/b><br \/>\nBMC RAB 03 | Ergo Top Shape | Compact Bend<\/p>\n<p>&nbsp;<\/p>\n<\/div>\n<\/div>\n<div class=\"specs__section\">\n<h4 class=\"specs__section-title\">Seat<\/h4>\n<div class=\"specs__info\">\n<p><b>Tija de Sill\u00edn:<\/b><br \/>\nKaius 01 Premium Carbon D-Shaped Seatpost | 15mm Offset | D-Fender Compatible<\/p>\n<p><b>Sill\u00edn:<\/b><br \/>\nFizik Vento Argo R5 | 140mm<\/p>\n<p>&nbsp;<\/p>\n<\/div>\n<\/div>\n<div class=\"specs__section\">\n<h4 class=\"specs__section-title\">Transmisi\u00f3n<\/h4>\n<div class=\"specs__info\">\n<p><b>Platos y Bielas:<\/b><br \/>\nSRAM Rival DUB WIDE<\/p>\n<p><b>Platos:<\/b><br \/>\n43-30T<\/p>\n<p><b>Cassette:<\/b><br \/>\nSRAM Rival AXS XG-1250<\/p>\n<p><b>Tama\u00f1o del cassette:<\/b><br \/>\n10-36T<\/p>\n<p><b>Cadena:<\/b><br \/>\nSRAM Rival<\/p>\n<p><b>Desviador Delantero:<\/b><br \/>\nSRAM Rival eTap AXS WIDE<\/p>\n<p><b>Cambio Trasero:<\/b><br \/>\nSRAM Rival eTap AXS WIDE<\/p>\n<p><b>Manetas de Cambio:<\/b><br \/>\nSRAM Rival eTap AXS HRD<\/p>\n<p><b>Marchas:<\/b><br \/>\n2 x 12<\/p>\n<p><b>Pedalier:<\/b><br \/>\nPF86 Bottom Bracket<\/p>\n<p>&nbsp;<\/p>\n<\/div>\n<\/div>\n<div class=\"specs__section\">\n<h4 class=\"specs__section-title\">Frenos<\/h4>\n<div class=\"specs__info\">\n<p><b>Pinzas de Freno:<\/b><br \/>\nSRAM Rival eTap AXS HRD<\/p>\n<p><b>Discos:<\/b><br \/>\nSRAM Paceline | Centerlock<\/p>\n<p><b>Tama\u00f1o del disco:<\/b><br \/>\n160 \/ 160mm<\/p>\n<p>&nbsp;<\/p>\n<\/div>\n<\/div>\n<div class=\"specs__section\">\n<h4 class=\"specs__section-title\">Ruedas<\/h4>\n<div class=\"specs__info\">\n<p><b>Llantas:<\/b><br \/>\nCRD-400 Carbon | Tubeless Ready | 40mm<\/p>\n<p><b>Bujes:<\/b><br \/>\nCRD-400<\/p>\n<p><b>Neum\u00e1ticos:<\/b><br \/>\nPirelli Cinturato Gravel H | 40mm<\/p>\n<p><b>Informaci\u00f3n Tubeless:<\/b><br \/>\nTubeless Ready Rims | Tubetype Tires<\/p>\n<p>&nbsp;<\/p>\n<\/div>\n<\/div>\n<div class=\"specs__section\">\n<h4 class=\"specs__section-title\">Accesorios<\/h4>\n<div class=\"specs__info\">\n<p><b>En la caja:<\/b><br \/>\nAerocore Bottle Cages<\/p>\n<\/div>\n<\/div>\n<div class=\"specs__section\">\n<h4 class=\"specs__section-title\">Informaci\u00f3n adicional<\/h4>\n<div class=\"specs__info\">\n<p><b>Paso de rueda:<\/b><br \/>\n44mm<\/p>\n<p><b>Peso sin pedales:<\/b><br \/>\n8.9 Kg<\/p>\n<p><b>Clasificaci\u00f3n ASTM:<\/b><br \/>\nLevel 2<\/p>\n<p><b>L\u00edmite de peso del sistema:<\/b><br \/>\n120kg<\/p>\n<\/div>\n<\/div>\n","protected":false},"excerpt":{"rendered":"<p><a href=\"https:\/\/naturalbikes.cl\/wp-content\/uploads\/2025\/04\/descarga.png\"><img decoding=\"async\" class=\"size-medium wp-image-22134 alignleft\" src=\"https:\/\/naturalbikes.cl\/wp-content\/uploads\/2025\/04\/descarga-300x115.png\" alt=\"\" width=\"300\" height=\"115\" srcset=\"https:\/\/naturalbikes.cl\/wp-content\/uploads\/2025\/04\/descarga-300x115.png 300w, https:\/\/naturalbikes.cl\/wp-content\/uploads\/2025\/04\/descarga.png 362w\" sizes=\"(max-width: 300px) 100vw, 300px\" \/><\/a><\/p>\n<p>Kaius es una bicicleta gravel de carbono Premium desarrollada para ser el perfecto compa\u00f1ero de carreras por cualquier terreno. Su exclusivo laminado de carbono y su geometr\u00eda espec\u00edfica para el gravel, garantizan el perfecto equilibrio entre rigidez, ligereza y una optima capacidad de absorci\u00f3n, para proporcionar una optima tracci\u00f3n sobre superficies sueltas, estabilidad en el tren delantero y una destreza sin igual en las subidas.<\/p>\n","protected":false},"featured_media":22142,"comment_status":"open","ping_status":"closed","template":"","meta":[],"product_cat":[205,195,411],"product_tag":[1452,1210,819,1454],"class_list":{"0":"post-22140","1":"product","2":"type-product","3":"status-publish","4":"has-post-thumbnail","6":"product_brand-bmc","7":"product_cat-bicicleta-gravel","8":"product_cat-bicicletas","9":"product_cat-bmc","10":"product_tag-bicicleta-bmc","11":"product_tag-bicicleta-carbono","12":"product_tag-bicicleta-gravel","13":"product_tag-bmc-kaius-01-three","15":"first","16":"instock","17":"taxable","18":"shipping-taxable","19":"purchasable","20":"product-type-variable","21":"rtwpvg-product"},"yoast_head":"<!-- This site is optimized with the Yoast SEO Premium plugin v24.8 (Yoast SEO v25.6) - https:\/\/yoast.com\/wordpress\/plugins\/seo\/ -->\n<title>Bicicleta BMC Kaius 01 THREE - NaturalBikes<\/title>\n<meta name=\"description\" content=\"Kaius es una bicicleta gravel de carbono Premium desarrollada para ser el perfecto compa\u00f1ero de carreras por cualquier terreno. Su exclusivo laminado de carbono y su geometr\u00eda espec\u00edfica para el gravel, garantizan el perfecto equilibrio entre rigidez, ligereza y una optima capacidad de absorci\u00f3n, para proporcionar una optima tracci\u00f3n sobre superficies sueltas, estabilidad en el tren delantero y una destreza sin igual en las subidas.\" \/>\n<meta name=\"robots\" content=\"index, follow, max-snippet:-1, max-image-preview:large, max-video-preview:-1\" \/>\n<link rel=\"canonical\" href=\"https:\/\/naturalbikes.cl\/?product=bicicleta-kaius-01-three\" \/>\n<meta property=\"og:locale\" content=\"es_ES\" \/>\n<meta property=\"og:type\" content=\"article\" \/>\n<meta property=\"og:title\" content=\"Bicicleta BMC Kaius 01 THREE\" \/>\n<meta property=\"og:description\" content=\"Ofrecer a nuestros clientes apasionados por el ciclismo de monta\u00f1a la mejor experiencia en productos, conocimientos especializados y servicios excepcionales. Nos comprometemos a proporcionar una amplia gama de bicicletas, accesorios y equipo de alta calidad, junto con asesoramiento experto y atenci\u00f3n personalizada para cada ciclista, para que puedan explorar, disfrutar y maximizar su aventura en el mundo del MTB\" \/>\n<meta property=\"og:url\" content=\"https:\/\/naturalbikes.cl\/?product=bicicleta-kaius-01-three\" \/>\n<meta property=\"og:site_name\" content=\"NaturalBikes\" \/>\n<meta property=\"article:publisher\" content=\"https:\/\/www.facebook.com\/naturalbikescl\" \/>\n<meta property=\"article:modified_time\" content=\"2026-01-06T20:12:16+00:00\" \/>\n<meta property=\"og:image\" content=\"https:\/\/naturalbikes.cl\/wp-content\/uploads\/2025\/04\/d68ff78e-794e-412c-a6c5-15387ca25da8_1800x1800.webp\" \/>\n\t<meta property=\"og:image:width\" content=\"1800\" \/>\n\t<meta property=\"og:image:height\" content=\"1012\" \/>\n\t<meta property=\"og:image:type\" content=\"image\/webp\" \/>\n<meta name=\"twitter:card\" content=\"summary_large_image\" \/>\n<meta name=\"twitter:label1\" content=\"Tiempo de lectura\" \/>\n\t<meta name=\"twitter:data1\" content=\"3 minutos\" \/>\n<script type=\"application\/ld+json\" class=\"yoast-schema-graph\">{\"@context\":\"https:\/\/schema.org\",\"@graph\":[{\"@type\":\"WebPage\",\"@id\":\"https:\/\/naturalbikes.cl\/?product=bicicleta-kaius-01-three\",\"url\":\"https:\/\/naturalbikes.cl\/?product=bicicleta-kaius-01-three\",\"name\":\"Bicicleta BMC Kaius 01 THREE - NaturalBikes\",\"isPartOf\":{\"@id\":\"https:\/\/naturalbikes.cl\/#website\"},\"primaryImageOfPage\":{\"@id\":\"https:\/\/naturalbikes.cl\/?product=bicicleta-kaius-01-three#primaryimage\"},\"image\":{\"@id\":\"https:\/\/naturalbikes.cl\/?product=bicicleta-kaius-01-three#primaryimage\"},\"thumbnailUrl\":\"https:\/\/naturalbikes.cl\/wp-content\/uploads\/2025\/04\/d68ff78e-794e-412c-a6c5-15387ca25da8_1800x1800.webp\",\"datePublished\":\"2025-04-21T02:20:46+00:00\",\"dateModified\":\"2026-01-06T20:12:16+00:00\",\"description\":\"Kaius es una bicicleta gravel de carbono Premium desarrollada para ser el perfecto compa\u00f1ero de carreras por cualquier terreno. Su exclusivo laminado de carbono y su geometr\u00eda espec\u00edfica para el gravel, garantizan el perfecto equilibrio entre rigidez, ligereza y una optima capacidad de absorci\u00f3n, para proporcionar una optima tracci\u00f3n sobre superficies sueltas, estabilidad en el tren delantero y una destreza sin igual en las subidas.\",\"breadcrumb\":{\"@id\":\"https:\/\/naturalbikes.cl\/?product=bicicleta-kaius-01-three#breadcrumb\"},\"inLanguage\":\"es\",\"potentialAction\":[{\"@type\":\"ReadAction\",\"target\":[\"https:\/\/naturalbikes.cl\/?product=bicicleta-kaius-01-three\"]}]},{\"@type\":\"ImageObject\",\"inLanguage\":\"es\",\"@id\":\"https:\/\/naturalbikes.cl\/?product=bicicleta-kaius-01-three#primaryimage\",\"url\":\"https:\/\/naturalbikes.cl\/wp-content\/uploads\/2025\/04\/d68ff78e-794e-412c-a6c5-15387ca25da8_1800x1800.webp\",\"contentUrl\":\"https:\/\/naturalbikes.cl\/wp-content\/uploads\/2025\/04\/d68ff78e-794e-412c-a6c5-15387ca25da8_1800x1800.webp\",\"width\":1800,\"height\":1012},{\"@type\":\"BreadcrumbList\",\"@id\":\"https:\/\/naturalbikes.cl\/?product=bicicleta-kaius-01-three#breadcrumb\",\"itemListElement\":[{\"@type\":\"ListItem\",\"position\":1,\"name\":\"Portada\",\"item\":\"https:\/\/naturalbikes.cl\/\"},{\"@type\":\"ListItem\",\"position\":2,\"name\":\"Tienda NB\",\"item\":\"https:\/\/naturalbikes.cl\/?page_id=7843\"},{\"@type\":\"ListItem\",\"position\":3,\"name\":\"BMC\",\"item\":\"https:\/\/naturalbikes.cl\/?product_brand=bmc\"},{\"@type\":\"ListItem\",\"position\":4,\"name\":\"Bicicleta BMC Kaius 01 THREE\"}]},{\"@type\":\"WebSite\",\"@id\":\"https:\/\/naturalbikes.cl\/#website\",\"url\":\"https:\/\/naturalbikes.cl\/\",\"name\":\"Natural Bikes\",\"description\":\"Tienda de bicicletas repuestos accesorios taller mantenimiento clases salidas\",\"publisher\":{\"@id\":\"https:\/\/naturalbikes.cl\/#organization\"},\"alternateName\":\"Natural Bikes\",\"potentialAction\":[{\"@type\":\"SearchAction\",\"target\":{\"@type\":\"EntryPoint\",\"urlTemplate\":\"https:\/\/naturalbikes.cl\/?s={search_term_string}\"},\"query-input\":{\"@type\":\"PropertyValueSpecification\",\"valueRequired\":true,\"valueName\":\"search_term_string\"}}],\"inLanguage\":\"es\"},{\"@type\":\"Organization\",\"@id\":\"https:\/\/naturalbikes.cl\/#organization\",\"name\":\"Natural Bikes\",\"alternateName\":\"Natural Bikes\",\"url\":\"https:\/\/naturalbikes.cl\/\",\"logo\":{\"@type\":\"ImageObject\",\"inLanguage\":\"es\",\"@id\":\"https:\/\/naturalbikes.cl\/#\/schema\/logo\/image\/\",\"url\":\"https:\/\/naturalbikes.cl\/wp-content\/uploads\/2024\/05\/2023-10-10-10.44.12.jpg\",\"contentUrl\":\"https:\/\/naturalbikes.cl\/wp-content\/uploads\/2024\/05\/2023-10-10-10.44.12.jpg\",\"width\":650,\"height\":650,\"caption\":\"Natural Bikes\"},\"image\":{\"@id\":\"https:\/\/naturalbikes.cl\/#\/schema\/logo\/image\/\"},\"sameAs\":[\"https:\/\/www.facebook.com\/naturalbikescl\",\"https:\/\/www.instagram.com\/natural.bikes\",\"https:\/\/www.tiktok.com\/@natural.bikes\"],\"description\":\"Ofrecer a nuestros clientes apasionados por el ciclismo de monta\u00f1a la mejor experiencia en productos, conocimientos especializados y servicios excepcionales. Nos comprometemos a proporcionar una amplia gama de bicicletas, accesorios y equipo de alta calidad, junto con asesoramiento experto y atenci\u00f3n personalizada para cada ciclista, para que puedan explorar, disfrutar y maximizar su aventura en el mundo del MTB\",\"email\":\"naturalbikes1@gmail.com\",\"telephone\":\"56977043878\",\"legalName\":\"Natural Bikes Limitada\",\"foundingDate\":\"2024-01-01\",\"vatID\":\"76699553-5\",\"taxID\":\"76699553-5\",\"numberOfEmployees\":{\"@type\":\"QuantitativeValue\",\"minValue\":\"1\",\"maxValue\":\"10\"},\"publishingPrinciples\":\"https:\/\/naturalbikes.cl\/?page_id=7843\",\"ownershipFundingInfo\":\"https:\/\/naturalbikes.cl\/?page_id=7843\",\"actionableFeedbackPolicy\":\"https:\/\/naturalbikes.cl\/?page_id=14797\",\"correctionsPolicy\":\"https:\/\/naturalbikes.cl\/?page_id=3\",\"ethicsPolicy\":\"https:\/\/naturalbikes.cl\/?page_id=7843\",\"diversityPolicy\":\"https:\/\/naturalbikes.cl\/?page_id=11734\",\"diversityStaffingReport\":\"https:\/\/naturalbikes.cl\/?page_id=12161\"}]}<\/script>\n<!-- \/ Yoast SEO Premium plugin. -->","yoast_head_json":{"title":"Bicicleta BMC Kaius 01 THREE - NaturalBikes","description":"Kaius es una bicicleta gravel de carbono Premium desarrollada para ser el perfecto compa\u00f1ero de carreras por cualquier terreno. Su exclusivo laminado de carbono y su geometr\u00eda espec\u00edfica para el gravel, garantizan el perfecto equilibrio entre rigidez, ligereza y una optima capacidad de absorci\u00f3n, para proporcionar una optima tracci\u00f3n sobre superficies sueltas, estabilidad en el tren delantero y una destreza sin igual en las subidas.","robots":{"index":"index","follow":"follow","max-snippet":"max-snippet:-1","max-image-preview":"max-image-preview:large","max-video-preview":"max-video-preview:-1"},"canonical":"https:\/\/naturalbikes.cl\/?product=bicicleta-kaius-01-three","og_locale":"es_ES","og_type":"article","og_title":"Bicicleta BMC Kaius 01 THREE","og_description":"Ofrecer a nuestros clientes apasionados por el ciclismo de monta\u00f1a la mejor experiencia en productos, conocimientos especializados y servicios excepcionales. Nos comprometemos a proporcionar una amplia gama de bicicletas, accesorios y equipo de alta calidad, junto con asesoramiento experto y atenci\u00f3n personalizada para cada ciclista, para que puedan explorar, disfrutar y maximizar su aventura en el mundo del MTB","og_url":"https:\/\/naturalbikes.cl\/?product=bicicleta-kaius-01-three","og_site_name":"NaturalBikes","article_publisher":"https:\/\/www.facebook.com\/naturalbikescl","article_modified_time":"2026-01-06T20:12:16+00:00","og_image":[{"width":1800,"height":1012,"url":"https:\/\/naturalbikes.cl\/wp-content\/uploads\/2025\/04\/d68ff78e-794e-412c-a6c5-15387ca25da8_1800x1800.webp","type":"image\/webp"}],"twitter_card":"summary_large_image","twitter_misc":{"Tiempo de lectura":"3 minutos"},"schema":{"@context":"https:\/\/schema.org","@graph":[{"@type":"WebPage","@id":"https:\/\/naturalbikes.cl\/?product=bicicleta-kaius-01-three","url":"https:\/\/naturalbikes.cl\/?product=bicicleta-kaius-01-three","name":"Bicicleta BMC Kaius 01 THREE - NaturalBikes","isPartOf":{"@id":"https:\/\/naturalbikes.cl\/#website"},"primaryImageOfPage":{"@id":"https:\/\/naturalbikes.cl\/?product=bicicleta-kaius-01-three#primaryimage"},"image":{"@id":"https:\/\/naturalbikes.cl\/?product=bicicleta-kaius-01-three#primaryimage"},"thumbnailUrl":"https:\/\/naturalbikes.cl\/wp-content\/uploads\/2025\/04\/d68ff78e-794e-412c-a6c5-15387ca25da8_1800x1800.webp","datePublished":"2025-04-21T02:20:46+00:00","dateModified":"2026-01-06T20:12:16+00:00","description":"Kaius es una bicicleta gravel de carbono Premium desarrollada para ser el perfecto compa\u00f1ero de carreras por cualquier terreno. Su exclusivo laminado de carbono y su geometr\u00eda espec\u00edfica para el gravel, garantizan el perfecto equilibrio entre rigidez, ligereza y una optima capacidad de absorci\u00f3n, para proporcionar una optima tracci\u00f3n sobre superficies sueltas, estabilidad en el tren delantero y una destreza sin igual en las subidas.","breadcrumb":{"@id":"https:\/\/naturalbikes.cl\/?product=bicicleta-kaius-01-three#breadcrumb"},"inLanguage":"es","potentialAction":[{"@type":"ReadAction","target":["https:\/\/naturalbikes.cl\/?product=bicicleta-kaius-01-three"]}]},{"@type":"ImageObject","inLanguage":"es","@id":"https:\/\/naturalbikes.cl\/?product=bicicleta-kaius-01-three#primaryimage","url":"https:\/\/naturalbikes.cl\/wp-content\/uploads\/2025\/04\/d68ff78e-794e-412c-a6c5-15387ca25da8_1800x1800.webp","contentUrl":"https:\/\/naturalbikes.cl\/wp-content\/uploads\/2025\/04\/d68ff78e-794e-412c-a6c5-15387ca25da8_1800x1800.webp","width":1800,"height":1012},{"@type":"BreadcrumbList","@id":"https:\/\/naturalbikes.cl\/?product=bicicleta-kaius-01-three#breadcrumb","itemListElement":[{"@type":"ListItem","position":1,"name":"Portada","item":"https:\/\/naturalbikes.cl\/"},{"@type":"ListItem","position":2,"name":"Tienda NB","item":"https:\/\/naturalbikes.cl\/?page_id=7843"},{"@type":"ListItem","position":3,"name":"BMC","item":"https:\/\/naturalbikes.cl\/?product_brand=bmc"},{"@type":"ListItem","position":4,"name":"Bicicleta BMC Kaius 01 THREE"}]},{"@type":"WebSite","@id":"https:\/\/naturalbikes.cl\/#website","url":"https:\/\/naturalbikes.cl\/","name":"Natural Bikes","description":"Tienda de bicicletas repuestos accesorios taller mantenimiento clases salidas","publisher":{"@id":"https:\/\/naturalbikes.cl\/#organization"},"alternateName":"Natural Bikes","potentialAction":[{"@type":"SearchAction","target":{"@type":"EntryPoint","urlTemplate":"https:\/\/naturalbikes.cl\/?s={search_term_string}"},"query-input":{"@type":"PropertyValueSpecification","valueRequired":true,"valueName":"search_term_string"}}],"inLanguage":"es"},{"@type":"Organization","@id":"https:\/\/naturalbikes.cl\/#organization","name":"Natural Bikes","alternateName":"Natural Bikes","url":"https:\/\/naturalbikes.cl\/","logo":{"@type":"ImageObject","inLanguage":"es","@id":"https:\/\/naturalbikes.cl\/#\/schema\/logo\/image\/","url":"https:\/\/naturalbikes.cl\/wp-content\/uploads\/2024\/05\/2023-10-10-10.44.12.jpg","contentUrl":"https:\/\/naturalbikes.cl\/wp-content\/uploads\/2024\/05\/2023-10-10-10.44.12.jpg","width":650,"height":650,"caption":"Natural Bikes"},"image":{"@id":"https:\/\/naturalbikes.cl\/#\/schema\/logo\/image\/"},"sameAs":["https:\/\/www.facebook.com\/naturalbikescl","https:\/\/www.instagram.com\/natural.bikes","https:\/\/www.tiktok.com\/@natural.bikes"],"description":"Ofrecer a nuestros clientes apasionados por el ciclismo de monta\u00f1a la mejor experiencia en productos, conocimientos especializados y servicios excepcionales. Nos comprometemos a proporcionar una amplia gama de bicicletas, accesorios y equipo de alta calidad, junto con asesoramiento experto y atenci\u00f3n personalizada para cada ciclista, para que puedan explorar, disfrutar y maximizar su aventura en el mundo del MTB","email":"naturalbikes1@gmail.com","telephone":"56977043878","legalName":"Natural Bikes Limitada","foundingDate":"2024-01-01","vatID":"76699553-5","taxID":"76699553-5","numberOfEmployees":{"@type":"QuantitativeValue","minValue":"1","maxValue":"10"},"publishingPrinciples":"https:\/\/naturalbikes.cl\/?page_id=7843","ownershipFundingInfo":"https:\/\/naturalbikes.cl\/?page_id=7843","actionableFeedbackPolicy":"https:\/\/naturalbikes.cl\/?page_id=14797","correctionsPolicy":"https:\/\/naturalbikes.cl\/?page_id=3","ethicsPolicy":"https:\/\/naturalbikes.cl\/?page_id=7843","diversityPolicy":"https:\/\/naturalbikes.cl\/?page_id=11734","diversityStaffingReport":"https:\/\/naturalbikes.cl\/?page_id=12161"}]}},"_links":{"self":[{"href":"https:\/\/naturalbikes.cl\/index.php?rest_route=\/wp\/v2\/product\/22140"}],"collection":[{"href":"https:\/\/naturalbikes.cl\/index.php?rest_route=\/wp\/v2\/product"}],"about":[{"href":"https:\/\/naturalbikes.cl\/index.php?rest_route=\/wp\/v2\/types\/product"}],"replies":[{"embeddable":true,"href":"https:\/\/naturalbikes.cl\/index.php?rest_route=%2Fwp%2Fv2%2Fcomments&post=22140"}],"wp:featuredmedia":[{"embeddable":true,"href":"https:\/\/naturalbikes.cl\/index.php?rest_route=\/wp\/v2\/media\/22142"}],"wp:attachment":[{"href":"https:\/\/naturalbikes.cl\/index.php?rest_route=%2Fwp%2Fv2%2Fmedia&parent=22140"}],"wp:term":[{"taxonomy":"product_cat","embeddable":true,"href":"https:\/\/naturalbikes.cl\/index.php?rest_route=%2Fwp%2Fv2%2Fproduct_cat&post=22140"},{"taxonomy":"product_tag","embeddable":true,"href":"https:\/\/naturalbikes.cl\/index.php?rest_route=%2Fwp%2Fv2%2Fproduct_tag&post=22140"}],"curies":[{"name":"wp","href":"https:\/\/api.w.org\/{rel}","templated":true}]}}