{"id":21892,"date":"2025-01-28T13:02:38","date_gmt":"2025-01-28T16:02:38","guid":{"rendered":"https:\/\/naturalbikes.cl\/?post_type=product&#038;p=21892"},"modified":"2026-01-06T17:12:12","modified_gmt":"2026-01-06T20:12:12","slug":"cassette-kmc-react-gmx9-3-11-36t-9-velocidades","status":"publish","type":"product","link":"https:\/\/naturalbikes.cl\/?product=cassette-kmc-react-gmx9-3-11-36t-9-velocidades","title":{"rendered":"Cassette KMC React GMX9-3 11\/36T 9 Velocidades"},"content":{"rendered":"<p>Cassette con la serie REACT, KMC ha llenado un vac\u00edo en su l\u00ednea de soluciones de transmisi\u00f3n. Al igual que los platos y pi\u00f1ones KMC, los cassette REACT est\u00e1n dise\u00f1ados con precisi\u00f3n para combinar con las cadenas KMC.<\/p>\n<p>Esta sinergia perfecta reduce la fricci\u00f3n entre los componentes individuales y mejora la vida \u00fatil de todos los componentes de la transmisi\u00f3n. Las rampas de ascenso y descenso meticulosamente dise\u00f1adas garantizan una gu\u00eda precisa de la cadena, lo que mejora el rendimiento de los cambios en todo el rango. Fabricados con acero de alta resistencia, los cassette REACT son compatibles con Shimano HG y est\u00e1n disponibles en varias configuraciones para sistemas de 8 a 11 velocidades.<\/p>\n<p>&nbsp;<\/p>\n<p><strong>CARACTER\u00cdSTICAS:<\/strong><\/p>\n<p>\u2022 Material: Acero Reforzado de Alta resistencia<br \/>\n\u2022 Relaciones: 11-13-15-18-21-24-28-32-36T<br \/>\n\u2022 Velocidades: 9 Velocidades<br \/>\n\u2022 Compatibilidad Cassette: Sistema Shimano HG<br \/>\n\u2022 Compatibilidad Cadena: Perfectamente adaptado a las cadenas KMC<br \/>\n\u2022 Peso Aproximado: 390g<\/p>\n<p><strong>IMPORTANTE:<\/strong> Formato de presentaci\u00f3n Workshop (no incluye caja)<\/p>\n","protected":false},"excerpt":{"rendered":"<p><strong>El cassette KMC React GMX9-3 11\/36T es la elecci\u00f3n perfecta para cualquier ciclista de monta\u00f1a. Su amplio rango de velocidades, fabricado en acero de alta resistencia, te permite afrontar cualquier terreno con confianza.<\/strong><\/p>\n","protected":false},"featured_media":21893,"comment_status":"open","ping_status":"closed","template":"","meta":[],"product_cat":[198,1241,1189],"product_tag":[1438,1249],"class_list":{"0":"post-21892","1":"product","2":"type-product","3":"status-publish","4":"has-post-thumbnail","6":"product_brand-kmc","7":"product_cat-componentes","8":"product_cat-kmc-pinon","9":"product_cat-pinon","10":"product_tag-cassette","11":"product_tag-kmc","13":"first","14":"instock","15":"taxable","16":"shipping-taxable","17":"purchasable","18":"product-type-simple"},"yoast_head":"<!-- This site is optimized with the Yoast SEO Premium plugin v24.8 (Yoast SEO v25.6) - https:\/\/yoast.com\/wordpress\/plugins\/seo\/ -->\n<title>Cassette KMC React GMX9-3 11\/36T 9 Velocidades - NaturalBikes<\/title>\n<meta name=\"description\" content=\"El cassette KMC React GMX9-3 11\/36T es la elecci\u00f3n perfecta para cualquier ciclista de monta\u00f1a. Su amplio rango de velocidades, fabricado en acero de alta resistencia, te permite afrontar cualquier terreno con confianza.\" \/>\n<meta name=\"robots\" content=\"index, follow, max-snippet:-1, max-image-preview:large, max-video-preview:-1\" \/>\n<link rel=\"canonical\" href=\"https:\/\/naturalbikes.cl\/?product=cassette-kmc-react-gmx9-3-11-36t-9-velocidades\" \/>\n<meta property=\"og:locale\" content=\"es_ES\" \/>\n<meta property=\"og:type\" content=\"article\" \/>\n<meta property=\"og:title\" content=\"Cassette KMC React GMX9-3 11\/36T 9 Velocidades\" \/>\n<meta property=\"og:description\" content=\"Ofrecer a nuestros clientes apasionados por el ciclismo de monta\u00f1a la mejor experiencia en productos, conocimientos especializados y servicios excepcionales. Nos comprometemos a proporcionar una amplia gama de bicicletas, accesorios y equipo de alta calidad, junto con asesoramiento experto y atenci\u00f3n personalizada para cada ciclista, para que puedan explorar, disfrutar y maximizar su aventura en el mundo del MTB\" \/>\n<meta property=\"og:url\" content=\"https:\/\/naturalbikes.cl\/?product=cassette-kmc-react-gmx9-3-11-36t-9-velocidades\" \/>\n<meta property=\"og:site_name\" content=\"NaturalBikes\" \/>\n<meta property=\"article:publisher\" content=\"https:\/\/www.facebook.com\/naturalbikescl\" \/>\n<meta property=\"article:modified_time\" content=\"2026-01-06T20:12:12+00:00\" \/>\n<meta property=\"og:image\" content=\"https:\/\/naturalbikes.cl\/wp-content\/uploads\/2025\/01\/ma3005ba_1.jpg\" \/>\n\t<meta property=\"og:image:width\" content=\"583\" \/>\n\t<meta property=\"og:image:height\" content=\"479\" \/>\n\t<meta property=\"og:image:type\" content=\"image\/jpeg\" \/>\n<meta name=\"twitter:card\" content=\"summary_large_image\" \/>\n<meta name=\"twitter:label1\" content=\"Tiempo de lectura\" \/>\n\t<meta name=\"twitter:data1\" content=\"1 minuto\" \/>\n<script type=\"application\/ld+json\" class=\"yoast-schema-graph\">{\"@context\":\"https:\/\/schema.org\",\"@graph\":[{\"@type\":\"WebPage\",\"@id\":\"https:\/\/naturalbikes.cl\/?product=cassette-kmc-react-gmx9-3-11-36t-9-velocidades\",\"url\":\"https:\/\/naturalbikes.cl\/?product=cassette-kmc-react-gmx9-3-11-36t-9-velocidades\",\"name\":\"Cassette KMC React GMX9-3 11\/36T 9 Velocidades - NaturalBikes\",\"isPartOf\":{\"@id\":\"https:\/\/naturalbikes.cl\/#website\"},\"primaryImageOfPage\":{\"@id\":\"https:\/\/naturalbikes.cl\/?product=cassette-kmc-react-gmx9-3-11-36t-9-velocidades#primaryimage\"},\"image\":{\"@id\":\"https:\/\/naturalbikes.cl\/?product=cassette-kmc-react-gmx9-3-11-36t-9-velocidades#primaryimage\"},\"thumbnailUrl\":\"https:\/\/naturalbikes.cl\/wp-content\/uploads\/2025\/01\/ma3005ba_1.jpg\",\"datePublished\":\"2025-01-28T16:02:38+00:00\",\"dateModified\":\"2026-01-06T20:12:12+00:00\",\"description\":\"El cassette KMC React GMX9-3 11\/36T es la elecci\u00f3n perfecta para cualquier ciclista de monta\u00f1a. Su amplio rango de velocidades, fabricado en acero de alta resistencia, te permite afrontar cualquier terreno con confianza.\",\"breadcrumb\":{\"@id\":\"https:\/\/naturalbikes.cl\/?product=cassette-kmc-react-gmx9-3-11-36t-9-velocidades#breadcrumb\"},\"inLanguage\":\"es\",\"potentialAction\":[{\"@type\":\"ReadAction\",\"target\":[\"https:\/\/naturalbikes.cl\/?product=cassette-kmc-react-gmx9-3-11-36t-9-velocidades\"]}]},{\"@type\":\"ImageObject\",\"inLanguage\":\"es\",\"@id\":\"https:\/\/naturalbikes.cl\/?product=cassette-kmc-react-gmx9-3-11-36t-9-velocidades#primaryimage\",\"url\":\"https:\/\/naturalbikes.cl\/wp-content\/uploads\/2025\/01\/ma3005ba_1.jpg\",\"contentUrl\":\"https:\/\/naturalbikes.cl\/wp-content\/uploads\/2025\/01\/ma3005ba_1.jpg\",\"width\":583,\"height\":479},{\"@type\":\"BreadcrumbList\",\"@id\":\"https:\/\/naturalbikes.cl\/?product=cassette-kmc-react-gmx9-3-11-36t-9-velocidades#breadcrumb\",\"itemListElement\":[{\"@type\":\"ListItem\",\"position\":1,\"name\":\"Portada\",\"item\":\"https:\/\/naturalbikes.cl\/\"},{\"@type\":\"ListItem\",\"position\":2,\"name\":\"Tienda NB\",\"item\":\"https:\/\/naturalbikes.cl\/?page_id=7843\"},{\"@type\":\"ListItem\",\"position\":3,\"name\":\"Kmc\",\"item\":\"https:\/\/naturalbikes.cl\/?product_brand=kmc\"},{\"@type\":\"ListItem\",\"position\":4,\"name\":\"Cassette KMC React GMX9-3 11\/36T 9 Velocidades\"}]},{\"@type\":\"WebSite\",\"@id\":\"https:\/\/naturalbikes.cl\/#website\",\"url\":\"https:\/\/naturalbikes.cl\/\",\"name\":\"Natural Bikes\",\"description\":\"Tienda de bicicletas repuestos accesorios taller mantenimiento clases salidas\",\"publisher\":{\"@id\":\"https:\/\/naturalbikes.cl\/#organization\"},\"alternateName\":\"Natural Bikes\",\"potentialAction\":[{\"@type\":\"SearchAction\",\"target\":{\"@type\":\"EntryPoint\",\"urlTemplate\":\"https:\/\/naturalbikes.cl\/?s={search_term_string}\"},\"query-input\":{\"@type\":\"PropertyValueSpecification\",\"valueRequired\":true,\"valueName\":\"search_term_string\"}}],\"inLanguage\":\"es\"},{\"@type\":\"Organization\",\"@id\":\"https:\/\/naturalbikes.cl\/#organization\",\"name\":\"Natural Bikes\",\"alternateName\":\"Natural Bikes\",\"url\":\"https:\/\/naturalbikes.cl\/\",\"logo\":{\"@type\":\"ImageObject\",\"inLanguage\":\"es\",\"@id\":\"https:\/\/naturalbikes.cl\/#\/schema\/logo\/image\/\",\"url\":\"https:\/\/naturalbikes.cl\/wp-content\/uploads\/2024\/05\/2023-10-10-10.44.12.jpg\",\"contentUrl\":\"https:\/\/naturalbikes.cl\/wp-content\/uploads\/2024\/05\/2023-10-10-10.44.12.jpg\",\"width\":650,\"height\":650,\"caption\":\"Natural Bikes\"},\"image\":{\"@id\":\"https:\/\/naturalbikes.cl\/#\/schema\/logo\/image\/\"},\"sameAs\":[\"https:\/\/www.facebook.com\/naturalbikescl\",\"https:\/\/www.instagram.com\/natural.bikes\",\"https:\/\/www.tiktok.com\/@natural.bikes\"],\"description\":\"Ofrecer a nuestros clientes apasionados por el ciclismo de monta\u00f1a la mejor experiencia en productos, conocimientos especializados y servicios excepcionales. Nos comprometemos a proporcionar una amplia gama de bicicletas, accesorios y equipo de alta calidad, junto con asesoramiento experto y atenci\u00f3n personalizada para cada ciclista, para que puedan explorar, disfrutar y maximizar su aventura en el mundo del MTB\",\"email\":\"naturalbikes1@gmail.com\",\"telephone\":\"56977043878\",\"legalName\":\"Natural Bikes Limitada\",\"foundingDate\":\"2024-01-01\",\"vatID\":\"76699553-5\",\"taxID\":\"76699553-5\",\"numberOfEmployees\":{\"@type\":\"QuantitativeValue\",\"minValue\":\"1\",\"maxValue\":\"10\"},\"publishingPrinciples\":\"https:\/\/naturalbikes.cl\/?page_id=7843\",\"ownershipFundingInfo\":\"https:\/\/naturalbikes.cl\/?page_id=7843\",\"actionableFeedbackPolicy\":\"https:\/\/naturalbikes.cl\/?page_id=14797\",\"correctionsPolicy\":\"https:\/\/naturalbikes.cl\/?page_id=3\",\"ethicsPolicy\":\"https:\/\/naturalbikes.cl\/?page_id=7843\",\"diversityPolicy\":\"https:\/\/naturalbikes.cl\/?page_id=11734\",\"diversityStaffingReport\":\"https:\/\/naturalbikes.cl\/?page_id=12161\"}]}<\/script>\n<!-- \/ Yoast SEO Premium plugin. -->","yoast_head_json":{"title":"Cassette KMC React GMX9-3 11\/36T 9 Velocidades - NaturalBikes","description":"El cassette KMC React GMX9-3 11\/36T es la elecci\u00f3n perfecta para cualquier ciclista de monta\u00f1a. Su amplio rango de velocidades, fabricado en acero de alta resistencia, te permite afrontar cualquier terreno con confianza.","robots":{"index":"index","follow":"follow","max-snippet":"max-snippet:-1","max-image-preview":"max-image-preview:large","max-video-preview":"max-video-preview:-1"},"canonical":"https:\/\/naturalbikes.cl\/?product=cassette-kmc-react-gmx9-3-11-36t-9-velocidades","og_locale":"es_ES","og_type":"article","og_title":"Cassette KMC React GMX9-3 11\/36T 9 Velocidades","og_description":"Ofrecer a nuestros clientes apasionados por el ciclismo de monta\u00f1a la mejor experiencia en productos, conocimientos especializados y servicios excepcionales. Nos comprometemos a proporcionar una amplia gama de bicicletas, accesorios y equipo de alta calidad, junto con asesoramiento experto y atenci\u00f3n personalizada para cada ciclista, para que puedan explorar, disfrutar y maximizar su aventura en el mundo del MTB","og_url":"https:\/\/naturalbikes.cl\/?product=cassette-kmc-react-gmx9-3-11-36t-9-velocidades","og_site_name":"NaturalBikes","article_publisher":"https:\/\/www.facebook.com\/naturalbikescl","article_modified_time":"2026-01-06T20:12:12+00:00","og_image":[{"width":583,"height":479,"url":"https:\/\/naturalbikes.cl\/wp-content\/uploads\/2025\/01\/ma3005ba_1.jpg","type":"image\/jpeg"}],"twitter_card":"summary_large_image","twitter_misc":{"Tiempo de lectura":"1 minuto"},"schema":{"@context":"https:\/\/schema.org","@graph":[{"@type":"WebPage","@id":"https:\/\/naturalbikes.cl\/?product=cassette-kmc-react-gmx9-3-11-36t-9-velocidades","url":"https:\/\/naturalbikes.cl\/?product=cassette-kmc-react-gmx9-3-11-36t-9-velocidades","name":"Cassette KMC React GMX9-3 11\/36T 9 Velocidades - NaturalBikes","isPartOf":{"@id":"https:\/\/naturalbikes.cl\/#website"},"primaryImageOfPage":{"@id":"https:\/\/naturalbikes.cl\/?product=cassette-kmc-react-gmx9-3-11-36t-9-velocidades#primaryimage"},"image":{"@id":"https:\/\/naturalbikes.cl\/?product=cassette-kmc-react-gmx9-3-11-36t-9-velocidades#primaryimage"},"thumbnailUrl":"https:\/\/naturalbikes.cl\/wp-content\/uploads\/2025\/01\/ma3005ba_1.jpg","datePublished":"2025-01-28T16:02:38+00:00","dateModified":"2026-01-06T20:12:12+00:00","description":"El cassette KMC React GMX9-3 11\/36T es la elecci\u00f3n perfecta para cualquier ciclista de monta\u00f1a. Su amplio rango de velocidades, fabricado en acero de alta resistencia, te permite afrontar cualquier terreno con confianza.","breadcrumb":{"@id":"https:\/\/naturalbikes.cl\/?product=cassette-kmc-react-gmx9-3-11-36t-9-velocidades#breadcrumb"},"inLanguage":"es","potentialAction":[{"@type":"ReadAction","target":["https:\/\/naturalbikes.cl\/?product=cassette-kmc-react-gmx9-3-11-36t-9-velocidades"]}]},{"@type":"ImageObject","inLanguage":"es","@id":"https:\/\/naturalbikes.cl\/?product=cassette-kmc-react-gmx9-3-11-36t-9-velocidades#primaryimage","url":"https:\/\/naturalbikes.cl\/wp-content\/uploads\/2025\/01\/ma3005ba_1.jpg","contentUrl":"https:\/\/naturalbikes.cl\/wp-content\/uploads\/2025\/01\/ma3005ba_1.jpg","width":583,"height":479},{"@type":"BreadcrumbList","@id":"https:\/\/naturalbikes.cl\/?product=cassette-kmc-react-gmx9-3-11-36t-9-velocidades#breadcrumb","itemListElement":[{"@type":"ListItem","position":1,"name":"Portada","item":"https:\/\/naturalbikes.cl\/"},{"@type":"ListItem","position":2,"name":"Tienda NB","item":"https:\/\/naturalbikes.cl\/?page_id=7843"},{"@type":"ListItem","position":3,"name":"Kmc","item":"https:\/\/naturalbikes.cl\/?product_brand=kmc"},{"@type":"ListItem","position":4,"name":"Cassette KMC React GMX9-3 11\/36T 9 Velocidades"}]},{"@type":"WebSite","@id":"https:\/\/naturalbikes.cl\/#website","url":"https:\/\/naturalbikes.cl\/","name":"Natural Bikes","description":"Tienda de bicicletas repuestos accesorios taller mantenimiento clases salidas","publisher":{"@id":"https:\/\/naturalbikes.cl\/#organization"},"alternateName":"Natural Bikes","potentialAction":[{"@type":"SearchAction","target":{"@type":"EntryPoint","urlTemplate":"https:\/\/naturalbikes.cl\/?s={search_term_string}"},"query-input":{"@type":"PropertyValueSpecification","valueRequired":true,"valueName":"search_term_string"}}],"inLanguage":"es"},{"@type":"Organization","@id":"https:\/\/naturalbikes.cl\/#organization","name":"Natural Bikes","alternateName":"Natural Bikes","url":"https:\/\/naturalbikes.cl\/","logo":{"@type":"ImageObject","inLanguage":"es","@id":"https:\/\/naturalbikes.cl\/#\/schema\/logo\/image\/","url":"https:\/\/naturalbikes.cl\/wp-content\/uploads\/2024\/05\/2023-10-10-10.44.12.jpg","contentUrl":"https:\/\/naturalbikes.cl\/wp-content\/uploads\/2024\/05\/2023-10-10-10.44.12.jpg","width":650,"height":650,"caption":"Natural Bikes"},"image":{"@id":"https:\/\/naturalbikes.cl\/#\/schema\/logo\/image\/"},"sameAs":["https:\/\/www.facebook.com\/naturalbikescl","https:\/\/www.instagram.com\/natural.bikes","https:\/\/www.tiktok.com\/@natural.bikes"],"description":"Ofrecer a nuestros clientes apasionados por el ciclismo de monta\u00f1a la mejor experiencia en productos, conocimientos especializados y servicios excepcionales. Nos comprometemos a proporcionar una amplia gama de bicicletas, accesorios y equipo de alta calidad, junto con asesoramiento experto y atenci\u00f3n personalizada para cada ciclista, para que puedan explorar, disfrutar y maximizar su aventura en el mundo del MTB","email":"naturalbikes1@gmail.com","telephone":"56977043878","legalName":"Natural Bikes Limitada","foundingDate":"2024-01-01","vatID":"76699553-5","taxID":"76699553-5","numberOfEmployees":{"@type":"QuantitativeValue","minValue":"1","maxValue":"10"},"publishingPrinciples":"https:\/\/naturalbikes.cl\/?page_id=7843","ownershipFundingInfo":"https:\/\/naturalbikes.cl\/?page_id=7843","actionableFeedbackPolicy":"https:\/\/naturalbikes.cl\/?page_id=14797","correctionsPolicy":"https:\/\/naturalbikes.cl\/?page_id=3","ethicsPolicy":"https:\/\/naturalbikes.cl\/?page_id=7843","diversityPolicy":"https:\/\/naturalbikes.cl\/?page_id=11734","diversityStaffingReport":"https:\/\/naturalbikes.cl\/?page_id=12161"}]}},"_links":{"self":[{"href":"https:\/\/naturalbikes.cl\/index.php?rest_route=\/wp\/v2\/product\/21892"}],"collection":[{"href":"https:\/\/naturalbikes.cl\/index.php?rest_route=\/wp\/v2\/product"}],"about":[{"href":"https:\/\/naturalbikes.cl\/index.php?rest_route=\/wp\/v2\/types\/product"}],"replies":[{"embeddable":true,"href":"https:\/\/naturalbikes.cl\/index.php?rest_route=%2Fwp%2Fv2%2Fcomments&post=21892"}],"wp:featuredmedia":[{"embeddable":true,"href":"https:\/\/naturalbikes.cl\/index.php?rest_route=\/wp\/v2\/media\/21893"}],"wp:attachment":[{"href":"https:\/\/naturalbikes.cl\/index.php?rest_route=%2Fwp%2Fv2%2Fmedia&parent=21892"}],"wp:term":[{"taxonomy":"product_cat","embeddable":true,"href":"https:\/\/naturalbikes.cl\/index.php?rest_route=%2Fwp%2Fv2%2Fproduct_cat&post=21892"},{"taxonomy":"product_tag","embeddable":true,"href":"https:\/\/naturalbikes.cl\/index.php?rest_route=%2Fwp%2Fv2%2Fproduct_tag&post=21892"}],"curies":[{"name":"wp","href":"https:\/\/api.w.org\/{rel}","templated":true}]}}