{"id":21862,"date":"2025-01-27T13:37:14","date_gmt":"2025-01-27T16:37:14","guid":{"rendered":"https:\/\/naturalbikes.cl\/?post_type=product&#038;p=21862"},"modified":"2026-01-06T17:12:12","modified_gmt":"2026-01-06T20:12:12","slug":"bicicleta-triatlon-orbea-ordu-m30iltd","status":"publish","type":"product","link":"https:\/\/naturalbikes.cl\/?product=bicicleta-triatlon-orbea-ordu-m30iltd","title":{"rendered":"Bicicleta Triatl\u00f3n Orbea Ordu M30iLTD"},"content":{"rendered":"<div>\n<p><img decoding=\"async\" class=\"aligncenter\" src=\"https:\/\/cdn.shopify.com\/s\/files\/1\/0084\/1151\/2896\/files\/orbea-logo_240x240.svg?v=1694812871\" alt=\"\" \/><\/p>\n<h3 class=\"font-trumpgothicpro uppercase font-bold text-white text-4xl md:text-6xl 3xl:text-7xl mb-3 3xl:max-w-2xl mx-auto\">NEVER THE SAME AGAIN<\/h3>\n<p class=\"mb-4 max-w-2xl mx-auto\"><strong>Del mismo modo que el triatl\u00f3n es una competici\u00f3n formada por m\u00faltiples disciplinas, Ordu es el equilibrio perfecto entre aerodin\u00e1mica, peso, pilotaje y ergonom\u00eda. Una vez que hayas experimentado todas las ventajas de Ordu, te ser\u00e1 imposible volver a sentir confianza en una m\u00e1quina inferior. Para quienes buscan la mayor velocidad, la mayor eficiencia y la victoria, Ordu es el futuro. Ni t\u00fa ni el triatl\u00f3n volver\u00e9is a ser iguales.<\/strong><\/p>\n<p class=\"mb-4 max-w-2xl mx-auto\"><img decoding=\"async\" src=\"https:\/\/cdn.shopify.com\/s\/files\/1\/0084\/1151\/2896\/files\/R136TTCC-BX-FRONT-ORDU_M20iLTD.jpg?v=1734021079\" alt=\"\" \/><\/p>\n<\/div>\n<p class=\"module__title\"><strong>EQUILIBRIO PERFECTO<\/strong><\/p>\n<div class=\"module__description\">\n<p>Hist\u00f3ricamente, tener en cuenta s\u00f3lo la aerodin\u00e1mica, la rigidez y el peso como factores de dise\u00f1o rara vez se traduce en una mejora dr\u00e1stica. Realizar una gran mejora en una de estas tres \u00e1reas siempre afecta negativamente a las restantes.<\/p>\n<p><img fetchpriority=\"high\" decoding=\"async\" src=\"https:\/\/orbea.eus\/microsite\/ordu\/assets\/img\/01_never-same-again.jpg\" width=\"1536\" height=\"648\" \/><\/p>\n<p>La clave para fabricar la mejor bicicleta de triatl\u00f3n es encontrar el mejor compromiso entre estos objetivos e identificar otros factores de rendimiento que permitan a quienes la usan aumentar su eficiencia.<\/p>\n<\/div>\n<p class=\"titleblock\"><img decoding=\"async\" src=\"https:\/\/www.orbea.com\/img\/microsite-modules\/banner_full\/06_ergonomics_v2_.jpg\" width=\"1455\" height=\"797\" \/><\/p>\n<p class=\"module__title\"><strong>AERODIN\u00c1MICA<\/strong><\/p>\n<div class=\"module__description\">\n<p>Con el objetivo de reducir la resistencia aerodin\u00e1mica, hemos empleado m\u00e1s de 2500 horas de c\u00e1lculos analizando el conjunto formado por el cuadro, la horquilla y el manillar, as\u00ed como la identificaci\u00f3n de otras zonas cr\u00edticas para este prop\u00f3sito.<\/p>\n<\/div>\n<p class=\"titleblock\"><img decoding=\"async\" src=\"https:\/\/www.orbea.com\/img\/microsite-modules\/banner_full\/02_perfect-balance_25.jpg\" width=\"1516\" height=\"797\" \/><\/p>\n<p class=\"module__title\"><strong>ERGONOM\u00cdA<\/strong><\/p>\n<div class=\"module__description\">\n<p>Ordu ha sido dise\u00f1ada para ajustarse al rango m\u00e1s amplio de triatletas. Su ergonom\u00eda es f\u00e1cilmente modificable gracias a sus numerosas posibilidades de ajuste y f\u00e1cilmente adaptable para cualquier triatleta o carrera. Da igual que seas flexible o necesites una posici\u00f3n menos exigente: Ordu se amoldar\u00e1 a tus necesidades.<\/p>\n<\/div>\n<div class=\"card-item text-position--under text-color--black\">\n<div class=\"card-item__content\">\n<p class=\"card-item__title\"><strong>PESO<\/strong><\/p>\n<p class=\"card-item__description\">Hemos analizado las \u00e1reas en las que usamos mayor cantidad de material para aportar rigidez.<\/p>\n<\/div>\n<\/div>\n<div class=\"card-item text-position--under text-color--black\">\n<div class=\"card-item__content\">\n<p class=\"card-item__title\"><strong>PILOTAJE<\/strong><\/p>\n<p class=\"card-item__description\">Uno de los aspectos m\u00e1s importantes a tener en cuenta a la hora de determinar la geometr\u00eda de una bici es que debe ser f\u00e1cil de pilotar.<\/p>\n<\/div>\n<\/div>\n<p class=\"titleblock\"><img loading=\"lazy\" decoding=\"async\" src=\"https:\/\/www.orbea.com\/img\/microsite-modules\/banner_full\/07_the-new-ordu_v2_.jpg\" width=\"1407\" height=\"797\" \/><\/p>\n<p class=\"titleblock\"><strong>ESPECIFICACIONES<\/strong><\/p>\n<section class=\"bs-product-description\"><\/section>\n<div class=\"content-block\">\n<div class=\"row\">\n<div>\n<div class=\"content-block\">\n<div class=\"row\">\n<div class=\"title-row\">\n<div id=\"especifications\" class=\"section section-gray\">\n<div class=\"especifications-block\">\n<div id=\"especifications\" class=\"section section-gray\">\n<div class=\"especifications-block\">\n<p><strong>Cuadro<\/strong><br \/>\nOrbea Ordu carbon OMX Disc, monocoque construction, HS 1&#8243; &#8211; 1 1\/8&#8243; mini tapered, BB 386mm, powermeter compatible, Thru Axle 12x142mm, thread M12x2 P1, Speed release compatible dropout, Internal Cable Routing.<\/p>\n<p><strong>Horquilla<\/strong><br \/>\nOrbea Ordu OMX ICR fork 2021, full carbon, 1&#8243; head tube, Thru axle 12x100m, thread M12x2P1, Speed release compatible dropout. UCI Legal.<\/p>\n<p><strong>Direccion<\/strong><br \/>\nFSA 1-1\/8&#8243;-1&#8243; Integrated Aluminium Cup<\/p>\n<p><strong>Plato\/Biela<\/strong><br \/>\nShimano 105 R7100 36x52t<\/p>\n<p><strong>Manetas<\/strong><br \/>\nShimano R9180<\/p>\n<p><strong>Pi\u00f1on<\/strong><br \/>\nShimano 105 R7100 11-34t 12-Speed<\/p>\n<p><strong>Cambio<\/strong><br \/>\nShimano 105 Di2 R7150<\/p>\n<p><strong>Desviador<\/strong><br \/>\nShimano 105 Di2 R7150<\/p>\n<p><strong>Cadena<\/strong><br \/>\nShimano M7100<\/p>\n<p><strong>Manillar<\/strong><br \/>\nOrbea Ordu OMX<\/p>\n<p><strong>Extensi\u00f3n<\/strong><br \/>\nVision Metron TFA Carbon Aero Clip-on JS-Bend (Non UCI compliant)<\/p>\n<p><strong>Freno<\/strong><br \/>\nShimano R9270 Hydraulic Disc<\/p>\n<p><strong>Rueda<\/strong><br \/>\nOquo Road Performance RP45TEAM<\/p>\n<p><strong>Cubierta<\/strong><br \/>\nVittoria Corsa N.Ext G2.0 Foldable 700x28c<\/p>\n<p><strong>Eje Rueda Delantero<\/strong><br \/>\nOrbea Thru Axle 12x100mm M12x2 P1 Lite<\/p>\n<p><strong>Eje Rueda Trasero<\/strong><br \/>\nOrbea Thru Axle 12x142mm M12x2 P1 Lite<\/p>\n<p><strong>Tija sillin<\/strong><br \/>\nOrbea Ordu OMX, w\/Micro tilt adjustment<\/p>\n<p><strong>Sillin<\/strong><br \/>\nFizik Argo Vento R5 size 140mm<\/p>\n<p><strong>Cinta manillar<\/strong><br \/>\nOrbea Eva<\/p>\n<p><strong>Hidrataci\u00f3n<\/strong><br \/>\nOC Aero Bottle RA10 (550ml) + Carbon Cage Kit RA10<\/p>\n<p><strong>Almacenaje<\/strong><br \/>\nOC Aero Toolbox TB01PP<\/p>\n<\/div>\n<\/div>\n<\/div>\n<\/div>\n<\/div>\n<\/div>\n<\/div>\n<\/div>\n<\/div>\n<\/div>\n","protected":false},"excerpt":{"rendered":"<p><img decoding=\"async\" class=\"aligncenter\" src=\"https:\/\/cdn.shopify.com\/s\/files\/1\/0084\/1151\/2896\/files\/orbea-logo_240x240.svg?v=1694812871\" alt=\"\" \/><\/p>\n<p><strong>La Orbea Ordu M30iLTD es la m\u00e1quina perfecta para romper tus r\u00e9cords personales. Su dise\u00f1o aerodin\u00e1mico, cuadro de carbono y componentes de alta gama ofrecen una eficiencia m\u00e1xima en cada pedalada.<\/strong><\/p>\n","protected":false},"featured_media":21863,"comment_status":"open","ping_status":"closed","template":"","meta":[],"product_cat":[195,1435,1434],"product_tag":[1436,822,862],"class_list":{"0":"post-21862","1":"product","2":"type-product","3":"status-publish","4":"has-post-thumbnail","6":"product_brand-orbea","7":"product_cat-bicicletas","8":"product_cat-orbea-triatlon","9":"product_cat-triatlon","10":"product_tag-bicicleta-triatlon","11":"product_tag-orbea","12":"product_tag-triatlon","14":"first","15":"instock","16":"taxable","17":"shipping-taxable","18":"purchasable","19":"product-type-variable","20":"rtwpvg-product"},"yoast_head":"<!-- This site is optimized with the Yoast SEO Premium plugin v24.8 (Yoast SEO v25.6) - https:\/\/yoast.com\/wordpress\/plugins\/seo\/ -->\n<title>Orbea Ordu M30iLTD: La bicicleta de triatl\u00f3n definitiva<\/title>\n<meta name=\"description\" content=\"La Orbea Ordu M30iLTD es la m\u00e1quina perfecta para romper tus r\u00e9cords personales. Su dise\u00f1o aerodin\u00e1mico, cuadro de carbono y componentes de alta gama ofrecen una eficiencia m\u00e1xima en cada pedalada.\" \/>\n<meta name=\"robots\" content=\"index, follow, max-snippet:-1, max-image-preview:large, max-video-preview:-1\" \/>\n<link rel=\"canonical\" href=\"https:\/\/naturalbikes.cl\/?product=bicicleta-triatlon-orbea-ordu-m30iltd\" \/>\n<meta property=\"og:locale\" content=\"es_ES\" \/>\n<meta property=\"og:type\" content=\"article\" \/>\n<meta property=\"og:title\" content=\"Bicicleta Triatl\u00f3n Orbea Ordu M30iLTD\" \/>\n<meta property=\"og:description\" content=\"Ofrecer a nuestros clientes apasionados por el ciclismo de monta\u00f1a la mejor experiencia en productos, conocimientos especializados y servicios excepcionales. Nos comprometemos a proporcionar una amplia gama de bicicletas, accesorios y equipo de alta calidad, junto con asesoramiento experto y atenci\u00f3n personalizada para cada ciclista, para que puedan explorar, disfrutar y maximizar su aventura en el mundo del MTB\" \/>\n<meta property=\"og:url\" content=\"https:\/\/naturalbikes.cl\/?product=bicicleta-triatlon-orbea-ordu-m30iltd\" \/>\n<meta property=\"og:site_name\" content=\"NaturalBikes\" \/>\n<meta property=\"article:publisher\" content=\"https:\/\/www.facebook.com\/naturalbikescl\" \/>\n<meta property=\"article:modified_time\" content=\"2026-01-06T20:12:12+00:00\" \/>\n<meta property=\"og:image\" content=\"https:\/\/naturalbikes.cl\/wp-content\/uploads\/2025\/01\/R135TTCC-BY-SIDE-ORDU_M30iLTD.jpg\" \/>\n\t<meta property=\"og:image:width\" content=\"2000\" \/>\n\t<meta property=\"og:image:height\" content=\"1728\" \/>\n\t<meta property=\"og:image:type\" content=\"image\/jpeg\" \/>\n<meta name=\"twitter:card\" content=\"summary_large_image\" \/>\n<meta name=\"twitter:label1\" content=\"Tiempo de lectura\" \/>\n\t<meta name=\"twitter:data1\" content=\"4 minutos\" \/>\n<script type=\"application\/ld+json\" class=\"yoast-schema-graph\">{\"@context\":\"https:\/\/schema.org\",\"@graph\":[{\"@type\":\"WebPage\",\"@id\":\"https:\/\/naturalbikes.cl\/?product=bicicleta-triatlon-orbea-ordu-m30iltd\",\"url\":\"https:\/\/naturalbikes.cl\/?product=bicicleta-triatlon-orbea-ordu-m30iltd\",\"name\":\"Orbea Ordu M30iLTD: La bicicleta de triatl\u00f3n definitiva\",\"isPartOf\":{\"@id\":\"https:\/\/naturalbikes.cl\/#website\"},\"primaryImageOfPage\":{\"@id\":\"https:\/\/naturalbikes.cl\/?product=bicicleta-triatlon-orbea-ordu-m30iltd#primaryimage\"},\"image\":{\"@id\":\"https:\/\/naturalbikes.cl\/?product=bicicleta-triatlon-orbea-ordu-m30iltd#primaryimage\"},\"thumbnailUrl\":\"https:\/\/naturalbikes.cl\/wp-content\/uploads\/2025\/01\/R135TTCC-BY-SIDE-ORDU_M30iLTD.jpg\",\"datePublished\":\"2025-01-27T16:37:14+00:00\",\"dateModified\":\"2026-01-06T20:12:12+00:00\",\"description\":\"La Orbea Ordu M30iLTD es la m\u00e1quina perfecta para romper tus r\u00e9cords personales. Su dise\u00f1o aerodin\u00e1mico, cuadro de carbono y componentes de alta gama ofrecen una eficiencia m\u00e1xima en cada pedalada.\",\"breadcrumb\":{\"@id\":\"https:\/\/naturalbikes.cl\/?product=bicicleta-triatlon-orbea-ordu-m30iltd#breadcrumb\"},\"inLanguage\":\"es\",\"potentialAction\":[{\"@type\":\"ReadAction\",\"target\":[\"https:\/\/naturalbikes.cl\/?product=bicicleta-triatlon-orbea-ordu-m30iltd\"]}]},{\"@type\":\"ImageObject\",\"inLanguage\":\"es\",\"@id\":\"https:\/\/naturalbikes.cl\/?product=bicicleta-triatlon-orbea-ordu-m30iltd#primaryimage\",\"url\":\"https:\/\/naturalbikes.cl\/wp-content\/uploads\/2025\/01\/R135TTCC-BY-SIDE-ORDU_M30iLTD.jpg\",\"contentUrl\":\"https:\/\/naturalbikes.cl\/wp-content\/uploads\/2025\/01\/R135TTCC-BY-SIDE-ORDU_M30iLTD.jpg\",\"width\":2000,\"height\":1728},{\"@type\":\"BreadcrumbList\",\"@id\":\"https:\/\/naturalbikes.cl\/?product=bicicleta-triatlon-orbea-ordu-m30iltd#breadcrumb\",\"itemListElement\":[{\"@type\":\"ListItem\",\"position\":1,\"name\":\"Portada\",\"item\":\"https:\/\/naturalbikes.cl\/\"},{\"@type\":\"ListItem\",\"position\":2,\"name\":\"Tienda NB\",\"item\":\"https:\/\/naturalbikes.cl\/?page_id=7843\"},{\"@type\":\"ListItem\",\"position\":3,\"name\":\"Orbea\",\"item\":\"https:\/\/naturalbikes.cl\/?product_brand=orbea\"},{\"@type\":\"ListItem\",\"position\":4,\"name\":\"Bicicleta Triatl\u00f3n Orbea Ordu M30iLTD\"}]},{\"@type\":\"WebSite\",\"@id\":\"https:\/\/naturalbikes.cl\/#website\",\"url\":\"https:\/\/naturalbikes.cl\/\",\"name\":\"Natural Bikes\",\"description\":\"Tienda de bicicletas repuestos accesorios taller mantenimiento clases salidas\",\"publisher\":{\"@id\":\"https:\/\/naturalbikes.cl\/#organization\"},\"alternateName\":\"Natural Bikes\",\"potentialAction\":[{\"@type\":\"SearchAction\",\"target\":{\"@type\":\"EntryPoint\",\"urlTemplate\":\"https:\/\/naturalbikes.cl\/?s={search_term_string}\"},\"query-input\":{\"@type\":\"PropertyValueSpecification\",\"valueRequired\":true,\"valueName\":\"search_term_string\"}}],\"inLanguage\":\"es\"},{\"@type\":\"Organization\",\"@id\":\"https:\/\/naturalbikes.cl\/#organization\",\"name\":\"Natural Bikes\",\"alternateName\":\"Natural Bikes\",\"url\":\"https:\/\/naturalbikes.cl\/\",\"logo\":{\"@type\":\"ImageObject\",\"inLanguage\":\"es\",\"@id\":\"https:\/\/naturalbikes.cl\/#\/schema\/logo\/image\/\",\"url\":\"https:\/\/naturalbikes.cl\/wp-content\/uploads\/2024\/05\/2023-10-10-10.44.12.jpg\",\"contentUrl\":\"https:\/\/naturalbikes.cl\/wp-content\/uploads\/2024\/05\/2023-10-10-10.44.12.jpg\",\"width\":650,\"height\":650,\"caption\":\"Natural Bikes\"},\"image\":{\"@id\":\"https:\/\/naturalbikes.cl\/#\/schema\/logo\/image\/\"},\"sameAs\":[\"https:\/\/www.facebook.com\/naturalbikescl\",\"https:\/\/www.instagram.com\/natural.bikes\",\"https:\/\/www.tiktok.com\/@natural.bikes\"],\"description\":\"Ofrecer a nuestros clientes apasionados por el ciclismo de monta\u00f1a la mejor experiencia en productos, conocimientos especializados y servicios excepcionales. Nos comprometemos a proporcionar una amplia gama de bicicletas, accesorios y equipo de alta calidad, junto con asesoramiento experto y atenci\u00f3n personalizada para cada ciclista, para que puedan explorar, disfrutar y maximizar su aventura en el mundo del MTB\",\"email\":\"naturalbikes1@gmail.com\",\"telephone\":\"56977043878\",\"legalName\":\"Natural Bikes Limitada\",\"foundingDate\":\"2024-01-01\",\"vatID\":\"76699553-5\",\"taxID\":\"76699553-5\",\"numberOfEmployees\":{\"@type\":\"QuantitativeValue\",\"minValue\":\"1\",\"maxValue\":\"10\"},\"publishingPrinciples\":\"https:\/\/naturalbikes.cl\/?page_id=7843\",\"ownershipFundingInfo\":\"https:\/\/naturalbikes.cl\/?page_id=7843\",\"actionableFeedbackPolicy\":\"https:\/\/naturalbikes.cl\/?page_id=14797\",\"correctionsPolicy\":\"https:\/\/naturalbikes.cl\/?page_id=3\",\"ethicsPolicy\":\"https:\/\/naturalbikes.cl\/?page_id=7843\",\"diversityPolicy\":\"https:\/\/naturalbikes.cl\/?page_id=11734\",\"diversityStaffingReport\":\"https:\/\/naturalbikes.cl\/?page_id=12161\"}]}<\/script>\n<!-- \/ Yoast SEO Premium plugin. -->","yoast_head_json":{"title":"Orbea Ordu M30iLTD: La bicicleta de triatl\u00f3n definitiva","description":"La Orbea Ordu M30iLTD es la m\u00e1quina perfecta para romper tus r\u00e9cords personales. Su dise\u00f1o aerodin\u00e1mico, cuadro de carbono y componentes de alta gama ofrecen una eficiencia m\u00e1xima en cada pedalada.","robots":{"index":"index","follow":"follow","max-snippet":"max-snippet:-1","max-image-preview":"max-image-preview:large","max-video-preview":"max-video-preview:-1"},"canonical":"https:\/\/naturalbikes.cl\/?product=bicicleta-triatlon-orbea-ordu-m30iltd","og_locale":"es_ES","og_type":"article","og_title":"Bicicleta Triatl\u00f3n Orbea Ordu M30iLTD","og_description":"Ofrecer a nuestros clientes apasionados por el ciclismo de monta\u00f1a la mejor experiencia en productos, conocimientos especializados y servicios excepcionales. Nos comprometemos a proporcionar una amplia gama de bicicletas, accesorios y equipo de alta calidad, junto con asesoramiento experto y atenci\u00f3n personalizada para cada ciclista, para que puedan explorar, disfrutar y maximizar su aventura en el mundo del MTB","og_url":"https:\/\/naturalbikes.cl\/?product=bicicleta-triatlon-orbea-ordu-m30iltd","og_site_name":"NaturalBikes","article_publisher":"https:\/\/www.facebook.com\/naturalbikescl","article_modified_time":"2026-01-06T20:12:12+00:00","og_image":[{"width":2000,"height":1728,"url":"https:\/\/naturalbikes.cl\/wp-content\/uploads\/2025\/01\/R135TTCC-BY-SIDE-ORDU_M30iLTD.jpg","type":"image\/jpeg"}],"twitter_card":"summary_large_image","twitter_misc":{"Tiempo de lectura":"4 minutos"},"schema":{"@context":"https:\/\/schema.org","@graph":[{"@type":"WebPage","@id":"https:\/\/naturalbikes.cl\/?product=bicicleta-triatlon-orbea-ordu-m30iltd","url":"https:\/\/naturalbikes.cl\/?product=bicicleta-triatlon-orbea-ordu-m30iltd","name":"Orbea Ordu M30iLTD: La bicicleta de triatl\u00f3n definitiva","isPartOf":{"@id":"https:\/\/naturalbikes.cl\/#website"},"primaryImageOfPage":{"@id":"https:\/\/naturalbikes.cl\/?product=bicicleta-triatlon-orbea-ordu-m30iltd#primaryimage"},"image":{"@id":"https:\/\/naturalbikes.cl\/?product=bicicleta-triatlon-orbea-ordu-m30iltd#primaryimage"},"thumbnailUrl":"https:\/\/naturalbikes.cl\/wp-content\/uploads\/2025\/01\/R135TTCC-BY-SIDE-ORDU_M30iLTD.jpg","datePublished":"2025-01-27T16:37:14+00:00","dateModified":"2026-01-06T20:12:12+00:00","description":"La Orbea Ordu M30iLTD es la m\u00e1quina perfecta para romper tus r\u00e9cords personales. Su dise\u00f1o aerodin\u00e1mico, cuadro de carbono y componentes de alta gama ofrecen una eficiencia m\u00e1xima en cada pedalada.","breadcrumb":{"@id":"https:\/\/naturalbikes.cl\/?product=bicicleta-triatlon-orbea-ordu-m30iltd#breadcrumb"},"inLanguage":"es","potentialAction":[{"@type":"ReadAction","target":["https:\/\/naturalbikes.cl\/?product=bicicleta-triatlon-orbea-ordu-m30iltd"]}]},{"@type":"ImageObject","inLanguage":"es","@id":"https:\/\/naturalbikes.cl\/?product=bicicleta-triatlon-orbea-ordu-m30iltd#primaryimage","url":"https:\/\/naturalbikes.cl\/wp-content\/uploads\/2025\/01\/R135TTCC-BY-SIDE-ORDU_M30iLTD.jpg","contentUrl":"https:\/\/naturalbikes.cl\/wp-content\/uploads\/2025\/01\/R135TTCC-BY-SIDE-ORDU_M30iLTD.jpg","width":2000,"height":1728},{"@type":"BreadcrumbList","@id":"https:\/\/naturalbikes.cl\/?product=bicicleta-triatlon-orbea-ordu-m30iltd#breadcrumb","itemListElement":[{"@type":"ListItem","position":1,"name":"Portada","item":"https:\/\/naturalbikes.cl\/"},{"@type":"ListItem","position":2,"name":"Tienda NB","item":"https:\/\/naturalbikes.cl\/?page_id=7843"},{"@type":"ListItem","position":3,"name":"Orbea","item":"https:\/\/naturalbikes.cl\/?product_brand=orbea"},{"@type":"ListItem","position":4,"name":"Bicicleta Triatl\u00f3n Orbea Ordu M30iLTD"}]},{"@type":"WebSite","@id":"https:\/\/naturalbikes.cl\/#website","url":"https:\/\/naturalbikes.cl\/","name":"Natural Bikes","description":"Tienda de bicicletas repuestos accesorios taller mantenimiento clases salidas","publisher":{"@id":"https:\/\/naturalbikes.cl\/#organization"},"alternateName":"Natural Bikes","potentialAction":[{"@type":"SearchAction","target":{"@type":"EntryPoint","urlTemplate":"https:\/\/naturalbikes.cl\/?s={search_term_string}"},"query-input":{"@type":"PropertyValueSpecification","valueRequired":true,"valueName":"search_term_string"}}],"inLanguage":"es"},{"@type":"Organization","@id":"https:\/\/naturalbikes.cl\/#organization","name":"Natural Bikes","alternateName":"Natural Bikes","url":"https:\/\/naturalbikes.cl\/","logo":{"@type":"ImageObject","inLanguage":"es","@id":"https:\/\/naturalbikes.cl\/#\/schema\/logo\/image\/","url":"https:\/\/naturalbikes.cl\/wp-content\/uploads\/2024\/05\/2023-10-10-10.44.12.jpg","contentUrl":"https:\/\/naturalbikes.cl\/wp-content\/uploads\/2024\/05\/2023-10-10-10.44.12.jpg","width":650,"height":650,"caption":"Natural Bikes"},"image":{"@id":"https:\/\/naturalbikes.cl\/#\/schema\/logo\/image\/"},"sameAs":["https:\/\/www.facebook.com\/naturalbikescl","https:\/\/www.instagram.com\/natural.bikes","https:\/\/www.tiktok.com\/@natural.bikes"],"description":"Ofrecer a nuestros clientes apasionados por el ciclismo de monta\u00f1a la mejor experiencia en productos, conocimientos especializados y servicios excepcionales. Nos comprometemos a proporcionar una amplia gama de bicicletas, accesorios y equipo de alta calidad, junto con asesoramiento experto y atenci\u00f3n personalizada para cada ciclista, para que puedan explorar, disfrutar y maximizar su aventura en el mundo del MTB","email":"naturalbikes1@gmail.com","telephone":"56977043878","legalName":"Natural Bikes Limitada","foundingDate":"2024-01-01","vatID":"76699553-5","taxID":"76699553-5","numberOfEmployees":{"@type":"QuantitativeValue","minValue":"1","maxValue":"10"},"publishingPrinciples":"https:\/\/naturalbikes.cl\/?page_id=7843","ownershipFundingInfo":"https:\/\/naturalbikes.cl\/?page_id=7843","actionableFeedbackPolicy":"https:\/\/naturalbikes.cl\/?page_id=14797","correctionsPolicy":"https:\/\/naturalbikes.cl\/?page_id=3","ethicsPolicy":"https:\/\/naturalbikes.cl\/?page_id=7843","diversityPolicy":"https:\/\/naturalbikes.cl\/?page_id=11734","diversityStaffingReport":"https:\/\/naturalbikes.cl\/?page_id=12161"}]}},"_links":{"self":[{"href":"https:\/\/naturalbikes.cl\/index.php?rest_route=\/wp\/v2\/product\/21862"}],"collection":[{"href":"https:\/\/naturalbikes.cl\/index.php?rest_route=\/wp\/v2\/product"}],"about":[{"href":"https:\/\/naturalbikes.cl\/index.php?rest_route=\/wp\/v2\/types\/product"}],"replies":[{"embeddable":true,"href":"https:\/\/naturalbikes.cl\/index.php?rest_route=%2Fwp%2Fv2%2Fcomments&post=21862"}],"wp:featuredmedia":[{"embeddable":true,"href":"https:\/\/naturalbikes.cl\/index.php?rest_route=\/wp\/v2\/media\/21863"}],"wp:attachment":[{"href":"https:\/\/naturalbikes.cl\/index.php?rest_route=%2Fwp%2Fv2%2Fmedia&parent=21862"}],"wp:term":[{"taxonomy":"product_cat","embeddable":true,"href":"https:\/\/naturalbikes.cl\/index.php?rest_route=%2Fwp%2Fv2%2Fproduct_cat&post=21862"},{"taxonomy":"product_tag","embeddable":true,"href":"https:\/\/naturalbikes.cl\/index.php?rest_route=%2Fwp%2Fv2%2Fproduct_tag&post=21862"}],"curies":[{"name":"wp","href":"https:\/\/api.w.org\/{rel}","templated":true}]}}