{"id":21859,"date":"2025-01-27T13:27:55","date_gmt":"2025-01-27T16:27:55","guid":{"rendered":"https:\/\/naturalbikes.cl\/?post_type=product&#038;p=21859"},"modified":"2026-01-06T17:12:43","modified_gmt":"2026-01-06T20:12:43","slug":"orbea-terra-m20team","status":"publish","type":"product","link":"https:\/\/naturalbikes.cl\/?product=orbea-terra-m20team","title":{"rendered":"Bicicleta Orbea Terra M20TEAM"},"content":{"rendered":"<div><img decoding=\"async\" class=\"aligncenter\" src=\"https:\/\/cdn.shopify.com\/s\/files\/1\/0084\/1151\/2896\/files\/orbea-logo_240x240.svg?v=1694812871\" alt=\"\" width=\"232\" height=\"25\" \/><\/div>\n<h2><strong>TERRA M30TEAM<\/strong><\/h2>\n<div><strong>Dise\u00f1ada por y para el gravel, Terra no es ni una bicicleta de carretera adaptada ni una bici de monta\u00f1a a la que le hemos reducido peso. Terra es gravel. Disfruta de mayor comodidad en tus salidas de carretera, descubre d\u00f3nde termina ese sendero inexplorado. Hay todo un mundo ah\u00ed fuera y Terra est\u00e1 lista para explorarlo junto a ti.<\/strong><\/div>\n<div><\/div>\n<div><img decoding=\"async\" src=\"https:\/\/cdn.shopify.com\/s\/files\/1\/0084\/1151\/2896\/files\/R152TTCC-DJ-FRONT-TERRA_M22TEAM_over.jpg?v=1734018335\" alt=\"\" \/><\/div>\n<div><strong>Paso de rueda<\/strong><\/div>\n<div><\/div>\n<div>Terra es compatible con cubiertas den700c x 45 para ganar velocidad y eficiencia en los senderos gravel, o con una combinaci\u00f3n de 650b x 50 para una durabilidad extrema y elevado confort si necesitas algo mas tracci\u00f3n.<\/div>\n<div><\/div>\n<div><strong><img fetchpriority=\"high\" decoding=\"async\" src=\"https:\/\/www.orbea.com\/img\/technologies\/02_tire-clearance.jpg\" width=\"712\" height=\"797\" \/><\/strong><\/div>\n<div><strong>Amplia gama de desarollos <\/strong><\/div>\n<div>Dise\u00f1ar nuestro cuadro desde cero nos dio la oportunidad de abordar un problema presente en muchos cuadros de gravel. Concretamente, ofrecer una serie de opciones para los difrentes desarrollos sin comprometer el paso de rueda.<\/div>\n<div><\/div>\n<div><img decoding=\"async\" src=\"https:\/\/www.orbea.com\/img\/technologies\/03_drivetrain.jpg\" width=\"712\" height=\"797\" \/><\/div>\n<div><strong>Lockr<\/strong><\/div>\n<div><\/div>\n<div>Nuestro cuadro de carbono dispone de un espacio de almacenamiento en el interior del tubo diagonal oculto tras el porta bid\u00f3n donde puedes guardar la c\u00e1mara de repuesto, el inflador y el cartucho de CO2 o herramientas que necesites.<\/div>\n<div><\/div>\n<div><img loading=\"lazy\" decoding=\"async\" src=\"https:\/\/www.orbea.com\/img\/technologies\/04_lockr.jpg\" width=\"712\" height=\"797\" \/><\/div>\n<div><\/div>\n<div><strong>ESPECIFICACIONES<\/strong><\/div>\n<div><\/div>\n<div>\n<p><strong>Cuadro<\/strong><br \/>\nOrbea Terra carbon OMR Disc, monocoque construction, HS 1,5&#8243;, PF30, powermeter compatible, Thru Axle 12x142mm rear, thread M12x2 P1, Internal Cable Routing, LOCKR service box<\/p>\n<p><strong>Horquilla<\/strong><br \/>\nOrbea Terra ICR, full carbon, 1-1\/8&#8243; &#8211; 1,5&#8243; tappered head tube compatible, Thru axle 12x100mm, thread M12x2 P1<\/p>\n<p><strong>Direccion<\/strong><br \/>\nFSA 1-1\/2&#8243; Integrated Aluminium Cup<\/p>\n<p><strong>Plato\/Biela<\/strong><br \/>\nShimano GRX RX820 31x48t<\/p>\n<p><strong>Manetas<\/strong><br \/>\nShimano GRX RX820<\/p>\n<p><strong>Pi\u00f1on<\/strong><br \/>\nShimano 105 R7100 11-34t 12-Speed<\/p>\n<p><strong>Cambio<\/strong><br \/>\nShimano GRX RX820<\/p>\n<p><strong>Desviador<\/strong><br \/>\nShimano GRX RX820<\/p>\n<p><strong>Cadena<\/strong><br \/>\nShimano M7100<\/p>\n<p><strong>Manillar<\/strong><br \/>\nOC Gravel GR31, Reach 70, Drop 110<\/p>\n<p><strong>Potencia<\/strong><br \/>\nOC Road Performance RP10, -8\u00ba<\/p>\n<p><strong>Freno<\/strong><br \/>\nShimano RX820 Hydraulic disc<\/p>\n<p><strong>Rueda<\/strong><br \/>\nAlloy, Tubeless, 700c, 21c<\/p>\n<p><strong>Cubierta<\/strong><br \/>\nVittoria Terreno Dry CX-Gravel G2.0 TNT 700x38c<\/p>\n<p><strong>Eje Rueda Delantero<\/strong><br \/>\nOrbea Thru Axle 12x100mm M12x2 P1 Solid<\/p>\n<p><strong>Eje Rueda Trasero<\/strong><br \/>\nOrbea Thru Axle 12x142mm M12x2 P1 Solid inner threaded<\/p>\n<p><strong>Tija sillin<\/strong><br \/>\nOC Performance XP10 Carbon, 27.2mm, Setback 0<\/p>\n<p><strong>Sillin<\/strong><br \/>\nPrologo Akero AGX black rails size 155mm<\/p>\n<p><strong>Cinta manillar<\/strong><br \/>\nOrbea Anti-Slippery\/Shock Proof<\/p>\n<p><strong>Almacenaje<\/strong><br \/>\nAccesories Containers<\/p>\n<\/div>\n","protected":false},"excerpt":{"rendered":"<p><img decoding=\"async\" class=\"aligncenter\" src=\"https:\/\/cdn.shopify.com\/s\/files\/1\/0084\/1151\/2896\/files\/orbea-logo_240x240.svg?v=1694812871\" alt=\"\" width=\"232\" height=\"25\" \/><\/p>\n<p><strong>La Orbea Terra M20TEAM es la bicicleta de gravel definitiva para explorar sin l\u00edmites. Su cuadro de carbono, geometr\u00eda vers\u00e1til y componentes de alta gama te permiten rodar por carretera, gravel y senderos con igual facilidad.<\/strong><\/p>\n","protected":false},"featured_media":21860,"comment_status":"open","ping_status":"closed","template":"","meta":[],"product_cat":[205,195,303],"product_tag":[819,822,823],"class_list":{"0":"post-21859","1":"product","2":"type-product","3":"status-publish","4":"has-post-thumbnail","6":"product_brand-orbea","7":"product_cat-bicicleta-gravel","8":"product_cat-bicicletas","9":"product_cat-orbea-bicicleta-gravel","10":"product_tag-bicicleta-gravel","11":"product_tag-orbea","12":"product_tag-terra","14":"first","15":"instock","16":"taxable","17":"shipping-taxable","18":"purchasable","19":"product-type-variable","20":"rtwpvg-product"},"yoast_head":"<!-- This site is optimized with the Yoast SEO Premium plugin v24.8 (Yoast SEO v25.6) - https:\/\/yoast.com\/wordpress\/plugins\/seo\/ -->\n<title>Orbea Terra M20TEAM: La gravel perfecta para cualquier aventura<\/title>\n<meta name=\"description\" content=\"La Orbea Terra M20TEAM es la bicicleta de gravel definitiva para explorar sin l\u00edmites. Su cuadro de carbono, geometr\u00eda vers\u00e1til y componentes de alta gama te permiten rodar por carretera, gravel y senderos con igual facilidad.\" \/>\n<meta name=\"robots\" content=\"index, follow, max-snippet:-1, max-image-preview:large, max-video-preview:-1\" \/>\n<link rel=\"canonical\" href=\"https:\/\/naturalbikes.cl\/?product=orbea-terra-m20team\" \/>\n<meta property=\"og:locale\" content=\"es_ES\" \/>\n<meta property=\"og:type\" content=\"article\" \/>\n<meta property=\"og:title\" content=\"Bicicleta Orbea Terra M20TEAM\" \/>\n<meta property=\"og:description\" content=\"Ofrecer a nuestros clientes apasionados por el ciclismo de monta\u00f1a la mejor experiencia en productos, conocimientos especializados y servicios excepcionales. Nos comprometemos a proporcionar una amplia gama de bicicletas, accesorios y equipo de alta calidad, junto con asesoramiento experto y atenci\u00f3n personalizada para cada ciclista, para que puedan explorar, disfrutar y maximizar su aventura en el mundo del MTB\" \/>\n<meta property=\"og:url\" content=\"https:\/\/naturalbikes.cl\/?product=orbea-terra-m20team\" \/>\n<meta property=\"og:site_name\" content=\"NaturalBikes\" \/>\n<meta property=\"article:publisher\" content=\"https:\/\/www.facebook.com\/naturalbikescl\" \/>\n<meta property=\"article:modified_time\" content=\"2026-01-06T20:12:43+00:00\" \/>\n<meta property=\"og:image\" content=\"https:\/\/naturalbikes.cl\/wp-content\/uploads\/2025\/01\/R148TTCC-DJ-SIDE-TERRA_M20TEAM.jpg\" \/>\n\t<meta property=\"og:image:width\" content=\"2000\" \/>\n\t<meta property=\"og:image:height\" content=\"1728\" \/>\n\t<meta property=\"og:image:type\" content=\"image\/jpeg\" \/>\n<meta name=\"twitter:card\" content=\"summary_large_image\" \/>\n<meta name=\"twitter:label1\" content=\"Tiempo de lectura\" \/>\n\t<meta name=\"twitter:data1\" content=\"3 minutos\" \/>\n<script type=\"application\/ld+json\" class=\"yoast-schema-graph\">{\"@context\":\"https:\/\/schema.org\",\"@graph\":[{\"@type\":\"WebPage\",\"@id\":\"https:\/\/naturalbikes.cl\/?product=orbea-terra-m20team\",\"url\":\"https:\/\/naturalbikes.cl\/?product=orbea-terra-m20team\",\"name\":\"Orbea Terra M20TEAM: La gravel perfecta para cualquier aventura\",\"isPartOf\":{\"@id\":\"https:\/\/naturalbikes.cl\/#website\"},\"primaryImageOfPage\":{\"@id\":\"https:\/\/naturalbikes.cl\/?product=orbea-terra-m20team#primaryimage\"},\"image\":{\"@id\":\"https:\/\/naturalbikes.cl\/?product=orbea-terra-m20team#primaryimage\"},\"thumbnailUrl\":\"https:\/\/naturalbikes.cl\/wp-content\/uploads\/2025\/01\/R148TTCC-DJ-SIDE-TERRA_M20TEAM.jpg\",\"datePublished\":\"2025-01-27T16:27:55+00:00\",\"dateModified\":\"2026-01-06T20:12:43+00:00\",\"description\":\"La Orbea Terra M20TEAM es la bicicleta de gravel definitiva para explorar sin l\u00edmites. Su cuadro de carbono, geometr\u00eda vers\u00e1til y componentes de alta gama te permiten rodar por carretera, gravel y senderos con igual facilidad.\",\"breadcrumb\":{\"@id\":\"https:\/\/naturalbikes.cl\/?product=orbea-terra-m20team#breadcrumb\"},\"inLanguage\":\"es\",\"potentialAction\":[{\"@type\":\"ReadAction\",\"target\":[\"https:\/\/naturalbikes.cl\/?product=orbea-terra-m20team\"]}]},{\"@type\":\"ImageObject\",\"inLanguage\":\"es\",\"@id\":\"https:\/\/naturalbikes.cl\/?product=orbea-terra-m20team#primaryimage\",\"url\":\"https:\/\/naturalbikes.cl\/wp-content\/uploads\/2025\/01\/R148TTCC-DJ-SIDE-TERRA_M20TEAM.jpg\",\"contentUrl\":\"https:\/\/naturalbikes.cl\/wp-content\/uploads\/2025\/01\/R148TTCC-DJ-SIDE-TERRA_M20TEAM.jpg\",\"width\":2000,\"height\":1728},{\"@type\":\"BreadcrumbList\",\"@id\":\"https:\/\/naturalbikes.cl\/?product=orbea-terra-m20team#breadcrumb\",\"itemListElement\":[{\"@type\":\"ListItem\",\"position\":1,\"name\":\"Portada\",\"item\":\"https:\/\/naturalbikes.cl\/\"},{\"@type\":\"ListItem\",\"position\":2,\"name\":\"Tienda NB\",\"item\":\"https:\/\/naturalbikes.cl\/?page_id=7843\"},{\"@type\":\"ListItem\",\"position\":3,\"name\":\"Orbea\",\"item\":\"https:\/\/naturalbikes.cl\/?product_brand=orbea\"},{\"@type\":\"ListItem\",\"position\":4,\"name\":\"Bicicleta Orbea Terra M20TEAM\"}]},{\"@type\":\"WebSite\",\"@id\":\"https:\/\/naturalbikes.cl\/#website\",\"url\":\"https:\/\/naturalbikes.cl\/\",\"name\":\"Natural Bikes\",\"description\":\"Tienda de bicicletas repuestos accesorios taller mantenimiento clases salidas\",\"publisher\":{\"@id\":\"https:\/\/naturalbikes.cl\/#organization\"},\"alternateName\":\"Natural Bikes\",\"potentialAction\":[{\"@type\":\"SearchAction\",\"target\":{\"@type\":\"EntryPoint\",\"urlTemplate\":\"https:\/\/naturalbikes.cl\/?s={search_term_string}\"},\"query-input\":{\"@type\":\"PropertyValueSpecification\",\"valueRequired\":true,\"valueName\":\"search_term_string\"}}],\"inLanguage\":\"es\"},{\"@type\":\"Organization\",\"@id\":\"https:\/\/naturalbikes.cl\/#organization\",\"name\":\"Natural Bikes\",\"alternateName\":\"Natural Bikes\",\"url\":\"https:\/\/naturalbikes.cl\/\",\"logo\":{\"@type\":\"ImageObject\",\"inLanguage\":\"es\",\"@id\":\"https:\/\/naturalbikes.cl\/#\/schema\/logo\/image\/\",\"url\":\"https:\/\/naturalbikes.cl\/wp-content\/uploads\/2024\/05\/2023-10-10-10.44.12.jpg\",\"contentUrl\":\"https:\/\/naturalbikes.cl\/wp-content\/uploads\/2024\/05\/2023-10-10-10.44.12.jpg\",\"width\":650,\"height\":650,\"caption\":\"Natural Bikes\"},\"image\":{\"@id\":\"https:\/\/naturalbikes.cl\/#\/schema\/logo\/image\/\"},\"sameAs\":[\"https:\/\/www.facebook.com\/naturalbikescl\",\"https:\/\/www.instagram.com\/natural.bikes\",\"https:\/\/www.tiktok.com\/@natural.bikes\"],\"description\":\"Ofrecer a nuestros clientes apasionados por el ciclismo de monta\u00f1a la mejor experiencia en productos, conocimientos especializados y servicios excepcionales. Nos comprometemos a proporcionar una amplia gama de bicicletas, accesorios y equipo de alta calidad, junto con asesoramiento experto y atenci\u00f3n personalizada para cada ciclista, para que puedan explorar, disfrutar y maximizar su aventura en el mundo del MTB\",\"email\":\"naturalbikes1@gmail.com\",\"telephone\":\"56977043878\",\"legalName\":\"Natural Bikes Limitada\",\"foundingDate\":\"2024-01-01\",\"vatID\":\"76699553-5\",\"taxID\":\"76699553-5\",\"numberOfEmployees\":{\"@type\":\"QuantitativeValue\",\"minValue\":\"1\",\"maxValue\":\"10\"},\"publishingPrinciples\":\"https:\/\/naturalbikes.cl\/?page_id=7843\",\"ownershipFundingInfo\":\"https:\/\/naturalbikes.cl\/?page_id=7843\",\"actionableFeedbackPolicy\":\"https:\/\/naturalbikes.cl\/?page_id=14797\",\"correctionsPolicy\":\"https:\/\/naturalbikes.cl\/?page_id=3\",\"ethicsPolicy\":\"https:\/\/naturalbikes.cl\/?page_id=7843\",\"diversityPolicy\":\"https:\/\/naturalbikes.cl\/?page_id=11734\",\"diversityStaffingReport\":\"https:\/\/naturalbikes.cl\/?page_id=12161\"}]}<\/script>\n<!-- \/ Yoast SEO Premium plugin. -->","yoast_head_json":{"title":"Orbea Terra M20TEAM: La gravel perfecta para cualquier aventura","description":"La Orbea Terra M20TEAM es la bicicleta de gravel definitiva para explorar sin l\u00edmites. Su cuadro de carbono, geometr\u00eda vers\u00e1til y componentes de alta gama te permiten rodar por carretera, gravel y senderos con igual facilidad.","robots":{"index":"index","follow":"follow","max-snippet":"max-snippet:-1","max-image-preview":"max-image-preview:large","max-video-preview":"max-video-preview:-1"},"canonical":"https:\/\/naturalbikes.cl\/?product=orbea-terra-m20team","og_locale":"es_ES","og_type":"article","og_title":"Bicicleta Orbea Terra M20TEAM","og_description":"Ofrecer a nuestros clientes apasionados por el ciclismo de monta\u00f1a la mejor experiencia en productos, conocimientos especializados y servicios excepcionales. Nos comprometemos a proporcionar una amplia gama de bicicletas, accesorios y equipo de alta calidad, junto con asesoramiento experto y atenci\u00f3n personalizada para cada ciclista, para que puedan explorar, disfrutar y maximizar su aventura en el mundo del MTB","og_url":"https:\/\/naturalbikes.cl\/?product=orbea-terra-m20team","og_site_name":"NaturalBikes","article_publisher":"https:\/\/www.facebook.com\/naturalbikescl","article_modified_time":"2026-01-06T20:12:43+00:00","og_image":[{"width":2000,"height":1728,"url":"https:\/\/naturalbikes.cl\/wp-content\/uploads\/2025\/01\/R148TTCC-DJ-SIDE-TERRA_M20TEAM.jpg","type":"image\/jpeg"}],"twitter_card":"summary_large_image","twitter_misc":{"Tiempo de lectura":"3 minutos"},"schema":{"@context":"https:\/\/schema.org","@graph":[{"@type":"WebPage","@id":"https:\/\/naturalbikes.cl\/?product=orbea-terra-m20team","url":"https:\/\/naturalbikes.cl\/?product=orbea-terra-m20team","name":"Orbea Terra M20TEAM: La gravel perfecta para cualquier aventura","isPartOf":{"@id":"https:\/\/naturalbikes.cl\/#website"},"primaryImageOfPage":{"@id":"https:\/\/naturalbikes.cl\/?product=orbea-terra-m20team#primaryimage"},"image":{"@id":"https:\/\/naturalbikes.cl\/?product=orbea-terra-m20team#primaryimage"},"thumbnailUrl":"https:\/\/naturalbikes.cl\/wp-content\/uploads\/2025\/01\/R148TTCC-DJ-SIDE-TERRA_M20TEAM.jpg","datePublished":"2025-01-27T16:27:55+00:00","dateModified":"2026-01-06T20:12:43+00:00","description":"La Orbea Terra M20TEAM es la bicicleta de gravel definitiva para explorar sin l\u00edmites. Su cuadro de carbono, geometr\u00eda vers\u00e1til y componentes de alta gama te permiten rodar por carretera, gravel y senderos con igual facilidad.","breadcrumb":{"@id":"https:\/\/naturalbikes.cl\/?product=orbea-terra-m20team#breadcrumb"},"inLanguage":"es","potentialAction":[{"@type":"ReadAction","target":["https:\/\/naturalbikes.cl\/?product=orbea-terra-m20team"]}]},{"@type":"ImageObject","inLanguage":"es","@id":"https:\/\/naturalbikes.cl\/?product=orbea-terra-m20team#primaryimage","url":"https:\/\/naturalbikes.cl\/wp-content\/uploads\/2025\/01\/R148TTCC-DJ-SIDE-TERRA_M20TEAM.jpg","contentUrl":"https:\/\/naturalbikes.cl\/wp-content\/uploads\/2025\/01\/R148TTCC-DJ-SIDE-TERRA_M20TEAM.jpg","width":2000,"height":1728},{"@type":"BreadcrumbList","@id":"https:\/\/naturalbikes.cl\/?product=orbea-terra-m20team#breadcrumb","itemListElement":[{"@type":"ListItem","position":1,"name":"Portada","item":"https:\/\/naturalbikes.cl\/"},{"@type":"ListItem","position":2,"name":"Tienda NB","item":"https:\/\/naturalbikes.cl\/?page_id=7843"},{"@type":"ListItem","position":3,"name":"Orbea","item":"https:\/\/naturalbikes.cl\/?product_brand=orbea"},{"@type":"ListItem","position":4,"name":"Bicicleta Orbea Terra M20TEAM"}]},{"@type":"WebSite","@id":"https:\/\/naturalbikes.cl\/#website","url":"https:\/\/naturalbikes.cl\/","name":"Natural Bikes","description":"Tienda de bicicletas repuestos accesorios taller mantenimiento clases salidas","publisher":{"@id":"https:\/\/naturalbikes.cl\/#organization"},"alternateName":"Natural Bikes","potentialAction":[{"@type":"SearchAction","target":{"@type":"EntryPoint","urlTemplate":"https:\/\/naturalbikes.cl\/?s={search_term_string}"},"query-input":{"@type":"PropertyValueSpecification","valueRequired":true,"valueName":"search_term_string"}}],"inLanguage":"es"},{"@type":"Organization","@id":"https:\/\/naturalbikes.cl\/#organization","name":"Natural Bikes","alternateName":"Natural Bikes","url":"https:\/\/naturalbikes.cl\/","logo":{"@type":"ImageObject","inLanguage":"es","@id":"https:\/\/naturalbikes.cl\/#\/schema\/logo\/image\/","url":"https:\/\/naturalbikes.cl\/wp-content\/uploads\/2024\/05\/2023-10-10-10.44.12.jpg","contentUrl":"https:\/\/naturalbikes.cl\/wp-content\/uploads\/2024\/05\/2023-10-10-10.44.12.jpg","width":650,"height":650,"caption":"Natural Bikes"},"image":{"@id":"https:\/\/naturalbikes.cl\/#\/schema\/logo\/image\/"},"sameAs":["https:\/\/www.facebook.com\/naturalbikescl","https:\/\/www.instagram.com\/natural.bikes","https:\/\/www.tiktok.com\/@natural.bikes"],"description":"Ofrecer a nuestros clientes apasionados por el ciclismo de monta\u00f1a la mejor experiencia en productos, conocimientos especializados y servicios excepcionales. Nos comprometemos a proporcionar una amplia gama de bicicletas, accesorios y equipo de alta calidad, junto con asesoramiento experto y atenci\u00f3n personalizada para cada ciclista, para que puedan explorar, disfrutar y maximizar su aventura en el mundo del MTB","email":"naturalbikes1@gmail.com","telephone":"56977043878","legalName":"Natural Bikes Limitada","foundingDate":"2024-01-01","vatID":"76699553-5","taxID":"76699553-5","numberOfEmployees":{"@type":"QuantitativeValue","minValue":"1","maxValue":"10"},"publishingPrinciples":"https:\/\/naturalbikes.cl\/?page_id=7843","ownershipFundingInfo":"https:\/\/naturalbikes.cl\/?page_id=7843","actionableFeedbackPolicy":"https:\/\/naturalbikes.cl\/?page_id=14797","correctionsPolicy":"https:\/\/naturalbikes.cl\/?page_id=3","ethicsPolicy":"https:\/\/naturalbikes.cl\/?page_id=7843","diversityPolicy":"https:\/\/naturalbikes.cl\/?page_id=11734","diversityStaffingReport":"https:\/\/naturalbikes.cl\/?page_id=12161"}]}},"_links":{"self":[{"href":"https:\/\/naturalbikes.cl\/index.php?rest_route=\/wp\/v2\/product\/21859"}],"collection":[{"href":"https:\/\/naturalbikes.cl\/index.php?rest_route=\/wp\/v2\/product"}],"about":[{"href":"https:\/\/naturalbikes.cl\/index.php?rest_route=\/wp\/v2\/types\/product"}],"replies":[{"embeddable":true,"href":"https:\/\/naturalbikes.cl\/index.php?rest_route=%2Fwp%2Fv2%2Fcomments&post=21859"}],"wp:featuredmedia":[{"embeddable":true,"href":"https:\/\/naturalbikes.cl\/index.php?rest_route=\/wp\/v2\/media\/21860"}],"wp:attachment":[{"href":"https:\/\/naturalbikes.cl\/index.php?rest_route=%2Fwp%2Fv2%2Fmedia&parent=21859"}],"wp:term":[{"taxonomy":"product_cat","embeddable":true,"href":"https:\/\/naturalbikes.cl\/index.php?rest_route=%2Fwp%2Fv2%2Fproduct_cat&post=21859"},{"taxonomy":"product_tag","embeddable":true,"href":"https:\/\/naturalbikes.cl\/index.php?rest_route=%2Fwp%2Fv2%2Fproduct_tag&post=21859"}],"curies":[{"name":"wp","href":"https:\/\/api.w.org\/{rel}","templated":true}]}}