{"id":21854,"date":"2025-01-27T13:20:34","date_gmt":"2025-01-27T16:20:34","guid":{"rendered":"https:\/\/naturalbikes.cl\/?post_type=product&#038;p=21854"},"modified":"2026-01-06T17:12:40","modified_gmt":"2026-01-06T20:12:40","slug":"bicicleta-orbea-orca-m20iltd-pwr","status":"publish","type":"product","link":"https:\/\/naturalbikes.cl\/?product=bicicleta-orbea-orca-m20iltd-pwr","title":{"rendered":"Bicicleta Orbea ORCA M20iLTD PWR"},"content":{"rendered":"<p><img decoding=\"async\" style=\"display: block; margin-left: auto; margin-right: auto;\" src=\"https:\/\/cdn.shopify.com\/s\/files\/1\/0084\/1151\/2896\/files\/orbea-logo_480x480.svg?v=1694812871\" alt=\"\" width=\"213\" height=\"23\" \/><\/p>\n<h2 style=\"text-align: center;\">ORCA M20iLTD PWR<\/h2>\n<p style=\"text-align: center;\"><strong>La nueva Orca no es simplemente ligera. Es una bici de 6,7Kg de pura tecnolog\u00eda que cambiar\u00e1 la forma en la que llegas a la cima. Esa sensaci\u00f3n que transmite una bici ligera y eficiente es insuperable. La aceleraci\u00f3n instant\u00e1nea, absorci\u00f3n de vibraciones y conducci\u00f3n reactiva proviene de un cuadro dise\u00f1ado para reducir el peso y reforzar la rigidez.<\/strong><\/p>\n<p><img fetchpriority=\"high\" decoding=\"async\" src=\"https:\/\/www.orbea.com\/img\/products\/product\/over\/large\/S123TTCC-AM-FRONT-ORCA_M11eLTD_PWR_over.jpg\" width=\"1061\" height=\"917\" \/><\/p>\n<p class=\"module__title\"><strong>DOMINA LOS PUERTOS<\/strong><\/p>\n<div class=\"module__description\">\n<p>Para alcanzar la ligereza de Orca, hemos tenido en cuenta hasta el m\u00e1s m\u00ednimo detalle, usando los mejores materiales en toda la gama. Dise\u00f1ar una bici por completo requiere trabajar mano a mano con los dise\u00f1adores de componentes y ruedas para optimizar as\u00ed la rigidez y el peso total del conjunto.<\/p>\n<\/div>\n<p style=\"text-align: center;\"><strong><img decoding=\"async\" src=\"https:\/\/www.orbea.com\/img\/technologies\/orca_24_product-card.jpg\" \/><\/strong><\/p>\n<p style=\"text-align: center;\"><strong>SIN COMPROMISOS<\/strong><\/p>\n<div>\n<div>\n<p>El dise\u00f1o de nuestro cuadro, demuestra que la rigidez no tiene por qu\u00e9 afectar al confort. Las secciones redondeadas del cuadro ayudan a reducir las vibraciones, ahorran energ\u00eda en las rutas m\u00e1s largas y te ofrecen un plus en esa \u00faltima subida. El paso de rueda de hasta 32mm permite maximizar la tracci\u00f3n y el confort.<\/p>\n<\/div>\n<\/div>\n<p><img decoding=\"async\" src=\"https:\/\/www.orbea.com\/img\/microsite-modules\/banner_full\/03_orca_24_dominate-the-climbs.jpg\" width=\"1259\" height=\"797\" \/><\/p>\n<p><strong>DISE\u00d1O ORIENTADO AL RENDIMIENTO<\/strong><\/p>\n<div class=\"module__description\">\n<div class=\"module__description\">\n<p>Orca est\u00e1 concebida desde nuestra manera de entender el dise\u00f1o y el rendimiento, desde el convencimiento de que una bici debe lucir incre\u00edble y rendir todav\u00eda mejor. El dise\u00f1o con l\u00edneas minimalistas y atemporales esconden tecnolog\u00eda de \u00faltima generaci\u00f3n.<\/p>\n<\/div>\n<\/div>\n<h3><img loading=\"lazy\" decoding=\"async\" src=\"https:\/\/www.orbea.com\/img\/microsite-modules\/banner_full\/06_orca_24_no-trade-offs.jpg\" width=\"1536\" height=\"784\" \/><\/h3>\n<p><strong>POWERSPINE<\/strong><\/p>\n<p>La parte inferior del cuadro soporta la mayor\u00eda de las cargas torsionales y laterales.<\/p>\n<h3><img loading=\"lazy\" decoding=\"async\" style=\"display: block; margin-left: auto; margin-right: auto;\" src=\"https:\/\/www.orbea.com\/img\/technologies\/orca_24_powerspine.jpg\" width=\"400\" height=\"440\" \/><\/h3>\n<p><strong>ICR PLUS<\/strong><\/p>\n<p>El cableado interno va cuidadosamente guiado por debajo de la potencia y por dentro del tubo de direcci\u00f3n, sin rozaduras ni ruidos, y est\u00e1 optimizado para cambios tanto mec\u00e1nicos como electr\u00f3nicos.<\/p>\n<p><img loading=\"lazy\" decoding=\"async\" style=\"display: block; margin-left: auto; margin-right: auto;\" src=\"https:\/\/www.orbea.com\/img\/technologies\/orca_24_icr-plus.jpg\" width=\"400\" height=\"440\" \/><\/p>\n<p><strong>PASO DE RUEDA DE 32MM<\/strong><\/p>\n<p>Como ciclistas conocemos las ventajas de montar cubiertas m\u00e1s anchas en superficies irregulares.<\/p>\n<p><img loading=\"lazy\" decoding=\"async\" style=\"display: block; margin-left: auto; margin-right: auto;\" src=\"https:\/\/www.orbea.com\/img\/technologies\/orca_24_tire-clearance.jpg\" width=\"400\" height=\"440\" \/><\/p>\n<div id=\"product-description-short-113400\" class=\"rte-content product-description-short\"><\/div>\n<h3 class=\"titleblock\">ESPECIFICACIONES<\/h3>\n<p><strong>Cuadro<\/strong><br \/>\nOrbea Orca carbon OMX 2024, monocoque construction, HS 1,5&#8243;, BB 386mm, powermeter compatible, Rear Thru Axle 12x142mm, thread M12x2 P1, internal cable routing.<\/p>\n<p><strong>Horquilla<\/strong><br \/>\nOrbea Orca OMX ICR 2024, full carbon, 1-1\/8&#8243; &#8211; 1,5&#8243; tappered head tube compatible, Thru axle 12x100mm, thread M12x2 P1.<\/p>\n<p><strong>Direccion<\/strong><br \/>\nFSA 1-1\/2&#8243; Integrated Aluminium Cup<\/p>\n<p><strong>Plato\/Biela<\/strong><br \/>\nShimano Ultegra R8100 36x52T with left side 4iiii Powermeter<\/p>\n<p><strong>Manetas<\/strong><br \/>\nShimano ST-8170<\/p>\n<p><strong>Pi\u00f1on<\/strong><br \/>\nShimano Ultegra R8100 11-30t 12-Speed<\/p>\n<p><strong>Cambio<\/strong><br \/>\nShimano Ultegra Di2 R8150<\/p>\n<p><strong>Desviador<\/strong><br \/>\nShimano Ultegra Di2 R8150<\/p>\n<p><strong>Cadena<\/strong><br \/>\nShimano M8100<\/p>\n<p><strong>Manillar<\/strong><br \/>\nOC Road Performance RP11 Carbon, Reach 80, Drop 125, w\/Di2 hole<\/p>\n<p><strong>Potencia<\/strong><br \/>\nOC Road Performance RP11, -8\u00ba<\/p>\n<p><strong>Freno<\/strong><br \/>\nShimano R8170 Hydraulic Disc<\/p>\n<p><strong>Discos<\/strong><br \/>\n160mm Front \/140mm Rear<\/p>\n<p><strong>Rueda<\/strong><br \/>\nOquo Road Performance RP45LTD<\/p>\n<p><strong>Cubierta<\/strong><br \/>\nVittoria Corsa Pro G2.0 TLR 700x28c<\/p>\n<p><strong>Eje Rueda Delantero<\/strong><br \/>\nOrbea Thru Axle 12x100mm M12x2 P1 Lite<\/p>\n<p><strong>Eje Rueda Trasero<\/strong><br \/>\nOrbea Thru Axle 12x142mm M12x2 P1 Lite<\/p>\n<p><strong>Tija sillin<\/strong><br \/>\nOC Performance XP10-S Carbon, 27.2mm, Setback 20<\/p>\n<p><strong>Sillin<\/strong><br \/>\nFizik Vento Antares R1 Carbon Rail 140mm<\/p>\n<p><strong>Cinta manillar<\/strong><br \/>\nOrbea Anti-Slippery\/Shock Proof<\/p>\n","protected":false},"excerpt":{"rendered":"<p><img decoding=\"async\" style=\"display: block; margin-left: auto; margin-right: auto;\" src=\"https:\/\/cdn.shopify.com\/s\/files\/1\/0084\/1151\/2896\/files\/orbea-logo_480x480.svg?v=1694812871\" alt=\"\" width=\"213\" height=\"23\" \/><\/p>\n<p><strong>La Orbea ORCA M20iLTD PWR es la bicicleta de carretera definitiva para los ciclistas m\u00e1s exigentes. Con un cuadro de carbono OMR, transmisi\u00f3n Shimano Ultegra Di2 y un sistema de medici\u00f3n de potencia integrado, este modelo ofrece una experiencia de ciclismo de \u00e9lite.<\/strong><\/p>\n","protected":false},"featured_media":21856,"comment_status":"open","ping_status":"closed","template":"","meta":[],"product_cat":[204,195,298],"product_tag":[827,822,828],"class_list":{"0":"post-21854","1":"product","2":"type-product","3":"status-publish","4":"has-post-thumbnail","6":"product_brand-orbea","7":"product_cat-bicicleta-ruta","8":"product_cat-bicicletas","9":"product_cat-orbea-bicicleta-ruta","10":"product_tag-bicicleta-ruta","11":"product_tag-orbea","12":"product_tag-orca","14":"first","15":"instock","16":"taxable","17":"shipping-taxable","18":"purchasable","19":"product-type-variable","20":"rtwpvg-product"},"yoast_head":"<!-- This site is optimized with the Yoast SEO Premium plugin v24.8 (Yoast SEO v25.6) - https:\/\/yoast.com\/wordpress\/plugins\/seo\/ -->\n<title>Orbea ORCA M20iLTD PWR: La bicicleta de carretera definitiva<\/title>\n<meta name=\"description\" content=\"La Orbea ORCA M20iLTD PWR es la bicicleta de carretera definitiva para los ciclistas m\u00e1s exigentes. Con un cuadro de carbono OMR, transmisi\u00f3n Shimano Ultegra Di2 y un sistema de medici\u00f3n de potencia integrado, este modelo ofrece una experiencia de ciclismo de \u00e9lite.\" \/>\n<meta name=\"robots\" content=\"index, follow, max-snippet:-1, max-image-preview:large, max-video-preview:-1\" \/>\n<link rel=\"canonical\" href=\"https:\/\/naturalbikes.cl\/?product=bicicleta-orbea-orca-m20iltd-pwr\" \/>\n<meta property=\"og:locale\" content=\"es_ES\" \/>\n<meta property=\"og:type\" content=\"article\" \/>\n<meta property=\"og:title\" content=\"Bicicleta Orbea ORCA M20iLTD PWR\" \/>\n<meta property=\"og:description\" content=\"Ofrecer a nuestros clientes apasionados por el ciclismo de monta\u00f1a la mejor experiencia en productos, conocimientos especializados y servicios excepcionales. Nos comprometemos a proporcionar una amplia gama de bicicletas, accesorios y equipo de alta calidad, junto con asesoramiento experto y atenci\u00f3n personalizada para cada ciclista, para que puedan explorar, disfrutar y maximizar su aventura en el mundo del MTB\" \/>\n<meta property=\"og:url\" content=\"https:\/\/naturalbikes.cl\/?product=bicicleta-orbea-orca-m20iltd-pwr\" \/>\n<meta property=\"og:site_name\" content=\"NaturalBikes\" \/>\n<meta property=\"article:publisher\" content=\"https:\/\/www.facebook.com\/naturalbikescl\" \/>\n<meta property=\"article:modified_time\" content=\"2026-01-06T20:12:40+00:00\" \/>\n<meta property=\"og:image\" content=\"https:\/\/naturalbikes.cl\/wp-content\/uploads\/2025\/01\/S120TTCC-AM-SIDE-ORCA_M20iLTD_PWR.jpg\" \/>\n\t<meta property=\"og:image:width\" content=\"2000\" \/>\n\t<meta property=\"og:image:height\" content=\"1728\" \/>\n\t<meta property=\"og:image:type\" content=\"image\/jpeg\" \/>\n<meta name=\"twitter:card\" content=\"summary_large_image\" \/>\n<meta name=\"twitter:label1\" content=\"Tiempo de lectura\" \/>\n\t<meta name=\"twitter:data1\" content=\"4 minutos\" \/>\n<script type=\"application\/ld+json\" class=\"yoast-schema-graph\">{\"@context\":\"https:\/\/schema.org\",\"@graph\":[{\"@type\":\"WebPage\",\"@id\":\"https:\/\/naturalbikes.cl\/?product=bicicleta-orbea-orca-m20iltd-pwr\",\"url\":\"https:\/\/naturalbikes.cl\/?product=bicicleta-orbea-orca-m20iltd-pwr\",\"name\":\"Orbea ORCA M20iLTD PWR: La bicicleta de carretera definitiva\",\"isPartOf\":{\"@id\":\"https:\/\/naturalbikes.cl\/#website\"},\"primaryImageOfPage\":{\"@id\":\"https:\/\/naturalbikes.cl\/?product=bicicleta-orbea-orca-m20iltd-pwr#primaryimage\"},\"image\":{\"@id\":\"https:\/\/naturalbikes.cl\/?product=bicicleta-orbea-orca-m20iltd-pwr#primaryimage\"},\"thumbnailUrl\":\"https:\/\/naturalbikes.cl\/wp-content\/uploads\/2025\/01\/S120TTCC-AM-SIDE-ORCA_M20iLTD_PWR.jpg\",\"datePublished\":\"2025-01-27T16:20:34+00:00\",\"dateModified\":\"2026-01-06T20:12:40+00:00\",\"description\":\"La Orbea ORCA M20iLTD PWR es la bicicleta de carretera definitiva para los ciclistas m\u00e1s exigentes. Con un cuadro de carbono OMR, transmisi\u00f3n Shimano Ultegra Di2 y un sistema de medici\u00f3n de potencia integrado, este modelo ofrece una experiencia de ciclismo de \u00e9lite.\",\"breadcrumb\":{\"@id\":\"https:\/\/naturalbikes.cl\/?product=bicicleta-orbea-orca-m20iltd-pwr#breadcrumb\"},\"inLanguage\":\"es\",\"potentialAction\":[{\"@type\":\"ReadAction\",\"target\":[\"https:\/\/naturalbikes.cl\/?product=bicicleta-orbea-orca-m20iltd-pwr\"]}]},{\"@type\":\"ImageObject\",\"inLanguage\":\"es\",\"@id\":\"https:\/\/naturalbikes.cl\/?product=bicicleta-orbea-orca-m20iltd-pwr#primaryimage\",\"url\":\"https:\/\/naturalbikes.cl\/wp-content\/uploads\/2025\/01\/S120TTCC-AM-SIDE-ORCA_M20iLTD_PWR.jpg\",\"contentUrl\":\"https:\/\/naturalbikes.cl\/wp-content\/uploads\/2025\/01\/S120TTCC-AM-SIDE-ORCA_M20iLTD_PWR.jpg\",\"width\":2000,\"height\":1728},{\"@type\":\"BreadcrumbList\",\"@id\":\"https:\/\/naturalbikes.cl\/?product=bicicleta-orbea-orca-m20iltd-pwr#breadcrumb\",\"itemListElement\":[{\"@type\":\"ListItem\",\"position\":1,\"name\":\"Portada\",\"item\":\"https:\/\/naturalbikes.cl\/\"},{\"@type\":\"ListItem\",\"position\":2,\"name\":\"Tienda NB\",\"item\":\"https:\/\/naturalbikes.cl\/?page_id=7843\"},{\"@type\":\"ListItem\",\"position\":3,\"name\":\"Orbea\",\"item\":\"https:\/\/naturalbikes.cl\/?product_brand=orbea\"},{\"@type\":\"ListItem\",\"position\":4,\"name\":\"Bicicleta Orbea ORCA M20iLTD PWR\"}]},{\"@type\":\"WebSite\",\"@id\":\"https:\/\/naturalbikes.cl\/#website\",\"url\":\"https:\/\/naturalbikes.cl\/\",\"name\":\"Natural Bikes\",\"description\":\"Tienda de bicicletas repuestos accesorios taller mantenimiento clases salidas\",\"publisher\":{\"@id\":\"https:\/\/naturalbikes.cl\/#organization\"},\"alternateName\":\"Natural Bikes\",\"potentialAction\":[{\"@type\":\"SearchAction\",\"target\":{\"@type\":\"EntryPoint\",\"urlTemplate\":\"https:\/\/naturalbikes.cl\/?s={search_term_string}\"},\"query-input\":{\"@type\":\"PropertyValueSpecification\",\"valueRequired\":true,\"valueName\":\"search_term_string\"}}],\"inLanguage\":\"es\"},{\"@type\":\"Organization\",\"@id\":\"https:\/\/naturalbikes.cl\/#organization\",\"name\":\"Natural Bikes\",\"alternateName\":\"Natural Bikes\",\"url\":\"https:\/\/naturalbikes.cl\/\",\"logo\":{\"@type\":\"ImageObject\",\"inLanguage\":\"es\",\"@id\":\"https:\/\/naturalbikes.cl\/#\/schema\/logo\/image\/\",\"url\":\"https:\/\/naturalbikes.cl\/wp-content\/uploads\/2024\/05\/2023-10-10-10.44.12.jpg\",\"contentUrl\":\"https:\/\/naturalbikes.cl\/wp-content\/uploads\/2024\/05\/2023-10-10-10.44.12.jpg\",\"width\":650,\"height\":650,\"caption\":\"Natural Bikes\"},\"image\":{\"@id\":\"https:\/\/naturalbikes.cl\/#\/schema\/logo\/image\/\"},\"sameAs\":[\"https:\/\/www.facebook.com\/naturalbikescl\",\"https:\/\/www.instagram.com\/natural.bikes\",\"https:\/\/www.tiktok.com\/@natural.bikes\"],\"description\":\"Ofrecer a nuestros clientes apasionados por el ciclismo de monta\u00f1a la mejor experiencia en productos, conocimientos especializados y servicios excepcionales. Nos comprometemos a proporcionar una amplia gama de bicicletas, accesorios y equipo de alta calidad, junto con asesoramiento experto y atenci\u00f3n personalizada para cada ciclista, para que puedan explorar, disfrutar y maximizar su aventura en el mundo del MTB\",\"email\":\"naturalbikes1@gmail.com\",\"telephone\":\"56977043878\",\"legalName\":\"Natural Bikes Limitada\",\"foundingDate\":\"2024-01-01\",\"vatID\":\"76699553-5\",\"taxID\":\"76699553-5\",\"numberOfEmployees\":{\"@type\":\"QuantitativeValue\",\"minValue\":\"1\",\"maxValue\":\"10\"},\"publishingPrinciples\":\"https:\/\/naturalbikes.cl\/?page_id=7843\",\"ownershipFundingInfo\":\"https:\/\/naturalbikes.cl\/?page_id=7843\",\"actionableFeedbackPolicy\":\"https:\/\/naturalbikes.cl\/?page_id=14797\",\"correctionsPolicy\":\"https:\/\/naturalbikes.cl\/?page_id=3\",\"ethicsPolicy\":\"https:\/\/naturalbikes.cl\/?page_id=7843\",\"diversityPolicy\":\"https:\/\/naturalbikes.cl\/?page_id=11734\",\"diversityStaffingReport\":\"https:\/\/naturalbikes.cl\/?page_id=12161\"}]}<\/script>\n<!-- \/ Yoast SEO Premium plugin. -->","yoast_head_json":{"title":"Orbea ORCA M20iLTD PWR: La bicicleta de carretera definitiva","description":"La Orbea ORCA M20iLTD PWR es la bicicleta de carretera definitiva para los ciclistas m\u00e1s exigentes. Con un cuadro de carbono OMR, transmisi\u00f3n Shimano Ultegra Di2 y un sistema de medici\u00f3n de potencia integrado, este modelo ofrece una experiencia de ciclismo de \u00e9lite.","robots":{"index":"index","follow":"follow","max-snippet":"max-snippet:-1","max-image-preview":"max-image-preview:large","max-video-preview":"max-video-preview:-1"},"canonical":"https:\/\/naturalbikes.cl\/?product=bicicleta-orbea-orca-m20iltd-pwr","og_locale":"es_ES","og_type":"article","og_title":"Bicicleta Orbea ORCA M20iLTD PWR","og_description":"Ofrecer a nuestros clientes apasionados por el ciclismo de monta\u00f1a la mejor experiencia en productos, conocimientos especializados y servicios excepcionales. Nos comprometemos a proporcionar una amplia gama de bicicletas, accesorios y equipo de alta calidad, junto con asesoramiento experto y atenci\u00f3n personalizada para cada ciclista, para que puedan explorar, disfrutar y maximizar su aventura en el mundo del MTB","og_url":"https:\/\/naturalbikes.cl\/?product=bicicleta-orbea-orca-m20iltd-pwr","og_site_name":"NaturalBikes","article_publisher":"https:\/\/www.facebook.com\/naturalbikescl","article_modified_time":"2026-01-06T20:12:40+00:00","og_image":[{"width":2000,"height":1728,"url":"https:\/\/naturalbikes.cl\/wp-content\/uploads\/2025\/01\/S120TTCC-AM-SIDE-ORCA_M20iLTD_PWR.jpg","type":"image\/jpeg"}],"twitter_card":"summary_large_image","twitter_misc":{"Tiempo de lectura":"4 minutos"},"schema":{"@context":"https:\/\/schema.org","@graph":[{"@type":"WebPage","@id":"https:\/\/naturalbikes.cl\/?product=bicicleta-orbea-orca-m20iltd-pwr","url":"https:\/\/naturalbikes.cl\/?product=bicicleta-orbea-orca-m20iltd-pwr","name":"Orbea ORCA M20iLTD PWR: La bicicleta de carretera definitiva","isPartOf":{"@id":"https:\/\/naturalbikes.cl\/#website"},"primaryImageOfPage":{"@id":"https:\/\/naturalbikes.cl\/?product=bicicleta-orbea-orca-m20iltd-pwr#primaryimage"},"image":{"@id":"https:\/\/naturalbikes.cl\/?product=bicicleta-orbea-orca-m20iltd-pwr#primaryimage"},"thumbnailUrl":"https:\/\/naturalbikes.cl\/wp-content\/uploads\/2025\/01\/S120TTCC-AM-SIDE-ORCA_M20iLTD_PWR.jpg","datePublished":"2025-01-27T16:20:34+00:00","dateModified":"2026-01-06T20:12:40+00:00","description":"La Orbea ORCA M20iLTD PWR es la bicicleta de carretera definitiva para los ciclistas m\u00e1s exigentes. Con un cuadro de carbono OMR, transmisi\u00f3n Shimano Ultegra Di2 y un sistema de medici\u00f3n de potencia integrado, este modelo ofrece una experiencia de ciclismo de \u00e9lite.","breadcrumb":{"@id":"https:\/\/naturalbikes.cl\/?product=bicicleta-orbea-orca-m20iltd-pwr#breadcrumb"},"inLanguage":"es","potentialAction":[{"@type":"ReadAction","target":["https:\/\/naturalbikes.cl\/?product=bicicleta-orbea-orca-m20iltd-pwr"]}]},{"@type":"ImageObject","inLanguage":"es","@id":"https:\/\/naturalbikes.cl\/?product=bicicleta-orbea-orca-m20iltd-pwr#primaryimage","url":"https:\/\/naturalbikes.cl\/wp-content\/uploads\/2025\/01\/S120TTCC-AM-SIDE-ORCA_M20iLTD_PWR.jpg","contentUrl":"https:\/\/naturalbikes.cl\/wp-content\/uploads\/2025\/01\/S120TTCC-AM-SIDE-ORCA_M20iLTD_PWR.jpg","width":2000,"height":1728},{"@type":"BreadcrumbList","@id":"https:\/\/naturalbikes.cl\/?product=bicicleta-orbea-orca-m20iltd-pwr#breadcrumb","itemListElement":[{"@type":"ListItem","position":1,"name":"Portada","item":"https:\/\/naturalbikes.cl\/"},{"@type":"ListItem","position":2,"name":"Tienda NB","item":"https:\/\/naturalbikes.cl\/?page_id=7843"},{"@type":"ListItem","position":3,"name":"Orbea","item":"https:\/\/naturalbikes.cl\/?product_brand=orbea"},{"@type":"ListItem","position":4,"name":"Bicicleta Orbea ORCA M20iLTD PWR"}]},{"@type":"WebSite","@id":"https:\/\/naturalbikes.cl\/#website","url":"https:\/\/naturalbikes.cl\/","name":"Natural Bikes","description":"Tienda de bicicletas repuestos accesorios taller mantenimiento clases salidas","publisher":{"@id":"https:\/\/naturalbikes.cl\/#organization"},"alternateName":"Natural Bikes","potentialAction":[{"@type":"SearchAction","target":{"@type":"EntryPoint","urlTemplate":"https:\/\/naturalbikes.cl\/?s={search_term_string}"},"query-input":{"@type":"PropertyValueSpecification","valueRequired":true,"valueName":"search_term_string"}}],"inLanguage":"es"},{"@type":"Organization","@id":"https:\/\/naturalbikes.cl\/#organization","name":"Natural Bikes","alternateName":"Natural Bikes","url":"https:\/\/naturalbikes.cl\/","logo":{"@type":"ImageObject","inLanguage":"es","@id":"https:\/\/naturalbikes.cl\/#\/schema\/logo\/image\/","url":"https:\/\/naturalbikes.cl\/wp-content\/uploads\/2024\/05\/2023-10-10-10.44.12.jpg","contentUrl":"https:\/\/naturalbikes.cl\/wp-content\/uploads\/2024\/05\/2023-10-10-10.44.12.jpg","width":650,"height":650,"caption":"Natural Bikes"},"image":{"@id":"https:\/\/naturalbikes.cl\/#\/schema\/logo\/image\/"},"sameAs":["https:\/\/www.facebook.com\/naturalbikescl","https:\/\/www.instagram.com\/natural.bikes","https:\/\/www.tiktok.com\/@natural.bikes"],"description":"Ofrecer a nuestros clientes apasionados por el ciclismo de monta\u00f1a la mejor experiencia en productos, conocimientos especializados y servicios excepcionales. Nos comprometemos a proporcionar una amplia gama de bicicletas, accesorios y equipo de alta calidad, junto con asesoramiento experto y atenci\u00f3n personalizada para cada ciclista, para que puedan explorar, disfrutar y maximizar su aventura en el mundo del MTB","email":"naturalbikes1@gmail.com","telephone":"56977043878","legalName":"Natural Bikes Limitada","foundingDate":"2024-01-01","vatID":"76699553-5","taxID":"76699553-5","numberOfEmployees":{"@type":"QuantitativeValue","minValue":"1","maxValue":"10"},"publishingPrinciples":"https:\/\/naturalbikes.cl\/?page_id=7843","ownershipFundingInfo":"https:\/\/naturalbikes.cl\/?page_id=7843","actionableFeedbackPolicy":"https:\/\/naturalbikes.cl\/?page_id=14797","correctionsPolicy":"https:\/\/naturalbikes.cl\/?page_id=3","ethicsPolicy":"https:\/\/naturalbikes.cl\/?page_id=7843","diversityPolicy":"https:\/\/naturalbikes.cl\/?page_id=11734","diversityStaffingReport":"https:\/\/naturalbikes.cl\/?page_id=12161"}]}},"_links":{"self":[{"href":"https:\/\/naturalbikes.cl\/index.php?rest_route=\/wp\/v2\/product\/21854"}],"collection":[{"href":"https:\/\/naturalbikes.cl\/index.php?rest_route=\/wp\/v2\/product"}],"about":[{"href":"https:\/\/naturalbikes.cl\/index.php?rest_route=\/wp\/v2\/types\/product"}],"replies":[{"embeddable":true,"href":"https:\/\/naturalbikes.cl\/index.php?rest_route=%2Fwp%2Fv2%2Fcomments&post=21854"}],"wp:featuredmedia":[{"embeddable":true,"href":"https:\/\/naturalbikes.cl\/index.php?rest_route=\/wp\/v2\/media\/21856"}],"wp:attachment":[{"href":"https:\/\/naturalbikes.cl\/index.php?rest_route=%2Fwp%2Fv2%2Fmedia&parent=21854"}],"wp:term":[{"taxonomy":"product_cat","embeddable":true,"href":"https:\/\/naturalbikes.cl\/index.php?rest_route=%2Fwp%2Fv2%2Fproduct_cat&post=21854"},{"taxonomy":"product_tag","embeddable":true,"href":"https:\/\/naturalbikes.cl\/index.php?rest_route=%2Fwp%2Fv2%2Fproduct_tag&post=21854"}],"curies":[{"name":"wp","href":"https:\/\/api.w.org\/{rel}","templated":true}]}}