{"id":21819,"date":"2025-01-27T11:34:21","date_gmt":"2025-01-27T14:34:21","guid":{"rendered":"https:\/\/naturalbikes.cl\/?post_type=product&#038;p=21819"},"modified":"2026-01-06T17:12:40","modified_gmt":"2026-01-06T20:12:40","slug":"orbea-oiz-m21","status":"publish","type":"product","link":"https:\/\/naturalbikes.cl\/?product=orbea-oiz-m21","title":{"rendered":"Bicicleta Orbea Oiz M21 Carbon"},"content":{"rendered":"<p><img decoding=\"async\" style=\"display: block; margin-left: auto; margin-right: auto;\" src=\"https:\/\/cdn.shopify.com\/s\/files\/1\/0084\/1151\/2896\/files\/orbea-logo_480x480.svg?v=1694812871\" alt=\"\" width=\"223\" height=\"24\" \/><\/p>\n<h2 style=\"text-align: center;\">OIZ M21 Carbon<\/h2>\n<p style=\"text-align: center;\"><strong>Toma el control sin concesiones. Oiz no es una bici de down country ni de trail, es la m\u00e1quina de competici\u00f3n de XC de 120 mm m\u00e1s elegante y veloz. Con una geometr\u00eda moderna, una suspensi\u00f3n inteligente y dise\u00f1ada teniendo en cuenta los 120 mm desde su concepci\u00f3n, con Oiz conseguimos una dosis adicional de diversi\u00f3n sin comprometer el peso ni la eficiencia.<\/strong><\/p>\n<p style=\"text-align: center;\"><img fetchpriority=\"high\" decoding=\"async\" src=\"https:\/\/www.orbea.com\/img\/products\/product\/over\/large\/N232TTCC-N3-FRONT-OIZ_H30_SRD.jpg\" width=\"1061\" height=\"917\" \/><\/p>\n<h3>Recorrido sin concesiones<\/h3>\n<p>En el pasado, tener que elegir entre 100 mm y 120 mm obligaba a renunciar a algo, ya fuera el control de los 120 mm o la ligereza y eficiencia de los 100 mm. Con un dise\u00f1o basado desde su concepci\u00f3n en un recorrido mas largo, pero a la vez mas ligero y eficiente que nunca, Oiz se opone rotundamente a esta clase de concesiones.<img decoding=\"async\" src=\"https:\/\/cdn.shopify.com\/s\/files\/1\/0084\/1151\/2896\/files\/01_travel.png?v=1711034076\" alt=\"\" \/><\/p>\n<h3>Sic System<\/h3>\n<p>El SIC System optimiza el recorrido de los cables por la direcci\u00f3n y las gu\u00edas internas, y del triangulo delantero al trasero a trav\u00e9s de nuestro sistema de tendido de cables.<img decoding=\"async\" src=\"https:\/\/cdn.shopify.com\/s\/files\/1\/0084\/1151\/2896\/files\/02_sic_2.png?v=1711034075\" alt=\"\" \/><\/p>\n<h3>I-Line<\/h3>\n<p>La tecnolog\u00eda I-Line de bloqueo de la suspensi\u00f3n es la mas estilizada e integrada que encontraras en el mercado.<img decoding=\"async\" src=\"https:\/\/cdn.shopify.com\/s\/files\/1\/0084\/1151\/2896\/files\/03_I-line.png?v=1711034075\" alt=\"\" \/><\/p>\n<div id=\"intro\" class=\"block-menu\">\n<div class=\"description\">\n<p><strong>ESPECIFICACIONES<\/strong><\/p>\n<div class=\"row\">\n<p><strong>Cuadro<\/strong><br \/>\nOrbea Oiz Carbon OMR, Fiberlink, Boost, BSA, SIC, UFO, I-line shock<\/p>\n<p><strong>Amortiguador<\/strong><br \/>\nRockShox SID Luxe Select+ 3 position120mm 190x45mm<\/p>\n<p><strong>Horquilla<\/strong><br \/>\nRockShox SID Select 120 DebonAir+ RL 3-Position QR15X110 Boost<\/p>\n<p><strong>Direccion<\/strong><br \/>\nAlloy 1-1\/2&#8243;, Black Oxidated Bearing<\/p>\n<p><strong>Plato\/Biela<\/strong><br \/>\nSram GX Eagle Dub Lunar Boost 32t<\/p>\n<p><strong>Manetas<\/strong><br \/>\nSram GX Eagle Lunar<\/p>\n<p><strong>Pi\u00f1on<\/strong><br \/>\nSram XG-1275 Eagle 10-52t 12-Speed<\/p>\n<p><strong>Cambio<\/strong><br \/>\nSram GX Eagle Lunar<\/p>\n<p><strong>Cadena<\/strong><br \/>\nSram GX Eagle 12-Speed<\/p>\n<p><strong>Manillar<\/strong><br \/>\nOC Mountain Performance MP30, Width 760<\/p>\n<p><strong>Potencia<\/strong><br \/>\nOC Mountain Performance MP21, -6\u00ba<\/p>\n<p><strong>Freno<\/strong><br \/>\nShimano M6100 Hydraulic Disc<\/p>\n<p><strong>Rueda<\/strong><br \/>\nOquo Mountain Performance MP28PRO<\/p>\n<p><strong>Cubierta<\/strong><br \/>\nMaxxis Rekon Race 2.40&#8243; WT 120 TPI Exo TLR<\/p>\n<p><strong>Tija sillin<\/strong><br \/>\nOC Mountain Control MC22, 31.6mm, Dropper<\/p>\n<p><strong>Sillin<\/strong><br \/>\nFizik Vento Argo X5 Alluminium 140mm<\/p>\n<p><strong>Pu\u00f1os<\/strong><br \/>\nOC Lock On<\/p>\n<p><strong>Bloqueo remoto<\/strong><br \/>\nOC Squidlock MP11, Suspension + Dropper<\/p>\n<\/div>\n<\/div>\n<\/div>\n","protected":false},"excerpt":{"rendered":"<p><img decoding=\"async\" style=\"display: block; margin-left: auto; margin-right: auto;\" src=\"https:\/\/cdn.shopify.com\/s\/files\/1\/0084\/1151\/2896\/files\/orbea-logo_480x480.svg?v=1694812871\" alt=\"\" width=\"223\" height=\"24\" \/><\/p>\n<p><strong>La Orbea Oiz M21 Carbon es la bicicleta de cross-country definitiva para los ciclistas m\u00e1s exigentes. Su cuadro de carbono ultraligero, geometr\u00eda racing y componentes de alta gama te brindar\u00e1n la velocidad y eficiencia que necesitas para conquistar cualquier sendero.<\/strong><\/p>\n","protected":false},"featured_media":21821,"comment_status":"open","ping_status":"closed","template":"","meta":[],"product_cat":[206,195,296],"product_tag":[1313,1433,1432,822],"class_list":{"0":"post-21819","1":"product","2":"type-product","3":"status-publish","4":"has-post-thumbnail","6":"product_brand-orbea","7":"product_cat-bicicleta-xc","8":"product_cat-bicicletas","9":"product_cat-orbea-bicicleta-xc","10":"product_tag-bicicleta-xc","11":"product_tag-bicicleta-xcm","12":"product_tag-bicicleta-xco","13":"product_tag-orbea","15":"first","16":"instock","17":"taxable","18":"shipping-taxable","19":"purchasable","20":"product-type-variable","21":"rtwpvg-product"},"yoast_head":"<!-- This site is optimized with the Yoast SEO Premium plugin v24.8 (Yoast SEO v25.6) - https:\/\/yoast.com\/wordpress\/plugins\/seo\/ -->\n<title>Orbea Oiz M21: La bicicleta de XC m\u00e1s r\u00e1pida y ligera<\/title>\n<meta name=\"description\" content=\"La Orbea Oiz M21 Carbon es la bicicleta de cross-country definitiva para los ciclistas m\u00e1s exigentes. Su cuadro de carbono ultraligero, geometr\u00eda racing y componentes de alta gama te brindar\u00e1n la velocidad y eficiencia que necesitas para conquistar cualquier sendero.\" \/>\n<meta name=\"robots\" content=\"index, follow, max-snippet:-1, max-image-preview:large, max-video-preview:-1\" \/>\n<link rel=\"canonical\" href=\"https:\/\/naturalbikes.cl\/?product=orbea-oiz-m21\" \/>\n<meta property=\"og:locale\" content=\"es_ES\" \/>\n<meta property=\"og:type\" content=\"article\" \/>\n<meta property=\"og:title\" content=\"Bicicleta Orbea Oiz M21 Carbon\" \/>\n<meta property=\"og:description\" content=\"Ofrecer a nuestros clientes apasionados por el ciclismo de monta\u00f1a la mejor experiencia en productos, conocimientos especializados y servicios excepcionales. Nos comprometemos a proporcionar una amplia gama de bicicletas, accesorios y equipo de alta calidad, junto con asesoramiento experto y atenci\u00f3n personalizada para cada ciclista, para que puedan explorar, disfrutar y maximizar su aventura en el mundo del MTB\" \/>\n<meta property=\"og:url\" content=\"https:\/\/naturalbikes.cl\/?product=orbea-oiz-m21\" \/>\n<meta property=\"og:site_name\" content=\"NaturalBikes\" \/>\n<meta property=\"article:publisher\" content=\"https:\/\/www.facebook.com\/naturalbikescl\" \/>\n<meta property=\"article:modified_time\" content=\"2026-01-06T20:12:40+00:00\" \/>\n<meta property=\"og:image\" content=\"https:\/\/naturalbikes.cl\/wp-content\/uploads\/2025\/01\/S236TTCC-KS-SIDE-OIZ_M21.jpg\" \/>\n\t<meta property=\"og:image:width\" content=\"2000\" \/>\n\t<meta property=\"og:image:height\" content=\"1728\" \/>\n\t<meta property=\"og:image:type\" content=\"image\/jpeg\" \/>\n<meta name=\"twitter:card\" content=\"summary_large_image\" \/>\n<meta name=\"twitter:label1\" content=\"Tiempo de lectura\" \/>\n\t<meta name=\"twitter:data1\" content=\"3 minutos\" \/>\n<script type=\"application\/ld+json\" class=\"yoast-schema-graph\">{\"@context\":\"https:\/\/schema.org\",\"@graph\":[{\"@type\":\"WebPage\",\"@id\":\"https:\/\/naturalbikes.cl\/?product=orbea-oiz-m21\",\"url\":\"https:\/\/naturalbikes.cl\/?product=orbea-oiz-m21\",\"name\":\"Orbea Oiz M21: La bicicleta de XC m\u00e1s r\u00e1pida y ligera\",\"isPartOf\":{\"@id\":\"https:\/\/naturalbikes.cl\/#website\"},\"primaryImageOfPage\":{\"@id\":\"https:\/\/naturalbikes.cl\/?product=orbea-oiz-m21#primaryimage\"},\"image\":{\"@id\":\"https:\/\/naturalbikes.cl\/?product=orbea-oiz-m21#primaryimage\"},\"thumbnailUrl\":\"https:\/\/naturalbikes.cl\/wp-content\/uploads\/2025\/01\/S236TTCC-KS-SIDE-OIZ_M21.jpg\",\"datePublished\":\"2025-01-27T14:34:21+00:00\",\"dateModified\":\"2026-01-06T20:12:40+00:00\",\"description\":\"La Orbea Oiz M21 Carbon es la bicicleta de cross-country definitiva para los ciclistas m\u00e1s exigentes. Su cuadro de carbono ultraligero, geometr\u00eda racing y componentes de alta gama te brindar\u00e1n la velocidad y eficiencia que necesitas para conquistar cualquier sendero.\",\"breadcrumb\":{\"@id\":\"https:\/\/naturalbikes.cl\/?product=orbea-oiz-m21#breadcrumb\"},\"inLanguage\":\"es\",\"potentialAction\":[{\"@type\":\"ReadAction\",\"target\":[\"https:\/\/naturalbikes.cl\/?product=orbea-oiz-m21\"]}]},{\"@type\":\"ImageObject\",\"inLanguage\":\"es\",\"@id\":\"https:\/\/naturalbikes.cl\/?product=orbea-oiz-m21#primaryimage\",\"url\":\"https:\/\/naturalbikes.cl\/wp-content\/uploads\/2025\/01\/S236TTCC-KS-SIDE-OIZ_M21.jpg\",\"contentUrl\":\"https:\/\/naturalbikes.cl\/wp-content\/uploads\/2025\/01\/S236TTCC-KS-SIDE-OIZ_M21.jpg\",\"width\":2000,\"height\":1728},{\"@type\":\"BreadcrumbList\",\"@id\":\"https:\/\/naturalbikes.cl\/?product=orbea-oiz-m21#breadcrumb\",\"itemListElement\":[{\"@type\":\"ListItem\",\"position\":1,\"name\":\"Portada\",\"item\":\"https:\/\/naturalbikes.cl\/\"},{\"@type\":\"ListItem\",\"position\":2,\"name\":\"Tienda NB\",\"item\":\"https:\/\/naturalbikes.cl\/?page_id=7843\"},{\"@type\":\"ListItem\",\"position\":3,\"name\":\"Orbea\",\"item\":\"https:\/\/naturalbikes.cl\/?product_brand=orbea\"},{\"@type\":\"ListItem\",\"position\":4,\"name\":\"Bicicleta Orbea Oiz M21 Carbon\"}]},{\"@type\":\"WebSite\",\"@id\":\"https:\/\/naturalbikes.cl\/#website\",\"url\":\"https:\/\/naturalbikes.cl\/\",\"name\":\"Natural Bikes\",\"description\":\"Tienda de bicicletas repuestos accesorios taller mantenimiento clases salidas\",\"publisher\":{\"@id\":\"https:\/\/naturalbikes.cl\/#organization\"},\"alternateName\":\"Natural Bikes\",\"potentialAction\":[{\"@type\":\"SearchAction\",\"target\":{\"@type\":\"EntryPoint\",\"urlTemplate\":\"https:\/\/naturalbikes.cl\/?s={search_term_string}\"},\"query-input\":{\"@type\":\"PropertyValueSpecification\",\"valueRequired\":true,\"valueName\":\"search_term_string\"}}],\"inLanguage\":\"es\"},{\"@type\":\"Organization\",\"@id\":\"https:\/\/naturalbikes.cl\/#organization\",\"name\":\"Natural Bikes\",\"alternateName\":\"Natural Bikes\",\"url\":\"https:\/\/naturalbikes.cl\/\",\"logo\":{\"@type\":\"ImageObject\",\"inLanguage\":\"es\",\"@id\":\"https:\/\/naturalbikes.cl\/#\/schema\/logo\/image\/\",\"url\":\"https:\/\/naturalbikes.cl\/wp-content\/uploads\/2024\/05\/2023-10-10-10.44.12.jpg\",\"contentUrl\":\"https:\/\/naturalbikes.cl\/wp-content\/uploads\/2024\/05\/2023-10-10-10.44.12.jpg\",\"width\":650,\"height\":650,\"caption\":\"Natural Bikes\"},\"image\":{\"@id\":\"https:\/\/naturalbikes.cl\/#\/schema\/logo\/image\/\"},\"sameAs\":[\"https:\/\/www.facebook.com\/naturalbikescl\",\"https:\/\/www.instagram.com\/natural.bikes\",\"https:\/\/www.tiktok.com\/@natural.bikes\"],\"description\":\"Ofrecer a nuestros clientes apasionados por el ciclismo de monta\u00f1a la mejor experiencia en productos, conocimientos especializados y servicios excepcionales. Nos comprometemos a proporcionar una amplia gama de bicicletas, accesorios y equipo de alta calidad, junto con asesoramiento experto y atenci\u00f3n personalizada para cada ciclista, para que puedan explorar, disfrutar y maximizar su aventura en el mundo del MTB\",\"email\":\"naturalbikes1@gmail.com\",\"telephone\":\"56977043878\",\"legalName\":\"Natural Bikes Limitada\",\"foundingDate\":\"2024-01-01\",\"vatID\":\"76699553-5\",\"taxID\":\"76699553-5\",\"numberOfEmployees\":{\"@type\":\"QuantitativeValue\",\"minValue\":\"1\",\"maxValue\":\"10\"},\"publishingPrinciples\":\"https:\/\/naturalbikes.cl\/?page_id=7843\",\"ownershipFundingInfo\":\"https:\/\/naturalbikes.cl\/?page_id=7843\",\"actionableFeedbackPolicy\":\"https:\/\/naturalbikes.cl\/?page_id=14797\",\"correctionsPolicy\":\"https:\/\/naturalbikes.cl\/?page_id=3\",\"ethicsPolicy\":\"https:\/\/naturalbikes.cl\/?page_id=7843\",\"diversityPolicy\":\"https:\/\/naturalbikes.cl\/?page_id=11734\",\"diversityStaffingReport\":\"https:\/\/naturalbikes.cl\/?page_id=12161\"}]}<\/script>\n<!-- \/ Yoast SEO Premium plugin. -->","yoast_head_json":{"title":"Orbea Oiz M21: La bicicleta de XC m\u00e1s r\u00e1pida y ligera","description":"La Orbea Oiz M21 Carbon es la bicicleta de cross-country definitiva para los ciclistas m\u00e1s exigentes. Su cuadro de carbono ultraligero, geometr\u00eda racing y componentes de alta gama te brindar\u00e1n la velocidad y eficiencia que necesitas para conquistar cualquier sendero.","robots":{"index":"index","follow":"follow","max-snippet":"max-snippet:-1","max-image-preview":"max-image-preview:large","max-video-preview":"max-video-preview:-1"},"canonical":"https:\/\/naturalbikes.cl\/?product=orbea-oiz-m21","og_locale":"es_ES","og_type":"article","og_title":"Bicicleta Orbea Oiz M21 Carbon","og_description":"Ofrecer a nuestros clientes apasionados por el ciclismo de monta\u00f1a la mejor experiencia en productos, conocimientos especializados y servicios excepcionales. Nos comprometemos a proporcionar una amplia gama de bicicletas, accesorios y equipo de alta calidad, junto con asesoramiento experto y atenci\u00f3n personalizada para cada ciclista, para que puedan explorar, disfrutar y maximizar su aventura en el mundo del MTB","og_url":"https:\/\/naturalbikes.cl\/?product=orbea-oiz-m21","og_site_name":"NaturalBikes","article_publisher":"https:\/\/www.facebook.com\/naturalbikescl","article_modified_time":"2026-01-06T20:12:40+00:00","og_image":[{"width":2000,"height":1728,"url":"https:\/\/naturalbikes.cl\/wp-content\/uploads\/2025\/01\/S236TTCC-KS-SIDE-OIZ_M21.jpg","type":"image\/jpeg"}],"twitter_card":"summary_large_image","twitter_misc":{"Tiempo de lectura":"3 minutos"},"schema":{"@context":"https:\/\/schema.org","@graph":[{"@type":"WebPage","@id":"https:\/\/naturalbikes.cl\/?product=orbea-oiz-m21","url":"https:\/\/naturalbikes.cl\/?product=orbea-oiz-m21","name":"Orbea Oiz M21: La bicicleta de XC m\u00e1s r\u00e1pida y ligera","isPartOf":{"@id":"https:\/\/naturalbikes.cl\/#website"},"primaryImageOfPage":{"@id":"https:\/\/naturalbikes.cl\/?product=orbea-oiz-m21#primaryimage"},"image":{"@id":"https:\/\/naturalbikes.cl\/?product=orbea-oiz-m21#primaryimage"},"thumbnailUrl":"https:\/\/naturalbikes.cl\/wp-content\/uploads\/2025\/01\/S236TTCC-KS-SIDE-OIZ_M21.jpg","datePublished":"2025-01-27T14:34:21+00:00","dateModified":"2026-01-06T20:12:40+00:00","description":"La Orbea Oiz M21 Carbon es la bicicleta de cross-country definitiva para los ciclistas m\u00e1s exigentes. Su cuadro de carbono ultraligero, geometr\u00eda racing y componentes de alta gama te brindar\u00e1n la velocidad y eficiencia que necesitas para conquistar cualquier sendero.","breadcrumb":{"@id":"https:\/\/naturalbikes.cl\/?product=orbea-oiz-m21#breadcrumb"},"inLanguage":"es","potentialAction":[{"@type":"ReadAction","target":["https:\/\/naturalbikes.cl\/?product=orbea-oiz-m21"]}]},{"@type":"ImageObject","inLanguage":"es","@id":"https:\/\/naturalbikes.cl\/?product=orbea-oiz-m21#primaryimage","url":"https:\/\/naturalbikes.cl\/wp-content\/uploads\/2025\/01\/S236TTCC-KS-SIDE-OIZ_M21.jpg","contentUrl":"https:\/\/naturalbikes.cl\/wp-content\/uploads\/2025\/01\/S236TTCC-KS-SIDE-OIZ_M21.jpg","width":2000,"height":1728},{"@type":"BreadcrumbList","@id":"https:\/\/naturalbikes.cl\/?product=orbea-oiz-m21#breadcrumb","itemListElement":[{"@type":"ListItem","position":1,"name":"Portada","item":"https:\/\/naturalbikes.cl\/"},{"@type":"ListItem","position":2,"name":"Tienda NB","item":"https:\/\/naturalbikes.cl\/?page_id=7843"},{"@type":"ListItem","position":3,"name":"Orbea","item":"https:\/\/naturalbikes.cl\/?product_brand=orbea"},{"@type":"ListItem","position":4,"name":"Bicicleta Orbea Oiz M21 Carbon"}]},{"@type":"WebSite","@id":"https:\/\/naturalbikes.cl\/#website","url":"https:\/\/naturalbikes.cl\/","name":"Natural Bikes","description":"Tienda de bicicletas repuestos accesorios taller mantenimiento clases salidas","publisher":{"@id":"https:\/\/naturalbikes.cl\/#organization"},"alternateName":"Natural Bikes","potentialAction":[{"@type":"SearchAction","target":{"@type":"EntryPoint","urlTemplate":"https:\/\/naturalbikes.cl\/?s={search_term_string}"},"query-input":{"@type":"PropertyValueSpecification","valueRequired":true,"valueName":"search_term_string"}}],"inLanguage":"es"},{"@type":"Organization","@id":"https:\/\/naturalbikes.cl\/#organization","name":"Natural Bikes","alternateName":"Natural Bikes","url":"https:\/\/naturalbikes.cl\/","logo":{"@type":"ImageObject","inLanguage":"es","@id":"https:\/\/naturalbikes.cl\/#\/schema\/logo\/image\/","url":"https:\/\/naturalbikes.cl\/wp-content\/uploads\/2024\/05\/2023-10-10-10.44.12.jpg","contentUrl":"https:\/\/naturalbikes.cl\/wp-content\/uploads\/2024\/05\/2023-10-10-10.44.12.jpg","width":650,"height":650,"caption":"Natural Bikes"},"image":{"@id":"https:\/\/naturalbikes.cl\/#\/schema\/logo\/image\/"},"sameAs":["https:\/\/www.facebook.com\/naturalbikescl","https:\/\/www.instagram.com\/natural.bikes","https:\/\/www.tiktok.com\/@natural.bikes"],"description":"Ofrecer a nuestros clientes apasionados por el ciclismo de monta\u00f1a la mejor experiencia en productos, conocimientos especializados y servicios excepcionales. Nos comprometemos a proporcionar una amplia gama de bicicletas, accesorios y equipo de alta calidad, junto con asesoramiento experto y atenci\u00f3n personalizada para cada ciclista, para que puedan explorar, disfrutar y maximizar su aventura en el mundo del MTB","email":"naturalbikes1@gmail.com","telephone":"56977043878","legalName":"Natural Bikes Limitada","foundingDate":"2024-01-01","vatID":"76699553-5","taxID":"76699553-5","numberOfEmployees":{"@type":"QuantitativeValue","minValue":"1","maxValue":"10"},"publishingPrinciples":"https:\/\/naturalbikes.cl\/?page_id=7843","ownershipFundingInfo":"https:\/\/naturalbikes.cl\/?page_id=7843","actionableFeedbackPolicy":"https:\/\/naturalbikes.cl\/?page_id=14797","correctionsPolicy":"https:\/\/naturalbikes.cl\/?page_id=3","ethicsPolicy":"https:\/\/naturalbikes.cl\/?page_id=7843","diversityPolicy":"https:\/\/naturalbikes.cl\/?page_id=11734","diversityStaffingReport":"https:\/\/naturalbikes.cl\/?page_id=12161"}]}},"_links":{"self":[{"href":"https:\/\/naturalbikes.cl\/index.php?rest_route=\/wp\/v2\/product\/21819"}],"collection":[{"href":"https:\/\/naturalbikes.cl\/index.php?rest_route=\/wp\/v2\/product"}],"about":[{"href":"https:\/\/naturalbikes.cl\/index.php?rest_route=\/wp\/v2\/types\/product"}],"replies":[{"embeddable":true,"href":"https:\/\/naturalbikes.cl\/index.php?rest_route=%2Fwp%2Fv2%2Fcomments&post=21819"}],"wp:featuredmedia":[{"embeddable":true,"href":"https:\/\/naturalbikes.cl\/index.php?rest_route=\/wp\/v2\/media\/21821"}],"wp:attachment":[{"href":"https:\/\/naturalbikes.cl\/index.php?rest_route=%2Fwp%2Fv2%2Fmedia&parent=21819"}],"wp:term":[{"taxonomy":"product_cat","embeddable":true,"href":"https:\/\/naturalbikes.cl\/index.php?rest_route=%2Fwp%2Fv2%2Fproduct_cat&post=21819"},{"taxonomy":"product_tag","embeddable":true,"href":"https:\/\/naturalbikes.cl\/index.php?rest_route=%2Fwp%2Fv2%2Fproduct_tag&post=21819"}],"curies":[{"name":"wp","href":"https:\/\/api.w.org\/{rel}","templated":true}]}}