{"id":21806,"date":"2025-01-27T11:07:27","date_gmt":"2025-01-27T14:07:27","guid":{"rendered":"https:\/\/naturalbikes.cl\/?post_type=product&#038;p=21806"},"modified":"2026-01-06T17:12:09","modified_gmt":"2026-01-06T20:12:09","slug":"bicicleta-orbea-oiz-m-team-factory","status":"publish","type":"product","link":"https:\/\/naturalbikes.cl\/?product=bicicleta-orbea-oiz-m-team-factory","title":{"rendered":"Bicicleta Orbea Oiz M-Team Factory"},"content":{"rendered":"<p><strong>La m\u00e1quina de XC definitiva para competiciones<\/strong><br \/>\nLa\u00a0<strong>Orbea Oiz M-Team Factory Aro 29<\/strong>\u00a0es una bicicleta dise\u00f1ada para los ciclistas m\u00e1s exigentes en\u00a0<strong>cross-country (XC)<\/strong>. Con su cuadro de carbono de alta gama, suspensi\u00f3n de \u00faltima tecnolog\u00eda y componentes de primera calidad, esta bicicleta te ofrece el rendimiento, la agilidad y la velocidad necesarias para conquistar cualquier ruta y competici\u00f3n.<\/p>\n<p>Cuadro<\/p>\n<p>Orbea Oiz Carbon OMX, Fiberlink, Boost, BSA, SIC, UFO, I-line shock<\/p>\n<p>Amortiguador<\/p>\n<p>Fox Float SL Factory 120mm Remote Push-lock Evol Kashima custom tune 190x45mm<\/p>\n<p>Horquilla<\/p>\n<p>Fox 34 Float SC Factory 120 Grip SL Remote-Adj Push to Lock QR15x110 Kashima<\/p>\n<p>Direccion<\/p>\n<p>Alloy 1-1\/2&#8243;, Black Oxidated Bearing<\/p>\n<p>Transmisi\u00f3n<\/p>\n<p>Plato\/Biela<\/p>\n<p>Shimano XTR M9120 34t<\/p>\n<p>Manetas<\/p>\n<p>Shimano XTR M9100<\/p>\n<p>Pi\u00f1on<\/p>\n<p>Shimano XTR M9100 10-51t 12-Speed<\/p>\n<p>Cambio<\/p>\n<p>Shimano XTR M9100 SGS Shadow Plus<\/p>\n<p>Cadena<\/p>\n<p>Shimano CN-9100<\/p>\n<p>Cockpit<\/p>\n<p>Manillar<\/p>\n<p>OC Mountain Performance MP10 Carbon, Width 760<\/p>\n<p>Potencia<\/p>\n<p>OC Mountain Performance MP10 Alu SL, -10\u00ba<\/p>\n<p>Frenos<\/p>\n<p>Freno<\/p>\n<p>Shimano XTR M9100 Hydraulic Disc<\/p>\n<p>N\/A<\/p>\n<p>Ruedas<\/p>\n<p>Rueda<\/p>\n<p>Oquo Mountain Performance MP30LTD<\/p>\n<p>Cubierta<\/p>\n<p>Maxxis Rekon Race 2.40&#8243; WT 120 TPI Exo TLR<\/p>\n<p>Eje Rueda Delantero<\/p>\n<p>Fox Kabolt Boost<\/p>\n<p>Componentes<\/p>\n<p>Tija sillin<\/p>\n<p>Fox Transfer SL Factory Kashima Dropper 31.6<\/p>\n<p>Sillin<\/p>\n<p>Selle Italia SLR Boost Fill Titanium Rail 316 \u00d87 mm<\/p>\n<p>Bloqueo remoto<\/p>\n<p>OC Squidlock MP11, Suspension + Dropper<\/p>\n","protected":false},"excerpt":{"rendered":"<p class=\"logo \"><a id=\"logo-header\" href=\"https:\/\/www.orbea.com\/cl-es\/\"><img decoding=\"async\" class=\"aligncenter\" src=\"https:\/\/www.orbea.com\/img\/orbea-logo.svg\" alt=\"Orbea\" \/><\/a><\/p>\n<div class=\"menu-wrapper \"><\/div>\n<p><strong>La Orbea Oiz M-Team Factory es la bicicleta de cross-country definitiva para los ciclistas m\u00e1s exigentes. Su cuadro de carbono ultraligero, geometr\u00eda racing y componentes de alta gama la convierten en una m\u00e1quina de competici\u00f3n dise\u00f1ada para volar en los senderos m\u00e1s t\u00e9cnicos.<\/strong><\/p>\n<div class=\"attachment-container search-images\">\n<div class=\"image-container hide-from-message-actions ng-star-inserted\">\n<div class=\"overlay-container ng-star-inserted\"><\/div>\n<\/div>\n<\/div>\n","protected":false},"featured_media":21808,"comment_status":"open","ping_status":"closed","template":"","meta":[],"product_cat":[206,195,296],"product_tag":[1313,1433,1432,822],"class_list":{"0":"post-21806","1":"product","2":"type-product","3":"status-publish","4":"has-post-thumbnail","6":"product_brand-orbea","7":"product_cat-bicicleta-xc","8":"product_cat-bicicletas","9":"product_cat-orbea-bicicleta-xc","10":"product_tag-bicicleta-xc","11":"product_tag-bicicleta-xcm","12":"product_tag-bicicleta-xco","13":"product_tag-orbea","15":"first","16":"instock","17":"taxable","18":"shipping-taxable","19":"purchasable","20":"product-type-variable","21":"rtwpvg-product"},"yoast_head":"<!-- This site is optimized with the Yoast SEO Premium plugin v24.8 (Yoast SEO v25.6) - https:\/\/yoast.com\/wordpress\/plugins\/seo\/ -->\n<title>Orbea Oiz M-Team Factory: La XC de carbono m\u00e1s r\u00e1pida<\/title>\n<meta name=\"description\" content=\"La Orbea Oiz M-Team Factory es la bicicleta de cross-country definitiva para los ciclistas m\u00e1s exigentes. Su cuadro de carbono ultraligero, geometr\u00eda racing y componentes de alta gama la convierten en una m\u00e1quina de competici\u00f3n dise\u00f1ada para volar en los senderos m\u00e1s t\u00e9cnicos.\" \/>\n<meta name=\"robots\" content=\"index, follow, max-snippet:-1, max-image-preview:large, max-video-preview:-1\" \/>\n<link rel=\"canonical\" href=\"https:\/\/naturalbikes.cl\/?product=bicicleta-orbea-oiz-m-team-factory\" \/>\n<meta property=\"og:locale\" content=\"es_ES\" \/>\n<meta property=\"og:type\" content=\"article\" \/>\n<meta property=\"og:title\" content=\"Bicicleta Orbea Oiz M-Team Factory\" \/>\n<meta property=\"og:description\" content=\"Ofrecer a nuestros clientes apasionados por el ciclismo de monta\u00f1a la mejor experiencia en productos, conocimientos especializados y servicios excepcionales. Nos comprometemos a proporcionar una amplia gama de bicicletas, accesorios y equipo de alta calidad, junto con asesoramiento experto y atenci\u00f3n personalizada para cada ciclista, para que puedan explorar, disfrutar y maximizar su aventura en el mundo del MTB\" \/>\n<meta property=\"og:url\" content=\"https:\/\/naturalbikes.cl\/?product=bicicleta-orbea-oiz-m-team-factory\" \/>\n<meta property=\"og:site_name\" content=\"NaturalBikes\" \/>\n<meta property=\"article:publisher\" content=\"https:\/\/www.facebook.com\/naturalbikescl\" \/>\n<meta property=\"article:modified_time\" content=\"2026-01-06T20:12:09+00:00\" \/>\n<meta property=\"og:image\" content=\"https:\/\/naturalbikes.cl\/wp-content\/uploads\/2025\/01\/Orbea-OIZ-M-TEAM-FACTORY-2025-MTB-Fully-Carbon-29-Zoll-Schwarz.webp.jpeg\" \/>\n\t<meta property=\"og:image:width\" content=\"990\" \/>\n\t<meta property=\"og:image:height\" content=\"543\" \/>\n\t<meta property=\"og:image:type\" content=\"image\/jpeg\" \/>\n<meta name=\"twitter:card\" content=\"summary_large_image\" \/>\n<meta name=\"twitter:label1\" content=\"Tiempo de lectura\" \/>\n\t<meta name=\"twitter:data1\" content=\"2 minutos\" \/>\n<script type=\"application\/ld+json\" class=\"yoast-schema-graph\">{\"@context\":\"https:\/\/schema.org\",\"@graph\":[{\"@type\":\"WebPage\",\"@id\":\"https:\/\/naturalbikes.cl\/?product=bicicleta-orbea-oiz-m-team-factory\",\"url\":\"https:\/\/naturalbikes.cl\/?product=bicicleta-orbea-oiz-m-team-factory\",\"name\":\"Orbea Oiz M-Team Factory: La XC de carbono m\u00e1s r\u00e1pida\",\"isPartOf\":{\"@id\":\"https:\/\/naturalbikes.cl\/#website\"},\"primaryImageOfPage\":{\"@id\":\"https:\/\/naturalbikes.cl\/?product=bicicleta-orbea-oiz-m-team-factory#primaryimage\"},\"image\":{\"@id\":\"https:\/\/naturalbikes.cl\/?product=bicicleta-orbea-oiz-m-team-factory#primaryimage\"},\"thumbnailUrl\":\"https:\/\/naturalbikes.cl\/wp-content\/uploads\/2025\/01\/Orbea-OIZ-M-TEAM-FACTORY-2025-MTB-Fully-Carbon-29-Zoll-Schwarz.webp.jpeg\",\"datePublished\":\"2025-01-27T14:07:27+00:00\",\"dateModified\":\"2026-01-06T20:12:09+00:00\",\"description\":\"La Orbea Oiz M-Team Factory es la bicicleta de cross-country definitiva para los ciclistas m\u00e1s exigentes. Su cuadro de carbono ultraligero, geometr\u00eda racing y componentes de alta gama la convierten en una m\u00e1quina de competici\u00f3n dise\u00f1ada para volar en los senderos m\u00e1s t\u00e9cnicos.\",\"breadcrumb\":{\"@id\":\"https:\/\/naturalbikes.cl\/?product=bicicleta-orbea-oiz-m-team-factory#breadcrumb\"},\"inLanguage\":\"es\",\"potentialAction\":[{\"@type\":\"ReadAction\",\"target\":[\"https:\/\/naturalbikes.cl\/?product=bicicleta-orbea-oiz-m-team-factory\"]}]},{\"@type\":\"ImageObject\",\"inLanguage\":\"es\",\"@id\":\"https:\/\/naturalbikes.cl\/?product=bicicleta-orbea-oiz-m-team-factory#primaryimage\",\"url\":\"https:\/\/naturalbikes.cl\/wp-content\/uploads\/2025\/01\/Orbea-OIZ-M-TEAM-FACTORY-2025-MTB-Fully-Carbon-29-Zoll-Schwarz.webp.jpeg\",\"contentUrl\":\"https:\/\/naturalbikes.cl\/wp-content\/uploads\/2025\/01\/Orbea-OIZ-M-TEAM-FACTORY-2025-MTB-Fully-Carbon-29-Zoll-Schwarz.webp.jpeg\",\"width\":990,\"height\":543},{\"@type\":\"BreadcrumbList\",\"@id\":\"https:\/\/naturalbikes.cl\/?product=bicicleta-orbea-oiz-m-team-factory#breadcrumb\",\"itemListElement\":[{\"@type\":\"ListItem\",\"position\":1,\"name\":\"Portada\",\"item\":\"https:\/\/naturalbikes.cl\/\"},{\"@type\":\"ListItem\",\"position\":2,\"name\":\"Tienda NB\",\"item\":\"https:\/\/naturalbikes.cl\/?page_id=7843\"},{\"@type\":\"ListItem\",\"position\":3,\"name\":\"Orbea\",\"item\":\"https:\/\/naturalbikes.cl\/?product_brand=orbea\"},{\"@type\":\"ListItem\",\"position\":4,\"name\":\"Bicicleta Orbea Oiz M-Team Factory\"}]},{\"@type\":\"WebSite\",\"@id\":\"https:\/\/naturalbikes.cl\/#website\",\"url\":\"https:\/\/naturalbikes.cl\/\",\"name\":\"Natural Bikes\",\"description\":\"Tienda de bicicletas repuestos accesorios taller mantenimiento clases salidas\",\"publisher\":{\"@id\":\"https:\/\/naturalbikes.cl\/#organization\"},\"alternateName\":\"Natural Bikes\",\"potentialAction\":[{\"@type\":\"SearchAction\",\"target\":{\"@type\":\"EntryPoint\",\"urlTemplate\":\"https:\/\/naturalbikes.cl\/?s={search_term_string}\"},\"query-input\":{\"@type\":\"PropertyValueSpecification\",\"valueRequired\":true,\"valueName\":\"search_term_string\"}}],\"inLanguage\":\"es\"},{\"@type\":\"Organization\",\"@id\":\"https:\/\/naturalbikes.cl\/#organization\",\"name\":\"Natural Bikes\",\"alternateName\":\"Natural Bikes\",\"url\":\"https:\/\/naturalbikes.cl\/\",\"logo\":{\"@type\":\"ImageObject\",\"inLanguage\":\"es\",\"@id\":\"https:\/\/naturalbikes.cl\/#\/schema\/logo\/image\/\",\"url\":\"https:\/\/naturalbikes.cl\/wp-content\/uploads\/2024\/05\/2023-10-10-10.44.12.jpg\",\"contentUrl\":\"https:\/\/naturalbikes.cl\/wp-content\/uploads\/2024\/05\/2023-10-10-10.44.12.jpg\",\"width\":650,\"height\":650,\"caption\":\"Natural Bikes\"},\"image\":{\"@id\":\"https:\/\/naturalbikes.cl\/#\/schema\/logo\/image\/\"},\"sameAs\":[\"https:\/\/www.facebook.com\/naturalbikescl\",\"https:\/\/www.instagram.com\/natural.bikes\",\"https:\/\/www.tiktok.com\/@natural.bikes\"],\"description\":\"Ofrecer a nuestros clientes apasionados por el ciclismo de monta\u00f1a la mejor experiencia en productos, conocimientos especializados y servicios excepcionales. Nos comprometemos a proporcionar una amplia gama de bicicletas, accesorios y equipo de alta calidad, junto con asesoramiento experto y atenci\u00f3n personalizada para cada ciclista, para que puedan explorar, disfrutar y maximizar su aventura en el mundo del MTB\",\"email\":\"naturalbikes1@gmail.com\",\"telephone\":\"56977043878\",\"legalName\":\"Natural Bikes Limitada\",\"foundingDate\":\"2024-01-01\",\"vatID\":\"76699553-5\",\"taxID\":\"76699553-5\",\"numberOfEmployees\":{\"@type\":\"QuantitativeValue\",\"minValue\":\"1\",\"maxValue\":\"10\"},\"publishingPrinciples\":\"https:\/\/naturalbikes.cl\/?page_id=7843\",\"ownershipFundingInfo\":\"https:\/\/naturalbikes.cl\/?page_id=7843\",\"actionableFeedbackPolicy\":\"https:\/\/naturalbikes.cl\/?page_id=14797\",\"correctionsPolicy\":\"https:\/\/naturalbikes.cl\/?page_id=3\",\"ethicsPolicy\":\"https:\/\/naturalbikes.cl\/?page_id=7843\",\"diversityPolicy\":\"https:\/\/naturalbikes.cl\/?page_id=11734\",\"diversityStaffingReport\":\"https:\/\/naturalbikes.cl\/?page_id=12161\"}]}<\/script>\n<!-- \/ Yoast SEO Premium plugin. -->","yoast_head_json":{"title":"Orbea Oiz M-Team Factory: La XC de carbono m\u00e1s r\u00e1pida","description":"La Orbea Oiz M-Team Factory es la bicicleta de cross-country definitiva para los ciclistas m\u00e1s exigentes. Su cuadro de carbono ultraligero, geometr\u00eda racing y componentes de alta gama la convierten en una m\u00e1quina de competici\u00f3n dise\u00f1ada para volar en los senderos m\u00e1s t\u00e9cnicos.","robots":{"index":"index","follow":"follow","max-snippet":"max-snippet:-1","max-image-preview":"max-image-preview:large","max-video-preview":"max-video-preview:-1"},"canonical":"https:\/\/naturalbikes.cl\/?product=bicicleta-orbea-oiz-m-team-factory","og_locale":"es_ES","og_type":"article","og_title":"Bicicleta Orbea Oiz M-Team Factory","og_description":"Ofrecer a nuestros clientes apasionados por el ciclismo de monta\u00f1a la mejor experiencia en productos, conocimientos especializados y servicios excepcionales. Nos comprometemos a proporcionar una amplia gama de bicicletas, accesorios y equipo de alta calidad, junto con asesoramiento experto y atenci\u00f3n personalizada para cada ciclista, para que puedan explorar, disfrutar y maximizar su aventura en el mundo del MTB","og_url":"https:\/\/naturalbikes.cl\/?product=bicicleta-orbea-oiz-m-team-factory","og_site_name":"NaturalBikes","article_publisher":"https:\/\/www.facebook.com\/naturalbikescl","article_modified_time":"2026-01-06T20:12:09+00:00","og_image":[{"width":990,"height":543,"url":"https:\/\/naturalbikes.cl\/wp-content\/uploads\/2025\/01\/Orbea-OIZ-M-TEAM-FACTORY-2025-MTB-Fully-Carbon-29-Zoll-Schwarz.webp.jpeg","type":"image\/jpeg"}],"twitter_card":"summary_large_image","twitter_misc":{"Tiempo de lectura":"2 minutos"},"schema":{"@context":"https:\/\/schema.org","@graph":[{"@type":"WebPage","@id":"https:\/\/naturalbikes.cl\/?product=bicicleta-orbea-oiz-m-team-factory","url":"https:\/\/naturalbikes.cl\/?product=bicicleta-orbea-oiz-m-team-factory","name":"Orbea Oiz M-Team Factory: La XC de carbono m\u00e1s r\u00e1pida","isPartOf":{"@id":"https:\/\/naturalbikes.cl\/#website"},"primaryImageOfPage":{"@id":"https:\/\/naturalbikes.cl\/?product=bicicleta-orbea-oiz-m-team-factory#primaryimage"},"image":{"@id":"https:\/\/naturalbikes.cl\/?product=bicicleta-orbea-oiz-m-team-factory#primaryimage"},"thumbnailUrl":"https:\/\/naturalbikes.cl\/wp-content\/uploads\/2025\/01\/Orbea-OIZ-M-TEAM-FACTORY-2025-MTB-Fully-Carbon-29-Zoll-Schwarz.webp.jpeg","datePublished":"2025-01-27T14:07:27+00:00","dateModified":"2026-01-06T20:12:09+00:00","description":"La Orbea Oiz M-Team Factory es la bicicleta de cross-country definitiva para los ciclistas m\u00e1s exigentes. Su cuadro de carbono ultraligero, geometr\u00eda racing y componentes de alta gama la convierten en una m\u00e1quina de competici\u00f3n dise\u00f1ada para volar en los senderos m\u00e1s t\u00e9cnicos.","breadcrumb":{"@id":"https:\/\/naturalbikes.cl\/?product=bicicleta-orbea-oiz-m-team-factory#breadcrumb"},"inLanguage":"es","potentialAction":[{"@type":"ReadAction","target":["https:\/\/naturalbikes.cl\/?product=bicicleta-orbea-oiz-m-team-factory"]}]},{"@type":"ImageObject","inLanguage":"es","@id":"https:\/\/naturalbikes.cl\/?product=bicicleta-orbea-oiz-m-team-factory#primaryimage","url":"https:\/\/naturalbikes.cl\/wp-content\/uploads\/2025\/01\/Orbea-OIZ-M-TEAM-FACTORY-2025-MTB-Fully-Carbon-29-Zoll-Schwarz.webp.jpeg","contentUrl":"https:\/\/naturalbikes.cl\/wp-content\/uploads\/2025\/01\/Orbea-OIZ-M-TEAM-FACTORY-2025-MTB-Fully-Carbon-29-Zoll-Schwarz.webp.jpeg","width":990,"height":543},{"@type":"BreadcrumbList","@id":"https:\/\/naturalbikes.cl\/?product=bicicleta-orbea-oiz-m-team-factory#breadcrumb","itemListElement":[{"@type":"ListItem","position":1,"name":"Portada","item":"https:\/\/naturalbikes.cl\/"},{"@type":"ListItem","position":2,"name":"Tienda NB","item":"https:\/\/naturalbikes.cl\/?page_id=7843"},{"@type":"ListItem","position":3,"name":"Orbea","item":"https:\/\/naturalbikes.cl\/?product_brand=orbea"},{"@type":"ListItem","position":4,"name":"Bicicleta Orbea Oiz M-Team Factory"}]},{"@type":"WebSite","@id":"https:\/\/naturalbikes.cl\/#website","url":"https:\/\/naturalbikes.cl\/","name":"Natural Bikes","description":"Tienda de bicicletas repuestos accesorios taller mantenimiento clases salidas","publisher":{"@id":"https:\/\/naturalbikes.cl\/#organization"},"alternateName":"Natural Bikes","potentialAction":[{"@type":"SearchAction","target":{"@type":"EntryPoint","urlTemplate":"https:\/\/naturalbikes.cl\/?s={search_term_string}"},"query-input":{"@type":"PropertyValueSpecification","valueRequired":true,"valueName":"search_term_string"}}],"inLanguage":"es"},{"@type":"Organization","@id":"https:\/\/naturalbikes.cl\/#organization","name":"Natural Bikes","alternateName":"Natural Bikes","url":"https:\/\/naturalbikes.cl\/","logo":{"@type":"ImageObject","inLanguage":"es","@id":"https:\/\/naturalbikes.cl\/#\/schema\/logo\/image\/","url":"https:\/\/naturalbikes.cl\/wp-content\/uploads\/2024\/05\/2023-10-10-10.44.12.jpg","contentUrl":"https:\/\/naturalbikes.cl\/wp-content\/uploads\/2024\/05\/2023-10-10-10.44.12.jpg","width":650,"height":650,"caption":"Natural Bikes"},"image":{"@id":"https:\/\/naturalbikes.cl\/#\/schema\/logo\/image\/"},"sameAs":["https:\/\/www.facebook.com\/naturalbikescl","https:\/\/www.instagram.com\/natural.bikes","https:\/\/www.tiktok.com\/@natural.bikes"],"description":"Ofrecer a nuestros clientes apasionados por el ciclismo de monta\u00f1a la mejor experiencia en productos, conocimientos especializados y servicios excepcionales. Nos comprometemos a proporcionar una amplia gama de bicicletas, accesorios y equipo de alta calidad, junto con asesoramiento experto y atenci\u00f3n personalizada para cada ciclista, para que puedan explorar, disfrutar y maximizar su aventura en el mundo del MTB","email":"naturalbikes1@gmail.com","telephone":"56977043878","legalName":"Natural Bikes Limitada","foundingDate":"2024-01-01","vatID":"76699553-5","taxID":"76699553-5","numberOfEmployees":{"@type":"QuantitativeValue","minValue":"1","maxValue":"10"},"publishingPrinciples":"https:\/\/naturalbikes.cl\/?page_id=7843","ownershipFundingInfo":"https:\/\/naturalbikes.cl\/?page_id=7843","actionableFeedbackPolicy":"https:\/\/naturalbikes.cl\/?page_id=14797","correctionsPolicy":"https:\/\/naturalbikes.cl\/?page_id=3","ethicsPolicy":"https:\/\/naturalbikes.cl\/?page_id=7843","diversityPolicy":"https:\/\/naturalbikes.cl\/?page_id=11734","diversityStaffingReport":"https:\/\/naturalbikes.cl\/?page_id=12161"}]}},"_links":{"self":[{"href":"https:\/\/naturalbikes.cl\/index.php?rest_route=\/wp\/v2\/product\/21806"}],"collection":[{"href":"https:\/\/naturalbikes.cl\/index.php?rest_route=\/wp\/v2\/product"}],"about":[{"href":"https:\/\/naturalbikes.cl\/index.php?rest_route=\/wp\/v2\/types\/product"}],"replies":[{"embeddable":true,"href":"https:\/\/naturalbikes.cl\/index.php?rest_route=%2Fwp%2Fv2%2Fcomments&post=21806"}],"wp:featuredmedia":[{"embeddable":true,"href":"https:\/\/naturalbikes.cl\/index.php?rest_route=\/wp\/v2\/media\/21808"}],"wp:attachment":[{"href":"https:\/\/naturalbikes.cl\/index.php?rest_route=%2Fwp%2Fv2%2Fmedia&parent=21806"}],"wp:term":[{"taxonomy":"product_cat","embeddable":true,"href":"https:\/\/naturalbikes.cl\/index.php?rest_route=%2Fwp%2Fv2%2Fproduct_cat&post=21806"},{"taxonomy":"product_tag","embeddable":true,"href":"https:\/\/naturalbikes.cl\/index.php?rest_route=%2Fwp%2Fv2%2Fproduct_tag&post=21806"}],"curies":[{"name":"wp","href":"https:\/\/api.w.org\/{rel}","templated":true}]}}