{"id":21623,"date":"2025-01-26T11:15:18","date_gmt":"2025-01-26T14:15:18","guid":{"rendered":"https:\/\/naturalbikes.cl\/?post_type=product&#038;p=21623"},"modified":"2026-01-06T17:12:09","modified_gmt":"2026-01-06T20:12:09","slug":"cannondale-scalpel-ht-carbon-1-29","status":"publish","type":"product","link":"https:\/\/naturalbikes.cl\/?product=cannondale-scalpel-ht-carbon-1-29","title":{"rendered":"Bicicleta Cannondale 29 Scalpel HT Carbon 1"},"content":{"rendered":"<div data-content-type=\"row\" data-appearance=\"contained\" data-element=\"main\">\n<div data-enable-parallax=\"0\" data-parallax-speed=\"0.5\" data-background-images=\"{}\" data-background-type=\"image\" data-video-loop=\"true\" data-video-play-only-visible=\"true\" data-video-lazy-load=\"true\" data-video-fallback-src=\"\" data-element=\"inner\" data-pb-style=\"OEPVS5F\">\n<div class=\"pagebuilder-column-group\" data-background-images=\"{}\" data-content-type=\"column-group\" data-appearance=\"default\" data-grid-size=\"12\" data-element=\"main\" data-pb-style=\"DCXV25Q\">\n<div class=\"pagebuilder-column-line\" data-content-type=\"column-line\" data-element=\"main\" data-pb-style=\"GQ27VBB\">\n<div class=\"pagebuilder-column\" data-content-type=\"column\" data-appearance=\"full-height\" data-background-images=\"{}\" data-element=\"main\" data-pb-style=\"BTMSWD6\">\n<figure data-content-type=\"image\" data-appearance=\"full-width\" data-element=\"main\" data-pb-style=\"UMM0OGR\"><img decoding=\"async\" class=\"pagebuilder-mobile-hidden\" title=\"\" src=\"https:\/\/www.oxfordstore.cl\/media\/wysiwyg\/C21_Scalpel-HT_PDP_Cannondale_Hardtail_5_Desktop_V2_2.jpg\" alt=\"\" data-element=\"desktop_image\" data-pb-style=\"HBWCEOX\" \/><\/figure>\n<\/div>\n<div class=\"pagebuilder-column\" data-content-type=\"column\" data-appearance=\"align-center\" data-background-images=\"{}\" data-element=\"main\" data-pb-style=\"GB75R3C\">\n<div data-content-type=\"text\" data-appearance=\"default\" data-element=\"main\" data-pb-style=\"AY99969\">\n<p><strong>Drop the chatter<\/strong><\/p>\n<p>Las zonas flexibles esculpidas en las vainas se combinan con los tirantes inferiores para absorber el ruido del terreno accidentado, lo que mejora el control, suaviza la marcha y minimiza la fatiga. Ve m\u00e1s duro. Ve m\u00e1s r\u00e1pido. Ve m\u00e1s lejos.<\/p>\n<\/div>\n<\/div>\n<\/div>\n<\/div>\n<\/div>\n<\/div>\n<div data-content-type=\"row\" data-appearance=\"contained\" data-element=\"main\">\n<div data-enable-parallax=\"0\" data-parallax-speed=\"0.5\" data-background-images=\"{}\" data-background-type=\"image\" data-video-loop=\"true\" data-video-play-only-visible=\"true\" data-video-lazy-load=\"true\" data-video-fallback-src=\"\" data-element=\"inner\" data-pb-style=\"O412BRW\">\n<div class=\"pagebuilder-column-group\" data-background-images=\"{}\" data-content-type=\"column-group\" data-appearance=\"default\" data-grid-size=\"12\" data-element=\"main\" data-pb-style=\"QHTEO4V\">\n<div class=\"pagebuilder-column-line\" data-content-type=\"column-line\" data-element=\"main\" data-pb-style=\"I5RJ81R\">\n<div class=\"pagebuilder-column\" data-content-type=\"column\" data-appearance=\"align-center\" data-background-images=\"{}\" data-element=\"main\" data-pb-style=\"OYEH9W0\">\n<div data-content-type=\"text\" data-appearance=\"default\" data-element=\"main\" data-pb-style=\"UQKB1FC\">\n<p><strong>Lead with Lefty<\/strong><\/p>\n<p id=\"VRXSBA6\">110 mm de la suspensi\u00f3n delantera ultraligera m\u00e1s suave y precisa del mercado. El avance de horquilla extralargo aporta agilidad adicional a la parte delantera superestable. Mejor control, m\u00e1s velocidad.<\/p>\n<\/div>\n<\/div>\n<div class=\"pagebuilder-column\" data-content-type=\"column\" data-appearance=\"full-height\" data-background-images=\"{}\" data-element=\"main\" data-pb-style=\"XPLPY0Y\">\n<figure data-content-type=\"image\" data-appearance=\"full-width\" data-element=\"main\" data-pb-style=\"HREVHHU\"><img decoding=\"async\" class=\"pagebuilder-mobile-hidden\" title=\"\" src=\"https:\/\/www.oxfordstore.cl\/media\/wysiwyg\/C21_Scalpel-HT_PDP_Cannondale_Hardtail_3_Desktop_1.jpg\" alt=\"\" data-element=\"desktop_image\" data-pb-style=\"PSW1V36\" \/><\/figure>\n<\/div>\n<\/div>\n<\/div>\n<\/div>\n<\/div>\n<div data-content-type=\"row\" data-appearance=\"contained\" data-element=\"main\">\n<div data-enable-parallax=\"0\" data-parallax-speed=\"0.5\" data-background-images=\"{}\" data-background-type=\"image\" data-video-loop=\"true\" data-video-play-only-visible=\"true\" data-video-lazy-load=\"true\" data-video-fallback-src=\"\" data-element=\"inner\" data-pb-style=\"BLG9IIW\">\n<div data-content-type=\"text\" data-appearance=\"default\" data-element=\"main\" data-pb-style=\"KJC1H6S\">\n<p id=\"JH59Q5G\">*Las bicicletas CANNONDALE est\u00e1n equipadas con componentes fabricados en diferentes partes del mundo. Las especificaciones y sus decorados est\u00e1n sometidas a cambio, sin previo aviso.<\/p>\n<\/div>\n<\/div>\n<\/div>\n<div id=\"attributes-description\" class=\"attributes-container\">\n<div class=\"additional-attributes-wrapper table-wrapper\">\n<table id=\"product-attribute-specs-table\" class=\"data table additional-attributes\">\n<caption class=\"table-caption\">Especificaciones<\/caption>\n<tbody>\n<tr>\n<th class=\"col label\" scope=\"row\">MARCA<\/th>\n<td class=\"col data\" data-th=\"Marca\">CANNONDALE<\/td>\n<\/tr>\n<tr>\n<th class=\"col label\" scope=\"row\">ARO<\/th>\n<td class=\"col data\" data-th=\"Aro\">29<\/td>\n<\/tr>\n<tr>\n<th class=\"col label\" scope=\"row\">COLOR<\/th>\n<td class=\"col data\" data-th=\"Color\">NEGRO-PLATA<\/td>\n<\/tr>\n<tr>\n<th class=\"col label\" scope=\"row\">G\u00c9NERO<\/th>\n<td class=\"col data\" data-th=\"G\u00e9nero\">UNISEX<\/td>\n<\/tr>\n<tr>\n<th class=\"col label\" scope=\"row\">MARCO<\/th>\n<td class=\"col data\" data-th=\"Marco\">Scalpel HT Carbon, Proportional Response Design, PF30-83, tapered head tube, 55mm chainline, Speed Release 12mm thru axle w\/UDH hanger<\/td>\n<\/tr>\n<tr>\n<th class=\"col label\" scope=\"row\">TALLAS DISPONIBLES<\/th>\n<td class=\"col data\" data-th=\"Tallas Disponibles\">M, L<\/td>\n<\/tr>\n<tr>\n<th class=\"col label\" scope=\"row\">SUSPENSI\u00d3N<\/th>\n<td class=\"col data\" data-th=\"Suspensi\u00f3n\">Hardtail<\/td>\n<\/tr>\n<tr>\n<th class=\"col label\" scope=\"row\">DETALLE SUSPENSI\u00d3N<\/th>\n<td class=\"col data\" data-th=\"Detalle Suspensi\u00f3n\">Lefty Ocho 120 Carbon, 110mm, Chamber Damper with remote lockout, OppO Spring System, tapered steerer, 50mm offset<\/td>\n<\/tr>\n<tr>\n<th class=\"col label\" scope=\"row\">RECORRIDO SUSPENSI\u00d3N DEL<\/th>\n<td class=\"col data\" data-th=\"Recorrido Suspensi\u00f3n DEL\">110mm<\/td>\n<\/tr>\n<tr>\n<th class=\"col label\" scope=\"row\">SHOCK TRASERO<\/th>\n<td class=\"col data\" data-th=\"Shock Trasero\">N\/A<\/td>\n<\/tr>\n<tr>\n<th class=\"col label\" scope=\"row\">N\u00b0 DE CAMBIOS<\/th>\n<td class=\"col data\" data-th=\"N\u00b0 de Cambios\">1&#215;12 speed<\/td>\n<\/tr>\n<tr>\n<th class=\"col label\" scope=\"row\">CAMBIO DELANTERO<\/th>\n<td class=\"col data\" data-th=\"Cambio Delantero\">SRAM AXS T-Type Pod Controller<\/td>\n<\/tr>\n<tr>\n<th class=\"col label\" scope=\"row\">CAMBIO TRASERO<\/th>\n<td class=\"col data\" data-th=\"Cambio Trasero\">SRAM XO Eagle AXS, T-Type<\/td>\n<\/tr>\n<tr>\n<th class=\"col label\" scope=\"row\">VOLANTE \/ BIELA<\/th>\n<td class=\"col data\" data-th=\"Volante \/ Biela\">SRAM XO T-Type, 34T<\/td>\n<\/tr>\n<tr>\n<th class=\"col label\" scope=\"row\">PI\u00d1\u00d3N<\/th>\n<td class=\"col data\" data-th=\"Pi\u00f1\u00f3n\">SRAM XO Eagle, 10-52, T-Type, 12-speed<\/td>\n<\/tr>\n<tr>\n<th class=\"col label\" scope=\"row\">FRENOS<\/th>\n<td class=\"col data\" data-th=\"Frenos\">SRAM Level TLM hydraulic disc, 180\/160mm CenterLine rotors<\/td>\n<\/tr>\n<tr>\n<th class=\"col label\" scope=\"row\">ROTOR<\/th>\n<td class=\"col data\" data-th=\"Rotor\">180\/160mm CenterLine rotors<\/td>\n<\/tr>\n<tr>\n<th class=\"col label\" scope=\"row\">NEUM\u00c1TICOS<\/th>\n<td class=\"col data\" data-th=\"Neum\u00e1ticos\">(F) Schwalbe Racing Ray EVO, 29&#215;2.25&#8243;, SnakeSkin, Addix Speedgrip, tubeless ready, (R) Schwalbe Racing Ralph EVO, 29&#215;2.25&#8243;, SnakeSkin, Addix Speed, tubeless ready<\/td>\n<\/tr>\n<tr>\n<th class=\"col label\" scope=\"row\">LLANTAS<\/th>\n<td class=\"col data\" data-th=\"Llantas\">HollowGram 25, Superlight Hi-Impact Carbon, 28h, 25mm inner width, tubeless ready<\/td>\n<\/tr>\n<tr>\n<th class=\"col label\" scope=\"row\">MAZA DELANTERA<\/th>\n<td class=\"col data\" data-th=\"Maza delantera\">(F) HollowGram Lefty 60 \/ (R) HollowGram w\/DT Swiss 3-pawl internals, 12x148mm thru-axle<\/td>\n<\/tr>\n<tr>\n<th class=\"col label\" scope=\"row\">MAZA TRASERA<\/th>\n<td class=\"col data\" data-th=\"Maza Trasera\">(F) HollowGram Lefty 60 \/ (R) HollowGram w\/DT Swiss 3-pawl internals, 12x148mm thru-axle<\/td>\n<\/tr>\n<tr>\n<th class=\"col label\" scope=\"row\">RAYOS (MATERIAL)<\/th>\n<td class=\"col data\" data-th=\"Rayos (Material)\">DT Swiss Competition Race, straight-pull<\/td>\n<\/tr>\n<tr>\n<th class=\"col label\" scope=\"row\">MANUBRIO<\/th>\n<td class=\"col data\" data-th=\"Manubrio\">Cannondale 1 Flat, Carbon, 31.8mm, 9\u00b0 backsweep, 760mm<\/td>\n<\/tr>\n<tr>\n<th class=\"col label\" scope=\"row\">TEE<\/th>\n<td class=\"col data\" data-th=\"Tee\">Cannondale 1, 7075 Alloy, 1-1\/8&#8243;, 31.8, 7\u00b0<\/td>\n<\/tr>\n<tr>\n<th class=\"col label\" scope=\"row\">PU\u00d1OS<\/th>\n<td class=\"col data\" data-th=\"Pu\u00f1os\">Cannondale XC Silicone<\/td>\n<\/tr>\n<tr>\n<th class=\"col label\" scope=\"row\">ASIENTO<\/th>\n<td class=\"col data\" data-th=\"Asiento\">Prologo Dimension NDR, Tirox rails<\/td>\n<\/tr>\n<tr>\n<th class=\"col label\" scope=\"row\">TUBO SILL\u00cdN<\/th>\n<td class=\"col data\" data-th=\"Tubo Sill\u00edn\">C1 Carbon, 27.2x400mm<\/td>\n<\/tr>\n<tr>\n<th class=\"col label\" scope=\"row\">PEDAL<\/th>\n<td class=\"col data\" data-th=\"Pedal\">Not included<\/td>\n<\/tr>\n<tr>\n<th class=\"col label\" scope=\"row\">CADENA<\/th>\n<td class=\"col data\" data-th=\"Cadena\">SRAM XO, T-Type<\/td>\n<\/tr>\n<\/tbody>\n<\/table>\n<\/div>\n<\/div>\n","protected":false},"excerpt":{"rendered":"<p><strong><img decoding=\"async\" class=\"aligncenter\" style=\"margin-bottom: 16px; float: none;\" src=\"https:\/\/cdn.shopify.com\/s\/files\/1\/0084\/1151\/2896\/files\/logocannondale_240x240.png?v=1644341597\" alt=\"\" \/>La Cannondale Scalpel HT Carbon 1 es la r\u00edgida de XC definitiva. Su cuadro de carbono ultraligero y su geometr\u00eda agresiva te brindan la velocidad y la eficiencia necesarias para conquistar cualquier sendero.<\/strong><\/p>\n","protected":false},"featured_media":21628,"comment_status":"open","ping_status":"closed","template":"","meta":[],"product_cat":[207,195,1054],"product_tag":[817,1040,849,850],"class_list":{"0":"post-21623","1":"product","2":"type-product","3":"status-publish","4":"has-post-thumbnail","6":"product_brand-cannondale","7":"product_cat-bicicleta-rigida","8":"product_cat-bicicletas","9":"product_cat-cannondale-bicicleta-rigida","10":"product_tag-bicicleta","11":"product_tag-cannondale","12":"product_tag-mtb","13":"product_tag-rigida","15":"first","16":"instock","17":"taxable","18":"shipping-taxable","19":"purchasable","20":"product-type-variable","21":"rtwpvg-product"},"yoast_head":"<!-- This site is optimized with the Yoast SEO Premium plugin v24.8 (Yoast SEO v25.6) - https:\/\/yoast.com\/wordpress\/plugins\/seo\/ -->\n<title>Bicicleta Cannondale Scalpel HT Carbon 1: Rendimiento XC puro<\/title>\n<meta name=\"description\" content=\"La Cannondale Scalpel HT Carbon 1 es la r\u00edgida de XC definitiva. Su cuadro de carbono ultraligero y su geometr\u00eda agresiva te brindan la velocidad y la eficiencia necesarias para conquistar cualquier sendero.\" \/>\n<meta name=\"robots\" content=\"index, follow, max-snippet:-1, max-image-preview:large, max-video-preview:-1\" \/>\n<link rel=\"canonical\" href=\"https:\/\/naturalbikes.cl\/?product=cannondale-scalpel-ht-carbon-1-29\" \/>\n<meta property=\"og:locale\" content=\"es_ES\" \/>\n<meta property=\"og:type\" content=\"article\" \/>\n<meta property=\"og:title\" content=\"Bicicleta Cannondale 29 Scalpel HT Carbon 1\" \/>\n<meta property=\"og:description\" content=\"Ofrecer a nuestros clientes apasionados por el ciclismo de monta\u00f1a la mejor experiencia en productos, conocimientos especializados y servicios excepcionales. Nos comprometemos a proporcionar una amplia gama de bicicletas, accesorios y equipo de alta calidad, junto con asesoramiento experto y atenci\u00f3n personalizada para cada ciclista, para que puedan explorar, disfrutar y maximizar su aventura en el mundo del MTB\" \/>\n<meta property=\"og:url\" content=\"https:\/\/naturalbikes.cl\/?product=cannondale-scalpel-ht-carbon-1-29\" \/>\n<meta property=\"og:site_name\" content=\"NaturalBikes\" \/>\n<meta property=\"article:publisher\" content=\"https:\/\/www.facebook.com\/naturalbikescl\" \/>\n<meta property=\"article:modified_time\" content=\"2026-01-06T20:12:09+00:00\" \/>\n<meta property=\"og:image\" content=\"https:\/\/naturalbikes.cl\/wp-content\/uploads\/2025\/01\/c23_c25103u_scalpel_ht_crb_1_mrc_pd_1_1.jpg\" \/>\n\t<meta property=\"og:image:width\" content=\"2550\" \/>\n\t<meta property=\"og:image:height\" content=\"1405\" \/>\n\t<meta property=\"og:image:type\" content=\"image\/jpeg\" \/>\n<meta name=\"twitter:card\" content=\"summary_large_image\" \/>\n<meta name=\"twitter:label1\" content=\"Tiempo de lectura\" \/>\n\t<meta name=\"twitter:data1\" content=\"3 minutos\" \/>\n<script type=\"application\/ld+json\" class=\"yoast-schema-graph\">{\"@context\":\"https:\/\/schema.org\",\"@graph\":[{\"@type\":\"WebPage\",\"@id\":\"https:\/\/naturalbikes.cl\/?product=cannondale-scalpel-ht-carbon-1-29\",\"url\":\"https:\/\/naturalbikes.cl\/?product=cannondale-scalpel-ht-carbon-1-29\",\"name\":\"Bicicleta Cannondale Scalpel HT Carbon 1: Rendimiento XC puro\",\"isPartOf\":{\"@id\":\"https:\/\/naturalbikes.cl\/#website\"},\"primaryImageOfPage\":{\"@id\":\"https:\/\/naturalbikes.cl\/?product=cannondale-scalpel-ht-carbon-1-29#primaryimage\"},\"image\":{\"@id\":\"https:\/\/naturalbikes.cl\/?product=cannondale-scalpel-ht-carbon-1-29#primaryimage\"},\"thumbnailUrl\":\"https:\/\/naturalbikes.cl\/wp-content\/uploads\/2025\/01\/c23_c25103u_scalpel_ht_crb_1_mrc_pd_1_1.jpg\",\"datePublished\":\"2025-01-26T14:15:18+00:00\",\"dateModified\":\"2026-01-06T20:12:09+00:00\",\"description\":\"La Cannondale Scalpel HT Carbon 1 es la r\u00edgida de XC definitiva. Su cuadro de carbono ultraligero y su geometr\u00eda agresiva te brindan la velocidad y la eficiencia necesarias para conquistar cualquier sendero.\",\"breadcrumb\":{\"@id\":\"https:\/\/naturalbikes.cl\/?product=cannondale-scalpel-ht-carbon-1-29#breadcrumb\"},\"inLanguage\":\"es\",\"potentialAction\":[{\"@type\":\"ReadAction\",\"target\":[\"https:\/\/naturalbikes.cl\/?product=cannondale-scalpel-ht-carbon-1-29\"]}]},{\"@type\":\"ImageObject\",\"inLanguage\":\"es\",\"@id\":\"https:\/\/naturalbikes.cl\/?product=cannondale-scalpel-ht-carbon-1-29#primaryimage\",\"url\":\"https:\/\/naturalbikes.cl\/wp-content\/uploads\/2025\/01\/c23_c25103u_scalpel_ht_crb_1_mrc_pd_1_1.jpg\",\"contentUrl\":\"https:\/\/naturalbikes.cl\/wp-content\/uploads\/2025\/01\/c23_c25103u_scalpel_ht_crb_1_mrc_pd_1_1.jpg\",\"width\":2550,\"height\":1405},{\"@type\":\"BreadcrumbList\",\"@id\":\"https:\/\/naturalbikes.cl\/?product=cannondale-scalpel-ht-carbon-1-29#breadcrumb\",\"itemListElement\":[{\"@type\":\"ListItem\",\"position\":1,\"name\":\"Portada\",\"item\":\"https:\/\/naturalbikes.cl\/\"},{\"@type\":\"ListItem\",\"position\":2,\"name\":\"Tienda NB\",\"item\":\"https:\/\/naturalbikes.cl\/?page_id=7843\"},{\"@type\":\"ListItem\",\"position\":3,\"name\":\"Cannondale\",\"item\":\"https:\/\/naturalbikes.cl\/?product_brand=cannondale\"},{\"@type\":\"ListItem\",\"position\":4,\"name\":\"Bicicleta Cannondale 29 Scalpel HT Carbon 1\"}]},{\"@type\":\"WebSite\",\"@id\":\"https:\/\/naturalbikes.cl\/#website\",\"url\":\"https:\/\/naturalbikes.cl\/\",\"name\":\"Natural Bikes\",\"description\":\"Tienda de bicicletas repuestos accesorios taller mantenimiento clases salidas\",\"publisher\":{\"@id\":\"https:\/\/naturalbikes.cl\/#organization\"},\"alternateName\":\"Natural Bikes\",\"potentialAction\":[{\"@type\":\"SearchAction\",\"target\":{\"@type\":\"EntryPoint\",\"urlTemplate\":\"https:\/\/naturalbikes.cl\/?s={search_term_string}\"},\"query-input\":{\"@type\":\"PropertyValueSpecification\",\"valueRequired\":true,\"valueName\":\"search_term_string\"}}],\"inLanguage\":\"es\"},{\"@type\":\"Organization\",\"@id\":\"https:\/\/naturalbikes.cl\/#organization\",\"name\":\"Natural Bikes\",\"alternateName\":\"Natural Bikes\",\"url\":\"https:\/\/naturalbikes.cl\/\",\"logo\":{\"@type\":\"ImageObject\",\"inLanguage\":\"es\",\"@id\":\"https:\/\/naturalbikes.cl\/#\/schema\/logo\/image\/\",\"url\":\"https:\/\/naturalbikes.cl\/wp-content\/uploads\/2024\/05\/2023-10-10-10.44.12.jpg\",\"contentUrl\":\"https:\/\/naturalbikes.cl\/wp-content\/uploads\/2024\/05\/2023-10-10-10.44.12.jpg\",\"width\":650,\"height\":650,\"caption\":\"Natural Bikes\"},\"image\":{\"@id\":\"https:\/\/naturalbikes.cl\/#\/schema\/logo\/image\/\"},\"sameAs\":[\"https:\/\/www.facebook.com\/naturalbikescl\",\"https:\/\/www.instagram.com\/natural.bikes\",\"https:\/\/www.tiktok.com\/@natural.bikes\"],\"description\":\"Ofrecer a nuestros clientes apasionados por el ciclismo de monta\u00f1a la mejor experiencia en productos, conocimientos especializados y servicios excepcionales. Nos comprometemos a proporcionar una amplia gama de bicicletas, accesorios y equipo de alta calidad, junto con asesoramiento experto y atenci\u00f3n personalizada para cada ciclista, para que puedan explorar, disfrutar y maximizar su aventura en el mundo del MTB\",\"email\":\"naturalbikes1@gmail.com\",\"telephone\":\"56977043878\",\"legalName\":\"Natural Bikes Limitada\",\"foundingDate\":\"2024-01-01\",\"vatID\":\"76699553-5\",\"taxID\":\"76699553-5\",\"numberOfEmployees\":{\"@type\":\"QuantitativeValue\",\"minValue\":\"1\",\"maxValue\":\"10\"},\"publishingPrinciples\":\"https:\/\/naturalbikes.cl\/?page_id=7843\",\"ownershipFundingInfo\":\"https:\/\/naturalbikes.cl\/?page_id=7843\",\"actionableFeedbackPolicy\":\"https:\/\/naturalbikes.cl\/?page_id=14797\",\"correctionsPolicy\":\"https:\/\/naturalbikes.cl\/?page_id=3\",\"ethicsPolicy\":\"https:\/\/naturalbikes.cl\/?page_id=7843\",\"diversityPolicy\":\"https:\/\/naturalbikes.cl\/?page_id=11734\",\"diversityStaffingReport\":\"https:\/\/naturalbikes.cl\/?page_id=12161\"}]}<\/script>\n<!-- \/ Yoast SEO Premium plugin. -->","yoast_head_json":{"title":"Bicicleta Cannondale Scalpel HT Carbon 1: Rendimiento XC puro","description":"La Cannondale Scalpel HT Carbon 1 es la r\u00edgida de XC definitiva. Su cuadro de carbono ultraligero y su geometr\u00eda agresiva te brindan la velocidad y la eficiencia necesarias para conquistar cualquier sendero.","robots":{"index":"index","follow":"follow","max-snippet":"max-snippet:-1","max-image-preview":"max-image-preview:large","max-video-preview":"max-video-preview:-1"},"canonical":"https:\/\/naturalbikes.cl\/?product=cannondale-scalpel-ht-carbon-1-29","og_locale":"es_ES","og_type":"article","og_title":"Bicicleta Cannondale 29 Scalpel HT Carbon 1","og_description":"Ofrecer a nuestros clientes apasionados por el ciclismo de monta\u00f1a la mejor experiencia en productos, conocimientos especializados y servicios excepcionales. Nos comprometemos a proporcionar una amplia gama de bicicletas, accesorios y equipo de alta calidad, junto con asesoramiento experto y atenci\u00f3n personalizada para cada ciclista, para que puedan explorar, disfrutar y maximizar su aventura en el mundo del MTB","og_url":"https:\/\/naturalbikes.cl\/?product=cannondale-scalpel-ht-carbon-1-29","og_site_name":"NaturalBikes","article_publisher":"https:\/\/www.facebook.com\/naturalbikescl","article_modified_time":"2026-01-06T20:12:09+00:00","og_image":[{"width":2550,"height":1405,"url":"https:\/\/naturalbikes.cl\/wp-content\/uploads\/2025\/01\/c23_c25103u_scalpel_ht_crb_1_mrc_pd_1_1.jpg","type":"image\/jpeg"}],"twitter_card":"summary_large_image","twitter_misc":{"Tiempo de lectura":"3 minutos"},"schema":{"@context":"https:\/\/schema.org","@graph":[{"@type":"WebPage","@id":"https:\/\/naturalbikes.cl\/?product=cannondale-scalpel-ht-carbon-1-29","url":"https:\/\/naturalbikes.cl\/?product=cannondale-scalpel-ht-carbon-1-29","name":"Bicicleta Cannondale Scalpel HT Carbon 1: Rendimiento XC puro","isPartOf":{"@id":"https:\/\/naturalbikes.cl\/#website"},"primaryImageOfPage":{"@id":"https:\/\/naturalbikes.cl\/?product=cannondale-scalpel-ht-carbon-1-29#primaryimage"},"image":{"@id":"https:\/\/naturalbikes.cl\/?product=cannondale-scalpel-ht-carbon-1-29#primaryimage"},"thumbnailUrl":"https:\/\/naturalbikes.cl\/wp-content\/uploads\/2025\/01\/c23_c25103u_scalpel_ht_crb_1_mrc_pd_1_1.jpg","datePublished":"2025-01-26T14:15:18+00:00","dateModified":"2026-01-06T20:12:09+00:00","description":"La Cannondale Scalpel HT Carbon 1 es la r\u00edgida de XC definitiva. Su cuadro de carbono ultraligero y su geometr\u00eda agresiva te brindan la velocidad y la eficiencia necesarias para conquistar cualquier sendero.","breadcrumb":{"@id":"https:\/\/naturalbikes.cl\/?product=cannondale-scalpel-ht-carbon-1-29#breadcrumb"},"inLanguage":"es","potentialAction":[{"@type":"ReadAction","target":["https:\/\/naturalbikes.cl\/?product=cannondale-scalpel-ht-carbon-1-29"]}]},{"@type":"ImageObject","inLanguage":"es","@id":"https:\/\/naturalbikes.cl\/?product=cannondale-scalpel-ht-carbon-1-29#primaryimage","url":"https:\/\/naturalbikes.cl\/wp-content\/uploads\/2025\/01\/c23_c25103u_scalpel_ht_crb_1_mrc_pd_1_1.jpg","contentUrl":"https:\/\/naturalbikes.cl\/wp-content\/uploads\/2025\/01\/c23_c25103u_scalpel_ht_crb_1_mrc_pd_1_1.jpg","width":2550,"height":1405},{"@type":"BreadcrumbList","@id":"https:\/\/naturalbikes.cl\/?product=cannondale-scalpel-ht-carbon-1-29#breadcrumb","itemListElement":[{"@type":"ListItem","position":1,"name":"Portada","item":"https:\/\/naturalbikes.cl\/"},{"@type":"ListItem","position":2,"name":"Tienda NB","item":"https:\/\/naturalbikes.cl\/?page_id=7843"},{"@type":"ListItem","position":3,"name":"Cannondale","item":"https:\/\/naturalbikes.cl\/?product_brand=cannondale"},{"@type":"ListItem","position":4,"name":"Bicicleta Cannondale 29 Scalpel HT Carbon 1"}]},{"@type":"WebSite","@id":"https:\/\/naturalbikes.cl\/#website","url":"https:\/\/naturalbikes.cl\/","name":"Natural Bikes","description":"Tienda de bicicletas repuestos accesorios taller mantenimiento clases salidas","publisher":{"@id":"https:\/\/naturalbikes.cl\/#organization"},"alternateName":"Natural Bikes","potentialAction":[{"@type":"SearchAction","target":{"@type":"EntryPoint","urlTemplate":"https:\/\/naturalbikes.cl\/?s={search_term_string}"},"query-input":{"@type":"PropertyValueSpecification","valueRequired":true,"valueName":"search_term_string"}}],"inLanguage":"es"},{"@type":"Organization","@id":"https:\/\/naturalbikes.cl\/#organization","name":"Natural Bikes","alternateName":"Natural Bikes","url":"https:\/\/naturalbikes.cl\/","logo":{"@type":"ImageObject","inLanguage":"es","@id":"https:\/\/naturalbikes.cl\/#\/schema\/logo\/image\/","url":"https:\/\/naturalbikes.cl\/wp-content\/uploads\/2024\/05\/2023-10-10-10.44.12.jpg","contentUrl":"https:\/\/naturalbikes.cl\/wp-content\/uploads\/2024\/05\/2023-10-10-10.44.12.jpg","width":650,"height":650,"caption":"Natural Bikes"},"image":{"@id":"https:\/\/naturalbikes.cl\/#\/schema\/logo\/image\/"},"sameAs":["https:\/\/www.facebook.com\/naturalbikescl","https:\/\/www.instagram.com\/natural.bikes","https:\/\/www.tiktok.com\/@natural.bikes"],"description":"Ofrecer a nuestros clientes apasionados por el ciclismo de monta\u00f1a la mejor experiencia en productos, conocimientos especializados y servicios excepcionales. Nos comprometemos a proporcionar una amplia gama de bicicletas, accesorios y equipo de alta calidad, junto con asesoramiento experto y atenci\u00f3n personalizada para cada ciclista, para que puedan explorar, disfrutar y maximizar su aventura en el mundo del MTB","email":"naturalbikes1@gmail.com","telephone":"56977043878","legalName":"Natural Bikes Limitada","foundingDate":"2024-01-01","vatID":"76699553-5","taxID":"76699553-5","numberOfEmployees":{"@type":"QuantitativeValue","minValue":"1","maxValue":"10"},"publishingPrinciples":"https:\/\/naturalbikes.cl\/?page_id=7843","ownershipFundingInfo":"https:\/\/naturalbikes.cl\/?page_id=7843","actionableFeedbackPolicy":"https:\/\/naturalbikes.cl\/?page_id=14797","correctionsPolicy":"https:\/\/naturalbikes.cl\/?page_id=3","ethicsPolicy":"https:\/\/naturalbikes.cl\/?page_id=7843","diversityPolicy":"https:\/\/naturalbikes.cl\/?page_id=11734","diversityStaffingReport":"https:\/\/naturalbikes.cl\/?page_id=12161"}]}},"_links":{"self":[{"href":"https:\/\/naturalbikes.cl\/index.php?rest_route=\/wp\/v2\/product\/21623"}],"collection":[{"href":"https:\/\/naturalbikes.cl\/index.php?rest_route=\/wp\/v2\/product"}],"about":[{"href":"https:\/\/naturalbikes.cl\/index.php?rest_route=\/wp\/v2\/types\/product"}],"replies":[{"embeddable":true,"href":"https:\/\/naturalbikes.cl\/index.php?rest_route=%2Fwp%2Fv2%2Fcomments&post=21623"}],"wp:featuredmedia":[{"embeddable":true,"href":"https:\/\/naturalbikes.cl\/index.php?rest_route=\/wp\/v2\/media\/21628"}],"wp:attachment":[{"href":"https:\/\/naturalbikes.cl\/index.php?rest_route=%2Fwp%2Fv2%2Fmedia&parent=21623"}],"wp:term":[{"taxonomy":"product_cat","embeddable":true,"href":"https:\/\/naturalbikes.cl\/index.php?rest_route=%2Fwp%2Fv2%2Fproduct_cat&post=21623"},{"taxonomy":"product_tag","embeddable":true,"href":"https:\/\/naturalbikes.cl\/index.php?rest_route=%2Fwp%2Fv2%2Fproduct_tag&post=21623"}],"curies":[{"name":"wp","href":"https:\/\/api.w.org\/{rel}","templated":true}]}}