{"id":21566,"date":"2025-01-25T08:54:41","date_gmt":"2025-01-25T11:54:41","guid":{"rendered":"https:\/\/naturalbikes.cl\/?post_type=product&#038;p=21566"},"modified":"2026-01-06T17:12:04","modified_gmt":"2026-01-06T20:12:04","slug":"control-sram-pod-ultimate-d1-axs-lr","status":"publish","type":"product","link":"https:\/\/naturalbikes.cl\/?product=control-sram-pod-ultimate-d1-axs-lr","title":{"rendered":"Control SRAM Pod Ultimate D1 AXS L\/R"},"content":{"rendered":"<p>El AXS Pod transforma cada comando del conductor en una experiencia mucho m\u00e1s personalizada para todos sus controles AXS.<\/p>\n<p>La c\u00e1psula es m\u00e1s ligera que la Eagle Ecosystem AXSController, tiene una nueva ergonom\u00eda y ofrece una capacidad de ajuste significativamente mejor.<\/p>\n<p>La c\u00e1psula cuenta con un dise\u00f1o de \u00abclic y disparo\u00bb de dos botones con una operaci\u00f3n intuitiva que requiere una entrada m\u00ednima por parte del ciclista para activarse.<\/p>\n<p>Las tapas de las palancas tienen un agarre discreto.<\/p>\n<p>Gracias a su dise\u00f1o \u00fanico y giratorio, los AXS Pods se pueden montar tanto para zurdos como para diestros, un solo componente con muchas posibilidades.<\/p>\n<p>Se empareja con todos los componentes habilitados para AXS<\/p>\n<p>Peso m\u00e1s ligero que el controlador Eagle AXS y un rango de ajuste muy superior<\/p>\n<p>Botones de punto de contacto convexos y c\u00f3ncavos intercambiables para una sensaci\u00f3n personalizada<\/p>\n<p>Puntos de contacto intercambiables para una mayor personalizaci\u00f3n y comodidad en funci\u00f3n de las preferencias personales del conductor<\/p>\n<p>Los puntos de contacto son totalmente personalizables seg\u00fan tus preferencias, lo que te permite elegir qu\u00e9 bot\u00f3n hace qu\u00e9 a trav\u00e9s de la aplicaci\u00f3n SRAM AXS<\/p>\n<p>El sistema es completamente resistente al agua y al polvo<\/p>\n<p>Requiere una bater\u00eda CR2032 (incluida)<\/p>\n<p>Modelo: POD Ultimate Controller D1<\/p>\n<p>N\u00famero de pieza del Sram: EC-AXS-PODU-D1<\/p>\n<p>Velocidad: 12<\/p>\n<p>Compatibilidad: SRAM AXS<\/p>\n<p>Peso: 57 g.<\/p>\n<p>Color: negro<\/p>\n","protected":false},"excerpt":{"rendered":"<p><img decoding=\"async\" title=\"Sram\" src=\"https:\/\/www.ebest.cl\/media\/images\/cache\/amasty\/shopby\/option_images\/slider\/resized\/150x50\/sram.png\" alt=\"Sram\" \/>Personaliza tu experiencia de ciclismo con el control SRAM Pod Ultimate D1 AXS L\/R. Disfruta de cambios de marcha precisos y una ergonom\u00eda superior gracias a su dise\u00f1o ajustable. Compatible con la tecnolog\u00eda AXS.<\/p>\n","protected":false},"featured_media":21567,"comment_status":"open","ping_status":"closed","template":"","meta":[],"product_cat":[389,198,1195,390],"product_tag":[1150,1421,1196,1329],"class_list":{"0":"post-21566","1":"product","2":"type-product","3":"status-publish","4":"has-post-thumbnail","6":"product_brand-sram","7":"product_cat-cambios","8":"product_cat-componentes","9":"product_cat-shifter","10":"product_cat-sram-cambios","11":"product_tag-cambio","12":"product_tag-electronico","13":"product_tag-shifter","14":"product_tag-sram","16":"first","17":"instock","18":"taxable","19":"shipping-taxable","20":"purchasable","21":"product-type-simple"},"yoast_head":"<!-- This site is optimized with the Yoast SEO Premium plugin v24.8 (Yoast SEO v25.6) - https:\/\/yoast.com\/wordpress\/plugins\/seo\/ -->\n<title>Control SRAM D1 AXS: Cambia de marcha con precisi\u00f3n<\/title>\n<meta name=\"description\" content=\"Personaliza tu experiencia de ciclismo con el control SRAM Pod Ultimate D1 AXS L\/R. Disfruta de cambios de marcha precisos y una ergonom\u00eda superior gracias a su dise\u00f1o ajustable. Compatible con la tecnolog\u00eda AXS.\" \/>\n<meta name=\"robots\" content=\"index, follow, max-snippet:-1, max-image-preview:large, max-video-preview:-1\" \/>\n<link rel=\"canonical\" href=\"https:\/\/naturalbikes.cl\/?product=control-sram-pod-ultimate-d1-axs-lr\" \/>\n<meta property=\"og:locale\" content=\"es_ES\" \/>\n<meta property=\"og:type\" content=\"article\" \/>\n<meta property=\"og:title\" content=\"Control SRAM Pod Ultimate D1 AXS L\/R\" \/>\n<meta property=\"og:description\" content=\"Ofrecer a nuestros clientes apasionados por el ciclismo de monta\u00f1a la mejor experiencia en productos, conocimientos especializados y servicios excepcionales. Nos comprometemos a proporcionar una amplia gama de bicicletas, accesorios y equipo de alta calidad, junto con asesoramiento experto y atenci\u00f3n personalizada para cada ciclista, para que puedan explorar, disfrutar y maximizar su aventura en el mundo del MTB\" \/>\n<meta property=\"og:url\" content=\"https:\/\/naturalbikes.cl\/?product=control-sram-pod-ultimate-d1-axs-lr\" \/>\n<meta property=\"og:site_name\" content=\"NaturalBikes\" \/>\n<meta property=\"article:publisher\" content=\"https:\/\/www.facebook.com\/naturalbikescl\" \/>\n<meta property=\"article:modified_time\" content=\"2026-01-06T20:12:04+00:00\" \/>\n<meta property=\"og:image\" content=\"https:\/\/naturalbikes.cl\/wp-content\/uploads\/2025\/01\/SRM00328-11731551311091.jpg\" \/>\n\t<meta property=\"og:image:width\" content=\"780\" \/>\n\t<meta property=\"og:image:height\" content=\"780\" \/>\n\t<meta property=\"og:image:type\" content=\"image\/jpeg\" \/>\n<meta name=\"twitter:card\" content=\"summary_large_image\" \/>\n<meta name=\"twitter:label1\" content=\"Tiempo de lectura\" \/>\n\t<meta name=\"twitter:data1\" content=\"2 minutos\" \/>\n<script type=\"application\/ld+json\" class=\"yoast-schema-graph\">{\"@context\":\"https:\/\/schema.org\",\"@graph\":[{\"@type\":\"WebPage\",\"@id\":\"https:\/\/naturalbikes.cl\/?product=control-sram-pod-ultimate-d1-axs-lr\",\"url\":\"https:\/\/naturalbikes.cl\/?product=control-sram-pod-ultimate-d1-axs-lr\",\"name\":\"Control SRAM D1 AXS: Cambia de marcha con precisi\u00f3n\",\"isPartOf\":{\"@id\":\"https:\/\/naturalbikes.cl\/#website\"},\"primaryImageOfPage\":{\"@id\":\"https:\/\/naturalbikes.cl\/?product=control-sram-pod-ultimate-d1-axs-lr#primaryimage\"},\"image\":{\"@id\":\"https:\/\/naturalbikes.cl\/?product=control-sram-pod-ultimate-d1-axs-lr#primaryimage\"},\"thumbnailUrl\":\"https:\/\/naturalbikes.cl\/wp-content\/uploads\/2025\/01\/SRM00328-11731551311091.jpg\",\"datePublished\":\"2025-01-25T11:54:41+00:00\",\"dateModified\":\"2026-01-06T20:12:04+00:00\",\"description\":\"Personaliza tu experiencia de ciclismo con el control SRAM Pod Ultimate D1 AXS L\/R. Disfruta de cambios de marcha precisos y una ergonom\u00eda superior gracias a su dise\u00f1o ajustable. Compatible con la tecnolog\u00eda AXS.\",\"breadcrumb\":{\"@id\":\"https:\/\/naturalbikes.cl\/?product=control-sram-pod-ultimate-d1-axs-lr#breadcrumb\"},\"inLanguage\":\"es\",\"potentialAction\":[{\"@type\":\"ReadAction\",\"target\":[\"https:\/\/naturalbikes.cl\/?product=control-sram-pod-ultimate-d1-axs-lr\"]}]},{\"@type\":\"ImageObject\",\"inLanguage\":\"es\",\"@id\":\"https:\/\/naturalbikes.cl\/?product=control-sram-pod-ultimate-d1-axs-lr#primaryimage\",\"url\":\"https:\/\/naturalbikes.cl\/wp-content\/uploads\/2025\/01\/SRM00328-11731551311091.jpg\",\"contentUrl\":\"https:\/\/naturalbikes.cl\/wp-content\/uploads\/2025\/01\/SRM00328-11731551311091.jpg\",\"width\":780,\"height\":780},{\"@type\":\"BreadcrumbList\",\"@id\":\"https:\/\/naturalbikes.cl\/?product=control-sram-pod-ultimate-d1-axs-lr#breadcrumb\",\"itemListElement\":[{\"@type\":\"ListItem\",\"position\":1,\"name\":\"Portada\",\"item\":\"https:\/\/naturalbikes.cl\/\"},{\"@type\":\"ListItem\",\"position\":2,\"name\":\"Tienda NB\",\"item\":\"https:\/\/naturalbikes.cl\/?page_id=7843\"},{\"@type\":\"ListItem\",\"position\":3,\"name\":\"Sram\",\"item\":\"https:\/\/naturalbikes.cl\/?product_brand=sram\"},{\"@type\":\"ListItem\",\"position\":4,\"name\":\"Control SRAM Pod Ultimate D1 AXS L\/R\"}]},{\"@type\":\"WebSite\",\"@id\":\"https:\/\/naturalbikes.cl\/#website\",\"url\":\"https:\/\/naturalbikes.cl\/\",\"name\":\"Natural Bikes\",\"description\":\"Tienda de bicicletas repuestos accesorios taller mantenimiento clases salidas\",\"publisher\":{\"@id\":\"https:\/\/naturalbikes.cl\/#organization\"},\"alternateName\":\"Natural Bikes\",\"potentialAction\":[{\"@type\":\"SearchAction\",\"target\":{\"@type\":\"EntryPoint\",\"urlTemplate\":\"https:\/\/naturalbikes.cl\/?s={search_term_string}\"},\"query-input\":{\"@type\":\"PropertyValueSpecification\",\"valueRequired\":true,\"valueName\":\"search_term_string\"}}],\"inLanguage\":\"es\"},{\"@type\":\"Organization\",\"@id\":\"https:\/\/naturalbikes.cl\/#organization\",\"name\":\"Natural Bikes\",\"alternateName\":\"Natural Bikes\",\"url\":\"https:\/\/naturalbikes.cl\/\",\"logo\":{\"@type\":\"ImageObject\",\"inLanguage\":\"es\",\"@id\":\"https:\/\/naturalbikes.cl\/#\/schema\/logo\/image\/\",\"url\":\"https:\/\/naturalbikes.cl\/wp-content\/uploads\/2024\/05\/2023-10-10-10.44.12.jpg\",\"contentUrl\":\"https:\/\/naturalbikes.cl\/wp-content\/uploads\/2024\/05\/2023-10-10-10.44.12.jpg\",\"width\":650,\"height\":650,\"caption\":\"Natural Bikes\"},\"image\":{\"@id\":\"https:\/\/naturalbikes.cl\/#\/schema\/logo\/image\/\"},\"sameAs\":[\"https:\/\/www.facebook.com\/naturalbikescl\",\"https:\/\/www.instagram.com\/natural.bikes\",\"https:\/\/www.tiktok.com\/@natural.bikes\"],\"description\":\"Ofrecer a nuestros clientes apasionados por el ciclismo de monta\u00f1a la mejor experiencia en productos, conocimientos especializados y servicios excepcionales. Nos comprometemos a proporcionar una amplia gama de bicicletas, accesorios y equipo de alta calidad, junto con asesoramiento experto y atenci\u00f3n personalizada para cada ciclista, para que puedan explorar, disfrutar y maximizar su aventura en el mundo del MTB\",\"email\":\"naturalbikes1@gmail.com\",\"telephone\":\"56977043878\",\"legalName\":\"Natural Bikes Limitada\",\"foundingDate\":\"2024-01-01\",\"vatID\":\"76699553-5\",\"taxID\":\"76699553-5\",\"numberOfEmployees\":{\"@type\":\"QuantitativeValue\",\"minValue\":\"1\",\"maxValue\":\"10\"},\"publishingPrinciples\":\"https:\/\/naturalbikes.cl\/?page_id=7843\",\"ownershipFundingInfo\":\"https:\/\/naturalbikes.cl\/?page_id=7843\",\"actionableFeedbackPolicy\":\"https:\/\/naturalbikes.cl\/?page_id=14797\",\"correctionsPolicy\":\"https:\/\/naturalbikes.cl\/?page_id=3\",\"ethicsPolicy\":\"https:\/\/naturalbikes.cl\/?page_id=7843\",\"diversityPolicy\":\"https:\/\/naturalbikes.cl\/?page_id=11734\",\"diversityStaffingReport\":\"https:\/\/naturalbikes.cl\/?page_id=12161\"}]}<\/script>\n<!-- \/ Yoast SEO Premium plugin. -->","yoast_head_json":{"title":"Control SRAM D1 AXS: Cambia de marcha con precisi\u00f3n","description":"Personaliza tu experiencia de ciclismo con el control SRAM Pod Ultimate D1 AXS L\/R. Disfruta de cambios de marcha precisos y una ergonom\u00eda superior gracias a su dise\u00f1o ajustable. Compatible con la tecnolog\u00eda AXS.","robots":{"index":"index","follow":"follow","max-snippet":"max-snippet:-1","max-image-preview":"max-image-preview:large","max-video-preview":"max-video-preview:-1"},"canonical":"https:\/\/naturalbikes.cl\/?product=control-sram-pod-ultimate-d1-axs-lr","og_locale":"es_ES","og_type":"article","og_title":"Control SRAM Pod Ultimate D1 AXS L\/R","og_description":"Ofrecer a nuestros clientes apasionados por el ciclismo de monta\u00f1a la mejor experiencia en productos, conocimientos especializados y servicios excepcionales. Nos comprometemos a proporcionar una amplia gama de bicicletas, accesorios y equipo de alta calidad, junto con asesoramiento experto y atenci\u00f3n personalizada para cada ciclista, para que puedan explorar, disfrutar y maximizar su aventura en el mundo del MTB","og_url":"https:\/\/naturalbikes.cl\/?product=control-sram-pod-ultimate-d1-axs-lr","og_site_name":"NaturalBikes","article_publisher":"https:\/\/www.facebook.com\/naturalbikescl","article_modified_time":"2026-01-06T20:12:04+00:00","og_image":[{"width":780,"height":780,"url":"https:\/\/naturalbikes.cl\/wp-content\/uploads\/2025\/01\/SRM00328-11731551311091.jpg","type":"image\/jpeg"}],"twitter_card":"summary_large_image","twitter_misc":{"Tiempo de lectura":"2 minutos"},"schema":{"@context":"https:\/\/schema.org","@graph":[{"@type":"WebPage","@id":"https:\/\/naturalbikes.cl\/?product=control-sram-pod-ultimate-d1-axs-lr","url":"https:\/\/naturalbikes.cl\/?product=control-sram-pod-ultimate-d1-axs-lr","name":"Control SRAM D1 AXS: Cambia de marcha con precisi\u00f3n","isPartOf":{"@id":"https:\/\/naturalbikes.cl\/#website"},"primaryImageOfPage":{"@id":"https:\/\/naturalbikes.cl\/?product=control-sram-pod-ultimate-d1-axs-lr#primaryimage"},"image":{"@id":"https:\/\/naturalbikes.cl\/?product=control-sram-pod-ultimate-d1-axs-lr#primaryimage"},"thumbnailUrl":"https:\/\/naturalbikes.cl\/wp-content\/uploads\/2025\/01\/SRM00328-11731551311091.jpg","datePublished":"2025-01-25T11:54:41+00:00","dateModified":"2026-01-06T20:12:04+00:00","description":"Personaliza tu experiencia de ciclismo con el control SRAM Pod Ultimate D1 AXS L\/R. Disfruta de cambios de marcha precisos y una ergonom\u00eda superior gracias a su dise\u00f1o ajustable. Compatible con la tecnolog\u00eda AXS.","breadcrumb":{"@id":"https:\/\/naturalbikes.cl\/?product=control-sram-pod-ultimate-d1-axs-lr#breadcrumb"},"inLanguage":"es","potentialAction":[{"@type":"ReadAction","target":["https:\/\/naturalbikes.cl\/?product=control-sram-pod-ultimate-d1-axs-lr"]}]},{"@type":"ImageObject","inLanguage":"es","@id":"https:\/\/naturalbikes.cl\/?product=control-sram-pod-ultimate-d1-axs-lr#primaryimage","url":"https:\/\/naturalbikes.cl\/wp-content\/uploads\/2025\/01\/SRM00328-11731551311091.jpg","contentUrl":"https:\/\/naturalbikes.cl\/wp-content\/uploads\/2025\/01\/SRM00328-11731551311091.jpg","width":780,"height":780},{"@type":"BreadcrumbList","@id":"https:\/\/naturalbikes.cl\/?product=control-sram-pod-ultimate-d1-axs-lr#breadcrumb","itemListElement":[{"@type":"ListItem","position":1,"name":"Portada","item":"https:\/\/naturalbikes.cl\/"},{"@type":"ListItem","position":2,"name":"Tienda NB","item":"https:\/\/naturalbikes.cl\/?page_id=7843"},{"@type":"ListItem","position":3,"name":"Sram","item":"https:\/\/naturalbikes.cl\/?product_brand=sram"},{"@type":"ListItem","position":4,"name":"Control SRAM Pod Ultimate D1 AXS L\/R"}]},{"@type":"WebSite","@id":"https:\/\/naturalbikes.cl\/#website","url":"https:\/\/naturalbikes.cl\/","name":"Natural Bikes","description":"Tienda de bicicletas repuestos accesorios taller mantenimiento clases salidas","publisher":{"@id":"https:\/\/naturalbikes.cl\/#organization"},"alternateName":"Natural Bikes","potentialAction":[{"@type":"SearchAction","target":{"@type":"EntryPoint","urlTemplate":"https:\/\/naturalbikes.cl\/?s={search_term_string}"},"query-input":{"@type":"PropertyValueSpecification","valueRequired":true,"valueName":"search_term_string"}}],"inLanguage":"es"},{"@type":"Organization","@id":"https:\/\/naturalbikes.cl\/#organization","name":"Natural Bikes","alternateName":"Natural Bikes","url":"https:\/\/naturalbikes.cl\/","logo":{"@type":"ImageObject","inLanguage":"es","@id":"https:\/\/naturalbikes.cl\/#\/schema\/logo\/image\/","url":"https:\/\/naturalbikes.cl\/wp-content\/uploads\/2024\/05\/2023-10-10-10.44.12.jpg","contentUrl":"https:\/\/naturalbikes.cl\/wp-content\/uploads\/2024\/05\/2023-10-10-10.44.12.jpg","width":650,"height":650,"caption":"Natural Bikes"},"image":{"@id":"https:\/\/naturalbikes.cl\/#\/schema\/logo\/image\/"},"sameAs":["https:\/\/www.facebook.com\/naturalbikescl","https:\/\/www.instagram.com\/natural.bikes","https:\/\/www.tiktok.com\/@natural.bikes"],"description":"Ofrecer a nuestros clientes apasionados por el ciclismo de monta\u00f1a la mejor experiencia en productos, conocimientos especializados y servicios excepcionales. Nos comprometemos a proporcionar una amplia gama de bicicletas, accesorios y equipo de alta calidad, junto con asesoramiento experto y atenci\u00f3n personalizada para cada ciclista, para que puedan explorar, disfrutar y maximizar su aventura en el mundo del MTB","email":"naturalbikes1@gmail.com","telephone":"56977043878","legalName":"Natural Bikes Limitada","foundingDate":"2024-01-01","vatID":"76699553-5","taxID":"76699553-5","numberOfEmployees":{"@type":"QuantitativeValue","minValue":"1","maxValue":"10"},"publishingPrinciples":"https:\/\/naturalbikes.cl\/?page_id=7843","ownershipFundingInfo":"https:\/\/naturalbikes.cl\/?page_id=7843","actionableFeedbackPolicy":"https:\/\/naturalbikes.cl\/?page_id=14797","correctionsPolicy":"https:\/\/naturalbikes.cl\/?page_id=3","ethicsPolicy":"https:\/\/naturalbikes.cl\/?page_id=7843","diversityPolicy":"https:\/\/naturalbikes.cl\/?page_id=11734","diversityStaffingReport":"https:\/\/naturalbikes.cl\/?page_id=12161"}]}},"_links":{"self":[{"href":"https:\/\/naturalbikes.cl\/index.php?rest_route=\/wp\/v2\/product\/21566"}],"collection":[{"href":"https:\/\/naturalbikes.cl\/index.php?rest_route=\/wp\/v2\/product"}],"about":[{"href":"https:\/\/naturalbikes.cl\/index.php?rest_route=\/wp\/v2\/types\/product"}],"replies":[{"embeddable":true,"href":"https:\/\/naturalbikes.cl\/index.php?rest_route=%2Fwp%2Fv2%2Fcomments&post=21566"}],"wp:featuredmedia":[{"embeddable":true,"href":"https:\/\/naturalbikes.cl\/index.php?rest_route=\/wp\/v2\/media\/21567"}],"wp:attachment":[{"href":"https:\/\/naturalbikes.cl\/index.php?rest_route=%2Fwp%2Fv2%2Fmedia&parent=21566"}],"wp:term":[{"taxonomy":"product_cat","embeddable":true,"href":"https:\/\/naturalbikes.cl\/index.php?rest_route=%2Fwp%2Fv2%2Fproduct_cat&post=21566"},{"taxonomy":"product_tag","embeddable":true,"href":"https:\/\/naturalbikes.cl\/index.php?rest_route=%2Fwp%2Fv2%2Fproduct_tag&post=21566"}],"curies":[{"name":"wp","href":"https:\/\/api.w.org\/{rel}","templated":true}]}}