{"id":21231,"date":"2024-09-24T14:15:49","date_gmt":"2024-09-24T17:15:49","guid":{"rendered":"https:\/\/naturalbikes.cl\/?post_type=product&#038;p=21231"},"modified":"2026-01-06T17:12:04","modified_gmt":"2026-01-06T20:12:04","slug":"horquilla-fox-38-2025-29-170-podium-gold","status":"publish","type":"product","link":"https:\/\/naturalbikes.cl\/?product=horquilla-fox-38-2025-29-170-podium-gold","title":{"rendered":"Horquilla Fox 38 2025 29&#8243; 170 Podium Gold"},"content":{"rendered":"<p>EL ESPECIALISTA EN ENDURO DE LARGO VIAJE DURO<\/p>\n<p><img decoding=\"async\" src=\"https:\/\/t-bikes.cl\/wp-content\/uploads\/2024\/03\/2018-FOX-Logo-021-448x300.webp\" alt=\"\" width=\"113\" height=\"76\" \/><\/p>\n<p>Cuando necesites ir realmente a lo grande, opta por la 38. Optimizada para 160-180 mm de recorrido, la 38 redefine la capacidad de una horquilla de corona \u00fanica de largo recorrido, estableciendo un nuevo punto de referencia en cuanto a confianza, rendimiento y durabilidad.Bienvenido al gran momento.<\/p>\n<p>Para celebrar 50 a\u00f1os de impulsar a\u00fan m\u00e1s el potencial, FOX est\u00e1 lanzando una serie de horquillas Factory en nuestra nueva combinaci\u00f3n de colores limitada Podium Gold. Una vez agotado, este color no se repondr\u00e1. Pero no te preocupes, el cl\u00e1sico 38 Factory GRIP X2.<\/p>\n<p><strong>GRIP X2<\/strong><br \/>\nMAYOR TRACCI\u00d3N.<br \/>\nA\u00daN M\u00c1S CONTROL<br \/>\nY VELOCIDAD.<\/p>\n<p>Para crear el amortiguador definitivo centrado en el descenso, buscamos el nivel de capacidad de ajuste visto en la suspensi\u00f3n de carreras de motocross y supercross. Nuestro galardonado amortiguador GRIP 2 ten\u00eda un di\u00e1metro de base de 20 mm y siete v\u00e1lvulas. GRIP X2 aument\u00f3 la capacidad de ajuste al aumentar el di\u00e1metro de la base a 24 mm con 23 v\u00e1lvulas. El resultado es el amortiguador centrado en el descenso m\u00e1s ajustable, de mayor apoyo y m\u00e1s suave jam\u00e1s creado por FOX.<\/p>\n<p>Los pasajeros obtienen los beneficios de sentarse m\u00e1s alto en el recorrido mientras los neum\u00e1ticos permanecen pegados al suelo. Pueden tomar curvas con mayor tracci\u00f3n, lo que les da la confianza para superar los l\u00edmites de las carreras de descenso y enduro, al mismo tiempo que reducen la fatiga general del ciclista.<\/p>\n<p>GRIP X2 es la diferencia ganadora.<\/p>\n<ul>\n<li>RAKE 44mm<\/li>\n<li>Recorrido 170 mm<\/li>\n<li>GRIP X2<\/li>\n<li>Controles de compuerta HSC-LSC-HSR-LSR<\/li>\n<li>Eje Kabolt-X 110<\/li>\n<li>Tubo de direcci\u00f3n 1,5 T<\/li>\n<\/ul>\n<p>&nbsp;<\/p>\n","protected":false},"excerpt":{"rendered":"<p><img decoding=\"async\" class=\"wp-image-12906 entered lazyloaded alignleft\" src=\"https:\/\/t-bikes.cl\/wp-content\/uploads\/2024\/03\/2018-FOX-Logo-021-448x300.webp\" alt=\"\" width=\"128\" height=\"86\" data-lazy-src=\"https:\/\/t-bikes.cl\/wp-content\/uploads\/2024\/03\/2018-FOX-Logo-021-448x300.webp\" data-ll-status=\"loaded\" \/>La horquilla Fox 38 2025 29&#8243; 170 Podium Gold ofrece un rendimiento excepcional, suavidad y precisi\u00f3n en cada descenso. Dise\u00f1ada para los riders m\u00e1s exigentes, garantiza una experiencia de conducci\u00f3n inigualable.<\/p>\n","protected":false},"featured_media":21233,"comment_status":"open","ping_status":"closed","template":"","meta":[],"product_cat":[198,238],"product_tag":[1405,1253,1252,1404],"class_list":{"0":"post-21231","1":"product","2":"type-product","3":"status-publish","4":"has-post-thumbnail","6":"product_brand-fox","7":"product_cat-componentes","8":"product_cat-horquillas-y-partes","9":"product_tag-1405","10":"product_tag-fox","11":"product_tag-horquilla","12":"product_tag-horquilla-fox-38-gold","14":"first","15":"outofstock","16":"taxable","17":"shipping-taxable","18":"purchasable","19":"product-type-simple"},"yoast_head":"<!-- This site is optimized with the Yoast SEO Premium plugin v24.8 (Yoast SEO v25.6) - https:\/\/yoast.com\/wordpress\/plugins\/seo\/ -->\n<title>Horquilla Fox 38 2025 29&quot; 170 Podium Gold: La opci\u00f3n definitiva para ciclistas exigentes<\/title>\n<meta name=\"description\" content=\"La horquilla Fox 38 2025 29&quot; 170 Podium Gold ofrece un rendimiento excepcional, suavidad y precisi\u00f3n en cada descenso. Dise\u00f1ada para los riders m\u00e1s exigentes, garantiza una experiencia de conducci\u00f3n inigualable.\" \/>\n<meta name=\"robots\" content=\"index, follow, max-snippet:-1, max-image-preview:large, max-video-preview:-1\" \/>\n<link rel=\"canonical\" href=\"https:\/\/naturalbikes.cl\/?product=horquilla-fox-38-2025-29-170-podium-gold\" \/>\n<meta property=\"og:locale\" content=\"es_ES\" \/>\n<meta property=\"og:type\" content=\"article\" \/>\n<meta property=\"og:title\" content=\"Horquilla Fox 38 2025 29&quot; 170 Podium Gold\" \/>\n<meta property=\"og:description\" content=\"Ofrecer a nuestros clientes apasionados por el ciclismo de monta\u00f1a la mejor experiencia en productos, conocimientos especializados y servicios excepcionales. Nos comprometemos a proporcionar una amplia gama de bicicletas, accesorios y equipo de alta calidad, junto con asesoramiento experto y atenci\u00f3n personalizada para cada ciclista, para que puedan explorar, disfrutar y maximizar su aventura en el mundo del MTB\" \/>\n<meta property=\"og:url\" content=\"https:\/\/naturalbikes.cl\/?product=horquilla-fox-38-2025-29-170-podium-gold\" \/>\n<meta property=\"og:site_name\" content=\"NaturalBikes\" \/>\n<meta property=\"article:publisher\" content=\"https:\/\/www.facebook.com\/naturalbikescl\" \/>\n<meta property=\"article:modified_time\" content=\"2026-01-06T20:12:04+00:00\" \/>\n<meta property=\"og:image\" content=\"https:\/\/naturalbikes.cl\/wp-content\/uploads\/2024\/09\/horquilla-fox-2-100.webp\" \/>\n\t<meta property=\"og:image:width\" content=\"1080\" \/>\n\t<meta property=\"og:image:height\" content=\"1080\" \/>\n\t<meta property=\"og:image:type\" content=\"image\/webp\" \/>\n<meta name=\"twitter:card\" content=\"summary_large_image\" \/>\n<meta name=\"twitter:label1\" content=\"Tiempo de lectura\" \/>\n\t<meta name=\"twitter:data1\" content=\"2 minutos\" \/>\n<script type=\"application\/ld+json\" class=\"yoast-schema-graph\">{\"@context\":\"https:\/\/schema.org\",\"@graph\":[{\"@type\":\"WebPage\",\"@id\":\"https:\/\/naturalbikes.cl\/?product=horquilla-fox-38-2025-29-170-podium-gold\",\"url\":\"https:\/\/naturalbikes.cl\/?product=horquilla-fox-38-2025-29-170-podium-gold\",\"name\":\"Horquilla Fox 38 2025 29\\\" 170 Podium Gold: La opci\u00f3n definitiva para ciclistas exigentes\",\"isPartOf\":{\"@id\":\"https:\/\/naturalbikes.cl\/#website\"},\"primaryImageOfPage\":{\"@id\":\"https:\/\/naturalbikes.cl\/?product=horquilla-fox-38-2025-29-170-podium-gold#primaryimage\"},\"image\":{\"@id\":\"https:\/\/naturalbikes.cl\/?product=horquilla-fox-38-2025-29-170-podium-gold#primaryimage\"},\"thumbnailUrl\":\"https:\/\/naturalbikes.cl\/wp-content\/uploads\/2024\/09\/horquilla-fox-2-100.webp\",\"datePublished\":\"2024-09-24T17:15:49+00:00\",\"dateModified\":\"2026-01-06T20:12:04+00:00\",\"description\":\"La horquilla Fox 38 2025 29\\\" 170 Podium Gold ofrece un rendimiento excepcional, suavidad y precisi\u00f3n en cada descenso. Dise\u00f1ada para los riders m\u00e1s exigentes, garantiza una experiencia de conducci\u00f3n inigualable.\",\"breadcrumb\":{\"@id\":\"https:\/\/naturalbikes.cl\/?product=horquilla-fox-38-2025-29-170-podium-gold#breadcrumb\"},\"inLanguage\":\"es\",\"potentialAction\":[{\"@type\":\"ReadAction\",\"target\":[\"https:\/\/naturalbikes.cl\/?product=horquilla-fox-38-2025-29-170-podium-gold\"]}]},{\"@type\":\"ImageObject\",\"inLanguage\":\"es\",\"@id\":\"https:\/\/naturalbikes.cl\/?product=horquilla-fox-38-2025-29-170-podium-gold#primaryimage\",\"url\":\"https:\/\/naturalbikes.cl\/wp-content\/uploads\/2024\/09\/horquilla-fox-2-100.webp\",\"contentUrl\":\"https:\/\/naturalbikes.cl\/wp-content\/uploads\/2024\/09\/horquilla-fox-2-100.webp\",\"width\":1080,\"height\":1080},{\"@type\":\"BreadcrumbList\",\"@id\":\"https:\/\/naturalbikes.cl\/?product=horquilla-fox-38-2025-29-170-podium-gold#breadcrumb\",\"itemListElement\":[{\"@type\":\"ListItem\",\"position\":1,\"name\":\"Portada\",\"item\":\"https:\/\/naturalbikes.cl\/\"},{\"@type\":\"ListItem\",\"position\":2,\"name\":\"Tienda NB\",\"item\":\"https:\/\/naturalbikes.cl\/?page_id=7843\"},{\"@type\":\"ListItem\",\"position\":3,\"name\":\"FOX\",\"item\":\"https:\/\/naturalbikes.cl\/?product_brand=fox\"},{\"@type\":\"ListItem\",\"position\":4,\"name\":\"Horquilla Fox 38 2025 29&#8243; 170 Podium Gold\"}]},{\"@type\":\"WebSite\",\"@id\":\"https:\/\/naturalbikes.cl\/#website\",\"url\":\"https:\/\/naturalbikes.cl\/\",\"name\":\"Natural Bikes\",\"description\":\"Tienda de bicicletas repuestos accesorios taller mantenimiento clases salidas\",\"publisher\":{\"@id\":\"https:\/\/naturalbikes.cl\/#organization\"},\"alternateName\":\"Natural Bikes\",\"potentialAction\":[{\"@type\":\"SearchAction\",\"target\":{\"@type\":\"EntryPoint\",\"urlTemplate\":\"https:\/\/naturalbikes.cl\/?s={search_term_string}\"},\"query-input\":{\"@type\":\"PropertyValueSpecification\",\"valueRequired\":true,\"valueName\":\"search_term_string\"}}],\"inLanguage\":\"es\"},{\"@type\":\"Organization\",\"@id\":\"https:\/\/naturalbikes.cl\/#organization\",\"name\":\"Natural Bikes\",\"alternateName\":\"Natural Bikes\",\"url\":\"https:\/\/naturalbikes.cl\/\",\"logo\":{\"@type\":\"ImageObject\",\"inLanguage\":\"es\",\"@id\":\"https:\/\/naturalbikes.cl\/#\/schema\/logo\/image\/\",\"url\":\"https:\/\/naturalbikes.cl\/wp-content\/uploads\/2024\/05\/2023-10-10-10.44.12.jpg\",\"contentUrl\":\"https:\/\/naturalbikes.cl\/wp-content\/uploads\/2024\/05\/2023-10-10-10.44.12.jpg\",\"width\":650,\"height\":650,\"caption\":\"Natural Bikes\"},\"image\":{\"@id\":\"https:\/\/naturalbikes.cl\/#\/schema\/logo\/image\/\"},\"sameAs\":[\"https:\/\/www.facebook.com\/naturalbikescl\",\"https:\/\/www.instagram.com\/natural.bikes\",\"https:\/\/www.tiktok.com\/@natural.bikes\"],\"description\":\"Ofrecer a nuestros clientes apasionados por el ciclismo de monta\u00f1a la mejor experiencia en productos, conocimientos especializados y servicios excepcionales. Nos comprometemos a proporcionar una amplia gama de bicicletas, accesorios y equipo de alta calidad, junto con asesoramiento experto y atenci\u00f3n personalizada para cada ciclista, para que puedan explorar, disfrutar y maximizar su aventura en el mundo del MTB\",\"email\":\"naturalbikes1@gmail.com\",\"telephone\":\"56977043878\",\"legalName\":\"Natural Bikes Limitada\",\"foundingDate\":\"2024-01-01\",\"vatID\":\"76699553-5\",\"taxID\":\"76699553-5\",\"numberOfEmployees\":{\"@type\":\"QuantitativeValue\",\"minValue\":\"1\",\"maxValue\":\"10\"},\"publishingPrinciples\":\"https:\/\/naturalbikes.cl\/?page_id=7843\",\"ownershipFundingInfo\":\"https:\/\/naturalbikes.cl\/?page_id=7843\",\"actionableFeedbackPolicy\":\"https:\/\/naturalbikes.cl\/?page_id=14797\",\"correctionsPolicy\":\"https:\/\/naturalbikes.cl\/?page_id=3\",\"ethicsPolicy\":\"https:\/\/naturalbikes.cl\/?page_id=7843\",\"diversityPolicy\":\"https:\/\/naturalbikes.cl\/?page_id=11734\",\"diversityStaffingReport\":\"https:\/\/naturalbikes.cl\/?page_id=12161\"}]}<\/script>\n<!-- \/ Yoast SEO Premium plugin. -->","yoast_head_json":{"title":"Horquilla Fox 38 2025 29\" 170 Podium Gold: La opci\u00f3n definitiva para ciclistas exigentes","description":"La horquilla Fox 38 2025 29\" 170 Podium Gold ofrece un rendimiento excepcional, suavidad y precisi\u00f3n en cada descenso. Dise\u00f1ada para los riders m\u00e1s exigentes, garantiza una experiencia de conducci\u00f3n inigualable.","robots":{"index":"index","follow":"follow","max-snippet":"max-snippet:-1","max-image-preview":"max-image-preview:large","max-video-preview":"max-video-preview:-1"},"canonical":"https:\/\/naturalbikes.cl\/?product=horquilla-fox-38-2025-29-170-podium-gold","og_locale":"es_ES","og_type":"article","og_title":"Horquilla Fox 38 2025 29\" 170 Podium Gold","og_description":"Ofrecer a nuestros clientes apasionados por el ciclismo de monta\u00f1a la mejor experiencia en productos, conocimientos especializados y servicios excepcionales. Nos comprometemos a proporcionar una amplia gama de bicicletas, accesorios y equipo de alta calidad, junto con asesoramiento experto y atenci\u00f3n personalizada para cada ciclista, para que puedan explorar, disfrutar y maximizar su aventura en el mundo del MTB","og_url":"https:\/\/naturalbikes.cl\/?product=horquilla-fox-38-2025-29-170-podium-gold","og_site_name":"NaturalBikes","article_publisher":"https:\/\/www.facebook.com\/naturalbikescl","article_modified_time":"2026-01-06T20:12:04+00:00","og_image":[{"width":1080,"height":1080,"url":"https:\/\/naturalbikes.cl\/wp-content\/uploads\/2024\/09\/horquilla-fox-2-100.webp","type":"image\/webp"}],"twitter_card":"summary_large_image","twitter_misc":{"Tiempo de lectura":"2 minutos"},"schema":{"@context":"https:\/\/schema.org","@graph":[{"@type":"WebPage","@id":"https:\/\/naturalbikes.cl\/?product=horquilla-fox-38-2025-29-170-podium-gold","url":"https:\/\/naturalbikes.cl\/?product=horquilla-fox-38-2025-29-170-podium-gold","name":"Horquilla Fox 38 2025 29\" 170 Podium Gold: La opci\u00f3n definitiva para ciclistas exigentes","isPartOf":{"@id":"https:\/\/naturalbikes.cl\/#website"},"primaryImageOfPage":{"@id":"https:\/\/naturalbikes.cl\/?product=horquilla-fox-38-2025-29-170-podium-gold#primaryimage"},"image":{"@id":"https:\/\/naturalbikes.cl\/?product=horquilla-fox-38-2025-29-170-podium-gold#primaryimage"},"thumbnailUrl":"https:\/\/naturalbikes.cl\/wp-content\/uploads\/2024\/09\/horquilla-fox-2-100.webp","datePublished":"2024-09-24T17:15:49+00:00","dateModified":"2026-01-06T20:12:04+00:00","description":"La horquilla Fox 38 2025 29\" 170 Podium Gold ofrece un rendimiento excepcional, suavidad y precisi\u00f3n en cada descenso. Dise\u00f1ada para los riders m\u00e1s exigentes, garantiza una experiencia de conducci\u00f3n inigualable.","breadcrumb":{"@id":"https:\/\/naturalbikes.cl\/?product=horquilla-fox-38-2025-29-170-podium-gold#breadcrumb"},"inLanguage":"es","potentialAction":[{"@type":"ReadAction","target":["https:\/\/naturalbikes.cl\/?product=horquilla-fox-38-2025-29-170-podium-gold"]}]},{"@type":"ImageObject","inLanguage":"es","@id":"https:\/\/naturalbikes.cl\/?product=horquilla-fox-38-2025-29-170-podium-gold#primaryimage","url":"https:\/\/naturalbikes.cl\/wp-content\/uploads\/2024\/09\/horquilla-fox-2-100.webp","contentUrl":"https:\/\/naturalbikes.cl\/wp-content\/uploads\/2024\/09\/horquilla-fox-2-100.webp","width":1080,"height":1080},{"@type":"BreadcrumbList","@id":"https:\/\/naturalbikes.cl\/?product=horquilla-fox-38-2025-29-170-podium-gold#breadcrumb","itemListElement":[{"@type":"ListItem","position":1,"name":"Portada","item":"https:\/\/naturalbikes.cl\/"},{"@type":"ListItem","position":2,"name":"Tienda NB","item":"https:\/\/naturalbikes.cl\/?page_id=7843"},{"@type":"ListItem","position":3,"name":"FOX","item":"https:\/\/naturalbikes.cl\/?product_brand=fox"},{"@type":"ListItem","position":4,"name":"Horquilla Fox 38 2025 29&#8243; 170 Podium Gold"}]},{"@type":"WebSite","@id":"https:\/\/naturalbikes.cl\/#website","url":"https:\/\/naturalbikes.cl\/","name":"Natural Bikes","description":"Tienda de bicicletas repuestos accesorios taller mantenimiento clases salidas","publisher":{"@id":"https:\/\/naturalbikes.cl\/#organization"},"alternateName":"Natural Bikes","potentialAction":[{"@type":"SearchAction","target":{"@type":"EntryPoint","urlTemplate":"https:\/\/naturalbikes.cl\/?s={search_term_string}"},"query-input":{"@type":"PropertyValueSpecification","valueRequired":true,"valueName":"search_term_string"}}],"inLanguage":"es"},{"@type":"Organization","@id":"https:\/\/naturalbikes.cl\/#organization","name":"Natural Bikes","alternateName":"Natural Bikes","url":"https:\/\/naturalbikes.cl\/","logo":{"@type":"ImageObject","inLanguage":"es","@id":"https:\/\/naturalbikes.cl\/#\/schema\/logo\/image\/","url":"https:\/\/naturalbikes.cl\/wp-content\/uploads\/2024\/05\/2023-10-10-10.44.12.jpg","contentUrl":"https:\/\/naturalbikes.cl\/wp-content\/uploads\/2024\/05\/2023-10-10-10.44.12.jpg","width":650,"height":650,"caption":"Natural Bikes"},"image":{"@id":"https:\/\/naturalbikes.cl\/#\/schema\/logo\/image\/"},"sameAs":["https:\/\/www.facebook.com\/naturalbikescl","https:\/\/www.instagram.com\/natural.bikes","https:\/\/www.tiktok.com\/@natural.bikes"],"description":"Ofrecer a nuestros clientes apasionados por el ciclismo de monta\u00f1a la mejor experiencia en productos, conocimientos especializados y servicios excepcionales. Nos comprometemos a proporcionar una amplia gama de bicicletas, accesorios y equipo de alta calidad, junto con asesoramiento experto y atenci\u00f3n personalizada para cada ciclista, para que puedan explorar, disfrutar y maximizar su aventura en el mundo del MTB","email":"naturalbikes1@gmail.com","telephone":"56977043878","legalName":"Natural Bikes Limitada","foundingDate":"2024-01-01","vatID":"76699553-5","taxID":"76699553-5","numberOfEmployees":{"@type":"QuantitativeValue","minValue":"1","maxValue":"10"},"publishingPrinciples":"https:\/\/naturalbikes.cl\/?page_id=7843","ownershipFundingInfo":"https:\/\/naturalbikes.cl\/?page_id=7843","actionableFeedbackPolicy":"https:\/\/naturalbikes.cl\/?page_id=14797","correctionsPolicy":"https:\/\/naturalbikes.cl\/?page_id=3","ethicsPolicy":"https:\/\/naturalbikes.cl\/?page_id=7843","diversityPolicy":"https:\/\/naturalbikes.cl\/?page_id=11734","diversityStaffingReport":"https:\/\/naturalbikes.cl\/?page_id=12161"}]}},"_links":{"self":[{"href":"https:\/\/naturalbikes.cl\/index.php?rest_route=\/wp\/v2\/product\/21231"}],"collection":[{"href":"https:\/\/naturalbikes.cl\/index.php?rest_route=\/wp\/v2\/product"}],"about":[{"href":"https:\/\/naturalbikes.cl\/index.php?rest_route=\/wp\/v2\/types\/product"}],"replies":[{"embeddable":true,"href":"https:\/\/naturalbikes.cl\/index.php?rest_route=%2Fwp%2Fv2%2Fcomments&post=21231"}],"wp:featuredmedia":[{"embeddable":true,"href":"https:\/\/naturalbikes.cl\/index.php?rest_route=\/wp\/v2\/media\/21233"}],"wp:attachment":[{"href":"https:\/\/naturalbikes.cl\/index.php?rest_route=%2Fwp%2Fv2%2Fmedia&parent=21231"}],"wp:term":[{"taxonomy":"product_cat","embeddable":true,"href":"https:\/\/naturalbikes.cl\/index.php?rest_route=%2Fwp%2Fv2%2Fproduct_cat&post=21231"},{"taxonomy":"product_tag","embeddable":true,"href":"https:\/\/naturalbikes.cl\/index.php?rest_route=%2Fwp%2Fv2%2Fproduct_tag&post=21231"}],"curies":[{"name":"wp","href":"https:\/\/api.w.org\/{rel}","templated":true}]}}