{"id":21228,"date":"2024-09-24T14:05:40","date_gmt":"2024-09-24T17:05:40","guid":{"rendered":"https:\/\/naturalbikes.cl\/?post_type=product&#038;p=21228"},"modified":"2026-03-16T12:04:16","modified_gmt":"2026-03-16T15:04:16","slug":"cadena-sram-eagle-x01-12v-126-links-plata","status":"publish","type":"product","link":"https:\/\/naturalbikes.cl\/?product=cadena-sram-eagle-x01-12v-126-links-plata","title":{"rendered":"Cadena Sram Eagle X01 12V 126 Links Plata"},"content":{"rendered":"<div class=\"amtheme-short-info\">\n<div class=\"product-info-stock-sku\">\n<div class=\"product attribute sku\">\n<div class=\"value\">\n<h5>CADENA PC-X01 EAGLE 12V 126 LINKS<\/h5>\n<p class=\"mb-0\">Puede que parezca normal a simple vista, pero el dise\u00f1o de esta incre\u00edble cadena hace posible un rango de cambio que antes solo se encontraba en transmisiones de doble plato. Tambi\u00e9n es la principal art\u00edfice del rendimiento supersuave, preciso, duradero y silencioso de las transmisiones Eagle. Los eslabones de la cadena Eagle tienen un radio muy suave, sin bordes ni ribetes afilados, y reducen mucho el ruido, la fricci\u00f3n y el desgaste de los platos y los pi\u00f1ones. Este dise\u00f1o tambi\u00e9n permite una placa m\u00e1s plana, lo cual se traduce en un remachado de la cadena m\u00e1s consistente, y una resistencia general m\u00e1s alta.<\/p>\n<\/div>\n<\/div>\n<\/div>\n<\/div>\n<div class=\"product-info-main\">\n<div class=\"product attribute overview\">\n<div class=\"value\">\n<ul>\n<li>Dise\u00f1o y tecnolog\u00eda innovadores de la cadena.<\/li>\n<li>La cadena Eagle ha sido completamente redise\u00f1ada y se produce con nueva tecnolog\u00eda de fabricaci\u00f3n.<\/li>\n<li>El conector de cadena Eagle PowerLock con tecnolog\u00eda FLOW LINK proporciona una mejor gu\u00eda de cadena y una mayor longevidad<\/li>\n<li>La cadena Eagle es la cadena m\u00e1s silenciosa, resistente y resistente al desgaste del mundo.<\/li>\n<li>Las caracter\u00edsticas y el dise\u00f1o \u00fanicos tambi\u00e9n proporcionan una resistencia al desgaste significativamente mejorada en los cassettes y anillos Eagle<\/li>\n<\/ul>\n<\/div>\n<\/div>\n<\/div>\n","protected":false},"excerpt":{"rendered":"<p><img decoding=\"async\" class=\"alignleft\" title=\"Sram\" src=\"https:\/\/www.ebest.cl\/media\/images\/cache\/amasty\/shopby\/option_images\/slider\/resized\/150x50\/sram.png\" alt=\"Sram\" \/>La cadena SRAM Eagle X01 12V de 126 links en plata ofrece un rendimiento excepcional, cambios suaves y precisos.Su construcci\u00f3n de alta calidad garantiza una larga vida \u00fatil, incluso en las condiciones m\u00e1s exigentes.<\/p>\n","protected":false},"featured_media":21229,"comment_status":"open","ping_status":"closed","template":"","meta":[],"product_cat":[381,198,384],"product_tag":[1136,1329],"class_list":{"0":"post-21228","1":"product","2":"type-product","3":"status-publish","4":"has-post-thumbnail","6":"product_brand-sram","7":"product_cat-cadenas","8":"product_cat-componentes","9":"product_cat-sram-cadenas","10":"product_tag-cadena","11":"product_tag-sram","13":"first","14":"outofstock","15":"sale","16":"taxable","17":"shipping-taxable","18":"purchasable","19":"product-type-simple"},"yoast_head":"<!-- This site is optimized with the Yoast SEO Premium plugin v24.8 (Yoast SEO v25.6) - https:\/\/yoast.com\/wordpress\/plugins\/seo\/ -->\n<title>Cadena SRAM Eagle X01 12V: Rendimiento de Alta Gama<\/title>\n<meta name=\"description\" content=\"La cadena SRAM Eagle X01 12V de 126 links en plata ofrece un rendimiento excepcional, cambios suaves y precisos. Su construcci\u00f3n de alta calidad garantiza una larga vida \u00fatil, incluso en las condiciones m\u00e1s exigentes.\" \/>\n<meta name=\"robots\" content=\"index, follow, max-snippet:-1, max-image-preview:large, max-video-preview:-1\" \/>\n<link rel=\"canonical\" href=\"https:\/\/naturalbikes.cl\/?product=cadena-sram-eagle-x01-12v-126-links-plata\" \/>\n<meta property=\"og:locale\" content=\"es_ES\" \/>\n<meta property=\"og:type\" content=\"article\" \/>\n<meta property=\"og:title\" content=\"Cadena Sram Eagle X01 12V 126 Links Plata\" \/>\n<meta property=\"og:description\" content=\"Ofrecer a nuestros clientes apasionados por el ciclismo de monta\u00f1a la mejor experiencia en productos, conocimientos especializados y servicios excepcionales. Nos comprometemos a proporcionar una amplia gama de bicicletas, accesorios y equipo de alta calidad, junto con asesoramiento experto y atenci\u00f3n personalizada para cada ciclista, para que puedan explorar, disfrutar y maximizar su aventura en el mundo del MTB\" \/>\n<meta property=\"og:url\" content=\"https:\/\/naturalbikes.cl\/?product=cadena-sram-eagle-x01-12v-126-links-plata\" \/>\n<meta property=\"og:site_name\" content=\"NaturalBikes\" \/>\n<meta property=\"article:publisher\" content=\"https:\/\/www.facebook.com\/naturalbikescl\" \/>\n<meta property=\"article:modified_time\" content=\"2026-03-16T15:04:16+00:00\" \/>\n<meta property=\"og:image\" content=\"https:\/\/naturalbikes.cl\/wp-content\/uploads\/2024\/09\/SR00701-1683411605310.jpg\" \/>\n\t<meta property=\"og:image:width\" content=\"1200\" \/>\n\t<meta property=\"og:image:height\" content=\"1201\" \/>\n\t<meta property=\"og:image:type\" content=\"image\/jpeg\" \/>\n<meta name=\"twitter:card\" content=\"summary_large_image\" \/>\n<meta name=\"twitter:label1\" content=\"Tiempo de lectura\" \/>\n\t<meta name=\"twitter:data1\" content=\"2 minutos\" \/>\n<script type=\"application\/ld+json\" class=\"yoast-schema-graph\">{\"@context\":\"https:\/\/schema.org\",\"@graph\":[{\"@type\":\"WebPage\",\"@id\":\"https:\/\/naturalbikes.cl\/?product=cadena-sram-eagle-x01-12v-126-links-plata\",\"url\":\"https:\/\/naturalbikes.cl\/?product=cadena-sram-eagle-x01-12v-126-links-plata\",\"name\":\"Cadena SRAM Eagle X01 12V: Rendimiento de Alta Gama\",\"isPartOf\":{\"@id\":\"https:\/\/naturalbikes.cl\/#website\"},\"primaryImageOfPage\":{\"@id\":\"https:\/\/naturalbikes.cl\/?product=cadena-sram-eagle-x01-12v-126-links-plata#primaryimage\"},\"image\":{\"@id\":\"https:\/\/naturalbikes.cl\/?product=cadena-sram-eagle-x01-12v-126-links-plata#primaryimage\"},\"thumbnailUrl\":\"https:\/\/naturalbikes.cl\/wp-content\/uploads\/2024\/09\/SR00701-1683411605310.jpg\",\"datePublished\":\"2024-09-24T17:05:40+00:00\",\"dateModified\":\"2026-03-16T15:04:16+00:00\",\"description\":\"La cadena SRAM Eagle X01 12V de 126 links en plata ofrece un rendimiento excepcional, cambios suaves y precisos. Su construcci\u00f3n de alta calidad garantiza una larga vida \u00fatil, incluso en las condiciones m\u00e1s exigentes.\",\"breadcrumb\":{\"@id\":\"https:\/\/naturalbikes.cl\/?product=cadena-sram-eagle-x01-12v-126-links-plata#breadcrumb\"},\"inLanguage\":\"es\",\"potentialAction\":[{\"@type\":\"ReadAction\",\"target\":[\"https:\/\/naturalbikes.cl\/?product=cadena-sram-eagle-x01-12v-126-links-plata\"]}]},{\"@type\":\"ImageObject\",\"inLanguage\":\"es\",\"@id\":\"https:\/\/naturalbikes.cl\/?product=cadena-sram-eagle-x01-12v-126-links-plata#primaryimage\",\"url\":\"https:\/\/naturalbikes.cl\/wp-content\/uploads\/2024\/09\/SR00701-1683411605310.jpg\",\"contentUrl\":\"https:\/\/naturalbikes.cl\/wp-content\/uploads\/2024\/09\/SR00701-1683411605310.jpg\",\"width\":1200,\"height\":1201},{\"@type\":\"BreadcrumbList\",\"@id\":\"https:\/\/naturalbikes.cl\/?product=cadena-sram-eagle-x01-12v-126-links-plata#breadcrumb\",\"itemListElement\":[{\"@type\":\"ListItem\",\"position\":1,\"name\":\"Portada\",\"item\":\"https:\/\/naturalbikes.cl\/\"},{\"@type\":\"ListItem\",\"position\":2,\"name\":\"Tienda NB\",\"item\":\"https:\/\/naturalbikes.cl\/?page_id=7843\"},{\"@type\":\"ListItem\",\"position\":3,\"name\":\"Sram\",\"item\":\"https:\/\/naturalbikes.cl\/?product_brand=sram\"},{\"@type\":\"ListItem\",\"position\":4,\"name\":\"Cadena Sram Eagle X01 12V 126 Links Plata\"}]},{\"@type\":\"WebSite\",\"@id\":\"https:\/\/naturalbikes.cl\/#website\",\"url\":\"https:\/\/naturalbikes.cl\/\",\"name\":\"Natural Bikes\",\"description\":\"Tienda de bicicletas repuestos accesorios taller mantenimiento clases salidas\",\"publisher\":{\"@id\":\"https:\/\/naturalbikes.cl\/#organization\"},\"alternateName\":\"Natural Bikes\",\"potentialAction\":[{\"@type\":\"SearchAction\",\"target\":{\"@type\":\"EntryPoint\",\"urlTemplate\":\"https:\/\/naturalbikes.cl\/?s={search_term_string}\"},\"query-input\":{\"@type\":\"PropertyValueSpecification\",\"valueRequired\":true,\"valueName\":\"search_term_string\"}}],\"inLanguage\":\"es\"},{\"@type\":\"Organization\",\"@id\":\"https:\/\/naturalbikes.cl\/#organization\",\"name\":\"Natural Bikes\",\"alternateName\":\"Natural Bikes\",\"url\":\"https:\/\/naturalbikes.cl\/\",\"logo\":{\"@type\":\"ImageObject\",\"inLanguage\":\"es\",\"@id\":\"https:\/\/naturalbikes.cl\/#\/schema\/logo\/image\/\",\"url\":\"https:\/\/naturalbikes.cl\/wp-content\/uploads\/2024\/05\/2023-10-10-10.44.12.jpg\",\"contentUrl\":\"https:\/\/naturalbikes.cl\/wp-content\/uploads\/2024\/05\/2023-10-10-10.44.12.jpg\",\"width\":650,\"height\":650,\"caption\":\"Natural Bikes\"},\"image\":{\"@id\":\"https:\/\/naturalbikes.cl\/#\/schema\/logo\/image\/\"},\"sameAs\":[\"https:\/\/www.facebook.com\/naturalbikescl\",\"https:\/\/www.instagram.com\/natural.bikes\",\"https:\/\/www.tiktok.com\/@natural.bikes\"],\"description\":\"Ofrecer a nuestros clientes apasionados por el ciclismo de monta\u00f1a la mejor experiencia en productos, conocimientos especializados y servicios excepcionales. Nos comprometemos a proporcionar una amplia gama de bicicletas, accesorios y equipo de alta calidad, junto con asesoramiento experto y atenci\u00f3n personalizada para cada ciclista, para que puedan explorar, disfrutar y maximizar su aventura en el mundo del MTB\",\"email\":\"naturalbikes1@gmail.com\",\"telephone\":\"56977043878\",\"legalName\":\"Natural Bikes Limitada\",\"foundingDate\":\"2024-01-01\",\"vatID\":\"76699553-5\",\"taxID\":\"76699553-5\",\"numberOfEmployees\":{\"@type\":\"QuantitativeValue\",\"minValue\":\"1\",\"maxValue\":\"10\"},\"publishingPrinciples\":\"https:\/\/naturalbikes.cl\/?page_id=7843\",\"ownershipFundingInfo\":\"https:\/\/naturalbikes.cl\/?page_id=7843\",\"actionableFeedbackPolicy\":\"https:\/\/naturalbikes.cl\/?page_id=14797\",\"correctionsPolicy\":\"https:\/\/naturalbikes.cl\/?page_id=3\",\"ethicsPolicy\":\"https:\/\/naturalbikes.cl\/?page_id=7843\",\"diversityPolicy\":\"https:\/\/naturalbikes.cl\/?page_id=11734\",\"diversityStaffingReport\":\"https:\/\/naturalbikes.cl\/?page_id=12161\"}]}<\/script>\n<!-- \/ Yoast SEO Premium plugin. -->","yoast_head_json":{"title":"Cadena SRAM Eagle X01 12V: Rendimiento de Alta Gama","description":"La cadena SRAM Eagle X01 12V de 126 links en plata ofrece un rendimiento excepcional, cambios suaves y precisos. Su construcci\u00f3n de alta calidad garantiza una larga vida \u00fatil, incluso en las condiciones m\u00e1s exigentes.","robots":{"index":"index","follow":"follow","max-snippet":"max-snippet:-1","max-image-preview":"max-image-preview:large","max-video-preview":"max-video-preview:-1"},"canonical":"https:\/\/naturalbikes.cl\/?product=cadena-sram-eagle-x01-12v-126-links-plata","og_locale":"es_ES","og_type":"article","og_title":"Cadena Sram Eagle X01 12V 126 Links Plata","og_description":"Ofrecer a nuestros clientes apasionados por el ciclismo de monta\u00f1a la mejor experiencia en productos, conocimientos especializados y servicios excepcionales. Nos comprometemos a proporcionar una amplia gama de bicicletas, accesorios y equipo de alta calidad, junto con asesoramiento experto y atenci\u00f3n personalizada para cada ciclista, para que puedan explorar, disfrutar y maximizar su aventura en el mundo del MTB","og_url":"https:\/\/naturalbikes.cl\/?product=cadena-sram-eagle-x01-12v-126-links-plata","og_site_name":"NaturalBikes","article_publisher":"https:\/\/www.facebook.com\/naturalbikescl","article_modified_time":"2026-03-16T15:04:16+00:00","og_image":[{"width":1200,"height":1201,"url":"https:\/\/naturalbikes.cl\/wp-content\/uploads\/2024\/09\/SR00701-1683411605310.jpg","type":"image\/jpeg"}],"twitter_card":"summary_large_image","twitter_misc":{"Tiempo de lectura":"2 minutos"},"schema":{"@context":"https:\/\/schema.org","@graph":[{"@type":"WebPage","@id":"https:\/\/naturalbikes.cl\/?product=cadena-sram-eagle-x01-12v-126-links-plata","url":"https:\/\/naturalbikes.cl\/?product=cadena-sram-eagle-x01-12v-126-links-plata","name":"Cadena SRAM Eagle X01 12V: Rendimiento de Alta Gama","isPartOf":{"@id":"https:\/\/naturalbikes.cl\/#website"},"primaryImageOfPage":{"@id":"https:\/\/naturalbikes.cl\/?product=cadena-sram-eagle-x01-12v-126-links-plata#primaryimage"},"image":{"@id":"https:\/\/naturalbikes.cl\/?product=cadena-sram-eagle-x01-12v-126-links-plata#primaryimage"},"thumbnailUrl":"https:\/\/naturalbikes.cl\/wp-content\/uploads\/2024\/09\/SR00701-1683411605310.jpg","datePublished":"2024-09-24T17:05:40+00:00","dateModified":"2026-03-16T15:04:16+00:00","description":"La cadena SRAM Eagle X01 12V de 126 links en plata ofrece un rendimiento excepcional, cambios suaves y precisos. Su construcci\u00f3n de alta calidad garantiza una larga vida \u00fatil, incluso en las condiciones m\u00e1s exigentes.","breadcrumb":{"@id":"https:\/\/naturalbikes.cl\/?product=cadena-sram-eagle-x01-12v-126-links-plata#breadcrumb"},"inLanguage":"es","potentialAction":[{"@type":"ReadAction","target":["https:\/\/naturalbikes.cl\/?product=cadena-sram-eagle-x01-12v-126-links-plata"]}]},{"@type":"ImageObject","inLanguage":"es","@id":"https:\/\/naturalbikes.cl\/?product=cadena-sram-eagle-x01-12v-126-links-plata#primaryimage","url":"https:\/\/naturalbikes.cl\/wp-content\/uploads\/2024\/09\/SR00701-1683411605310.jpg","contentUrl":"https:\/\/naturalbikes.cl\/wp-content\/uploads\/2024\/09\/SR00701-1683411605310.jpg","width":1200,"height":1201},{"@type":"BreadcrumbList","@id":"https:\/\/naturalbikes.cl\/?product=cadena-sram-eagle-x01-12v-126-links-plata#breadcrumb","itemListElement":[{"@type":"ListItem","position":1,"name":"Portada","item":"https:\/\/naturalbikes.cl\/"},{"@type":"ListItem","position":2,"name":"Tienda NB","item":"https:\/\/naturalbikes.cl\/?page_id=7843"},{"@type":"ListItem","position":3,"name":"Sram","item":"https:\/\/naturalbikes.cl\/?product_brand=sram"},{"@type":"ListItem","position":4,"name":"Cadena Sram Eagle X01 12V 126 Links Plata"}]},{"@type":"WebSite","@id":"https:\/\/naturalbikes.cl\/#website","url":"https:\/\/naturalbikes.cl\/","name":"Natural Bikes","description":"Tienda de bicicletas repuestos accesorios taller mantenimiento clases salidas","publisher":{"@id":"https:\/\/naturalbikes.cl\/#organization"},"alternateName":"Natural Bikes","potentialAction":[{"@type":"SearchAction","target":{"@type":"EntryPoint","urlTemplate":"https:\/\/naturalbikes.cl\/?s={search_term_string}"},"query-input":{"@type":"PropertyValueSpecification","valueRequired":true,"valueName":"search_term_string"}}],"inLanguage":"es"},{"@type":"Organization","@id":"https:\/\/naturalbikes.cl\/#organization","name":"Natural Bikes","alternateName":"Natural Bikes","url":"https:\/\/naturalbikes.cl\/","logo":{"@type":"ImageObject","inLanguage":"es","@id":"https:\/\/naturalbikes.cl\/#\/schema\/logo\/image\/","url":"https:\/\/naturalbikes.cl\/wp-content\/uploads\/2024\/05\/2023-10-10-10.44.12.jpg","contentUrl":"https:\/\/naturalbikes.cl\/wp-content\/uploads\/2024\/05\/2023-10-10-10.44.12.jpg","width":650,"height":650,"caption":"Natural Bikes"},"image":{"@id":"https:\/\/naturalbikes.cl\/#\/schema\/logo\/image\/"},"sameAs":["https:\/\/www.facebook.com\/naturalbikescl","https:\/\/www.instagram.com\/natural.bikes","https:\/\/www.tiktok.com\/@natural.bikes"],"description":"Ofrecer a nuestros clientes apasionados por el ciclismo de monta\u00f1a la mejor experiencia en productos, conocimientos especializados y servicios excepcionales. Nos comprometemos a proporcionar una amplia gama de bicicletas, accesorios y equipo de alta calidad, junto con asesoramiento experto y atenci\u00f3n personalizada para cada ciclista, para que puedan explorar, disfrutar y maximizar su aventura en el mundo del MTB","email":"naturalbikes1@gmail.com","telephone":"56977043878","legalName":"Natural Bikes Limitada","foundingDate":"2024-01-01","vatID":"76699553-5","taxID":"76699553-5","numberOfEmployees":{"@type":"QuantitativeValue","minValue":"1","maxValue":"10"},"publishingPrinciples":"https:\/\/naturalbikes.cl\/?page_id=7843","ownershipFundingInfo":"https:\/\/naturalbikes.cl\/?page_id=7843","actionableFeedbackPolicy":"https:\/\/naturalbikes.cl\/?page_id=14797","correctionsPolicy":"https:\/\/naturalbikes.cl\/?page_id=3","ethicsPolicy":"https:\/\/naturalbikes.cl\/?page_id=7843","diversityPolicy":"https:\/\/naturalbikes.cl\/?page_id=11734","diversityStaffingReport":"https:\/\/naturalbikes.cl\/?page_id=12161"}]}},"_links":{"self":[{"href":"https:\/\/naturalbikes.cl\/index.php?rest_route=\/wp\/v2\/product\/21228"}],"collection":[{"href":"https:\/\/naturalbikes.cl\/index.php?rest_route=\/wp\/v2\/product"}],"about":[{"href":"https:\/\/naturalbikes.cl\/index.php?rest_route=\/wp\/v2\/types\/product"}],"replies":[{"embeddable":true,"href":"https:\/\/naturalbikes.cl\/index.php?rest_route=%2Fwp%2Fv2%2Fcomments&post=21228"}],"wp:featuredmedia":[{"embeddable":true,"href":"https:\/\/naturalbikes.cl\/index.php?rest_route=\/wp\/v2\/media\/21229"}],"wp:attachment":[{"href":"https:\/\/naturalbikes.cl\/index.php?rest_route=%2Fwp%2Fv2%2Fmedia&parent=21228"}],"wp:term":[{"taxonomy":"product_cat","embeddable":true,"href":"https:\/\/naturalbikes.cl\/index.php?rest_route=%2Fwp%2Fv2%2Fproduct_cat&post=21228"},{"taxonomy":"product_tag","embeddable":true,"href":"https:\/\/naturalbikes.cl\/index.php?rest_route=%2Fwp%2Fv2%2Fproduct_tag&post=21228"}],"curies":[{"name":"wp","href":"https:\/\/api.w.org\/{rel}","templated":true}]}}