{"id":21120,"date":"2024-08-22T13:10:28","date_gmt":"2024-08-22T17:10:28","guid":{"rendered":"https:\/\/naturalbikes.cl\/?post_type=product&#038;p=21120"},"modified":"2026-01-06T17:12:53","modified_gmt":"2026-01-06T20:12:53","slug":"bicicleta-cannondale-caad-optimo-4-700","status":"publish","type":"product","link":"https:\/\/naturalbikes.cl\/?product=bicicleta-cannondale-caad-optimo-4-700","title":{"rendered":"Bicicleta Cannondale CAAD Optimo 4 | 700"},"content":{"rendered":"<div class=\"card__header\">\n<h2 class=\"card__title heading h3\"><\/h2>\n<\/div>\n<div class=\"card__section \">\n<div class=\"rte text--pull\">\n<div style=\"text-align: center;\"><img decoding=\"async\" class=\"aligncenter\" style=\"float: none;\" src=\"https:\/\/cdn.shopify.com\/s\/files\/1\/0084\/1151\/2896\/files\/cannondale-logo-vector_240x240.png?v=1644341419\" alt=\"\" \/><\/div>\n<\/div>\n<div>\n<h2 class=\"card__title heading h3\" style=\"text-align: center;\">Descripci\u00f3n<\/h2>\n<\/div>\n<div><\/div>\n<div class=\"rte text--pull\">\n<div style=\"text-align: center;\"><strong>Una bicicleta de carretera de verdadero alto rendimiento, con ADN de ganadoras de carreras, y que ofrece la experiencia del cava por el precio de un refresco.<\/strong><\/div>\n<div style=\"text-align: center;\"><strong><img fetchpriority=\"high\" decoding=\"async\" src=\"https:\/\/embed.widencdn.net\/img\/dorelrl\/8argitnhps\/1100px@1x\/C21_C14401M_CAAD_Optimo_4_SLV_3Q.webp?color=f7f7f7&amp;q=99\" width=\"881\" height=\"797\" \/><\/strong><\/div>\n<div style=\"text-align: center;\"><\/div>\n<div style=\"text-align: center;\">\n<h3 style=\"text-align: left;\">Puntos clave<\/h3>\n<ul>\n<li style=\"text-align: left;\">Ligero cuadro de aluminio SmartForm C2 con horquilla completa de fibra de carbono<\/li>\n<li style=\"text-align: left;\">Transmisi\u00f3n Shimano Claris de 8 velocidades \/ bielas FSA Tempo<\/li>\n<li style=\"text-align: left;\">Frenos Promax RC-452 de doble pivote<\/li>\n<\/ul>\n<p style=\"text-align: left;\"><img decoding=\"async\" src=\"https:\/\/d1mo5ln9tjltxq.cloudfront.net\/-\/media\/images\/my21\/bikes\/road\/race\/caad-optimo\/tech-images\/c21_caad_optimo_smoother.ashx?mh=2560&amp;mw=1920&amp;hash=0B57C036245A68A6AB4AD4530E6E98FB\" width=\"1196\" height=\"797\" \/><\/p>\n<p style=\"text-align: left;\"><strong>Rendimiento excepcional del aluminio<\/strong><br \/>\nTodo lo que sabemos sobre las bicicletas de ruta de aluminio en un solo espacio: perfiles de tubos refinados, conificado de precisi\u00f3n y soldaduras de doble pasada crean cuadros que son m\u00e1s livianos y funcionan mejor que las ofertas de aleaci\u00f3n de alto precio de nuestros competidores.<img decoding=\"async\" src=\"https:\/\/embed.widencdn.net\/img\/dorelrl\/jxfx9jbnec\/1100px@1x\/C21_C14401M_CAAD_Optimo_4_SLV_D1.webp?color=f7f7f7&amp;q=99\" \/><\/p>\n<p style=\"text-align: left;\"><strong>Geometr\u00eda de carrera Elite<\/strong><br \/>\nCon una geometr\u00eda inspirada directamente en nuestra galardonada bicicleta CAAD13, la CAAD Optimo ofrece un verdadero manejo de carrera y una posici\u00f3n corporal \u00f3ptima en todo momento.<img decoding=\"async\" src=\"https:\/\/embed.widencdn.net\/img\/dorelrl\/obwy5dk2cq\/1100px@1x\/C21_C14401M_CAAD_Optimo_4_SLV_D7.webp?color=f7f7f7&amp;q=99\" \/><\/p>\n<p style=\"text-align: left;\"><strong>Conduzca con mayor suavidad con SAVE<\/strong><br \/>\nJunto con el nuevo perfil de tirantes bajos de Optimo, las zonas flexibles dise\u00f1adas con precisi\u00f3n en la parte trasera del cuadro absorben las vibraciones de la carretera para brindar mayor comodidad y control.<\/p>\n<p style=\"text-align: left;\"><strong>CARACTERISTICAS<\/strong><\/p>\n<p style=\"text-align: left;\"><strong>Cuadro<\/strong><br \/>\nSmartForm C2 Alloy, SAVE, tapered headtube, fender mounts, 130x10mm QR<\/p>\n<p style=\"text-align: left;\"><strong>Horquilla<\/strong><br \/>\nCAAD Optimo Full Carbon, 1-1\/8&#8243; to 1-1\/4&#8243; steerer, fender mounts, 100x9mm QR<\/p>\n<p style=\"text-align: left;\"><strong>Direcci\u00f3n<\/strong><br \/>\nCAAD Optimo, 1-1\/8&#8243; to 1-1\/4&#8243;, 25mm top cap<\/p>\n<p style=\"text-align: left;\"><strong>Cambio<\/strong><br \/>\nShimano Claris<\/p>\n<p style=\"text-align: left;\"><strong>Mandos de cambio<\/strong><br \/>\nShimano Claris, 31.8mm clamp<\/p>\n<p style=\"text-align: left;\"><strong>Shifters<\/strong><br \/>\nShimano Claris, 8-speed<\/p>\n<p style=\"text-align: left;\"><strong>Cadena<\/strong><br \/>\nShimano HG71, 8-speed<\/p>\n<p style=\"text-align: left;\"><strong>Bielas<\/strong><br \/>\nFSA Tempo, 50\/34<\/p>\n<p style=\"text-align: left;\"><strong>Casette<\/strong><br \/>\nShimano HG50, 11-30, 8-speed<\/p>\n<p style=\"text-align: left;\"><strong>Bottom Bracket<\/strong><br \/>\nCartridge, square taper<\/p>\n<p style=\"text-align: left;\"><strong>Frenos<\/strong><br \/>\nPromax RC-452, dual pivot calipers<\/p>\n<p style=\"text-align: left;\"><strong>Manetas de freno<\/strong><br \/>\nShimano Claris<\/p>\n<p style=\"text-align: left;\"><strong>Buje delantero<\/strong><br \/>\nFormula RB-31<\/p>\n<p style=\"text-align: left;\"><strong>Buje trasero<\/strong><br \/>\nFormula RB-32<\/p>\n<p style=\"text-align: left;\"><strong>Tipo de freno<\/strong><br \/>\nLlanta<\/p>\n<p style=\"text-align: left;\"><strong>Llantas<\/strong><br \/>\nRS 3.0, 24h front, 28h rear<\/p>\n<p style=\"text-align: left;\"><strong>Radios<\/strong><br \/>\nStainless Steel, 14g<\/p>\n<p style=\"text-align: left;\"><strong>Medida de la cubierta<\/strong><br \/>\n25<\/p>\n<p style=\"text-align: left;\"><strong>Medida de rueda<\/strong><br \/>\n700c<\/p>\n<p style=\"text-align: left;\"><strong>Cubiertas<\/strong><br \/>\nVittoria Zaffiro, 700x25c<\/p>\n<p style=\"text-align: left;\"><strong>Manillar<\/strong><br \/>\n6061 Alloy, Compact<\/p>\n<p style=\"text-align: left;\"><strong>Potencia<\/strong><br \/>\n6061 Alloy, 31.8, 7\u00b0<\/p>\n<p style=\"text-align: left;\"><strong>Pu\u00f1os<\/strong><br \/>\nCannondale Bar Tape, 3.5mm<\/p>\n<p style=\"text-align: left;\"><strong>Sill\u00edn<\/strong><br \/>\nCannondale Stage CX<\/p>\n<p style=\"text-align: left;\"><strong>Tija sill\u00edn<\/strong><br \/>\nCannondale 4, 6061 Alloy, 27.2x350mm<\/p>\n<p style=\"text-align: left;\">\n<\/div>\n<\/div>\n<\/div>\n","protected":false},"excerpt":{"rendered":"<p><img decoding=\"async\" class=\"alignleft\" style=\"float: none;\" src=\"https:\/\/cdn.shopify.com\/s\/files\/1\/0084\/1151\/2896\/files\/cannondale-logo-vector_240x240.png?v=1644341419\" alt=\"\" \/><\/p>\n<p style=\"text-align: left;\"><strong>Una bicicleta de carretera de verdadero alto rendimiento, con ADN de ganadoras de carreras, y que ofrece la experiencia del cava por el precio de un refresco.<\/strong><\/p>\n","protected":false},"featured_media":21126,"comment_status":"open","ping_status":"closed","template":"","meta":[],"product_cat":[204,195,1057],"product_tag":[827,1382,1040,1383],"class_list":{"0":"post-21120","1":"product","2":"type-product","3":"status-publish","4":"has-post-thumbnail","6":"product_brand-cannondale","7":"product_cat-bicicleta-ruta","8":"product_cat-bicicletas","9":"product_cat-cannondale-bicicleta-ruta","10":"product_tag-bicicleta-ruta","11":"product_tag-caad-optimo-4-700","12":"product_tag-cannondale","13":"product_tag-cannondale-ruta","15":"first","16":"instock","17":"taxable","18":"shipping-taxable","19":"purchasable","20":"product-type-variable","21":"rtwpvg-product"},"yoast_head":"<!-- This site is optimized with the Yoast SEO Premium plugin v24.8 (Yoast SEO v25.6) - https:\/\/yoast.com\/wordpress\/plugins\/seo\/ -->\n<title>Bicicleta Cannondale CAAD Optimo 4 | 700 - NaturalBikes<\/title>\n<meta name=\"description\" content=\"Una bicicleta de carretera de verdadero alto rendimiento, con ADN de ganadoras de carreras, y que ofrece la experiencia del cava por el precio de un refresco.\" \/>\n<meta name=\"robots\" content=\"index, follow, max-snippet:-1, max-image-preview:large, max-video-preview:-1\" \/>\n<link rel=\"canonical\" href=\"https:\/\/naturalbikes.cl\/?product=bicicleta-cannondale-caad-optimo-4-700\" \/>\n<meta property=\"og:locale\" content=\"es_ES\" \/>\n<meta property=\"og:type\" content=\"article\" \/>\n<meta property=\"og:title\" content=\"Bicicleta Cannondale CAAD Optimo 4 | 700\" \/>\n<meta property=\"og:description\" content=\"Ofrecer a nuestros clientes apasionados por el ciclismo de monta\u00f1a la mejor experiencia en productos, conocimientos especializados y servicios excepcionales. Nos comprometemos a proporcionar una amplia gama de bicicletas, accesorios y equipo de alta calidad, junto con asesoramiento experto y atenci\u00f3n personalizada para cada ciclista, para que puedan explorar, disfrutar y maximizar su aventura en el mundo del MTB\" \/>\n<meta property=\"og:url\" content=\"https:\/\/naturalbikes.cl\/?product=bicicleta-cannondale-caad-optimo-4-700\" \/>\n<meta property=\"og:site_name\" content=\"NaturalBikes\" \/>\n<meta property=\"article:publisher\" content=\"https:\/\/www.facebook.com\/naturalbikescl\" \/>\n<meta property=\"article:modified_time\" content=\"2026-01-06T20:12:53+00:00\" \/>\n<meta property=\"og:image\" content=\"https:\/\/naturalbikes.cl\/wp-content\/uploads\/2024\/08\/c21_c14401m_caad_optimo_4_slv_pd_4_1_d87b7bba-80cb-4395-8efe-46faa41a63bb_700x.webp\" \/>\n\t<meta property=\"og:image:width\" content=\"700\" \/>\n\t<meta property=\"og:image:height\" content=\"500\" \/>\n\t<meta property=\"og:image:type\" content=\"image\/webp\" \/>\n<meta name=\"twitter:card\" content=\"summary_large_image\" \/>\n<meta name=\"twitter:label1\" content=\"Tiempo de lectura\" \/>\n\t<meta name=\"twitter:data1\" content=\"3 minutos\" \/>\n<script type=\"application\/ld+json\" class=\"yoast-schema-graph\">{\"@context\":\"https:\/\/schema.org\",\"@graph\":[{\"@type\":\"WebPage\",\"@id\":\"https:\/\/naturalbikes.cl\/?product=bicicleta-cannondale-caad-optimo-4-700\",\"url\":\"https:\/\/naturalbikes.cl\/?product=bicicleta-cannondale-caad-optimo-4-700\",\"name\":\"Bicicleta Cannondale CAAD Optimo 4 | 700 - NaturalBikes\",\"isPartOf\":{\"@id\":\"https:\/\/naturalbikes.cl\/#website\"},\"primaryImageOfPage\":{\"@id\":\"https:\/\/naturalbikes.cl\/?product=bicicleta-cannondale-caad-optimo-4-700#primaryimage\"},\"image\":{\"@id\":\"https:\/\/naturalbikes.cl\/?product=bicicleta-cannondale-caad-optimo-4-700#primaryimage\"},\"thumbnailUrl\":\"https:\/\/naturalbikes.cl\/wp-content\/uploads\/2024\/08\/c21_c14401m_caad_optimo_4_slv_pd_4_1_d87b7bba-80cb-4395-8efe-46faa41a63bb_700x.webp\",\"datePublished\":\"2024-08-22T17:10:28+00:00\",\"dateModified\":\"2026-01-06T20:12:53+00:00\",\"description\":\"Una bicicleta de carretera de verdadero alto rendimiento, con ADN de ganadoras de carreras, y que ofrece la experiencia del cava por el precio de un refresco.\",\"breadcrumb\":{\"@id\":\"https:\/\/naturalbikes.cl\/?product=bicicleta-cannondale-caad-optimo-4-700#breadcrumb\"},\"inLanguage\":\"es\",\"potentialAction\":[{\"@type\":\"ReadAction\",\"target\":[\"https:\/\/naturalbikes.cl\/?product=bicicleta-cannondale-caad-optimo-4-700\"]}]},{\"@type\":\"ImageObject\",\"inLanguage\":\"es\",\"@id\":\"https:\/\/naturalbikes.cl\/?product=bicicleta-cannondale-caad-optimo-4-700#primaryimage\",\"url\":\"https:\/\/naturalbikes.cl\/wp-content\/uploads\/2024\/08\/c21_c14401m_caad_optimo_4_slv_pd_4_1_d87b7bba-80cb-4395-8efe-46faa41a63bb_700x.webp\",\"contentUrl\":\"https:\/\/naturalbikes.cl\/wp-content\/uploads\/2024\/08\/c21_c14401m_caad_optimo_4_slv_pd_4_1_d87b7bba-80cb-4395-8efe-46faa41a63bb_700x.webp\",\"width\":700,\"height\":500},{\"@type\":\"BreadcrumbList\",\"@id\":\"https:\/\/naturalbikes.cl\/?product=bicicleta-cannondale-caad-optimo-4-700#breadcrumb\",\"itemListElement\":[{\"@type\":\"ListItem\",\"position\":1,\"name\":\"Portada\",\"item\":\"https:\/\/naturalbikes.cl\/\"},{\"@type\":\"ListItem\",\"position\":2,\"name\":\"Tienda NB\",\"item\":\"https:\/\/naturalbikes.cl\/?page_id=7843\"},{\"@type\":\"ListItem\",\"position\":3,\"name\":\"Cannondale\",\"item\":\"https:\/\/naturalbikes.cl\/?product_brand=cannondale\"},{\"@type\":\"ListItem\",\"position\":4,\"name\":\"Bicicleta Cannondale CAAD Optimo 4 | 700\"}]},{\"@type\":\"WebSite\",\"@id\":\"https:\/\/naturalbikes.cl\/#website\",\"url\":\"https:\/\/naturalbikes.cl\/\",\"name\":\"Natural Bikes\",\"description\":\"Tienda de bicicletas repuestos accesorios taller mantenimiento clases salidas\",\"publisher\":{\"@id\":\"https:\/\/naturalbikes.cl\/#organization\"},\"alternateName\":\"Natural Bikes\",\"potentialAction\":[{\"@type\":\"SearchAction\",\"target\":{\"@type\":\"EntryPoint\",\"urlTemplate\":\"https:\/\/naturalbikes.cl\/?s={search_term_string}\"},\"query-input\":{\"@type\":\"PropertyValueSpecification\",\"valueRequired\":true,\"valueName\":\"search_term_string\"}}],\"inLanguage\":\"es\"},{\"@type\":\"Organization\",\"@id\":\"https:\/\/naturalbikes.cl\/#organization\",\"name\":\"Natural Bikes\",\"alternateName\":\"Natural Bikes\",\"url\":\"https:\/\/naturalbikes.cl\/\",\"logo\":{\"@type\":\"ImageObject\",\"inLanguage\":\"es\",\"@id\":\"https:\/\/naturalbikes.cl\/#\/schema\/logo\/image\/\",\"url\":\"https:\/\/naturalbikes.cl\/wp-content\/uploads\/2024\/05\/2023-10-10-10.44.12.jpg\",\"contentUrl\":\"https:\/\/naturalbikes.cl\/wp-content\/uploads\/2024\/05\/2023-10-10-10.44.12.jpg\",\"width\":650,\"height\":650,\"caption\":\"Natural Bikes\"},\"image\":{\"@id\":\"https:\/\/naturalbikes.cl\/#\/schema\/logo\/image\/\"},\"sameAs\":[\"https:\/\/www.facebook.com\/naturalbikescl\",\"https:\/\/www.instagram.com\/natural.bikes\",\"https:\/\/www.tiktok.com\/@natural.bikes\"],\"description\":\"Ofrecer a nuestros clientes apasionados por el ciclismo de monta\u00f1a la mejor experiencia en productos, conocimientos especializados y servicios excepcionales. Nos comprometemos a proporcionar una amplia gama de bicicletas, accesorios y equipo de alta calidad, junto con asesoramiento experto y atenci\u00f3n personalizada para cada ciclista, para que puedan explorar, disfrutar y maximizar su aventura en el mundo del MTB\",\"email\":\"naturalbikes1@gmail.com\",\"telephone\":\"56977043878\",\"legalName\":\"Natural Bikes Limitada\",\"foundingDate\":\"2024-01-01\",\"vatID\":\"76699553-5\",\"taxID\":\"76699553-5\",\"numberOfEmployees\":{\"@type\":\"QuantitativeValue\",\"minValue\":\"1\",\"maxValue\":\"10\"},\"publishingPrinciples\":\"https:\/\/naturalbikes.cl\/?page_id=7843\",\"ownershipFundingInfo\":\"https:\/\/naturalbikes.cl\/?page_id=7843\",\"actionableFeedbackPolicy\":\"https:\/\/naturalbikes.cl\/?page_id=14797\",\"correctionsPolicy\":\"https:\/\/naturalbikes.cl\/?page_id=3\",\"ethicsPolicy\":\"https:\/\/naturalbikes.cl\/?page_id=7843\",\"diversityPolicy\":\"https:\/\/naturalbikes.cl\/?page_id=11734\",\"diversityStaffingReport\":\"https:\/\/naturalbikes.cl\/?page_id=12161\"}]}<\/script>\n<!-- \/ Yoast SEO Premium plugin. -->","yoast_head_json":{"title":"Bicicleta Cannondale CAAD Optimo 4 | 700 - NaturalBikes","description":"Una bicicleta de carretera de verdadero alto rendimiento, con ADN de ganadoras de carreras, y que ofrece la experiencia del cava por el precio de un refresco.","robots":{"index":"index","follow":"follow","max-snippet":"max-snippet:-1","max-image-preview":"max-image-preview:large","max-video-preview":"max-video-preview:-1"},"canonical":"https:\/\/naturalbikes.cl\/?product=bicicleta-cannondale-caad-optimo-4-700","og_locale":"es_ES","og_type":"article","og_title":"Bicicleta Cannondale CAAD Optimo 4 | 700","og_description":"Ofrecer a nuestros clientes apasionados por el ciclismo de monta\u00f1a la mejor experiencia en productos, conocimientos especializados y servicios excepcionales. Nos comprometemos a proporcionar una amplia gama de bicicletas, accesorios y equipo de alta calidad, junto con asesoramiento experto y atenci\u00f3n personalizada para cada ciclista, para que puedan explorar, disfrutar y maximizar su aventura en el mundo del MTB","og_url":"https:\/\/naturalbikes.cl\/?product=bicicleta-cannondale-caad-optimo-4-700","og_site_name":"NaturalBikes","article_publisher":"https:\/\/www.facebook.com\/naturalbikescl","article_modified_time":"2026-01-06T20:12:53+00:00","og_image":[{"width":700,"height":500,"url":"https:\/\/naturalbikes.cl\/wp-content\/uploads\/2024\/08\/c21_c14401m_caad_optimo_4_slv_pd_4_1_d87b7bba-80cb-4395-8efe-46faa41a63bb_700x.webp","type":"image\/webp"}],"twitter_card":"summary_large_image","twitter_misc":{"Tiempo de lectura":"3 minutos"},"schema":{"@context":"https:\/\/schema.org","@graph":[{"@type":"WebPage","@id":"https:\/\/naturalbikes.cl\/?product=bicicleta-cannondale-caad-optimo-4-700","url":"https:\/\/naturalbikes.cl\/?product=bicicleta-cannondale-caad-optimo-4-700","name":"Bicicleta Cannondale CAAD Optimo 4 | 700 - NaturalBikes","isPartOf":{"@id":"https:\/\/naturalbikes.cl\/#website"},"primaryImageOfPage":{"@id":"https:\/\/naturalbikes.cl\/?product=bicicleta-cannondale-caad-optimo-4-700#primaryimage"},"image":{"@id":"https:\/\/naturalbikes.cl\/?product=bicicleta-cannondale-caad-optimo-4-700#primaryimage"},"thumbnailUrl":"https:\/\/naturalbikes.cl\/wp-content\/uploads\/2024\/08\/c21_c14401m_caad_optimo_4_slv_pd_4_1_d87b7bba-80cb-4395-8efe-46faa41a63bb_700x.webp","datePublished":"2024-08-22T17:10:28+00:00","dateModified":"2026-01-06T20:12:53+00:00","description":"Una bicicleta de carretera de verdadero alto rendimiento, con ADN de ganadoras de carreras, y que ofrece la experiencia del cava por el precio de un refresco.","breadcrumb":{"@id":"https:\/\/naturalbikes.cl\/?product=bicicleta-cannondale-caad-optimo-4-700#breadcrumb"},"inLanguage":"es","potentialAction":[{"@type":"ReadAction","target":["https:\/\/naturalbikes.cl\/?product=bicicleta-cannondale-caad-optimo-4-700"]}]},{"@type":"ImageObject","inLanguage":"es","@id":"https:\/\/naturalbikes.cl\/?product=bicicleta-cannondale-caad-optimo-4-700#primaryimage","url":"https:\/\/naturalbikes.cl\/wp-content\/uploads\/2024\/08\/c21_c14401m_caad_optimo_4_slv_pd_4_1_d87b7bba-80cb-4395-8efe-46faa41a63bb_700x.webp","contentUrl":"https:\/\/naturalbikes.cl\/wp-content\/uploads\/2024\/08\/c21_c14401m_caad_optimo_4_slv_pd_4_1_d87b7bba-80cb-4395-8efe-46faa41a63bb_700x.webp","width":700,"height":500},{"@type":"BreadcrumbList","@id":"https:\/\/naturalbikes.cl\/?product=bicicleta-cannondale-caad-optimo-4-700#breadcrumb","itemListElement":[{"@type":"ListItem","position":1,"name":"Portada","item":"https:\/\/naturalbikes.cl\/"},{"@type":"ListItem","position":2,"name":"Tienda NB","item":"https:\/\/naturalbikes.cl\/?page_id=7843"},{"@type":"ListItem","position":3,"name":"Cannondale","item":"https:\/\/naturalbikes.cl\/?product_brand=cannondale"},{"@type":"ListItem","position":4,"name":"Bicicleta Cannondale CAAD Optimo 4 | 700"}]},{"@type":"WebSite","@id":"https:\/\/naturalbikes.cl\/#website","url":"https:\/\/naturalbikes.cl\/","name":"Natural Bikes","description":"Tienda de bicicletas repuestos accesorios taller mantenimiento clases salidas","publisher":{"@id":"https:\/\/naturalbikes.cl\/#organization"},"alternateName":"Natural Bikes","potentialAction":[{"@type":"SearchAction","target":{"@type":"EntryPoint","urlTemplate":"https:\/\/naturalbikes.cl\/?s={search_term_string}"},"query-input":{"@type":"PropertyValueSpecification","valueRequired":true,"valueName":"search_term_string"}}],"inLanguage":"es"},{"@type":"Organization","@id":"https:\/\/naturalbikes.cl\/#organization","name":"Natural Bikes","alternateName":"Natural Bikes","url":"https:\/\/naturalbikes.cl\/","logo":{"@type":"ImageObject","inLanguage":"es","@id":"https:\/\/naturalbikes.cl\/#\/schema\/logo\/image\/","url":"https:\/\/naturalbikes.cl\/wp-content\/uploads\/2024\/05\/2023-10-10-10.44.12.jpg","contentUrl":"https:\/\/naturalbikes.cl\/wp-content\/uploads\/2024\/05\/2023-10-10-10.44.12.jpg","width":650,"height":650,"caption":"Natural Bikes"},"image":{"@id":"https:\/\/naturalbikes.cl\/#\/schema\/logo\/image\/"},"sameAs":["https:\/\/www.facebook.com\/naturalbikescl","https:\/\/www.instagram.com\/natural.bikes","https:\/\/www.tiktok.com\/@natural.bikes"],"description":"Ofrecer a nuestros clientes apasionados por el ciclismo de monta\u00f1a la mejor experiencia en productos, conocimientos especializados y servicios excepcionales. Nos comprometemos a proporcionar una amplia gama de bicicletas, accesorios y equipo de alta calidad, junto con asesoramiento experto y atenci\u00f3n personalizada para cada ciclista, para que puedan explorar, disfrutar y maximizar su aventura en el mundo del MTB","email":"naturalbikes1@gmail.com","telephone":"56977043878","legalName":"Natural Bikes Limitada","foundingDate":"2024-01-01","vatID":"76699553-5","taxID":"76699553-5","numberOfEmployees":{"@type":"QuantitativeValue","minValue":"1","maxValue":"10"},"publishingPrinciples":"https:\/\/naturalbikes.cl\/?page_id=7843","ownershipFundingInfo":"https:\/\/naturalbikes.cl\/?page_id=7843","actionableFeedbackPolicy":"https:\/\/naturalbikes.cl\/?page_id=14797","correctionsPolicy":"https:\/\/naturalbikes.cl\/?page_id=3","ethicsPolicy":"https:\/\/naturalbikes.cl\/?page_id=7843","diversityPolicy":"https:\/\/naturalbikes.cl\/?page_id=11734","diversityStaffingReport":"https:\/\/naturalbikes.cl\/?page_id=12161"}]}},"_links":{"self":[{"href":"https:\/\/naturalbikes.cl\/index.php?rest_route=\/wp\/v2\/product\/21120"}],"collection":[{"href":"https:\/\/naturalbikes.cl\/index.php?rest_route=\/wp\/v2\/product"}],"about":[{"href":"https:\/\/naturalbikes.cl\/index.php?rest_route=\/wp\/v2\/types\/product"}],"replies":[{"embeddable":true,"href":"https:\/\/naturalbikes.cl\/index.php?rest_route=%2Fwp%2Fv2%2Fcomments&post=21120"}],"wp:featuredmedia":[{"embeddable":true,"href":"https:\/\/naturalbikes.cl\/index.php?rest_route=\/wp\/v2\/media\/21126"}],"wp:attachment":[{"href":"https:\/\/naturalbikes.cl\/index.php?rest_route=%2Fwp%2Fv2%2Fmedia&parent=21120"}],"wp:term":[{"taxonomy":"product_cat","embeddable":true,"href":"https:\/\/naturalbikes.cl\/index.php?rest_route=%2Fwp%2Fv2%2Fproduct_cat&post=21120"},{"taxonomy":"product_tag","embeddable":true,"href":"https:\/\/naturalbikes.cl\/index.php?rest_route=%2Fwp%2Fv2%2Fproduct_tag&post=21120"}],"curies":[{"name":"wp","href":"https:\/\/api.w.org\/{rel}","templated":true}]}}