{"id":21109,"date":"2024-08-18T23:44:55","date_gmt":"2024-08-19T03:44:55","guid":{"rendered":"https:\/\/naturalbikes.cl\/?post_type=product&#038;p=21109"},"modified":"2026-01-06T17:12:04","modified_gmt":"2026-01-06T20:12:04","slug":"bicicleta-giant-trance-x-advanced-pro-29-1","status":"publish","type":"product","link":"https:\/\/naturalbikes.cl\/?product=bicicleta-giant-trance-x-advanced-pro-29-1","title":{"rendered":"Bicicleta Giant Trance X Advanced Pro 29 1"},"content":{"rendered":"<div class=\"card__header\">\n<h2 class=\"card__title heading h3\"><\/h2>\n<\/div>\n<div class=\"card__section \">\n<div class=\"rte text--pull\">\n<p><img fetchpriority=\"high\" decoding=\"async\" class=\"aligncenter\" src=\"https:\/\/cdn.mtbdatabase.com\/wp-content\/uploads\/2020\/09\/27074300\/2021-Giant-XTC-Advanced-29-1.5.jpg\" width=\"259\" height=\"194\" \/><\/p>\n<h2 class=\"card__title heading h3\" style=\"text-align: center;\">Descripci\u00f3n<\/h2>\n<h3 class=\"card-title\">Confianza y Control en 29&#8243;<\/h3>\n<p class=\"card-text\">Ruedas de 29 pulgadas optimizadas para rodar sobre terreno t\u00e9cnicos con equilibrio y estabilidad, lo que te brinda m\u00e1s impulso en subidas dif\u00edciles y confianza para volar en descensos r\u00e1pidos de singletrack. Cuenta con espacio adicional para llantas de hasta 2,5 pulgadas.<\/p>\n<h4><\/h4>\n<h3 class=\"card-title\">Suspensi\u00f3n progresiva<\/h3>\n<p class=\"card-text\">La suspensi\u00f3n trasera Maestro cuenta con un amortiguador de montaje Trunnion con una carrera m\u00e1s larga y una sensaci\u00f3n m\u00e1s suave. Con 135 mm de recorrido completo de la rueda trasera (y 150 mm en la parte delantera), cuenta con un link superior de carbono de grado Advanced Forged para una mayor rigidez y resistencia, adem\u00e1s de un menor peso total del cuadro.<\/p>\n<h3 class=\"card-title\">Geometr\u00eda ajustable<\/h3>\n<p class=\"card-text\">El Flip Chip te permite cambiar los \u00e1ngulos del tubo de direcci\u00f3n y del tubo de asiento, junto con la altura del soporte inferior, para ajustar el manejo. Puedes elegir la posici\u00f3n baja (\u00e1ngulo de cabezal \/ tubo de asiento de 65,5 \/ 77,2 y ca\u00edda de pedalier de 40 mm) para terrenos abiertos r\u00e1pidos o alta (\u00e1ngulo de tubo de asiento \/ cabezal de 66,2 \/ 77,9 y ca\u00edda de 30 mm) para un singletrack m\u00e1s lento y cerrado.<\/p>\n<h3>ESPECIFICACIONES<\/h3>\n<p>&#8211; <strong>Cuadro<\/strong>: Advanced-Grade Composite front and rear triangles, 135mm Maestro suspension, flip chip, 12x148mm thru-axle.<\/p>\n<p>&#8211; <strong>Horquilla<\/strong>: Fox 36 Factory Live Valve, FIT4 damper, 44mm offset, 150mm, 15&#215;110 Kabolt X, custom tuned for Giant.<\/p>\n<p>&#8211; <strong>Amortiguador<\/strong>: Fox Factory Live, 185\/55, custom tuned for Giant.<\/p>\n<p>&#8211; <strong>Manillar<\/strong>: 1&#215;12.<\/p>\n<p>&#8211; <strong>Desviador<\/strong>: N\/A.<\/p>\n<p>&#8211; <strong>Cambio<\/strong> <strong>trasero<\/strong>: SRAM GX Eagle.<\/p>\n<p>&#8211; <strong>Frenos<\/strong>: SRAM G2 RSC, hydraulic, SRAM CenterLine rotors [F]200mm, [R]180mm.<\/p>\n<p>&#8211; <strong>Palancas<\/strong> <strong>de<\/strong> <strong>frenos<\/strong>: SRAM G2 RSC.<\/p>\n<p>&#8211; <strong>Casette<\/strong>: SRAM XG-1275, 10&#215;52.<\/p>\n<p>&#8211; <strong>Cadena<\/strong>: SRAM NX Eagle.<\/p>\n<p>&#8211; <strong>Jgo. platos y biela<\/strong>s: TruVativ Descendent 6k Eagle, 30t S:165mm, M:170mm, L:170mm, XL:170mm.<\/p>\n<p>&#8211; <strong>Caja de pedalier<\/strong>: SRAM DUB, press fit.<\/p>\n<p>&#8211; <strong>Llantas<\/strong>: Giant TRX 2 Carbon 29 WheelSystem.<\/p>\n<p>&#8211; <strong>Bujes<\/strong>: Giant TRX 2 Carbon 29 WheelSystem.<\/p>\n<p>&#8211; <strong>Radios<\/strong>: Giant TRX 2 Carbon 29 WheelSystem.<\/p>\n<p>&#8211; <strong>Cubiertas<\/strong>: [F] Maxxis Minion DHF 29&#215;2.5 WT, 3C MaxxTerra, EXO, TR [R] Maxxis Aggressor 29&#215;2.4, EXO, TR, tubeless.<\/p>\n<p>&#8211; <strong>Extras<\/strong>: tubeless prepared, 2.5&#8243; max tire size, 34t max chainring size, 3M tailgate protector.<\/p>\n<\/div>\n<\/div>\n","protected":false},"excerpt":{"rendered":"<p><a href=\"https:\/\/naturalbikes.cl\/wp-content\/uploads\/2024\/08\/giant-bicycles-new-20202103-1.jpg\"><img decoding=\"async\" class=\"size-medium wp-image-21050 alignleft\" src=\"https:\/\/naturalbikes.cl\/wp-content\/uploads\/2024\/08\/giant-bicycles-new-20202103-1-300x225.jpg\" alt=\"\" width=\"300\" height=\"225\" srcset=\"https:\/\/naturalbikes.cl\/wp-content\/uploads\/2024\/08\/giant-bicycles-new-20202103-1-300x225.jpg 300w, https:\/\/naturalbikes.cl\/wp-content\/uploads\/2024\/08\/giant-bicycles-new-20202103-1-768x576.jpg 768w, https:\/\/naturalbikes.cl\/wp-content\/uploads\/2024\/08\/giant-bicycles-new-20202103-1-450x338.jpg 450w, https:\/\/naturalbikes.cl\/wp-content\/uploads\/2024\/08\/giant-bicycles-new-20202103-1-800x600.jpg 800w, https:\/\/naturalbikes.cl\/wp-content\/uploads\/2024\/08\/giant-bicycles-new-20202103-1.jpg 866w\" sizes=\"(max-width: 300px) 100vw, 300px\" \/><\/a><\/p>\n<p>DESDE DESCENSOS DIF\u00cdCILES Y R\u00c1PIDOS HASTA TERRENOS T\u00c9CNICOS, ESTA BICICLETA DE TRAIL PROGRESIVA TE BRINDA SUSPENSI\u00d3N ACTIVA, GEOMETR\u00cdA DE CUADRO AJUSTABLE Y TODO LO QUE NECESITAS PARA MEJORAR TUS SINGLETRACKS.<\/p>\n","protected":false},"featured_media":21111,"comment_status":"open","ping_status":"closed","template":"","meta":[],"product_cat":[293,195,1376],"product_tag":[1319,1377,995,1379],"class_list":{"0":"post-21109","1":"product","2":"type-product","3":"status-publish","4":"has-post-thumbnail","6":"product_brand-giant","7":"product_cat-bicicleta-enduro","8":"product_cat-bicicletas","9":"product_cat-giant-bicicleta-enduro","10":"product_tag-bicicleta-enduro","11":"product_tag-bicicleta-giant","12":"product_tag-giant","13":"product_tag-giant-trance-x","15":"first","16":"instock","17":"sale","18":"taxable","19":"shipping-taxable","20":"purchasable","21":"product-type-variable","22":"rtwpvg-product"},"yoast_head":"<!-- This site is optimized with the Yoast SEO Premium plugin v24.8 (Yoast SEO v25.6) - https:\/\/yoast.com\/wordpress\/plugins\/seo\/ -->\n<title>Bicicleta Giant Trance X Advanced Pro 29 1 - NaturalBikes<\/title>\n<meta name=\"description\" content=\"DESDE DESCENSOS DIF\u00cdCILES Y R\u00c1PIDOS HASTA TERRENOS T\u00c9CNICOS, ESTA BICICLETA DE TRAIL PROGRESIVA TE BRINDA SUSPENSI\u00d3N ACTIVA, GEOMETR\u00cdA DE CUADRO AJUSTABLE Y TODO LO QUE NECESITAS PARA MEJORAR TUS SINGLETRACKS.\" \/>\n<meta name=\"robots\" content=\"index, follow, max-snippet:-1, max-image-preview:large, max-video-preview:-1\" \/>\n<link rel=\"canonical\" href=\"https:\/\/naturalbikes.cl\/?product=bicicleta-giant-trance-x-advanced-pro-29-1\" \/>\n<meta property=\"og:locale\" content=\"es_ES\" \/>\n<meta property=\"og:type\" content=\"article\" \/>\n<meta property=\"og:title\" content=\"Bicicleta Giant Trance X Advanced Pro 29 1\" \/>\n<meta property=\"og:description\" content=\"Ofrecer a nuestros clientes apasionados por el ciclismo de monta\u00f1a la mejor experiencia en productos, conocimientos especializados y servicios excepcionales. Nos comprometemos a proporcionar una amplia gama de bicicletas, accesorios y equipo de alta calidad, junto con asesoramiento experto y atenci\u00f3n personalizada para cada ciclista, para que puedan explorar, disfrutar y maximizar su aventura en el mundo del MTB\" \/>\n<meta property=\"og:url\" content=\"https:\/\/naturalbikes.cl\/?product=bicicleta-giant-trance-x-advanced-pro-29-1\" \/>\n<meta property=\"og:site_name\" content=\"NaturalBikes\" \/>\n<meta property=\"article:publisher\" content=\"https:\/\/www.facebook.com\/naturalbikescl\" \/>\n<meta property=\"article:modified_time\" content=\"2026-01-06T20:12:04+00:00\" \/>\n<meta property=\"og:image\" content=\"https:\/\/naturalbikes.cl\/wp-content\/uploads\/2024\/08\/TRANCE_20X_20ADVANCED_20PRO_2029_201_700x.webp\" \/>\n\t<meta property=\"og:image:width\" content=\"700\" \/>\n\t<meta property=\"og:image:height\" content=\"525\" \/>\n\t<meta property=\"og:image:type\" content=\"image\/webp\" \/>\n<meta name=\"twitter:card\" content=\"summary_large_image\" \/>\n<meta name=\"twitter:label1\" content=\"Tiempo de lectura\" \/>\n\t<meta name=\"twitter:data1\" content=\"2 minutos\" \/>\n<script type=\"application\/ld+json\" class=\"yoast-schema-graph\">{\"@context\":\"https:\/\/schema.org\",\"@graph\":[{\"@type\":\"WebPage\",\"@id\":\"https:\/\/naturalbikes.cl\/?product=bicicleta-giant-trance-x-advanced-pro-29-1\",\"url\":\"https:\/\/naturalbikes.cl\/?product=bicicleta-giant-trance-x-advanced-pro-29-1\",\"name\":\"Bicicleta Giant Trance X Advanced Pro 29 1 - NaturalBikes\",\"isPartOf\":{\"@id\":\"https:\/\/naturalbikes.cl\/#website\"},\"primaryImageOfPage\":{\"@id\":\"https:\/\/naturalbikes.cl\/?product=bicicleta-giant-trance-x-advanced-pro-29-1#primaryimage\"},\"image\":{\"@id\":\"https:\/\/naturalbikes.cl\/?product=bicicleta-giant-trance-x-advanced-pro-29-1#primaryimage\"},\"thumbnailUrl\":\"https:\/\/naturalbikes.cl\/wp-content\/uploads\/2024\/08\/TRANCE_20X_20ADVANCED_20PRO_2029_201_700x.webp\",\"datePublished\":\"2024-08-19T03:44:55+00:00\",\"dateModified\":\"2026-01-06T20:12:04+00:00\",\"description\":\"DESDE DESCENSOS DIF\u00cdCILES Y R\u00c1PIDOS HASTA TERRENOS T\u00c9CNICOS, ESTA BICICLETA DE TRAIL PROGRESIVA TE BRINDA SUSPENSI\u00d3N ACTIVA, GEOMETR\u00cdA DE CUADRO AJUSTABLE Y TODO LO QUE NECESITAS PARA MEJORAR TUS SINGLETRACKS.\",\"breadcrumb\":{\"@id\":\"https:\/\/naturalbikes.cl\/?product=bicicleta-giant-trance-x-advanced-pro-29-1#breadcrumb\"},\"inLanguage\":\"es\",\"potentialAction\":[{\"@type\":\"ReadAction\",\"target\":[\"https:\/\/naturalbikes.cl\/?product=bicicleta-giant-trance-x-advanced-pro-29-1\"]}]},{\"@type\":\"ImageObject\",\"inLanguage\":\"es\",\"@id\":\"https:\/\/naturalbikes.cl\/?product=bicicleta-giant-trance-x-advanced-pro-29-1#primaryimage\",\"url\":\"https:\/\/naturalbikes.cl\/wp-content\/uploads\/2024\/08\/TRANCE_20X_20ADVANCED_20PRO_2029_201_700x.webp\",\"contentUrl\":\"https:\/\/naturalbikes.cl\/wp-content\/uploads\/2024\/08\/TRANCE_20X_20ADVANCED_20PRO_2029_201_700x.webp\",\"width\":700,\"height\":525},{\"@type\":\"BreadcrumbList\",\"@id\":\"https:\/\/naturalbikes.cl\/?product=bicicleta-giant-trance-x-advanced-pro-29-1#breadcrumb\",\"itemListElement\":[{\"@type\":\"ListItem\",\"position\":1,\"name\":\"Portada\",\"item\":\"https:\/\/naturalbikes.cl\/\"},{\"@type\":\"ListItem\",\"position\":2,\"name\":\"Tienda NB\",\"item\":\"https:\/\/naturalbikes.cl\/?page_id=7843\"},{\"@type\":\"ListItem\",\"position\":3,\"name\":\"Giant\",\"item\":\"https:\/\/naturalbikes.cl\/?product_brand=giant\"},{\"@type\":\"ListItem\",\"position\":4,\"name\":\"Bicicleta Giant Trance X Advanced Pro 29 1\"}]},{\"@type\":\"WebSite\",\"@id\":\"https:\/\/naturalbikes.cl\/#website\",\"url\":\"https:\/\/naturalbikes.cl\/\",\"name\":\"Natural Bikes\",\"description\":\"Tienda de bicicletas repuestos accesorios taller mantenimiento clases salidas\",\"publisher\":{\"@id\":\"https:\/\/naturalbikes.cl\/#organization\"},\"alternateName\":\"Natural Bikes\",\"potentialAction\":[{\"@type\":\"SearchAction\",\"target\":{\"@type\":\"EntryPoint\",\"urlTemplate\":\"https:\/\/naturalbikes.cl\/?s={search_term_string}\"},\"query-input\":{\"@type\":\"PropertyValueSpecification\",\"valueRequired\":true,\"valueName\":\"search_term_string\"}}],\"inLanguage\":\"es\"},{\"@type\":\"Organization\",\"@id\":\"https:\/\/naturalbikes.cl\/#organization\",\"name\":\"Natural Bikes\",\"alternateName\":\"Natural Bikes\",\"url\":\"https:\/\/naturalbikes.cl\/\",\"logo\":{\"@type\":\"ImageObject\",\"inLanguage\":\"es\",\"@id\":\"https:\/\/naturalbikes.cl\/#\/schema\/logo\/image\/\",\"url\":\"https:\/\/naturalbikes.cl\/wp-content\/uploads\/2024\/05\/2023-10-10-10.44.12.jpg\",\"contentUrl\":\"https:\/\/naturalbikes.cl\/wp-content\/uploads\/2024\/05\/2023-10-10-10.44.12.jpg\",\"width\":650,\"height\":650,\"caption\":\"Natural Bikes\"},\"image\":{\"@id\":\"https:\/\/naturalbikes.cl\/#\/schema\/logo\/image\/\"},\"sameAs\":[\"https:\/\/www.facebook.com\/naturalbikescl\",\"https:\/\/www.instagram.com\/natural.bikes\",\"https:\/\/www.tiktok.com\/@natural.bikes\"],\"description\":\"Ofrecer a nuestros clientes apasionados por el ciclismo de monta\u00f1a la mejor experiencia en productos, conocimientos especializados y servicios excepcionales. Nos comprometemos a proporcionar una amplia gama de bicicletas, accesorios y equipo de alta calidad, junto con asesoramiento experto y atenci\u00f3n personalizada para cada ciclista, para que puedan explorar, disfrutar y maximizar su aventura en el mundo del MTB\",\"email\":\"naturalbikes1@gmail.com\",\"telephone\":\"56977043878\",\"legalName\":\"Natural Bikes Limitada\",\"foundingDate\":\"2024-01-01\",\"vatID\":\"76699553-5\",\"taxID\":\"76699553-5\",\"numberOfEmployees\":{\"@type\":\"QuantitativeValue\",\"minValue\":\"1\",\"maxValue\":\"10\"},\"publishingPrinciples\":\"https:\/\/naturalbikes.cl\/?page_id=7843\",\"ownershipFundingInfo\":\"https:\/\/naturalbikes.cl\/?page_id=7843\",\"actionableFeedbackPolicy\":\"https:\/\/naturalbikes.cl\/?page_id=14797\",\"correctionsPolicy\":\"https:\/\/naturalbikes.cl\/?page_id=3\",\"ethicsPolicy\":\"https:\/\/naturalbikes.cl\/?page_id=7843\",\"diversityPolicy\":\"https:\/\/naturalbikes.cl\/?page_id=11734\",\"diversityStaffingReport\":\"https:\/\/naturalbikes.cl\/?page_id=12161\"}]}<\/script>\n<!-- \/ Yoast SEO Premium plugin. -->","yoast_head_json":{"title":"Bicicleta Giant Trance X Advanced Pro 29 1 - NaturalBikes","description":"DESDE DESCENSOS DIF\u00cdCILES Y R\u00c1PIDOS HASTA TERRENOS T\u00c9CNICOS, ESTA BICICLETA DE TRAIL PROGRESIVA TE BRINDA SUSPENSI\u00d3N ACTIVA, GEOMETR\u00cdA DE CUADRO AJUSTABLE Y TODO LO QUE NECESITAS PARA MEJORAR TUS SINGLETRACKS.","robots":{"index":"index","follow":"follow","max-snippet":"max-snippet:-1","max-image-preview":"max-image-preview:large","max-video-preview":"max-video-preview:-1"},"canonical":"https:\/\/naturalbikes.cl\/?product=bicicleta-giant-trance-x-advanced-pro-29-1","og_locale":"es_ES","og_type":"article","og_title":"Bicicleta Giant Trance X Advanced Pro 29 1","og_description":"Ofrecer a nuestros clientes apasionados por el ciclismo de monta\u00f1a la mejor experiencia en productos, conocimientos especializados y servicios excepcionales. Nos comprometemos a proporcionar una amplia gama de bicicletas, accesorios y equipo de alta calidad, junto con asesoramiento experto y atenci\u00f3n personalizada para cada ciclista, para que puedan explorar, disfrutar y maximizar su aventura en el mundo del MTB","og_url":"https:\/\/naturalbikes.cl\/?product=bicicleta-giant-trance-x-advanced-pro-29-1","og_site_name":"NaturalBikes","article_publisher":"https:\/\/www.facebook.com\/naturalbikescl","article_modified_time":"2026-01-06T20:12:04+00:00","og_image":[{"width":700,"height":525,"url":"https:\/\/naturalbikes.cl\/wp-content\/uploads\/2024\/08\/TRANCE_20X_20ADVANCED_20PRO_2029_201_700x.webp","type":"image\/webp"}],"twitter_card":"summary_large_image","twitter_misc":{"Tiempo de lectura":"2 minutos"},"schema":{"@context":"https:\/\/schema.org","@graph":[{"@type":"WebPage","@id":"https:\/\/naturalbikes.cl\/?product=bicicleta-giant-trance-x-advanced-pro-29-1","url":"https:\/\/naturalbikes.cl\/?product=bicicleta-giant-trance-x-advanced-pro-29-1","name":"Bicicleta Giant Trance X Advanced Pro 29 1 - NaturalBikes","isPartOf":{"@id":"https:\/\/naturalbikes.cl\/#website"},"primaryImageOfPage":{"@id":"https:\/\/naturalbikes.cl\/?product=bicicleta-giant-trance-x-advanced-pro-29-1#primaryimage"},"image":{"@id":"https:\/\/naturalbikes.cl\/?product=bicicleta-giant-trance-x-advanced-pro-29-1#primaryimage"},"thumbnailUrl":"https:\/\/naturalbikes.cl\/wp-content\/uploads\/2024\/08\/TRANCE_20X_20ADVANCED_20PRO_2029_201_700x.webp","datePublished":"2024-08-19T03:44:55+00:00","dateModified":"2026-01-06T20:12:04+00:00","description":"DESDE DESCENSOS DIF\u00cdCILES Y R\u00c1PIDOS HASTA TERRENOS T\u00c9CNICOS, ESTA BICICLETA DE TRAIL PROGRESIVA TE BRINDA SUSPENSI\u00d3N ACTIVA, GEOMETR\u00cdA DE CUADRO AJUSTABLE Y TODO LO QUE NECESITAS PARA MEJORAR TUS SINGLETRACKS.","breadcrumb":{"@id":"https:\/\/naturalbikes.cl\/?product=bicicleta-giant-trance-x-advanced-pro-29-1#breadcrumb"},"inLanguage":"es","potentialAction":[{"@type":"ReadAction","target":["https:\/\/naturalbikes.cl\/?product=bicicleta-giant-trance-x-advanced-pro-29-1"]}]},{"@type":"ImageObject","inLanguage":"es","@id":"https:\/\/naturalbikes.cl\/?product=bicicleta-giant-trance-x-advanced-pro-29-1#primaryimage","url":"https:\/\/naturalbikes.cl\/wp-content\/uploads\/2024\/08\/TRANCE_20X_20ADVANCED_20PRO_2029_201_700x.webp","contentUrl":"https:\/\/naturalbikes.cl\/wp-content\/uploads\/2024\/08\/TRANCE_20X_20ADVANCED_20PRO_2029_201_700x.webp","width":700,"height":525},{"@type":"BreadcrumbList","@id":"https:\/\/naturalbikes.cl\/?product=bicicleta-giant-trance-x-advanced-pro-29-1#breadcrumb","itemListElement":[{"@type":"ListItem","position":1,"name":"Portada","item":"https:\/\/naturalbikes.cl\/"},{"@type":"ListItem","position":2,"name":"Tienda NB","item":"https:\/\/naturalbikes.cl\/?page_id=7843"},{"@type":"ListItem","position":3,"name":"Giant","item":"https:\/\/naturalbikes.cl\/?product_brand=giant"},{"@type":"ListItem","position":4,"name":"Bicicleta Giant Trance X Advanced Pro 29 1"}]},{"@type":"WebSite","@id":"https:\/\/naturalbikes.cl\/#website","url":"https:\/\/naturalbikes.cl\/","name":"Natural Bikes","description":"Tienda de bicicletas repuestos accesorios taller mantenimiento clases salidas","publisher":{"@id":"https:\/\/naturalbikes.cl\/#organization"},"alternateName":"Natural Bikes","potentialAction":[{"@type":"SearchAction","target":{"@type":"EntryPoint","urlTemplate":"https:\/\/naturalbikes.cl\/?s={search_term_string}"},"query-input":{"@type":"PropertyValueSpecification","valueRequired":true,"valueName":"search_term_string"}}],"inLanguage":"es"},{"@type":"Organization","@id":"https:\/\/naturalbikes.cl\/#organization","name":"Natural Bikes","alternateName":"Natural Bikes","url":"https:\/\/naturalbikes.cl\/","logo":{"@type":"ImageObject","inLanguage":"es","@id":"https:\/\/naturalbikes.cl\/#\/schema\/logo\/image\/","url":"https:\/\/naturalbikes.cl\/wp-content\/uploads\/2024\/05\/2023-10-10-10.44.12.jpg","contentUrl":"https:\/\/naturalbikes.cl\/wp-content\/uploads\/2024\/05\/2023-10-10-10.44.12.jpg","width":650,"height":650,"caption":"Natural Bikes"},"image":{"@id":"https:\/\/naturalbikes.cl\/#\/schema\/logo\/image\/"},"sameAs":["https:\/\/www.facebook.com\/naturalbikescl","https:\/\/www.instagram.com\/natural.bikes","https:\/\/www.tiktok.com\/@natural.bikes"],"description":"Ofrecer a nuestros clientes apasionados por el ciclismo de monta\u00f1a la mejor experiencia en productos, conocimientos especializados y servicios excepcionales. Nos comprometemos a proporcionar una amplia gama de bicicletas, accesorios y equipo de alta calidad, junto con asesoramiento experto y atenci\u00f3n personalizada para cada ciclista, para que puedan explorar, disfrutar y maximizar su aventura en el mundo del MTB","email":"naturalbikes1@gmail.com","telephone":"56977043878","legalName":"Natural Bikes Limitada","foundingDate":"2024-01-01","vatID":"76699553-5","taxID":"76699553-5","numberOfEmployees":{"@type":"QuantitativeValue","minValue":"1","maxValue":"10"},"publishingPrinciples":"https:\/\/naturalbikes.cl\/?page_id=7843","ownershipFundingInfo":"https:\/\/naturalbikes.cl\/?page_id=7843","actionableFeedbackPolicy":"https:\/\/naturalbikes.cl\/?page_id=14797","correctionsPolicy":"https:\/\/naturalbikes.cl\/?page_id=3","ethicsPolicy":"https:\/\/naturalbikes.cl\/?page_id=7843","diversityPolicy":"https:\/\/naturalbikes.cl\/?page_id=11734","diversityStaffingReport":"https:\/\/naturalbikes.cl\/?page_id=12161"}]}},"_links":{"self":[{"href":"https:\/\/naturalbikes.cl\/index.php?rest_route=\/wp\/v2\/product\/21109"}],"collection":[{"href":"https:\/\/naturalbikes.cl\/index.php?rest_route=\/wp\/v2\/product"}],"about":[{"href":"https:\/\/naturalbikes.cl\/index.php?rest_route=\/wp\/v2\/types\/product"}],"replies":[{"embeddable":true,"href":"https:\/\/naturalbikes.cl\/index.php?rest_route=%2Fwp%2Fv2%2Fcomments&post=21109"}],"wp:featuredmedia":[{"embeddable":true,"href":"https:\/\/naturalbikes.cl\/index.php?rest_route=\/wp\/v2\/media\/21111"}],"wp:attachment":[{"href":"https:\/\/naturalbikes.cl\/index.php?rest_route=%2Fwp%2Fv2%2Fmedia&parent=21109"}],"wp:term":[{"taxonomy":"product_cat","embeddable":true,"href":"https:\/\/naturalbikes.cl\/index.php?rest_route=%2Fwp%2Fv2%2Fproduct_cat&post=21109"},{"taxonomy":"product_tag","embeddable":true,"href":"https:\/\/naturalbikes.cl\/index.php?rest_route=%2Fwp%2Fv2%2Fproduct_tag&post=21109"}],"curies":[{"name":"wp","href":"https:\/\/api.w.org\/{rel}","templated":true}]}}