{"id":21101,"date":"2024-08-18T23:03:43","date_gmt":"2024-08-19T03:03:43","guid":{"rendered":"https:\/\/naturalbikes.cl\/?post_type=product&#038;p=21101"},"modified":"2026-01-06T17:12:04","modified_gmt":"2026-01-06T20:12:04","slug":"bicicleta-giant-trance-x-29-1","status":"publish","type":"product","link":"https:\/\/naturalbikes.cl\/?product=bicicleta-giant-trance-x-29-1","title":{"rendered":"Bicicleta Giant  Trance X 29 1"},"content":{"rendered":"<div class=\"card__header\">\n<h2 class=\"card__title heading h3\"><\/h2>\n<\/div>\n<div class=\"card__section \">\n<div class=\"rte text--pull\">\n<h5><img decoding=\"async\" class=\"aligncenter\" src=\"https:\/\/static.giant-bicycles.com\/Images\/Giant\/Logos\/Giant-Logo-2022.png\" width=\"298\" height=\"59\" \/><\/h5>\n<div class=\"row justify-content-center text_center\">\n<div class=\"col-xl-8\">\n<div style=\"outline: none !important; box-sizing: border-box; margin: 0px; padding: 0px; border: 0px; font: inherit; vertical-align: baseline;\" data-ng-show=\"(shortDescription &amp;&amp; highlights.length &gt; 2) || firstParagraph\">\n<div class=\"tab-content\">\n<div class=\"tab-pane fade show active\" data-ng-class=\"{'active': showItem === productData.common.id }\" data-ng-show=\"showItem === productData.common.id\">\n<div class=\"font-size_semi-small color_light-gray\">\n<div class=\"m-t_25\" style=\"text-align: start;\" data-ng-if=\"firstParagraph\">\n<h3 class=\"lead headline\"><\/h3>\n<h2 class=\"card__title heading h3\" style=\"text-align: center;\">Descripci\u00f3n<\/h2>\n<h4>CONFIANZA Y CONTROL EN 29&#8243;<\/h4>\n<p>Ruedas de 29 pulgadas optimizadas para rodar sobre terrenos t\u00e9cnicos con equilibrio y estabilidad, lo que le brinda m\u00e1s impulso en subidas dif\u00edciles y confianza para volar en descensos r\u00e1pidos de singletrack. Espacio adicional para llantas de hasta 2,5 pulgadas.<\/p>\n<h4>SUSPENSI\u00d3N PROGRESIVA<\/h4>\n<p>La suspensi\u00f3n trasera Maestro cuenta con un amortiguador de montaje en trunion con una carrera m\u00e1s larga y una sensaci\u00f3n m\u00e1s suave. Con 135 mm de recorrido completo de la rueda trasera (y 150 mm en la parte delantera), cuenta con un link superior de carbono de grado Advanced para una mayor rigidez y resistencia, adem\u00e1s de un menor peso total del cuadro.<\/p>\n<h4>GEOMETR\u00cdA AJUSTABLE<\/h4>\n<p>Un flip chip le permite cambiar los \u00e1ngulos del tubo de direcci\u00f3n y del tubo de asiento, junto con la altura del soporte inferior, para ajustar el manejo. Puede elegir la posici\u00f3n baja (\u00e1ngulo de direcci\u00f3n \/ tubo de asiento de 65,5 \/ 77,2 y ca\u00edda de pedalier de 40 mm) para terrenos abiertos r\u00e1pidos o alta (\u00e1ngulo de tubo de asiento \/ direcci\u00f3n de 66,2 \/ 77,9 y ca\u00edda de 30 mm) para un singletrack m\u00e1s lento y cerrado.<\/p>\n<\/div>\n<\/div>\n<\/div>\n<\/div>\n<\/div>\n<\/div>\n<h5><span style=\"font-family: -apple-system, BlinkMacSystemFont, 'San Francisco', 'Segoe UI', Roboto, 'Helvetica Neue', sans-serif; font-size: 0.875rem;\">\ud83d\udee0\ufe0f CARACTER\u00cdSTICAS<\/span><\/h5>\n<ul>\n<li class=\"datarow\">\n<div class=\"label\"><strong>Cuadro<\/strong>: ALUXX SL-Grade Aluminum front and rear triangles, 135mm Maestro suspension, flip chip, 12x148mm thru-axle<\/div>\n<\/li>\n<li class=\"datarow\">\n<div class=\"label\"><strong>Horquilla<\/strong>: Fox 36 Float Performance, FIT4, 44mm offset, 150mm, 15&#215;110 Kabolt, custom tuned for Giant<\/div>\n<\/li>\n<li class=\"datarow\">\n<div class=\"label\"><strong>Amortiguador:\u00a0<\/strong>Fox Float DPS Performance, 185\/55, custom tuned for Giant<\/div>\n<\/li>\n<li class=\"datarow\">\n<div class=\"label\"><strong>Manubrio:\u00a0<\/strong>Giant Contact TR35, 780x35mm, 20mm rise<\/div>\n<\/li>\n<li class=\"datarow\">\n<div class=\"label\"><strong>Grips:\u00a0<\/strong>Giant Tactal Pro Single S:120mm, M:120mm, L:130mm, XL:130mm<\/div>\n<\/li>\n<li class=\"datarow\">\n<div class=\"label\"><strong>Potencia<\/strong>: Giant Contact SL 35 S:40mm, M:40mm, L:50mm, XL:50mm<\/div>\n<\/li>\n<li class=\"datarow\">\n<div class=\"label\"><strong>Poste de asiento<\/strong>: Giant Contact Switch dropper, remote S: 125mm travel \/ 30.9 x 395mm M: 150mm travel \/ 30.9 x 440mm L: 170mm travel \/ 30.9 x 450mm XL: 170mm travel \/ 30.9 x 450mm<\/div>\n<\/li>\n<li class=\"datarow\">\n<div class=\"label\"><strong>Asiento<\/strong>: Giant Romero<\/div>\n<\/li>\n<li class=\"datarow\">\n<div class=\"label\"><strong>Pedales<\/strong>: N\/A<\/div>\n<\/li>\n<li class=\"datarow\">\n<div class=\"label\"><strong>Manetas de cambio<\/strong>: Shimano SLX SL-M7100, 1&#215;12<\/div>\n<\/li>\n<li class=\"datarow\">\n<div class=\"label\"><strong>Desviador:\u00a0<\/strong>N\/A<\/div>\n<\/li>\n<li class=\"datarow\">\n<div class=\"label\"><strong>Cambio trasero<\/strong>: Shimano SLX RD-M7100<\/div>\n<\/li>\n<li class=\"datarow\">\n<div class=\"label\"><strong>Frenos:\u00a0<\/strong>Shimano Deore BR-MT520, hydraulic, Shimano RT-66 rotors [F]203mm, [R]180mm<\/div>\n<\/li>\n<li class=\"datarow\">\n<div class=\"label\"><strong>Palancas de frenos:\u00a0<\/strong>Shimano Deore BL-MT501<\/div>\n<\/li>\n<li class=\"datarow\">\n<div class=\"label\"><strong>Cassette:\u00a0<\/strong>Shimano SLX, 10&#215;51<\/div>\n<\/li>\n<li class=\"datarow\">\n<div class=\"label\"><strong>Cadena:\u00a0<\/strong>KMC X-12<\/div>\n<\/li>\n<li class=\"datarow\">\n<div class=\"label\"><strong>Multiplicaci\u00f3n<\/strong>: Shimano M511, 30t S:165mm, M:170mm, L:170mm, XL:170mm<\/div>\n<\/li>\n<li class=\"datarow\">\n<div class=\"label\"><strong>Eje de Centro:<\/strong>\u00a0Shimano, press fit<\/div>\n<\/li>\n<li class=\"datarow\">\n<div class=\"label\"><strong>Ruedas:\u00a0<\/strong>Giant AM 29, alloy<\/div>\n<\/li>\n<li class=\"datarow\">\n<div class=\"label\"><strong>Mazas:\u00a0<\/strong>Alloy, sealed bearing<\/div>\n<\/li>\n<li class=\"datarow\">\n<div class=\"label\"><strong>Rayos<\/strong>: Sapim<\/div>\n<\/li>\n<li class=\"datarow\">\n<div class=\"label\"><strong>Neum\u00e1ticos<\/strong>: [F] Maxxis Minion DHF 29&#215;2.5 WT, EXO, TR [R] Maxxis Dissector 29&#215;2.4 WT, 60 TPI, 3C Max Terra, EXO, TR<\/div>\n<\/li>\n<li class=\"datarow\">\n<div class=\"label\"><strong>Extras<\/strong>: Tubeless prepared, 2.5&#8243; max tire size, 34t max chainring size<\/div>\n<\/li>\n<li class=\"datarow\">\n<div class=\"label\"><strong>Peso<\/strong><\/div>\n<div class=\"value\">El peso puede variar seg\u00fan la talla, los acabados, los componentes y los accesorios. Todas nuestras bicicletas est\u00e1n dise\u00f1adas para ofrecer el mejor peso y la mejor calidad de conducci\u00f3n de su clase. Pide a tu distribuidor que te ayude a pesar tu bicicleta.<\/div>\n<\/li>\n<\/ul>\n<\/div>\n<\/div>\n<\/div>\n","protected":false},"excerpt":{"rendered":"<p><a href=\"https:\/\/naturalbikes.cl\/wp-content\/uploads\/2024\/08\/giant-bicycles-new-20202103-1.jpg\"><img fetchpriority=\"high\" decoding=\"async\" class=\"size-medium wp-image-21050 alignleft\" src=\"https:\/\/naturalbikes.cl\/wp-content\/uploads\/2024\/08\/giant-bicycles-new-20202103-1-300x225.jpg\" alt=\"\" width=\"300\" height=\"225\" srcset=\"https:\/\/naturalbikes.cl\/wp-content\/uploads\/2024\/08\/giant-bicycles-new-20202103-1-300x225.jpg 300w, https:\/\/naturalbikes.cl\/wp-content\/uploads\/2024\/08\/giant-bicycles-new-20202103-1-768x576.jpg 768w, https:\/\/naturalbikes.cl\/wp-content\/uploads\/2024\/08\/giant-bicycles-new-20202103-1-450x338.jpg 450w, https:\/\/naturalbikes.cl\/wp-content\/uploads\/2024\/08\/giant-bicycles-new-20202103-1-800x600.jpg 800w, https:\/\/naturalbikes.cl\/wp-content\/uploads\/2024\/08\/giant-bicycles-new-20202103-1.jpg 866w\" sizes=\"(max-width: 300px) 100vw, 300px\" \/><\/a><\/p>\n<p>&nbsp;<\/p>\n<p>TERRENOS ROCOSOS, SENDEROS LLENOS DE RA\u00cdCES Y ESCALADAS T\u00c9CNICAS. ESTA BICICLETA DE TRAIL SE ADAPTA AL TERRENO, BRIND\u00c1NDOTE CONFIANZA Y CONTROL EN TODO TIPO DE SENDEROS.<\/p>\n","protected":false},"featured_media":21102,"comment_status":"open","ping_status":"closed","template":"","meta":[],"product_cat":[293,195,1376],"product_tag":[1319,995,1379,1380],"class_list":{"0":"post-21101","1":"product","2":"type-product","3":"status-publish","4":"has-post-thumbnail","6":"product_brand-giant","7":"product_cat-bicicleta-enduro","8":"product_cat-bicicletas","9":"product_cat-giant-bicicleta-enduro","10":"product_tag-bicicleta-enduro","11":"product_tag-giant","12":"product_tag-giant-trance-x","13":"product_tag-trance-x","15":"first","16":"outofstock","17":"taxable","18":"shipping-taxable","19":"purchasable","20":"product-type-variable","21":"rtwpvg-product"},"yoast_head":"<!-- This site is optimized with the Yoast SEO Premium plugin v24.8 (Yoast SEO v25.6) - https:\/\/yoast.com\/wordpress\/plugins\/seo\/ -->\n<title>Bicicleta Giant Trance X 29 1 - NaturalBikes<\/title>\n<meta name=\"description\" content=\"TERRENOS ROCOSOS, SENDEROS LLENOS DE RA\u00cdCES Y ESCALADAS T\u00c9CNICAS. ESTA BICICLETA DE TRAIL SE ADAPTA AL TERRENO, BRIND\u00c1NDOTE CONFIANZA Y CONTROL EN TODO TIPO DE SENDEROS.\" \/>\n<meta name=\"robots\" content=\"index, follow, max-snippet:-1, max-image-preview:large, max-video-preview:-1\" \/>\n<link rel=\"canonical\" href=\"https:\/\/naturalbikes.cl\/?product=bicicleta-giant-trance-x-29-1\" \/>\n<meta property=\"og:locale\" content=\"es_ES\" \/>\n<meta property=\"og:type\" content=\"article\" \/>\n<meta property=\"og:title\" content=\"Bicicleta Giant Trance X 29 1\" \/>\n<meta property=\"og:description\" content=\"Ofrecer a nuestros clientes apasionados por el ciclismo de monta\u00f1a la mejor experiencia en productos, conocimientos especializados y servicios excepcionales. Nos comprometemos a proporcionar una amplia gama de bicicletas, accesorios y equipo de alta calidad, junto con asesoramiento experto y atenci\u00f3n personalizada para cada ciclista, para que puedan explorar, disfrutar y maximizar su aventura en el mundo del MTB\" \/>\n<meta property=\"og:url\" content=\"https:\/\/naturalbikes.cl\/?product=bicicleta-giant-trance-x-29-1\" \/>\n<meta property=\"og:site_name\" content=\"NaturalBikes\" \/>\n<meta property=\"article:publisher\" content=\"https:\/\/www.facebook.com\/naturalbikescl\" \/>\n<meta property=\"article:modified_time\" content=\"2026-01-06T20:12:04+00:00\" \/>\n<meta property=\"og:image\" content=\"https:\/\/naturalbikes.cl\/wp-content\/uploads\/2024\/08\/MY22TranceX291_ColorAPanther_700x.webp\" \/>\n\t<meta property=\"og:image:width\" content=\"700\" \/>\n\t<meta property=\"og:image:height\" content=\"387\" \/>\n\t<meta property=\"og:image:type\" content=\"image\/webp\" \/>\n<meta name=\"twitter:card\" content=\"summary_large_image\" \/>\n<meta name=\"twitter:label1\" content=\"Tiempo de lectura\" \/>\n\t<meta name=\"twitter:data1\" content=\"3 minutos\" \/>\n<script type=\"application\/ld+json\" class=\"yoast-schema-graph\">{\"@context\":\"https:\/\/schema.org\",\"@graph\":[{\"@type\":\"WebPage\",\"@id\":\"https:\/\/naturalbikes.cl\/?product=bicicleta-giant-trance-x-29-1\",\"url\":\"https:\/\/naturalbikes.cl\/?product=bicicleta-giant-trance-x-29-1\",\"name\":\"Bicicleta Giant Trance X 29 1 - NaturalBikes\",\"isPartOf\":{\"@id\":\"https:\/\/naturalbikes.cl\/#website\"},\"primaryImageOfPage\":{\"@id\":\"https:\/\/naturalbikes.cl\/?product=bicicleta-giant-trance-x-29-1#primaryimage\"},\"image\":{\"@id\":\"https:\/\/naturalbikes.cl\/?product=bicicleta-giant-trance-x-29-1#primaryimage\"},\"thumbnailUrl\":\"https:\/\/naturalbikes.cl\/wp-content\/uploads\/2024\/08\/MY22TranceX291_ColorAPanther_700x.webp\",\"datePublished\":\"2024-08-19T03:03:43+00:00\",\"dateModified\":\"2026-01-06T20:12:04+00:00\",\"description\":\"TERRENOS ROCOSOS, SENDEROS LLENOS DE RA\u00cdCES Y ESCALADAS T\u00c9CNICAS. ESTA BICICLETA DE TRAIL SE ADAPTA AL TERRENO, BRIND\u00c1NDOTE CONFIANZA Y CONTROL EN TODO TIPO DE SENDEROS.\",\"breadcrumb\":{\"@id\":\"https:\/\/naturalbikes.cl\/?product=bicicleta-giant-trance-x-29-1#breadcrumb\"},\"inLanguage\":\"es\",\"potentialAction\":[{\"@type\":\"ReadAction\",\"target\":[\"https:\/\/naturalbikes.cl\/?product=bicicleta-giant-trance-x-29-1\"]}]},{\"@type\":\"ImageObject\",\"inLanguage\":\"es\",\"@id\":\"https:\/\/naturalbikes.cl\/?product=bicicleta-giant-trance-x-29-1#primaryimage\",\"url\":\"https:\/\/naturalbikes.cl\/wp-content\/uploads\/2024\/08\/MY22TranceX291_ColorAPanther_700x.webp\",\"contentUrl\":\"https:\/\/naturalbikes.cl\/wp-content\/uploads\/2024\/08\/MY22TranceX291_ColorAPanther_700x.webp\",\"width\":700,\"height\":387},{\"@type\":\"BreadcrumbList\",\"@id\":\"https:\/\/naturalbikes.cl\/?product=bicicleta-giant-trance-x-29-1#breadcrumb\",\"itemListElement\":[{\"@type\":\"ListItem\",\"position\":1,\"name\":\"Portada\",\"item\":\"https:\/\/naturalbikes.cl\/\"},{\"@type\":\"ListItem\",\"position\":2,\"name\":\"Tienda NB\",\"item\":\"https:\/\/naturalbikes.cl\/?page_id=7843\"},{\"@type\":\"ListItem\",\"position\":3,\"name\":\"Giant\",\"item\":\"https:\/\/naturalbikes.cl\/?product_brand=giant\"},{\"@type\":\"ListItem\",\"position\":4,\"name\":\"Bicicleta Giant Trance X 29 1\"}]},{\"@type\":\"WebSite\",\"@id\":\"https:\/\/naturalbikes.cl\/#website\",\"url\":\"https:\/\/naturalbikes.cl\/\",\"name\":\"Natural Bikes\",\"description\":\"Tienda de bicicletas repuestos accesorios taller mantenimiento clases salidas\",\"publisher\":{\"@id\":\"https:\/\/naturalbikes.cl\/#organization\"},\"alternateName\":\"Natural Bikes\",\"potentialAction\":[{\"@type\":\"SearchAction\",\"target\":{\"@type\":\"EntryPoint\",\"urlTemplate\":\"https:\/\/naturalbikes.cl\/?s={search_term_string}\"},\"query-input\":{\"@type\":\"PropertyValueSpecification\",\"valueRequired\":true,\"valueName\":\"search_term_string\"}}],\"inLanguage\":\"es\"},{\"@type\":\"Organization\",\"@id\":\"https:\/\/naturalbikes.cl\/#organization\",\"name\":\"Natural Bikes\",\"alternateName\":\"Natural Bikes\",\"url\":\"https:\/\/naturalbikes.cl\/\",\"logo\":{\"@type\":\"ImageObject\",\"inLanguage\":\"es\",\"@id\":\"https:\/\/naturalbikes.cl\/#\/schema\/logo\/image\/\",\"url\":\"https:\/\/naturalbikes.cl\/wp-content\/uploads\/2024\/05\/2023-10-10-10.44.12.jpg\",\"contentUrl\":\"https:\/\/naturalbikes.cl\/wp-content\/uploads\/2024\/05\/2023-10-10-10.44.12.jpg\",\"width\":650,\"height\":650,\"caption\":\"Natural Bikes\"},\"image\":{\"@id\":\"https:\/\/naturalbikes.cl\/#\/schema\/logo\/image\/\"},\"sameAs\":[\"https:\/\/www.facebook.com\/naturalbikescl\",\"https:\/\/www.instagram.com\/natural.bikes\",\"https:\/\/www.tiktok.com\/@natural.bikes\"],\"description\":\"Ofrecer a nuestros clientes apasionados por el ciclismo de monta\u00f1a la mejor experiencia en productos, conocimientos especializados y servicios excepcionales. Nos comprometemos a proporcionar una amplia gama de bicicletas, accesorios y equipo de alta calidad, junto con asesoramiento experto y atenci\u00f3n personalizada para cada ciclista, para que puedan explorar, disfrutar y maximizar su aventura en el mundo del MTB\",\"email\":\"naturalbikes1@gmail.com\",\"telephone\":\"56977043878\",\"legalName\":\"Natural Bikes Limitada\",\"foundingDate\":\"2024-01-01\",\"vatID\":\"76699553-5\",\"taxID\":\"76699553-5\",\"numberOfEmployees\":{\"@type\":\"QuantitativeValue\",\"minValue\":\"1\",\"maxValue\":\"10\"},\"publishingPrinciples\":\"https:\/\/naturalbikes.cl\/?page_id=7843\",\"ownershipFundingInfo\":\"https:\/\/naturalbikes.cl\/?page_id=7843\",\"actionableFeedbackPolicy\":\"https:\/\/naturalbikes.cl\/?page_id=14797\",\"correctionsPolicy\":\"https:\/\/naturalbikes.cl\/?page_id=3\",\"ethicsPolicy\":\"https:\/\/naturalbikes.cl\/?page_id=7843\",\"diversityPolicy\":\"https:\/\/naturalbikes.cl\/?page_id=11734\",\"diversityStaffingReport\":\"https:\/\/naturalbikes.cl\/?page_id=12161\"}]}<\/script>\n<!-- \/ Yoast SEO Premium plugin. -->","yoast_head_json":{"title":"Bicicleta Giant Trance X 29 1 - NaturalBikes","description":"TERRENOS ROCOSOS, SENDEROS LLENOS DE RA\u00cdCES Y ESCALADAS T\u00c9CNICAS. ESTA BICICLETA DE TRAIL SE ADAPTA AL TERRENO, BRIND\u00c1NDOTE CONFIANZA Y CONTROL EN TODO TIPO DE SENDEROS.","robots":{"index":"index","follow":"follow","max-snippet":"max-snippet:-1","max-image-preview":"max-image-preview:large","max-video-preview":"max-video-preview:-1"},"canonical":"https:\/\/naturalbikes.cl\/?product=bicicleta-giant-trance-x-29-1","og_locale":"es_ES","og_type":"article","og_title":"Bicicleta Giant Trance X 29 1","og_description":"Ofrecer a nuestros clientes apasionados por el ciclismo de monta\u00f1a la mejor experiencia en productos, conocimientos especializados y servicios excepcionales. Nos comprometemos a proporcionar una amplia gama de bicicletas, accesorios y equipo de alta calidad, junto con asesoramiento experto y atenci\u00f3n personalizada para cada ciclista, para que puedan explorar, disfrutar y maximizar su aventura en el mundo del MTB","og_url":"https:\/\/naturalbikes.cl\/?product=bicicleta-giant-trance-x-29-1","og_site_name":"NaturalBikes","article_publisher":"https:\/\/www.facebook.com\/naturalbikescl","article_modified_time":"2026-01-06T20:12:04+00:00","og_image":[{"width":700,"height":387,"url":"https:\/\/naturalbikes.cl\/wp-content\/uploads\/2024\/08\/MY22TranceX291_ColorAPanther_700x.webp","type":"image\/webp"}],"twitter_card":"summary_large_image","twitter_misc":{"Tiempo de lectura":"3 minutos"},"schema":{"@context":"https:\/\/schema.org","@graph":[{"@type":"WebPage","@id":"https:\/\/naturalbikes.cl\/?product=bicicleta-giant-trance-x-29-1","url":"https:\/\/naturalbikes.cl\/?product=bicicleta-giant-trance-x-29-1","name":"Bicicleta Giant Trance X 29 1 - NaturalBikes","isPartOf":{"@id":"https:\/\/naturalbikes.cl\/#website"},"primaryImageOfPage":{"@id":"https:\/\/naturalbikes.cl\/?product=bicicleta-giant-trance-x-29-1#primaryimage"},"image":{"@id":"https:\/\/naturalbikes.cl\/?product=bicicleta-giant-trance-x-29-1#primaryimage"},"thumbnailUrl":"https:\/\/naturalbikes.cl\/wp-content\/uploads\/2024\/08\/MY22TranceX291_ColorAPanther_700x.webp","datePublished":"2024-08-19T03:03:43+00:00","dateModified":"2026-01-06T20:12:04+00:00","description":"TERRENOS ROCOSOS, SENDEROS LLENOS DE RA\u00cdCES Y ESCALADAS T\u00c9CNICAS. ESTA BICICLETA DE TRAIL SE ADAPTA AL TERRENO, BRIND\u00c1NDOTE CONFIANZA Y CONTROL EN TODO TIPO DE SENDEROS.","breadcrumb":{"@id":"https:\/\/naturalbikes.cl\/?product=bicicleta-giant-trance-x-29-1#breadcrumb"},"inLanguage":"es","potentialAction":[{"@type":"ReadAction","target":["https:\/\/naturalbikes.cl\/?product=bicicleta-giant-trance-x-29-1"]}]},{"@type":"ImageObject","inLanguage":"es","@id":"https:\/\/naturalbikes.cl\/?product=bicicleta-giant-trance-x-29-1#primaryimage","url":"https:\/\/naturalbikes.cl\/wp-content\/uploads\/2024\/08\/MY22TranceX291_ColorAPanther_700x.webp","contentUrl":"https:\/\/naturalbikes.cl\/wp-content\/uploads\/2024\/08\/MY22TranceX291_ColorAPanther_700x.webp","width":700,"height":387},{"@type":"BreadcrumbList","@id":"https:\/\/naturalbikes.cl\/?product=bicicleta-giant-trance-x-29-1#breadcrumb","itemListElement":[{"@type":"ListItem","position":1,"name":"Portada","item":"https:\/\/naturalbikes.cl\/"},{"@type":"ListItem","position":2,"name":"Tienda NB","item":"https:\/\/naturalbikes.cl\/?page_id=7843"},{"@type":"ListItem","position":3,"name":"Giant","item":"https:\/\/naturalbikes.cl\/?product_brand=giant"},{"@type":"ListItem","position":4,"name":"Bicicleta Giant Trance X 29 1"}]},{"@type":"WebSite","@id":"https:\/\/naturalbikes.cl\/#website","url":"https:\/\/naturalbikes.cl\/","name":"Natural Bikes","description":"Tienda de bicicletas repuestos accesorios taller mantenimiento clases salidas","publisher":{"@id":"https:\/\/naturalbikes.cl\/#organization"},"alternateName":"Natural Bikes","potentialAction":[{"@type":"SearchAction","target":{"@type":"EntryPoint","urlTemplate":"https:\/\/naturalbikes.cl\/?s={search_term_string}"},"query-input":{"@type":"PropertyValueSpecification","valueRequired":true,"valueName":"search_term_string"}}],"inLanguage":"es"},{"@type":"Organization","@id":"https:\/\/naturalbikes.cl\/#organization","name":"Natural Bikes","alternateName":"Natural Bikes","url":"https:\/\/naturalbikes.cl\/","logo":{"@type":"ImageObject","inLanguage":"es","@id":"https:\/\/naturalbikes.cl\/#\/schema\/logo\/image\/","url":"https:\/\/naturalbikes.cl\/wp-content\/uploads\/2024\/05\/2023-10-10-10.44.12.jpg","contentUrl":"https:\/\/naturalbikes.cl\/wp-content\/uploads\/2024\/05\/2023-10-10-10.44.12.jpg","width":650,"height":650,"caption":"Natural Bikes"},"image":{"@id":"https:\/\/naturalbikes.cl\/#\/schema\/logo\/image\/"},"sameAs":["https:\/\/www.facebook.com\/naturalbikescl","https:\/\/www.instagram.com\/natural.bikes","https:\/\/www.tiktok.com\/@natural.bikes"],"description":"Ofrecer a nuestros clientes apasionados por el ciclismo de monta\u00f1a la mejor experiencia en productos, conocimientos especializados y servicios excepcionales. Nos comprometemos a proporcionar una amplia gama de bicicletas, accesorios y equipo de alta calidad, junto con asesoramiento experto y atenci\u00f3n personalizada para cada ciclista, para que puedan explorar, disfrutar y maximizar su aventura en el mundo del MTB","email":"naturalbikes1@gmail.com","telephone":"56977043878","legalName":"Natural Bikes Limitada","foundingDate":"2024-01-01","vatID":"76699553-5","taxID":"76699553-5","numberOfEmployees":{"@type":"QuantitativeValue","minValue":"1","maxValue":"10"},"publishingPrinciples":"https:\/\/naturalbikes.cl\/?page_id=7843","ownershipFundingInfo":"https:\/\/naturalbikes.cl\/?page_id=7843","actionableFeedbackPolicy":"https:\/\/naturalbikes.cl\/?page_id=14797","correctionsPolicy":"https:\/\/naturalbikes.cl\/?page_id=3","ethicsPolicy":"https:\/\/naturalbikes.cl\/?page_id=7843","diversityPolicy":"https:\/\/naturalbikes.cl\/?page_id=11734","diversityStaffingReport":"https:\/\/naturalbikes.cl\/?page_id=12161"}]}},"_links":{"self":[{"href":"https:\/\/naturalbikes.cl\/index.php?rest_route=\/wp\/v2\/product\/21101"}],"collection":[{"href":"https:\/\/naturalbikes.cl\/index.php?rest_route=\/wp\/v2\/product"}],"about":[{"href":"https:\/\/naturalbikes.cl\/index.php?rest_route=\/wp\/v2\/types\/product"}],"replies":[{"embeddable":true,"href":"https:\/\/naturalbikes.cl\/index.php?rest_route=%2Fwp%2Fv2%2Fcomments&post=21101"}],"wp:featuredmedia":[{"embeddable":true,"href":"https:\/\/naturalbikes.cl\/index.php?rest_route=\/wp\/v2\/media\/21102"}],"wp:attachment":[{"href":"https:\/\/naturalbikes.cl\/index.php?rest_route=%2Fwp%2Fv2%2Fmedia&parent=21101"}],"wp:term":[{"taxonomy":"product_cat","embeddable":true,"href":"https:\/\/naturalbikes.cl\/index.php?rest_route=%2Fwp%2Fv2%2Fproduct_cat&post=21101"},{"taxonomy":"product_tag","embeddable":true,"href":"https:\/\/naturalbikes.cl\/index.php?rest_route=%2Fwp%2Fv2%2Fproduct_tag&post=21101"}],"curies":[{"name":"wp","href":"https:\/\/api.w.org\/{rel}","templated":true}]}}