{"id":21080,"date":"2024-08-15T22:41:26","date_gmt":"2024-08-16T02:41:26","guid":{"rendered":"https:\/\/naturalbikes.cl\/?post_type=product&#038;p=21080"},"modified":"2026-01-06T17:12:04","modified_gmt":"2026-01-06T20:12:04","slug":"bicicleta-giant-reign-advanced-1","status":"publish","type":"product","link":"https:\/\/naturalbikes.cl\/?product=bicicleta-giant-reign-advanced-1","title":{"rendered":"Bicicleta Giant  Reign Advanced 1"},"content":{"rendered":"<p><img decoding=\"async\" style=\"display: block; margin-left: auto; margin-right: auto;\" src=\"https:\/\/static.giant-bicycles.com\/Images\/Giant\/Logos\/Giant-Logo-2022.png\" width=\"298\" height=\"59\" \/><\/p>\n<div class=\"custom__item small--one-whole one-third align--top-middle\">\n<div class=\"custom__item-inner custom__item-inner--liquid\">\n<div class=\"rte\">\n<h2 class=\"card-title\" style=\"text-align: center;\"><\/h2>\n<h2 class=\"card-title\" style=\"text-align: center;\">Descripci\u00f3n<\/h2>\n<h4 style=\"text-align: center;\"><\/h4>\n<h4><strong>SUSPENSION DISE\u00d1ADAS PARA COMPETICI\u00d3N<\/strong><\/h4>\n<div class=\"item col-md-4 col-sm-12\">\n<div class=\"item col-md-4 col-sm-12\">\n<p style=\"padding-left: 40px;\">Una suspensi\u00f3n trasera Maestro con un recorrido de 160 mm, emparejada con una horquilla de 170mm de recorrido, se ha probado y desarrollado en las condiciones extremas de las Enduro World Series. El amortiguador Trunnion tiene un recorrido m\u00e1s largo (62,5 mm frente a 60 mm en la generaci\u00f3n anterior). La bieleta superior de carbono Advanced Forged aporta rigidez y reduce el peso total.<\/p>\n<h4><strong>HIPER AJUSTABLE<\/strong><\/h4>\n<p style=\"padding-left: 40px;\">La geometr\u00eda del cuadro se puede ajustar en 3 posiciones para adaptarse a tu estilo de conducci\u00f3n y al tipo de terreno (tecnolog\u00eda Flip Chip). Puedes elegir un \u00e1ngulo de tubo de direcci\u00f3n de 63,5\/63,9 o 64,2 grados y un \u00e1ngulo de tubo de sill\u00edn de 78,3, 78,7 o 79 grados respectivamente. As\u00ed, el drop del pedalier ser\u00e1 de 35, 30 o 25mm (talla M).<\/p>\n<p style=\"padding-left: 40px;\">\n<\/div>\n<\/div>\n<div id=\"intro\">\n<div id=\"keyperformancefactors\">\n<h4><strong>OPCIONES DE RUEDA TRASERA<\/strong><\/h4>\n<div id=\"intro\" class=\"content-wrapper-grey text-center padding-top-and-bottom\">\n<div class=\"container\">\n<div id=\"keyperformancefactors\">\n<div class=\"row\">\n<div class=\"item col-md-4 col-sm-12\">\n<p style=\"text-align: left;\">Los ciclistas pueden optar por emparejar la rueda delantera de 29&#8243; con una rueda trasera de 29&#8243; o 27,5&#8243;. La de 29 pulgadas ofrece m\u00e1s estabilidad mientras que la de 27,5 permite un manejo m\u00e1s \u00e1gil. El cambio se opera f\u00e1cil y r\u00e1pidamente.<\/p>\n<p style=\"text-align: left;\">\n<\/div>\n<\/div>\n<\/div>\n<\/div>\n<\/div>\n<\/div>\n<\/div>\n<h2>ESPECIFICACIONES<\/h2>\n<p style=\"margin: 0cm; line-height: 150%;\"><span class=\"reference\"><b>CUADRO<\/b><\/span><\/p>\n<p style=\"margin: 0cm; line-height: 150%;\">Tri\u00e1ngulos delanteros y traseros compuestos de grado avanzado | Suspensi\u00f3n\u00a0<em>Maestro\u00a0<\/em>160mm |\u00a012x148mm\u00a0Thru-axle | Compatible con ruedas traseras de 27,5 o 29 pulgadas | Flip Chip Maestro 3<\/p>\n<p style=\"margin: 0cm; line-height: 150%;\"><span class=\"reference\"><b>HORQUILLA<\/b><\/span><\/p>\n<p style=\"margin: 0cm; line-height: 150%;\">Fox 38 Factory | GRIP 2 damper | 15&#215;110 Kabolt X | 44mm offset<\/p>\n<p style=\"margin: 0cm; line-height: 150%;\"><strong>AMORTIGUADOR<\/strong><\/p>\n<p style=\"margin: 0cm; line-height: 150%;\">Fox Float X2 Factory | 205\/62.5<\/p>\n<p style=\"margin: 0cm; line-height: 150%;\"><span class=\"reference\"><b>MANUBRIO<\/b><\/span><\/p>\n<p style=\"margin: 0cm; line-height: 150%;\">Giant Contact SLR TR35 | Compuesto | 800x35mm | Elevaci\u00f3n 20mm<\/p>\n<p style=\"margin: 0cm; line-height: 150%;\"><strong>PU\u00d1OS<\/strong><\/p>\n<p style=\"margin: 0cm; line-height: 150%;\">Giant Tactal Pro Single | \u00a0S:120mm | M:120mm | L:130mm | XL:130mm<\/p>\n<p style=\"margin: 0cm; line-height: 150%;\"><span class=\"reference\"><b>POTENCIA<\/b><\/span><\/p>\n<p style=\"margin: 0cm; line-height: 150%;\">Giant Contact SL 35 | S:40mm | M:40mm | L:40mm | XL:40mm<\/p>\n<p style=\"margin: 0cm; line-height: 150%;\"><span class=\"reference\"><b>TIJA DEL SILLIN<\/b><\/span><\/p>\n<p style=\"margin: 0cm; line-height: 150%;\"><span class=\"reference\">TranzX<\/span><\/p>\n<p style=\"margin: 0cm; line-height: 150%;\"><strong><span class=\"reference\">SILLIN<\/span><\/strong><\/p>\n<p style=\"margin: 0cm; line-height: 150%;\">Giant Romero SL<\/p>\n<p style=\"margin: 0cm; line-height: 150%;\"><span class=\"reference\"><b>MANILLAS DE CAMBIO<\/b><\/span><\/p>\n<p style=\"margin: 0cm; line-height: 150%;\">SRAM AXS Pod | 1&#215;12<\/p>\n<p style=\"margin: 0cm; line-height: 150%;\"><strong>MANILLAS DE FRENOS<\/strong><\/p>\n<p style=\"margin: 0cm; line-height: 150%;\">Shimano SLX BL-M7100<\/p>\n<p style=\"margin: 0cm; line-height: 150%;\"><span class=\"reference\"><b>FRENOS<\/b><\/span><\/p>\n<p style=\"margin: 0cm; line-height: 150%;\">Shimano SLX M7120 | Hidr\u00e1ulico | Shimano RT-66 | Delantero 220mm | Trasero 200mm<\/p>\n<p style=\"margin: 0cm; line-height: 150%;\"><span class=\"reference\"><b>CAMBIO TRASERO<\/b><\/span><\/p>\n<p style=\"margin: 0cm; line-height: 150%;\">SRAM GX Eagle Transmission<\/p>\n<p style=\"margin: 0cm; line-height: 150%;\"><span class=\"reference\"><b>CASETTE<\/b><\/span><\/p>\n<p style=\"margin: 0cm; line-height: 150%;\">SRAM GX Eagle Transmission | 10&#215;52<\/p>\n<p style=\"margin: 0cm; line-height: 150%;\"><span class=\"reference\"><b>CADENA<\/b><\/span><\/p>\n<p style=\"margin: 0cm; line-height: 150%;\">SRAM GX Eagle Transmission<\/p>\n<p style=\"margin: 0cm; line-height: 150%;\"><span class=\"reference\"><b>PLATOS Y BIELAS<\/b><\/span><\/p>\n<p style=\"margin: 0cm; line-height: 150%;\">SRAM GX Eagle Transmission | DUB | 32T | Linea de cadena 55mm | S:165mm | M:170mm | L:170mm | XL:170mm<\/p>\n<p style=\"margin: 0cm; line-height: 150%;\"><span class=\"reference\"><b>CAJA DE PEDALIER<\/b><\/span><\/p>\n<p style=\"margin: 0cm; line-height: 150%;\">SRAM DUB | Press fit<\/p>\n<p style=\"margin: 0cm; line-height: 150%;\"><span class=\"reference\"><b>LLANTAS<\/b><\/span><\/p>\n<p style=\"margin: 0cm; line-height: 150%;\">Giant TRX2 | 29&#8243; | Carbon WheelSystem | 30mm<\/p>\n<p style=\"margin: 0cm; line-height: 150%;\"><span class=\"reference\"><b>BUJES<\/b><\/span><\/p>\n<p style=\"margin: 0cm; line-height: 150%;\">Delantero: Aleaci\u00f3n | Sellado | 6 pernos | 20x110mm<\/p>\n<p style=\"margin: 0cm; line-height: 150%;\">Trasero: \u00a0 Aleaci\u00f3n | 72T | Sellado |\u00a0 6 pernos | 12x157mm<\/p>\n<p style=\"margin: 0cm; line-height: 150%;\"><span class=\"reference\"><b>RADIOS<\/b><\/span><\/p>\n<p style=\"margin: 0cm; line-height: 150%;\">Sapim Laser | DBL<\/p>\n<p style=\"margin: 0cm; line-height: 150%;\"><span class=\"reference\"><b>CUBIERTAS<\/b><\/span><\/p>\n<p style=\"margin: 0cm; line-height: 150%;\">Delantero: Maxxis Assegai 29&#215;2.5 WT | 3C | MaxxGrip | DH | Tubeless<\/p>\n<p style=\"margin: 0cm; line-height: 150%;\">Trasero: Maxxis Minion DHR II 27.5&#215;2.4 WT | 3C |\u00a0 MaxxGrip | DH | Tubeless<\/p>\n<\/div>\n<\/div>\n<\/div>\n","protected":false},"excerpt":{"rendered":"<p><a href=\"https:\/\/naturalbikes.cl\/wp-content\/uploads\/2024\/08\/giant-bicycles-new-20202103-1.jpg\"><img fetchpriority=\"high\" decoding=\"async\" class=\"size-medium wp-image-21050 alignleft\" src=\"https:\/\/naturalbikes.cl\/wp-content\/uploads\/2024\/08\/giant-bicycles-new-20202103-1-300x225.jpg\" alt=\"\" width=\"300\" height=\"225\" srcset=\"https:\/\/naturalbikes.cl\/wp-content\/uploads\/2024\/08\/giant-bicycles-new-20202103-1-300x225.jpg 300w, https:\/\/naturalbikes.cl\/wp-content\/uploads\/2024\/08\/giant-bicycles-new-20202103-1-768x576.jpg 768w, https:\/\/naturalbikes.cl\/wp-content\/uploads\/2024\/08\/giant-bicycles-new-20202103-1-450x338.jpg 450w, https:\/\/naturalbikes.cl\/wp-content\/uploads\/2024\/08\/giant-bicycles-new-20202103-1-800x600.jpg 800w, https:\/\/naturalbikes.cl\/wp-content\/uploads\/2024\/08\/giant-bicycles-new-20202103-1.jpg 866w\" sizes=\"(max-width: 300px) 100vw, 300px\" \/><\/a><\/p>\n<p><strong>Conduce r\u00e1pido, imponte y dibuja nuevas l\u00edneas. Con un chasis 100% carbono, desarrollado con los pros Giant de enduro, esta MTB de 29 pulgadas viene equipada con una suspensi\u00f3n trasera Maestro de 160 mm, geometr\u00eda ajustable y con posibilidad de montar una rueda trasera de 27,5 pulgadas.<\/strong><\/p>\n","protected":false},"featured_media":21092,"comment_status":"open","ping_status":"closed","template":"","meta":[],"product_cat":[293,195,1376],"product_tag":[1319,995,1375],"class_list":{"0":"post-21080","1":"product","2":"type-product","3":"status-publish","4":"has-post-thumbnail","6":"product_brand-giant","7":"product_cat-bicicleta-enduro","8":"product_cat-bicicletas","9":"product_cat-giant-bicicleta-enduro","10":"product_tag-bicicleta-enduro","11":"product_tag-giant","12":"product_tag-giant-reign","14":"first","15":"instock","16":"taxable","17":"shipping-taxable","18":"purchasable","19":"product-type-variable","20":"rtwpvg-product"},"yoast_head":"<!-- This site is optimized with the Yoast SEO Premium plugin v24.8 (Yoast SEO v25.6) - https:\/\/yoast.com\/wordpress\/plugins\/seo\/ -->\n<title>Bicicleta Giant Reign Advanced 1 - NaturalBikes<\/title>\n<meta name=\"description\" content=\"Conduce r\u00e1pido, imponte y dibuja nuevas l\u00edneas. Con un chasis 100% carbono, desarrollado con los pros Giant de enduro, esta MTB de 29 pulgadas viene equipada con una suspensi\u00f3n trasera Maestro de 160 mm, geometr\u00eda ajustable y con posibilidad de montar una rueda trasera de 27,5 pulgadas.\" \/>\n<meta name=\"robots\" content=\"index, follow, max-snippet:-1, max-image-preview:large, max-video-preview:-1\" \/>\n<link rel=\"canonical\" href=\"https:\/\/naturalbikes.cl\/?product=bicicleta-giant-reign-advanced-1\" \/>\n<meta property=\"og:locale\" content=\"es_ES\" \/>\n<meta property=\"og:type\" content=\"article\" \/>\n<meta property=\"og:title\" content=\"Bicicleta Giant Reign Advanced 1\" \/>\n<meta property=\"og:description\" content=\"Ofrecer a nuestros clientes apasionados por el ciclismo de monta\u00f1a la mejor experiencia en productos, conocimientos especializados y servicios excepcionales. Nos comprometemos a proporcionar una amplia gama de bicicletas, accesorios y equipo de alta calidad, junto con asesoramiento experto y atenci\u00f3n personalizada para cada ciclista, para que puedan explorar, disfrutar y maximizar su aventura en el mundo del MTB\" \/>\n<meta property=\"og:url\" content=\"https:\/\/naturalbikes.cl\/?product=bicicleta-giant-reign-advanced-1\" \/>\n<meta property=\"og:site_name\" content=\"NaturalBikes\" \/>\n<meta property=\"article:publisher\" content=\"https:\/\/www.facebook.com\/naturalbikescl\" \/>\n<meta property=\"article:modified_time\" content=\"2026-01-06T20:12:04+00:00\" \/>\n<meta property=\"og:image\" content=\"https:\/\/naturalbikes.cl\/wp-content\/uploads\/2024\/08\/MY24ReignAdvanced1_ColorADigitalBlurple_Front_B_92406017-0d0e-4184-b444-33eed2aac934.webp\" \/>\n\t<meta property=\"og:image:width\" content=\"1200\" \/>\n\t<meta property=\"og:image:height\" content=\"1031\" \/>\n\t<meta property=\"og:image:type\" content=\"image\/webp\" \/>\n<meta name=\"twitter:card\" content=\"summary_large_image\" \/>\n<meta name=\"twitter:label1\" content=\"Tiempo de lectura\" \/>\n\t<meta name=\"twitter:data1\" content=\"3 minutos\" \/>\n<script type=\"application\/ld+json\" class=\"yoast-schema-graph\">{\"@context\":\"https:\/\/schema.org\",\"@graph\":[{\"@type\":\"WebPage\",\"@id\":\"https:\/\/naturalbikes.cl\/?product=bicicleta-giant-reign-advanced-1\",\"url\":\"https:\/\/naturalbikes.cl\/?product=bicicleta-giant-reign-advanced-1\",\"name\":\"Bicicleta Giant Reign Advanced 1 - NaturalBikes\",\"isPartOf\":{\"@id\":\"https:\/\/naturalbikes.cl\/#website\"},\"primaryImageOfPage\":{\"@id\":\"https:\/\/naturalbikes.cl\/?product=bicicleta-giant-reign-advanced-1#primaryimage\"},\"image\":{\"@id\":\"https:\/\/naturalbikes.cl\/?product=bicicleta-giant-reign-advanced-1#primaryimage\"},\"thumbnailUrl\":\"https:\/\/naturalbikes.cl\/wp-content\/uploads\/2024\/08\/MY24ReignAdvanced1_ColorADigitalBlurple_Front_B_92406017-0d0e-4184-b444-33eed2aac934.webp\",\"datePublished\":\"2024-08-16T02:41:26+00:00\",\"dateModified\":\"2026-01-06T20:12:04+00:00\",\"description\":\"Conduce r\u00e1pido, imponte y dibuja nuevas l\u00edneas. Con un chasis 100% carbono, desarrollado con los pros Giant de enduro, esta MTB de 29 pulgadas viene equipada con una suspensi\u00f3n trasera Maestro de 160 mm, geometr\u00eda ajustable y con posibilidad de montar una rueda trasera de 27,5 pulgadas.\",\"breadcrumb\":{\"@id\":\"https:\/\/naturalbikes.cl\/?product=bicicleta-giant-reign-advanced-1#breadcrumb\"},\"inLanguage\":\"es\",\"potentialAction\":[{\"@type\":\"ReadAction\",\"target\":[\"https:\/\/naturalbikes.cl\/?product=bicicleta-giant-reign-advanced-1\"]}]},{\"@type\":\"ImageObject\",\"inLanguage\":\"es\",\"@id\":\"https:\/\/naturalbikes.cl\/?product=bicicleta-giant-reign-advanced-1#primaryimage\",\"url\":\"https:\/\/naturalbikes.cl\/wp-content\/uploads\/2024\/08\/MY24ReignAdvanced1_ColorADigitalBlurple_Front_B_92406017-0d0e-4184-b444-33eed2aac934.webp\",\"contentUrl\":\"https:\/\/naturalbikes.cl\/wp-content\/uploads\/2024\/08\/MY24ReignAdvanced1_ColorADigitalBlurple_Front_B_92406017-0d0e-4184-b444-33eed2aac934.webp\",\"width\":1200,\"height\":1031},{\"@type\":\"BreadcrumbList\",\"@id\":\"https:\/\/naturalbikes.cl\/?product=bicicleta-giant-reign-advanced-1#breadcrumb\",\"itemListElement\":[{\"@type\":\"ListItem\",\"position\":1,\"name\":\"Portada\",\"item\":\"https:\/\/naturalbikes.cl\/\"},{\"@type\":\"ListItem\",\"position\":2,\"name\":\"Tienda NB\",\"item\":\"https:\/\/naturalbikes.cl\/?page_id=7843\"},{\"@type\":\"ListItem\",\"position\":3,\"name\":\"Giant\",\"item\":\"https:\/\/naturalbikes.cl\/?product_brand=giant\"},{\"@type\":\"ListItem\",\"position\":4,\"name\":\"Bicicleta Giant Reign Advanced 1\"}]},{\"@type\":\"WebSite\",\"@id\":\"https:\/\/naturalbikes.cl\/#website\",\"url\":\"https:\/\/naturalbikes.cl\/\",\"name\":\"Natural Bikes\",\"description\":\"Tienda de bicicletas repuestos accesorios taller mantenimiento clases salidas\",\"publisher\":{\"@id\":\"https:\/\/naturalbikes.cl\/#organization\"},\"alternateName\":\"Natural Bikes\",\"potentialAction\":[{\"@type\":\"SearchAction\",\"target\":{\"@type\":\"EntryPoint\",\"urlTemplate\":\"https:\/\/naturalbikes.cl\/?s={search_term_string}\"},\"query-input\":{\"@type\":\"PropertyValueSpecification\",\"valueRequired\":true,\"valueName\":\"search_term_string\"}}],\"inLanguage\":\"es\"},{\"@type\":\"Organization\",\"@id\":\"https:\/\/naturalbikes.cl\/#organization\",\"name\":\"Natural Bikes\",\"alternateName\":\"Natural Bikes\",\"url\":\"https:\/\/naturalbikes.cl\/\",\"logo\":{\"@type\":\"ImageObject\",\"inLanguage\":\"es\",\"@id\":\"https:\/\/naturalbikes.cl\/#\/schema\/logo\/image\/\",\"url\":\"https:\/\/naturalbikes.cl\/wp-content\/uploads\/2024\/05\/2023-10-10-10.44.12.jpg\",\"contentUrl\":\"https:\/\/naturalbikes.cl\/wp-content\/uploads\/2024\/05\/2023-10-10-10.44.12.jpg\",\"width\":650,\"height\":650,\"caption\":\"Natural Bikes\"},\"image\":{\"@id\":\"https:\/\/naturalbikes.cl\/#\/schema\/logo\/image\/\"},\"sameAs\":[\"https:\/\/www.facebook.com\/naturalbikescl\",\"https:\/\/www.instagram.com\/natural.bikes\",\"https:\/\/www.tiktok.com\/@natural.bikes\"],\"description\":\"Ofrecer a nuestros clientes apasionados por el ciclismo de monta\u00f1a la mejor experiencia en productos, conocimientos especializados y servicios excepcionales. Nos comprometemos a proporcionar una amplia gama de bicicletas, accesorios y equipo de alta calidad, junto con asesoramiento experto y atenci\u00f3n personalizada para cada ciclista, para que puedan explorar, disfrutar y maximizar su aventura en el mundo del MTB\",\"email\":\"naturalbikes1@gmail.com\",\"telephone\":\"56977043878\",\"legalName\":\"Natural Bikes Limitada\",\"foundingDate\":\"2024-01-01\",\"vatID\":\"76699553-5\",\"taxID\":\"76699553-5\",\"numberOfEmployees\":{\"@type\":\"QuantitativeValue\",\"minValue\":\"1\",\"maxValue\":\"10\"},\"publishingPrinciples\":\"https:\/\/naturalbikes.cl\/?page_id=7843\",\"ownershipFundingInfo\":\"https:\/\/naturalbikes.cl\/?page_id=7843\",\"actionableFeedbackPolicy\":\"https:\/\/naturalbikes.cl\/?page_id=14797\",\"correctionsPolicy\":\"https:\/\/naturalbikes.cl\/?page_id=3\",\"ethicsPolicy\":\"https:\/\/naturalbikes.cl\/?page_id=7843\",\"diversityPolicy\":\"https:\/\/naturalbikes.cl\/?page_id=11734\",\"diversityStaffingReport\":\"https:\/\/naturalbikes.cl\/?page_id=12161\"}]}<\/script>\n<!-- \/ Yoast SEO Premium plugin. -->","yoast_head_json":{"title":"Bicicleta Giant Reign Advanced 1 - NaturalBikes","description":"Conduce r\u00e1pido, imponte y dibuja nuevas l\u00edneas. Con un chasis 100% carbono, desarrollado con los pros Giant de enduro, esta MTB de 29 pulgadas viene equipada con una suspensi\u00f3n trasera Maestro de 160 mm, geometr\u00eda ajustable y con posibilidad de montar una rueda trasera de 27,5 pulgadas.","robots":{"index":"index","follow":"follow","max-snippet":"max-snippet:-1","max-image-preview":"max-image-preview:large","max-video-preview":"max-video-preview:-1"},"canonical":"https:\/\/naturalbikes.cl\/?product=bicicleta-giant-reign-advanced-1","og_locale":"es_ES","og_type":"article","og_title":"Bicicleta Giant Reign Advanced 1","og_description":"Ofrecer a nuestros clientes apasionados por el ciclismo de monta\u00f1a la mejor experiencia en productos, conocimientos especializados y servicios excepcionales. Nos comprometemos a proporcionar una amplia gama de bicicletas, accesorios y equipo de alta calidad, junto con asesoramiento experto y atenci\u00f3n personalizada para cada ciclista, para que puedan explorar, disfrutar y maximizar su aventura en el mundo del MTB","og_url":"https:\/\/naturalbikes.cl\/?product=bicicleta-giant-reign-advanced-1","og_site_name":"NaturalBikes","article_publisher":"https:\/\/www.facebook.com\/naturalbikescl","article_modified_time":"2026-01-06T20:12:04+00:00","og_image":[{"width":1200,"height":1031,"url":"https:\/\/naturalbikes.cl\/wp-content\/uploads\/2024\/08\/MY24ReignAdvanced1_ColorADigitalBlurple_Front_B_92406017-0d0e-4184-b444-33eed2aac934.webp","type":"image\/webp"}],"twitter_card":"summary_large_image","twitter_misc":{"Tiempo de lectura":"3 minutos"},"schema":{"@context":"https:\/\/schema.org","@graph":[{"@type":"WebPage","@id":"https:\/\/naturalbikes.cl\/?product=bicicleta-giant-reign-advanced-1","url":"https:\/\/naturalbikes.cl\/?product=bicicleta-giant-reign-advanced-1","name":"Bicicleta Giant Reign Advanced 1 - NaturalBikes","isPartOf":{"@id":"https:\/\/naturalbikes.cl\/#website"},"primaryImageOfPage":{"@id":"https:\/\/naturalbikes.cl\/?product=bicicleta-giant-reign-advanced-1#primaryimage"},"image":{"@id":"https:\/\/naturalbikes.cl\/?product=bicicleta-giant-reign-advanced-1#primaryimage"},"thumbnailUrl":"https:\/\/naturalbikes.cl\/wp-content\/uploads\/2024\/08\/MY24ReignAdvanced1_ColorADigitalBlurple_Front_B_92406017-0d0e-4184-b444-33eed2aac934.webp","datePublished":"2024-08-16T02:41:26+00:00","dateModified":"2026-01-06T20:12:04+00:00","description":"Conduce r\u00e1pido, imponte y dibuja nuevas l\u00edneas. Con un chasis 100% carbono, desarrollado con los pros Giant de enduro, esta MTB de 29 pulgadas viene equipada con una suspensi\u00f3n trasera Maestro de 160 mm, geometr\u00eda ajustable y con posibilidad de montar una rueda trasera de 27,5 pulgadas.","breadcrumb":{"@id":"https:\/\/naturalbikes.cl\/?product=bicicleta-giant-reign-advanced-1#breadcrumb"},"inLanguage":"es","potentialAction":[{"@type":"ReadAction","target":["https:\/\/naturalbikes.cl\/?product=bicicleta-giant-reign-advanced-1"]}]},{"@type":"ImageObject","inLanguage":"es","@id":"https:\/\/naturalbikes.cl\/?product=bicicleta-giant-reign-advanced-1#primaryimage","url":"https:\/\/naturalbikes.cl\/wp-content\/uploads\/2024\/08\/MY24ReignAdvanced1_ColorADigitalBlurple_Front_B_92406017-0d0e-4184-b444-33eed2aac934.webp","contentUrl":"https:\/\/naturalbikes.cl\/wp-content\/uploads\/2024\/08\/MY24ReignAdvanced1_ColorADigitalBlurple_Front_B_92406017-0d0e-4184-b444-33eed2aac934.webp","width":1200,"height":1031},{"@type":"BreadcrumbList","@id":"https:\/\/naturalbikes.cl\/?product=bicicleta-giant-reign-advanced-1#breadcrumb","itemListElement":[{"@type":"ListItem","position":1,"name":"Portada","item":"https:\/\/naturalbikes.cl\/"},{"@type":"ListItem","position":2,"name":"Tienda NB","item":"https:\/\/naturalbikes.cl\/?page_id=7843"},{"@type":"ListItem","position":3,"name":"Giant","item":"https:\/\/naturalbikes.cl\/?product_brand=giant"},{"@type":"ListItem","position":4,"name":"Bicicleta Giant Reign Advanced 1"}]},{"@type":"WebSite","@id":"https:\/\/naturalbikes.cl\/#website","url":"https:\/\/naturalbikes.cl\/","name":"Natural Bikes","description":"Tienda de bicicletas repuestos accesorios taller mantenimiento clases salidas","publisher":{"@id":"https:\/\/naturalbikes.cl\/#organization"},"alternateName":"Natural Bikes","potentialAction":[{"@type":"SearchAction","target":{"@type":"EntryPoint","urlTemplate":"https:\/\/naturalbikes.cl\/?s={search_term_string}"},"query-input":{"@type":"PropertyValueSpecification","valueRequired":true,"valueName":"search_term_string"}}],"inLanguage":"es"},{"@type":"Organization","@id":"https:\/\/naturalbikes.cl\/#organization","name":"Natural Bikes","alternateName":"Natural Bikes","url":"https:\/\/naturalbikes.cl\/","logo":{"@type":"ImageObject","inLanguage":"es","@id":"https:\/\/naturalbikes.cl\/#\/schema\/logo\/image\/","url":"https:\/\/naturalbikes.cl\/wp-content\/uploads\/2024\/05\/2023-10-10-10.44.12.jpg","contentUrl":"https:\/\/naturalbikes.cl\/wp-content\/uploads\/2024\/05\/2023-10-10-10.44.12.jpg","width":650,"height":650,"caption":"Natural Bikes"},"image":{"@id":"https:\/\/naturalbikes.cl\/#\/schema\/logo\/image\/"},"sameAs":["https:\/\/www.facebook.com\/naturalbikescl","https:\/\/www.instagram.com\/natural.bikes","https:\/\/www.tiktok.com\/@natural.bikes"],"description":"Ofrecer a nuestros clientes apasionados por el ciclismo de monta\u00f1a la mejor experiencia en productos, conocimientos especializados y servicios excepcionales. Nos comprometemos a proporcionar una amplia gama de bicicletas, accesorios y equipo de alta calidad, junto con asesoramiento experto y atenci\u00f3n personalizada para cada ciclista, para que puedan explorar, disfrutar y maximizar su aventura en el mundo del MTB","email":"naturalbikes1@gmail.com","telephone":"56977043878","legalName":"Natural Bikes Limitada","foundingDate":"2024-01-01","vatID":"76699553-5","taxID":"76699553-5","numberOfEmployees":{"@type":"QuantitativeValue","minValue":"1","maxValue":"10"},"publishingPrinciples":"https:\/\/naturalbikes.cl\/?page_id=7843","ownershipFundingInfo":"https:\/\/naturalbikes.cl\/?page_id=7843","actionableFeedbackPolicy":"https:\/\/naturalbikes.cl\/?page_id=14797","correctionsPolicy":"https:\/\/naturalbikes.cl\/?page_id=3","ethicsPolicy":"https:\/\/naturalbikes.cl\/?page_id=7843","diversityPolicy":"https:\/\/naturalbikes.cl\/?page_id=11734","diversityStaffingReport":"https:\/\/naturalbikes.cl\/?page_id=12161"}]}},"_links":{"self":[{"href":"https:\/\/naturalbikes.cl\/index.php?rest_route=\/wp\/v2\/product\/21080"}],"collection":[{"href":"https:\/\/naturalbikes.cl\/index.php?rest_route=\/wp\/v2\/product"}],"about":[{"href":"https:\/\/naturalbikes.cl\/index.php?rest_route=\/wp\/v2\/types\/product"}],"replies":[{"embeddable":true,"href":"https:\/\/naturalbikes.cl\/index.php?rest_route=%2Fwp%2Fv2%2Fcomments&post=21080"}],"wp:featuredmedia":[{"embeddable":true,"href":"https:\/\/naturalbikes.cl\/index.php?rest_route=\/wp\/v2\/media\/21092"}],"wp:attachment":[{"href":"https:\/\/naturalbikes.cl\/index.php?rest_route=%2Fwp%2Fv2%2Fmedia&parent=21080"}],"wp:term":[{"taxonomy":"product_cat","embeddable":true,"href":"https:\/\/naturalbikes.cl\/index.php?rest_route=%2Fwp%2Fv2%2Fproduct_cat&post=21080"},{"taxonomy":"product_tag","embeddable":true,"href":"https:\/\/naturalbikes.cl\/index.php?rest_route=%2Fwp%2Fv2%2Fproduct_tag&post=21080"}],"curies":[{"name":"wp","href":"https:\/\/api.w.org\/{rel}","templated":true}]}}