{"id":21057,"date":"2024-08-11T22:10:54","date_gmt":"2024-08-12T02:10:54","guid":{"rendered":"https:\/\/naturalbikes.cl\/?post_type=product&#038;p=21057"},"modified":"2025-11-16T11:54:27","modified_gmt":"2025-11-16T14:54:27","slug":"bicicleta-giant-anthem-advanced-29-1-2","status":"publish","type":"product","link":"https:\/\/naturalbikes.cl\/?product=bicicleta-giant-anthem-advanced-29-1-2","title":{"rendered":"Bicicleta Giant Anthem Advanced 29 1"},"content":{"rendered":"<p><img decoding=\"async\" style=\"display: block; margin-left: auto; margin-right: auto;\" src=\"https:\/\/static.giant-bicycles.com\/Images\/Giant\/Logos\/Giant-Logo-2022.png\" width=\"298\" height=\"59\" \/><\/p>\n<p>&nbsp;<\/p>\n<h2 class=\"card__title heading h3\" style=\"text-align: center;\">Descripci\u00f3n<\/h2>\n<div>\n<h2 style=\"text-align: center;\">ANTHEM ADVANCED 29 1<\/h2>\n<p style=\"text-align: center;\"><img decoding=\"async\" src=\"https:\/\/cdn.shopify.com\/s\/files\/1\/0084\/1151\/2896\/files\/MY24AnthemAdvanced291_ColorADarkIridescent_Front_251f745a-8353-4de9-b480-35e5a95adcb7.webp?v=1715262042\" alt=\"\" \/><\/p>\n<h4><strong>RENDIMIENTO EXCEPCIONAL<\/strong><\/h4>\n<p style=\"padding-left: 40px;\">El cuadro de carbono Advanced es 241 g m\u00e1s ligero que su versi\u00f3n anterior. La caja pedalier es m\u00e1s r\u00edgida para una mejor aceleraci\u00f3n y el tubo del sill\u00edn se ha enderezado para una posici\u00f3n a\u00fan m\u00e1s eficiente en los ascensos. Se recomienda utilizar un SAG del 25%.<\/p>\n<p style=\"padding-left: 40px;\"><img decoding=\"async\" src=\"https:\/\/cdn.shopify.com\/s\/files\/1\/0084\/1151\/2896\/files\/giant_mtb_banner_navi21_1920x_16da6898-c3e7-4847-a6c5-8e5f54728fef.jpg?v=1715262337\" alt=\"\" \/><\/p>\n<h4><strong>CONTROL SUPERIOR<\/strong><\/h4>\n<div>\n<p style=\"padding-left: 40px;\">El sistema de suspensi\u00f3n FlexPoint Pro proporciona 100 mm de recorrido trasero. El cuadro ofrece un \u00e1ngulo de direcci\u00f3n m\u00e1s inclinado (67,5\u00b0), as\u00ed como una horquilla de 110 mm de recorrido para descender con toda confianza.<\/p>\n<p><img decoding=\"async\" src=\"https:\/\/cdn.shopify.com\/s\/files\/1\/0084\/1151\/2896\/files\/giant_full_susp_banner_navi21_1920x_831f2bc2-efce-4eab-b6e8-60b4ec2d3179.jpg?v=1715262357\" alt=\"\" \/><\/p>\n<div id=\"intro\">\n<div id=\"keyperformancefactors\"><\/div>\n<\/div>\n<\/div>\n<div id=\"intro\">\n<div id=\"keyperformancefactors\">\n<div id=\"intro\">\n<div id=\"keyperformancefactors\"><\/div>\n<\/div>\n<\/div>\n<\/div>\n<h4 style=\"text-align: left;\"><\/h4>\n<h4 style=\"text-align: left;\"><strong>ESTABILIDAD Y VELOCIDAD<\/strong><\/h4>\n<p style=\"padding-left: 40px;\">La geometr\u00eda del cuadro y la suspensi\u00f3n est\u00e1n optimizadas para la estabilidad y velocidad que ofrecen las ruedas de 29 pulgadas. Un mayor reach y el cockpit equipado con una potencia de aluminio y manillar de carbono de 35 mm tambi\u00e9n mejoran el equilibrio y la estabilidad en los terrenos de cross-country.<\/p>\n<div id=\"intro\">\n<div id=\"keyperformancefactors\">\n<h3><strong>Advanced Composite<\/strong>\u00a0Technology<\/h3>\n<p>Utiliza carbono T-700 de alto rendimiento para un marco ligero y r\u00edgido. El proceso de construcci\u00f3n monocasco modificado proporciona una excelente calidad de conducci\u00f3n.<\/p>\n<p><strong><img decoding=\"async\" src=\"https:\/\/cdn.shopify.com\/s\/files\/1\/0084\/1151\/2896\/files\/AdvancedComposite_1507879667.jpg?v=1715287761\" alt=\"\" \/><\/strong><\/p>\n<\/div>\n<\/div>\n<h2>ESPECIFICACIONES<\/h2>\n<p style=\"margin: 0cm; line-height: 150%;\"><span class=\"reference\"><b>CUADRO<\/b><\/span><\/p>\n<p style=\"margin: 0cm; line-height: 150%;\">Advanced Composite Technology<strong>\u00a0<\/strong>Carbono T-700 | Suspensi\u00f3n FlexPoint Pro de 100mm |\u00a012x148mm Thru-axle<\/p>\n<p style=\"margin: 0cm; line-height: 150%;\"><span class=\"reference\"><b>HORQUILLA<\/b><\/span><\/p>\n<p style=\"margin: 0cm; line-height: 150%;\">Fox 34 Float SC Performance Elite | Remoto\u00a0|\u00a0110mm |\u00a0Amortiguador\u00a0FIT4\u00a0|\u00a0Boost 15&#215;110 Kabolt | 44mm offset<\/p>\n<p style=\"margin: 0cm; line-height: 150%;\"><strong>AMORTIGUADOR<\/strong><\/p>\n<p style=\"margin: 0cm; line-height: 150%;\">Fox Float SL Performance Elite | Control remoto de tres posiciones | 165\/45<\/p>\n<p style=\"margin: 0cm; line-height: 150%;\"><span class=\"reference\"><b>MANUBRIO<\/b><\/span><\/p>\n<p style=\"margin: 0cm; line-height: 150%;\">Giant Contact SLR XC Flat | Compuesto | 760x35mm<\/p>\n<p style=\"margin: 0cm; line-height: 150%;\"><strong>PU\u00d1OS<\/strong><\/p>\n<p style=\"margin: 0cm; line-height: 150%;\">Giant XC Pro | S:32mm | M:32mm | L:34mm | XL:34mm<\/p>\n<p style=\"margin: 0cm; line-height: 150%;\"><span class=\"reference\"><b>POTENCIA<\/b><\/span><\/p>\n<p style=\"margin: 0cm; line-height: 150%;\">Giant Contact SL XC | 35mm | S:60mm | M:70mm | L:70mm | XL:70mm<\/p>\n<p style=\"margin: 0cm; line-height: 150%;\"><strong>TIJA<\/strong><\/p>\n<p style=\"margin: 0cm; line-height: 150%;\">Interruptor de contacto ajustable Giant | Remoto | S: recorrido 110-140mm \/ 30.9 x 395mm | M: recorrido 110-140mm \/ 30.9 x 395mm<\/p>\n<p style=\"margin: 0cm; line-height: 150%;\"><strong>SILLIN<\/strong><\/p>\n<p style=\"margin: 0cm; line-height: 150%;\">Fi&#8217;zi:k Antares R5 con rieles K:ium<\/p>\n<p style=\"margin: 0cm; line-height: 150%;\"><strong>PEDALES<\/strong><\/p>\n<p style=\"margin: 0cm; line-height: 150%;\">Plataforma (GCGT)<\/p>\n<p style=\"margin: 0cm; line-height: 150%;\"><span class=\"reference\"><b>MANILLAS DE CAMBIO<\/b><\/span><\/p>\n<p style=\"margin: 0cm; line-height: 150%;\">SRAM AXS Pod | Abrazadera discreta | 1&#215;12<\/p>\n<p style=\"margin: 0cm; line-height: 150%;\"><span class=\"reference\"><b>FRENOS<\/b><\/span><\/p>\n<p style=\"margin: 0cm; line-height: 150%;\">Shimano Deore XT BR-M8100 | Hidr\u00e1ulico | Rotor Shimano RT-64 | Delantero 180mm | Trasero 160mm<\/p>\n<p style=\"margin: 0cm; line-height: 150%;\"><span class=\"reference\"><b>CAMBIO TRASERO<\/b><\/span><\/p>\n<p style=\"margin: 0cm; line-height: 150%;\">SRAM GX Eagle<\/p>\n<p style=\"margin: 0cm; line-height: 150%;\"><strong>PALANCA DE FRENOS<\/strong><\/p>\n<p style=\"margin: 0cm; line-height: 150%;\">Shimano Deore XT BL-M8100<\/p>\n<p style=\"margin: 0cm; line-height: 150%;\"><span class=\"reference\"><b>CASETTE<\/b><\/span><\/p>\n<p style=\"margin: 0cm; line-height: 150%;\">SRAM GX Eagle | 10&#215;52<\/p>\n<p style=\"margin: 0cm; line-height: 150%;\"><span class=\"reference\"><b>CADENA<\/b><\/span><\/p>\n<p style=\"margin: 0cm; line-height: 150%;\">SRAM GX Eagle<\/p>\n<p style=\"margin: 0cm; line-height: 150%;\"><span class=\"reference\"><b>PLATOS Y BIELAS<\/b><\/span><\/p>\n<p style=\"margin: 0cm; line-height: 150%;\">SRAM XO Eagle con medidor de potencia | 32T | Linea de cadena 55mm | S:170mm | M:175mm | L:175mm | XL:175mm<\/p>\n<p style=\"margin: 0cm; line-height: 150%;\"><span class=\"reference\"><b>CAJA DE PEDALIER<\/b><\/span><\/p>\n<p style=\"margin: 0cm; line-height: 150%;\">SRAM DUB | Press fit<\/p>\n<p style=\"margin: 0cm; line-height: 150%;\"><span class=\"reference\"><b>LLANTAS<\/b><\/span><\/p>\n<p style=\"margin: 0cm; line-height: 150%;\">Giant CXR 1 30 | Disco de carbono | Ancho interno 30mm<\/p>\n<p style=\"margin: 0cm; line-height: 150%;\"><span class=\"reference\"><b>BUJES<\/b><\/span><\/p>\n<p style=\"margin: 0cm; line-height: 150%;\">Delantero: Aleacion Giant XC | CenterLock<\/p>\n<p style=\"margin: 0cm; line-height: 150%;\">Trasero: \u00a0Aleacion Giant XC | DT350 54T | CenterLock<\/p>\n<p style=\"margin: 0cm; line-height: 150%;\"><span class=\"reference\"><b>RADIOS<\/b><\/span><\/p>\n<p style=\"margin: 0cm; line-height: 150%;\">SAPIM Laser<\/p>\n<p style=\"margin: 0cm; line-height: 150%;\"><span class=\"reference\"><b>CUBIERTAS<\/b><\/span><\/p>\n<p style=\"margin: 0cm; line-height: 150%;\">Maxxis Aspen | 29&#215;2.4 | Plegable | 120tpi | TLR | EXO | Tubeless<\/p>\n<p style=\"margin: 0cm; line-height: 150%;\"><strong>EXTRAS<\/strong><\/p>\n<p style=\"margin: 0cm; line-height: 150%;\">Preparado Tubeless | Tama\u00f1o m\u00e1ximo neum\u00e1tico 2.4&#8243; | Tama\u00f1o m\u00e1ximo de plato 34T | Guia de cadena Giant\/MRP CS<\/p>\n<\/div>\n","protected":false},"excerpt":{"rendered":"<p><a href=\"https:\/\/naturalbikes.cl\/wp-content\/uploads\/2024\/08\/giant-bicycles-new-20202103-1.jpg\"><img fetchpriority=\"high\" decoding=\"async\" class=\"size-medium wp-image-21050 alignleft\" src=\"https:\/\/naturalbikes.cl\/wp-content\/uploads\/2024\/08\/giant-bicycles-new-20202103-1-300x225.jpg\" alt=\"\" width=\"300\" height=\"225\" srcset=\"https:\/\/naturalbikes.cl\/wp-content\/uploads\/2024\/08\/giant-bicycles-new-20202103-1-300x225.jpg 300w, https:\/\/naturalbikes.cl\/wp-content\/uploads\/2024\/08\/giant-bicycles-new-20202103-1-768x576.jpg 768w, https:\/\/naturalbikes.cl\/wp-content\/uploads\/2024\/08\/giant-bicycles-new-20202103-1-450x338.jpg 450w, https:\/\/naturalbikes.cl\/wp-content\/uploads\/2024\/08\/giant-bicycles-new-20202103-1-800x600.jpg 800w, https:\/\/naturalbikes.cl\/wp-content\/uploads\/2024\/08\/giant-bicycles-new-20202103-1.jpg 866w\" sizes=\"(max-width: 300px) 100vw, 300px\" \/><\/a><\/p>\n<blockquote class=\"\" data-sourcepos=\"7:1-7:388\">\n<p data-sourcepos=\"7:3-7:388\"><strong>Giant Anthem Advanced 29 1 | La XC definitiva.<\/strong> Dise\u00f1ada para dominar los circuitos de cross-country, la Anthem Advanced 29 1 es una m\u00e1quina de competici\u00f3n con un cuadro de carbono ultraligero y una geometr\u00eda agresiva. Su suspensi\u00f3n trasera FlexPoint Pro te brinda el control y la eficiencia que necesitas para alcanzar el podio. #Giant #Anthem #XC #Carbono #Competici\u00f3n #Rendimiento<\/p>\n<\/blockquote>\n","protected":false},"featured_media":21058,"comment_status":"open","ping_status":"closed","template":"","meta":[],"product_cat":[206,195,1312],"product_tag":[1313,995,1371,1372],"class_list":{"0":"post-21057","1":"product","2":"type-product","3":"status-publish","4":"has-post-thumbnail","6":"product_brand-giant","7":"product_cat-bicicleta-xc","8":"product_cat-bicicletas","9":"product_cat-giant-bicicleta-xc","10":"product_tag-bicicleta-xc","11":"product_tag-giant","12":"product_tag-giant-anthem","13":"product_tag-giant-xc","15":"first","16":"instock","17":"taxable","18":"shipping-taxable","19":"purchasable","20":"product-type-variable","21":"rtwpvg-product"},"yoast_head":"<!-- This site is optimized with the Yoast SEO Premium plugin v24.8 (Yoast SEO v25.6) - https:\/\/yoast.com\/wordpress\/plugins\/seo\/ -->\n<title>Bicicleta Giant Anthem Advanced 29 1 - NaturalBikes<\/title>\n<meta name=\"description\" content=\"Giant Anthem Advanced 29 1 | La XC definitiva. Dise\u00f1ada para dominar los circuitos de cross-country, la Anthem Advanced 29 1 es una m\u00e1quina de competici\u00f3n con un cuadro de carbono ultraligero y una geometr\u00eda agresiva. Su suspensi\u00f3n trasera FlexPoint Pro te brinda el control y la eficiencia que necesitas para alcanzar el podio. #Giant #Anthem #XC #Carbono #Competici\u00f3n #Rendimiento\" \/>\n<meta name=\"robots\" content=\"index, follow, max-snippet:-1, max-image-preview:large, max-video-preview:-1\" \/>\n<link rel=\"canonical\" href=\"https:\/\/naturalbikes.cl\/?product=bicicleta-giant-anthem-advanced-29-1-2\" \/>\n<meta property=\"og:locale\" content=\"es_ES\" \/>\n<meta property=\"og:type\" content=\"article\" \/>\n<meta property=\"og:title\" content=\"Bicicleta Giant Anthem Advanced 29 1\" \/>\n<meta property=\"og:description\" content=\"Ofrecer a nuestros clientes apasionados por el ciclismo de monta\u00f1a la mejor experiencia en productos, conocimientos especializados y servicios excepcionales. Nos comprometemos a proporcionar una amplia gama de bicicletas, accesorios y equipo de alta calidad, junto con asesoramiento experto y atenci\u00f3n personalizada para cada ciclista, para que puedan explorar, disfrutar y maximizar su aventura en el mundo del MTB\" \/>\n<meta property=\"og:url\" content=\"https:\/\/naturalbikes.cl\/?product=bicicleta-giant-anthem-advanced-29-1-2\" \/>\n<meta property=\"og:site_name\" content=\"NaturalBikes\" \/>\n<meta property=\"article:publisher\" content=\"https:\/\/www.facebook.com\/naturalbikescl\" \/>\n<meta property=\"article:modified_time\" content=\"2025-11-16T14:54:27+00:00\" \/>\n<meta property=\"og:image\" content=\"https:\/\/naturalbikes.cl\/wp-content\/uploads\/2024\/08\/MY24AnthemAdvanced291_ColorADarkIridescent_ede9a4e7-788f-4f0c-ba92-f0fec62b58ba_700x.webp\" \/>\n\t<meta property=\"og:image:width\" content=\"700\" \/>\n\t<meta property=\"og:image:height\" content=\"525\" \/>\n\t<meta property=\"og:image:type\" content=\"image\/webp\" \/>\n<meta name=\"twitter:card\" content=\"summary_large_image\" \/>\n<meta name=\"twitter:label1\" content=\"Tiempo de lectura\" \/>\n\t<meta name=\"twitter:data1\" content=\"4 minutos\" \/>\n<script type=\"application\/ld+json\" class=\"yoast-schema-graph\">{\"@context\":\"https:\/\/schema.org\",\"@graph\":[{\"@type\":\"WebPage\",\"@id\":\"https:\/\/naturalbikes.cl\/?product=bicicleta-giant-anthem-advanced-29-1-2\",\"url\":\"https:\/\/naturalbikes.cl\/?product=bicicleta-giant-anthem-advanced-29-1-2\",\"name\":\"Bicicleta Giant Anthem Advanced 29 1 - NaturalBikes\",\"isPartOf\":{\"@id\":\"https:\/\/naturalbikes.cl\/#website\"},\"primaryImageOfPage\":{\"@id\":\"https:\/\/naturalbikes.cl\/?product=bicicleta-giant-anthem-advanced-29-1-2#primaryimage\"},\"image\":{\"@id\":\"https:\/\/naturalbikes.cl\/?product=bicicleta-giant-anthem-advanced-29-1-2#primaryimage\"},\"thumbnailUrl\":\"https:\/\/naturalbikes.cl\/wp-content\/uploads\/2024\/08\/MY24AnthemAdvanced291_ColorADarkIridescent_ede9a4e7-788f-4f0c-ba92-f0fec62b58ba_700x.webp\",\"datePublished\":\"2024-08-12T02:10:54+00:00\",\"dateModified\":\"2025-11-16T14:54:27+00:00\",\"description\":\"Giant Anthem Advanced 29 1 | La XC definitiva. Dise\u00f1ada para dominar los circuitos de cross-country, la Anthem Advanced 29 1 es una m\u00e1quina de competici\u00f3n con un cuadro de carbono ultraligero y una geometr\u00eda agresiva. Su suspensi\u00f3n trasera FlexPoint Pro te brinda el control y la eficiencia que necesitas para alcanzar el podio. #Giant #Anthem #XC #Carbono #Competici\u00f3n #Rendimiento\",\"breadcrumb\":{\"@id\":\"https:\/\/naturalbikes.cl\/?product=bicicleta-giant-anthem-advanced-29-1-2#breadcrumb\"},\"inLanguage\":\"es\",\"potentialAction\":[{\"@type\":\"ReadAction\",\"target\":[\"https:\/\/naturalbikes.cl\/?product=bicicleta-giant-anthem-advanced-29-1-2\"]}]},{\"@type\":\"ImageObject\",\"inLanguage\":\"es\",\"@id\":\"https:\/\/naturalbikes.cl\/?product=bicicleta-giant-anthem-advanced-29-1-2#primaryimage\",\"url\":\"https:\/\/naturalbikes.cl\/wp-content\/uploads\/2024\/08\/MY24AnthemAdvanced291_ColorADarkIridescent_ede9a4e7-788f-4f0c-ba92-f0fec62b58ba_700x.webp\",\"contentUrl\":\"https:\/\/naturalbikes.cl\/wp-content\/uploads\/2024\/08\/MY24AnthemAdvanced291_ColorADarkIridescent_ede9a4e7-788f-4f0c-ba92-f0fec62b58ba_700x.webp\",\"width\":700,\"height\":525},{\"@type\":\"BreadcrumbList\",\"@id\":\"https:\/\/naturalbikes.cl\/?product=bicicleta-giant-anthem-advanced-29-1-2#breadcrumb\",\"itemListElement\":[{\"@type\":\"ListItem\",\"position\":1,\"name\":\"Portada\",\"item\":\"https:\/\/naturalbikes.cl\/\"},{\"@type\":\"ListItem\",\"position\":2,\"name\":\"Tienda NB\",\"item\":\"https:\/\/naturalbikes.cl\/?page_id=7843\"},{\"@type\":\"ListItem\",\"position\":3,\"name\":\"Giant\",\"item\":\"https:\/\/naturalbikes.cl\/?product_brand=giant\"},{\"@type\":\"ListItem\",\"position\":4,\"name\":\"Bicicleta Giant Anthem Advanced 29 1\"}]},{\"@type\":\"WebSite\",\"@id\":\"https:\/\/naturalbikes.cl\/#website\",\"url\":\"https:\/\/naturalbikes.cl\/\",\"name\":\"Natural Bikes\",\"description\":\"Tienda de bicicletas repuestos accesorios taller mantenimiento clases salidas\",\"publisher\":{\"@id\":\"https:\/\/naturalbikes.cl\/#organization\"},\"alternateName\":\"Natural Bikes\",\"potentialAction\":[{\"@type\":\"SearchAction\",\"target\":{\"@type\":\"EntryPoint\",\"urlTemplate\":\"https:\/\/naturalbikes.cl\/?s={search_term_string}\"},\"query-input\":{\"@type\":\"PropertyValueSpecification\",\"valueRequired\":true,\"valueName\":\"search_term_string\"}}],\"inLanguage\":\"es\"},{\"@type\":\"Organization\",\"@id\":\"https:\/\/naturalbikes.cl\/#organization\",\"name\":\"Natural Bikes\",\"alternateName\":\"Natural Bikes\",\"url\":\"https:\/\/naturalbikes.cl\/\",\"logo\":{\"@type\":\"ImageObject\",\"inLanguage\":\"es\",\"@id\":\"https:\/\/naturalbikes.cl\/#\/schema\/logo\/image\/\",\"url\":\"https:\/\/naturalbikes.cl\/wp-content\/uploads\/2024\/05\/2023-10-10-10.44.12.jpg\",\"contentUrl\":\"https:\/\/naturalbikes.cl\/wp-content\/uploads\/2024\/05\/2023-10-10-10.44.12.jpg\",\"width\":650,\"height\":650,\"caption\":\"Natural Bikes\"},\"image\":{\"@id\":\"https:\/\/naturalbikes.cl\/#\/schema\/logo\/image\/\"},\"sameAs\":[\"https:\/\/www.facebook.com\/naturalbikescl\",\"https:\/\/www.instagram.com\/natural.bikes\",\"https:\/\/www.tiktok.com\/@natural.bikes\"],\"description\":\"Ofrecer a nuestros clientes apasionados por el ciclismo de monta\u00f1a la mejor experiencia en productos, conocimientos especializados y servicios excepcionales. Nos comprometemos a proporcionar una amplia gama de bicicletas, accesorios y equipo de alta calidad, junto con asesoramiento experto y atenci\u00f3n personalizada para cada ciclista, para que puedan explorar, disfrutar y maximizar su aventura en el mundo del MTB\",\"email\":\"naturalbikes1@gmail.com\",\"telephone\":\"56977043878\",\"legalName\":\"Natural Bikes Limitada\",\"foundingDate\":\"2024-01-01\",\"vatID\":\"76699553-5\",\"taxID\":\"76699553-5\",\"numberOfEmployees\":{\"@type\":\"QuantitativeValue\",\"minValue\":\"1\",\"maxValue\":\"10\"},\"publishingPrinciples\":\"https:\/\/naturalbikes.cl\/?page_id=7843\",\"ownershipFundingInfo\":\"https:\/\/naturalbikes.cl\/?page_id=7843\",\"actionableFeedbackPolicy\":\"https:\/\/naturalbikes.cl\/?page_id=14797\",\"correctionsPolicy\":\"https:\/\/naturalbikes.cl\/?page_id=3\",\"ethicsPolicy\":\"https:\/\/naturalbikes.cl\/?page_id=7843\",\"diversityPolicy\":\"https:\/\/naturalbikes.cl\/?page_id=11734\",\"diversityStaffingReport\":\"https:\/\/naturalbikes.cl\/?page_id=12161\"}]}<\/script>\n<!-- \/ Yoast SEO Premium plugin. -->","yoast_head_json":{"title":"Bicicleta Giant Anthem Advanced 29 1 - NaturalBikes","description":"Giant Anthem Advanced 29 1 | La XC definitiva. Dise\u00f1ada para dominar los circuitos de cross-country, la Anthem Advanced 29 1 es una m\u00e1quina de competici\u00f3n con un cuadro de carbono ultraligero y una geometr\u00eda agresiva. Su suspensi\u00f3n trasera FlexPoint Pro te brinda el control y la eficiencia que necesitas para alcanzar el podio. #Giant #Anthem #XC #Carbono #Competici\u00f3n #Rendimiento","robots":{"index":"index","follow":"follow","max-snippet":"max-snippet:-1","max-image-preview":"max-image-preview:large","max-video-preview":"max-video-preview:-1"},"canonical":"https:\/\/naturalbikes.cl\/?product=bicicleta-giant-anthem-advanced-29-1-2","og_locale":"es_ES","og_type":"article","og_title":"Bicicleta Giant Anthem Advanced 29 1","og_description":"Ofrecer a nuestros clientes apasionados por el ciclismo de monta\u00f1a la mejor experiencia en productos, conocimientos especializados y servicios excepcionales. Nos comprometemos a proporcionar una amplia gama de bicicletas, accesorios y equipo de alta calidad, junto con asesoramiento experto y atenci\u00f3n personalizada para cada ciclista, para que puedan explorar, disfrutar y maximizar su aventura en el mundo del MTB","og_url":"https:\/\/naturalbikes.cl\/?product=bicicleta-giant-anthem-advanced-29-1-2","og_site_name":"NaturalBikes","article_publisher":"https:\/\/www.facebook.com\/naturalbikescl","article_modified_time":"2025-11-16T14:54:27+00:00","og_image":[{"width":700,"height":525,"url":"https:\/\/naturalbikes.cl\/wp-content\/uploads\/2024\/08\/MY24AnthemAdvanced291_ColorADarkIridescent_ede9a4e7-788f-4f0c-ba92-f0fec62b58ba_700x.webp","type":"image\/webp"}],"twitter_card":"summary_large_image","twitter_misc":{"Tiempo de lectura":"4 minutos"},"schema":{"@context":"https:\/\/schema.org","@graph":[{"@type":"WebPage","@id":"https:\/\/naturalbikes.cl\/?product=bicicleta-giant-anthem-advanced-29-1-2","url":"https:\/\/naturalbikes.cl\/?product=bicicleta-giant-anthem-advanced-29-1-2","name":"Bicicleta Giant Anthem Advanced 29 1 - NaturalBikes","isPartOf":{"@id":"https:\/\/naturalbikes.cl\/#website"},"primaryImageOfPage":{"@id":"https:\/\/naturalbikes.cl\/?product=bicicleta-giant-anthem-advanced-29-1-2#primaryimage"},"image":{"@id":"https:\/\/naturalbikes.cl\/?product=bicicleta-giant-anthem-advanced-29-1-2#primaryimage"},"thumbnailUrl":"https:\/\/naturalbikes.cl\/wp-content\/uploads\/2024\/08\/MY24AnthemAdvanced291_ColorADarkIridescent_ede9a4e7-788f-4f0c-ba92-f0fec62b58ba_700x.webp","datePublished":"2024-08-12T02:10:54+00:00","dateModified":"2025-11-16T14:54:27+00:00","description":"Giant Anthem Advanced 29 1 | La XC definitiva. Dise\u00f1ada para dominar los circuitos de cross-country, la Anthem Advanced 29 1 es una m\u00e1quina de competici\u00f3n con un cuadro de carbono ultraligero y una geometr\u00eda agresiva. Su suspensi\u00f3n trasera FlexPoint Pro te brinda el control y la eficiencia que necesitas para alcanzar el podio. #Giant #Anthem #XC #Carbono #Competici\u00f3n #Rendimiento","breadcrumb":{"@id":"https:\/\/naturalbikes.cl\/?product=bicicleta-giant-anthem-advanced-29-1-2#breadcrumb"},"inLanguage":"es","potentialAction":[{"@type":"ReadAction","target":["https:\/\/naturalbikes.cl\/?product=bicicleta-giant-anthem-advanced-29-1-2"]}]},{"@type":"ImageObject","inLanguage":"es","@id":"https:\/\/naturalbikes.cl\/?product=bicicleta-giant-anthem-advanced-29-1-2#primaryimage","url":"https:\/\/naturalbikes.cl\/wp-content\/uploads\/2024\/08\/MY24AnthemAdvanced291_ColorADarkIridescent_ede9a4e7-788f-4f0c-ba92-f0fec62b58ba_700x.webp","contentUrl":"https:\/\/naturalbikes.cl\/wp-content\/uploads\/2024\/08\/MY24AnthemAdvanced291_ColorADarkIridescent_ede9a4e7-788f-4f0c-ba92-f0fec62b58ba_700x.webp","width":700,"height":525},{"@type":"BreadcrumbList","@id":"https:\/\/naturalbikes.cl\/?product=bicicleta-giant-anthem-advanced-29-1-2#breadcrumb","itemListElement":[{"@type":"ListItem","position":1,"name":"Portada","item":"https:\/\/naturalbikes.cl\/"},{"@type":"ListItem","position":2,"name":"Tienda NB","item":"https:\/\/naturalbikes.cl\/?page_id=7843"},{"@type":"ListItem","position":3,"name":"Giant","item":"https:\/\/naturalbikes.cl\/?product_brand=giant"},{"@type":"ListItem","position":4,"name":"Bicicleta Giant Anthem Advanced 29 1"}]},{"@type":"WebSite","@id":"https:\/\/naturalbikes.cl\/#website","url":"https:\/\/naturalbikes.cl\/","name":"Natural Bikes","description":"Tienda de bicicletas repuestos accesorios taller mantenimiento clases salidas","publisher":{"@id":"https:\/\/naturalbikes.cl\/#organization"},"alternateName":"Natural Bikes","potentialAction":[{"@type":"SearchAction","target":{"@type":"EntryPoint","urlTemplate":"https:\/\/naturalbikes.cl\/?s={search_term_string}"},"query-input":{"@type":"PropertyValueSpecification","valueRequired":true,"valueName":"search_term_string"}}],"inLanguage":"es"},{"@type":"Organization","@id":"https:\/\/naturalbikes.cl\/#organization","name":"Natural Bikes","alternateName":"Natural Bikes","url":"https:\/\/naturalbikes.cl\/","logo":{"@type":"ImageObject","inLanguage":"es","@id":"https:\/\/naturalbikes.cl\/#\/schema\/logo\/image\/","url":"https:\/\/naturalbikes.cl\/wp-content\/uploads\/2024\/05\/2023-10-10-10.44.12.jpg","contentUrl":"https:\/\/naturalbikes.cl\/wp-content\/uploads\/2024\/05\/2023-10-10-10.44.12.jpg","width":650,"height":650,"caption":"Natural Bikes"},"image":{"@id":"https:\/\/naturalbikes.cl\/#\/schema\/logo\/image\/"},"sameAs":["https:\/\/www.facebook.com\/naturalbikescl","https:\/\/www.instagram.com\/natural.bikes","https:\/\/www.tiktok.com\/@natural.bikes"],"description":"Ofrecer a nuestros clientes apasionados por el ciclismo de monta\u00f1a la mejor experiencia en productos, conocimientos especializados y servicios excepcionales. Nos comprometemos a proporcionar una amplia gama de bicicletas, accesorios y equipo de alta calidad, junto con asesoramiento experto y atenci\u00f3n personalizada para cada ciclista, para que puedan explorar, disfrutar y maximizar su aventura en el mundo del MTB","email":"naturalbikes1@gmail.com","telephone":"56977043878","legalName":"Natural Bikes Limitada","foundingDate":"2024-01-01","vatID":"76699553-5","taxID":"76699553-5","numberOfEmployees":{"@type":"QuantitativeValue","minValue":"1","maxValue":"10"},"publishingPrinciples":"https:\/\/naturalbikes.cl\/?page_id=7843","ownershipFundingInfo":"https:\/\/naturalbikes.cl\/?page_id=7843","actionableFeedbackPolicy":"https:\/\/naturalbikes.cl\/?page_id=14797","correctionsPolicy":"https:\/\/naturalbikes.cl\/?page_id=3","ethicsPolicy":"https:\/\/naturalbikes.cl\/?page_id=7843","diversityPolicy":"https:\/\/naturalbikes.cl\/?page_id=11734","diversityStaffingReport":"https:\/\/naturalbikes.cl\/?page_id=12161"}]}},"_links":{"self":[{"href":"https:\/\/naturalbikes.cl\/index.php?rest_route=\/wp\/v2\/product\/21057"}],"collection":[{"href":"https:\/\/naturalbikes.cl\/index.php?rest_route=\/wp\/v2\/product"}],"about":[{"href":"https:\/\/naturalbikes.cl\/index.php?rest_route=\/wp\/v2\/types\/product"}],"replies":[{"embeddable":true,"href":"https:\/\/naturalbikes.cl\/index.php?rest_route=%2Fwp%2Fv2%2Fcomments&post=21057"}],"wp:featuredmedia":[{"embeddable":true,"href":"https:\/\/naturalbikes.cl\/index.php?rest_route=\/wp\/v2\/media\/21058"}],"wp:attachment":[{"href":"https:\/\/naturalbikes.cl\/index.php?rest_route=%2Fwp%2Fv2%2Fmedia&parent=21057"}],"wp:term":[{"taxonomy":"product_cat","embeddable":true,"href":"https:\/\/naturalbikes.cl\/index.php?rest_route=%2Fwp%2Fv2%2Fproduct_cat&post=21057"},{"taxonomy":"product_tag","embeddable":true,"href":"https:\/\/naturalbikes.cl\/index.php?rest_route=%2Fwp%2Fv2%2Fproduct_tag&post=21057"}],"curies":[{"name":"wp","href":"https:\/\/api.w.org\/{rel}","templated":true}]}}