{"id":21048,"date":"2024-08-11T21:33:09","date_gmt":"2024-08-12T01:33:09","guid":{"rendered":"https:\/\/naturalbikes.cl\/?post_type=product&#038;p=21048"},"modified":"2026-01-06T17:12:04","modified_gmt":"2026-01-06T20:12:04","slug":"bicicleta-giant-revolt-x-advanced-pro-1","status":"publish","type":"product","link":"https:\/\/naturalbikes.cl\/?product=bicicleta-giant-revolt-x-advanced-pro-1","title":{"rendered":"Bicicleta Giant Revolt X Advanced Pro 1"},"content":{"rendered":"<p><a href=\"https:\/\/naturalbikes.cl\/wp-content\/uploads\/2024\/08\/giant-bicycles-new-20202103-1.jpg\"><img fetchpriority=\"high\" decoding=\"async\" class=\"size-medium wp-image-21050 aligncenter\" src=\"https:\/\/naturalbikes.cl\/wp-content\/uploads\/2024\/08\/giant-bicycles-new-20202103-1-300x225.jpg\" alt=\"\" width=\"300\" height=\"225\" srcset=\"https:\/\/naturalbikes.cl\/wp-content\/uploads\/2024\/08\/giant-bicycles-new-20202103-1-300x225.jpg 300w, https:\/\/naturalbikes.cl\/wp-content\/uploads\/2024\/08\/giant-bicycles-new-20202103-1-768x576.jpg 768w, https:\/\/naturalbikes.cl\/wp-content\/uploads\/2024\/08\/giant-bicycles-new-20202103-1-450x338.jpg 450w, https:\/\/naturalbikes.cl\/wp-content\/uploads\/2024\/08\/giant-bicycles-new-20202103-1-800x600.jpg 800w, https:\/\/naturalbikes.cl\/wp-content\/uploads\/2024\/08\/giant-bicycles-new-20202103-1.jpg 866w\" sizes=\"(max-width: 300px) 100vw, 300px\" \/><\/a><\/p>\n<h2 class=\"card__title heading h3\" style=\"text-align: center;\">Descripci\u00f3n<\/h2>\n<h2 style=\"text-align: center;\">REVOLT X ADVANCED PRO 1<\/h2>\n<p style=\"text-align: center;\"><strong><img decoding=\"async\" src=\"https:\/\/cdn.shopify.com\/s\/files\/1\/0084\/1151\/2896\/files\/MY23RevoltXAdvancedPro1_ColorACordovan_Front.webp?v=1715893070\" alt=\"\" \/><\/strong><\/p>\n<h4><strong>CONTROL SUAVE<\/strong><\/h4>\n<p style=\"padding-left: 40px;\">El cuadro de aluminio liviano est\u00e1 dise\u00f1ado espec\u00edficamente para suspensi\u00f3n delantera. Con 40 mm de recorrido, la horquilla absorbe los impactos para que puedas conducir de forma m\u00e1s suave y r\u00e1pida sobre grava y tierra accidentada.<\/p>\n<p style=\"padding-left: 40px;\"><img decoding=\"async\" src=\"https:\/\/cdn.shopify.com\/s\/files\/1\/0084\/1151\/2896\/files\/MY23RevoltXAdvancedPro1_ColorACordovan_D-1.webp?v=1715894329\" alt=\"\" \/><\/p>\n<h4><strong>MANEJO CONTROLADO<\/strong><\/h4>\n<p style=\"padding-left: 40px;\">Los tirantes m\u00e1s bajos con tubos de menor di\u00e1metro absorben los impactos y vibraciones de la carretera. Un manillar Contact SL XR D-Fuse a\u00f1ade m\u00e1s comodidad sin sacrificar la rigidez necesaria para tomar curvas, correr o escalar.<\/p>\n<p style=\"padding-left: 40px;\"><img decoding=\"async\" src=\"https:\/\/cdn.shopify.com\/s\/files\/1\/0084\/1151\/2896\/files\/MY23RevoltXAdvancedPro1_ColorACordovan_D-5.webp?v=1715894430\" alt=\"\" \/><\/p>\n<div id=\"intro\">\n<div id=\"keyperformancefactors\">\n<div id=\"intro\">\n<div id=\"keyperformancefactors\">\n<h4 style=\"text-align: left;\"><strong>ADAPTABLE AL TERRENO<\/strong><\/h4>\n<p>Un chip giratorio en la puntera trasera ajusta la distancia entre ejes corta para un manejo m\u00e1s r\u00e1pido o larga para mejorar la estabilidad a gran velocidad. La configuraci\u00f3n larga tambi\u00e9n permite neum\u00e1ticos de mayor di\u00e1metro, hasta 53 mm. Puedes utilizar la tija de sill\u00edn con suspensi\u00f3n y cuentagotas incluida para mayor comodidad.<\/p>\n<p style=\"text-align: left;\"><img decoding=\"async\" src=\"https:\/\/cdn.shopify.com\/s\/files\/1\/0084\/1151\/2896\/files\/MY23RevoltXAdvancedPro1_ColorACordovan_D-10.webp?v=1715894489\" alt=\"\" \/><\/p>\n<\/div>\n<\/div>\n<\/div>\n<\/div>\n<h2>TECNOLOGIAS<\/h2>\n<ul>\n<li><strong>ALUXX<\/strong><\/li>\n<\/ul>\n<p>Este material de aleaci\u00f3n de aluminio 6061 para cuadros de gran rendimiento con tubos de conificado sencillo, se utiliza en diferentes estilos de conducci\u00f3n y distintos tipos de bicicletas con cuadros ultraligeros y resistentes.<\/p>\n<ul>\n<li><strong>Flip Chip Dropout<\/strong><\/li>\n<\/ul>\n<p>Permite a los ciclistas ajustar r\u00e1pidamente la geometr\u00eda y la compatibilidad de anchura del neum\u00e1tico trasero gracias a una pieza exc\u00e9ntrica en la patilla de cambio trasera con offset de dos\u00a0posiciones.<\/p>\n<p><img decoding=\"async\" src=\"https:\/\/cdn.shopify.com\/s\/files\/1\/0084\/1151\/2896\/files\/AluxxBW_1507894892.jpg?v=1715975561\" alt=\"\" width=\"99\" height=\"58\" \/>\u00a0\u00a0\u00a0<img decoding=\"async\" src=\"https:\/\/cdn.shopify.com\/s\/files\/1\/0084\/1151\/2896\/files\/flipchip_dropout_1635892054.png?v=1715975600\" alt=\"\" width=\"99\" height=\"58\" \/><\/p>\n<h2>ESPECIFICACIONES<\/h2>\n<p style=\"margin: 0cm; line-height: 150%;\"><span class=\"reference\"><b>CUADRO<\/b><\/span><\/p>\n<p style=\"margin: 0cm; line-height: 150%;\">Aluminio ALUXX | Freno de disco | 12x142mm\u00a0Thru-axle\u00a0| Flip Chip Dropout<\/p>\n<p style=\"margin: 0cm; line-height: 150%;\"><span class=\"reference\"><b>HORQUILLA<\/b><\/span><\/p>\n<p style=\"margin: 0cm; line-height: 150%;\">RockShox Rudy XPLR | 40mm | Amortiguador de cartucho | 12x100mm Thru-axle<\/p>\n<p style=\"margin: 0cm; line-height: 150%;\"><span class=\"reference\"><b>MANUBRIO<\/b><\/span><\/p>\n<p style=\"margin: 0cm; line-height: 150%;\">Giant Contact SL XR D-Fuse | 31.8mm | XS:44cm | S:44cm | M:46cm | M\/L:46cm | L:48cm | XL:48cm<\/p>\n<p style=\"margin: 0cm; line-height: 150%;\"><span class=\"reference\"><b>POTENCIA<\/b><\/span><\/p>\n<p style=\"margin: 0cm; line-height: 150%;\">Giant Contact | 8 grados | XS:50mm | S:50mm | M:60mm | M\/L:70mm | L:70mm | XL:80mm<\/p>\n<p style=\"margin: 0cm; line-height: 150%;\"><strong>TIJA<\/strong><\/p>\n<p style=\"margin: 0cm; line-height: 150%;\">Post Moderne | Dropper | 30.9mm con 30mm de suspensi\u00f3n | XS:365mm \/ 75mm ca\u00edda |\u00a0 S:415mm \/ 100mm ca\u00edda<\/p>\n<p style=\"margin: 0cm; line-height: 150%;\"><strong>SILLIN<\/strong><\/p>\n<p style=\"margin: 0cm; line-height: 150%;\">Giant Approach<\/p>\n<p style=\"margin: 0cm; line-height: 150%;\"><span class=\"reference\"><b>MANILLAS DE CAMBIO\/FRENO<\/b><\/span><\/p>\n<p style=\"margin: 0cm; line-height: 150%;\">SRAM Apex | 1&#215;12 | Hidr\u00e1ulico<\/p>\n<p style=\"margin: 0cm; line-height: 150%;\"><span class=\"reference\"><b>FRENOS<\/b><\/span><\/p>\n<p style=\"margin: 0cm; line-height: 150%;\">SRAM hidr\u00e1ulico | Giant MPH | Delantero 160mm | Trasero 140mm<\/p>\n<p style=\"margin: 0cm; line-height: 150%;\"><span class=\"reference\"><b>CAMBIO TRASERO<\/b><\/span><\/p>\n<p style=\"margin: 0cm; line-height: 150%;\">SRAM Apex | Interruptor dropper palanca izquierda<\/p>\n<p style=\"margin: 0cm; line-height: 150%;\"><span class=\"reference\"><b>CASETTE<\/b><\/span><\/p>\n<p style=\"margin: 0cm; line-height: 150%;\">SRAM PG-1210 | 12 velocidades | 11&#215;50<\/p>\n<p style=\"margin: 0cm; line-height: 150%;\"><span class=\"reference\"><b>CADENA<\/b><\/span><\/p>\n<p style=\"margin: 0cm; line-height: 150%;\">SRAM NX Eagle<\/p>\n<p style=\"margin: 0cm; line-height: 150%;\"><span class=\"reference\"><b>PLATOS Y BIELAS<\/b><\/span><\/p>\n<p style=\"margin: 0cm; line-height: 150%;\">SRAM Apex D1 DUB | 40T | XS:170mm | S:170mm | M:172.5mm | M\/L:172.5mm | L:175mm | XL:175mm<\/p>\n<p style=\"margin: 0cm; line-height: 150%;\"><span class=\"reference\"><b>CAJA DE PEDALIER<\/b><\/span><\/p>\n<p style=\"margin: 0cm; line-height: 150%;\">SRAM DUB | Press fit<\/p>\n<p style=\"margin: 0cm; line-height: 150%;\"><span class=\"reference\"><b>LLANTAS<\/b><\/span><\/p>\n<p style=\"margin: 0cm; line-height: 150%;\">Set Giant P-X2 EVO Disc<\/p>\n<p style=\"margin: 0cm; line-height: 150%;\"><span class=\"reference\"><b>BUJES<\/b><\/span><\/p>\n<p style=\"margin: 0cm; line-height: 150%;\">Aluminio<\/p>\n<p style=\"margin: 0cm; line-height: 150%;\"><span class=\"reference\"><b>RADIOS<\/b><\/span><\/p>\n<p style=\"margin: 0cm; line-height: 150%;\">Acero inoxidable<\/p>\n<p style=\"margin: 0cm; line-height: 150%;\"><span class=\"reference\"><b>CUBIERTAS<\/b><\/span><\/p>\n<p style=\"margin: 0cm; line-height: 150%;\">Maxxis Rambler | Tubeless | 700x45c | Plegables<\/p>\n<p style=\"margin: 0cm; line-height: 150%;\"><strong>EXTRAS<\/strong><\/p>\n<p style=\"margin: 0cm; line-height: 150%;\">Soporte para computadora | Preparado Tubeless | Tama\u00f1o m\u00e1ximo de neum\u00e1tico de 53 mm en posici\u00f3n \u00ablarga\u00bb Flip Chip | Tama\u00f1o m\u00e1ximo de neum\u00e1tico de 45 mm en posici\u00f3n \u00abcorta\u00bb Flip Chip<\/p>\n<p>&nbsp;<\/p>\n","protected":false},"excerpt":{"rendered":"<p><a href=\"https:\/\/naturalbikes.cl\/wp-content\/uploads\/2024\/08\/giant-bicycles-new-20202103-1.jpg\"><img loading=\"lazy\" decoding=\"async\" class=\"size-medium wp-image-21050 alignleft\" src=\"https:\/\/naturalbikes.cl\/wp-content\/uploads\/2024\/08\/giant-bicycles-new-20202103-1-300x225.jpg\" alt=\"\" width=\"300\" height=\"225\" srcset=\"https:\/\/naturalbikes.cl\/wp-content\/uploads\/2024\/08\/giant-bicycles-new-20202103-1-300x225.jpg 300w, https:\/\/naturalbikes.cl\/wp-content\/uploads\/2024\/08\/giant-bicycles-new-20202103-1-768x576.jpg 768w, https:\/\/naturalbikes.cl\/wp-content\/uploads\/2024\/08\/giant-bicycles-new-20202103-1-450x338.jpg 450w, https:\/\/naturalbikes.cl\/wp-content\/uploads\/2024\/08\/giant-bicycles-new-20202103-1-800x600.jpg 800w, https:\/\/naturalbikes.cl\/wp-content\/uploads\/2024\/08\/giant-bicycles-new-20202103-1.jpg 866w\" sizes=\"(max-width: 300px) 100vw, 300px\" \/><\/a><\/p>\n<blockquote class=\"\" data-sourcepos=\"7:1-7:318\">\n<p data-sourcepos=\"7:3-7:318\"><strong>Giant Revolt X Advanced Pro 1 | La gravel definitiva.<\/strong> Domina cualquier terreno con la Revolt X Advanced Pro 1. Su cuadro de carbono, geometr\u00eda vers\u00e1til y componentes de alta gama te ofrecen la m\u00e1xima eficiencia y comodidad en carretera y fuera de ella. #Giant #RevoltX #Gravel #Carbono #Rendimiento #Versatilidad<\/p>\n<\/blockquote>\n","protected":false},"featured_media":21049,"comment_status":"open","ping_status":"closed","template":"","meta":[],"product_cat":[205,195,1363],"product_tag":[1210,995,1368,1364],"class_list":{"0":"post-21048","1":"product","2":"type-product","3":"status-publish","4":"has-post-thumbnail","6":"product_brand-giant","7":"product_cat-bicicleta-gravel","8":"product_cat-bicicletas","9":"product_cat-giant-bicicleta-gravel","10":"product_tag-bicicleta-carbono","11":"product_tag-giant","12":"product_tag-giant-gravel","13":"product_tag-giant-revolt","15":"first","16":"instock","17":"sale","18":"taxable","19":"shipping-taxable","20":"purchasable","21":"product-type-variable","22":"rtwpvg-product"},"yoast_head":"<!-- This site is optimized with the Yoast SEO Premium plugin v24.8 (Yoast SEO v25.6) - https:\/\/yoast.com\/wordpress\/plugins\/seo\/ -->\n<title>Bicicleta Giant Revolt X Advanced Pro 1 - NaturalBikes<\/title>\n<meta name=\"description\" content=\"Giant Revolt X Advanced Pro 1 | La gravel definitiva. Domina cualquier terreno con la Revolt X Advanced Pro 1. Su cuadro de carbono, geometr\u00eda vers\u00e1til y componentes de alta gama te ofrecen la m\u00e1xima eficiencia y comodidad en carretera y fuera de ella. #Giant #RevoltX #Gravel #Carbono #Rendimiento #Versatilidad\" \/>\n<meta name=\"robots\" content=\"index, follow, max-snippet:-1, max-image-preview:large, max-video-preview:-1\" \/>\n<link rel=\"canonical\" href=\"https:\/\/naturalbikes.cl\/?product=bicicleta-giant-revolt-x-advanced-pro-1\" \/>\n<meta property=\"og:locale\" content=\"es_ES\" \/>\n<meta property=\"og:type\" content=\"article\" \/>\n<meta property=\"og:title\" content=\"Bicicleta Giant Revolt X Advanced Pro 1\" \/>\n<meta property=\"og:description\" content=\"Ofrecer a nuestros clientes apasionados por el ciclismo de monta\u00f1a la mejor experiencia en productos, conocimientos especializados y servicios excepcionales. Nos comprometemos a proporcionar una amplia gama de bicicletas, accesorios y equipo de alta calidad, junto con asesoramiento experto y atenci\u00f3n personalizada para cada ciclista, para que puedan explorar, disfrutar y maximizar su aventura en el mundo del MTB\" \/>\n<meta property=\"og:url\" content=\"https:\/\/naturalbikes.cl\/?product=bicicleta-giant-revolt-x-advanced-pro-1\" \/>\n<meta property=\"og:site_name\" content=\"NaturalBikes\" \/>\n<meta property=\"article:publisher\" content=\"https:\/\/www.facebook.com\/naturalbikescl\" \/>\n<meta property=\"article:modified_time\" content=\"2026-01-06T20:12:04+00:00\" \/>\n<meta property=\"og:image\" content=\"https:\/\/naturalbikes.cl\/wp-content\/uploads\/2024\/08\/2302028105_REVOLTXADVANCEDPRO1MY23_M_700x.webp\" \/>\n\t<meta property=\"og:image:width\" content=\"700\" \/>\n\t<meta property=\"og:image:height\" content=\"525\" \/>\n\t<meta property=\"og:image:type\" content=\"image\/webp\" \/>\n<meta name=\"twitter:card\" content=\"summary_large_image\" \/>\n<meta name=\"twitter:label1\" content=\"Tiempo de lectura\" \/>\n\t<meta name=\"twitter:data1\" content=\"4 minutos\" \/>\n<script type=\"application\/ld+json\" class=\"yoast-schema-graph\">{\"@context\":\"https:\/\/schema.org\",\"@graph\":[{\"@type\":\"WebPage\",\"@id\":\"https:\/\/naturalbikes.cl\/?product=bicicleta-giant-revolt-x-advanced-pro-1\",\"url\":\"https:\/\/naturalbikes.cl\/?product=bicicleta-giant-revolt-x-advanced-pro-1\",\"name\":\"Bicicleta Giant Revolt X Advanced Pro 1 - NaturalBikes\",\"isPartOf\":{\"@id\":\"https:\/\/naturalbikes.cl\/#website\"},\"primaryImageOfPage\":{\"@id\":\"https:\/\/naturalbikes.cl\/?product=bicicleta-giant-revolt-x-advanced-pro-1#primaryimage\"},\"image\":{\"@id\":\"https:\/\/naturalbikes.cl\/?product=bicicleta-giant-revolt-x-advanced-pro-1#primaryimage\"},\"thumbnailUrl\":\"https:\/\/naturalbikes.cl\/wp-content\/uploads\/2024\/08\/2302028105_REVOLTXADVANCEDPRO1MY23_M_700x.webp\",\"datePublished\":\"2024-08-12T01:33:09+00:00\",\"dateModified\":\"2026-01-06T20:12:04+00:00\",\"description\":\"Giant Revolt X Advanced Pro 1 | La gravel definitiva. Domina cualquier terreno con la Revolt X Advanced Pro 1. Su cuadro de carbono, geometr\u00eda vers\u00e1til y componentes de alta gama te ofrecen la m\u00e1xima eficiencia y comodidad en carretera y fuera de ella. #Giant #RevoltX #Gravel #Carbono #Rendimiento #Versatilidad\",\"breadcrumb\":{\"@id\":\"https:\/\/naturalbikes.cl\/?product=bicicleta-giant-revolt-x-advanced-pro-1#breadcrumb\"},\"inLanguage\":\"es\",\"potentialAction\":[{\"@type\":\"ReadAction\",\"target\":[\"https:\/\/naturalbikes.cl\/?product=bicicleta-giant-revolt-x-advanced-pro-1\"]}]},{\"@type\":\"ImageObject\",\"inLanguage\":\"es\",\"@id\":\"https:\/\/naturalbikes.cl\/?product=bicicleta-giant-revolt-x-advanced-pro-1#primaryimage\",\"url\":\"https:\/\/naturalbikes.cl\/wp-content\/uploads\/2024\/08\/2302028105_REVOLTXADVANCEDPRO1MY23_M_700x.webp\",\"contentUrl\":\"https:\/\/naturalbikes.cl\/wp-content\/uploads\/2024\/08\/2302028105_REVOLTXADVANCEDPRO1MY23_M_700x.webp\",\"width\":700,\"height\":525},{\"@type\":\"BreadcrumbList\",\"@id\":\"https:\/\/naturalbikes.cl\/?product=bicicleta-giant-revolt-x-advanced-pro-1#breadcrumb\",\"itemListElement\":[{\"@type\":\"ListItem\",\"position\":1,\"name\":\"Portada\",\"item\":\"https:\/\/naturalbikes.cl\/\"},{\"@type\":\"ListItem\",\"position\":2,\"name\":\"Tienda NB\",\"item\":\"https:\/\/naturalbikes.cl\/?page_id=7843\"},{\"@type\":\"ListItem\",\"position\":3,\"name\":\"Giant\",\"item\":\"https:\/\/naturalbikes.cl\/?product_brand=giant\"},{\"@type\":\"ListItem\",\"position\":4,\"name\":\"Bicicleta Giant Revolt X Advanced Pro 1\"}]},{\"@type\":\"WebSite\",\"@id\":\"https:\/\/naturalbikes.cl\/#website\",\"url\":\"https:\/\/naturalbikes.cl\/\",\"name\":\"Natural Bikes\",\"description\":\"Tienda de bicicletas repuestos accesorios taller mantenimiento clases salidas\",\"publisher\":{\"@id\":\"https:\/\/naturalbikes.cl\/#organization\"},\"alternateName\":\"Natural Bikes\",\"potentialAction\":[{\"@type\":\"SearchAction\",\"target\":{\"@type\":\"EntryPoint\",\"urlTemplate\":\"https:\/\/naturalbikes.cl\/?s={search_term_string}\"},\"query-input\":{\"@type\":\"PropertyValueSpecification\",\"valueRequired\":true,\"valueName\":\"search_term_string\"}}],\"inLanguage\":\"es\"},{\"@type\":\"Organization\",\"@id\":\"https:\/\/naturalbikes.cl\/#organization\",\"name\":\"Natural Bikes\",\"alternateName\":\"Natural Bikes\",\"url\":\"https:\/\/naturalbikes.cl\/\",\"logo\":{\"@type\":\"ImageObject\",\"inLanguage\":\"es\",\"@id\":\"https:\/\/naturalbikes.cl\/#\/schema\/logo\/image\/\",\"url\":\"https:\/\/naturalbikes.cl\/wp-content\/uploads\/2024\/05\/2023-10-10-10.44.12.jpg\",\"contentUrl\":\"https:\/\/naturalbikes.cl\/wp-content\/uploads\/2024\/05\/2023-10-10-10.44.12.jpg\",\"width\":650,\"height\":650,\"caption\":\"Natural Bikes\"},\"image\":{\"@id\":\"https:\/\/naturalbikes.cl\/#\/schema\/logo\/image\/\"},\"sameAs\":[\"https:\/\/www.facebook.com\/naturalbikescl\",\"https:\/\/www.instagram.com\/natural.bikes\",\"https:\/\/www.tiktok.com\/@natural.bikes\"],\"description\":\"Ofrecer a nuestros clientes apasionados por el ciclismo de monta\u00f1a la mejor experiencia en productos, conocimientos especializados y servicios excepcionales. Nos comprometemos a proporcionar una amplia gama de bicicletas, accesorios y equipo de alta calidad, junto con asesoramiento experto y atenci\u00f3n personalizada para cada ciclista, para que puedan explorar, disfrutar y maximizar su aventura en el mundo del MTB\",\"email\":\"naturalbikes1@gmail.com\",\"telephone\":\"56977043878\",\"legalName\":\"Natural Bikes Limitada\",\"foundingDate\":\"2024-01-01\",\"vatID\":\"76699553-5\",\"taxID\":\"76699553-5\",\"numberOfEmployees\":{\"@type\":\"QuantitativeValue\",\"minValue\":\"1\",\"maxValue\":\"10\"},\"publishingPrinciples\":\"https:\/\/naturalbikes.cl\/?page_id=7843\",\"ownershipFundingInfo\":\"https:\/\/naturalbikes.cl\/?page_id=7843\",\"actionableFeedbackPolicy\":\"https:\/\/naturalbikes.cl\/?page_id=14797\",\"correctionsPolicy\":\"https:\/\/naturalbikes.cl\/?page_id=3\",\"ethicsPolicy\":\"https:\/\/naturalbikes.cl\/?page_id=7843\",\"diversityPolicy\":\"https:\/\/naturalbikes.cl\/?page_id=11734\",\"diversityStaffingReport\":\"https:\/\/naturalbikes.cl\/?page_id=12161\"}]}<\/script>\n<!-- \/ Yoast SEO Premium plugin. -->","yoast_head_json":{"title":"Bicicleta Giant Revolt X Advanced Pro 1 - NaturalBikes","description":"Giant Revolt X Advanced Pro 1 | La gravel definitiva. Domina cualquier terreno con la Revolt X Advanced Pro 1. Su cuadro de carbono, geometr\u00eda vers\u00e1til y componentes de alta gama te ofrecen la m\u00e1xima eficiencia y comodidad en carretera y fuera de ella. #Giant #RevoltX #Gravel #Carbono #Rendimiento #Versatilidad","robots":{"index":"index","follow":"follow","max-snippet":"max-snippet:-1","max-image-preview":"max-image-preview:large","max-video-preview":"max-video-preview:-1"},"canonical":"https:\/\/naturalbikes.cl\/?product=bicicleta-giant-revolt-x-advanced-pro-1","og_locale":"es_ES","og_type":"article","og_title":"Bicicleta Giant Revolt X Advanced Pro 1","og_description":"Ofrecer a nuestros clientes apasionados por el ciclismo de monta\u00f1a la mejor experiencia en productos, conocimientos especializados y servicios excepcionales. Nos comprometemos a proporcionar una amplia gama de bicicletas, accesorios y equipo de alta calidad, junto con asesoramiento experto y atenci\u00f3n personalizada para cada ciclista, para que puedan explorar, disfrutar y maximizar su aventura en el mundo del MTB","og_url":"https:\/\/naturalbikes.cl\/?product=bicicleta-giant-revolt-x-advanced-pro-1","og_site_name":"NaturalBikes","article_publisher":"https:\/\/www.facebook.com\/naturalbikescl","article_modified_time":"2026-01-06T20:12:04+00:00","og_image":[{"width":700,"height":525,"url":"https:\/\/naturalbikes.cl\/wp-content\/uploads\/2024\/08\/2302028105_REVOLTXADVANCEDPRO1MY23_M_700x.webp","type":"image\/webp"}],"twitter_card":"summary_large_image","twitter_misc":{"Tiempo de lectura":"4 minutos"},"schema":{"@context":"https:\/\/schema.org","@graph":[{"@type":"WebPage","@id":"https:\/\/naturalbikes.cl\/?product=bicicleta-giant-revolt-x-advanced-pro-1","url":"https:\/\/naturalbikes.cl\/?product=bicicleta-giant-revolt-x-advanced-pro-1","name":"Bicicleta Giant Revolt X Advanced Pro 1 - NaturalBikes","isPartOf":{"@id":"https:\/\/naturalbikes.cl\/#website"},"primaryImageOfPage":{"@id":"https:\/\/naturalbikes.cl\/?product=bicicleta-giant-revolt-x-advanced-pro-1#primaryimage"},"image":{"@id":"https:\/\/naturalbikes.cl\/?product=bicicleta-giant-revolt-x-advanced-pro-1#primaryimage"},"thumbnailUrl":"https:\/\/naturalbikes.cl\/wp-content\/uploads\/2024\/08\/2302028105_REVOLTXADVANCEDPRO1MY23_M_700x.webp","datePublished":"2024-08-12T01:33:09+00:00","dateModified":"2026-01-06T20:12:04+00:00","description":"Giant Revolt X Advanced Pro 1 | La gravel definitiva. Domina cualquier terreno con la Revolt X Advanced Pro 1. Su cuadro de carbono, geometr\u00eda vers\u00e1til y componentes de alta gama te ofrecen la m\u00e1xima eficiencia y comodidad en carretera y fuera de ella. #Giant #RevoltX #Gravel #Carbono #Rendimiento #Versatilidad","breadcrumb":{"@id":"https:\/\/naturalbikes.cl\/?product=bicicleta-giant-revolt-x-advanced-pro-1#breadcrumb"},"inLanguage":"es","potentialAction":[{"@type":"ReadAction","target":["https:\/\/naturalbikes.cl\/?product=bicicleta-giant-revolt-x-advanced-pro-1"]}]},{"@type":"ImageObject","inLanguage":"es","@id":"https:\/\/naturalbikes.cl\/?product=bicicleta-giant-revolt-x-advanced-pro-1#primaryimage","url":"https:\/\/naturalbikes.cl\/wp-content\/uploads\/2024\/08\/2302028105_REVOLTXADVANCEDPRO1MY23_M_700x.webp","contentUrl":"https:\/\/naturalbikes.cl\/wp-content\/uploads\/2024\/08\/2302028105_REVOLTXADVANCEDPRO1MY23_M_700x.webp","width":700,"height":525},{"@type":"BreadcrumbList","@id":"https:\/\/naturalbikes.cl\/?product=bicicleta-giant-revolt-x-advanced-pro-1#breadcrumb","itemListElement":[{"@type":"ListItem","position":1,"name":"Portada","item":"https:\/\/naturalbikes.cl\/"},{"@type":"ListItem","position":2,"name":"Tienda NB","item":"https:\/\/naturalbikes.cl\/?page_id=7843"},{"@type":"ListItem","position":3,"name":"Giant","item":"https:\/\/naturalbikes.cl\/?product_brand=giant"},{"@type":"ListItem","position":4,"name":"Bicicleta Giant Revolt X Advanced Pro 1"}]},{"@type":"WebSite","@id":"https:\/\/naturalbikes.cl\/#website","url":"https:\/\/naturalbikes.cl\/","name":"Natural Bikes","description":"Tienda de bicicletas repuestos accesorios taller mantenimiento clases salidas","publisher":{"@id":"https:\/\/naturalbikes.cl\/#organization"},"alternateName":"Natural Bikes","potentialAction":[{"@type":"SearchAction","target":{"@type":"EntryPoint","urlTemplate":"https:\/\/naturalbikes.cl\/?s={search_term_string}"},"query-input":{"@type":"PropertyValueSpecification","valueRequired":true,"valueName":"search_term_string"}}],"inLanguage":"es"},{"@type":"Organization","@id":"https:\/\/naturalbikes.cl\/#organization","name":"Natural Bikes","alternateName":"Natural Bikes","url":"https:\/\/naturalbikes.cl\/","logo":{"@type":"ImageObject","inLanguage":"es","@id":"https:\/\/naturalbikes.cl\/#\/schema\/logo\/image\/","url":"https:\/\/naturalbikes.cl\/wp-content\/uploads\/2024\/05\/2023-10-10-10.44.12.jpg","contentUrl":"https:\/\/naturalbikes.cl\/wp-content\/uploads\/2024\/05\/2023-10-10-10.44.12.jpg","width":650,"height":650,"caption":"Natural Bikes"},"image":{"@id":"https:\/\/naturalbikes.cl\/#\/schema\/logo\/image\/"},"sameAs":["https:\/\/www.facebook.com\/naturalbikescl","https:\/\/www.instagram.com\/natural.bikes","https:\/\/www.tiktok.com\/@natural.bikes"],"description":"Ofrecer a nuestros clientes apasionados por el ciclismo de monta\u00f1a la mejor experiencia en productos, conocimientos especializados y servicios excepcionales. Nos comprometemos a proporcionar una amplia gama de bicicletas, accesorios y equipo de alta calidad, junto con asesoramiento experto y atenci\u00f3n personalizada para cada ciclista, para que puedan explorar, disfrutar y maximizar su aventura en el mundo del MTB","email":"naturalbikes1@gmail.com","telephone":"56977043878","legalName":"Natural Bikes Limitada","foundingDate":"2024-01-01","vatID":"76699553-5","taxID":"76699553-5","numberOfEmployees":{"@type":"QuantitativeValue","minValue":"1","maxValue":"10"},"publishingPrinciples":"https:\/\/naturalbikes.cl\/?page_id=7843","ownershipFundingInfo":"https:\/\/naturalbikes.cl\/?page_id=7843","actionableFeedbackPolicy":"https:\/\/naturalbikes.cl\/?page_id=14797","correctionsPolicy":"https:\/\/naturalbikes.cl\/?page_id=3","ethicsPolicy":"https:\/\/naturalbikes.cl\/?page_id=7843","diversityPolicy":"https:\/\/naturalbikes.cl\/?page_id=11734","diversityStaffingReport":"https:\/\/naturalbikes.cl\/?page_id=12161"}]}},"_links":{"self":[{"href":"https:\/\/naturalbikes.cl\/index.php?rest_route=\/wp\/v2\/product\/21048"}],"collection":[{"href":"https:\/\/naturalbikes.cl\/index.php?rest_route=\/wp\/v2\/product"}],"about":[{"href":"https:\/\/naturalbikes.cl\/index.php?rest_route=\/wp\/v2\/types\/product"}],"replies":[{"embeddable":true,"href":"https:\/\/naturalbikes.cl\/index.php?rest_route=%2Fwp%2Fv2%2Fcomments&post=21048"}],"wp:featuredmedia":[{"embeddable":true,"href":"https:\/\/naturalbikes.cl\/index.php?rest_route=\/wp\/v2\/media\/21049"}],"wp:attachment":[{"href":"https:\/\/naturalbikes.cl\/index.php?rest_route=%2Fwp%2Fv2%2Fmedia&parent=21048"}],"wp:term":[{"taxonomy":"product_cat","embeddable":true,"href":"https:\/\/naturalbikes.cl\/index.php?rest_route=%2Fwp%2Fv2%2Fproduct_cat&post=21048"},{"taxonomy":"product_tag","embeddable":true,"href":"https:\/\/naturalbikes.cl\/index.php?rest_route=%2Fwp%2Fv2%2Fproduct_tag&post=21048"}],"curies":[{"name":"wp","href":"https:\/\/api.w.org\/{rel}","templated":true}]}}