{"id":21030,"date":"2024-08-05T11:06:28","date_gmt":"2024-08-05T15:06:28","guid":{"rendered":"https:\/\/naturalbikes.cl\/?post_type=product&#038;p=21030"},"modified":"2026-01-06T17:12:01","modified_gmt":"2026-01-06T20:12:01","slug":"bicicleta-giant-revolt-advanced-pro-1","status":"publish","type":"product","link":"https:\/\/naturalbikes.cl\/?product=bicicleta-giant-revolt-advanced-pro-1","title":{"rendered":"Bicicleta Giant Revolt Advanced Pro 1"},"content":{"rendered":"<p><a href=\"https:\/\/naturalbikes.cl\/wp-content\/uploads\/2024\/08\/giant-bicycles-new-20202103.jpg\"><img fetchpriority=\"high\" decoding=\"async\" class=\"size-medium wp-image-20970 aligncenter\" src=\"https:\/\/naturalbikes.cl\/wp-content\/uploads\/2024\/08\/giant-bicycles-new-20202103-300x225.jpg\" alt=\"\" width=\"300\" height=\"225\" srcset=\"https:\/\/naturalbikes.cl\/wp-content\/uploads\/2024\/08\/giant-bicycles-new-20202103-300x225.jpg 300w, https:\/\/naturalbikes.cl\/wp-content\/uploads\/2024\/08\/giant-bicycles-new-20202103-768x576.jpg 768w, https:\/\/naturalbikes.cl\/wp-content\/uploads\/2024\/08\/giant-bicycles-new-20202103-450x338.jpg 450w, https:\/\/naturalbikes.cl\/wp-content\/uploads\/2024\/08\/giant-bicycles-new-20202103-800x600.jpg 800w, https:\/\/naturalbikes.cl\/wp-content\/uploads\/2024\/08\/giant-bicycles-new-20202103.jpg 866w\" sizes=\"(max-width: 300px) 100vw, 300px\" \/><\/a><\/p>\n<h2 class=\"card__title heading h3\" style=\"text-align: center;\">Descripci\u00f3n<\/h2>\n<h2 style=\"text-align: center;\">REVOLT ADVANCED PRO 1<\/h2>\n<h5 style=\"text-align: center;\"><\/h5>\n<p><img decoding=\"async\" src=\"https:\/\/cdn.shopify.com\/s\/files\/1\/0084\/1151\/2896\/files\/nav_crossngravel_bike_grav_d_8299ab0b-b118-4764-a8df-819e3621b393.jpg?v=1715976241\" alt=\"\" \/><\/p>\n<h3 class=\"card-title\">Eficiencia superligera<\/h3>\n<p class=\"card-text\" style=\"padding-left: 40px;\">El cuadro de material compuesto avanzado y la horquilla de material compuesto Advanced SL ahorran 200 gramos combinados en comparaci\u00f3n con la generaci\u00f3n anterior. La geometr\u00eda actualizada incluye un soporte inferior m\u00e1s bajo, un alcance m\u00e1s largo y un \u00e1ngulo de tubo de direcci\u00f3n m\u00e1s pronunciado para mejorar la aceleraci\u00f3n y la escalada.<\/p>\n<h3 class=\"card-title\">Flexi\u00f3n ajustada<\/h3>\n<p class=\"card-text\" style=\"padding-left: 40px;\">Una uni\u00f3n de tirantes m\u00e1s baja con tubos de menor di\u00e1metro absorbe los impactos y las vibraciones de la carretera. El manillar de carbono Contact SLR XR D-Fuse y la tija de sill\u00edn D-Fuse funcionan como un sistema para optimizar la flexi\u00f3n sin sacrificar la rigidez al tomar curvas, esprintar y en las rampas m\u00e1s duras.<\/p>\n<h3 class=\"card-title\">Adaptable al terreno<\/h3>\n<p class=\"card-text\" style=\"padding-left: 40px;\">Un flip chip en la patilla trasera ajusta la base de la rueda en la posici\u00f3n corta para un manejo r\u00e1pido, o en la posici\u00f3n larga para mayor estabilidad a altas velocidades. La configuraci\u00f3n larga te permite montar neum\u00e1ticos de hasta 53mm de di\u00e1metro. Tambi\u00e9n puedes escoger la tija de sill\u00edn D-Fuse incluida para m\u00e1xima flexibilidad, o cambiar a una tija circular de 30.9 mm est\u00e1ndar o telesc\u00f3pica.<\/p>\n<h2>TECNOLOGIAS<\/h2>\n<ul>\n<li><strong>Advanced Composite<\/strong><\/li>\n<\/ul>\n<p>La fibra de carbono en bruto T-700, de grado de alto rendimiento, se utiliza para producir en la propia f\u00e1brica de Giant, un material de carbono personalizado con una elevada relaci\u00f3n rigidez-peso. El tri\u00e1ngulo delantero de estos cuadros se ensambla y se moldea como una \u00fanica pieza continua en una t\u00e9cnica de fabricaci\u00f3n patentada llamada Construcci\u00f3n monocasco modificada.<\/p>\n<ul>\n<li><strong>Advanced SL Composite<\/strong><\/li>\n<\/ul>\n<p>Utiliza carbono T-800 de grado profesional con nanotubos para una mayor resistencia al impacto. El proceso de fusi\u00f3n y la tecnolog\u00eda de fibra continua reducen el peso y aumentan la resistencia.<\/p>\n<ul>\n<li><strong>OverDrive<\/strong><\/li>\n<\/ul>\n<p>La tecnolog\u00eda original de Giant del tubo de direcci\u00f3n sobredimensionado lleva grandes rodamientos de 1-1\/4&#8243; el inferior y\u00a01-1\/8&#8243; el superior para bicicletas de carretera, y de 1-1\/2&#8243; el inferior y\u00a01-1\/8&#8243; el superior para bicicletas de monta\u00f1a. El tubo de direcci\u00f3n\u00a0c\u00f3nico ofrece un mayor control y rigidez a la direcci\u00f3n.<\/p>\n<ul>\n<li><strong>Flip Chip Dropout<\/strong><\/li>\n<\/ul>\n<p>Permite a los ciclistas ajustar r\u00e1pidamente la geometr\u00eda y la compatibilidad de anchura del neum\u00e1tico trasero gracias a una pieza exc\u00e9ntrica en la patilla de cambio trasera con offset de dos posiciones.<\/p>\n<p><img decoding=\"async\" src=\"https:\/\/cdn.shopify.com\/s\/files\/1\/0084\/1151\/2896\/files\/TubelessSystem_1518032385.png?v=1715972861\" alt=\"\" width=\"100\" height=\"58\" \/>\u00a0 \u00a0<img decoding=\"async\" src=\"https:\/\/cdn.shopify.com\/s\/files\/1\/0084\/1151\/2896\/files\/AdvancedCompositeBW_1507879431.jpg?v=1715974389\" alt=\"\" width=\"101\" height=\"59\" \/>\u00a0\u00a0 \u00a0\u00a0<img loading=\"lazy\" decoding=\"async\" src=\"https:\/\/cdn.shopify.com\/s\/files\/1\/0084\/1151\/2896\/files\/AdvancedSLCompositeBW_1507879492.jpg?v=1715974761\" alt=\"\" width=\"101\" height=\"59\" \/>\u00a0\u00a0\u00a0<img loading=\"lazy\" decoding=\"async\" src=\"https:\/\/cdn.shopify.com\/s\/files\/1\/0084\/1151\/2896\/files\/tech-overdrive-summary_1638524767.jpg?v=1715978092\" alt=\"\" width=\"103\" height=\"60\" \/>\u00a0\u00a0\u00a0<img loading=\"lazy\" decoding=\"async\" src=\"https:\/\/cdn.shopify.com\/s\/files\/1\/0084\/1151\/2896\/files\/flipchip_dropout_1635892054.png?v=1715975600\" alt=\"\" width=\"99\" height=\"58\" \/><\/p>\n<h2>ESPECIFICACIONES<\/h2>\n<p style=\"margin: 0cm; line-height: 150%;\"><span class=\"reference\"><b>CUADRO<\/b><\/span><\/p>\n<p style=\"margin: 0cm; line-height: 150%;\">Advanced Composite Technology<strong>\u00a0<\/strong>Carbono T-700| Freno de disco |\u00a012x142mm Thru-axle | Flip Chip Dropout<\/p>\n<p style=\"margin: 0cm; line-height: 150%;\"><span class=\"reference\"><b>HORQUILLA<\/b><\/span><\/p>\n<p style=\"margin: 0cm; line-height: 150%;\">Advanced Composite SL Technology<strong>\u00a0<\/strong>Carbono T-800 | Tubo de direcci\u00f3n OverDrive Aero Full-Composite | Freno de disco |\u00a012mm Thru-axle<\/p>\n<p style=\"margin: 0cm; line-height: 150%;\"><span class=\"reference\"><b>MANUBRIO<\/b><\/span><\/p>\n<p style=\"margin: 0cm; line-height: 150%;\">Giant Contact SLRXR D-Fuse | 31.8mm | XS:42cm | S:42cm | M:44cm | M\/L:44cm | L:46cm | XL:46cm<\/p>\n<p style=\"margin: 0cm; line-height: 150%;\"><span class=\"reference\"><b>POTENCIA<\/b><\/span><\/p>\n<p style=\"margin: 0cm; line-height: 150%;\">Giant Contact | 8 grados | XS:50mm | S:60mm | M:70mm | M\/L:80mm | L:80mm | XL:90mm<\/p>\n<p style=\"margin: 0cm; line-height: 150%;\"><strong>TIJA<\/strong><\/p>\n<p style=\"margin: 0cm; line-height: 150%;\">Giant D-Fuse SLR | Compuesto | -5\/+15mm offset<\/p>\n<p style=\"margin: 0cm; line-height: 150%;\"><strong>SILLIN<\/strong><\/p>\n<p style=\"margin: 0cm; line-height: 150%;\">Giant Approach SL<\/p>\n<p style=\"margin: 0cm; line-height: 150%;\"><span class=\"reference\"><b>MANILLAS DE CAMBIO\/FRENO<\/b><\/span><\/p>\n<p style=\"margin: 0cm; line-height: 150%;\">SRAM Rival eTap AXS | 2&#215;12 | Hidraulico<\/p>\n<p style=\"margin: 0cm; line-height: 150%;\"><span class=\"reference\"><b>FRENOS<\/b><\/span><\/p>\n<p style=\"margin: 0cm; line-height: 150%;\">SRAM Rival eTap AXS | Hidr\u00e1ulico | Rotor\u00a0SRAM PaceLine | Delantero 160mm | Trasero 160mm<\/p>\n<p style=\"margin: 0cm; line-height: 150%;\"><span class=\"reference\"><b>DESVIADOR<\/b><\/span><\/p>\n<p style=\"margin: 0cm; line-height: 150%;\">SRAM Rival eTap AXS<\/p>\n<p style=\"margin: 0cm; line-height: 150%;\"><span class=\"reference\"><b>CAMBIO TRASERO<\/b><\/span><\/p>\n<p style=\"margin: 0cm; line-height: 150%;\">SRAM Rival eTap AXS<\/p>\n<p style=\"margin: 0cm; line-height: 150%;\"><span class=\"reference\"><b>CASETTE<\/b><\/span><\/p>\n<p style=\"margin: 0cm; line-height: 150%;\">SRAM Rival | 12 velocidades | 11&#215;36<\/p>\n<p style=\"margin: 0cm; line-height: 150%;\"><span class=\"reference\"><b>CADENA<\/b><\/span><\/p>\n<p style=\"margin: 0cm; line-height: 150%;\">SRAM Rival D1<\/p>\n<p style=\"margin: 0cm; line-height: 150%;\"><span class=\"reference\"><b>PLATOS Y BIELAS<\/b><\/span><\/p>\n<p style=\"margin: 0cm; line-height: 150%;\">SRAM Rival D1 DUB | 30\/43 | XS:170mm | S:170mm | M:172.5mm | M\/L:172.5mm | L:175mm | XL:175mm<\/p>\n<p style=\"margin: 0cm; line-height: 150%;\"><span class=\"reference\"><b>CAJA DE PEDALIER<\/b><\/span><\/p>\n<p style=\"margin: 0cm; line-height: 150%;\">SRAM DUB | Press fit<\/p>\n<p style=\"margin: 0cm; line-height: 150%;\"><span class=\"reference\"><b>LLANTAS<\/b><\/span><\/p>\n<p style=\"margin: 0cm; line-height: 150%;\">Giant CXR 1 | Disco de carbono | 35mm<\/p>\n<p style=\"margin: 0cm; line-height: 150%;\"><span class=\"reference\"><b>BUJES<\/b><\/span><\/p>\n<p style=\"margin: 0cm; line-height: 150%;\">Delantero: Aleaci\u00f3n Giant AR |\u00a0\u00a0CenterLock | 12mm Thru-axle<\/p>\n<p style=\"margin: 0cm; line-height: 150%;\">Trasero:\u00a0\u00a0Aleaci\u00f3n Giant AR | DT350 | 36T | CenterLock | 12mm Thru-axle<\/p>\n<p style=\"margin: 0cm; line-height: 150%;\"><span class=\"reference\"><b>RADIOS<\/b><\/span><\/p>\n<p style=\"margin: 0cm; line-height: 150%;\">SAPIM\u00a0CX-Ray<\/p>\n<p style=\"margin: 0cm; line-height: 150%;\"><span class=\"reference\"><b>NEUMATICOS<\/b><\/span><\/p>\n<p style=\"margin: 0cm; line-height: 150%;\">CADEX AR | Tubeless | 700x40c<\/p>\n<p style=\"margin: 0cm; line-height: 150%;\"><strong>EXTRAS<\/strong><\/p>\n<p style=\"margin: 0cm; line-height: 150%;\">Preparado Tubeless | Tama\u00f1o m\u00e1ximo de neum\u00e1tico de 53 mm en posici\u00f3n \u00ablarga\u00bb de Flip Chip | Tama\u00f1o m\u00e1ximo de neum\u00e1tico de 45 mm en posici\u00f3n \u00abcorta\u00bb de Flip Chip<\/p>\n<p>&nbsp;<\/p>\n<p>&nbsp;<\/p>\n<p>&nbsp;<\/p>\n","protected":false},"excerpt":{"rendered":"<p><a href=\"https:\/\/naturalbikes.cl\/wp-content\/uploads\/2024\/08\/giant-bicycles-new-20202103.jpg\"><img loading=\"lazy\" decoding=\"async\" class=\"size-medium wp-image-20970 alignleft\" src=\"https:\/\/naturalbikes.cl\/wp-content\/uploads\/2024\/08\/giant-bicycles-new-20202103-300x225.jpg\" alt=\"\" width=\"300\" height=\"225\" srcset=\"https:\/\/naturalbikes.cl\/wp-content\/uploads\/2024\/08\/giant-bicycles-new-20202103-300x225.jpg 300w, https:\/\/naturalbikes.cl\/wp-content\/uploads\/2024\/08\/giant-bicycles-new-20202103-768x576.jpg 768w, https:\/\/naturalbikes.cl\/wp-content\/uploads\/2024\/08\/giant-bicycles-new-20202103-450x338.jpg 450w, https:\/\/naturalbikes.cl\/wp-content\/uploads\/2024\/08\/giant-bicycles-new-20202103-800x600.jpg 800w, https:\/\/naturalbikes.cl\/wp-content\/uploads\/2024\/08\/giant-bicycles-new-20202103.jpg 866w\" sizes=\"(max-width: 300px) 100vw, 300px\" \/><\/a><\/p>\n<p>EL GRAVEL R\u00c1PIDO ES EL DOBLE DE DIVERTIDO. LA BICI DE COMPETICI\u00d3N ELEGIDA POR LOS PROS DE CARRERAS DE GRAVEL DE GIANT ES SUPERLIGERA, SUAVE SOBRE CAMINOS ACCIDENTADOS Y ADAPTABLE A TODO TIPO DE CONDICIONES Y ESTILOS DE CONDUCCI\u00d3N.<\/p>\n<p>&nbsp;<\/p>\n","protected":false},"featured_media":21032,"comment_status":"open","ping_status":"closed","template":"","meta":[],"product_cat":[205,195,1363],"product_tag":[819,995,1368,1364],"class_list":{"0":"post-21030","1":"product","2":"type-product","3":"status-publish","4":"has-post-thumbnail","6":"product_brand-giant","7":"product_cat-bicicleta-gravel","8":"product_cat-bicicletas","9":"product_cat-giant-bicicleta-gravel","10":"product_tag-bicicleta-gravel","11":"product_tag-giant","12":"product_tag-giant-gravel","13":"product_tag-giant-revolt","15":"first","16":"outofstock","17":"sale","18":"taxable","19":"shipping-taxable","20":"purchasable","21":"product-type-variable","22":"rtwpvg-product"},"yoast_head":"<!-- This site is optimized with the Yoast SEO Premium plugin v24.8 (Yoast SEO v25.6) - https:\/\/yoast.com\/wordpress\/plugins\/seo\/ -->\n<title>Bicicleta Giant Revolt Advanced Pro 1 - NaturalBikes<\/title>\n<meta name=\"description\" content=\"EL GRAVEL R\u00c1PIDO ES EL DOBLE DE DIVERTIDO. LA BICI DE COMPETICI\u00d3N ELEGIDA POR LOS PROS DE CARRERAS DE GRAVEL DE GIANT ES SUPERLIGERA, SUAVE SOBRE CAMINOS ACCIDENTADOS Y ADAPTABLE A TODO TIPO DE CONDICIONES Y ESTILOS DE CONDUCCI\u00d3N.\" \/>\n<meta name=\"robots\" content=\"index, follow, max-snippet:-1, max-image-preview:large, max-video-preview:-1\" \/>\n<link rel=\"canonical\" href=\"https:\/\/naturalbikes.cl\/?product=bicicleta-giant-revolt-advanced-pro-1\" \/>\n<meta property=\"og:locale\" content=\"es_ES\" \/>\n<meta property=\"og:type\" content=\"article\" \/>\n<meta property=\"og:title\" content=\"Bicicleta Giant Revolt Advanced Pro 1\" \/>\n<meta property=\"og:description\" content=\"Ofrecer a nuestros clientes apasionados por el ciclismo de monta\u00f1a la mejor experiencia en productos, conocimientos especializados y servicios excepcionales. Nos comprometemos a proporcionar una amplia gama de bicicletas, accesorios y equipo de alta calidad, junto con asesoramiento experto y atenci\u00f3n personalizada para cada ciclista, para que puedan explorar, disfrutar y maximizar su aventura en el mundo del MTB\" \/>\n<meta property=\"og:url\" content=\"https:\/\/naturalbikes.cl\/?product=bicicleta-giant-revolt-advanced-pro-1\" \/>\n<meta property=\"og:site_name\" content=\"NaturalBikes\" \/>\n<meta property=\"article:publisher\" content=\"https:\/\/www.facebook.com\/naturalbikescl\" \/>\n<meta property=\"article:modified_time\" content=\"2026-01-06T20:12:01+00:00\" \/>\n<meta property=\"og:image\" content=\"https:\/\/naturalbikes.cl\/wp-content\/uploads\/2024\/08\/2302013105_REVOLTADVANCEDPRO1MY23_BLACKCURRANT_M_700x-1.webp\" \/>\n\t<meta property=\"og:image:width\" content=\"700\" \/>\n\t<meta property=\"og:image:height\" content=\"401\" \/>\n\t<meta property=\"og:image:type\" content=\"image\/webp\" \/>\n<meta name=\"twitter:card\" content=\"summary_large_image\" \/>\n<meta name=\"twitter:label1\" content=\"Tiempo de lectura\" \/>\n\t<meta name=\"twitter:data1\" content=\"5 minutos\" \/>\n<script type=\"application\/ld+json\" class=\"yoast-schema-graph\">{\"@context\":\"https:\/\/schema.org\",\"@graph\":[{\"@type\":\"WebPage\",\"@id\":\"https:\/\/naturalbikes.cl\/?product=bicicleta-giant-revolt-advanced-pro-1\",\"url\":\"https:\/\/naturalbikes.cl\/?product=bicicleta-giant-revolt-advanced-pro-1\",\"name\":\"Bicicleta Giant Revolt Advanced Pro 1 - NaturalBikes\",\"isPartOf\":{\"@id\":\"https:\/\/naturalbikes.cl\/#website\"},\"primaryImageOfPage\":{\"@id\":\"https:\/\/naturalbikes.cl\/?product=bicicleta-giant-revolt-advanced-pro-1#primaryimage\"},\"image\":{\"@id\":\"https:\/\/naturalbikes.cl\/?product=bicicleta-giant-revolt-advanced-pro-1#primaryimage\"},\"thumbnailUrl\":\"https:\/\/naturalbikes.cl\/wp-content\/uploads\/2024\/08\/2302013105_REVOLTADVANCEDPRO1MY23_BLACKCURRANT_M_700x-1.webp\",\"datePublished\":\"2024-08-05T15:06:28+00:00\",\"dateModified\":\"2026-01-06T20:12:01+00:00\",\"description\":\"EL GRAVEL R\u00c1PIDO ES EL DOBLE DE DIVERTIDO. LA BICI DE COMPETICI\u00d3N ELEGIDA POR LOS PROS DE CARRERAS DE GRAVEL DE GIANT ES SUPERLIGERA, SUAVE SOBRE CAMINOS ACCIDENTADOS Y ADAPTABLE A TODO TIPO DE CONDICIONES Y ESTILOS DE CONDUCCI\u00d3N.\",\"breadcrumb\":{\"@id\":\"https:\/\/naturalbikes.cl\/?product=bicicleta-giant-revolt-advanced-pro-1#breadcrumb\"},\"inLanguage\":\"es\",\"potentialAction\":[{\"@type\":\"ReadAction\",\"target\":[\"https:\/\/naturalbikes.cl\/?product=bicicleta-giant-revolt-advanced-pro-1\"]}]},{\"@type\":\"ImageObject\",\"inLanguage\":\"es\",\"@id\":\"https:\/\/naturalbikes.cl\/?product=bicicleta-giant-revolt-advanced-pro-1#primaryimage\",\"url\":\"https:\/\/naturalbikes.cl\/wp-content\/uploads\/2024\/08\/2302013105_REVOLTADVANCEDPRO1MY23_BLACKCURRANT_M_700x-1.webp\",\"contentUrl\":\"https:\/\/naturalbikes.cl\/wp-content\/uploads\/2024\/08\/2302013105_REVOLTADVANCEDPRO1MY23_BLACKCURRANT_M_700x-1.webp\",\"width\":700,\"height\":401},{\"@type\":\"BreadcrumbList\",\"@id\":\"https:\/\/naturalbikes.cl\/?product=bicicleta-giant-revolt-advanced-pro-1#breadcrumb\",\"itemListElement\":[{\"@type\":\"ListItem\",\"position\":1,\"name\":\"Portada\",\"item\":\"https:\/\/naturalbikes.cl\/\"},{\"@type\":\"ListItem\",\"position\":2,\"name\":\"Tienda NB\",\"item\":\"https:\/\/naturalbikes.cl\/?page_id=7843\"},{\"@type\":\"ListItem\",\"position\":3,\"name\":\"Giant\",\"item\":\"https:\/\/naturalbikes.cl\/?product_brand=giant\"},{\"@type\":\"ListItem\",\"position\":4,\"name\":\"Bicicleta Giant Revolt Advanced Pro 1\"}]},{\"@type\":\"WebSite\",\"@id\":\"https:\/\/naturalbikes.cl\/#website\",\"url\":\"https:\/\/naturalbikes.cl\/\",\"name\":\"Natural Bikes\",\"description\":\"Tienda de bicicletas repuestos accesorios taller mantenimiento clases salidas\",\"publisher\":{\"@id\":\"https:\/\/naturalbikes.cl\/#organization\"},\"alternateName\":\"Natural Bikes\",\"potentialAction\":[{\"@type\":\"SearchAction\",\"target\":{\"@type\":\"EntryPoint\",\"urlTemplate\":\"https:\/\/naturalbikes.cl\/?s={search_term_string}\"},\"query-input\":{\"@type\":\"PropertyValueSpecification\",\"valueRequired\":true,\"valueName\":\"search_term_string\"}}],\"inLanguage\":\"es\"},{\"@type\":\"Organization\",\"@id\":\"https:\/\/naturalbikes.cl\/#organization\",\"name\":\"Natural Bikes\",\"alternateName\":\"Natural Bikes\",\"url\":\"https:\/\/naturalbikes.cl\/\",\"logo\":{\"@type\":\"ImageObject\",\"inLanguage\":\"es\",\"@id\":\"https:\/\/naturalbikes.cl\/#\/schema\/logo\/image\/\",\"url\":\"https:\/\/naturalbikes.cl\/wp-content\/uploads\/2024\/05\/2023-10-10-10.44.12.jpg\",\"contentUrl\":\"https:\/\/naturalbikes.cl\/wp-content\/uploads\/2024\/05\/2023-10-10-10.44.12.jpg\",\"width\":650,\"height\":650,\"caption\":\"Natural Bikes\"},\"image\":{\"@id\":\"https:\/\/naturalbikes.cl\/#\/schema\/logo\/image\/\"},\"sameAs\":[\"https:\/\/www.facebook.com\/naturalbikescl\",\"https:\/\/www.instagram.com\/natural.bikes\",\"https:\/\/www.tiktok.com\/@natural.bikes\"],\"description\":\"Ofrecer a nuestros clientes apasionados por el ciclismo de monta\u00f1a la mejor experiencia en productos, conocimientos especializados y servicios excepcionales. Nos comprometemos a proporcionar una amplia gama de bicicletas, accesorios y equipo de alta calidad, junto con asesoramiento experto y atenci\u00f3n personalizada para cada ciclista, para que puedan explorar, disfrutar y maximizar su aventura en el mundo del MTB\",\"email\":\"naturalbikes1@gmail.com\",\"telephone\":\"56977043878\",\"legalName\":\"Natural Bikes Limitada\",\"foundingDate\":\"2024-01-01\",\"vatID\":\"76699553-5\",\"taxID\":\"76699553-5\",\"numberOfEmployees\":{\"@type\":\"QuantitativeValue\",\"minValue\":\"1\",\"maxValue\":\"10\"},\"publishingPrinciples\":\"https:\/\/naturalbikes.cl\/?page_id=7843\",\"ownershipFundingInfo\":\"https:\/\/naturalbikes.cl\/?page_id=7843\",\"actionableFeedbackPolicy\":\"https:\/\/naturalbikes.cl\/?page_id=14797\",\"correctionsPolicy\":\"https:\/\/naturalbikes.cl\/?page_id=3\",\"ethicsPolicy\":\"https:\/\/naturalbikes.cl\/?page_id=7843\",\"diversityPolicy\":\"https:\/\/naturalbikes.cl\/?page_id=11734\",\"diversityStaffingReport\":\"https:\/\/naturalbikes.cl\/?page_id=12161\"}]}<\/script>\n<!-- \/ Yoast SEO Premium plugin. -->","yoast_head_json":{"title":"Bicicleta Giant Revolt Advanced Pro 1 - NaturalBikes","description":"EL GRAVEL R\u00c1PIDO ES EL DOBLE DE DIVERTIDO. LA BICI DE COMPETICI\u00d3N ELEGIDA POR LOS PROS DE CARRERAS DE GRAVEL DE GIANT ES SUPERLIGERA, SUAVE SOBRE CAMINOS ACCIDENTADOS Y ADAPTABLE A TODO TIPO DE CONDICIONES Y ESTILOS DE CONDUCCI\u00d3N.","robots":{"index":"index","follow":"follow","max-snippet":"max-snippet:-1","max-image-preview":"max-image-preview:large","max-video-preview":"max-video-preview:-1"},"canonical":"https:\/\/naturalbikes.cl\/?product=bicicleta-giant-revolt-advanced-pro-1","og_locale":"es_ES","og_type":"article","og_title":"Bicicleta Giant Revolt Advanced Pro 1","og_description":"Ofrecer a nuestros clientes apasionados por el ciclismo de monta\u00f1a la mejor experiencia en productos, conocimientos especializados y servicios excepcionales. Nos comprometemos a proporcionar una amplia gama de bicicletas, accesorios y equipo de alta calidad, junto con asesoramiento experto y atenci\u00f3n personalizada para cada ciclista, para que puedan explorar, disfrutar y maximizar su aventura en el mundo del MTB","og_url":"https:\/\/naturalbikes.cl\/?product=bicicleta-giant-revolt-advanced-pro-1","og_site_name":"NaturalBikes","article_publisher":"https:\/\/www.facebook.com\/naturalbikescl","article_modified_time":"2026-01-06T20:12:01+00:00","og_image":[{"width":700,"height":401,"url":"https:\/\/naturalbikes.cl\/wp-content\/uploads\/2024\/08\/2302013105_REVOLTADVANCEDPRO1MY23_BLACKCURRANT_M_700x-1.webp","type":"image\/webp"}],"twitter_card":"summary_large_image","twitter_misc":{"Tiempo de lectura":"5 minutos"},"schema":{"@context":"https:\/\/schema.org","@graph":[{"@type":"WebPage","@id":"https:\/\/naturalbikes.cl\/?product=bicicleta-giant-revolt-advanced-pro-1","url":"https:\/\/naturalbikes.cl\/?product=bicicleta-giant-revolt-advanced-pro-1","name":"Bicicleta Giant Revolt Advanced Pro 1 - NaturalBikes","isPartOf":{"@id":"https:\/\/naturalbikes.cl\/#website"},"primaryImageOfPage":{"@id":"https:\/\/naturalbikes.cl\/?product=bicicleta-giant-revolt-advanced-pro-1#primaryimage"},"image":{"@id":"https:\/\/naturalbikes.cl\/?product=bicicleta-giant-revolt-advanced-pro-1#primaryimage"},"thumbnailUrl":"https:\/\/naturalbikes.cl\/wp-content\/uploads\/2024\/08\/2302013105_REVOLTADVANCEDPRO1MY23_BLACKCURRANT_M_700x-1.webp","datePublished":"2024-08-05T15:06:28+00:00","dateModified":"2026-01-06T20:12:01+00:00","description":"EL GRAVEL R\u00c1PIDO ES EL DOBLE DE DIVERTIDO. LA BICI DE COMPETICI\u00d3N ELEGIDA POR LOS PROS DE CARRERAS DE GRAVEL DE GIANT ES SUPERLIGERA, SUAVE SOBRE CAMINOS ACCIDENTADOS Y ADAPTABLE A TODO TIPO DE CONDICIONES Y ESTILOS DE CONDUCCI\u00d3N.","breadcrumb":{"@id":"https:\/\/naturalbikes.cl\/?product=bicicleta-giant-revolt-advanced-pro-1#breadcrumb"},"inLanguage":"es","potentialAction":[{"@type":"ReadAction","target":["https:\/\/naturalbikes.cl\/?product=bicicleta-giant-revolt-advanced-pro-1"]}]},{"@type":"ImageObject","inLanguage":"es","@id":"https:\/\/naturalbikes.cl\/?product=bicicleta-giant-revolt-advanced-pro-1#primaryimage","url":"https:\/\/naturalbikes.cl\/wp-content\/uploads\/2024\/08\/2302013105_REVOLTADVANCEDPRO1MY23_BLACKCURRANT_M_700x-1.webp","contentUrl":"https:\/\/naturalbikes.cl\/wp-content\/uploads\/2024\/08\/2302013105_REVOLTADVANCEDPRO1MY23_BLACKCURRANT_M_700x-1.webp","width":700,"height":401},{"@type":"BreadcrumbList","@id":"https:\/\/naturalbikes.cl\/?product=bicicleta-giant-revolt-advanced-pro-1#breadcrumb","itemListElement":[{"@type":"ListItem","position":1,"name":"Portada","item":"https:\/\/naturalbikes.cl\/"},{"@type":"ListItem","position":2,"name":"Tienda NB","item":"https:\/\/naturalbikes.cl\/?page_id=7843"},{"@type":"ListItem","position":3,"name":"Giant","item":"https:\/\/naturalbikes.cl\/?product_brand=giant"},{"@type":"ListItem","position":4,"name":"Bicicleta Giant Revolt Advanced Pro 1"}]},{"@type":"WebSite","@id":"https:\/\/naturalbikes.cl\/#website","url":"https:\/\/naturalbikes.cl\/","name":"Natural Bikes","description":"Tienda de bicicletas repuestos accesorios taller mantenimiento clases salidas","publisher":{"@id":"https:\/\/naturalbikes.cl\/#organization"},"alternateName":"Natural Bikes","potentialAction":[{"@type":"SearchAction","target":{"@type":"EntryPoint","urlTemplate":"https:\/\/naturalbikes.cl\/?s={search_term_string}"},"query-input":{"@type":"PropertyValueSpecification","valueRequired":true,"valueName":"search_term_string"}}],"inLanguage":"es"},{"@type":"Organization","@id":"https:\/\/naturalbikes.cl\/#organization","name":"Natural Bikes","alternateName":"Natural Bikes","url":"https:\/\/naturalbikes.cl\/","logo":{"@type":"ImageObject","inLanguage":"es","@id":"https:\/\/naturalbikes.cl\/#\/schema\/logo\/image\/","url":"https:\/\/naturalbikes.cl\/wp-content\/uploads\/2024\/05\/2023-10-10-10.44.12.jpg","contentUrl":"https:\/\/naturalbikes.cl\/wp-content\/uploads\/2024\/05\/2023-10-10-10.44.12.jpg","width":650,"height":650,"caption":"Natural Bikes"},"image":{"@id":"https:\/\/naturalbikes.cl\/#\/schema\/logo\/image\/"},"sameAs":["https:\/\/www.facebook.com\/naturalbikescl","https:\/\/www.instagram.com\/natural.bikes","https:\/\/www.tiktok.com\/@natural.bikes"],"description":"Ofrecer a nuestros clientes apasionados por el ciclismo de monta\u00f1a la mejor experiencia en productos, conocimientos especializados y servicios excepcionales. Nos comprometemos a proporcionar una amplia gama de bicicletas, accesorios y equipo de alta calidad, junto con asesoramiento experto y atenci\u00f3n personalizada para cada ciclista, para que puedan explorar, disfrutar y maximizar su aventura en el mundo del MTB","email":"naturalbikes1@gmail.com","telephone":"56977043878","legalName":"Natural Bikes Limitada","foundingDate":"2024-01-01","vatID":"76699553-5","taxID":"76699553-5","numberOfEmployees":{"@type":"QuantitativeValue","minValue":"1","maxValue":"10"},"publishingPrinciples":"https:\/\/naturalbikes.cl\/?page_id=7843","ownershipFundingInfo":"https:\/\/naturalbikes.cl\/?page_id=7843","actionableFeedbackPolicy":"https:\/\/naturalbikes.cl\/?page_id=14797","correctionsPolicy":"https:\/\/naturalbikes.cl\/?page_id=3","ethicsPolicy":"https:\/\/naturalbikes.cl\/?page_id=7843","diversityPolicy":"https:\/\/naturalbikes.cl\/?page_id=11734","diversityStaffingReport":"https:\/\/naturalbikes.cl\/?page_id=12161"}]}},"_links":{"self":[{"href":"https:\/\/naturalbikes.cl\/index.php?rest_route=\/wp\/v2\/product\/21030"}],"collection":[{"href":"https:\/\/naturalbikes.cl\/index.php?rest_route=\/wp\/v2\/product"}],"about":[{"href":"https:\/\/naturalbikes.cl\/index.php?rest_route=\/wp\/v2\/types\/product"}],"replies":[{"embeddable":true,"href":"https:\/\/naturalbikes.cl\/index.php?rest_route=%2Fwp%2Fv2%2Fcomments&post=21030"}],"wp:featuredmedia":[{"embeddable":true,"href":"https:\/\/naturalbikes.cl\/index.php?rest_route=\/wp\/v2\/media\/21032"}],"wp:attachment":[{"href":"https:\/\/naturalbikes.cl\/index.php?rest_route=%2Fwp%2Fv2%2Fmedia&parent=21030"}],"wp:term":[{"taxonomy":"product_cat","embeddable":true,"href":"https:\/\/naturalbikes.cl\/index.php?rest_route=%2Fwp%2Fv2%2Fproduct_cat&post=21030"},{"taxonomy":"product_tag","embeddable":true,"href":"https:\/\/naturalbikes.cl\/index.php?rest_route=%2Fwp%2Fv2%2Fproduct_tag&post=21030"}],"curies":[{"name":"wp","href":"https:\/\/api.w.org\/{rel}","templated":true}]}}