{"id":21012,"date":"2024-08-04T23:12:57","date_gmt":"2024-08-05T03:12:57","guid":{"rendered":"https:\/\/naturalbikes.cl\/?post_type=product&#038;p=21012"},"modified":"2026-01-06T17:12:01","modified_gmt":"2026-01-06T20:12:01","slug":"bicicleta-giant-revolt-advanced-1-my23","status":"publish","type":"product","link":"https:\/\/naturalbikes.cl\/?product=bicicleta-giant-revolt-advanced-1-my23","title":{"rendered":"Bicicleta Giant Revolt Advanced  1"},"content":{"rendered":"<div id=\"intro\" class=\"content-wrapper-grey text-center padding-top-and-bottom\">\n<div class=\"container\">\n<p><a href=\"https:\/\/naturalbikes.cl\/wp-content\/uploads\/2024\/08\/giant-bicycles-new-20202103.jpg\"><img fetchpriority=\"high\" decoding=\"async\" class=\"size-medium wp-image-20970 aligncenter\" src=\"https:\/\/naturalbikes.cl\/wp-content\/uploads\/2024\/08\/giant-bicycles-new-20202103-300x225.jpg\" alt=\"\" width=\"300\" height=\"225\" srcset=\"https:\/\/naturalbikes.cl\/wp-content\/uploads\/2024\/08\/giant-bicycles-new-20202103-300x225.jpg 300w, https:\/\/naturalbikes.cl\/wp-content\/uploads\/2024\/08\/giant-bicycles-new-20202103-768x576.jpg 768w, https:\/\/naturalbikes.cl\/wp-content\/uploads\/2024\/08\/giant-bicycles-new-20202103-450x338.jpg 450w, https:\/\/naturalbikes.cl\/wp-content\/uploads\/2024\/08\/giant-bicycles-new-20202103-800x600.jpg 800w, https:\/\/naturalbikes.cl\/wp-content\/uploads\/2024\/08\/giant-bicycles-new-20202103.jpg 866w\" sizes=\"(max-width: 300px) 100vw, 300px\" \/><\/a><\/p>\n<section class=\"s_text_block o_colored_level pb0 pt0\" data-snippet=\"s_text_block\" data-name=\"Enunciado 1\">\n<div class=\"container s_allow_columns\">\n<p><b>CARRETERAS EN MAL ESTADO, GRAVILLA O TIERRA. INDEPENDIENTEMENTE DE C\u00d3MO ELIJAS RODAR, ESTA BICI LO AGUANTA TODO. EL CUADRO LIGERO DE CARBONO Y DE CONDUCCI\u00d3N SUAVE, Y LA DISTANCIA ENTRE EJES AJUSTABLE LO HACEN M\u00c1S CAPAZ QUE NUNCA.<\/b><\/p>\n<\/div>\n<\/section>\n<section class=\"s_title o_colored_level pb0 pt4\" data-vcss=\"001\" data-snippet=\"s_title\" data-name=\"T\u00edtulo columnas\">\n<div class=\"container s_allow_columns\">\n<h4><em><span class=\"o_default_snippet_text\"><b class=\"o_default_snippet_text\">FACTORES CLAVE DE RENDIMIENTO<\/b><\/span><\/em><\/h4>\n<\/div>\n<\/section>\n<section class=\"s_three_columns bg-200 pt32 pb32 o_colored_level\" data-vcss=\"001\" data-snippet=\"s_three_columns\" data-name=\"Columnas\">\n<div class=\"container\">\n<div class=\"row d-flex align-items-stretch\">\n<div class=\"col-lg-4 s_col_no_bgcolor pt16 pb16\">\n<div class=\"card bg-white h-100\">\n<div class=\"card-body\">\n<h3 class=\"card-title\">Velocidad y Ligereza<\/h3>\n<p class=\"card-text\">El cuadro y horquilla de carbono Advanced ahorran m\u00e1s de 160 gramos en comparaci\u00f3n con el modelo anterior. La geometr\u00eda actualizada incluye un eje de padalier m\u00e1s bajo, un reach m\u00e1s largo y un \u00e1ngulo de direcci\u00f3n m\u00e1s pronunciado para mejorar la aceleraci\u00f3n y las subidas.<\/p>\n<\/div>\n<\/div>\n<\/div>\n<div class=\"col-lg-4 s_col_no_bgcolor pt16 pb16\">\n<div class=\"card bg-white h-100\">\n<div class=\"card-body\">\n<h3 class=\"card-title\">Flexi\u00f3n ajustada<\/h3>\n<p class=\"card-text\">Los tirantes m\u00e1s finos y bajos absorben los impactos y vibraciones del camino. El manillar y tija de sill\u00edn D-Fuse trabajan conjuntamente como un sistema para ganar flexibilidad sin sacrificar la rigidez durante los giros, esprines o subidas.<\/p>\n<\/div>\n<\/div>\n<\/div>\n<div class=\"col-lg-4 s_col_no_bgcolor pt16 pb16\">\n<div class=\"card bg-white h-100\">\n<div class=\"card-body\">\n<h3 class=\"card-title\">Adaptable al terreno<\/h3>\n<p class=\"card-text\">Un flip chip en la patilla trasera ajusta la base de la rueda en la posici\u00f3n corta para un manejo r\u00e1pido, o en la posici\u00f3n larga para mayor estabilidad a altas velocidades. La configuraci\u00f3n larga te permite montar neum\u00e1ticos de hasta 53mm de di\u00e1metro. Tambi\u00e9n puedes escoger la tija de sill\u00edn D-Fuse incluida para m\u00e1xima flexibilidad, o cambiar a una tija circular de 30.9 mm est\u00e1ndar o telesc\u00f3pica.<\/p>\n<\/div>\n<\/div>\n<\/div>\n<\/div>\n<\/div>\n<\/section>\n<section class=\"s_picture bg-200 pb24 o_colored_level pt0\" data-snippet=\"s_picture\" data-name=\"Imagen especificaciones\">\n<div class=\"container-fluid\">\n<div class=\"row s_nb_column_fixed\">\n<div class=\"offset-lg-1 pb24 o_colored_level pt0 col-lg-10\">\n<figure class=\"figure\"><img decoding=\"async\" class=\"figure-img img-thumbnail padding-large d-block mx-auto lazyloaded\" title=\"\" src=\"https:\/\/disandina.odoo.com\/web\/image\/20725-2121bd27\/Captura%20de%20Pantalla%202023-02-01%20a%20la%28s%29%2012.06.27.png?access_token=375fe3c0-792d-45b8-a5d3-8b10b99253a4\" alt=\"\" data-original-title=\"\" aria-describedby=\"tooltip831217\" data-original-id=\"20723\" data-original-=\"\" data-mimetype=\"image\/png\" data-resize-width=\"962\" data-src=\"https:\/\/disandina.odoo.com\/web\/image\/20725-2121bd27\/Captura%20de%20Pantalla%202023-02-01%20a%20la%28s%29%2012.06.27.png?access_token=375fe3c0-792d-45b8-a5d3-8b10b99253a4\" \/><\/figure>\n<\/div>\n<\/div>\n<\/div>\n<\/section>\n<\/div>\n<\/div>\n","protected":false},"excerpt":{"rendered":"<p><a href=\"https:\/\/naturalbikes.cl\/wp-content\/uploads\/2024\/08\/giant-bicycles-new-20202103.jpg\"><img decoding=\"async\" class=\"size-medium wp-image-20970 alignleft\" src=\"https:\/\/naturalbikes.cl\/wp-content\/uploads\/2024\/08\/giant-bicycles-new-20202103-300x225.jpg\" alt=\"\" width=\"300\" height=\"225\" srcset=\"https:\/\/naturalbikes.cl\/wp-content\/uploads\/2024\/08\/giant-bicycles-new-20202103-300x225.jpg 300w, https:\/\/naturalbikes.cl\/wp-content\/uploads\/2024\/08\/giant-bicycles-new-20202103-768x576.jpg 768w, https:\/\/naturalbikes.cl\/wp-content\/uploads\/2024\/08\/giant-bicycles-new-20202103-450x338.jpg 450w, https:\/\/naturalbikes.cl\/wp-content\/uploads\/2024\/08\/giant-bicycles-new-20202103-800x600.jpg 800w, https:\/\/naturalbikes.cl\/wp-content\/uploads\/2024\/08\/giant-bicycles-new-20202103.jpg 866w\" sizes=\"(max-width: 300px) 100vw, 300px\" \/><\/a><\/p>\n<blockquote class=\"\" data-sourcepos=\"7:1-7:343\">\n<p data-sourcepos=\"7:3-7:343\"><strong>Giant Revolt Advanced 1.<\/strong> \u00a1Domina cualquier terreno! La Revolt Advanced 1 es la bicicleta de gravel definitiva para aquellos que buscan velocidad y versatilidad. Su cuadro de carbono ligero y de conducci\u00f3n suave la hacen perfecta para aventuras en carretera y fuera de ella. #Giant #RevoltAdvanced1 #gravel #carbono #vers\u00e1til #rendimiento<\/p>\n<\/blockquote>\n","protected":false},"featured_media":21013,"comment_status":"open","ping_status":"closed","template":"","meta":[],"product_cat":[205,195,1363],"product_tag":[1210,819,995,1368,1364],"class_list":{"0":"post-21012","1":"product","2":"type-product","3":"status-publish","4":"has-post-thumbnail","6":"product_brand-giant","7":"product_cat-bicicleta-gravel","8":"product_cat-bicicletas","9":"product_cat-giant-bicicleta-gravel","10":"product_tag-bicicleta-carbono","11":"product_tag-bicicleta-gravel","12":"product_tag-giant","13":"product_tag-giant-gravel","14":"product_tag-giant-revolt","16":"first","17":"outofstock","18":"taxable","19":"shipping-taxable","20":"purchasable","21":"product-type-variable","22":"rtwpvg-product"},"yoast_head":"<!-- This site is optimized with the Yoast SEO Premium plugin v24.8 (Yoast SEO v25.6) - https:\/\/yoast.com\/wordpress\/plugins\/seo\/ -->\n<title>Bicicleta Giant Revolt Advanced 1 - NaturalBikes<\/title>\n<meta name=\"description\" content=\"Giant Revolt Advanced 1. \u00a1Domina cualquier terreno! La Revolt Advanced 1 es la bicicleta de gravel definitiva para aquellos que buscan velocidad y versatilidad. Su cuadro de carbono ligero y de conducci\u00f3n suave la hacen perfecta para aventuras en carretera y fuera de ella. #Giant #RevoltAdvanced1 #gravel #carbono #vers\u00e1til #rendimiento\" \/>\n<meta name=\"robots\" content=\"index, follow, max-snippet:-1, max-image-preview:large, max-video-preview:-1\" \/>\n<link rel=\"canonical\" href=\"https:\/\/naturalbikes.cl\/?product=bicicleta-giant-revolt-advanced-1-my23\" \/>\n<meta property=\"og:locale\" content=\"es_ES\" \/>\n<meta property=\"og:type\" content=\"article\" \/>\n<meta property=\"og:title\" content=\"Bicicleta Giant Revolt Advanced 1\" \/>\n<meta property=\"og:description\" content=\"Ofrecer a nuestros clientes apasionados por el ciclismo de monta\u00f1a la mejor experiencia en productos, conocimientos especializados y servicios excepcionales. Nos comprometemos a proporcionar una amplia gama de bicicletas, accesorios y equipo de alta calidad, junto con asesoramiento experto y atenci\u00f3n personalizada para cada ciclista, para que puedan explorar, disfrutar y maximizar su aventura en el mundo del MTB\" \/>\n<meta property=\"og:url\" content=\"https:\/\/naturalbikes.cl\/?product=bicicleta-giant-revolt-advanced-1-my23\" \/>\n<meta property=\"og:site_name\" content=\"NaturalBikes\" \/>\n<meta property=\"article:publisher\" content=\"https:\/\/www.facebook.com\/naturalbikescl\" \/>\n<meta property=\"article:modified_time\" content=\"2026-01-06T20:12:01+00:00\" \/>\n<meta property=\"og:image\" content=\"https:\/\/naturalbikes.cl\/wp-content\/uploads\/2024\/08\/f1dcf5013963e9f8e762d697b9b66567.webp\" \/>\n\t<meta property=\"og:image:width\" content=\"1133\" \/>\n\t<meta property=\"og:image:height\" content=\"850\" \/>\n\t<meta property=\"og:image:type\" content=\"image\/webp\" \/>\n<meta name=\"twitter:card\" content=\"summary_large_image\" \/>\n<meta name=\"twitter:label1\" content=\"Tiempo de lectura\" \/>\n\t<meta name=\"twitter:data1\" content=\"2 minutos\" \/>\n<script type=\"application\/ld+json\" class=\"yoast-schema-graph\">{\"@context\":\"https:\/\/schema.org\",\"@graph\":[{\"@type\":\"WebPage\",\"@id\":\"https:\/\/naturalbikes.cl\/?product=bicicleta-giant-revolt-advanced-1-my23\",\"url\":\"https:\/\/naturalbikes.cl\/?product=bicicleta-giant-revolt-advanced-1-my23\",\"name\":\"Bicicleta Giant Revolt Advanced 1 - NaturalBikes\",\"isPartOf\":{\"@id\":\"https:\/\/naturalbikes.cl\/#website\"},\"primaryImageOfPage\":{\"@id\":\"https:\/\/naturalbikes.cl\/?product=bicicleta-giant-revolt-advanced-1-my23#primaryimage\"},\"image\":{\"@id\":\"https:\/\/naturalbikes.cl\/?product=bicicleta-giant-revolt-advanced-1-my23#primaryimage\"},\"thumbnailUrl\":\"https:\/\/naturalbikes.cl\/wp-content\/uploads\/2024\/08\/f1dcf5013963e9f8e762d697b9b66567.webp\",\"datePublished\":\"2024-08-05T03:12:57+00:00\",\"dateModified\":\"2026-01-06T20:12:01+00:00\",\"description\":\"Giant Revolt Advanced 1. \u00a1Domina cualquier terreno! La Revolt Advanced 1 es la bicicleta de gravel definitiva para aquellos que buscan velocidad y versatilidad. Su cuadro de carbono ligero y de conducci\u00f3n suave la hacen perfecta para aventuras en carretera y fuera de ella. #Giant #RevoltAdvanced1 #gravel #carbono #vers\u00e1til #rendimiento\",\"breadcrumb\":{\"@id\":\"https:\/\/naturalbikes.cl\/?product=bicicleta-giant-revolt-advanced-1-my23#breadcrumb\"},\"inLanguage\":\"es\",\"potentialAction\":[{\"@type\":\"ReadAction\",\"target\":[\"https:\/\/naturalbikes.cl\/?product=bicicleta-giant-revolt-advanced-1-my23\"]}]},{\"@type\":\"ImageObject\",\"inLanguage\":\"es\",\"@id\":\"https:\/\/naturalbikes.cl\/?product=bicicleta-giant-revolt-advanced-1-my23#primaryimage\",\"url\":\"https:\/\/naturalbikes.cl\/wp-content\/uploads\/2024\/08\/f1dcf5013963e9f8e762d697b9b66567.webp\",\"contentUrl\":\"https:\/\/naturalbikes.cl\/wp-content\/uploads\/2024\/08\/f1dcf5013963e9f8e762d697b9b66567.webp\",\"width\":1133,\"height\":850},{\"@type\":\"BreadcrumbList\",\"@id\":\"https:\/\/naturalbikes.cl\/?product=bicicleta-giant-revolt-advanced-1-my23#breadcrumb\",\"itemListElement\":[{\"@type\":\"ListItem\",\"position\":1,\"name\":\"Portada\",\"item\":\"https:\/\/naturalbikes.cl\/\"},{\"@type\":\"ListItem\",\"position\":2,\"name\":\"Tienda NB\",\"item\":\"https:\/\/naturalbikes.cl\/?page_id=7843\"},{\"@type\":\"ListItem\",\"position\":3,\"name\":\"Giant\",\"item\":\"https:\/\/naturalbikes.cl\/?product_brand=giant\"},{\"@type\":\"ListItem\",\"position\":4,\"name\":\"Bicicleta Giant Revolt Advanced 1\"}]},{\"@type\":\"WebSite\",\"@id\":\"https:\/\/naturalbikes.cl\/#website\",\"url\":\"https:\/\/naturalbikes.cl\/\",\"name\":\"Natural Bikes\",\"description\":\"Tienda de bicicletas repuestos accesorios taller mantenimiento clases salidas\",\"publisher\":{\"@id\":\"https:\/\/naturalbikes.cl\/#organization\"},\"alternateName\":\"Natural Bikes\",\"potentialAction\":[{\"@type\":\"SearchAction\",\"target\":{\"@type\":\"EntryPoint\",\"urlTemplate\":\"https:\/\/naturalbikes.cl\/?s={search_term_string}\"},\"query-input\":{\"@type\":\"PropertyValueSpecification\",\"valueRequired\":true,\"valueName\":\"search_term_string\"}}],\"inLanguage\":\"es\"},{\"@type\":\"Organization\",\"@id\":\"https:\/\/naturalbikes.cl\/#organization\",\"name\":\"Natural Bikes\",\"alternateName\":\"Natural Bikes\",\"url\":\"https:\/\/naturalbikes.cl\/\",\"logo\":{\"@type\":\"ImageObject\",\"inLanguage\":\"es\",\"@id\":\"https:\/\/naturalbikes.cl\/#\/schema\/logo\/image\/\",\"url\":\"https:\/\/naturalbikes.cl\/wp-content\/uploads\/2024\/05\/2023-10-10-10.44.12.jpg\",\"contentUrl\":\"https:\/\/naturalbikes.cl\/wp-content\/uploads\/2024\/05\/2023-10-10-10.44.12.jpg\",\"width\":650,\"height\":650,\"caption\":\"Natural Bikes\"},\"image\":{\"@id\":\"https:\/\/naturalbikes.cl\/#\/schema\/logo\/image\/\"},\"sameAs\":[\"https:\/\/www.facebook.com\/naturalbikescl\",\"https:\/\/www.instagram.com\/natural.bikes\",\"https:\/\/www.tiktok.com\/@natural.bikes\"],\"description\":\"Ofrecer a nuestros clientes apasionados por el ciclismo de monta\u00f1a la mejor experiencia en productos, conocimientos especializados y servicios excepcionales. Nos comprometemos a proporcionar una amplia gama de bicicletas, accesorios y equipo de alta calidad, junto con asesoramiento experto y atenci\u00f3n personalizada para cada ciclista, para que puedan explorar, disfrutar y maximizar su aventura en el mundo del MTB\",\"email\":\"naturalbikes1@gmail.com\",\"telephone\":\"56977043878\",\"legalName\":\"Natural Bikes Limitada\",\"foundingDate\":\"2024-01-01\",\"vatID\":\"76699553-5\",\"taxID\":\"76699553-5\",\"numberOfEmployees\":{\"@type\":\"QuantitativeValue\",\"minValue\":\"1\",\"maxValue\":\"10\"},\"publishingPrinciples\":\"https:\/\/naturalbikes.cl\/?page_id=7843\",\"ownershipFundingInfo\":\"https:\/\/naturalbikes.cl\/?page_id=7843\",\"actionableFeedbackPolicy\":\"https:\/\/naturalbikes.cl\/?page_id=14797\",\"correctionsPolicy\":\"https:\/\/naturalbikes.cl\/?page_id=3\",\"ethicsPolicy\":\"https:\/\/naturalbikes.cl\/?page_id=7843\",\"diversityPolicy\":\"https:\/\/naturalbikes.cl\/?page_id=11734\",\"diversityStaffingReport\":\"https:\/\/naturalbikes.cl\/?page_id=12161\"}]}<\/script>\n<!-- \/ Yoast SEO Premium plugin. -->","yoast_head_json":{"title":"Bicicleta Giant Revolt Advanced 1 - NaturalBikes","description":"Giant Revolt Advanced 1. \u00a1Domina cualquier terreno! La Revolt Advanced 1 es la bicicleta de gravel definitiva para aquellos que buscan velocidad y versatilidad. Su cuadro de carbono ligero y de conducci\u00f3n suave la hacen perfecta para aventuras en carretera y fuera de ella. #Giant #RevoltAdvanced1 #gravel #carbono #vers\u00e1til #rendimiento","robots":{"index":"index","follow":"follow","max-snippet":"max-snippet:-1","max-image-preview":"max-image-preview:large","max-video-preview":"max-video-preview:-1"},"canonical":"https:\/\/naturalbikes.cl\/?product=bicicleta-giant-revolt-advanced-1-my23","og_locale":"es_ES","og_type":"article","og_title":"Bicicleta Giant Revolt Advanced 1","og_description":"Ofrecer a nuestros clientes apasionados por el ciclismo de monta\u00f1a la mejor experiencia en productos, conocimientos especializados y servicios excepcionales. Nos comprometemos a proporcionar una amplia gama de bicicletas, accesorios y equipo de alta calidad, junto con asesoramiento experto y atenci\u00f3n personalizada para cada ciclista, para que puedan explorar, disfrutar y maximizar su aventura en el mundo del MTB","og_url":"https:\/\/naturalbikes.cl\/?product=bicicleta-giant-revolt-advanced-1-my23","og_site_name":"NaturalBikes","article_publisher":"https:\/\/www.facebook.com\/naturalbikescl","article_modified_time":"2026-01-06T20:12:01+00:00","og_image":[{"width":1133,"height":850,"url":"https:\/\/naturalbikes.cl\/wp-content\/uploads\/2024\/08\/f1dcf5013963e9f8e762d697b9b66567.webp","type":"image\/webp"}],"twitter_card":"summary_large_image","twitter_misc":{"Tiempo de lectura":"2 minutos"},"schema":{"@context":"https:\/\/schema.org","@graph":[{"@type":"WebPage","@id":"https:\/\/naturalbikes.cl\/?product=bicicleta-giant-revolt-advanced-1-my23","url":"https:\/\/naturalbikes.cl\/?product=bicicleta-giant-revolt-advanced-1-my23","name":"Bicicleta Giant Revolt Advanced 1 - NaturalBikes","isPartOf":{"@id":"https:\/\/naturalbikes.cl\/#website"},"primaryImageOfPage":{"@id":"https:\/\/naturalbikes.cl\/?product=bicicleta-giant-revolt-advanced-1-my23#primaryimage"},"image":{"@id":"https:\/\/naturalbikes.cl\/?product=bicicleta-giant-revolt-advanced-1-my23#primaryimage"},"thumbnailUrl":"https:\/\/naturalbikes.cl\/wp-content\/uploads\/2024\/08\/f1dcf5013963e9f8e762d697b9b66567.webp","datePublished":"2024-08-05T03:12:57+00:00","dateModified":"2026-01-06T20:12:01+00:00","description":"Giant Revolt Advanced 1. \u00a1Domina cualquier terreno! La Revolt Advanced 1 es la bicicleta de gravel definitiva para aquellos que buscan velocidad y versatilidad. Su cuadro de carbono ligero y de conducci\u00f3n suave la hacen perfecta para aventuras en carretera y fuera de ella. #Giant #RevoltAdvanced1 #gravel #carbono #vers\u00e1til #rendimiento","breadcrumb":{"@id":"https:\/\/naturalbikes.cl\/?product=bicicleta-giant-revolt-advanced-1-my23#breadcrumb"},"inLanguage":"es","potentialAction":[{"@type":"ReadAction","target":["https:\/\/naturalbikes.cl\/?product=bicicleta-giant-revolt-advanced-1-my23"]}]},{"@type":"ImageObject","inLanguage":"es","@id":"https:\/\/naturalbikes.cl\/?product=bicicleta-giant-revolt-advanced-1-my23#primaryimage","url":"https:\/\/naturalbikes.cl\/wp-content\/uploads\/2024\/08\/f1dcf5013963e9f8e762d697b9b66567.webp","contentUrl":"https:\/\/naturalbikes.cl\/wp-content\/uploads\/2024\/08\/f1dcf5013963e9f8e762d697b9b66567.webp","width":1133,"height":850},{"@type":"BreadcrumbList","@id":"https:\/\/naturalbikes.cl\/?product=bicicleta-giant-revolt-advanced-1-my23#breadcrumb","itemListElement":[{"@type":"ListItem","position":1,"name":"Portada","item":"https:\/\/naturalbikes.cl\/"},{"@type":"ListItem","position":2,"name":"Tienda NB","item":"https:\/\/naturalbikes.cl\/?page_id=7843"},{"@type":"ListItem","position":3,"name":"Giant","item":"https:\/\/naturalbikes.cl\/?product_brand=giant"},{"@type":"ListItem","position":4,"name":"Bicicleta Giant Revolt Advanced 1"}]},{"@type":"WebSite","@id":"https:\/\/naturalbikes.cl\/#website","url":"https:\/\/naturalbikes.cl\/","name":"Natural Bikes","description":"Tienda de bicicletas repuestos accesorios taller mantenimiento clases salidas","publisher":{"@id":"https:\/\/naturalbikes.cl\/#organization"},"alternateName":"Natural Bikes","potentialAction":[{"@type":"SearchAction","target":{"@type":"EntryPoint","urlTemplate":"https:\/\/naturalbikes.cl\/?s={search_term_string}"},"query-input":{"@type":"PropertyValueSpecification","valueRequired":true,"valueName":"search_term_string"}}],"inLanguage":"es"},{"@type":"Organization","@id":"https:\/\/naturalbikes.cl\/#organization","name":"Natural Bikes","alternateName":"Natural Bikes","url":"https:\/\/naturalbikes.cl\/","logo":{"@type":"ImageObject","inLanguage":"es","@id":"https:\/\/naturalbikes.cl\/#\/schema\/logo\/image\/","url":"https:\/\/naturalbikes.cl\/wp-content\/uploads\/2024\/05\/2023-10-10-10.44.12.jpg","contentUrl":"https:\/\/naturalbikes.cl\/wp-content\/uploads\/2024\/05\/2023-10-10-10.44.12.jpg","width":650,"height":650,"caption":"Natural Bikes"},"image":{"@id":"https:\/\/naturalbikes.cl\/#\/schema\/logo\/image\/"},"sameAs":["https:\/\/www.facebook.com\/naturalbikescl","https:\/\/www.instagram.com\/natural.bikes","https:\/\/www.tiktok.com\/@natural.bikes"],"description":"Ofrecer a nuestros clientes apasionados por el ciclismo de monta\u00f1a la mejor experiencia en productos, conocimientos especializados y servicios excepcionales. Nos comprometemos a proporcionar una amplia gama de bicicletas, accesorios y equipo de alta calidad, junto con asesoramiento experto y atenci\u00f3n personalizada para cada ciclista, para que puedan explorar, disfrutar y maximizar su aventura en el mundo del MTB","email":"naturalbikes1@gmail.com","telephone":"56977043878","legalName":"Natural Bikes Limitada","foundingDate":"2024-01-01","vatID":"76699553-5","taxID":"76699553-5","numberOfEmployees":{"@type":"QuantitativeValue","minValue":"1","maxValue":"10"},"publishingPrinciples":"https:\/\/naturalbikes.cl\/?page_id=7843","ownershipFundingInfo":"https:\/\/naturalbikes.cl\/?page_id=7843","actionableFeedbackPolicy":"https:\/\/naturalbikes.cl\/?page_id=14797","correctionsPolicy":"https:\/\/naturalbikes.cl\/?page_id=3","ethicsPolicy":"https:\/\/naturalbikes.cl\/?page_id=7843","diversityPolicy":"https:\/\/naturalbikes.cl\/?page_id=11734","diversityStaffingReport":"https:\/\/naturalbikes.cl\/?page_id=12161"}]}},"_links":{"self":[{"href":"https:\/\/naturalbikes.cl\/index.php?rest_route=\/wp\/v2\/product\/21012"}],"collection":[{"href":"https:\/\/naturalbikes.cl\/index.php?rest_route=\/wp\/v2\/product"}],"about":[{"href":"https:\/\/naturalbikes.cl\/index.php?rest_route=\/wp\/v2\/types\/product"}],"replies":[{"embeddable":true,"href":"https:\/\/naturalbikes.cl\/index.php?rest_route=%2Fwp%2Fv2%2Fcomments&post=21012"}],"wp:featuredmedia":[{"embeddable":true,"href":"https:\/\/naturalbikes.cl\/index.php?rest_route=\/wp\/v2\/media\/21013"}],"wp:attachment":[{"href":"https:\/\/naturalbikes.cl\/index.php?rest_route=%2Fwp%2Fv2%2Fmedia&parent=21012"}],"wp:term":[{"taxonomy":"product_cat","embeddable":true,"href":"https:\/\/naturalbikes.cl\/index.php?rest_route=%2Fwp%2Fv2%2Fproduct_cat&post=21012"},{"taxonomy":"product_tag","embeddable":true,"href":"https:\/\/naturalbikes.cl\/index.php?rest_route=%2Fwp%2Fv2%2Fproduct_tag&post=21012"}],"curies":[{"name":"wp","href":"https:\/\/api.w.org\/{rel}","templated":true}]}}