{"id":21004,"date":"2024-08-04T22:11:56","date_gmt":"2024-08-05T02:11:56","guid":{"rendered":"https:\/\/naturalbikes.cl\/?post_type=product&#038;p=21004"},"modified":"2026-01-06T17:12:01","modified_gmt":"2026-01-06T20:12:01","slug":"bicicleta-giant-xtc-advanced-3-my24","status":"publish","type":"product","link":"https:\/\/naturalbikes.cl\/?product=bicicleta-giant-xtc-advanced-3-my24","title":{"rendered":"Bicicleta Giant XTC Advanced 3"},"content":{"rendered":"<p><a href=\"https:\/\/naturalbikes.cl\/wp-content\/uploads\/2024\/08\/giant-bicycles-new-20202103.jpg\"><img fetchpriority=\"high\" decoding=\"async\" class=\"size-medium wp-image-20970 aligncenter\" src=\"https:\/\/naturalbikes.cl\/wp-content\/uploads\/2024\/08\/giant-bicycles-new-20202103-300x225.jpg\" alt=\"\" width=\"300\" height=\"225\" srcset=\"https:\/\/naturalbikes.cl\/wp-content\/uploads\/2024\/08\/giant-bicycles-new-20202103-300x225.jpg 300w, https:\/\/naturalbikes.cl\/wp-content\/uploads\/2024\/08\/giant-bicycles-new-20202103-768x576.jpg 768w, https:\/\/naturalbikes.cl\/wp-content\/uploads\/2024\/08\/giant-bicycles-new-20202103-450x338.jpg 450w, https:\/\/naturalbikes.cl\/wp-content\/uploads\/2024\/08\/giant-bicycles-new-20202103-800x600.jpg 800w, https:\/\/naturalbikes.cl\/wp-content\/uploads\/2024\/08\/giant-bicycles-new-20202103.jpg 866w\" sizes=\"(max-width: 300px) 100vw, 300px\" \/><\/a><em><strong><span style=\"font-family: var(--e-global-typography-accent-font-family); font-size: 40px;\">DESCRIPCI\u00d3N<\/span><\/strong><\/em><\/p>\n<div id=\"intro\" class=\"content-wrapper-grey text-center padding-top-and-bottom\">\n<div class=\"container\">\n<div id=\"keyperformancefactors\">\n<h3 class=\"line-behind\"><em>FACTORES CLAVE DE RENDIMIENTO<\/em><\/h3>\n<div class=\"row\">\n<div class=\"item col-md-4 col-sm-12\">\n<h4>Ligera y Reactiva<\/h4>\n<p>Un cuadro de carbono Advanced, hecho a mano, brinda a los corredores y ciclistas de XC una ventaja competitiva para escalar, acelerar y esprintar.<\/p>\n<\/div>\n<div class=\"item col-md-4 col-sm-12\">\n<h4>Concebida para el XC<\/h4>\n<p>El cuadro est\u00e1 dise\u00f1ado con una alta relaci\u00f3n rigidez-peso ofreciendo as\u00ed una potencia de pedaleo eficiente y un control preciso en los senderos.<\/p>\n<\/div>\n<div class=\"item col-md-4 col-sm-12\">\n<h4>Personalizado<\/h4>\n<p>Cada cuadro est\u00e1 personalizado seg\u00fan su tama\u00f1o. Dise\u00f1ada especialmente para terrenos de cross country, la XTC te brinda comodidad.<\/p>\n<\/div>\n<\/div>\n<\/div>\n<\/div>\n<\/div>\n<div id=\"gallery\" class=\"content-wrapper content-wrapper-gallery-scrollstyle padding-top-and-bottom scrollmenu-target\">\n<div class=\"container-fluid\">\n<div class=\"tiles tiles-centered\">\n<div class=\"row\">\n<div class=\"tile col-lg-4 col-md-4 col-sm-6 col=xs-6 col-xxs-12\">\n<div class=\"article\"><\/div>\n<\/div>\n<\/div>\n<\/div>\n<\/div>\n<\/div>\n<div id=\"geometry\" class=\"content-wrapper content-wrapper-white padding-top-and-bottom scrollmenu-target\" tabindex=\"-1\">\n<div class=\"container\">\n<h2 class=\"scroll-title extramargin text-center\"><em>Especificaciones<\/em><\/h2>\n<div id=\"geometrytable\" class=\"mobile-wrapper-sizes icon-hand-swipe-container\">\n<div class=\"visible-xs icon-hand-swipe\">\n<div class=\"box\"><img class=\"lazy-loading\" data-src=\"https:\/\/static.giant-bicycles.com\/Images\/Shared\/icon_hand_swipe.png\" \/><\/div>\n<\/div>\n<div class=\"table-wrapper\"><\/div>\n<\/div>\n<\/div>\n<\/div>\n<div id=\"specifications\" class=\"content-wrapper content-wrapper-black padding-top-and-bottom scrollmenu-target\" tabindex=\"-1\">\n<div class=\"container helveticaneuesubstitute\">\n<div class=\"row\">\n<div class=\"col-md-12\">\n<ul class=\"specifications\">\n<li class=\"datarow\">\n<div class=\"label\"><strong>Tallas<\/strong><\/div>\n<div class=\"value\">S, M, L, XL<\/div>\n<\/li>\n<li class=\"datarow\">\n<div class=\"label\"><strong>Colores<\/strong><\/div>\n<div class=\"value\">Sea Sparkle\/Carbon<\/div>\n<\/li>\n<li class=\"datarow\">\n<div class=\"label\"><strong>Cuadro<\/strong><\/div>\n<div class=\"value\">Advanced-grade composite, 12x148mm thru-axle<\/div>\n<\/li>\n<li class=\"datarow\">\n<div class=\"label\"><strong>Horquilla<\/strong><\/div>\n<div class=\"value\">Giant Crest 34 RRL, 100mm, remote lockout<\/div>\n<\/li>\n<li class=\"datarow\">\n<div class=\"label\"><strong>Amortiguador<\/strong><\/div>\n<div class=\"value\">N\/A<\/div>\n<\/li>\n<li class=\"datarow\">\n<div class=\"label\"><strong>Manillar<\/strong><\/div>\n<div class=\"value\">Giant Contact SL XC, 780&#215;31.8mm<\/div>\n<\/li>\n<li class=\"datarow\">\n<div class=\"label\"><strong>Pu\u00f1os<\/strong><\/div>\n<div class=\"value\">Giant XC Pro S:32mm, M:32mm, L:34mm, XL:34mm<\/div>\n<\/li>\n<li class=\"datarow\">\n<div class=\"label\"><strong>Potencia<\/strong><\/div>\n<div class=\"value\">Giant Contact S:60mm, M:70mm, L:80mm, XL:90mm<\/div>\n<\/li>\n<li class=\"datarow\">\n<div class=\"label\"><strong>Tija de sill\u00edn<\/strong><\/div>\n<div class=\"value\">Giant Connect, 30.9x400mm<\/div>\n<\/li>\n<li class=\"datarow\">\n<div class=\"label\"><strong>Sill\u00edn<\/strong><\/div>\n<div class=\"value\">Giant Approach<\/div>\n<\/li>\n<li class=\"datarow\">\n<div class=\"label\"><strong>Pedales<\/strong><\/div>\n<div class=\"value\">N\/A<\/div>\n<\/li>\n<li class=\"datarow\">\n<div class=\"label\"><strong>Manetas de cambio<\/strong><\/div>\n<div class=\"value\">Shimano Deore, 1&#215;12<\/div>\n<\/li>\n<li class=\"datarow\">\n<div class=\"label\"><strong>Desviador<\/strong><\/div>\n<div class=\"value\">N\/A<\/div>\n<\/li>\n<li class=\"datarow\">\n<div class=\"label\"><strong>Cambio trasero<\/strong><\/div>\n<div class=\"value\">Shimano Deore<\/div>\n<\/li>\n<li class=\"datarow\">\n<div class=\"label\"><strong>Frenos<\/strong><\/div>\n<div class=\"value\">Shimano BR-MT410, hydraulic, Shimano RT-26 rotors [F]180mm, [R]160mm<\/div>\n<\/li>\n<li class=\"datarow\">\n<div class=\"label\"><strong>Palancas de frenos<\/strong><\/div>\n<div class=\"value\">Shimano MT-401<\/div>\n<\/li>\n<li class=\"datarow\">\n<div class=\"label\"><strong>Casette<\/strong><\/div>\n<div class=\"value\">Shimano Deore, 10&#215;51<\/div>\n<\/li>\n<li class=\"datarow\">\n<div class=\"label\"><strong>Cadena<\/strong><\/div>\n<div class=\"value\">KMC X-12<\/div>\n<\/li>\n<li class=\"datarow\">\n<div class=\"label\"><strong>Jgo. platos y bielas<\/strong><\/div>\n<div class=\"value\">Praxis Cadet M24, Boost, 32t<\/div>\n<\/li>\n<li class=\"datarow\">\n<div class=\"label\"><strong>Caja de pedalier<\/strong><\/div>\n<div class=\"value\">Praxis, press fit<\/div>\n<\/li>\n<li class=\"datarow\">\n<div class=\"label\"><strong>Llantas<\/strong><\/div>\n<div class=\"value\">Giant XCT 29, 25mm inner width<\/div>\n<\/li>\n<li class=\"datarow\">\n<div class=\"label\"><strong>Bujes<\/strong><\/div>\n<div class=\"value\">alloy, sealed<\/div>\n<\/li>\n<li class=\"datarow\">\n<div class=\"label\"><strong>Radios<\/strong><\/div>\n<div class=\"value\">Sapim<\/div>\n<\/li>\n<li class=\"datarow\">\n<div class=\"label\"><strong>Cubiertas<\/strong><\/div>\n<div class=\"value\">Maxxis Recon Race 29&#215;2.25, foldable, TLR, EXO, tubeless<\/div>\n<\/li>\n<li class=\"datarow\">\n<div class=\"label\"><strong>Extras<\/strong><\/div>\n<div class=\"value\">tubeless prepared, 2.25&#8243; max tire size, 38t max chainring size<\/div>\n<\/li>\n<li class=\"datarow\">\n<div class=\"label\"><strong>Peso<\/strong><\/div>\n<div class=\"value\">\u00bfCu\u00e1nto pesa la bici? Es una pregunta cl\u00e1sica e importante. No existe ning\u00fan est\u00e1ndar en la industria de la bicicleta que permita comparar el peso de una bicicleta de una marca a otra. Lo que a menudo conduce a informaciones err\u00f3neas. Las diferencias descansan en las tallas, los materiales utilizados, los elementos incluidos o n\u00f3 en la evaluaci\u00f3n del peso. Nosotros consideramos que la \u00fanica forma de evaluar el peso de una bici es, sencillamente, prob\u00e1ndola.<\/div>\n<\/li>\n<\/ul>\n<\/div>\n<\/div>\n<\/div>\n<\/div>\n","protected":false},"excerpt":{"rendered":"<p><a href=\"https:\/\/naturalbikes.cl\/wp-content\/uploads\/2024\/08\/giant-bicycles-new-20202103.jpg\"><img decoding=\"async\" class=\"size-medium wp-image-20970 alignleft\" src=\"https:\/\/naturalbikes.cl\/wp-content\/uploads\/2024\/08\/giant-bicycles-new-20202103-300x225.jpg\" alt=\"\" width=\"300\" height=\"225\" srcset=\"https:\/\/naturalbikes.cl\/wp-content\/uploads\/2024\/08\/giant-bicycles-new-20202103-300x225.jpg 300w, https:\/\/naturalbikes.cl\/wp-content\/uploads\/2024\/08\/giant-bicycles-new-20202103-768x576.jpg 768w, https:\/\/naturalbikes.cl\/wp-content\/uploads\/2024\/08\/giant-bicycles-new-20202103-450x338.jpg 450w, https:\/\/naturalbikes.cl\/wp-content\/uploads\/2024\/08\/giant-bicycles-new-20202103-800x600.jpg 800w, https:\/\/naturalbikes.cl\/wp-content\/uploads\/2024\/08\/giant-bicycles-new-20202103.jpg 866w\" sizes=\"(max-width: 300px) 100vw, 300px\" \/><\/a><\/p>\n<blockquote class=\"\" data-sourcepos=\"7:1-7:303\">\n<p data-sourcepos=\"7:3-7:303\"><strong>Giant XTC Advanced 3.<\/strong> \u00a1Sube m\u00e1s r\u00e1pido, baja m\u00e1s fuerte! La XTC Advanced 3 es una m\u00e1quina de XC de carbono ultraligera, dise\u00f1ada para corredores que buscan velocidad y eficiencia en cada pedalada. Perfecta para maratones y competiciones XC. #Giant #XTCAdvanced3 #XC #carbono #ligereza #rendimiento<\/p>\n<\/blockquote>\n<p>&nbsp;<\/p>\n","protected":false},"featured_media":21005,"comment_status":"open","ping_status":"closed","template":"","meta":[],"product_cat":[206,195,1312],"product_tag":[1210,1313,995,1367],"class_list":{"0":"post-21004","1":"product","2":"type-product","3":"status-publish","4":"has-post-thumbnail","6":"product_brand-giant","7":"product_cat-bicicleta-xc","8":"product_cat-bicicletas","9":"product_cat-giant-bicicleta-xc","10":"product_tag-bicicleta-carbono","11":"product_tag-bicicleta-xc","12":"product_tag-giant","13":"product_tag-giant-xtc","15":"first","16":"outofstock","17":"taxable","18":"shipping-taxable","19":"purchasable","20":"product-type-variable","21":"rtwpvg-product"},"yoast_head":"<!-- This site is optimized with the Yoast SEO Premium plugin v24.8 (Yoast SEO v25.6) - https:\/\/yoast.com\/wordpress\/plugins\/seo\/ -->\n<title>Bicicleta Giant XTC Advanced 3 - NaturalBikes<\/title>\n<meta name=\"description\" content=\"Giant XTC Advanced 3. \u00a1Sube m\u00e1s r\u00e1pido, baja m\u00e1s fuerte! La XTC Advanced 3 es una m\u00e1quina de XC de carbono ultraligera, dise\u00f1ada para corredores que buscan velocidad y eficiencia en cada pedalada. Perfecta para maratones y competiciones XC. #Giant #XTCAdvanced3 #XC #carbono #ligereza #rendimiento\" \/>\n<meta name=\"robots\" content=\"index, follow, max-snippet:-1, max-image-preview:large, max-video-preview:-1\" \/>\n<link rel=\"canonical\" href=\"https:\/\/naturalbikes.cl\/?product=bicicleta-giant-xtc-advanced-3-my24\" \/>\n<meta property=\"og:locale\" content=\"es_ES\" \/>\n<meta property=\"og:type\" content=\"article\" \/>\n<meta property=\"og:title\" content=\"Bicicleta Giant XTC Advanced 3\" \/>\n<meta property=\"og:description\" content=\"Ofrecer a nuestros clientes apasionados por el ciclismo de monta\u00f1a la mejor experiencia en productos, conocimientos especializados y servicios excepcionales. Nos comprometemos a proporcionar una amplia gama de bicicletas, accesorios y equipo de alta calidad, junto con asesoramiento experto y atenci\u00f3n personalizada para cada ciclista, para que puedan explorar, disfrutar y maximizar su aventura en el mundo del MTB\" \/>\n<meta property=\"og:url\" content=\"https:\/\/naturalbikes.cl\/?product=bicicleta-giant-xtc-advanced-3-my24\" \/>\n<meta property=\"og:site_name\" content=\"NaturalBikes\" \/>\n<meta property=\"article:publisher\" content=\"https:\/\/www.facebook.com\/naturalbikescl\" \/>\n<meta property=\"article:modified_time\" content=\"2026-01-06T20:12:01+00:00\" \/>\n<meta property=\"og:image\" content=\"https:\/\/naturalbikes.cl\/wp-content\/uploads\/2024\/08\/MY24XTCAdvanced293_ColorASeaSparkle_Carbon.webp\" \/>\n\t<meta property=\"og:image:width\" content=\"1100\" \/>\n\t<meta property=\"og:image:height\" content=\"825\" \/>\n\t<meta property=\"og:image:type\" content=\"image\/webp\" \/>\n<meta name=\"twitter:card\" content=\"summary_large_image\" \/>\n<meta name=\"twitter:label1\" content=\"Tiempo de lectura\" \/>\n\t<meta name=\"twitter:data1\" content=\"2 minutos\" \/>\n<script type=\"application\/ld+json\" class=\"yoast-schema-graph\">{\"@context\":\"https:\/\/schema.org\",\"@graph\":[{\"@type\":\"WebPage\",\"@id\":\"https:\/\/naturalbikes.cl\/?product=bicicleta-giant-xtc-advanced-3-my24\",\"url\":\"https:\/\/naturalbikes.cl\/?product=bicicleta-giant-xtc-advanced-3-my24\",\"name\":\"Bicicleta Giant XTC Advanced 3 - NaturalBikes\",\"isPartOf\":{\"@id\":\"https:\/\/naturalbikes.cl\/#website\"},\"primaryImageOfPage\":{\"@id\":\"https:\/\/naturalbikes.cl\/?product=bicicleta-giant-xtc-advanced-3-my24#primaryimage\"},\"image\":{\"@id\":\"https:\/\/naturalbikes.cl\/?product=bicicleta-giant-xtc-advanced-3-my24#primaryimage\"},\"thumbnailUrl\":\"https:\/\/naturalbikes.cl\/wp-content\/uploads\/2024\/08\/MY24XTCAdvanced293_ColorASeaSparkle_Carbon.webp\",\"datePublished\":\"2024-08-05T02:11:56+00:00\",\"dateModified\":\"2026-01-06T20:12:01+00:00\",\"description\":\"Giant XTC Advanced 3. \u00a1Sube m\u00e1s r\u00e1pido, baja m\u00e1s fuerte! La XTC Advanced 3 es una m\u00e1quina de XC de carbono ultraligera, dise\u00f1ada para corredores que buscan velocidad y eficiencia en cada pedalada. Perfecta para maratones y competiciones XC. #Giant #XTCAdvanced3 #XC #carbono #ligereza #rendimiento\",\"breadcrumb\":{\"@id\":\"https:\/\/naturalbikes.cl\/?product=bicicleta-giant-xtc-advanced-3-my24#breadcrumb\"},\"inLanguage\":\"es\",\"potentialAction\":[{\"@type\":\"ReadAction\",\"target\":[\"https:\/\/naturalbikes.cl\/?product=bicicleta-giant-xtc-advanced-3-my24\"]}]},{\"@type\":\"ImageObject\",\"inLanguage\":\"es\",\"@id\":\"https:\/\/naturalbikes.cl\/?product=bicicleta-giant-xtc-advanced-3-my24#primaryimage\",\"url\":\"https:\/\/naturalbikes.cl\/wp-content\/uploads\/2024\/08\/MY24XTCAdvanced293_ColorASeaSparkle_Carbon.webp\",\"contentUrl\":\"https:\/\/naturalbikes.cl\/wp-content\/uploads\/2024\/08\/MY24XTCAdvanced293_ColorASeaSparkle_Carbon.webp\",\"width\":1100,\"height\":825},{\"@type\":\"BreadcrumbList\",\"@id\":\"https:\/\/naturalbikes.cl\/?product=bicicleta-giant-xtc-advanced-3-my24#breadcrumb\",\"itemListElement\":[{\"@type\":\"ListItem\",\"position\":1,\"name\":\"Portada\",\"item\":\"https:\/\/naturalbikes.cl\/\"},{\"@type\":\"ListItem\",\"position\":2,\"name\":\"Tienda NB\",\"item\":\"https:\/\/naturalbikes.cl\/?page_id=7843\"},{\"@type\":\"ListItem\",\"position\":3,\"name\":\"Giant\",\"item\":\"https:\/\/naturalbikes.cl\/?product_brand=giant\"},{\"@type\":\"ListItem\",\"position\":4,\"name\":\"Bicicleta Giant XTC Advanced 3\"}]},{\"@type\":\"WebSite\",\"@id\":\"https:\/\/naturalbikes.cl\/#website\",\"url\":\"https:\/\/naturalbikes.cl\/\",\"name\":\"Natural Bikes\",\"description\":\"Tienda de bicicletas repuestos accesorios taller mantenimiento clases salidas\",\"publisher\":{\"@id\":\"https:\/\/naturalbikes.cl\/#organization\"},\"alternateName\":\"Natural Bikes\",\"potentialAction\":[{\"@type\":\"SearchAction\",\"target\":{\"@type\":\"EntryPoint\",\"urlTemplate\":\"https:\/\/naturalbikes.cl\/?s={search_term_string}\"},\"query-input\":{\"@type\":\"PropertyValueSpecification\",\"valueRequired\":true,\"valueName\":\"search_term_string\"}}],\"inLanguage\":\"es\"},{\"@type\":\"Organization\",\"@id\":\"https:\/\/naturalbikes.cl\/#organization\",\"name\":\"Natural Bikes\",\"alternateName\":\"Natural Bikes\",\"url\":\"https:\/\/naturalbikes.cl\/\",\"logo\":{\"@type\":\"ImageObject\",\"inLanguage\":\"es\",\"@id\":\"https:\/\/naturalbikes.cl\/#\/schema\/logo\/image\/\",\"url\":\"https:\/\/naturalbikes.cl\/wp-content\/uploads\/2024\/05\/2023-10-10-10.44.12.jpg\",\"contentUrl\":\"https:\/\/naturalbikes.cl\/wp-content\/uploads\/2024\/05\/2023-10-10-10.44.12.jpg\",\"width\":650,\"height\":650,\"caption\":\"Natural Bikes\"},\"image\":{\"@id\":\"https:\/\/naturalbikes.cl\/#\/schema\/logo\/image\/\"},\"sameAs\":[\"https:\/\/www.facebook.com\/naturalbikescl\",\"https:\/\/www.instagram.com\/natural.bikes\",\"https:\/\/www.tiktok.com\/@natural.bikes\"],\"description\":\"Ofrecer a nuestros clientes apasionados por el ciclismo de monta\u00f1a la mejor experiencia en productos, conocimientos especializados y servicios excepcionales. Nos comprometemos a proporcionar una amplia gama de bicicletas, accesorios y equipo de alta calidad, junto con asesoramiento experto y atenci\u00f3n personalizada para cada ciclista, para que puedan explorar, disfrutar y maximizar su aventura en el mundo del MTB\",\"email\":\"naturalbikes1@gmail.com\",\"telephone\":\"56977043878\",\"legalName\":\"Natural Bikes Limitada\",\"foundingDate\":\"2024-01-01\",\"vatID\":\"76699553-5\",\"taxID\":\"76699553-5\",\"numberOfEmployees\":{\"@type\":\"QuantitativeValue\",\"minValue\":\"1\",\"maxValue\":\"10\"},\"publishingPrinciples\":\"https:\/\/naturalbikes.cl\/?page_id=7843\",\"ownershipFundingInfo\":\"https:\/\/naturalbikes.cl\/?page_id=7843\",\"actionableFeedbackPolicy\":\"https:\/\/naturalbikes.cl\/?page_id=14797\",\"correctionsPolicy\":\"https:\/\/naturalbikes.cl\/?page_id=3\",\"ethicsPolicy\":\"https:\/\/naturalbikes.cl\/?page_id=7843\",\"diversityPolicy\":\"https:\/\/naturalbikes.cl\/?page_id=11734\",\"diversityStaffingReport\":\"https:\/\/naturalbikes.cl\/?page_id=12161\"}]}<\/script>\n<!-- \/ Yoast SEO Premium plugin. -->","yoast_head_json":{"title":"Bicicleta Giant XTC Advanced 3 - NaturalBikes","description":"Giant XTC Advanced 3. \u00a1Sube m\u00e1s r\u00e1pido, baja m\u00e1s fuerte! La XTC Advanced 3 es una m\u00e1quina de XC de carbono ultraligera, dise\u00f1ada para corredores que buscan velocidad y eficiencia en cada pedalada. Perfecta para maratones y competiciones XC. #Giant #XTCAdvanced3 #XC #carbono #ligereza #rendimiento","robots":{"index":"index","follow":"follow","max-snippet":"max-snippet:-1","max-image-preview":"max-image-preview:large","max-video-preview":"max-video-preview:-1"},"canonical":"https:\/\/naturalbikes.cl\/?product=bicicleta-giant-xtc-advanced-3-my24","og_locale":"es_ES","og_type":"article","og_title":"Bicicleta Giant XTC Advanced 3","og_description":"Ofrecer a nuestros clientes apasionados por el ciclismo de monta\u00f1a la mejor experiencia en productos, conocimientos especializados y servicios excepcionales. Nos comprometemos a proporcionar una amplia gama de bicicletas, accesorios y equipo de alta calidad, junto con asesoramiento experto y atenci\u00f3n personalizada para cada ciclista, para que puedan explorar, disfrutar y maximizar su aventura en el mundo del MTB","og_url":"https:\/\/naturalbikes.cl\/?product=bicicleta-giant-xtc-advanced-3-my24","og_site_name":"NaturalBikes","article_publisher":"https:\/\/www.facebook.com\/naturalbikescl","article_modified_time":"2026-01-06T20:12:01+00:00","og_image":[{"width":1100,"height":825,"url":"https:\/\/naturalbikes.cl\/wp-content\/uploads\/2024\/08\/MY24XTCAdvanced293_ColorASeaSparkle_Carbon.webp","type":"image\/webp"}],"twitter_card":"summary_large_image","twitter_misc":{"Tiempo de lectura":"2 minutos"},"schema":{"@context":"https:\/\/schema.org","@graph":[{"@type":"WebPage","@id":"https:\/\/naturalbikes.cl\/?product=bicicleta-giant-xtc-advanced-3-my24","url":"https:\/\/naturalbikes.cl\/?product=bicicleta-giant-xtc-advanced-3-my24","name":"Bicicleta Giant XTC Advanced 3 - NaturalBikes","isPartOf":{"@id":"https:\/\/naturalbikes.cl\/#website"},"primaryImageOfPage":{"@id":"https:\/\/naturalbikes.cl\/?product=bicicleta-giant-xtc-advanced-3-my24#primaryimage"},"image":{"@id":"https:\/\/naturalbikes.cl\/?product=bicicleta-giant-xtc-advanced-3-my24#primaryimage"},"thumbnailUrl":"https:\/\/naturalbikes.cl\/wp-content\/uploads\/2024\/08\/MY24XTCAdvanced293_ColorASeaSparkle_Carbon.webp","datePublished":"2024-08-05T02:11:56+00:00","dateModified":"2026-01-06T20:12:01+00:00","description":"Giant XTC Advanced 3. \u00a1Sube m\u00e1s r\u00e1pido, baja m\u00e1s fuerte! La XTC Advanced 3 es una m\u00e1quina de XC de carbono ultraligera, dise\u00f1ada para corredores que buscan velocidad y eficiencia en cada pedalada. Perfecta para maratones y competiciones XC. #Giant #XTCAdvanced3 #XC #carbono #ligereza #rendimiento","breadcrumb":{"@id":"https:\/\/naturalbikes.cl\/?product=bicicleta-giant-xtc-advanced-3-my24#breadcrumb"},"inLanguage":"es","potentialAction":[{"@type":"ReadAction","target":["https:\/\/naturalbikes.cl\/?product=bicicleta-giant-xtc-advanced-3-my24"]}]},{"@type":"ImageObject","inLanguage":"es","@id":"https:\/\/naturalbikes.cl\/?product=bicicleta-giant-xtc-advanced-3-my24#primaryimage","url":"https:\/\/naturalbikes.cl\/wp-content\/uploads\/2024\/08\/MY24XTCAdvanced293_ColorASeaSparkle_Carbon.webp","contentUrl":"https:\/\/naturalbikes.cl\/wp-content\/uploads\/2024\/08\/MY24XTCAdvanced293_ColorASeaSparkle_Carbon.webp","width":1100,"height":825},{"@type":"BreadcrumbList","@id":"https:\/\/naturalbikes.cl\/?product=bicicleta-giant-xtc-advanced-3-my24#breadcrumb","itemListElement":[{"@type":"ListItem","position":1,"name":"Portada","item":"https:\/\/naturalbikes.cl\/"},{"@type":"ListItem","position":2,"name":"Tienda NB","item":"https:\/\/naturalbikes.cl\/?page_id=7843"},{"@type":"ListItem","position":3,"name":"Giant","item":"https:\/\/naturalbikes.cl\/?product_brand=giant"},{"@type":"ListItem","position":4,"name":"Bicicleta Giant XTC Advanced 3"}]},{"@type":"WebSite","@id":"https:\/\/naturalbikes.cl\/#website","url":"https:\/\/naturalbikes.cl\/","name":"Natural Bikes","description":"Tienda de bicicletas repuestos accesorios taller mantenimiento clases salidas","publisher":{"@id":"https:\/\/naturalbikes.cl\/#organization"},"alternateName":"Natural Bikes","potentialAction":[{"@type":"SearchAction","target":{"@type":"EntryPoint","urlTemplate":"https:\/\/naturalbikes.cl\/?s={search_term_string}"},"query-input":{"@type":"PropertyValueSpecification","valueRequired":true,"valueName":"search_term_string"}}],"inLanguage":"es"},{"@type":"Organization","@id":"https:\/\/naturalbikes.cl\/#organization","name":"Natural Bikes","alternateName":"Natural Bikes","url":"https:\/\/naturalbikes.cl\/","logo":{"@type":"ImageObject","inLanguage":"es","@id":"https:\/\/naturalbikes.cl\/#\/schema\/logo\/image\/","url":"https:\/\/naturalbikes.cl\/wp-content\/uploads\/2024\/05\/2023-10-10-10.44.12.jpg","contentUrl":"https:\/\/naturalbikes.cl\/wp-content\/uploads\/2024\/05\/2023-10-10-10.44.12.jpg","width":650,"height":650,"caption":"Natural Bikes"},"image":{"@id":"https:\/\/naturalbikes.cl\/#\/schema\/logo\/image\/"},"sameAs":["https:\/\/www.facebook.com\/naturalbikescl","https:\/\/www.instagram.com\/natural.bikes","https:\/\/www.tiktok.com\/@natural.bikes"],"description":"Ofrecer a nuestros clientes apasionados por el ciclismo de monta\u00f1a la mejor experiencia en productos, conocimientos especializados y servicios excepcionales. Nos comprometemos a proporcionar una amplia gama de bicicletas, accesorios y equipo de alta calidad, junto con asesoramiento experto y atenci\u00f3n personalizada para cada ciclista, para que puedan explorar, disfrutar y maximizar su aventura en el mundo del MTB","email":"naturalbikes1@gmail.com","telephone":"56977043878","legalName":"Natural Bikes Limitada","foundingDate":"2024-01-01","vatID":"76699553-5","taxID":"76699553-5","numberOfEmployees":{"@type":"QuantitativeValue","minValue":"1","maxValue":"10"},"publishingPrinciples":"https:\/\/naturalbikes.cl\/?page_id=7843","ownershipFundingInfo":"https:\/\/naturalbikes.cl\/?page_id=7843","actionableFeedbackPolicy":"https:\/\/naturalbikes.cl\/?page_id=14797","correctionsPolicy":"https:\/\/naturalbikes.cl\/?page_id=3","ethicsPolicy":"https:\/\/naturalbikes.cl\/?page_id=7843","diversityPolicy":"https:\/\/naturalbikes.cl\/?page_id=11734","diversityStaffingReport":"https:\/\/naturalbikes.cl\/?page_id=12161"}]}},"_links":{"self":[{"href":"https:\/\/naturalbikes.cl\/index.php?rest_route=\/wp\/v2\/product\/21004"}],"collection":[{"href":"https:\/\/naturalbikes.cl\/index.php?rest_route=\/wp\/v2\/product"}],"about":[{"href":"https:\/\/naturalbikes.cl\/index.php?rest_route=\/wp\/v2\/types\/product"}],"replies":[{"embeddable":true,"href":"https:\/\/naturalbikes.cl\/index.php?rest_route=%2Fwp%2Fv2%2Fcomments&post=21004"}],"wp:featuredmedia":[{"embeddable":true,"href":"https:\/\/naturalbikes.cl\/index.php?rest_route=\/wp\/v2\/media\/21005"}],"wp:attachment":[{"href":"https:\/\/naturalbikes.cl\/index.php?rest_route=%2Fwp%2Fv2%2Fmedia&parent=21004"}],"wp:term":[{"taxonomy":"product_cat","embeddable":true,"href":"https:\/\/naturalbikes.cl\/index.php?rest_route=%2Fwp%2Fv2%2Fproduct_cat&post=21004"},{"taxonomy":"product_tag","embeddable":true,"href":"https:\/\/naturalbikes.cl\/index.php?rest_route=%2Fwp%2Fv2%2Fproduct_tag&post=21004"}],"curies":[{"name":"wp","href":"https:\/\/api.w.org\/{rel}","templated":true}]}}