{"id":20999,"date":"2024-08-04T21:48:23","date_gmt":"2024-08-05T01:48:23","guid":{"rendered":"https:\/\/naturalbikes.cl\/?post_type=product&#038;p=20999"},"modified":"2026-01-06T17:12:01","modified_gmt":"2026-01-06T20:12:01","slug":"bicicleta-giant-tcx-advanced-pro-1-my24","status":"publish","type":"product","link":"https:\/\/naturalbikes.cl\/?product=bicicleta-giant-tcx-advanced-pro-1-my24","title":{"rendered":"Bicicleta Giant TCx Advanced Pro 1"},"content":{"rendered":"<p style=\"text-align: center;\"><a href=\"https:\/\/naturalbikes.cl\/wp-content\/uploads\/2024\/08\/giant-bicycles-new-20202103.jpg\"><img fetchpriority=\"high\" decoding=\"async\" class=\"size-medium wp-image-20970 aligncenter\" src=\"https:\/\/naturalbikes.cl\/wp-content\/uploads\/2024\/08\/giant-bicycles-new-20202103-300x225.jpg\" alt=\"\" width=\"300\" height=\"225\" srcset=\"https:\/\/naturalbikes.cl\/wp-content\/uploads\/2024\/08\/giant-bicycles-new-20202103-300x225.jpg 300w, https:\/\/naturalbikes.cl\/wp-content\/uploads\/2024\/08\/giant-bicycles-new-20202103-768x576.jpg 768w, https:\/\/naturalbikes.cl\/wp-content\/uploads\/2024\/08\/giant-bicycles-new-20202103-450x338.jpg 450w, https:\/\/naturalbikes.cl\/wp-content\/uploads\/2024\/08\/giant-bicycles-new-20202103-800x600.jpg 800w, https:\/\/naturalbikes.cl\/wp-content\/uploads\/2024\/08\/giant-bicycles-new-20202103.jpg 866w\" sizes=\"(max-width: 300px) 100vw, 300px\" \/><\/a><\/p>\n<h4><strong>Eficiencia nivel \u00e9lite<\/strong><\/h4>\n<ul>\n<li>El cuadro de carbono grado-Advanced es un 17,5 % m\u00e1s ligero que el de la generaci\u00f3n anterior y conserva la mejor rigidez de torsi\u00f3n\/pedaleo de su clase.<\/li>\n<\/ul>\n<h4><strong>Control Total<\/strong><\/h4>\n<ul>\n<li>La tecnolog\u00eda integrada de frenos de disco con flat mount y bujes de eje pasante, combinada con sistema de ruedas Giant Tubeless ready, brinda un control adicional en condiciones variables y todo tipo de clima.<\/li>\n<\/ul>\n<h4><strong>Calidad conducci\u00f3n suave<\/strong><\/h4>\n<ul>\n<li>La innovadora tija de sill\u00edn D-Fuse reduce los impactos y las vibraciones de la carretera, y tambi\u00e9n tienes la opci\u00f3n de montar una tija circular est\u00e1ndar de 30.9 o telesc\u00f3pica dependiendo de tu estilo de conducci\u00f3n y terreno.<\/li>\n<\/ul>\n<h3><em>ESPECIFICACIONES<\/em><\/h3>\n<p><strong>Cuadro<\/strong><br \/>\nAdvanced-grade composite, 12mm thru-axle, disc<\/p>\n<p><strong>Horquilla<\/strong><br \/>\nAdvanced-grade composite, full-composite OverDrive 2 steerer, disc<\/p>\n<p><strong>Amortiguador<\/strong><br \/>\nN\/A<\/p>\n<p><strong>Manillar<\/strong><br \/>\nGiant Contact SL XS:40cm, S:40cm, M:42cm, M\/L:42cm, L:44cm, XL:44cm<\/p>\n<p><strong>Pu\u00f1os<\/strong><br \/>\nStratus Lite 3.0<\/p>\n<p><strong>Potencia<\/strong><br \/>\nGiant Contact SL XS:70mm, S:80mm, M:90mm, M\/L:100mm, L:100mm, XL:110mm<\/p>\n<p><strong>Tija de sill\u00edn<\/strong><br \/>\nGiant D-Fuse SLR, composite, -5\/+15mm offset<\/p>\n<p><strong>Sill\u00edn<\/strong><br \/>\nGiant Approach SL<\/p>\n<p><strong>Pedales<\/strong><br \/>\nN\/A<\/p>\n<p><strong>Manetas de cambio<\/strong><br \/>\nSram Apex AXS 1X12<\/p>\n<p><strong>Desviador<\/strong><br \/>\nN\/A<\/p>\n<p><strong>Cambio trasero<\/strong><br \/>\nSram Apex AXS 1X12<\/p>\n<p><strong>Frenos<\/strong><br \/>\nSram Apex AXS 1X12 HRD, SRAM PaceLine rotors [F]160mm, [R]140mm<\/p>\n<p><strong>Palancas de frenos<\/strong><br \/>\nSRAM Apex AXS hydraulic<\/p>\n<p><strong>Casette<\/strong><br \/>\nSRAM Rival, 12-speed, 10&#215;36<\/p>\n<p><strong>Cadena<\/strong><br \/>\nSRAM Apex D1, 12-speed, CN-APX-D1<\/p>\n<p><strong>Juego platos y bielas<\/strong><br \/>\nSRAM Apex 1 Wide, DUB 1X 40T XS:170mm, S:170mm, M:172.5mm, M\/L:172.5mm, L:175mm, XL:175mm<\/p>\n<p><strong>Caja de pedalier<\/strong><br \/>\nSRAM DUB, press fit<\/p>\n<p><strong>Llantas<\/strong><br \/>\nGiant CXR 2 Carbon Disc WheelSystem, [F] 35mm, [R] 35mm<\/p>\n<p><strong>Bujes<\/strong><br \/>\n[F] Giant alloy, CenterLock, 12mm thru-axle, [R] Giant alloy, 3-pawl 36t driver, CenterLock, 12mm thru-axle<\/p>\n<p><strong>Radios<\/strong><br \/>\nSapim Sprint<\/p>\n<p><strong>Cubiertas<\/strong><br \/>\nMaxxis All-Terrene, 700x33c, tubeless<\/p>\n<p><strong>Extras<\/strong><br \/>\nGiant 1x chainguide, tubeless prepared, 45mm max tire size<\/p>\n","protected":false},"excerpt":{"rendered":"<p><a href=\"https:\/\/naturalbikes.cl\/wp-content\/uploads\/2024\/08\/giant-bicycles-new-20202103.jpg\"><img decoding=\"async\" class=\"size-medium wp-image-20970 alignleft\" src=\"https:\/\/naturalbikes.cl\/wp-content\/uploads\/2024\/08\/giant-bicycles-new-20202103-300x225.jpg\" alt=\"\" width=\"300\" height=\"225\" srcset=\"https:\/\/naturalbikes.cl\/wp-content\/uploads\/2024\/08\/giant-bicycles-new-20202103-300x225.jpg 300w, https:\/\/naturalbikes.cl\/wp-content\/uploads\/2024\/08\/giant-bicycles-new-20202103-768x576.jpg 768w, https:\/\/naturalbikes.cl\/wp-content\/uploads\/2024\/08\/giant-bicycles-new-20202103-450x338.jpg 450w, https:\/\/naturalbikes.cl\/wp-content\/uploads\/2024\/08\/giant-bicycles-new-20202103-800x600.jpg 800w, https:\/\/naturalbikes.cl\/wp-content\/uploads\/2024\/08\/giant-bicycles-new-20202103.jpg 866w\" sizes=\"(max-width: 300px) 100vw, 300px\" \/><\/a><\/p>\n<blockquote class=\"\" data-sourcepos=\"7:1-7:354\">\n<p data-sourcepos=\"7:3-7:354\"><strong>Giant TCX Advanced Pro 1.<\/strong> Domina el ciclocross. La TCX Advanced Pro 1 es la bicicleta de ciclocross definitiva para aquellos que buscan velocidad y rendimiento en cada carrera. Su cuadro de carbono ultraligero y geometr\u00eda agresiva te brindan la ventaja competitiva que necesitas. #Giant #TCXAdvancedPro1 #ciclocross #carbono #competici\u00f3n #velocidad<\/p>\n<\/blockquote>\n","protected":false},"featured_media":21000,"comment_status":"open","ping_status":"closed","template":"","meta":[],"product_cat":[205,195,1363],"product_tag":[819,995,1366,820],"class_list":{"0":"post-20999","1":"product","2":"type-product","3":"status-publish","4":"has-post-thumbnail","6":"product_brand-giant","7":"product_cat-bicicleta-gravel","8":"product_cat-bicicletas","9":"product_cat-giant-bicicleta-gravel","10":"product_tag-bicicleta-gravel","11":"product_tag-giant","12":"product_tag-giant-tcx","13":"product_tag-gravel","15":"first","16":"instock","17":"sale","18":"taxable","19":"shipping-taxable","20":"purchasable","21":"product-type-variable","22":"rtwpvg-product"},"yoast_head":"<!-- This site is optimized with the Yoast SEO Premium plugin v24.8 (Yoast SEO v25.6) - https:\/\/yoast.com\/wordpress\/plugins\/seo\/ -->\n<title>Bicicleta Giant TCx Advanced Pro 1 - NaturalBikes<\/title>\n<meta name=\"description\" content=\"Giant TCX Advanced Pro 1. Domina el ciclocross. La TCX Advanced Pro 1 es la bicicleta de ciclocross definitiva para aquellos que buscan velocidad y rendimiento en cada carrera. Su cuadro de carbono ultraligero y geometr\u00eda agresiva te brindan la ventaja competitiva que necesitas. #Giant #TCXAdvancedPro1 #ciclocross #carbono #competici\u00f3n #velocidad\" \/>\n<meta name=\"robots\" content=\"index, follow, max-snippet:-1, max-image-preview:large, max-video-preview:-1\" \/>\n<link rel=\"canonical\" href=\"https:\/\/naturalbikes.cl\/?product=bicicleta-giant-tcx-advanced-pro-1-my24\" \/>\n<meta property=\"og:locale\" content=\"es_ES\" \/>\n<meta property=\"og:type\" content=\"article\" \/>\n<meta property=\"og:title\" content=\"Bicicleta Giant TCx Advanced Pro 1\" \/>\n<meta property=\"og:description\" content=\"Ofrecer a nuestros clientes apasionados por el ciclismo de monta\u00f1a la mejor experiencia en productos, conocimientos especializados y servicios excepcionales. Nos comprometemos a proporcionar una amplia gama de bicicletas, accesorios y equipo de alta calidad, junto con asesoramiento experto y atenci\u00f3n personalizada para cada ciclista, para que puedan explorar, disfrutar y maximizar su aventura en el mundo del MTB\" \/>\n<meta property=\"og:url\" content=\"https:\/\/naturalbikes.cl\/?product=bicicleta-giant-tcx-advanced-pro-1-my24\" \/>\n<meta property=\"og:site_name\" content=\"NaturalBikes\" \/>\n<meta property=\"article:publisher\" content=\"https:\/\/www.facebook.com\/naturalbikescl\" \/>\n<meta property=\"article:modified_time\" content=\"2026-01-06T20:12:01+00:00\" \/>\n<meta property=\"og:image\" content=\"https:\/\/naturalbikes.cl\/wp-content\/uploads\/2024\/08\/8a0d522bff177defeb5bf48b939b8f85_5156f787-8dc5-4ad5-aa6f-276c1892c6b9.webp\" \/>\n\t<meta property=\"og:image:width\" content=\"1920\" \/>\n\t<meta property=\"og:image:height\" content=\"1440\" \/>\n\t<meta property=\"og:image:type\" content=\"image\/webp\" \/>\n<meta name=\"twitter:card\" content=\"summary_large_image\" \/>\n<meta name=\"twitter:label1\" content=\"Tiempo de lectura\" \/>\n\t<meta name=\"twitter:data1\" content=\"2 minutos\" \/>\n<script type=\"application\/ld+json\" class=\"yoast-schema-graph\">{\"@context\":\"https:\/\/schema.org\",\"@graph\":[{\"@type\":\"WebPage\",\"@id\":\"https:\/\/naturalbikes.cl\/?product=bicicleta-giant-tcx-advanced-pro-1-my24\",\"url\":\"https:\/\/naturalbikes.cl\/?product=bicicleta-giant-tcx-advanced-pro-1-my24\",\"name\":\"Bicicleta Giant TCx Advanced Pro 1 - NaturalBikes\",\"isPartOf\":{\"@id\":\"https:\/\/naturalbikes.cl\/#website\"},\"primaryImageOfPage\":{\"@id\":\"https:\/\/naturalbikes.cl\/?product=bicicleta-giant-tcx-advanced-pro-1-my24#primaryimage\"},\"image\":{\"@id\":\"https:\/\/naturalbikes.cl\/?product=bicicleta-giant-tcx-advanced-pro-1-my24#primaryimage\"},\"thumbnailUrl\":\"https:\/\/naturalbikes.cl\/wp-content\/uploads\/2024\/08\/8a0d522bff177defeb5bf48b939b8f85_5156f787-8dc5-4ad5-aa6f-276c1892c6b9.webp\",\"datePublished\":\"2024-08-05T01:48:23+00:00\",\"dateModified\":\"2026-01-06T20:12:01+00:00\",\"description\":\"Giant TCX Advanced Pro 1. Domina el ciclocross. La TCX Advanced Pro 1 es la bicicleta de ciclocross definitiva para aquellos que buscan velocidad y rendimiento en cada carrera. Su cuadro de carbono ultraligero y geometr\u00eda agresiva te brindan la ventaja competitiva que necesitas. #Giant #TCXAdvancedPro1 #ciclocross #carbono #competici\u00f3n #velocidad\",\"breadcrumb\":{\"@id\":\"https:\/\/naturalbikes.cl\/?product=bicicleta-giant-tcx-advanced-pro-1-my24#breadcrumb\"},\"inLanguage\":\"es\",\"potentialAction\":[{\"@type\":\"ReadAction\",\"target\":[\"https:\/\/naturalbikes.cl\/?product=bicicleta-giant-tcx-advanced-pro-1-my24\"]}]},{\"@type\":\"ImageObject\",\"inLanguage\":\"es\",\"@id\":\"https:\/\/naturalbikes.cl\/?product=bicicleta-giant-tcx-advanced-pro-1-my24#primaryimage\",\"url\":\"https:\/\/naturalbikes.cl\/wp-content\/uploads\/2024\/08\/8a0d522bff177defeb5bf48b939b8f85_5156f787-8dc5-4ad5-aa6f-276c1892c6b9.webp\",\"contentUrl\":\"https:\/\/naturalbikes.cl\/wp-content\/uploads\/2024\/08\/8a0d522bff177defeb5bf48b939b8f85_5156f787-8dc5-4ad5-aa6f-276c1892c6b9.webp\",\"width\":1920,\"height\":1440},{\"@type\":\"BreadcrumbList\",\"@id\":\"https:\/\/naturalbikes.cl\/?product=bicicleta-giant-tcx-advanced-pro-1-my24#breadcrumb\",\"itemListElement\":[{\"@type\":\"ListItem\",\"position\":1,\"name\":\"Portada\",\"item\":\"https:\/\/naturalbikes.cl\/\"},{\"@type\":\"ListItem\",\"position\":2,\"name\":\"Tienda NB\",\"item\":\"https:\/\/naturalbikes.cl\/?page_id=7843\"},{\"@type\":\"ListItem\",\"position\":3,\"name\":\"Giant\",\"item\":\"https:\/\/naturalbikes.cl\/?product_brand=giant\"},{\"@type\":\"ListItem\",\"position\":4,\"name\":\"Bicicleta Giant TCx Advanced Pro 1\"}]},{\"@type\":\"WebSite\",\"@id\":\"https:\/\/naturalbikes.cl\/#website\",\"url\":\"https:\/\/naturalbikes.cl\/\",\"name\":\"Natural Bikes\",\"description\":\"Tienda de bicicletas repuestos accesorios taller mantenimiento clases salidas\",\"publisher\":{\"@id\":\"https:\/\/naturalbikes.cl\/#organization\"},\"alternateName\":\"Natural Bikes\",\"potentialAction\":[{\"@type\":\"SearchAction\",\"target\":{\"@type\":\"EntryPoint\",\"urlTemplate\":\"https:\/\/naturalbikes.cl\/?s={search_term_string}\"},\"query-input\":{\"@type\":\"PropertyValueSpecification\",\"valueRequired\":true,\"valueName\":\"search_term_string\"}}],\"inLanguage\":\"es\"},{\"@type\":\"Organization\",\"@id\":\"https:\/\/naturalbikes.cl\/#organization\",\"name\":\"Natural Bikes\",\"alternateName\":\"Natural Bikes\",\"url\":\"https:\/\/naturalbikes.cl\/\",\"logo\":{\"@type\":\"ImageObject\",\"inLanguage\":\"es\",\"@id\":\"https:\/\/naturalbikes.cl\/#\/schema\/logo\/image\/\",\"url\":\"https:\/\/naturalbikes.cl\/wp-content\/uploads\/2024\/05\/2023-10-10-10.44.12.jpg\",\"contentUrl\":\"https:\/\/naturalbikes.cl\/wp-content\/uploads\/2024\/05\/2023-10-10-10.44.12.jpg\",\"width\":650,\"height\":650,\"caption\":\"Natural Bikes\"},\"image\":{\"@id\":\"https:\/\/naturalbikes.cl\/#\/schema\/logo\/image\/\"},\"sameAs\":[\"https:\/\/www.facebook.com\/naturalbikescl\",\"https:\/\/www.instagram.com\/natural.bikes\",\"https:\/\/www.tiktok.com\/@natural.bikes\"],\"description\":\"Ofrecer a nuestros clientes apasionados por el ciclismo de monta\u00f1a la mejor experiencia en productos, conocimientos especializados y servicios excepcionales. Nos comprometemos a proporcionar una amplia gama de bicicletas, accesorios y equipo de alta calidad, junto con asesoramiento experto y atenci\u00f3n personalizada para cada ciclista, para que puedan explorar, disfrutar y maximizar su aventura en el mundo del MTB\",\"email\":\"naturalbikes1@gmail.com\",\"telephone\":\"56977043878\",\"legalName\":\"Natural Bikes Limitada\",\"foundingDate\":\"2024-01-01\",\"vatID\":\"76699553-5\",\"taxID\":\"76699553-5\",\"numberOfEmployees\":{\"@type\":\"QuantitativeValue\",\"minValue\":\"1\",\"maxValue\":\"10\"},\"publishingPrinciples\":\"https:\/\/naturalbikes.cl\/?page_id=7843\",\"ownershipFundingInfo\":\"https:\/\/naturalbikes.cl\/?page_id=7843\",\"actionableFeedbackPolicy\":\"https:\/\/naturalbikes.cl\/?page_id=14797\",\"correctionsPolicy\":\"https:\/\/naturalbikes.cl\/?page_id=3\",\"ethicsPolicy\":\"https:\/\/naturalbikes.cl\/?page_id=7843\",\"diversityPolicy\":\"https:\/\/naturalbikes.cl\/?page_id=11734\",\"diversityStaffingReport\":\"https:\/\/naturalbikes.cl\/?page_id=12161\"}]}<\/script>\n<!-- \/ Yoast SEO Premium plugin. -->","yoast_head_json":{"title":"Bicicleta Giant TCx Advanced Pro 1 - NaturalBikes","description":"Giant TCX Advanced Pro 1. Domina el ciclocross. La TCX Advanced Pro 1 es la bicicleta de ciclocross definitiva para aquellos que buscan velocidad y rendimiento en cada carrera. Su cuadro de carbono ultraligero y geometr\u00eda agresiva te brindan la ventaja competitiva que necesitas. #Giant #TCXAdvancedPro1 #ciclocross #carbono #competici\u00f3n #velocidad","robots":{"index":"index","follow":"follow","max-snippet":"max-snippet:-1","max-image-preview":"max-image-preview:large","max-video-preview":"max-video-preview:-1"},"canonical":"https:\/\/naturalbikes.cl\/?product=bicicleta-giant-tcx-advanced-pro-1-my24","og_locale":"es_ES","og_type":"article","og_title":"Bicicleta Giant TCx Advanced Pro 1","og_description":"Ofrecer a nuestros clientes apasionados por el ciclismo de monta\u00f1a la mejor experiencia en productos, conocimientos especializados y servicios excepcionales. Nos comprometemos a proporcionar una amplia gama de bicicletas, accesorios y equipo de alta calidad, junto con asesoramiento experto y atenci\u00f3n personalizada para cada ciclista, para que puedan explorar, disfrutar y maximizar su aventura en el mundo del MTB","og_url":"https:\/\/naturalbikes.cl\/?product=bicicleta-giant-tcx-advanced-pro-1-my24","og_site_name":"NaturalBikes","article_publisher":"https:\/\/www.facebook.com\/naturalbikescl","article_modified_time":"2026-01-06T20:12:01+00:00","og_image":[{"width":1920,"height":1440,"url":"https:\/\/naturalbikes.cl\/wp-content\/uploads\/2024\/08\/8a0d522bff177defeb5bf48b939b8f85_5156f787-8dc5-4ad5-aa6f-276c1892c6b9.webp","type":"image\/webp"}],"twitter_card":"summary_large_image","twitter_misc":{"Tiempo de lectura":"2 minutos"},"schema":{"@context":"https:\/\/schema.org","@graph":[{"@type":"WebPage","@id":"https:\/\/naturalbikes.cl\/?product=bicicleta-giant-tcx-advanced-pro-1-my24","url":"https:\/\/naturalbikes.cl\/?product=bicicleta-giant-tcx-advanced-pro-1-my24","name":"Bicicleta Giant TCx Advanced Pro 1 - NaturalBikes","isPartOf":{"@id":"https:\/\/naturalbikes.cl\/#website"},"primaryImageOfPage":{"@id":"https:\/\/naturalbikes.cl\/?product=bicicleta-giant-tcx-advanced-pro-1-my24#primaryimage"},"image":{"@id":"https:\/\/naturalbikes.cl\/?product=bicicleta-giant-tcx-advanced-pro-1-my24#primaryimage"},"thumbnailUrl":"https:\/\/naturalbikes.cl\/wp-content\/uploads\/2024\/08\/8a0d522bff177defeb5bf48b939b8f85_5156f787-8dc5-4ad5-aa6f-276c1892c6b9.webp","datePublished":"2024-08-05T01:48:23+00:00","dateModified":"2026-01-06T20:12:01+00:00","description":"Giant TCX Advanced Pro 1. Domina el ciclocross. La TCX Advanced Pro 1 es la bicicleta de ciclocross definitiva para aquellos que buscan velocidad y rendimiento en cada carrera. Su cuadro de carbono ultraligero y geometr\u00eda agresiva te brindan la ventaja competitiva que necesitas. #Giant #TCXAdvancedPro1 #ciclocross #carbono #competici\u00f3n #velocidad","breadcrumb":{"@id":"https:\/\/naturalbikes.cl\/?product=bicicleta-giant-tcx-advanced-pro-1-my24#breadcrumb"},"inLanguage":"es","potentialAction":[{"@type":"ReadAction","target":["https:\/\/naturalbikes.cl\/?product=bicicleta-giant-tcx-advanced-pro-1-my24"]}]},{"@type":"ImageObject","inLanguage":"es","@id":"https:\/\/naturalbikes.cl\/?product=bicicleta-giant-tcx-advanced-pro-1-my24#primaryimage","url":"https:\/\/naturalbikes.cl\/wp-content\/uploads\/2024\/08\/8a0d522bff177defeb5bf48b939b8f85_5156f787-8dc5-4ad5-aa6f-276c1892c6b9.webp","contentUrl":"https:\/\/naturalbikes.cl\/wp-content\/uploads\/2024\/08\/8a0d522bff177defeb5bf48b939b8f85_5156f787-8dc5-4ad5-aa6f-276c1892c6b9.webp","width":1920,"height":1440},{"@type":"BreadcrumbList","@id":"https:\/\/naturalbikes.cl\/?product=bicicleta-giant-tcx-advanced-pro-1-my24#breadcrumb","itemListElement":[{"@type":"ListItem","position":1,"name":"Portada","item":"https:\/\/naturalbikes.cl\/"},{"@type":"ListItem","position":2,"name":"Tienda NB","item":"https:\/\/naturalbikes.cl\/?page_id=7843"},{"@type":"ListItem","position":3,"name":"Giant","item":"https:\/\/naturalbikes.cl\/?product_brand=giant"},{"@type":"ListItem","position":4,"name":"Bicicleta Giant TCx Advanced Pro 1"}]},{"@type":"WebSite","@id":"https:\/\/naturalbikes.cl\/#website","url":"https:\/\/naturalbikes.cl\/","name":"Natural Bikes","description":"Tienda de bicicletas repuestos accesorios taller mantenimiento clases salidas","publisher":{"@id":"https:\/\/naturalbikes.cl\/#organization"},"alternateName":"Natural Bikes","potentialAction":[{"@type":"SearchAction","target":{"@type":"EntryPoint","urlTemplate":"https:\/\/naturalbikes.cl\/?s={search_term_string}"},"query-input":{"@type":"PropertyValueSpecification","valueRequired":true,"valueName":"search_term_string"}}],"inLanguage":"es"},{"@type":"Organization","@id":"https:\/\/naturalbikes.cl\/#organization","name":"Natural Bikes","alternateName":"Natural Bikes","url":"https:\/\/naturalbikes.cl\/","logo":{"@type":"ImageObject","inLanguage":"es","@id":"https:\/\/naturalbikes.cl\/#\/schema\/logo\/image\/","url":"https:\/\/naturalbikes.cl\/wp-content\/uploads\/2024\/05\/2023-10-10-10.44.12.jpg","contentUrl":"https:\/\/naturalbikes.cl\/wp-content\/uploads\/2024\/05\/2023-10-10-10.44.12.jpg","width":650,"height":650,"caption":"Natural Bikes"},"image":{"@id":"https:\/\/naturalbikes.cl\/#\/schema\/logo\/image\/"},"sameAs":["https:\/\/www.facebook.com\/naturalbikescl","https:\/\/www.instagram.com\/natural.bikes","https:\/\/www.tiktok.com\/@natural.bikes"],"description":"Ofrecer a nuestros clientes apasionados por el ciclismo de monta\u00f1a la mejor experiencia en productos, conocimientos especializados y servicios excepcionales. Nos comprometemos a proporcionar una amplia gama de bicicletas, accesorios y equipo de alta calidad, junto con asesoramiento experto y atenci\u00f3n personalizada para cada ciclista, para que puedan explorar, disfrutar y maximizar su aventura en el mundo del MTB","email":"naturalbikes1@gmail.com","telephone":"56977043878","legalName":"Natural Bikes Limitada","foundingDate":"2024-01-01","vatID":"76699553-5","taxID":"76699553-5","numberOfEmployees":{"@type":"QuantitativeValue","minValue":"1","maxValue":"10"},"publishingPrinciples":"https:\/\/naturalbikes.cl\/?page_id=7843","ownershipFundingInfo":"https:\/\/naturalbikes.cl\/?page_id=7843","actionableFeedbackPolicy":"https:\/\/naturalbikes.cl\/?page_id=14797","correctionsPolicy":"https:\/\/naturalbikes.cl\/?page_id=3","ethicsPolicy":"https:\/\/naturalbikes.cl\/?page_id=7843","diversityPolicy":"https:\/\/naturalbikes.cl\/?page_id=11734","diversityStaffingReport":"https:\/\/naturalbikes.cl\/?page_id=12161"}]}},"_links":{"self":[{"href":"https:\/\/naturalbikes.cl\/index.php?rest_route=\/wp\/v2\/product\/20999"}],"collection":[{"href":"https:\/\/naturalbikes.cl\/index.php?rest_route=\/wp\/v2\/product"}],"about":[{"href":"https:\/\/naturalbikes.cl\/index.php?rest_route=\/wp\/v2\/types\/product"}],"replies":[{"embeddable":true,"href":"https:\/\/naturalbikes.cl\/index.php?rest_route=%2Fwp%2Fv2%2Fcomments&post=20999"}],"wp:featuredmedia":[{"embeddable":true,"href":"https:\/\/naturalbikes.cl\/index.php?rest_route=\/wp\/v2\/media\/21000"}],"wp:attachment":[{"href":"https:\/\/naturalbikes.cl\/index.php?rest_route=%2Fwp%2Fv2%2Fmedia&parent=20999"}],"wp:term":[{"taxonomy":"product_cat","embeddable":true,"href":"https:\/\/naturalbikes.cl\/index.php?rest_route=%2Fwp%2Fv2%2Fproduct_cat&post=20999"},{"taxonomy":"product_tag","embeddable":true,"href":"https:\/\/naturalbikes.cl\/index.php?rest_route=%2Fwp%2Fv2%2Fproduct_tag&post=20999"}],"curies":[{"name":"wp","href":"https:\/\/api.w.org\/{rel}","templated":true}]}}