{"id":20989,"date":"2024-08-04T21:17:25","date_gmt":"2024-08-05T01:17:25","guid":{"rendered":"https:\/\/naturalbikes.cl\/?post_type=product&#038;p=20989"},"modified":"2026-01-06T17:12:12","modified_gmt":"2026-01-06T20:12:12","slug":"bicicleta-giant-revolt-x-advanced-pro-1-my24","status":"publish","type":"product","link":"https:\/\/naturalbikes.cl\/?product=bicicleta-giant-revolt-x-advanced-pro-1-my24","title":{"rendered":"Bicicleta Giant Revolt  X Advanced  PRO 1"},"content":{"rendered":"<h4><a href=\"https:\/\/naturalbikes.cl\/wp-content\/uploads\/2024\/08\/giant-bicycles-new-20202103.jpg\"><img fetchpriority=\"high\" decoding=\"async\" class=\"size-medium wp-image-20970 aligncenter\" src=\"https:\/\/naturalbikes.cl\/wp-content\/uploads\/2024\/08\/giant-bicycles-new-20202103-300x225.jpg\" alt=\"\" width=\"300\" height=\"225\" srcset=\"https:\/\/naturalbikes.cl\/wp-content\/uploads\/2024\/08\/giant-bicycles-new-20202103-300x225.jpg 300w, https:\/\/naturalbikes.cl\/wp-content\/uploads\/2024\/08\/giant-bicycles-new-20202103-768x576.jpg 768w, https:\/\/naturalbikes.cl\/wp-content\/uploads\/2024\/08\/giant-bicycles-new-20202103-450x338.jpg 450w, https:\/\/naturalbikes.cl\/wp-content\/uploads\/2024\/08\/giant-bicycles-new-20202103-800x600.jpg 800w, https:\/\/naturalbikes.cl\/wp-content\/uploads\/2024\/08\/giant-bicycles-new-20202103.jpg 866w\" sizes=\"(max-width: 300px) 100vw, 300px\" \/><\/a><em>FACTORES CLAVE DE RENDIMIENTO<\/em><\/h4>\n<div class=\"row\">\n<div class=\"item col-md-4 col-sm-12\">\n<h5>Control suave<\/h5>\n<p>El cuadro compuesto est\u00e1 dise\u00f1ado espec\u00edficamente para suspensi\u00f3n delantera. Con 40 mm de recorrido, la horquilla absorbe los impactos para que puedas conducir de forma m\u00e1s suave y r\u00e1pida sobre grava y tierra accidentada.<\/p>\n<\/div>\n<div class=\"item col-md-4 col-sm-12\">\n<h5>Cumplimiento ajustado<\/h5>\n<p>Los tirantes m\u00e1s bajos con tubos de menor di\u00e1metro absorben los impactos y vibraciones de la carretera. Un manillar Contact SL XR D-Fuse a\u00f1ade m\u00e1s cumplimiento sin sacrificar la rigidez necesaria para tomar curvas, correr o escalar.<\/p>\n<\/div>\n<div class=\"item col-md-4 col-sm-12\">\n<h5>Adaptable al terreno<\/h5>\n<p>Un chip giratorio en la puntera trasera ajusta la distancia entre ejes: corto para un manejo m\u00e1s r\u00e1pido o largo para mejorar la estabilidad a gran velocidad. La configuraci\u00f3n larga tambi\u00e9n permite neum\u00e1ticos de mayor di\u00e1metro, hasta 53 mm. Puede elegir la tija de sill\u00edn con cuentagotas\/suspensi\u00f3n incluida para capacidades adicionales, o cambiar a una tija de sill\u00edn redonda de 30,9 mm.<\/p>\n<h4><em>ESPECIFICACIONES T\u00c9CNICAS<\/em><\/h4>\n<div class=\"flex-1 overflow-hidden\">\n<div class=\"react-scroll-to-bottom--css-vstbf-79elbk h-full\">\n<div class=\"react-scroll-to-bottom--css-vstbf-1n7m0yu\">\n<div>\n<div class=\"flex flex-col text-sm pb-9\">\n<div class=\"w-full text-token-text-primary\" data-testid=\"conversation-turn-39\">\n<div class=\"px-4 py-2 justify-center text-base md:gap-6 m-auto\">\n<div class=\"flex flex-1 text-base mx-auto gap-3 md:px-5 lg:px-1 xl:px-5 md:max-w-3xl lg:max-w-[40rem] xl:max-w-[48rem] group final-completion\">\n<div class=\"relative flex w-full flex-col agent-turn\">\n<div class=\"flex-col gap-1 md:gap-3\">\n<div class=\"flex flex-grow flex-col max-w-full\">\n<div class=\"min-h-[20px] text-message flex flex-col items-start gap-3 whitespace-pre-wrap break-words [.text-message+&amp;]:mt-5 overflow-x-auto\" data-message-id=\"f0fcd4e1-a9cf-4bdc-a59e-95cdb1f4b56d\" data-message-author-role=\"assistant\">\n<div class=\"markdown prose w-full break-words dark:prose-invert dark\">\n<ul>\n<li><strong>Marco<\/strong>: Compuesto de grado avanzado, eje pasante de 12&#215;142 mm, disco, puntera flip chip<\/li>\n<li><strong>Tenedor<\/strong>: RockShox Rudy Ultimate XPLR, 40 mm, amortiguador Charger Race Day Eje pasante de 12 x 100 mm<\/li>\n<li><strong>Choque<\/strong>: N\/A<\/li>\n<li><strong>Manillar<\/strong>: Fusible D Giant Contact SL XR, 31,8 mm XS:44 cm, S:44 cm, M:46 cm, M\/L:46 cm, L:48 cm, XL:48 cm<\/li>\n<li><strong>Pu\u00f1os<\/strong>: Capa Lite 3.0<\/li>\n<li><strong>Provenir<\/strong>: Contacto gigante, 8 grados XS:50 mm, S:50 mm, M:60 mm, M\/L:70 mm, L:70 mm, XL:80 mm<\/li>\n<li><strong>tija de sill\u00edn<\/strong>: Suspensi\u00f3n Post Moderne DSP Suspensi\u00f3n de 30 mm, 30,9 mm con 30 mm de suspensi\u00f3n XS: ca\u00edda de 365 mm \/ 75 mm S: ca\u00edda de 415 mm \/ 100 mm<\/li>\n<li><strong>Sill\u00edn<\/strong>: Enfoque gigante SL<\/li>\n<li><strong>Pedales<\/strong>: N\/A<\/li>\n<li><strong>Cambiadores<\/strong>: SRAM Rival eTap AXS, 1&#215;12<\/li>\n<li><strong>Desviador delantero<\/strong>: N\/A<\/li>\n<li><strong>Cambio trasero<\/strong>: SRAM GX \u00c1guila AXS<\/li>\n<li><strong>Frenos<\/strong>: SRAM Rival eTap AXS hidr\u00e1ulico, rotor SRAM PaceLine [F]160 mm, [R]160 mm<\/li>\n<li><strong>Las palancas de freno<\/strong>: SRAM Rival eTap AXS hidr\u00e1ulico<\/li>\n<li><strong>Casete<\/strong>: SRAM XG-1275, 12 velocidades, 10&#215;52<\/li>\n<li><strong>Cadena<\/strong>: SRAM GX \u00c1guila<\/li>\n<li><strong>Juego de bielas<\/strong>: SRAM Rival D1 DUB, 40 dientes XS:170 mm, S:170 mm, M:172,5 mm, M\/L:172,5 mm, L:175 mm, XL:175 mm<\/li>\n<li><strong>Pedalier<\/strong>: SRAM DUB, ajuste a presi\u00f3n<\/li>\n<li><strong>Llantas<\/strong>: Sistema de ruedas de disco de carbono Giant CXR 1 X1, [F] 25,8 mm, [R] 25,8 mm<\/li>\n<li><strong>Centros<\/strong>: [F] Aleaci\u00f3n Giant CXR X, CenterLock, eje pasante de 12 mm, [R] Aleaci\u00f3n Giant CXR X, destornillador de trinquete de 60 dientes, CenterLock, eje pasante de 12 mm<\/li>\n<li><strong>Radios<\/strong>: L\u00e1ser Sapim<\/li>\n<li><strong>Llantas<\/strong>: Maxxis Rambler, 700x45c, preparado para tubeless<\/li>\n<li><strong>Extras<\/strong>: preparado sin c\u00e1mara, tama\u00f1o m\u00e1ximo de neum\u00e1tico de 53 mm en posici\u00f3n \u00ablarga\u00bb de flip chip, tama\u00f1o m\u00e1ximo de neum\u00e1tico de 45 mm en posici\u00f3n \u00abcorta\u00bb de flip chip<\/li>\n<\/ul>\n<\/div>\n<\/div>\n<\/div>\n<\/div>\n<\/div>\n<\/div>\n<\/div>\n<\/div>\n<\/div>\n<\/div>\n<\/div>\n<\/div>\n<\/div>\n<\/div>\n<\/div>\n","protected":false},"excerpt":{"rendered":"<p><a href=\"https:\/\/naturalbikes.cl\/wp-content\/uploads\/2024\/08\/giant-bicycles-new-20202103.jpg\"><img decoding=\"async\" class=\"size-medium wp-image-20970 alignleft\" src=\"https:\/\/naturalbikes.cl\/wp-content\/uploads\/2024\/08\/giant-bicycles-new-20202103-300x225.jpg\" alt=\"\" width=\"300\" height=\"225\" srcset=\"https:\/\/naturalbikes.cl\/wp-content\/uploads\/2024\/08\/giant-bicycles-new-20202103-300x225.jpg 300w, https:\/\/naturalbikes.cl\/wp-content\/uploads\/2024\/08\/giant-bicycles-new-20202103-768x576.jpg 768w, https:\/\/naturalbikes.cl\/wp-content\/uploads\/2024\/08\/giant-bicycles-new-20202103-450x338.jpg 450w, https:\/\/naturalbikes.cl\/wp-content\/uploads\/2024\/08\/giant-bicycles-new-20202103-800x600.jpg 800w, https:\/\/naturalbikes.cl\/wp-content\/uploads\/2024\/08\/giant-bicycles-new-20202103.jpg 866w\" sizes=\"(max-width: 300px) 100vw, 300px\" \/><\/a><\/p>\n<blockquote class=\"\" data-sourcepos=\"7:1-7:348\">\n<p data-sourcepos=\"7:3-7:348\"><strong>Giant Revolt X Advanced PRO 1.<\/strong> La aventura te llama. La Revolt X Advanced PRO 1 combina la velocidad de una bicicleta de carretera con la comodidad y versatilidad de una gravel. Su suspensi\u00f3n delantera y cuadro de carbono te permiten explorar cualquier terreno con confianza. #Giant #RevoltXAdvancedPRO1 #gravel #carbono #suspensi\u00f3n #vers\u00e1til<\/p>\n<\/blockquote>\n","protected":false},"featured_media":20993,"comment_status":"open","ping_status":"closed","template":"","meta":[],"product_cat":[205,195,1363],"product_tag":[819,995,1365],"class_list":{"0":"post-20989","1":"product","2":"type-product","3":"status-publish","4":"has-post-thumbnail","6":"product_brand-giant","7":"product_cat-bicicleta-gravel","8":"product_cat-bicicletas","9":"product_cat-giant-bicicleta-gravel","10":"product_tag-bicicleta-gravel","11":"product_tag-giant","12":"product_tag-revolt-x","14":"first","15":"instock","16":"sale","17":"taxable","18":"shipping-taxable","19":"purchasable","20":"product-type-variable","21":"rtwpvg-product"},"yoast_head":"<!-- This site is optimized with the Yoast SEO Premium plugin v24.8 (Yoast SEO v25.6) - https:\/\/yoast.com\/wordpress\/plugins\/seo\/ -->\n<title>Bicicleta Giant Revolt X Advanced PRO 1 - NaturalBikes<\/title>\n<meta name=\"description\" content=\"Giant Revolt X Advanced PRO 1. La aventura te llama. La Revolt X Advanced PRO 1 combina la velocidad de una bicicleta de carretera con la comodidad y versatilidad de una gravel. Su suspensi\u00f3n delantera y cuadro de carbono te permiten explorar cualquier terreno con confianza. #Giant #RevoltXAdvancedPRO1 #gravel #carbono #suspensi\u00f3n #vers\u00e1til\" \/>\n<meta name=\"robots\" content=\"index, follow, max-snippet:-1, max-image-preview:large, max-video-preview:-1\" \/>\n<link rel=\"canonical\" href=\"https:\/\/naturalbikes.cl\/?product=bicicleta-giant-revolt-x-advanced-pro-1-my24\" \/>\n<meta property=\"og:locale\" content=\"es_ES\" \/>\n<meta property=\"og:type\" content=\"article\" \/>\n<meta property=\"og:title\" content=\"Bicicleta Giant Revolt X Advanced PRO 1\" \/>\n<meta property=\"og:description\" content=\"Ofrecer a nuestros clientes apasionados por el ciclismo de monta\u00f1a la mejor experiencia en productos, conocimientos especializados y servicios excepcionales. Nos comprometemos a proporcionar una amplia gama de bicicletas, accesorios y equipo de alta calidad, junto con asesoramiento experto y atenci\u00f3n personalizada para cada ciclista, para que puedan explorar, disfrutar y maximizar su aventura en el mundo del MTB\" \/>\n<meta property=\"og:url\" content=\"https:\/\/naturalbikes.cl\/?product=bicicleta-giant-revolt-x-advanced-pro-1-my24\" \/>\n<meta property=\"og:site_name\" content=\"NaturalBikes\" \/>\n<meta property=\"article:publisher\" content=\"https:\/\/www.facebook.com\/naturalbikescl\" \/>\n<meta property=\"article:modified_time\" content=\"2026-01-06T20:12:12+00:00\" \/>\n<meta property=\"og:image\" content=\"https:\/\/naturalbikes.cl\/wp-content\/uploads\/2024\/08\/MY24RevoltXAdvancedPro1_ColorAGoldenHaze_Cordovan_Front.webp\" \/>\n\t<meta property=\"og:image:width\" content=\"1100\" \/>\n\t<meta property=\"og:image:height\" content=\"825\" \/>\n\t<meta property=\"og:image:type\" content=\"image\/webp\" \/>\n<meta name=\"twitter:card\" content=\"summary_large_image\" \/>\n<meta name=\"twitter:label1\" content=\"Tiempo de lectura\" \/>\n\t<meta name=\"twitter:data1\" content=\"3 minutos\" \/>\n<script type=\"application\/ld+json\" class=\"yoast-schema-graph\">{\"@context\":\"https:\/\/schema.org\",\"@graph\":[{\"@type\":\"WebPage\",\"@id\":\"https:\/\/naturalbikes.cl\/?product=bicicleta-giant-revolt-x-advanced-pro-1-my24\",\"url\":\"https:\/\/naturalbikes.cl\/?product=bicicleta-giant-revolt-x-advanced-pro-1-my24\",\"name\":\"Bicicleta Giant Revolt X Advanced PRO 1 - NaturalBikes\",\"isPartOf\":{\"@id\":\"https:\/\/naturalbikes.cl\/#website\"},\"primaryImageOfPage\":{\"@id\":\"https:\/\/naturalbikes.cl\/?product=bicicleta-giant-revolt-x-advanced-pro-1-my24#primaryimage\"},\"image\":{\"@id\":\"https:\/\/naturalbikes.cl\/?product=bicicleta-giant-revolt-x-advanced-pro-1-my24#primaryimage\"},\"thumbnailUrl\":\"https:\/\/naturalbikes.cl\/wp-content\/uploads\/2024\/08\/MY24RevoltXAdvancedPro1_ColorAGoldenHaze_Cordovan_Front.webp\",\"datePublished\":\"2024-08-05T01:17:25+00:00\",\"dateModified\":\"2026-01-06T20:12:12+00:00\",\"description\":\"Giant Revolt X Advanced PRO 1. La aventura te llama. La Revolt X Advanced PRO 1 combina la velocidad de una bicicleta de carretera con la comodidad y versatilidad de una gravel. Su suspensi\u00f3n delantera y cuadro de carbono te permiten explorar cualquier terreno con confianza. #Giant #RevoltXAdvancedPRO1 #gravel #carbono #suspensi\u00f3n #vers\u00e1til\",\"breadcrumb\":{\"@id\":\"https:\/\/naturalbikes.cl\/?product=bicicleta-giant-revolt-x-advanced-pro-1-my24#breadcrumb\"},\"inLanguage\":\"es\",\"potentialAction\":[{\"@type\":\"ReadAction\",\"target\":[\"https:\/\/naturalbikes.cl\/?product=bicicleta-giant-revolt-x-advanced-pro-1-my24\"]}]},{\"@type\":\"ImageObject\",\"inLanguage\":\"es\",\"@id\":\"https:\/\/naturalbikes.cl\/?product=bicicleta-giant-revolt-x-advanced-pro-1-my24#primaryimage\",\"url\":\"https:\/\/naturalbikes.cl\/wp-content\/uploads\/2024\/08\/MY24RevoltXAdvancedPro1_ColorAGoldenHaze_Cordovan_Front.webp\",\"contentUrl\":\"https:\/\/naturalbikes.cl\/wp-content\/uploads\/2024\/08\/MY24RevoltXAdvancedPro1_ColorAGoldenHaze_Cordovan_Front.webp\",\"width\":1100,\"height\":825},{\"@type\":\"BreadcrumbList\",\"@id\":\"https:\/\/naturalbikes.cl\/?product=bicicleta-giant-revolt-x-advanced-pro-1-my24#breadcrumb\",\"itemListElement\":[{\"@type\":\"ListItem\",\"position\":1,\"name\":\"Portada\",\"item\":\"https:\/\/naturalbikes.cl\/\"},{\"@type\":\"ListItem\",\"position\":2,\"name\":\"Tienda NB\",\"item\":\"https:\/\/naturalbikes.cl\/?page_id=7843\"},{\"@type\":\"ListItem\",\"position\":3,\"name\":\"Giant\",\"item\":\"https:\/\/naturalbikes.cl\/?product_brand=giant\"},{\"@type\":\"ListItem\",\"position\":4,\"name\":\"Bicicleta Giant Revolt X Advanced PRO 1\"}]},{\"@type\":\"WebSite\",\"@id\":\"https:\/\/naturalbikes.cl\/#website\",\"url\":\"https:\/\/naturalbikes.cl\/\",\"name\":\"Natural Bikes\",\"description\":\"Tienda de bicicletas repuestos accesorios taller mantenimiento clases salidas\",\"publisher\":{\"@id\":\"https:\/\/naturalbikes.cl\/#organization\"},\"alternateName\":\"Natural Bikes\",\"potentialAction\":[{\"@type\":\"SearchAction\",\"target\":{\"@type\":\"EntryPoint\",\"urlTemplate\":\"https:\/\/naturalbikes.cl\/?s={search_term_string}\"},\"query-input\":{\"@type\":\"PropertyValueSpecification\",\"valueRequired\":true,\"valueName\":\"search_term_string\"}}],\"inLanguage\":\"es\"},{\"@type\":\"Organization\",\"@id\":\"https:\/\/naturalbikes.cl\/#organization\",\"name\":\"Natural Bikes\",\"alternateName\":\"Natural Bikes\",\"url\":\"https:\/\/naturalbikes.cl\/\",\"logo\":{\"@type\":\"ImageObject\",\"inLanguage\":\"es\",\"@id\":\"https:\/\/naturalbikes.cl\/#\/schema\/logo\/image\/\",\"url\":\"https:\/\/naturalbikes.cl\/wp-content\/uploads\/2024\/05\/2023-10-10-10.44.12.jpg\",\"contentUrl\":\"https:\/\/naturalbikes.cl\/wp-content\/uploads\/2024\/05\/2023-10-10-10.44.12.jpg\",\"width\":650,\"height\":650,\"caption\":\"Natural Bikes\"},\"image\":{\"@id\":\"https:\/\/naturalbikes.cl\/#\/schema\/logo\/image\/\"},\"sameAs\":[\"https:\/\/www.facebook.com\/naturalbikescl\",\"https:\/\/www.instagram.com\/natural.bikes\",\"https:\/\/www.tiktok.com\/@natural.bikes\"],\"description\":\"Ofrecer a nuestros clientes apasionados por el ciclismo de monta\u00f1a la mejor experiencia en productos, conocimientos especializados y servicios excepcionales. Nos comprometemos a proporcionar una amplia gama de bicicletas, accesorios y equipo de alta calidad, junto con asesoramiento experto y atenci\u00f3n personalizada para cada ciclista, para que puedan explorar, disfrutar y maximizar su aventura en el mundo del MTB\",\"email\":\"naturalbikes1@gmail.com\",\"telephone\":\"56977043878\",\"legalName\":\"Natural Bikes Limitada\",\"foundingDate\":\"2024-01-01\",\"vatID\":\"76699553-5\",\"taxID\":\"76699553-5\",\"numberOfEmployees\":{\"@type\":\"QuantitativeValue\",\"minValue\":\"1\",\"maxValue\":\"10\"},\"publishingPrinciples\":\"https:\/\/naturalbikes.cl\/?page_id=7843\",\"ownershipFundingInfo\":\"https:\/\/naturalbikes.cl\/?page_id=7843\",\"actionableFeedbackPolicy\":\"https:\/\/naturalbikes.cl\/?page_id=14797\",\"correctionsPolicy\":\"https:\/\/naturalbikes.cl\/?page_id=3\",\"ethicsPolicy\":\"https:\/\/naturalbikes.cl\/?page_id=7843\",\"diversityPolicy\":\"https:\/\/naturalbikes.cl\/?page_id=11734\",\"diversityStaffingReport\":\"https:\/\/naturalbikes.cl\/?page_id=12161\"}]}<\/script>\n<!-- \/ Yoast SEO Premium plugin. -->","yoast_head_json":{"title":"Bicicleta Giant Revolt X Advanced PRO 1 - NaturalBikes","description":"Giant Revolt X Advanced PRO 1. La aventura te llama. La Revolt X Advanced PRO 1 combina la velocidad de una bicicleta de carretera con la comodidad y versatilidad de una gravel. Su suspensi\u00f3n delantera y cuadro de carbono te permiten explorar cualquier terreno con confianza. #Giant #RevoltXAdvancedPRO1 #gravel #carbono #suspensi\u00f3n #vers\u00e1til","robots":{"index":"index","follow":"follow","max-snippet":"max-snippet:-1","max-image-preview":"max-image-preview:large","max-video-preview":"max-video-preview:-1"},"canonical":"https:\/\/naturalbikes.cl\/?product=bicicleta-giant-revolt-x-advanced-pro-1-my24","og_locale":"es_ES","og_type":"article","og_title":"Bicicleta Giant Revolt X Advanced PRO 1","og_description":"Ofrecer a nuestros clientes apasionados por el ciclismo de monta\u00f1a la mejor experiencia en productos, conocimientos especializados y servicios excepcionales. Nos comprometemos a proporcionar una amplia gama de bicicletas, accesorios y equipo de alta calidad, junto con asesoramiento experto y atenci\u00f3n personalizada para cada ciclista, para que puedan explorar, disfrutar y maximizar su aventura en el mundo del MTB","og_url":"https:\/\/naturalbikes.cl\/?product=bicicleta-giant-revolt-x-advanced-pro-1-my24","og_site_name":"NaturalBikes","article_publisher":"https:\/\/www.facebook.com\/naturalbikescl","article_modified_time":"2026-01-06T20:12:12+00:00","og_image":[{"width":1100,"height":825,"url":"https:\/\/naturalbikes.cl\/wp-content\/uploads\/2024\/08\/MY24RevoltXAdvancedPro1_ColorAGoldenHaze_Cordovan_Front.webp","type":"image\/webp"}],"twitter_card":"summary_large_image","twitter_misc":{"Tiempo de lectura":"3 minutos"},"schema":{"@context":"https:\/\/schema.org","@graph":[{"@type":"WebPage","@id":"https:\/\/naturalbikes.cl\/?product=bicicleta-giant-revolt-x-advanced-pro-1-my24","url":"https:\/\/naturalbikes.cl\/?product=bicicleta-giant-revolt-x-advanced-pro-1-my24","name":"Bicicleta Giant Revolt X Advanced PRO 1 - NaturalBikes","isPartOf":{"@id":"https:\/\/naturalbikes.cl\/#website"},"primaryImageOfPage":{"@id":"https:\/\/naturalbikes.cl\/?product=bicicleta-giant-revolt-x-advanced-pro-1-my24#primaryimage"},"image":{"@id":"https:\/\/naturalbikes.cl\/?product=bicicleta-giant-revolt-x-advanced-pro-1-my24#primaryimage"},"thumbnailUrl":"https:\/\/naturalbikes.cl\/wp-content\/uploads\/2024\/08\/MY24RevoltXAdvancedPro1_ColorAGoldenHaze_Cordovan_Front.webp","datePublished":"2024-08-05T01:17:25+00:00","dateModified":"2026-01-06T20:12:12+00:00","description":"Giant Revolt X Advanced PRO 1. La aventura te llama. La Revolt X Advanced PRO 1 combina la velocidad de una bicicleta de carretera con la comodidad y versatilidad de una gravel. Su suspensi\u00f3n delantera y cuadro de carbono te permiten explorar cualquier terreno con confianza. #Giant #RevoltXAdvancedPRO1 #gravel #carbono #suspensi\u00f3n #vers\u00e1til","breadcrumb":{"@id":"https:\/\/naturalbikes.cl\/?product=bicicleta-giant-revolt-x-advanced-pro-1-my24#breadcrumb"},"inLanguage":"es","potentialAction":[{"@type":"ReadAction","target":["https:\/\/naturalbikes.cl\/?product=bicicleta-giant-revolt-x-advanced-pro-1-my24"]}]},{"@type":"ImageObject","inLanguage":"es","@id":"https:\/\/naturalbikes.cl\/?product=bicicleta-giant-revolt-x-advanced-pro-1-my24#primaryimage","url":"https:\/\/naturalbikes.cl\/wp-content\/uploads\/2024\/08\/MY24RevoltXAdvancedPro1_ColorAGoldenHaze_Cordovan_Front.webp","contentUrl":"https:\/\/naturalbikes.cl\/wp-content\/uploads\/2024\/08\/MY24RevoltXAdvancedPro1_ColorAGoldenHaze_Cordovan_Front.webp","width":1100,"height":825},{"@type":"BreadcrumbList","@id":"https:\/\/naturalbikes.cl\/?product=bicicleta-giant-revolt-x-advanced-pro-1-my24#breadcrumb","itemListElement":[{"@type":"ListItem","position":1,"name":"Portada","item":"https:\/\/naturalbikes.cl\/"},{"@type":"ListItem","position":2,"name":"Tienda NB","item":"https:\/\/naturalbikes.cl\/?page_id=7843"},{"@type":"ListItem","position":3,"name":"Giant","item":"https:\/\/naturalbikes.cl\/?product_brand=giant"},{"@type":"ListItem","position":4,"name":"Bicicleta Giant Revolt X Advanced PRO 1"}]},{"@type":"WebSite","@id":"https:\/\/naturalbikes.cl\/#website","url":"https:\/\/naturalbikes.cl\/","name":"Natural Bikes","description":"Tienda de bicicletas repuestos accesorios taller mantenimiento clases salidas","publisher":{"@id":"https:\/\/naturalbikes.cl\/#organization"},"alternateName":"Natural Bikes","potentialAction":[{"@type":"SearchAction","target":{"@type":"EntryPoint","urlTemplate":"https:\/\/naturalbikes.cl\/?s={search_term_string}"},"query-input":{"@type":"PropertyValueSpecification","valueRequired":true,"valueName":"search_term_string"}}],"inLanguage":"es"},{"@type":"Organization","@id":"https:\/\/naturalbikes.cl\/#organization","name":"Natural Bikes","alternateName":"Natural Bikes","url":"https:\/\/naturalbikes.cl\/","logo":{"@type":"ImageObject","inLanguage":"es","@id":"https:\/\/naturalbikes.cl\/#\/schema\/logo\/image\/","url":"https:\/\/naturalbikes.cl\/wp-content\/uploads\/2024\/05\/2023-10-10-10.44.12.jpg","contentUrl":"https:\/\/naturalbikes.cl\/wp-content\/uploads\/2024\/05\/2023-10-10-10.44.12.jpg","width":650,"height":650,"caption":"Natural Bikes"},"image":{"@id":"https:\/\/naturalbikes.cl\/#\/schema\/logo\/image\/"},"sameAs":["https:\/\/www.facebook.com\/naturalbikescl","https:\/\/www.instagram.com\/natural.bikes","https:\/\/www.tiktok.com\/@natural.bikes"],"description":"Ofrecer a nuestros clientes apasionados por el ciclismo de monta\u00f1a la mejor experiencia en productos, conocimientos especializados y servicios excepcionales. Nos comprometemos a proporcionar una amplia gama de bicicletas, accesorios y equipo de alta calidad, junto con asesoramiento experto y atenci\u00f3n personalizada para cada ciclista, para que puedan explorar, disfrutar y maximizar su aventura en el mundo del MTB","email":"naturalbikes1@gmail.com","telephone":"56977043878","legalName":"Natural Bikes Limitada","foundingDate":"2024-01-01","vatID":"76699553-5","taxID":"76699553-5","numberOfEmployees":{"@type":"QuantitativeValue","minValue":"1","maxValue":"10"},"publishingPrinciples":"https:\/\/naturalbikes.cl\/?page_id=7843","ownershipFundingInfo":"https:\/\/naturalbikes.cl\/?page_id=7843","actionableFeedbackPolicy":"https:\/\/naturalbikes.cl\/?page_id=14797","correctionsPolicy":"https:\/\/naturalbikes.cl\/?page_id=3","ethicsPolicy":"https:\/\/naturalbikes.cl\/?page_id=7843","diversityPolicy":"https:\/\/naturalbikes.cl\/?page_id=11734","diversityStaffingReport":"https:\/\/naturalbikes.cl\/?page_id=12161"}]}},"_links":{"self":[{"href":"https:\/\/naturalbikes.cl\/index.php?rest_route=\/wp\/v2\/product\/20989"}],"collection":[{"href":"https:\/\/naturalbikes.cl\/index.php?rest_route=\/wp\/v2\/product"}],"about":[{"href":"https:\/\/naturalbikes.cl\/index.php?rest_route=\/wp\/v2\/types\/product"}],"replies":[{"embeddable":true,"href":"https:\/\/naturalbikes.cl\/index.php?rest_route=%2Fwp%2Fv2%2Fcomments&post=20989"}],"wp:featuredmedia":[{"embeddable":true,"href":"https:\/\/naturalbikes.cl\/index.php?rest_route=\/wp\/v2\/media\/20993"}],"wp:attachment":[{"href":"https:\/\/naturalbikes.cl\/index.php?rest_route=%2Fwp%2Fv2%2Fmedia&parent=20989"}],"wp:term":[{"taxonomy":"product_cat","embeddable":true,"href":"https:\/\/naturalbikes.cl\/index.php?rest_route=%2Fwp%2Fv2%2Fproduct_cat&post=20989"},{"taxonomy":"product_tag","embeddable":true,"href":"https:\/\/naturalbikes.cl\/index.php?rest_route=%2Fwp%2Fv2%2Fproduct_tag&post=20989"}],"curies":[{"name":"wp","href":"https:\/\/api.w.org\/{rel}","templated":true}]}}