{"id":20980,"date":"2024-08-04T20:50:06","date_gmt":"2024-08-05T00:50:06","guid":{"rendered":"https:\/\/naturalbikes.cl\/?post_type=product&#038;p=20980"},"modified":"2026-01-06T17:12:01","modified_gmt":"2026-01-06T20:12:01","slug":"bicicleta-giant-revolt-advanced-pro-1-my24","status":"publish","type":"product","link":"https:\/\/naturalbikes.cl\/?product=bicicleta-giant-revolt-advanced-pro-1-my24","title":{"rendered":"Bicicleta Giant Revolt Advanced PRO 1"},"content":{"rendered":"<p><a href=\"https:\/\/naturalbikes.cl\/wp-content\/uploads\/2024\/08\/giant-bicycles-new-20202103.jpg\"><img fetchpriority=\"high\" decoding=\"async\" class=\"size-medium wp-image-20970 aligncenter\" src=\"https:\/\/naturalbikes.cl\/wp-content\/uploads\/2024\/08\/giant-bicycles-new-20202103-300x225.jpg\" alt=\"\" width=\"300\" height=\"225\" srcset=\"https:\/\/naturalbikes.cl\/wp-content\/uploads\/2024\/08\/giant-bicycles-new-20202103-300x225.jpg 300w, https:\/\/naturalbikes.cl\/wp-content\/uploads\/2024\/08\/giant-bicycles-new-20202103-768x576.jpg 768w, https:\/\/naturalbikes.cl\/wp-content\/uploads\/2024\/08\/giant-bicycles-new-20202103-450x338.jpg 450w, https:\/\/naturalbikes.cl\/wp-content\/uploads\/2024\/08\/giant-bicycles-new-20202103-800x600.jpg 800w, https:\/\/naturalbikes.cl\/wp-content\/uploads\/2024\/08\/giant-bicycles-new-20202103.jpg 866w\" sizes=\"(max-width: 300px) 100vw, 300px\" \/><\/a><\/p>\n<section class=\"s_text_block o_colored_level pb0 pt0\" data-snippet=\"s_text_block\" data-name=\"Enunciado 1\">\n<div class=\"container s_allow_columns\">\n<p><b>LA BICICLETA ELEGIDA POR LOS PROFESIONALES DE LAS CARRERAS DE GRAVEL DE GIANT, ESTA M\u00c1QUINA SUPERLIGERA OFRECE UNA CONDUCCI\u00d3N SUAVE SOBRE CAMINOS ACCIDENTADOS Y SE ADAPTA A TODO TIPO DE CONDICIONES Y ESTILOS DE CONDUCCI\u00d3N.<\/b><\/p>\n<\/div>\n<\/section>\n<section class=\"s_title o_colored_level pb0 pt4\" data-vcss=\"001\" data-snippet=\"s_title\" data-name=\"T\u00edtulo columnas\">\n<div class=\"container s_allow_columns\">\n<h4><em><span class=\"o_default_snippet_text\"><b class=\"o_default_snippet_text\">FACTORES CLAVE DE RENDIMIENTO<\/b><\/span><\/em><\/h4>\n<\/div>\n<\/section>\n<section class=\"s_three_columns bg-200 pt32 pb32 o_colored_level\" data-vcss=\"001\" data-snippet=\"s_three_columns\" data-name=\"Columnas\">\n<div class=\"container\">\n<div class=\"row d-flex align-items-stretch\">\n<div class=\"col-lg-4 s_col_no_bgcolor pt16 pb16\">\n<div class=\"card bg-white h-100\">\n<div class=\"card-body\">\n<h5 class=\"card-title\">Eficiencia ultra ligera<\/h5>\n<p class=\"card-text\">El cuadro de carbono Advanced y la tijera de carbono Advanced SL ahorran 200 g combinados en comparaci\u00f3n con la generaci\u00f3n anterior. La geometr\u00eda actualizada incluye un eje de pedalier m\u00e1s bajo, mayor alcance y un \u00e1ngulo m\u00e1s pronunciado del tubo de direcci\u00f3n para mejorar la aceleraci\u00f3n y el ascenso.<\/p>\n<\/div>\n<\/div>\n<\/div>\n<div class=\"col-lg-4 s_col_no_bgcolor pt16 pb16\">\n<div class=\"card bg-white h-100\">\n<div class=\"card-body\">\n<h5 class=\"card-title\">Cumplimiento superior<\/h5>\n<p class=\"card-text\">Una uni\u00f3n del tirante m\u00e1s bajo con tubos de menor di\u00e1metro absorbe los impactos y vibraciones de la carretera. El manubrio de carbono Contact SLR D-Fuse y el poste de asiento D-Fuse funcionan como un sistema para optimizar el cumplimiento sin sacrificar la rigidez al tomar curvas, correr y escalar.<\/p>\n<\/div>\n<\/div>\n<\/div>\n<div class=\"col-lg-4 s_col_no_bgcolor pt16 pb16\">\n<div class=\"card bg-white h-100\">\n<div class=\"card-body\">\n<h5 class=\"card-title\">Adaptable al terreno<\/h5>\n<p class=\"card-text\">Un Flip Chip en la puntera trasera ajusta la distancia entre ejes: corto para un manejo m\u00e1s r\u00e1pido o largo para mejorar la estabilidad a gran velocidad. La configuraci\u00f3n larga tambi\u00e9n permite neum\u00e1ticos de mayor di\u00e1metro, hasta 53 mm. Puedes elegir el poste de asiento D-Fuse incluido para obtener el m\u00e1ximo cumplimiento o cambiar a un poste redondo o dropper de 30,9 mm.<\/p>\n<\/div>\n<\/div>\n<\/div>\n<\/div>\n<\/div>\n<\/section>\n<section class=\"s_picture bg-200 pb24 o_colored_level pt0\" data-snippet=\"s_picture\" data-name=\"Imagen especificaciones\">\n<div class=\"container-fluid\">\n<div class=\"row s_nb_column_fixed\">\n<div class=\"offset-lg-1 pb24 o_colored_level pt0 col-lg-10\">\n<figure class=\"figure\"><img decoding=\"async\" class=\"figure-img img-thumbnail padding-large d-block mx-auto lazyloaded\" title=\"\" src=\"https:\/\/disandina.odoo.com\/web\/image\/63835-aa921c34\/Captura%20de%20pantalla%202024-05-08%20a%20la%28s%29%2010.36.24.png?access_token=d4eb7973-9c2c-4633-948f-05a90c9b8c8e\" alt=\"\" data-original-title=\"\" aria-describedby=\"tooltip831217\" data-original-id=\"63830\" data-original-=\"\" data-mimetype=\"image\/png\" data-resize-width=\"962\" data-src=\"https:\/\/disandina.odoo.com\/web\/image\/63835-aa921c34\/Captura%20de%20pantalla%202024-05-08%20a%20la%28s%29%2010.36.24.png?access_token=d4eb7973-9c2c-4633-948f-05a90c9b8c8e\" \/><\/figure>\n<\/div>\n<\/div>\n<\/div>\n<\/section>\n","protected":false},"excerpt":{"rendered":"<p><a href=\"https:\/\/naturalbikes.cl\/wp-content\/uploads\/2024\/08\/giant-bicycles-new-20202103.jpg\"><img decoding=\"async\" class=\"size-medium wp-image-20970 alignleft\" src=\"https:\/\/naturalbikes.cl\/wp-content\/uploads\/2024\/08\/giant-bicycles-new-20202103-300x225.jpg\" alt=\"\" width=\"300\" height=\"225\" srcset=\"https:\/\/naturalbikes.cl\/wp-content\/uploads\/2024\/08\/giant-bicycles-new-20202103-300x225.jpg 300w, https:\/\/naturalbikes.cl\/wp-content\/uploads\/2024\/08\/giant-bicycles-new-20202103-768x576.jpg 768w, https:\/\/naturalbikes.cl\/wp-content\/uploads\/2024\/08\/giant-bicycles-new-20202103-450x338.jpg 450w, https:\/\/naturalbikes.cl\/wp-content\/uploads\/2024\/08\/giant-bicycles-new-20202103-800x600.jpg 800w, https:\/\/naturalbikes.cl\/wp-content\/uploads\/2024\/08\/giant-bicycles-new-20202103.jpg 866w\" sizes=\"(max-width: 300px) 100vw, 300px\" \/><\/a><\/p>\n<p><strong><em>Giant Revolt Advanced PRO 1<\/em>.<\/strong> Domina cualquier terreno. La Revolt Advanced PRO 1 es la bicicleta de gravel definitiva para aquellos que buscan velocidad y versatilidad. Su cuadro de carbono ultraligero y geometr\u00eda agresiva la convierten en la elecci\u00f3n perfecta para largas distancias y aventuras off-road. #Giant #RevoltAdvancedPRO1 #gravel #carbono #vers\u00e1til #rendimiento<\/p>\n","protected":false},"featured_media":20981,"comment_status":"open","ping_status":"closed","template":"","meta":[],"product_cat":[205,195,1363],"product_tag":[819,995,1364],"class_list":{"0":"post-20980","1":"product","2":"type-product","3":"status-publish","4":"has-post-thumbnail","6":"product_brand-giant","7":"product_cat-bicicleta-gravel","8":"product_cat-bicicletas","9":"product_cat-giant-bicicleta-gravel","10":"product_tag-bicicleta-gravel","11":"product_tag-giant","12":"product_tag-giant-revolt","14":"first","15":"instock","16":"sale","17":"taxable","18":"shipping-taxable","19":"purchasable","20":"product-type-variable","21":"rtwpvg-product"},"yoast_head":"<!-- This site is optimized with the Yoast SEO Premium plugin v24.8 (Yoast SEO v25.6) - https:\/\/yoast.com\/wordpress\/plugins\/seo\/ -->\n<title>Bicicleta Giant Revolt Advanced PRO 1 - NaturalBikes<\/title>\n<meta name=\"description\" content=\"Giant Revolt Advanced PRO 1. Domina cualquier terreno. La Revolt Advanced PRO 1 es la bicicleta de gravel definitiva para aquellos que buscan velocidad y versatilidad. Su cuadro de carbono ultraligero y geometr\u00eda agresiva la convierten en la elecci\u00f3n perfecta para largas distancias y aventuras off-road. #Giant #RevoltAdvancedPRO1 #gravel #carbono #vers\u00e1til #rendimiento\" \/>\n<meta name=\"robots\" content=\"index, follow, max-snippet:-1, max-image-preview:large, max-video-preview:-1\" \/>\n<link rel=\"canonical\" href=\"https:\/\/naturalbikes.cl\/?product=bicicleta-giant-revolt-advanced-pro-1-my24\" \/>\n<meta property=\"og:locale\" content=\"es_ES\" \/>\n<meta property=\"og:type\" content=\"article\" \/>\n<meta property=\"og:title\" content=\"Bicicleta Giant Revolt Advanced PRO 1\" \/>\n<meta property=\"og:description\" content=\"Ofrecer a nuestros clientes apasionados por el ciclismo de monta\u00f1a la mejor experiencia en productos, conocimientos especializados y servicios excepcionales. Nos comprometemos a proporcionar una amplia gama de bicicletas, accesorios y equipo de alta calidad, junto con asesoramiento experto y atenci\u00f3n personalizada para cada ciclista, para que puedan explorar, disfrutar y maximizar su aventura en el mundo del MTB\" \/>\n<meta property=\"og:url\" content=\"https:\/\/naturalbikes.cl\/?product=bicicleta-giant-revolt-advanced-pro-1-my24\" \/>\n<meta property=\"og:site_name\" content=\"NaturalBikes\" \/>\n<meta property=\"article:publisher\" content=\"https:\/\/www.facebook.com\/naturalbikescl\" \/>\n<meta property=\"article:modified_time\" content=\"2026-01-06T20:12:01+00:00\" \/>\n<meta property=\"og:image\" content=\"https:\/\/naturalbikes.cl\/wp-content\/uploads\/2024\/08\/MY24RevoltAdvancedPro1_ColorABlueDragonfly.webp\" \/>\n\t<meta property=\"og:image:width\" content=\"1100\" \/>\n\t<meta property=\"og:image:height\" content=\"825\" \/>\n\t<meta property=\"og:image:type\" content=\"image\/webp\" \/>\n<meta name=\"twitter:card\" content=\"summary_large_image\" \/>\n<meta name=\"twitter:label1\" content=\"Tiempo de lectura\" \/>\n\t<meta name=\"twitter:data1\" content=\"2 minutos\" \/>\n<script type=\"application\/ld+json\" class=\"yoast-schema-graph\">{\"@context\":\"https:\/\/schema.org\",\"@graph\":[{\"@type\":\"WebPage\",\"@id\":\"https:\/\/naturalbikes.cl\/?product=bicicleta-giant-revolt-advanced-pro-1-my24\",\"url\":\"https:\/\/naturalbikes.cl\/?product=bicicleta-giant-revolt-advanced-pro-1-my24\",\"name\":\"Bicicleta Giant Revolt Advanced PRO 1 - NaturalBikes\",\"isPartOf\":{\"@id\":\"https:\/\/naturalbikes.cl\/#website\"},\"primaryImageOfPage\":{\"@id\":\"https:\/\/naturalbikes.cl\/?product=bicicleta-giant-revolt-advanced-pro-1-my24#primaryimage\"},\"image\":{\"@id\":\"https:\/\/naturalbikes.cl\/?product=bicicleta-giant-revolt-advanced-pro-1-my24#primaryimage\"},\"thumbnailUrl\":\"https:\/\/naturalbikes.cl\/wp-content\/uploads\/2024\/08\/MY24RevoltAdvancedPro1_ColorABlueDragonfly.webp\",\"datePublished\":\"2024-08-05T00:50:06+00:00\",\"dateModified\":\"2026-01-06T20:12:01+00:00\",\"description\":\"Giant Revolt Advanced PRO 1. Domina cualquier terreno. La Revolt Advanced PRO 1 es la bicicleta de gravel definitiva para aquellos que buscan velocidad y versatilidad. Su cuadro de carbono ultraligero y geometr\u00eda agresiva la convierten en la elecci\u00f3n perfecta para largas distancias y aventuras off-road. #Giant #RevoltAdvancedPRO1 #gravel #carbono #vers\u00e1til #rendimiento\",\"breadcrumb\":{\"@id\":\"https:\/\/naturalbikes.cl\/?product=bicicleta-giant-revolt-advanced-pro-1-my24#breadcrumb\"},\"inLanguage\":\"es\",\"potentialAction\":[{\"@type\":\"ReadAction\",\"target\":[\"https:\/\/naturalbikes.cl\/?product=bicicleta-giant-revolt-advanced-pro-1-my24\"]}]},{\"@type\":\"ImageObject\",\"inLanguage\":\"es\",\"@id\":\"https:\/\/naturalbikes.cl\/?product=bicicleta-giant-revolt-advanced-pro-1-my24#primaryimage\",\"url\":\"https:\/\/naturalbikes.cl\/wp-content\/uploads\/2024\/08\/MY24RevoltAdvancedPro1_ColorABlueDragonfly.webp\",\"contentUrl\":\"https:\/\/naturalbikes.cl\/wp-content\/uploads\/2024\/08\/MY24RevoltAdvancedPro1_ColorABlueDragonfly.webp\",\"width\":1100,\"height\":825},{\"@type\":\"BreadcrumbList\",\"@id\":\"https:\/\/naturalbikes.cl\/?product=bicicleta-giant-revolt-advanced-pro-1-my24#breadcrumb\",\"itemListElement\":[{\"@type\":\"ListItem\",\"position\":1,\"name\":\"Portada\",\"item\":\"https:\/\/naturalbikes.cl\/\"},{\"@type\":\"ListItem\",\"position\":2,\"name\":\"Tienda NB\",\"item\":\"https:\/\/naturalbikes.cl\/?page_id=7843\"},{\"@type\":\"ListItem\",\"position\":3,\"name\":\"Giant\",\"item\":\"https:\/\/naturalbikes.cl\/?product_brand=giant\"},{\"@type\":\"ListItem\",\"position\":4,\"name\":\"Bicicleta Giant Revolt Advanced PRO 1\"}]},{\"@type\":\"WebSite\",\"@id\":\"https:\/\/naturalbikes.cl\/#website\",\"url\":\"https:\/\/naturalbikes.cl\/\",\"name\":\"Natural Bikes\",\"description\":\"Tienda de bicicletas repuestos accesorios taller mantenimiento clases salidas\",\"publisher\":{\"@id\":\"https:\/\/naturalbikes.cl\/#organization\"},\"alternateName\":\"Natural Bikes\",\"potentialAction\":[{\"@type\":\"SearchAction\",\"target\":{\"@type\":\"EntryPoint\",\"urlTemplate\":\"https:\/\/naturalbikes.cl\/?s={search_term_string}\"},\"query-input\":{\"@type\":\"PropertyValueSpecification\",\"valueRequired\":true,\"valueName\":\"search_term_string\"}}],\"inLanguage\":\"es\"},{\"@type\":\"Organization\",\"@id\":\"https:\/\/naturalbikes.cl\/#organization\",\"name\":\"Natural Bikes\",\"alternateName\":\"Natural Bikes\",\"url\":\"https:\/\/naturalbikes.cl\/\",\"logo\":{\"@type\":\"ImageObject\",\"inLanguage\":\"es\",\"@id\":\"https:\/\/naturalbikes.cl\/#\/schema\/logo\/image\/\",\"url\":\"https:\/\/naturalbikes.cl\/wp-content\/uploads\/2024\/05\/2023-10-10-10.44.12.jpg\",\"contentUrl\":\"https:\/\/naturalbikes.cl\/wp-content\/uploads\/2024\/05\/2023-10-10-10.44.12.jpg\",\"width\":650,\"height\":650,\"caption\":\"Natural Bikes\"},\"image\":{\"@id\":\"https:\/\/naturalbikes.cl\/#\/schema\/logo\/image\/\"},\"sameAs\":[\"https:\/\/www.facebook.com\/naturalbikescl\",\"https:\/\/www.instagram.com\/natural.bikes\",\"https:\/\/www.tiktok.com\/@natural.bikes\"],\"description\":\"Ofrecer a nuestros clientes apasionados por el ciclismo de monta\u00f1a la mejor experiencia en productos, conocimientos especializados y servicios excepcionales. Nos comprometemos a proporcionar una amplia gama de bicicletas, accesorios y equipo de alta calidad, junto con asesoramiento experto y atenci\u00f3n personalizada para cada ciclista, para que puedan explorar, disfrutar y maximizar su aventura en el mundo del MTB\",\"email\":\"naturalbikes1@gmail.com\",\"telephone\":\"56977043878\",\"legalName\":\"Natural Bikes Limitada\",\"foundingDate\":\"2024-01-01\",\"vatID\":\"76699553-5\",\"taxID\":\"76699553-5\",\"numberOfEmployees\":{\"@type\":\"QuantitativeValue\",\"minValue\":\"1\",\"maxValue\":\"10\"},\"publishingPrinciples\":\"https:\/\/naturalbikes.cl\/?page_id=7843\",\"ownershipFundingInfo\":\"https:\/\/naturalbikes.cl\/?page_id=7843\",\"actionableFeedbackPolicy\":\"https:\/\/naturalbikes.cl\/?page_id=14797\",\"correctionsPolicy\":\"https:\/\/naturalbikes.cl\/?page_id=3\",\"ethicsPolicy\":\"https:\/\/naturalbikes.cl\/?page_id=7843\",\"diversityPolicy\":\"https:\/\/naturalbikes.cl\/?page_id=11734\",\"diversityStaffingReport\":\"https:\/\/naturalbikes.cl\/?page_id=12161\"}]}<\/script>\n<!-- \/ Yoast SEO Premium plugin. -->","yoast_head_json":{"title":"Bicicleta Giant Revolt Advanced PRO 1 - NaturalBikes","description":"Giant Revolt Advanced PRO 1. Domina cualquier terreno. La Revolt Advanced PRO 1 es la bicicleta de gravel definitiva para aquellos que buscan velocidad y versatilidad. Su cuadro de carbono ultraligero y geometr\u00eda agresiva la convierten en la elecci\u00f3n perfecta para largas distancias y aventuras off-road. #Giant #RevoltAdvancedPRO1 #gravel #carbono #vers\u00e1til #rendimiento","robots":{"index":"index","follow":"follow","max-snippet":"max-snippet:-1","max-image-preview":"max-image-preview:large","max-video-preview":"max-video-preview:-1"},"canonical":"https:\/\/naturalbikes.cl\/?product=bicicleta-giant-revolt-advanced-pro-1-my24","og_locale":"es_ES","og_type":"article","og_title":"Bicicleta Giant Revolt Advanced PRO 1","og_description":"Ofrecer a nuestros clientes apasionados por el ciclismo de monta\u00f1a la mejor experiencia en productos, conocimientos especializados y servicios excepcionales. Nos comprometemos a proporcionar una amplia gama de bicicletas, accesorios y equipo de alta calidad, junto con asesoramiento experto y atenci\u00f3n personalizada para cada ciclista, para que puedan explorar, disfrutar y maximizar su aventura en el mundo del MTB","og_url":"https:\/\/naturalbikes.cl\/?product=bicicleta-giant-revolt-advanced-pro-1-my24","og_site_name":"NaturalBikes","article_publisher":"https:\/\/www.facebook.com\/naturalbikescl","article_modified_time":"2026-01-06T20:12:01+00:00","og_image":[{"width":1100,"height":825,"url":"https:\/\/naturalbikes.cl\/wp-content\/uploads\/2024\/08\/MY24RevoltAdvancedPro1_ColorABlueDragonfly.webp","type":"image\/webp"}],"twitter_card":"summary_large_image","twitter_misc":{"Tiempo de lectura":"2 minutos"},"schema":{"@context":"https:\/\/schema.org","@graph":[{"@type":"WebPage","@id":"https:\/\/naturalbikes.cl\/?product=bicicleta-giant-revolt-advanced-pro-1-my24","url":"https:\/\/naturalbikes.cl\/?product=bicicleta-giant-revolt-advanced-pro-1-my24","name":"Bicicleta Giant Revolt Advanced PRO 1 - NaturalBikes","isPartOf":{"@id":"https:\/\/naturalbikes.cl\/#website"},"primaryImageOfPage":{"@id":"https:\/\/naturalbikes.cl\/?product=bicicleta-giant-revolt-advanced-pro-1-my24#primaryimage"},"image":{"@id":"https:\/\/naturalbikes.cl\/?product=bicicleta-giant-revolt-advanced-pro-1-my24#primaryimage"},"thumbnailUrl":"https:\/\/naturalbikes.cl\/wp-content\/uploads\/2024\/08\/MY24RevoltAdvancedPro1_ColorABlueDragonfly.webp","datePublished":"2024-08-05T00:50:06+00:00","dateModified":"2026-01-06T20:12:01+00:00","description":"Giant Revolt Advanced PRO 1. Domina cualquier terreno. La Revolt Advanced PRO 1 es la bicicleta de gravel definitiva para aquellos que buscan velocidad y versatilidad. Su cuadro de carbono ultraligero y geometr\u00eda agresiva la convierten en la elecci\u00f3n perfecta para largas distancias y aventuras off-road. #Giant #RevoltAdvancedPRO1 #gravel #carbono #vers\u00e1til #rendimiento","breadcrumb":{"@id":"https:\/\/naturalbikes.cl\/?product=bicicleta-giant-revolt-advanced-pro-1-my24#breadcrumb"},"inLanguage":"es","potentialAction":[{"@type":"ReadAction","target":["https:\/\/naturalbikes.cl\/?product=bicicleta-giant-revolt-advanced-pro-1-my24"]}]},{"@type":"ImageObject","inLanguage":"es","@id":"https:\/\/naturalbikes.cl\/?product=bicicleta-giant-revolt-advanced-pro-1-my24#primaryimage","url":"https:\/\/naturalbikes.cl\/wp-content\/uploads\/2024\/08\/MY24RevoltAdvancedPro1_ColorABlueDragonfly.webp","contentUrl":"https:\/\/naturalbikes.cl\/wp-content\/uploads\/2024\/08\/MY24RevoltAdvancedPro1_ColorABlueDragonfly.webp","width":1100,"height":825},{"@type":"BreadcrumbList","@id":"https:\/\/naturalbikes.cl\/?product=bicicleta-giant-revolt-advanced-pro-1-my24#breadcrumb","itemListElement":[{"@type":"ListItem","position":1,"name":"Portada","item":"https:\/\/naturalbikes.cl\/"},{"@type":"ListItem","position":2,"name":"Tienda NB","item":"https:\/\/naturalbikes.cl\/?page_id=7843"},{"@type":"ListItem","position":3,"name":"Giant","item":"https:\/\/naturalbikes.cl\/?product_brand=giant"},{"@type":"ListItem","position":4,"name":"Bicicleta Giant Revolt Advanced PRO 1"}]},{"@type":"WebSite","@id":"https:\/\/naturalbikes.cl\/#website","url":"https:\/\/naturalbikes.cl\/","name":"Natural Bikes","description":"Tienda de bicicletas repuestos accesorios taller mantenimiento clases salidas","publisher":{"@id":"https:\/\/naturalbikes.cl\/#organization"},"alternateName":"Natural Bikes","potentialAction":[{"@type":"SearchAction","target":{"@type":"EntryPoint","urlTemplate":"https:\/\/naturalbikes.cl\/?s={search_term_string}"},"query-input":{"@type":"PropertyValueSpecification","valueRequired":true,"valueName":"search_term_string"}}],"inLanguage":"es"},{"@type":"Organization","@id":"https:\/\/naturalbikes.cl\/#organization","name":"Natural Bikes","alternateName":"Natural Bikes","url":"https:\/\/naturalbikes.cl\/","logo":{"@type":"ImageObject","inLanguage":"es","@id":"https:\/\/naturalbikes.cl\/#\/schema\/logo\/image\/","url":"https:\/\/naturalbikes.cl\/wp-content\/uploads\/2024\/05\/2023-10-10-10.44.12.jpg","contentUrl":"https:\/\/naturalbikes.cl\/wp-content\/uploads\/2024\/05\/2023-10-10-10.44.12.jpg","width":650,"height":650,"caption":"Natural Bikes"},"image":{"@id":"https:\/\/naturalbikes.cl\/#\/schema\/logo\/image\/"},"sameAs":["https:\/\/www.facebook.com\/naturalbikescl","https:\/\/www.instagram.com\/natural.bikes","https:\/\/www.tiktok.com\/@natural.bikes"],"description":"Ofrecer a nuestros clientes apasionados por el ciclismo de monta\u00f1a la mejor experiencia en productos, conocimientos especializados y servicios excepcionales. Nos comprometemos a proporcionar una amplia gama de bicicletas, accesorios y equipo de alta calidad, junto con asesoramiento experto y atenci\u00f3n personalizada para cada ciclista, para que puedan explorar, disfrutar y maximizar su aventura en el mundo del MTB","email":"naturalbikes1@gmail.com","telephone":"56977043878","legalName":"Natural Bikes Limitada","foundingDate":"2024-01-01","vatID":"76699553-5","taxID":"76699553-5","numberOfEmployees":{"@type":"QuantitativeValue","minValue":"1","maxValue":"10"},"publishingPrinciples":"https:\/\/naturalbikes.cl\/?page_id=7843","ownershipFundingInfo":"https:\/\/naturalbikes.cl\/?page_id=7843","actionableFeedbackPolicy":"https:\/\/naturalbikes.cl\/?page_id=14797","correctionsPolicy":"https:\/\/naturalbikes.cl\/?page_id=3","ethicsPolicy":"https:\/\/naturalbikes.cl\/?page_id=7843","diversityPolicy":"https:\/\/naturalbikes.cl\/?page_id=11734","diversityStaffingReport":"https:\/\/naturalbikes.cl\/?page_id=12161"}]}},"_links":{"self":[{"href":"https:\/\/naturalbikes.cl\/index.php?rest_route=\/wp\/v2\/product\/20980"}],"collection":[{"href":"https:\/\/naturalbikes.cl\/index.php?rest_route=\/wp\/v2\/product"}],"about":[{"href":"https:\/\/naturalbikes.cl\/index.php?rest_route=\/wp\/v2\/types\/product"}],"replies":[{"embeddable":true,"href":"https:\/\/naturalbikes.cl\/index.php?rest_route=%2Fwp%2Fv2%2Fcomments&post=20980"}],"wp:featuredmedia":[{"embeddable":true,"href":"https:\/\/naturalbikes.cl\/index.php?rest_route=\/wp\/v2\/media\/20981"}],"wp:attachment":[{"href":"https:\/\/naturalbikes.cl\/index.php?rest_route=%2Fwp%2Fv2%2Fmedia&parent=20980"}],"wp:term":[{"taxonomy":"product_cat","embeddable":true,"href":"https:\/\/naturalbikes.cl\/index.php?rest_route=%2Fwp%2Fv2%2Fproduct_cat&post=20980"},{"taxonomy":"product_tag","embeddable":true,"href":"https:\/\/naturalbikes.cl\/index.php?rest_route=%2Fwp%2Fv2%2Fproduct_tag&post=20980"}],"curies":[{"name":"wp","href":"https:\/\/api.w.org\/{rel}","templated":true}]}}