{"id":20969,"date":"2024-08-04T20:17:34","date_gmt":"2024-08-05T00:17:34","guid":{"rendered":"https:\/\/naturalbikes.cl\/?post_type=product&#038;p=20969"},"modified":"2026-01-06T17:12:01","modified_gmt":"2026-01-06T20:12:01","slug":"bicicleta-giant-revolt-advanced-pro-0-my24","status":"publish","type":"product","link":"https:\/\/naturalbikes.cl\/?product=bicicleta-giant-revolt-advanced-pro-0-my24","title":{"rendered":"Bicicleta Giant Revolt Advanced PRO 0"},"content":{"rendered":"<p><a href=\"https:\/\/naturalbikes.cl\/wp-content\/uploads\/2024\/08\/giant-bicycles-new-20202103.jpg\"><img fetchpriority=\"high\" decoding=\"async\" class=\"size-medium wp-image-20970 aligncenter\" src=\"https:\/\/naturalbikes.cl\/wp-content\/uploads\/2024\/08\/giant-bicycles-new-20202103-300x225.jpg\" alt=\"\" width=\"300\" height=\"225\" srcset=\"https:\/\/naturalbikes.cl\/wp-content\/uploads\/2024\/08\/giant-bicycles-new-20202103-300x225.jpg 300w, https:\/\/naturalbikes.cl\/wp-content\/uploads\/2024\/08\/giant-bicycles-new-20202103-768x576.jpg 768w, https:\/\/naturalbikes.cl\/wp-content\/uploads\/2024\/08\/giant-bicycles-new-20202103-450x338.jpg 450w, https:\/\/naturalbikes.cl\/wp-content\/uploads\/2024\/08\/giant-bicycles-new-20202103-800x600.jpg 800w, https:\/\/naturalbikes.cl\/wp-content\/uploads\/2024\/08\/giant-bicycles-new-20202103.jpg 866w\" sizes=\"(max-width: 300px) 100vw, 300px\" \/><\/a><\/p>\n<div class=\"card__header\">\n<h2 class=\"card__title heading h3\" style=\"text-align: center;\"><strong>Descripci\u00f3n<\/strong><\/h2>\n<\/div>\n<div class=\"card__section \">\n<div class=\"rte text--pull\">\n<h4 class=\"lead headline\"><em>GIANT REVOLT ADVANCED PRO 0<\/em><\/h4>\n<p class=\"lead headline\">LA GRAVA R\u00c1PIDA ES GRAVA DIVERTIDA. LA BICICLETA ELEGIDA POR LOS PROFESIONALES DE LAS CARRERAS DE GRAVEL DE GIANT, ESTA VELOCISTA SUPERLIGERA OFRECE UNA CONDUCCI\u00d3N SUAVE SOBRE CAMINOS ACCIDENTADOS Y SE ADAPTA A TODO TIPO DE CONDICIONES Y ESTILOS DE CONDUCCI\u00d3N.<\/p>\n<div id=\"keyperformancefactors\">\n<h4 class=\"line-behind\"><em>FACTORES CLAVE DE RENDIMIENTO<\/em><\/h4>\n<div class=\"row\">\n<div class=\"item col-md-4 col-sm-12\">\n<h5>Eficiencia ligera<\/h5>\n<p>El cuadro compuesto avanzado y la horquilla compuesta Advanced SL ahorran 200 g combinados en comparaci\u00f3n con la generaci\u00f3n anterior. La geometr\u00eda actualizada incluye un eje de pedalier m\u00e1s bajo, mayor alcance y un \u00e1ngulo m\u00e1s pronunciado del tubo de direcci\u00f3n para mejorar la aceleraci\u00f3n y el ascenso.<\/p>\n<\/div>\n<div class=\"item col-md-4 col-sm-12\">\n<h5>Cumplimiento ajustado<\/h5>\n<p>Una uni\u00f3n del tirante m\u00e1s bajo con tubos de menor di\u00e1metro absorbe los impactos y vibraciones de la carretera. El manillar de carbono Contact SLR D-Fuse y la tija de sill\u00edn D-Fuse funcionan como un sistema para optimizar el cumplimiento sin sacrificar la rigidez al tomar curvas, correr y escalar.<\/p>\n<\/div>\n<div class=\"item col-md-4 col-sm-12\">\n<h5>Adaptable al terreno<\/h5>\n<p>Un chip giratorio en la puntera trasera ajusta la distancia entre ejes: corto para un manejo m\u00e1s r\u00e1pido o largo para mejorar la estabilidad a gran velocidad. La configuraci\u00f3n larga tambi\u00e9n permite neum\u00e1ticos de mayor di\u00e1metro, hasta 53 mm. Puede elegir la tija de sill\u00edn D-Fuse incluida para obtener el m\u00e1ximo cumplimiento o cambiar a una tija redonda o cuentagotas de 30,9 mm.<\/p>\n<h4><em>ESPECIFICACIONES T\u00c9CNICAS<\/em><\/h4>\n<div class=\"flex-1 overflow-hidden\">\n<div class=\"react-scroll-to-bottom--css-vstbf-79elbk h-full\">\n<div class=\"react-scroll-to-bottom--css-vstbf-1n7m0yu\">\n<div>\n<div class=\"flex flex-col text-sm pb-9\">\n<div class=\"w-full text-token-text-primary\" data-testid=\"conversation-turn-33\">\n<div class=\"px-4 py-2 justify-center text-base md:gap-6 m-auto\">\n<div class=\"flex flex-1 text-base mx-auto gap-3 md:px-5 lg:px-1 xl:px-5 md:max-w-3xl lg:max-w-[40rem] xl:max-w-[48rem] group final-completion\">\n<div class=\"relative flex w-full flex-col agent-turn\">\n<div class=\"flex-col gap-1 md:gap-3\">\n<div class=\"flex flex-grow flex-col max-w-full\">\n<div class=\"min-h-[20px] text-message flex flex-col items-start gap-3 whitespace-pre-wrap break-words [.text-message+&amp;]:mt-5 overflow-x-auto\" data-message-id=\"22429223-4825-4eed-92ae-c56a91d12d80\" data-message-author-role=\"assistant\">\n<div class=\"markdown prose w-full break-words dark:prose-invert dark\">\n<ul>\n<li><strong>Cuadro<\/strong>: Advanced-grade composite, 12x142mm thru-axle, disc, flip chip dropout<\/li>\n<li><strong>Horquilla<\/strong>: Advanced SL-grade composite, full-composite OverDrive steerer, 12mm thru-axle, disc<\/li>\n<li><strong>Amortiguador<\/strong>: N\/A<\/li>\n<li><strong>Manillar<\/strong>: Giant Contact SLR XR D-Fuse, 31.8mm XS:42cm, S:42cm, M:44cm, M\/L:44cm, L:46cm, XL:46cm<\/li>\n<li><strong>Pu\u00f1os<\/strong>: Stratus Lite 3.0<\/li>\n<li><strong>Potencia<\/strong>: Giant Contact, 8-degree XS:50mm, S:60mm, M:70mm, M\/L:80mm, L:80mm, XL:90mm<\/li>\n<li><strong>Tija de sill\u00edn<\/strong>: Giant D-Fuse SLR w\/ offset -5\/+15<\/li>\n<li><strong>Sill\u00edn<\/strong>: Giant Approach SL<\/li>\n<li><strong>Pedales<\/strong>: N\/A<\/li>\n<li><strong>Shifters<\/strong>: Sram Force AXS HRD, 2&#215;12<\/li>\n<li><strong>Desviador delantero<\/strong>: Sram Force AXS Wide<\/li>\n<li><strong>Cambio trasero<\/strong>: Sram Force AXS, Max 36T<\/li>\n<li><strong>Frenos<\/strong>: Sram ForceTap AXS HRD, SRAM CenterLine rotors [F]160mm, [R]160mm<\/li>\n<li><strong>Palancas de freno<\/strong>: SRAM Force AXS HRD (hydraulic road disc)<\/li>\n<li><strong>Cassette<\/strong>: Sram Force, XG-1270, 12-speed, 10-36<\/li>\n<li><strong>Cadena<\/strong>: SRAM FORCE D1, 12-speed<\/li>\n<li><strong>Bielas<\/strong>: Sram Force D2 DUB,30\/43 XS:170mm, S:170mm, M:172.5mm, M\/L:172.5mm, L:175mm, XL:175mm<\/li>\n<li><strong>Eje de pedalier<\/strong>: SRAM DUB, press fit<\/li>\n<li><strong>Llantas<\/strong>: Giant CXR 1 Carbon Disc WheelSystem, [F] 35mm, [R] 35mm<\/li>\n<li><strong>Bujes<\/strong>: [F] Giant AR alloy, CenterLock, 12mm thru-axle, [R] Giant AR alloy, DT350 36t ratchet driver, CenterLock, 12mm thru-axle<\/li>\n<li><strong>Radios<\/strong>: Sapim CX-Ray<\/li>\n<li><strong>Neum\u00e1ticos<\/strong>: CADEX AR, 700x40c, tubeless<\/li>\n<li><strong>Extras<\/strong>: Tubeless prepared, 53mm max tire size in \u00ablong\u00bb flip chip position, 45mm max tire size in \u00abshort\u00bb flip chip position<\/li>\n<\/ul>\n<\/div>\n<\/div>\n<\/div>\n<div class=\"pr-2 lg:pr-0\"><\/div>\n<\/div>\n<\/div>\n<\/div>\n<\/div>\n<\/div>\n<\/div>\n<\/div>\n<\/div>\n<\/div>\n<\/div>\n<\/div>\n<\/div>\n<\/div>\n<\/div>\n<\/div>\n<p>&nbsp;<\/p>\n<p>&nbsp;<\/p>\n","protected":false},"excerpt":{"rendered":"<p><a href=\"https:\/\/naturalbikes.cl\/wp-content\/uploads\/2024\/08\/giant-bicycles-new-20202103.jpg\"><img decoding=\"async\" class=\"size-medium wp-image-20970 alignleft\" src=\"https:\/\/naturalbikes.cl\/wp-content\/uploads\/2024\/08\/giant-bicycles-new-20202103-300x225.jpg\" alt=\"\" width=\"300\" height=\"225\" srcset=\"https:\/\/naturalbikes.cl\/wp-content\/uploads\/2024\/08\/giant-bicycles-new-20202103-300x225.jpg 300w, https:\/\/naturalbikes.cl\/wp-content\/uploads\/2024\/08\/giant-bicycles-new-20202103-768x576.jpg 768w, https:\/\/naturalbikes.cl\/wp-content\/uploads\/2024\/08\/giant-bicycles-new-20202103-450x338.jpg 450w, https:\/\/naturalbikes.cl\/wp-content\/uploads\/2024\/08\/giant-bicycles-new-20202103-800x600.jpg 800w, https:\/\/naturalbikes.cl\/wp-content\/uploads\/2024\/08\/giant-bicycles-new-20202103.jpg 866w\" sizes=\"(max-width: 300px) 100vw, 300px\" \/><\/a><\/p>\n<blockquote class=\"\" data-sourcepos=\"7:1-7:377\">\n<p data-sourcepos=\"7:3-7:377\"><strong>Giant Revolt Advanced PRO 0.<\/strong> Domina cualquier terreno. La Revolt Advanced PRO 0 es la bicicleta de gravel definitiva para aquellos que buscan velocidad y versatilidad. Su cuadro de carbono ultraligero y geometr\u00eda agresiva la convierten en la elecci\u00f3n perfecta para largas distancias y aventuras off-road. #Giant #RevoltAdvancedPRO0 #gravel #carbono #vers\u00e1til #rendimiento<\/p>\n<\/blockquote>\n","protected":false},"featured_media":20973,"comment_status":"open","ping_status":"closed","template":"","meta":[],"product_cat":[205,195],"product_tag":[819,995,1364],"class_list":{"0":"post-20969","1":"product","2":"type-product","3":"status-publish","4":"has-post-thumbnail","6":"product_brand-giant","7":"product_cat-bicicleta-gravel","8":"product_cat-bicicletas","9":"product_tag-bicicleta-gravel","10":"product_tag-giant","11":"product_tag-giant-revolt","13":"first","14":"instock","15":"sale","16":"taxable","17":"shipping-taxable","18":"purchasable","19":"product-type-variable","20":"rtwpvg-product"},"yoast_head":"<!-- This site is optimized with the Yoast SEO Premium plugin v24.8 (Yoast SEO v25.6) - https:\/\/yoast.com\/wordpress\/plugins\/seo\/ -->\n<title>Bicicleta Giant Revolt Advanced PRO 0 - NaturalBikes<\/title>\n<meta name=\"description\" content=\"Giant Revolt Advanced PRO 0. Domina cualquier terreno. La Revolt Advanced PRO 0 es la bicicleta de gravel definitiva para aquellos que buscan velocidad y versatilidad. Su cuadro de carbono ultraligero y geometr\u00eda agresiva la convierten en la elecci\u00f3n perfecta para largas distancias y aventuras off-road. #Giant #RevoltAdvancedPRO0 #gravel #carbono #vers\u00e1til #rendimiento\" \/>\n<meta name=\"robots\" content=\"index, follow, max-snippet:-1, max-image-preview:large, max-video-preview:-1\" \/>\n<link rel=\"canonical\" href=\"https:\/\/naturalbikes.cl\/?product=bicicleta-giant-revolt-advanced-pro-0-my24\" \/>\n<meta property=\"og:locale\" content=\"es_ES\" \/>\n<meta property=\"og:type\" content=\"article\" \/>\n<meta property=\"og:title\" content=\"Bicicleta Giant Revolt Advanced PRO 0\" \/>\n<meta property=\"og:description\" content=\"Ofrecer a nuestros clientes apasionados por el ciclismo de monta\u00f1a la mejor experiencia en productos, conocimientos especializados y servicios excepcionales. Nos comprometemos a proporcionar una amplia gama de bicicletas, accesorios y equipo de alta calidad, junto con asesoramiento experto y atenci\u00f3n personalizada para cada ciclista, para que puedan explorar, disfrutar y maximizar su aventura en el mundo del MTB\" \/>\n<meta property=\"og:url\" content=\"https:\/\/naturalbikes.cl\/?product=bicicleta-giant-revolt-advanced-pro-0-my24\" \/>\n<meta property=\"og:site_name\" content=\"NaturalBikes\" \/>\n<meta property=\"article:publisher\" content=\"https:\/\/www.facebook.com\/naturalbikescl\" \/>\n<meta property=\"article:modified_time\" content=\"2026-01-06T20:12:01+00:00\" \/>\n<meta property=\"og:image\" content=\"https:\/\/naturalbikes.cl\/wp-content\/uploads\/2024\/08\/MY24RevoltAdvancedPro0_ColorADigitalBlurple_Front.webp\" \/>\n\t<meta property=\"og:image:width\" content=\"1100\" \/>\n\t<meta property=\"og:image:height\" content=\"825\" \/>\n\t<meta property=\"og:image:type\" content=\"image\/webp\" \/>\n<meta name=\"twitter:card\" content=\"summary_large_image\" \/>\n<meta name=\"twitter:label1\" content=\"Tiempo de lectura\" \/>\n\t<meta name=\"twitter:data1\" content=\"3 minutos\" \/>\n<script type=\"application\/ld+json\" class=\"yoast-schema-graph\">{\"@context\":\"https:\/\/schema.org\",\"@graph\":[{\"@type\":\"WebPage\",\"@id\":\"https:\/\/naturalbikes.cl\/?product=bicicleta-giant-revolt-advanced-pro-0-my24\",\"url\":\"https:\/\/naturalbikes.cl\/?product=bicicleta-giant-revolt-advanced-pro-0-my24\",\"name\":\"Bicicleta Giant Revolt Advanced PRO 0 - NaturalBikes\",\"isPartOf\":{\"@id\":\"https:\/\/naturalbikes.cl\/#website\"},\"primaryImageOfPage\":{\"@id\":\"https:\/\/naturalbikes.cl\/?product=bicicleta-giant-revolt-advanced-pro-0-my24#primaryimage\"},\"image\":{\"@id\":\"https:\/\/naturalbikes.cl\/?product=bicicleta-giant-revolt-advanced-pro-0-my24#primaryimage\"},\"thumbnailUrl\":\"https:\/\/naturalbikes.cl\/wp-content\/uploads\/2024\/08\/MY24RevoltAdvancedPro0_ColorADigitalBlurple_Front.webp\",\"datePublished\":\"2024-08-05T00:17:34+00:00\",\"dateModified\":\"2026-01-06T20:12:01+00:00\",\"description\":\"Giant Revolt Advanced PRO 0. Domina cualquier terreno. La Revolt Advanced PRO 0 es la bicicleta de gravel definitiva para aquellos que buscan velocidad y versatilidad. Su cuadro de carbono ultraligero y geometr\u00eda agresiva la convierten en la elecci\u00f3n perfecta para largas distancias y aventuras off-road. #Giant #RevoltAdvancedPRO0 #gravel #carbono #vers\u00e1til #rendimiento\",\"breadcrumb\":{\"@id\":\"https:\/\/naturalbikes.cl\/?product=bicicleta-giant-revolt-advanced-pro-0-my24#breadcrumb\"},\"inLanguage\":\"es\",\"potentialAction\":[{\"@type\":\"ReadAction\",\"target\":[\"https:\/\/naturalbikes.cl\/?product=bicicleta-giant-revolt-advanced-pro-0-my24\"]}]},{\"@type\":\"ImageObject\",\"inLanguage\":\"es\",\"@id\":\"https:\/\/naturalbikes.cl\/?product=bicicleta-giant-revolt-advanced-pro-0-my24#primaryimage\",\"url\":\"https:\/\/naturalbikes.cl\/wp-content\/uploads\/2024\/08\/MY24RevoltAdvancedPro0_ColorADigitalBlurple_Front.webp\",\"contentUrl\":\"https:\/\/naturalbikes.cl\/wp-content\/uploads\/2024\/08\/MY24RevoltAdvancedPro0_ColorADigitalBlurple_Front.webp\",\"width\":1100,\"height\":825},{\"@type\":\"BreadcrumbList\",\"@id\":\"https:\/\/naturalbikes.cl\/?product=bicicleta-giant-revolt-advanced-pro-0-my24#breadcrumb\",\"itemListElement\":[{\"@type\":\"ListItem\",\"position\":1,\"name\":\"Portada\",\"item\":\"https:\/\/naturalbikes.cl\/\"},{\"@type\":\"ListItem\",\"position\":2,\"name\":\"Tienda NB\",\"item\":\"https:\/\/naturalbikes.cl\/?page_id=7843\"},{\"@type\":\"ListItem\",\"position\":3,\"name\":\"Giant\",\"item\":\"https:\/\/naturalbikes.cl\/?product_brand=giant\"},{\"@type\":\"ListItem\",\"position\":4,\"name\":\"Bicicleta Giant Revolt Advanced PRO 0\"}]},{\"@type\":\"WebSite\",\"@id\":\"https:\/\/naturalbikes.cl\/#website\",\"url\":\"https:\/\/naturalbikes.cl\/\",\"name\":\"Natural Bikes\",\"description\":\"Tienda de bicicletas repuestos accesorios taller mantenimiento clases salidas\",\"publisher\":{\"@id\":\"https:\/\/naturalbikes.cl\/#organization\"},\"alternateName\":\"Natural Bikes\",\"potentialAction\":[{\"@type\":\"SearchAction\",\"target\":{\"@type\":\"EntryPoint\",\"urlTemplate\":\"https:\/\/naturalbikes.cl\/?s={search_term_string}\"},\"query-input\":{\"@type\":\"PropertyValueSpecification\",\"valueRequired\":true,\"valueName\":\"search_term_string\"}}],\"inLanguage\":\"es\"},{\"@type\":\"Organization\",\"@id\":\"https:\/\/naturalbikes.cl\/#organization\",\"name\":\"Natural Bikes\",\"alternateName\":\"Natural Bikes\",\"url\":\"https:\/\/naturalbikes.cl\/\",\"logo\":{\"@type\":\"ImageObject\",\"inLanguage\":\"es\",\"@id\":\"https:\/\/naturalbikes.cl\/#\/schema\/logo\/image\/\",\"url\":\"https:\/\/naturalbikes.cl\/wp-content\/uploads\/2024\/05\/2023-10-10-10.44.12.jpg\",\"contentUrl\":\"https:\/\/naturalbikes.cl\/wp-content\/uploads\/2024\/05\/2023-10-10-10.44.12.jpg\",\"width\":650,\"height\":650,\"caption\":\"Natural Bikes\"},\"image\":{\"@id\":\"https:\/\/naturalbikes.cl\/#\/schema\/logo\/image\/\"},\"sameAs\":[\"https:\/\/www.facebook.com\/naturalbikescl\",\"https:\/\/www.instagram.com\/natural.bikes\",\"https:\/\/www.tiktok.com\/@natural.bikes\"],\"description\":\"Ofrecer a nuestros clientes apasionados por el ciclismo de monta\u00f1a la mejor experiencia en productos, conocimientos especializados y servicios excepcionales. Nos comprometemos a proporcionar una amplia gama de bicicletas, accesorios y equipo de alta calidad, junto con asesoramiento experto y atenci\u00f3n personalizada para cada ciclista, para que puedan explorar, disfrutar y maximizar su aventura en el mundo del MTB\",\"email\":\"naturalbikes1@gmail.com\",\"telephone\":\"56977043878\",\"legalName\":\"Natural Bikes Limitada\",\"foundingDate\":\"2024-01-01\",\"vatID\":\"76699553-5\",\"taxID\":\"76699553-5\",\"numberOfEmployees\":{\"@type\":\"QuantitativeValue\",\"minValue\":\"1\",\"maxValue\":\"10\"},\"publishingPrinciples\":\"https:\/\/naturalbikes.cl\/?page_id=7843\",\"ownershipFundingInfo\":\"https:\/\/naturalbikes.cl\/?page_id=7843\",\"actionableFeedbackPolicy\":\"https:\/\/naturalbikes.cl\/?page_id=14797\",\"correctionsPolicy\":\"https:\/\/naturalbikes.cl\/?page_id=3\",\"ethicsPolicy\":\"https:\/\/naturalbikes.cl\/?page_id=7843\",\"diversityPolicy\":\"https:\/\/naturalbikes.cl\/?page_id=11734\",\"diversityStaffingReport\":\"https:\/\/naturalbikes.cl\/?page_id=12161\"}]}<\/script>\n<!-- \/ Yoast SEO Premium plugin. -->","yoast_head_json":{"title":"Bicicleta Giant Revolt Advanced PRO 0 - NaturalBikes","description":"Giant Revolt Advanced PRO 0. Domina cualquier terreno. La Revolt Advanced PRO 0 es la bicicleta de gravel definitiva para aquellos que buscan velocidad y versatilidad. Su cuadro de carbono ultraligero y geometr\u00eda agresiva la convierten en la elecci\u00f3n perfecta para largas distancias y aventuras off-road. #Giant #RevoltAdvancedPRO0 #gravel #carbono #vers\u00e1til #rendimiento","robots":{"index":"index","follow":"follow","max-snippet":"max-snippet:-1","max-image-preview":"max-image-preview:large","max-video-preview":"max-video-preview:-1"},"canonical":"https:\/\/naturalbikes.cl\/?product=bicicleta-giant-revolt-advanced-pro-0-my24","og_locale":"es_ES","og_type":"article","og_title":"Bicicleta Giant Revolt Advanced PRO 0","og_description":"Ofrecer a nuestros clientes apasionados por el ciclismo de monta\u00f1a la mejor experiencia en productos, conocimientos especializados y servicios excepcionales. Nos comprometemos a proporcionar una amplia gama de bicicletas, accesorios y equipo de alta calidad, junto con asesoramiento experto y atenci\u00f3n personalizada para cada ciclista, para que puedan explorar, disfrutar y maximizar su aventura en el mundo del MTB","og_url":"https:\/\/naturalbikes.cl\/?product=bicicleta-giant-revolt-advanced-pro-0-my24","og_site_name":"NaturalBikes","article_publisher":"https:\/\/www.facebook.com\/naturalbikescl","article_modified_time":"2026-01-06T20:12:01+00:00","og_image":[{"width":1100,"height":825,"url":"https:\/\/naturalbikes.cl\/wp-content\/uploads\/2024\/08\/MY24RevoltAdvancedPro0_ColorADigitalBlurple_Front.webp","type":"image\/webp"}],"twitter_card":"summary_large_image","twitter_misc":{"Tiempo de lectura":"3 minutos"},"schema":{"@context":"https:\/\/schema.org","@graph":[{"@type":"WebPage","@id":"https:\/\/naturalbikes.cl\/?product=bicicleta-giant-revolt-advanced-pro-0-my24","url":"https:\/\/naturalbikes.cl\/?product=bicicleta-giant-revolt-advanced-pro-0-my24","name":"Bicicleta Giant Revolt Advanced PRO 0 - NaturalBikes","isPartOf":{"@id":"https:\/\/naturalbikes.cl\/#website"},"primaryImageOfPage":{"@id":"https:\/\/naturalbikes.cl\/?product=bicicleta-giant-revolt-advanced-pro-0-my24#primaryimage"},"image":{"@id":"https:\/\/naturalbikes.cl\/?product=bicicleta-giant-revolt-advanced-pro-0-my24#primaryimage"},"thumbnailUrl":"https:\/\/naturalbikes.cl\/wp-content\/uploads\/2024\/08\/MY24RevoltAdvancedPro0_ColorADigitalBlurple_Front.webp","datePublished":"2024-08-05T00:17:34+00:00","dateModified":"2026-01-06T20:12:01+00:00","description":"Giant Revolt Advanced PRO 0. Domina cualquier terreno. La Revolt Advanced PRO 0 es la bicicleta de gravel definitiva para aquellos que buscan velocidad y versatilidad. Su cuadro de carbono ultraligero y geometr\u00eda agresiva la convierten en la elecci\u00f3n perfecta para largas distancias y aventuras off-road. #Giant #RevoltAdvancedPRO0 #gravel #carbono #vers\u00e1til #rendimiento","breadcrumb":{"@id":"https:\/\/naturalbikes.cl\/?product=bicicleta-giant-revolt-advanced-pro-0-my24#breadcrumb"},"inLanguage":"es","potentialAction":[{"@type":"ReadAction","target":["https:\/\/naturalbikes.cl\/?product=bicicleta-giant-revolt-advanced-pro-0-my24"]}]},{"@type":"ImageObject","inLanguage":"es","@id":"https:\/\/naturalbikes.cl\/?product=bicicleta-giant-revolt-advanced-pro-0-my24#primaryimage","url":"https:\/\/naturalbikes.cl\/wp-content\/uploads\/2024\/08\/MY24RevoltAdvancedPro0_ColorADigitalBlurple_Front.webp","contentUrl":"https:\/\/naturalbikes.cl\/wp-content\/uploads\/2024\/08\/MY24RevoltAdvancedPro0_ColorADigitalBlurple_Front.webp","width":1100,"height":825},{"@type":"BreadcrumbList","@id":"https:\/\/naturalbikes.cl\/?product=bicicleta-giant-revolt-advanced-pro-0-my24#breadcrumb","itemListElement":[{"@type":"ListItem","position":1,"name":"Portada","item":"https:\/\/naturalbikes.cl\/"},{"@type":"ListItem","position":2,"name":"Tienda NB","item":"https:\/\/naturalbikes.cl\/?page_id=7843"},{"@type":"ListItem","position":3,"name":"Giant","item":"https:\/\/naturalbikes.cl\/?product_brand=giant"},{"@type":"ListItem","position":4,"name":"Bicicleta Giant Revolt Advanced PRO 0"}]},{"@type":"WebSite","@id":"https:\/\/naturalbikes.cl\/#website","url":"https:\/\/naturalbikes.cl\/","name":"Natural Bikes","description":"Tienda de bicicletas repuestos accesorios taller mantenimiento clases salidas","publisher":{"@id":"https:\/\/naturalbikes.cl\/#organization"},"alternateName":"Natural Bikes","potentialAction":[{"@type":"SearchAction","target":{"@type":"EntryPoint","urlTemplate":"https:\/\/naturalbikes.cl\/?s={search_term_string}"},"query-input":{"@type":"PropertyValueSpecification","valueRequired":true,"valueName":"search_term_string"}}],"inLanguage":"es"},{"@type":"Organization","@id":"https:\/\/naturalbikes.cl\/#organization","name":"Natural Bikes","alternateName":"Natural Bikes","url":"https:\/\/naturalbikes.cl\/","logo":{"@type":"ImageObject","inLanguage":"es","@id":"https:\/\/naturalbikes.cl\/#\/schema\/logo\/image\/","url":"https:\/\/naturalbikes.cl\/wp-content\/uploads\/2024\/05\/2023-10-10-10.44.12.jpg","contentUrl":"https:\/\/naturalbikes.cl\/wp-content\/uploads\/2024\/05\/2023-10-10-10.44.12.jpg","width":650,"height":650,"caption":"Natural Bikes"},"image":{"@id":"https:\/\/naturalbikes.cl\/#\/schema\/logo\/image\/"},"sameAs":["https:\/\/www.facebook.com\/naturalbikescl","https:\/\/www.instagram.com\/natural.bikes","https:\/\/www.tiktok.com\/@natural.bikes"],"description":"Ofrecer a nuestros clientes apasionados por el ciclismo de monta\u00f1a la mejor experiencia en productos, conocimientos especializados y servicios excepcionales. Nos comprometemos a proporcionar una amplia gama de bicicletas, accesorios y equipo de alta calidad, junto con asesoramiento experto y atenci\u00f3n personalizada para cada ciclista, para que puedan explorar, disfrutar y maximizar su aventura en el mundo del MTB","email":"naturalbikes1@gmail.com","telephone":"56977043878","legalName":"Natural Bikes Limitada","foundingDate":"2024-01-01","vatID":"76699553-5","taxID":"76699553-5","numberOfEmployees":{"@type":"QuantitativeValue","minValue":"1","maxValue":"10"},"publishingPrinciples":"https:\/\/naturalbikes.cl\/?page_id=7843","ownershipFundingInfo":"https:\/\/naturalbikes.cl\/?page_id=7843","actionableFeedbackPolicy":"https:\/\/naturalbikes.cl\/?page_id=14797","correctionsPolicy":"https:\/\/naturalbikes.cl\/?page_id=3","ethicsPolicy":"https:\/\/naturalbikes.cl\/?page_id=7843","diversityPolicy":"https:\/\/naturalbikes.cl\/?page_id=11734","diversityStaffingReport":"https:\/\/naturalbikes.cl\/?page_id=12161"}]}},"_links":{"self":[{"href":"https:\/\/naturalbikes.cl\/index.php?rest_route=\/wp\/v2\/product\/20969"}],"collection":[{"href":"https:\/\/naturalbikes.cl\/index.php?rest_route=\/wp\/v2\/product"}],"about":[{"href":"https:\/\/naturalbikes.cl\/index.php?rest_route=\/wp\/v2\/types\/product"}],"replies":[{"embeddable":true,"href":"https:\/\/naturalbikes.cl\/index.php?rest_route=%2Fwp%2Fv2%2Fcomments&post=20969"}],"wp:featuredmedia":[{"embeddable":true,"href":"https:\/\/naturalbikes.cl\/index.php?rest_route=\/wp\/v2\/media\/20973"}],"wp:attachment":[{"href":"https:\/\/naturalbikes.cl\/index.php?rest_route=%2Fwp%2Fv2%2Fmedia&parent=20969"}],"wp:term":[{"taxonomy":"product_cat","embeddable":true,"href":"https:\/\/naturalbikes.cl\/index.php?rest_route=%2Fwp%2Fv2%2Fproduct_cat&post=20969"},{"taxonomy":"product_tag","embeddable":true,"href":"https:\/\/naturalbikes.cl\/index.php?rest_route=%2Fwp%2Fv2%2Fproduct_tag&post=20969"}],"curies":[{"name":"wp","href":"https:\/\/api.w.org\/{rel}","templated":true}]}}