{"id":20768,"date":"2024-08-02T20:27:03","date_gmt":"2024-08-03T00:27:03","guid":{"rendered":"https:\/\/naturalbikes.cl\/?post_type=product&#038;p=20768"},"modified":"2025-11-16T11:54:22","modified_gmt":"2025-11-16T14:54:22","slug":"bicicleta-cube-electric-acid-240-hybrid-rookie-pro-400","status":"publish","type":"product","link":"https:\/\/naturalbikes.cl\/?product=bicicleta-cube-electric-acid-240-hybrid-rookie-pro-400","title":{"rendered":"Bicicleta Cube Electric Acid 240 Hybrid Rookie Pro 400"},"content":{"rendered":"<div id=\"shopify-section-template--16882166071451__main\" class=\"shopify-section\">\n<section data-section-id=\"template--16882166071451__main\" data-section-type=\"product\" data-section-settings=\"{ &quot;showShippingEstimator&quot;: false, &quot;showQuantitySelector&quot;: true, &quot;showPaymentButton&quot;: true, &quot;showInventoryQuantity&quot;: false, &quot;lowInventoryThreshold&quot;: 0, &quot;galleryTransitionEffect&quot;: &quot;fade&quot;, &quot;enableImageZoom&quot;: false, &quot;zoomEffect&quot;: &quot;inside&quot;, &quot;enableVideoLooping&quot;: false, &quot;productOptions&quot;: [&quot;Aro&quot;], &quot;enableHistoryState&quot;: true, &quot;infoOverflowScroll&quot;: true, &quot;isQuickView&quot;: false }\">\n<div class=\"container container--flush\">\n<div class=\"product-block-list product-block-list--medium\">\n<div class=\"product-block-list__wrapper\">\n<div class=\"product-block-list__item product-block-list__item--description\">\n<div class=\"card\">\n<div class=\"card__section \">\n<div class=\"rte text--pull\">\n<p><img decoding=\"async\" src=\"https:\/\/cdn.shopify.com\/s\/files\/1\/0084\/1151\/2896\/files\/CUBELogo-schwarz_RGB_480x480.svg?v=1690469291\" alt=\"\" width=\"222\" height=\"55\" \/><\/p>\n<p>Es justo reconocer que Bosch no ten\u00eda en mente las bicicletas para ni\u00f1os con proporciones perfectas cuando dise\u00f1\u00f3 sus sistemas de transmisi\u00f3n l\u00edderes a escala internacional, pero eso no nos ha impedido integrarlos de forma sublime en el cuadro de la Acid 240 Hybrid Rookie. Haciendo uso de las mismas t\u00e9cnicas de dise\u00f1o y construcci\u00f3n que en nuestras mountain bikes h\u00edbridas para adultos, hemos construido una h\u00edbrida junior que es divertida y segura a la vez. La colocaci\u00f3n interna de los cables reduce significativamente la necesidad de mantenimiento e incluso hemos incluido anclajes para una pata de cabra CUBE.<\/p>\n<p>La Acid 240 Hybrid Rookie da un empujoncito extra a los m\u00e1s peque\u00f1os para que puedan afrontar escapadas m\u00e1s largas en familia y mantener el ritmo de los mayores. Aplicando las mismas tecnolog\u00edas que en nuestras bicis de monta\u00f1a el\u00e9ctricas de tama\u00f1o adulto, hemos incorporado una unidad motriz Bosch Active accionada por unas marchas Shimano de 9 velocidades muy sencillas de usar. La horquilla Suntour XCT IR est\u00e1 especialmente dise\u00f1ada para ciclistas m\u00e1s j\u00f3venes y ligeros, y ayuda a suavizar los impactos del terreno. Su puesto de mando y sill\u00edn especiales para ni\u00f1os favorecen una posici\u00f3n de conducci\u00f3n superc\u00f3moda. Y adem\u00e1s incluye unos potentes frenos de disco hidr\u00e1ulicos que permiten detenerse de forma segura. Devuelve la chispa a tus escapadas familiares\u2026<\/p>\n<div class=\"col-12 col-lg-6 offset-lg-1\"><\/div>\n<h5>\ud83d\udee0\ufe0f ESPECIFICACIONES:<\/h5>\n<ul>\n<li><strong>Marco:<\/strong>\u00a0Aluminium Superlite, Gravity Casting, Agile Ride Geometry, Double Butted, Disc Only, Internal Cable Routing<\/li>\n<li><strong>Aro:\u00a0<\/strong>24<\/li>\n<li><strong>Horquilla:<\/strong>\u00a0SR Suntour XCT JR, 80mm<\/li>\n<li><strong>Desviador trasero:<\/strong>\u00a0Shimano RD-M3100-SGS, 9-Speed<\/li>\n<li><strong>Manillas de cambio:<\/strong>\u00a0Shimano SL-M2010-9R, Rapidfire-Plus<\/li>\n<li><strong>Transmisi\u00f3n:<\/strong>\u00a09 velocidades<\/li>\n<li><strong>Frenos:<\/strong>\u00a0Shimano BR-MT200, Hydr.\u00a0Disc Brake (180\/160)<\/li>\n<li><strong>Biela:<\/strong>\u00a0ACID E-Crank, 38T, 160mm<\/li>\n<li><strong>Cassette\/Pi\u00f1on:<\/strong>\u00a0Shimano CS-HG201, 11-36T<\/li>\n<li><strong>Cadena:<\/strong>\u00a0KMC X9<\/li>\n<li><strong>Llantas:<\/strong>\u00a0CUBE ZX20, 32H, Disc<\/li>\n<li><strong>Hub delantera: Shimano:<\/strong>\u00a0HB-TX505, QR, Centerlock<\/li>\n<li><strong>Hub trasera:<\/strong>\u00a0Shimano FH-TX505, QR, Centerlock<\/li>\n<li><strong>Direcci\u00f3n:<\/strong>\u00a0CUBE FPH863, Semi-Integrated<\/li>\n<li><strong>Potencia:<\/strong>\u00a0CUBE Performance Stem Kids, 25.4mm<\/li>\n<li><strong>Manubrio:<\/strong>\u00a0CUBE Rise Trail Bar Kids, 590mm, 25.4<\/li>\n<li><strong>Pu\u00f1os:<\/strong>\u00a0Natural Fit Kids Grip, \u00d8 19mm<\/li>\n<li>FH-TX505, QR, Centerlock<\/li>\n<li><strong>Neum\u00e1ticos:<\/strong>\u00a0Schwalbe Smart Sam, Active, 2.35<\/li>\n<li><strong>Pedales:<\/strong>\u00a0CUBE PP MTB<\/li>\n<li><strong>Sillin:<\/strong>\u00a0CUBE Kid<\/li>\n<li><strong>Tubo sillin:<\/strong>\u00a0CUBE Performance Post, 30.9mm<\/li>\n<li><strong>Drive Unit:<\/strong>\u00a0Bosch Drive Unit Active Generation 3 (40Nm) Cruise (250Watt)<\/li>\n<li><strong>Acumulador:<\/strong>\u00a0Bosch PowerPack 400<\/li>\n<li><strong>Cargador:<\/strong>\u00a0Bosch 2A<\/li>\n<li><strong>Display:<\/strong>\u00a0Bosch Purion<\/li>\n<li><strong>Peso (KG):<\/strong>\u00a019,2 kg<\/li>\n<\/ul>\n<div class=\"section\"><\/div>\n<div class=\"section\">\n<div class=\"table-row row no-gutters\">\n<div class=\"col-5 col-md-3 col-lg-2\"><\/div>\n<\/div>\n<\/div>\n<div class=\"section\">\n<div class=\"table-row row no-gutters\">\n<div class=\"col-5 col-md-3 col-lg-2\"><\/div>\n<\/div>\n<\/div>\n<\/div>\n<\/div>\n<\/div>\n<\/div>\n<\/div>\n<\/div>\n<\/div>\n<div class=\"container\"><\/div>\n<\/section>\n<\/div>\n<div id=\"shopify-section-template--16882166071451__1717008995b2f8dac5\" class=\"shopify-section\">\n<div class=\"container\">\n<div id=\"shopify-block-revie_reviews_por_whatsapp_app_block_2_mcehYT\" class=\"shopify-block shopify-app-block\"><\/div>\n<\/div>\n<\/div>\n<div id=\"shopify-section-template--16882166071451__product-recommendations\" class=\"shopify-section\">\n<section class=\"section\" data-section-id=\"template--16882166071451__product-recommendations\" data-section-type=\"product-recommendations\" data-section-settings=\"{ &quot;stackable&quot;: false, &quot;layout&quot;: &quot;vertical&quot;, &quot;productId&quot;: 7688905588891, &quot;useRecommendations&quot;: true, &quot;recommendationsCount&quot;: 10 }\">\n<div class=\"container\"><\/div>\n<\/section>\n<\/div>\n","protected":false},"excerpt":{"rendered":"<p><strong><img decoding=\"async\" class=\"alignleft\" src=\"https:\/\/cdn.shopify.com\/s\/files\/1\/0084\/1151\/2896\/files\/CUBELogo-schwarz_RGB_480x480.svg?v=1690469291\" alt=\"\" width=\"222\" height=\"55\" \/>Cube Acid 240 Hybrid Rookie Pro 400:<\/strong> \u00a1La aventura comienza aqu\u00ed! Esta e-bike infantil es la compa\u00f1era perfecta para explorar nuevos senderos y crear recuerdos inolvidables. \u00a1Potencia, diversi\u00f3n y seguridad en una sola bicicleta!<\/p>\n","protected":false},"featured_media":20775,"comment_status":"open","ping_status":"closed","template":"","meta":[],"product_cat":[201,195,811],"product_tag":[813,1070,814,1354],"class_list":{"0":"post-20768","1":"product","2":"type-product","3":"status-publish","4":"has-post-thumbnail","6":"product_brand-cube","7":"product_cat-bicicleta-electrica","8":"product_cat-bicicletas","9":"product_cat-cube","10":"product_tag-bicicleta-electrica","11":"product_tag-bicicleta-nino","12":"product_tag-cube","13":"product_tag-electrica-nino","15":"first","16":"outofstock","17":"sale","18":"taxable","19":"shipping-taxable","20":"purchasable","21":"product-type-variable","22":"rtwpvg-product"},"yoast_head":"<!-- This site is optimized with the Yoast SEO Premium plugin v24.8 (Yoast SEO v25.6) - https:\/\/yoast.com\/wordpress\/plugins\/seo\/ -->\n<title>Bicicleta Cube Electric Acid 240 Hybrid Rookie Pro 400 - NaturalBikes<\/title>\n<meta name=\"description\" content=\"Cube Acid 240 Hybrid Rookie Pro 400: \u00a1La aventura comienza aqu\u00ed! Esta e-bike infantil es la compa\u00f1era perfecta para explorar nuevos senderos y crear recuerdos inolvidables. \u00a1Potencia, diversi\u00f3n y seguridad en una sola bicicleta!\" \/>\n<meta name=\"robots\" content=\"index, follow, max-snippet:-1, max-image-preview:large, max-video-preview:-1\" \/>\n<link rel=\"canonical\" href=\"https:\/\/naturalbikes.cl\/?product=bicicleta-cube-electric-acid-240-hybrid-rookie-pro-400\" \/>\n<meta property=\"og:locale\" content=\"es_ES\" \/>\n<meta property=\"og:type\" content=\"article\" \/>\n<meta property=\"og:title\" content=\"Bicicleta Cube Electric Acid 240 Hybrid Rookie Pro 400\" \/>\n<meta property=\"og:description\" content=\"Ofrecer a nuestros clientes apasionados por el ciclismo de monta\u00f1a la mejor experiencia en productos, conocimientos especializados y servicios excepcionales. Nos comprometemos a proporcionar una amplia gama de bicicletas, accesorios y equipo de alta calidad, junto con asesoramiento experto y atenci\u00f3n personalizada para cada ciclista, para que puedan explorar, disfrutar y maximizar su aventura en el mundo del MTB\" \/>\n<meta property=\"og:url\" content=\"https:\/\/naturalbikes.cl\/?product=bicicleta-cube-electric-acid-240-hybrid-rookie-pro-400\" \/>\n<meta property=\"og:site_name\" content=\"NaturalBikes\" \/>\n<meta property=\"article:publisher\" content=\"https:\/\/www.facebook.com\/naturalbikescl\" \/>\n<meta property=\"article:modified_time\" content=\"2025-11-16T14:54:22+00:00\" \/>\n<meta property=\"og:image\" content=\"https:\/\/naturalbikes.cl\/wp-content\/uploads\/2024\/08\/S_0_78646_630050_S_00_1920x1920_ce56ea2c-9b43-47cc-a7b7-58ba94a3f640_1200x.jpg.webp\" \/>\n\t<meta property=\"og:image:width\" content=\"1200\" \/>\n\t<meta property=\"og:image:height\" content=\"712\" \/>\n\t<meta property=\"og:image:type\" content=\"image\/webp\" \/>\n<meta name=\"twitter:card\" content=\"summary_large_image\" \/>\n<meta name=\"twitter:label1\" content=\"Tiempo de lectura\" \/>\n\t<meta name=\"twitter:data1\" content=\"3 minutos\" \/>\n<script type=\"application\/ld+json\" class=\"yoast-schema-graph\">{\"@context\":\"https:\/\/schema.org\",\"@graph\":[{\"@type\":\"WebPage\",\"@id\":\"https:\/\/naturalbikes.cl\/?product=bicicleta-cube-electric-acid-240-hybrid-rookie-pro-400\",\"url\":\"https:\/\/naturalbikes.cl\/?product=bicicleta-cube-electric-acid-240-hybrid-rookie-pro-400\",\"name\":\"Bicicleta Cube Electric Acid 240 Hybrid Rookie Pro 400 - NaturalBikes\",\"isPartOf\":{\"@id\":\"https:\/\/naturalbikes.cl\/#website\"},\"primaryImageOfPage\":{\"@id\":\"https:\/\/naturalbikes.cl\/?product=bicicleta-cube-electric-acid-240-hybrid-rookie-pro-400#primaryimage\"},\"image\":{\"@id\":\"https:\/\/naturalbikes.cl\/?product=bicicleta-cube-electric-acid-240-hybrid-rookie-pro-400#primaryimage\"},\"thumbnailUrl\":\"https:\/\/naturalbikes.cl\/wp-content\/uploads\/2024\/08\/S_0_78646_630050_S_00_1920x1920_ce56ea2c-9b43-47cc-a7b7-58ba94a3f640_1200x.jpg.webp\",\"datePublished\":\"2024-08-03T00:27:03+00:00\",\"dateModified\":\"2025-11-16T14:54:22+00:00\",\"description\":\"Cube Acid 240 Hybrid Rookie Pro 400: \u00a1La aventura comienza aqu\u00ed! Esta e-bike infantil es la compa\u00f1era perfecta para explorar nuevos senderos y crear recuerdos inolvidables. \u00a1Potencia, diversi\u00f3n y seguridad en una sola bicicleta!\",\"breadcrumb\":{\"@id\":\"https:\/\/naturalbikes.cl\/?product=bicicleta-cube-electric-acid-240-hybrid-rookie-pro-400#breadcrumb\"},\"inLanguage\":\"es\",\"potentialAction\":[{\"@type\":\"ReadAction\",\"target\":[\"https:\/\/naturalbikes.cl\/?product=bicicleta-cube-electric-acid-240-hybrid-rookie-pro-400\"]}]},{\"@type\":\"ImageObject\",\"inLanguage\":\"es\",\"@id\":\"https:\/\/naturalbikes.cl\/?product=bicicleta-cube-electric-acid-240-hybrid-rookie-pro-400#primaryimage\",\"url\":\"https:\/\/naturalbikes.cl\/wp-content\/uploads\/2024\/08\/S_0_78646_630050_S_00_1920x1920_ce56ea2c-9b43-47cc-a7b7-58ba94a3f640_1200x.jpg.webp\",\"contentUrl\":\"https:\/\/naturalbikes.cl\/wp-content\/uploads\/2024\/08\/S_0_78646_630050_S_00_1920x1920_ce56ea2c-9b43-47cc-a7b7-58ba94a3f640_1200x.jpg.webp\",\"width\":1200,\"height\":712},{\"@type\":\"BreadcrumbList\",\"@id\":\"https:\/\/naturalbikes.cl\/?product=bicicleta-cube-electric-acid-240-hybrid-rookie-pro-400#breadcrumb\",\"itemListElement\":[{\"@type\":\"ListItem\",\"position\":1,\"name\":\"Portada\",\"item\":\"https:\/\/naturalbikes.cl\/\"},{\"@type\":\"ListItem\",\"position\":2,\"name\":\"Tienda NB\",\"item\":\"https:\/\/naturalbikes.cl\/?page_id=7843\"},{\"@type\":\"ListItem\",\"position\":3,\"name\":\"Cube\",\"item\":\"https:\/\/naturalbikes.cl\/?product_brand=cube\"},{\"@type\":\"ListItem\",\"position\":4,\"name\":\"Bicicleta Cube Electric Acid 240 Hybrid Rookie Pro 400\"}]},{\"@type\":\"WebSite\",\"@id\":\"https:\/\/naturalbikes.cl\/#website\",\"url\":\"https:\/\/naturalbikes.cl\/\",\"name\":\"Natural Bikes\",\"description\":\"Tienda de bicicletas repuestos accesorios taller mantenimiento clases salidas\",\"publisher\":{\"@id\":\"https:\/\/naturalbikes.cl\/#organization\"},\"alternateName\":\"Natural Bikes\",\"potentialAction\":[{\"@type\":\"SearchAction\",\"target\":{\"@type\":\"EntryPoint\",\"urlTemplate\":\"https:\/\/naturalbikes.cl\/?s={search_term_string}\"},\"query-input\":{\"@type\":\"PropertyValueSpecification\",\"valueRequired\":true,\"valueName\":\"search_term_string\"}}],\"inLanguage\":\"es\"},{\"@type\":\"Organization\",\"@id\":\"https:\/\/naturalbikes.cl\/#organization\",\"name\":\"Natural Bikes\",\"alternateName\":\"Natural Bikes\",\"url\":\"https:\/\/naturalbikes.cl\/\",\"logo\":{\"@type\":\"ImageObject\",\"inLanguage\":\"es\",\"@id\":\"https:\/\/naturalbikes.cl\/#\/schema\/logo\/image\/\",\"url\":\"https:\/\/naturalbikes.cl\/wp-content\/uploads\/2024\/05\/2023-10-10-10.44.12.jpg\",\"contentUrl\":\"https:\/\/naturalbikes.cl\/wp-content\/uploads\/2024\/05\/2023-10-10-10.44.12.jpg\",\"width\":650,\"height\":650,\"caption\":\"Natural Bikes\"},\"image\":{\"@id\":\"https:\/\/naturalbikes.cl\/#\/schema\/logo\/image\/\"},\"sameAs\":[\"https:\/\/www.facebook.com\/naturalbikescl\",\"https:\/\/www.instagram.com\/natural.bikes\",\"https:\/\/www.tiktok.com\/@natural.bikes\"],\"description\":\"Ofrecer a nuestros clientes apasionados por el ciclismo de monta\u00f1a la mejor experiencia en productos, conocimientos especializados y servicios excepcionales. Nos comprometemos a proporcionar una amplia gama de bicicletas, accesorios y equipo de alta calidad, junto con asesoramiento experto y atenci\u00f3n personalizada para cada ciclista, para que puedan explorar, disfrutar y maximizar su aventura en el mundo del MTB\",\"email\":\"naturalbikes1@gmail.com\",\"telephone\":\"56977043878\",\"legalName\":\"Natural Bikes Limitada\",\"foundingDate\":\"2024-01-01\",\"vatID\":\"76699553-5\",\"taxID\":\"76699553-5\",\"numberOfEmployees\":{\"@type\":\"QuantitativeValue\",\"minValue\":\"1\",\"maxValue\":\"10\"},\"publishingPrinciples\":\"https:\/\/naturalbikes.cl\/?page_id=7843\",\"ownershipFundingInfo\":\"https:\/\/naturalbikes.cl\/?page_id=7843\",\"actionableFeedbackPolicy\":\"https:\/\/naturalbikes.cl\/?page_id=14797\",\"correctionsPolicy\":\"https:\/\/naturalbikes.cl\/?page_id=3\",\"ethicsPolicy\":\"https:\/\/naturalbikes.cl\/?page_id=7843\",\"diversityPolicy\":\"https:\/\/naturalbikes.cl\/?page_id=11734\",\"diversityStaffingReport\":\"https:\/\/naturalbikes.cl\/?page_id=12161\"}]}<\/script>\n<!-- \/ Yoast SEO Premium plugin. -->","yoast_head_json":{"title":"Bicicleta Cube Electric Acid 240 Hybrid Rookie Pro 400 - NaturalBikes","description":"Cube Acid 240 Hybrid Rookie Pro 400: \u00a1La aventura comienza aqu\u00ed! Esta e-bike infantil es la compa\u00f1era perfecta para explorar nuevos senderos y crear recuerdos inolvidables. \u00a1Potencia, diversi\u00f3n y seguridad en una sola bicicleta!","robots":{"index":"index","follow":"follow","max-snippet":"max-snippet:-1","max-image-preview":"max-image-preview:large","max-video-preview":"max-video-preview:-1"},"canonical":"https:\/\/naturalbikes.cl\/?product=bicicleta-cube-electric-acid-240-hybrid-rookie-pro-400","og_locale":"es_ES","og_type":"article","og_title":"Bicicleta Cube Electric Acid 240 Hybrid Rookie Pro 400","og_description":"Ofrecer a nuestros clientes apasionados por el ciclismo de monta\u00f1a la mejor experiencia en productos, conocimientos especializados y servicios excepcionales. Nos comprometemos a proporcionar una amplia gama de bicicletas, accesorios y equipo de alta calidad, junto con asesoramiento experto y atenci\u00f3n personalizada para cada ciclista, para que puedan explorar, disfrutar y maximizar su aventura en el mundo del MTB","og_url":"https:\/\/naturalbikes.cl\/?product=bicicleta-cube-electric-acid-240-hybrid-rookie-pro-400","og_site_name":"NaturalBikes","article_publisher":"https:\/\/www.facebook.com\/naturalbikescl","article_modified_time":"2025-11-16T14:54:22+00:00","og_image":[{"width":1200,"height":712,"url":"https:\/\/naturalbikes.cl\/wp-content\/uploads\/2024\/08\/S_0_78646_630050_S_00_1920x1920_ce56ea2c-9b43-47cc-a7b7-58ba94a3f640_1200x.jpg.webp","type":"image\/webp"}],"twitter_card":"summary_large_image","twitter_misc":{"Tiempo de lectura":"3 minutos"},"schema":{"@context":"https:\/\/schema.org","@graph":[{"@type":"WebPage","@id":"https:\/\/naturalbikes.cl\/?product=bicicleta-cube-electric-acid-240-hybrid-rookie-pro-400","url":"https:\/\/naturalbikes.cl\/?product=bicicleta-cube-electric-acid-240-hybrid-rookie-pro-400","name":"Bicicleta Cube Electric Acid 240 Hybrid Rookie Pro 400 - NaturalBikes","isPartOf":{"@id":"https:\/\/naturalbikes.cl\/#website"},"primaryImageOfPage":{"@id":"https:\/\/naturalbikes.cl\/?product=bicicleta-cube-electric-acid-240-hybrid-rookie-pro-400#primaryimage"},"image":{"@id":"https:\/\/naturalbikes.cl\/?product=bicicleta-cube-electric-acid-240-hybrid-rookie-pro-400#primaryimage"},"thumbnailUrl":"https:\/\/naturalbikes.cl\/wp-content\/uploads\/2024\/08\/S_0_78646_630050_S_00_1920x1920_ce56ea2c-9b43-47cc-a7b7-58ba94a3f640_1200x.jpg.webp","datePublished":"2024-08-03T00:27:03+00:00","dateModified":"2025-11-16T14:54:22+00:00","description":"Cube Acid 240 Hybrid Rookie Pro 400: \u00a1La aventura comienza aqu\u00ed! Esta e-bike infantil es la compa\u00f1era perfecta para explorar nuevos senderos y crear recuerdos inolvidables. \u00a1Potencia, diversi\u00f3n y seguridad en una sola bicicleta!","breadcrumb":{"@id":"https:\/\/naturalbikes.cl\/?product=bicicleta-cube-electric-acid-240-hybrid-rookie-pro-400#breadcrumb"},"inLanguage":"es","potentialAction":[{"@type":"ReadAction","target":["https:\/\/naturalbikes.cl\/?product=bicicleta-cube-electric-acid-240-hybrid-rookie-pro-400"]}]},{"@type":"ImageObject","inLanguage":"es","@id":"https:\/\/naturalbikes.cl\/?product=bicicleta-cube-electric-acid-240-hybrid-rookie-pro-400#primaryimage","url":"https:\/\/naturalbikes.cl\/wp-content\/uploads\/2024\/08\/S_0_78646_630050_S_00_1920x1920_ce56ea2c-9b43-47cc-a7b7-58ba94a3f640_1200x.jpg.webp","contentUrl":"https:\/\/naturalbikes.cl\/wp-content\/uploads\/2024\/08\/S_0_78646_630050_S_00_1920x1920_ce56ea2c-9b43-47cc-a7b7-58ba94a3f640_1200x.jpg.webp","width":1200,"height":712},{"@type":"BreadcrumbList","@id":"https:\/\/naturalbikes.cl\/?product=bicicleta-cube-electric-acid-240-hybrid-rookie-pro-400#breadcrumb","itemListElement":[{"@type":"ListItem","position":1,"name":"Portada","item":"https:\/\/naturalbikes.cl\/"},{"@type":"ListItem","position":2,"name":"Tienda NB","item":"https:\/\/naturalbikes.cl\/?page_id=7843"},{"@type":"ListItem","position":3,"name":"Cube","item":"https:\/\/naturalbikes.cl\/?product_brand=cube"},{"@type":"ListItem","position":4,"name":"Bicicleta Cube Electric Acid 240 Hybrid Rookie Pro 400"}]},{"@type":"WebSite","@id":"https:\/\/naturalbikes.cl\/#website","url":"https:\/\/naturalbikes.cl\/","name":"Natural Bikes","description":"Tienda de bicicletas repuestos accesorios taller mantenimiento clases salidas","publisher":{"@id":"https:\/\/naturalbikes.cl\/#organization"},"alternateName":"Natural Bikes","potentialAction":[{"@type":"SearchAction","target":{"@type":"EntryPoint","urlTemplate":"https:\/\/naturalbikes.cl\/?s={search_term_string}"},"query-input":{"@type":"PropertyValueSpecification","valueRequired":true,"valueName":"search_term_string"}}],"inLanguage":"es"},{"@type":"Organization","@id":"https:\/\/naturalbikes.cl\/#organization","name":"Natural Bikes","alternateName":"Natural Bikes","url":"https:\/\/naturalbikes.cl\/","logo":{"@type":"ImageObject","inLanguage":"es","@id":"https:\/\/naturalbikes.cl\/#\/schema\/logo\/image\/","url":"https:\/\/naturalbikes.cl\/wp-content\/uploads\/2024\/05\/2023-10-10-10.44.12.jpg","contentUrl":"https:\/\/naturalbikes.cl\/wp-content\/uploads\/2024\/05\/2023-10-10-10.44.12.jpg","width":650,"height":650,"caption":"Natural Bikes"},"image":{"@id":"https:\/\/naturalbikes.cl\/#\/schema\/logo\/image\/"},"sameAs":["https:\/\/www.facebook.com\/naturalbikescl","https:\/\/www.instagram.com\/natural.bikes","https:\/\/www.tiktok.com\/@natural.bikes"],"description":"Ofrecer a nuestros clientes apasionados por el ciclismo de monta\u00f1a la mejor experiencia en productos, conocimientos especializados y servicios excepcionales. Nos comprometemos a proporcionar una amplia gama de bicicletas, accesorios y equipo de alta calidad, junto con asesoramiento experto y atenci\u00f3n personalizada para cada ciclista, para que puedan explorar, disfrutar y maximizar su aventura en el mundo del MTB","email":"naturalbikes1@gmail.com","telephone":"56977043878","legalName":"Natural Bikes Limitada","foundingDate":"2024-01-01","vatID":"76699553-5","taxID":"76699553-5","numberOfEmployees":{"@type":"QuantitativeValue","minValue":"1","maxValue":"10"},"publishingPrinciples":"https:\/\/naturalbikes.cl\/?page_id=7843","ownershipFundingInfo":"https:\/\/naturalbikes.cl\/?page_id=7843","actionableFeedbackPolicy":"https:\/\/naturalbikes.cl\/?page_id=14797","correctionsPolicy":"https:\/\/naturalbikes.cl\/?page_id=3","ethicsPolicy":"https:\/\/naturalbikes.cl\/?page_id=7843","diversityPolicy":"https:\/\/naturalbikes.cl\/?page_id=11734","diversityStaffingReport":"https:\/\/naturalbikes.cl\/?page_id=12161"}]}},"_links":{"self":[{"href":"https:\/\/naturalbikes.cl\/index.php?rest_route=\/wp\/v2\/product\/20768"}],"collection":[{"href":"https:\/\/naturalbikes.cl\/index.php?rest_route=\/wp\/v2\/product"}],"about":[{"href":"https:\/\/naturalbikes.cl\/index.php?rest_route=\/wp\/v2\/types\/product"}],"replies":[{"embeddable":true,"href":"https:\/\/naturalbikes.cl\/index.php?rest_route=%2Fwp%2Fv2%2Fcomments&post=20768"}],"wp:featuredmedia":[{"embeddable":true,"href":"https:\/\/naturalbikes.cl\/index.php?rest_route=\/wp\/v2\/media\/20775"}],"wp:attachment":[{"href":"https:\/\/naturalbikes.cl\/index.php?rest_route=%2Fwp%2Fv2%2Fmedia&parent=20768"}],"wp:term":[{"taxonomy":"product_cat","embeddable":true,"href":"https:\/\/naturalbikes.cl\/index.php?rest_route=%2Fwp%2Fv2%2Fproduct_cat&post=20768"},{"taxonomy":"product_tag","embeddable":true,"href":"https:\/\/naturalbikes.cl\/index.php?rest_route=%2Fwp%2Fv2%2Fproduct_tag&post=20768"}],"curies":[{"name":"wp","href":"https:\/\/api.w.org\/{rel}","templated":true}]}}