{"id":20678,"date":"2024-07-28T17:45:42","date_gmt":"2024-07-28T21:45:42","guid":{"rendered":"https:\/\/naturalbikes.cl\/?post_type=product&#038;p=20678"},"modified":"2026-05-12T12:01:46","modified_gmt":"2026-05-12T16:01:46","slug":"neumatico-maxxis-kevlar-dh-27-5x2-40-wt-minion-dhr-ii-3cg-dh-tr","status":"publish","type":"product","link":"https:\/\/naturalbikes.cl\/?product=neumatico-maxxis-kevlar-dh-27-5x2-40-wt-minion-dhr-ii-3cg-dh-tr","title":{"rendered":"Neum\u00e1tico Maxxis Kevlar DH 27.5X2.40 WT Minion DHR II 3CG\/DH\/TR"},"content":{"rendered":"<p><strong><a href=\"https:\/\/naturalbikes.cl\/wp-content\/uploads\/2024\/07\/logo_maxxis_novena_racing.jpg.webp\"><img fetchpriority=\"high\" decoding=\"async\" class=\"size-full wp-image-20615 aligncenter\" src=\"https:\/\/naturalbikes.cl\/wp-content\/uploads\/2024\/07\/logo_maxxis_novena_racing.jpg.webp\" alt=\"\" width=\"300\" height=\"300\" srcset=\"https:\/\/naturalbikes.cl\/wp-content\/uploads\/2024\/07\/logo_maxxis_novena_racing.jpg.webp 300w, https:\/\/naturalbikes.cl\/wp-content\/uploads\/2024\/07\/logo_maxxis_novena_racing.jpg-150x150.webp 150w, https:\/\/naturalbikes.cl\/wp-content\/uploads\/2024\/07\/logo_maxxis_novena_racing.jpg-100x100.webp 100w, https:\/\/naturalbikes.cl\/wp-content\/uploads\/2024\/07\/logo_maxxis_novena_racing.jpg-50x50.webp 50w\" sizes=\"(max-width: 300px) 100vw, 300px\" \/><\/a><\/strong><\/p>\n<div class=\"content--title\">\n<p><strong>MINION DHR II<\/strong><\/p>\n<p>Con tacos laterales tomados del legendario Minion DHF, pero ampliados para proporcionar m\u00e1s apoyo, el DHR II gira como ning\u00fan otro. La banda de rodadura central presenta bordes de ataque en rampa para mejorar la aceleraci\u00f3n y ranuras para crear una transici\u00f3n suave al inclinar la bicicleta. Las perillas en forma de paleta en la banda de rodadura central se clavan al frenar con fuerza y ayudan a mantener la bicicleta bajo control.<br \/>\n\u00a1Comb\u00ednalo con un Minion DHF en la parte delantera para obtener la mejor combinaci\u00f3n agresiva de neum\u00e1ticos para senderos! El Minion DHF est\u00e1 disponible en especificaciones de trail, enduro y downhill.<\/p>\n<ul>\n<li>Categor\u00eda: Trail, Enduro, Descenso<\/li>\n<li>Uso recomendado: Todas las condiciones del sendero<\/li>\n<li>Instalaci\u00f3n recomendada: Trasera<\/li>\n<li>Peso 1294 g<\/li>\n<li>ETRTO 61-584<\/li>\n<li>PSI 65<\/li>\n<li>TPI 60X2<\/li>\n<\/ul>\n<p><strong>TR TUBELESS READY<\/strong><br \/>\nLos neum\u00e1ticos sin c\u00e1mara brindan al ciclista muchos beneficios: la capacidad de operar con presiones de aire m\u00e1s bajas, lo que mejora la tracci\u00f3n; menor resistencia a la rodadura en comparaci\u00f3n con un neum\u00e1tico con c\u00e1mara; y menos posibilidades de aplastamiento porque no hay tubo. Los selladores l\u00edquidos solo se deben usar en los siguientes tipos de llantas: carretera sin c\u00e1mara, tubular y lista para usar sin c\u00e1mara.<\/p>\n<p><strong>3CG MAXXGRIP<\/strong><br \/>\n3C MaxxGrip utiliza los compuestos de caucho m\u00e1s suaves para ofrecer lo \u00faltimo en agarre y propiedades de rebote lento para una tracci\u00f3n sin igual en aplicaciones de descenso.<\/p>\n<p><strong>DOWNHILL. DH<\/strong><br \/>\nSe utilizan dos capas de material de carcasa de tal\u00f3n a tal\u00f3n, lo que brinda protecci\u00f3n adicional y rigidez de la pared lateral para aplicaciones cuesta abajo.<\/p>\n<\/div>\n","protected":false},"excerpt":{"rendered":"<p><a href=\"https:\/\/naturalbikes.cl\/wp-content\/uploads\/2024\/07\/logo_maxxis_novena_racing.jpg.webp\"><img decoding=\"async\" class=\"wp-image-20615 alignleft\" src=\"https:\/\/naturalbikes.cl\/wp-content\/uploads\/2024\/07\/logo_maxxis_novena_racing.jpg.webp\" alt=\"\" width=\"100\" height=\"100\" srcset=\"https:\/\/naturalbikes.cl\/wp-content\/uploads\/2024\/07\/logo_maxxis_novena_racing.jpg.webp 300w, https:\/\/naturalbikes.cl\/wp-content\/uploads\/2024\/07\/logo_maxxis_novena_racing.jpg-150x150.webp 150w, https:\/\/naturalbikes.cl\/wp-content\/uploads\/2024\/07\/logo_maxxis_novena_racing.jpg-100x100.webp 100w, https:\/\/naturalbikes.cl\/wp-content\/uploads\/2024\/07\/logo_maxxis_novena_racing.jpg-50x50.webp 50w\" sizes=\"(max-width: 100px) 100vw, 100px\" \/><\/a><strong>Neum\u00e1tico Maxxis Minion DHR II 27.5&#215;2.40 WT 3CG\/DH\/TR Kevlar.<\/strong> \u00a1Domina los descensos m\u00e1s extremos! El Minion DHR II ofrece un agarre legendario y una durabilidad excepcional, gracias a su compuesto 3C y carcasa DH.Perfecto para Enduro y Descenso.<\/p>\n","protected":false},"featured_media":20679,"comment_status":"open","ping_status":"closed","template":"","meta":[],"product_cat":[198,305,237],"product_tag":[1158,1322,149,1157],"class_list":{"0":"post-20678","1":"product","2":"type-product","3":"status-publish","4":"has-post-thumbnail","6":"product_brand-maxxis","7":"product_cat-componentes","8":"product_cat-maxxis","9":"product_cat-neumaticos","10":"product_tag-maxxis","11":"product_tag-minion-dhr-ii","12":"product_tag-neumaticos","13":"product_tag-tires","15":"first","16":"instock","17":"taxable","18":"shipping-taxable","19":"purchasable","20":"product-type-simple"},"yoast_head":"<!-- This site is optimized with the Yoast SEO Premium plugin v24.8 (Yoast SEO v25.6) - https:\/\/yoast.com\/wordpress\/plugins\/seo\/ -->\n<title>Neum\u00e1tico Maxxis Kevlar DH 27.5X2.40 WT Minion DHR II 3CG\/DH\/TR - NaturalBikes<\/title>\n<meta name=\"description\" content=\"Neum\u00e1tico Maxxis Minion DHR II 27.5x2.40 WT 3CG\/DH\/TR Kevlar. \u00a1Domina los descensos m\u00e1s extremos! El Minion DHR II ofrece un agarre legendario y una durabilidad excepcional, gracias a su compuesto 3C y carcasa DH. Perfecto para Enduro y Descenso.\" \/>\n<meta name=\"robots\" content=\"index, follow, max-snippet:-1, max-image-preview:large, max-video-preview:-1\" \/>\n<link rel=\"canonical\" href=\"https:\/\/naturalbikes.cl\/?product=neumatico-maxxis-kevlar-dh-27-5x2-40-wt-minion-dhr-ii-3cg-dh-tr\" \/>\n<meta property=\"og:locale\" content=\"es_ES\" \/>\n<meta property=\"og:type\" content=\"article\" \/>\n<meta property=\"og:title\" content=\"Neum\u00e1tico Maxxis Kevlar DH 27.5X2.40 WT Minion DHR II 3CG\/DH\/TR\" \/>\n<meta property=\"og:description\" content=\"Ofrecer a nuestros clientes apasionados por el ciclismo de monta\u00f1a la mejor experiencia en productos, conocimientos especializados y servicios excepcionales. Nos comprometemos a proporcionar una amplia gama de bicicletas, accesorios y equipo de alta calidad, junto con asesoramiento experto y atenci\u00f3n personalizada para cada ciclista, para que puedan explorar, disfrutar y maximizar su aventura en el mundo del MTB\" \/>\n<meta property=\"og:url\" content=\"https:\/\/naturalbikes.cl\/?product=neumatico-maxxis-kevlar-dh-27-5x2-40-wt-minion-dhr-ii-3cg-dh-tr\" \/>\n<meta property=\"og:site_name\" content=\"NaturalBikes\" \/>\n<meta property=\"article:publisher\" content=\"https:\/\/www.facebook.com\/naturalbikescl\" \/>\n<meta property=\"article:modified_time\" content=\"2026-05-12T16:01:46+00:00\" \/>\n<meta property=\"og:image\" content=\"https:\/\/naturalbikes.cl\/wp-content\/uploads\/2024\/07\/MinionDHR2_2.6_3Q-807x1201-37f13f4.jpg.webp\" \/>\n\t<meta property=\"og:image:width\" content=\"800\" \/>\n\t<meta property=\"og:image:height\" content=\"800\" \/>\n\t<meta property=\"og:image:type\" content=\"image\/webp\" \/>\n<meta name=\"twitter:card\" content=\"summary_large_image\" \/>\n<meta name=\"twitter:label1\" content=\"Tiempo de lectura\" \/>\n\t<meta name=\"twitter:data1\" content=\"2 minutos\" \/>\n<script type=\"application\/ld+json\" class=\"yoast-schema-graph\">{\"@context\":\"https:\/\/schema.org\",\"@graph\":[{\"@type\":\"WebPage\",\"@id\":\"https:\/\/naturalbikes.cl\/?product=neumatico-maxxis-kevlar-dh-27-5x2-40-wt-minion-dhr-ii-3cg-dh-tr\",\"url\":\"https:\/\/naturalbikes.cl\/?product=neumatico-maxxis-kevlar-dh-27-5x2-40-wt-minion-dhr-ii-3cg-dh-tr\",\"name\":\"Neum\u00e1tico Maxxis Kevlar DH 27.5X2.40 WT Minion DHR II 3CG\/DH\/TR - NaturalBikes\",\"isPartOf\":{\"@id\":\"https:\/\/naturalbikes.cl\/#website\"},\"primaryImageOfPage\":{\"@id\":\"https:\/\/naturalbikes.cl\/?product=neumatico-maxxis-kevlar-dh-27-5x2-40-wt-minion-dhr-ii-3cg-dh-tr#primaryimage\"},\"image\":{\"@id\":\"https:\/\/naturalbikes.cl\/?product=neumatico-maxxis-kevlar-dh-27-5x2-40-wt-minion-dhr-ii-3cg-dh-tr#primaryimage\"},\"thumbnailUrl\":\"https:\/\/naturalbikes.cl\/wp-content\/uploads\/2024\/07\/MinionDHR2_2.6_3Q-807x1201-37f13f4.jpg.webp\",\"datePublished\":\"2024-07-28T21:45:42+00:00\",\"dateModified\":\"2026-05-12T16:01:46+00:00\",\"description\":\"Neum\u00e1tico Maxxis Minion DHR II 27.5x2.40 WT 3CG\/DH\/TR Kevlar. \u00a1Domina los descensos m\u00e1s extremos! El Minion DHR II ofrece un agarre legendario y una durabilidad excepcional, gracias a su compuesto 3C y carcasa DH. Perfecto para Enduro y Descenso.\",\"breadcrumb\":{\"@id\":\"https:\/\/naturalbikes.cl\/?product=neumatico-maxxis-kevlar-dh-27-5x2-40-wt-minion-dhr-ii-3cg-dh-tr#breadcrumb\"},\"inLanguage\":\"es\",\"potentialAction\":[{\"@type\":\"ReadAction\",\"target\":[\"https:\/\/naturalbikes.cl\/?product=neumatico-maxxis-kevlar-dh-27-5x2-40-wt-minion-dhr-ii-3cg-dh-tr\"]}]},{\"@type\":\"ImageObject\",\"inLanguage\":\"es\",\"@id\":\"https:\/\/naturalbikes.cl\/?product=neumatico-maxxis-kevlar-dh-27-5x2-40-wt-minion-dhr-ii-3cg-dh-tr#primaryimage\",\"url\":\"https:\/\/naturalbikes.cl\/wp-content\/uploads\/2024\/07\/MinionDHR2_2.6_3Q-807x1201-37f13f4.jpg.webp\",\"contentUrl\":\"https:\/\/naturalbikes.cl\/wp-content\/uploads\/2024\/07\/MinionDHR2_2.6_3Q-807x1201-37f13f4.jpg.webp\",\"width\":800,\"height\":800},{\"@type\":\"BreadcrumbList\",\"@id\":\"https:\/\/naturalbikes.cl\/?product=neumatico-maxxis-kevlar-dh-27-5x2-40-wt-minion-dhr-ii-3cg-dh-tr#breadcrumb\",\"itemListElement\":[{\"@type\":\"ListItem\",\"position\":1,\"name\":\"Portada\",\"item\":\"https:\/\/naturalbikes.cl\/\"},{\"@type\":\"ListItem\",\"position\":2,\"name\":\"Tienda NB\",\"item\":\"https:\/\/naturalbikes.cl\/?page_id=7843\"},{\"@type\":\"ListItem\",\"position\":3,\"name\":\"Maxxis\",\"item\":\"https:\/\/naturalbikes.cl\/?product_brand=maxxis\"},{\"@type\":\"ListItem\",\"position\":4,\"name\":\"Neum\u00e1tico Maxxis Kevlar DH 27.5X2.40 WT Minion DHR II 3CG\/DH\/TR\"}]},{\"@type\":\"WebSite\",\"@id\":\"https:\/\/naturalbikes.cl\/#website\",\"url\":\"https:\/\/naturalbikes.cl\/\",\"name\":\"Natural Bikes\",\"description\":\"Tienda de bicicletas repuestos accesorios taller mantenimiento clases salidas\",\"publisher\":{\"@id\":\"https:\/\/naturalbikes.cl\/#organization\"},\"alternateName\":\"Natural Bikes\",\"potentialAction\":[{\"@type\":\"SearchAction\",\"target\":{\"@type\":\"EntryPoint\",\"urlTemplate\":\"https:\/\/naturalbikes.cl\/?s={search_term_string}\"},\"query-input\":{\"@type\":\"PropertyValueSpecification\",\"valueRequired\":true,\"valueName\":\"search_term_string\"}}],\"inLanguage\":\"es\"},{\"@type\":\"Organization\",\"@id\":\"https:\/\/naturalbikes.cl\/#organization\",\"name\":\"Natural Bikes\",\"alternateName\":\"Natural Bikes\",\"url\":\"https:\/\/naturalbikes.cl\/\",\"logo\":{\"@type\":\"ImageObject\",\"inLanguage\":\"es\",\"@id\":\"https:\/\/naturalbikes.cl\/#\/schema\/logo\/image\/\",\"url\":\"https:\/\/naturalbikes.cl\/wp-content\/uploads\/2024\/05\/2023-10-10-10.44.12.jpg\",\"contentUrl\":\"https:\/\/naturalbikes.cl\/wp-content\/uploads\/2024\/05\/2023-10-10-10.44.12.jpg\",\"width\":650,\"height\":650,\"caption\":\"Natural Bikes\"},\"image\":{\"@id\":\"https:\/\/naturalbikes.cl\/#\/schema\/logo\/image\/\"},\"sameAs\":[\"https:\/\/www.facebook.com\/naturalbikescl\",\"https:\/\/www.instagram.com\/natural.bikes\",\"https:\/\/www.tiktok.com\/@natural.bikes\"],\"description\":\"Ofrecer a nuestros clientes apasionados por el ciclismo de monta\u00f1a la mejor experiencia en productos, conocimientos especializados y servicios excepcionales. Nos comprometemos a proporcionar una amplia gama de bicicletas, accesorios y equipo de alta calidad, junto con asesoramiento experto y atenci\u00f3n personalizada para cada ciclista, para que puedan explorar, disfrutar y maximizar su aventura en el mundo del MTB\",\"email\":\"naturalbikes1@gmail.com\",\"telephone\":\"56977043878\",\"legalName\":\"Natural Bikes Limitada\",\"foundingDate\":\"2024-01-01\",\"vatID\":\"76699553-5\",\"taxID\":\"76699553-5\",\"numberOfEmployees\":{\"@type\":\"QuantitativeValue\",\"minValue\":\"1\",\"maxValue\":\"10\"},\"publishingPrinciples\":\"https:\/\/naturalbikes.cl\/?page_id=7843\",\"ownershipFundingInfo\":\"https:\/\/naturalbikes.cl\/?page_id=7843\",\"actionableFeedbackPolicy\":\"https:\/\/naturalbikes.cl\/?page_id=14797\",\"correctionsPolicy\":\"https:\/\/naturalbikes.cl\/?page_id=3\",\"ethicsPolicy\":\"https:\/\/naturalbikes.cl\/?page_id=7843\",\"diversityPolicy\":\"https:\/\/naturalbikes.cl\/?page_id=11734\",\"diversityStaffingReport\":\"https:\/\/naturalbikes.cl\/?page_id=12161\"}]}<\/script>\n<!-- \/ Yoast SEO Premium plugin. -->","yoast_head_json":{"title":"Neum\u00e1tico Maxxis Kevlar DH 27.5X2.40 WT Minion DHR II 3CG\/DH\/TR - NaturalBikes","description":"Neum\u00e1tico Maxxis Minion DHR II 27.5x2.40 WT 3CG\/DH\/TR Kevlar. \u00a1Domina los descensos m\u00e1s extremos! El Minion DHR II ofrece un agarre legendario y una durabilidad excepcional, gracias a su compuesto 3C y carcasa DH. Perfecto para Enduro y Descenso.","robots":{"index":"index","follow":"follow","max-snippet":"max-snippet:-1","max-image-preview":"max-image-preview:large","max-video-preview":"max-video-preview:-1"},"canonical":"https:\/\/naturalbikes.cl\/?product=neumatico-maxxis-kevlar-dh-27-5x2-40-wt-minion-dhr-ii-3cg-dh-tr","og_locale":"es_ES","og_type":"article","og_title":"Neum\u00e1tico Maxxis Kevlar DH 27.5X2.40 WT Minion DHR II 3CG\/DH\/TR","og_description":"Ofrecer a nuestros clientes apasionados por el ciclismo de monta\u00f1a la mejor experiencia en productos, conocimientos especializados y servicios excepcionales. Nos comprometemos a proporcionar una amplia gama de bicicletas, accesorios y equipo de alta calidad, junto con asesoramiento experto y atenci\u00f3n personalizada para cada ciclista, para que puedan explorar, disfrutar y maximizar su aventura en el mundo del MTB","og_url":"https:\/\/naturalbikes.cl\/?product=neumatico-maxxis-kevlar-dh-27-5x2-40-wt-minion-dhr-ii-3cg-dh-tr","og_site_name":"NaturalBikes","article_publisher":"https:\/\/www.facebook.com\/naturalbikescl","article_modified_time":"2026-05-12T16:01:46+00:00","og_image":[{"width":800,"height":800,"url":"https:\/\/naturalbikes.cl\/wp-content\/uploads\/2024\/07\/MinionDHR2_2.6_3Q-807x1201-37f13f4.jpg.webp","type":"image\/webp"}],"twitter_card":"summary_large_image","twitter_misc":{"Tiempo de lectura":"2 minutos"},"schema":{"@context":"https:\/\/schema.org","@graph":[{"@type":"WebPage","@id":"https:\/\/naturalbikes.cl\/?product=neumatico-maxxis-kevlar-dh-27-5x2-40-wt-minion-dhr-ii-3cg-dh-tr","url":"https:\/\/naturalbikes.cl\/?product=neumatico-maxxis-kevlar-dh-27-5x2-40-wt-minion-dhr-ii-3cg-dh-tr","name":"Neum\u00e1tico Maxxis Kevlar DH 27.5X2.40 WT Minion DHR II 3CG\/DH\/TR - NaturalBikes","isPartOf":{"@id":"https:\/\/naturalbikes.cl\/#website"},"primaryImageOfPage":{"@id":"https:\/\/naturalbikes.cl\/?product=neumatico-maxxis-kevlar-dh-27-5x2-40-wt-minion-dhr-ii-3cg-dh-tr#primaryimage"},"image":{"@id":"https:\/\/naturalbikes.cl\/?product=neumatico-maxxis-kevlar-dh-27-5x2-40-wt-minion-dhr-ii-3cg-dh-tr#primaryimage"},"thumbnailUrl":"https:\/\/naturalbikes.cl\/wp-content\/uploads\/2024\/07\/MinionDHR2_2.6_3Q-807x1201-37f13f4.jpg.webp","datePublished":"2024-07-28T21:45:42+00:00","dateModified":"2026-05-12T16:01:46+00:00","description":"Neum\u00e1tico Maxxis Minion DHR II 27.5x2.40 WT 3CG\/DH\/TR Kevlar. \u00a1Domina los descensos m\u00e1s extremos! El Minion DHR II ofrece un agarre legendario y una durabilidad excepcional, gracias a su compuesto 3C y carcasa DH. Perfecto para Enduro y Descenso.","breadcrumb":{"@id":"https:\/\/naturalbikes.cl\/?product=neumatico-maxxis-kevlar-dh-27-5x2-40-wt-minion-dhr-ii-3cg-dh-tr#breadcrumb"},"inLanguage":"es","potentialAction":[{"@type":"ReadAction","target":["https:\/\/naturalbikes.cl\/?product=neumatico-maxxis-kevlar-dh-27-5x2-40-wt-minion-dhr-ii-3cg-dh-tr"]}]},{"@type":"ImageObject","inLanguage":"es","@id":"https:\/\/naturalbikes.cl\/?product=neumatico-maxxis-kevlar-dh-27-5x2-40-wt-minion-dhr-ii-3cg-dh-tr#primaryimage","url":"https:\/\/naturalbikes.cl\/wp-content\/uploads\/2024\/07\/MinionDHR2_2.6_3Q-807x1201-37f13f4.jpg.webp","contentUrl":"https:\/\/naturalbikes.cl\/wp-content\/uploads\/2024\/07\/MinionDHR2_2.6_3Q-807x1201-37f13f4.jpg.webp","width":800,"height":800},{"@type":"BreadcrumbList","@id":"https:\/\/naturalbikes.cl\/?product=neumatico-maxxis-kevlar-dh-27-5x2-40-wt-minion-dhr-ii-3cg-dh-tr#breadcrumb","itemListElement":[{"@type":"ListItem","position":1,"name":"Portada","item":"https:\/\/naturalbikes.cl\/"},{"@type":"ListItem","position":2,"name":"Tienda NB","item":"https:\/\/naturalbikes.cl\/?page_id=7843"},{"@type":"ListItem","position":3,"name":"Maxxis","item":"https:\/\/naturalbikes.cl\/?product_brand=maxxis"},{"@type":"ListItem","position":4,"name":"Neum\u00e1tico Maxxis Kevlar DH 27.5X2.40 WT Minion DHR II 3CG\/DH\/TR"}]},{"@type":"WebSite","@id":"https:\/\/naturalbikes.cl\/#website","url":"https:\/\/naturalbikes.cl\/","name":"Natural Bikes","description":"Tienda de bicicletas repuestos accesorios taller mantenimiento clases salidas","publisher":{"@id":"https:\/\/naturalbikes.cl\/#organization"},"alternateName":"Natural Bikes","potentialAction":[{"@type":"SearchAction","target":{"@type":"EntryPoint","urlTemplate":"https:\/\/naturalbikes.cl\/?s={search_term_string}"},"query-input":{"@type":"PropertyValueSpecification","valueRequired":true,"valueName":"search_term_string"}}],"inLanguage":"es"},{"@type":"Organization","@id":"https:\/\/naturalbikes.cl\/#organization","name":"Natural Bikes","alternateName":"Natural Bikes","url":"https:\/\/naturalbikes.cl\/","logo":{"@type":"ImageObject","inLanguage":"es","@id":"https:\/\/naturalbikes.cl\/#\/schema\/logo\/image\/","url":"https:\/\/naturalbikes.cl\/wp-content\/uploads\/2024\/05\/2023-10-10-10.44.12.jpg","contentUrl":"https:\/\/naturalbikes.cl\/wp-content\/uploads\/2024\/05\/2023-10-10-10.44.12.jpg","width":650,"height":650,"caption":"Natural Bikes"},"image":{"@id":"https:\/\/naturalbikes.cl\/#\/schema\/logo\/image\/"},"sameAs":["https:\/\/www.facebook.com\/naturalbikescl","https:\/\/www.instagram.com\/natural.bikes","https:\/\/www.tiktok.com\/@natural.bikes"],"description":"Ofrecer a nuestros clientes apasionados por el ciclismo de monta\u00f1a la mejor experiencia en productos, conocimientos especializados y servicios excepcionales. Nos comprometemos a proporcionar una amplia gama de bicicletas, accesorios y equipo de alta calidad, junto con asesoramiento experto y atenci\u00f3n personalizada para cada ciclista, para que puedan explorar, disfrutar y maximizar su aventura en el mundo del MTB","email":"naturalbikes1@gmail.com","telephone":"56977043878","legalName":"Natural Bikes Limitada","foundingDate":"2024-01-01","vatID":"76699553-5","taxID":"76699553-5","numberOfEmployees":{"@type":"QuantitativeValue","minValue":"1","maxValue":"10"},"publishingPrinciples":"https:\/\/naturalbikes.cl\/?page_id=7843","ownershipFundingInfo":"https:\/\/naturalbikes.cl\/?page_id=7843","actionableFeedbackPolicy":"https:\/\/naturalbikes.cl\/?page_id=14797","correctionsPolicy":"https:\/\/naturalbikes.cl\/?page_id=3","ethicsPolicy":"https:\/\/naturalbikes.cl\/?page_id=7843","diversityPolicy":"https:\/\/naturalbikes.cl\/?page_id=11734","diversityStaffingReport":"https:\/\/naturalbikes.cl\/?page_id=12161"}]}},"_links":{"self":[{"href":"https:\/\/naturalbikes.cl\/index.php?rest_route=\/wp\/v2\/product\/20678"}],"collection":[{"href":"https:\/\/naturalbikes.cl\/index.php?rest_route=\/wp\/v2\/product"}],"about":[{"href":"https:\/\/naturalbikes.cl\/index.php?rest_route=\/wp\/v2\/types\/product"}],"replies":[{"embeddable":true,"href":"https:\/\/naturalbikes.cl\/index.php?rest_route=%2Fwp%2Fv2%2Fcomments&post=20678"}],"wp:featuredmedia":[{"embeddable":true,"href":"https:\/\/naturalbikes.cl\/index.php?rest_route=\/wp\/v2\/media\/20679"}],"wp:attachment":[{"href":"https:\/\/naturalbikes.cl\/index.php?rest_route=%2Fwp%2Fv2%2Fmedia&parent=20678"}],"wp:term":[{"taxonomy":"product_cat","embeddable":true,"href":"https:\/\/naturalbikes.cl\/index.php?rest_route=%2Fwp%2Fv2%2Fproduct_cat&post=20678"},{"taxonomy":"product_tag","embeddable":true,"href":"https:\/\/naturalbikes.cl\/index.php?rest_route=%2Fwp%2Fv2%2Fproduct_tag&post=20678"}],"curies":[{"name":"wp","href":"https:\/\/api.w.org\/{rel}","templated":true}]}}