{"id":20674,"date":"2024-07-28T17:33:31","date_gmt":"2024-07-28T21:33:31","guid":{"rendered":"https:\/\/naturalbikes.cl\/?post_type=product&#038;p=20674"},"modified":"2026-01-06T17:11:57","modified_gmt":"2026-01-06T20:11:57","slug":"neumatico-maxxis-alambre-29x2-5-minion-dhf-trail-exo","status":"publish","type":"product","link":"https:\/\/naturalbikes.cl\/?product=neumatico-maxxis-alambre-29x2-5-minion-dhf-trail-exo","title":{"rendered":"Neum\u00e1tico Maxxis Alambre 29X2.5 Minion DHF TRAIL EXO"},"content":{"rendered":"<p><strong><a href=\"https:\/\/naturalbikes.cl\/wp-content\/uploads\/2024\/07\/logo_maxxis_novena_racing.jpg.webp\"><img fetchpriority=\"high\" decoding=\"async\" class=\"size-full wp-image-20615 aligncenter\" src=\"https:\/\/naturalbikes.cl\/wp-content\/uploads\/2024\/07\/logo_maxxis_novena_racing.jpg.webp\" alt=\"\" width=\"300\" height=\"300\" srcset=\"https:\/\/naturalbikes.cl\/wp-content\/uploads\/2024\/07\/logo_maxxis_novena_racing.jpg.webp 300w, https:\/\/naturalbikes.cl\/wp-content\/uploads\/2024\/07\/logo_maxxis_novena_racing.jpg-150x150.webp 150w, https:\/\/naturalbikes.cl\/wp-content\/uploads\/2024\/07\/logo_maxxis_novena_racing.jpg-100x100.webp 100w, https:\/\/naturalbikes.cl\/wp-content\/uploads\/2024\/07\/logo_maxxis_novena_racing.jpg-50x50.webp 50w\" sizes=\"(max-width: 300px) 100vw, 300px\" \/><\/a><\/strong><\/p>\n<p><strong>MINION DHF<\/strong><\/p>\n<p>Con un dise\u00f1o de banda de rodadura que equilibra h\u00e1bilmente la velocidad de rodadura con el frenado y la tracci\u00f3n en las curvas, no es de extra\u00f1ar por qu\u00e9 el Minion DHF es uno de los neum\u00e1ticos m\u00e1s imitados en el ciclismo de monta\u00f1a. Ya sea que recorra senderos locales, una \u00e9pica traves\u00eda, carreras de enduro o descensos de la Copa del Mundo, hay una especificaci\u00f3n Minion DHF para satisfacer sus necesidades.<\/p>\n<ul>\n<li>Categor\u00eda: Trail, Enduro, Descenso<\/li>\n<li>Uso recomendado: Todas las condiciones del sendero<\/li>\n<li>Instalaci\u00f3n recomendada: Frontal<\/li>\n<\/ul>\n<p><strong>EXO<\/strong><\/p>\n<p>EXO es un material resistente a los cortes y la abrasi\u00f3n que se agrega a las paredes laterales de muchos neum\u00e1ticos Maxxis para bicicletas de monta\u00f1a y grava. Este tejido densamente tejido es ligero y muy flexible, lo que garantiza que el rendimiento del neum\u00e1tico no se vea afectado. Elija EXO Protection para una mayor durabilidad en grava, XC y senderos ligeros.<\/p>\n","protected":false},"excerpt":{"rendered":"<p><a href=\"https:\/\/naturalbikes.cl\/wp-content\/uploads\/2024\/07\/logo_maxxis_novena_racing.jpg.webp\"><img decoding=\"async\" class=\"wp-image-20615 alignleft\" src=\"https:\/\/naturalbikes.cl\/wp-content\/uploads\/2024\/07\/logo_maxxis_novena_racing.jpg.webp\" alt=\"\" width=\"100\" height=\"100\" srcset=\"https:\/\/naturalbikes.cl\/wp-content\/uploads\/2024\/07\/logo_maxxis_novena_racing.jpg.webp 300w, https:\/\/naturalbikes.cl\/wp-content\/uploads\/2024\/07\/logo_maxxis_novena_racing.jpg-150x150.webp 150w, https:\/\/naturalbikes.cl\/wp-content\/uploads\/2024\/07\/logo_maxxis_novena_racing.jpg-100x100.webp 100w, https:\/\/naturalbikes.cl\/wp-content\/uploads\/2024\/07\/logo_maxxis_novena_racing.jpg-50x50.webp 50w\" sizes=\"(max-width: 100px) 100vw, 100px\" \/><\/a><\/p>\n<p data-sourcepos=\"27:1-27:245\"><strong>Neum\u00e1tico Maxxis Minion DHF 29&#215;2.5 EXO Alambre.<\/strong> \u00a1Domina los senderos con el agarre legendario del Minion DHF! Su dise\u00f1o agresivo y la carcasa EXO te brindan la confianza necesaria para cualquier aventura. Perfecto para Enduro y All Mountain.<\/p>\n","protected":false},"featured_media":20675,"comment_status":"open","ping_status":"closed","template":"","meta":[],"product_cat":[198,305,237],"product_tag":[1158,1335,149,1157],"class_list":{"0":"post-20674","1":"product","2":"type-product","3":"status-publish","4":"has-post-thumbnail","6":"product_brand-maxxis","7":"product_cat-componentes","8":"product_cat-maxxis","9":"product_cat-neumaticos","10":"product_tag-maxxis","11":"product_tag-minion-dhf","12":"product_tag-neumaticos","13":"product_tag-tires","15":"first","16":"instock","17":"taxable","18":"shipping-taxable","19":"purchasable","20":"product-type-simple"},"yoast_head":"<!-- This site is optimized with the Yoast SEO Premium plugin v24.8 (Yoast SEO v25.6) - https:\/\/yoast.com\/wordpress\/plugins\/seo\/ -->\n<title>Neum\u00e1tico Maxxis Alambre 29X2.5 Minion DHF TRAIL EXO - NaturalBikes<\/title>\n<meta name=\"description\" content=\"Neum\u00e1tico Maxxis Minion DHF 29x2.5 EXO Alambre. \u00a1Domina los senderos con el agarre legendario del Minion DHF! Su dise\u00f1o agresivo y la carcasa EXO te brindan la confianza necesaria para cualquier aventura. Perfecto para Enduro y All Mountain.\" \/>\n<meta name=\"robots\" content=\"index, follow, max-snippet:-1, max-image-preview:large, max-video-preview:-1\" \/>\n<link rel=\"canonical\" href=\"https:\/\/naturalbikes.cl\/?product=neumatico-maxxis-alambre-29x2-5-minion-dhf-trail-exo\" \/>\n<meta property=\"og:locale\" content=\"es_ES\" \/>\n<meta property=\"og:type\" content=\"article\" \/>\n<meta property=\"og:title\" content=\"Neum\u00e1tico Maxxis Alambre 29X2.5 Minion DHF TRAIL EXO\" \/>\n<meta property=\"og:description\" content=\"Ofrecer a nuestros clientes apasionados por el ciclismo de monta\u00f1a la mejor experiencia en productos, conocimientos especializados y servicios excepcionales. Nos comprometemos a proporcionar una amplia gama de bicicletas, accesorios y equipo de alta calidad, junto con asesoramiento experto y atenci\u00f3n personalizada para cada ciclista, para que puedan explorar, disfrutar y maximizar su aventura en el mundo del MTB\" \/>\n<meta property=\"og:url\" content=\"https:\/\/naturalbikes.cl\/?product=neumatico-maxxis-alambre-29x2-5-minion-dhf-trail-exo\" \/>\n<meta property=\"og:site_name\" content=\"NaturalBikes\" \/>\n<meta property=\"article:publisher\" content=\"https:\/\/www.facebook.com\/naturalbikescl\" \/>\n<meta property=\"article:modified_time\" content=\"2026-01-06T20:11:57+00:00\" \/>\n<meta property=\"og:image\" content=\"https:\/\/naturalbikes.cl\/wp-content\/uploads\/2024\/07\/31407317644443_1080x.webp-2.jpeg\" \/>\n\t<meta property=\"og:image:width\" content=\"1080\" \/>\n\t<meta property=\"og:image:height\" content=\"1080\" \/>\n\t<meta property=\"og:image:type\" content=\"image\/jpeg\" \/>\n<meta name=\"twitter:card\" content=\"summary_large_image\" \/>\n<meta name=\"twitter:label1\" content=\"Tiempo de lectura\" \/>\n\t<meta name=\"twitter:data1\" content=\"2 minutos\" \/>\n<script type=\"application\/ld+json\" class=\"yoast-schema-graph\">{\"@context\":\"https:\/\/schema.org\",\"@graph\":[{\"@type\":\"WebPage\",\"@id\":\"https:\/\/naturalbikes.cl\/?product=neumatico-maxxis-alambre-29x2-5-minion-dhf-trail-exo\",\"url\":\"https:\/\/naturalbikes.cl\/?product=neumatico-maxxis-alambre-29x2-5-minion-dhf-trail-exo\",\"name\":\"Neum\u00e1tico Maxxis Alambre 29X2.5 Minion DHF TRAIL EXO - NaturalBikes\",\"isPartOf\":{\"@id\":\"https:\/\/naturalbikes.cl\/#website\"},\"primaryImageOfPage\":{\"@id\":\"https:\/\/naturalbikes.cl\/?product=neumatico-maxxis-alambre-29x2-5-minion-dhf-trail-exo#primaryimage\"},\"image\":{\"@id\":\"https:\/\/naturalbikes.cl\/?product=neumatico-maxxis-alambre-29x2-5-minion-dhf-trail-exo#primaryimage\"},\"thumbnailUrl\":\"https:\/\/naturalbikes.cl\/wp-content\/uploads\/2024\/07\/31407317644443_1080x.webp-2.jpeg\",\"datePublished\":\"2024-07-28T21:33:31+00:00\",\"dateModified\":\"2026-01-06T20:11:57+00:00\",\"description\":\"Neum\u00e1tico Maxxis Minion DHF 29x2.5 EXO Alambre. \u00a1Domina los senderos con el agarre legendario del Minion DHF! Su dise\u00f1o agresivo y la carcasa EXO te brindan la confianza necesaria para cualquier aventura. Perfecto para Enduro y All Mountain.\",\"breadcrumb\":{\"@id\":\"https:\/\/naturalbikes.cl\/?product=neumatico-maxxis-alambre-29x2-5-minion-dhf-trail-exo#breadcrumb\"},\"inLanguage\":\"es\",\"potentialAction\":[{\"@type\":\"ReadAction\",\"target\":[\"https:\/\/naturalbikes.cl\/?product=neumatico-maxxis-alambre-29x2-5-minion-dhf-trail-exo\"]}]},{\"@type\":\"ImageObject\",\"inLanguage\":\"es\",\"@id\":\"https:\/\/naturalbikes.cl\/?product=neumatico-maxxis-alambre-29x2-5-minion-dhf-trail-exo#primaryimage\",\"url\":\"https:\/\/naturalbikes.cl\/wp-content\/uploads\/2024\/07\/31407317644443_1080x.webp-2.jpeg\",\"contentUrl\":\"https:\/\/naturalbikes.cl\/wp-content\/uploads\/2024\/07\/31407317644443_1080x.webp-2.jpeg\",\"width\":1080,\"height\":1080},{\"@type\":\"BreadcrumbList\",\"@id\":\"https:\/\/naturalbikes.cl\/?product=neumatico-maxxis-alambre-29x2-5-minion-dhf-trail-exo#breadcrumb\",\"itemListElement\":[{\"@type\":\"ListItem\",\"position\":1,\"name\":\"Portada\",\"item\":\"https:\/\/naturalbikes.cl\/\"},{\"@type\":\"ListItem\",\"position\":2,\"name\":\"Tienda NB\",\"item\":\"https:\/\/naturalbikes.cl\/?page_id=7843\"},{\"@type\":\"ListItem\",\"position\":3,\"name\":\"Maxxis\",\"item\":\"https:\/\/naturalbikes.cl\/?product_brand=maxxis\"},{\"@type\":\"ListItem\",\"position\":4,\"name\":\"Neum\u00e1tico Maxxis Alambre 29X2.5 Minion DHF TRAIL EXO\"}]},{\"@type\":\"WebSite\",\"@id\":\"https:\/\/naturalbikes.cl\/#website\",\"url\":\"https:\/\/naturalbikes.cl\/\",\"name\":\"Natural Bikes\",\"description\":\"Tienda de bicicletas repuestos accesorios taller mantenimiento clases salidas\",\"publisher\":{\"@id\":\"https:\/\/naturalbikes.cl\/#organization\"},\"alternateName\":\"Natural Bikes\",\"potentialAction\":[{\"@type\":\"SearchAction\",\"target\":{\"@type\":\"EntryPoint\",\"urlTemplate\":\"https:\/\/naturalbikes.cl\/?s={search_term_string}\"},\"query-input\":{\"@type\":\"PropertyValueSpecification\",\"valueRequired\":true,\"valueName\":\"search_term_string\"}}],\"inLanguage\":\"es\"},{\"@type\":\"Organization\",\"@id\":\"https:\/\/naturalbikes.cl\/#organization\",\"name\":\"Natural Bikes\",\"alternateName\":\"Natural Bikes\",\"url\":\"https:\/\/naturalbikes.cl\/\",\"logo\":{\"@type\":\"ImageObject\",\"inLanguage\":\"es\",\"@id\":\"https:\/\/naturalbikes.cl\/#\/schema\/logo\/image\/\",\"url\":\"https:\/\/naturalbikes.cl\/wp-content\/uploads\/2024\/05\/2023-10-10-10.44.12.jpg\",\"contentUrl\":\"https:\/\/naturalbikes.cl\/wp-content\/uploads\/2024\/05\/2023-10-10-10.44.12.jpg\",\"width\":650,\"height\":650,\"caption\":\"Natural Bikes\"},\"image\":{\"@id\":\"https:\/\/naturalbikes.cl\/#\/schema\/logo\/image\/\"},\"sameAs\":[\"https:\/\/www.facebook.com\/naturalbikescl\",\"https:\/\/www.instagram.com\/natural.bikes\",\"https:\/\/www.tiktok.com\/@natural.bikes\"],\"description\":\"Ofrecer a nuestros clientes apasionados por el ciclismo de monta\u00f1a la mejor experiencia en productos, conocimientos especializados y servicios excepcionales. Nos comprometemos a proporcionar una amplia gama de bicicletas, accesorios y equipo de alta calidad, junto con asesoramiento experto y atenci\u00f3n personalizada para cada ciclista, para que puedan explorar, disfrutar y maximizar su aventura en el mundo del MTB\",\"email\":\"naturalbikes1@gmail.com\",\"telephone\":\"56977043878\",\"legalName\":\"Natural Bikes Limitada\",\"foundingDate\":\"2024-01-01\",\"vatID\":\"76699553-5\",\"taxID\":\"76699553-5\",\"numberOfEmployees\":{\"@type\":\"QuantitativeValue\",\"minValue\":\"1\",\"maxValue\":\"10\"},\"publishingPrinciples\":\"https:\/\/naturalbikes.cl\/?page_id=7843\",\"ownershipFundingInfo\":\"https:\/\/naturalbikes.cl\/?page_id=7843\",\"actionableFeedbackPolicy\":\"https:\/\/naturalbikes.cl\/?page_id=14797\",\"correctionsPolicy\":\"https:\/\/naturalbikes.cl\/?page_id=3\",\"ethicsPolicy\":\"https:\/\/naturalbikes.cl\/?page_id=7843\",\"diversityPolicy\":\"https:\/\/naturalbikes.cl\/?page_id=11734\",\"diversityStaffingReport\":\"https:\/\/naturalbikes.cl\/?page_id=12161\"}]}<\/script>\n<!-- \/ Yoast SEO Premium plugin. -->","yoast_head_json":{"title":"Neum\u00e1tico Maxxis Alambre 29X2.5 Minion DHF TRAIL EXO - NaturalBikes","description":"Neum\u00e1tico Maxxis Minion DHF 29x2.5 EXO Alambre. \u00a1Domina los senderos con el agarre legendario del Minion DHF! Su dise\u00f1o agresivo y la carcasa EXO te brindan la confianza necesaria para cualquier aventura. Perfecto para Enduro y All Mountain.","robots":{"index":"index","follow":"follow","max-snippet":"max-snippet:-1","max-image-preview":"max-image-preview:large","max-video-preview":"max-video-preview:-1"},"canonical":"https:\/\/naturalbikes.cl\/?product=neumatico-maxxis-alambre-29x2-5-minion-dhf-trail-exo","og_locale":"es_ES","og_type":"article","og_title":"Neum\u00e1tico Maxxis Alambre 29X2.5 Minion DHF TRAIL EXO","og_description":"Ofrecer a nuestros clientes apasionados por el ciclismo de monta\u00f1a la mejor experiencia en productos, conocimientos especializados y servicios excepcionales. Nos comprometemos a proporcionar una amplia gama de bicicletas, accesorios y equipo de alta calidad, junto con asesoramiento experto y atenci\u00f3n personalizada para cada ciclista, para que puedan explorar, disfrutar y maximizar su aventura en el mundo del MTB","og_url":"https:\/\/naturalbikes.cl\/?product=neumatico-maxxis-alambre-29x2-5-minion-dhf-trail-exo","og_site_name":"NaturalBikes","article_publisher":"https:\/\/www.facebook.com\/naturalbikescl","article_modified_time":"2026-01-06T20:11:57+00:00","og_image":[{"width":1080,"height":1080,"url":"https:\/\/naturalbikes.cl\/wp-content\/uploads\/2024\/07\/31407317644443_1080x.webp-2.jpeg","type":"image\/jpeg"}],"twitter_card":"summary_large_image","twitter_misc":{"Tiempo de lectura":"2 minutos"},"schema":{"@context":"https:\/\/schema.org","@graph":[{"@type":"WebPage","@id":"https:\/\/naturalbikes.cl\/?product=neumatico-maxxis-alambre-29x2-5-minion-dhf-trail-exo","url":"https:\/\/naturalbikes.cl\/?product=neumatico-maxxis-alambre-29x2-5-minion-dhf-trail-exo","name":"Neum\u00e1tico Maxxis Alambre 29X2.5 Minion DHF TRAIL EXO - NaturalBikes","isPartOf":{"@id":"https:\/\/naturalbikes.cl\/#website"},"primaryImageOfPage":{"@id":"https:\/\/naturalbikes.cl\/?product=neumatico-maxxis-alambre-29x2-5-minion-dhf-trail-exo#primaryimage"},"image":{"@id":"https:\/\/naturalbikes.cl\/?product=neumatico-maxxis-alambre-29x2-5-minion-dhf-trail-exo#primaryimage"},"thumbnailUrl":"https:\/\/naturalbikes.cl\/wp-content\/uploads\/2024\/07\/31407317644443_1080x.webp-2.jpeg","datePublished":"2024-07-28T21:33:31+00:00","dateModified":"2026-01-06T20:11:57+00:00","description":"Neum\u00e1tico Maxxis Minion DHF 29x2.5 EXO Alambre. \u00a1Domina los senderos con el agarre legendario del Minion DHF! Su dise\u00f1o agresivo y la carcasa EXO te brindan la confianza necesaria para cualquier aventura. Perfecto para Enduro y All Mountain.","breadcrumb":{"@id":"https:\/\/naturalbikes.cl\/?product=neumatico-maxxis-alambre-29x2-5-minion-dhf-trail-exo#breadcrumb"},"inLanguage":"es","potentialAction":[{"@type":"ReadAction","target":["https:\/\/naturalbikes.cl\/?product=neumatico-maxxis-alambre-29x2-5-minion-dhf-trail-exo"]}]},{"@type":"ImageObject","inLanguage":"es","@id":"https:\/\/naturalbikes.cl\/?product=neumatico-maxxis-alambre-29x2-5-minion-dhf-trail-exo#primaryimage","url":"https:\/\/naturalbikes.cl\/wp-content\/uploads\/2024\/07\/31407317644443_1080x.webp-2.jpeg","contentUrl":"https:\/\/naturalbikes.cl\/wp-content\/uploads\/2024\/07\/31407317644443_1080x.webp-2.jpeg","width":1080,"height":1080},{"@type":"BreadcrumbList","@id":"https:\/\/naturalbikes.cl\/?product=neumatico-maxxis-alambre-29x2-5-minion-dhf-trail-exo#breadcrumb","itemListElement":[{"@type":"ListItem","position":1,"name":"Portada","item":"https:\/\/naturalbikes.cl\/"},{"@type":"ListItem","position":2,"name":"Tienda NB","item":"https:\/\/naturalbikes.cl\/?page_id=7843"},{"@type":"ListItem","position":3,"name":"Maxxis","item":"https:\/\/naturalbikes.cl\/?product_brand=maxxis"},{"@type":"ListItem","position":4,"name":"Neum\u00e1tico Maxxis Alambre 29X2.5 Minion DHF TRAIL EXO"}]},{"@type":"WebSite","@id":"https:\/\/naturalbikes.cl\/#website","url":"https:\/\/naturalbikes.cl\/","name":"Natural Bikes","description":"Tienda de bicicletas repuestos accesorios taller mantenimiento clases salidas","publisher":{"@id":"https:\/\/naturalbikes.cl\/#organization"},"alternateName":"Natural Bikes","potentialAction":[{"@type":"SearchAction","target":{"@type":"EntryPoint","urlTemplate":"https:\/\/naturalbikes.cl\/?s={search_term_string}"},"query-input":{"@type":"PropertyValueSpecification","valueRequired":true,"valueName":"search_term_string"}}],"inLanguage":"es"},{"@type":"Organization","@id":"https:\/\/naturalbikes.cl\/#organization","name":"Natural Bikes","alternateName":"Natural Bikes","url":"https:\/\/naturalbikes.cl\/","logo":{"@type":"ImageObject","inLanguage":"es","@id":"https:\/\/naturalbikes.cl\/#\/schema\/logo\/image\/","url":"https:\/\/naturalbikes.cl\/wp-content\/uploads\/2024\/05\/2023-10-10-10.44.12.jpg","contentUrl":"https:\/\/naturalbikes.cl\/wp-content\/uploads\/2024\/05\/2023-10-10-10.44.12.jpg","width":650,"height":650,"caption":"Natural Bikes"},"image":{"@id":"https:\/\/naturalbikes.cl\/#\/schema\/logo\/image\/"},"sameAs":["https:\/\/www.facebook.com\/naturalbikescl","https:\/\/www.instagram.com\/natural.bikes","https:\/\/www.tiktok.com\/@natural.bikes"],"description":"Ofrecer a nuestros clientes apasionados por el ciclismo de monta\u00f1a la mejor experiencia en productos, conocimientos especializados y servicios excepcionales. Nos comprometemos a proporcionar una amplia gama de bicicletas, accesorios y equipo de alta calidad, junto con asesoramiento experto y atenci\u00f3n personalizada para cada ciclista, para que puedan explorar, disfrutar y maximizar su aventura en el mundo del MTB","email":"naturalbikes1@gmail.com","telephone":"56977043878","legalName":"Natural Bikes Limitada","foundingDate":"2024-01-01","vatID":"76699553-5","taxID":"76699553-5","numberOfEmployees":{"@type":"QuantitativeValue","minValue":"1","maxValue":"10"},"publishingPrinciples":"https:\/\/naturalbikes.cl\/?page_id=7843","ownershipFundingInfo":"https:\/\/naturalbikes.cl\/?page_id=7843","actionableFeedbackPolicy":"https:\/\/naturalbikes.cl\/?page_id=14797","correctionsPolicy":"https:\/\/naturalbikes.cl\/?page_id=3","ethicsPolicy":"https:\/\/naturalbikes.cl\/?page_id=7843","diversityPolicy":"https:\/\/naturalbikes.cl\/?page_id=11734","diversityStaffingReport":"https:\/\/naturalbikes.cl\/?page_id=12161"}]}},"_links":{"self":[{"href":"https:\/\/naturalbikes.cl\/index.php?rest_route=\/wp\/v2\/product\/20674"}],"collection":[{"href":"https:\/\/naturalbikes.cl\/index.php?rest_route=\/wp\/v2\/product"}],"about":[{"href":"https:\/\/naturalbikes.cl\/index.php?rest_route=\/wp\/v2\/types\/product"}],"replies":[{"embeddable":true,"href":"https:\/\/naturalbikes.cl\/index.php?rest_route=%2Fwp%2Fv2%2Fcomments&post=20674"}],"wp:featuredmedia":[{"embeddable":true,"href":"https:\/\/naturalbikes.cl\/index.php?rest_route=\/wp\/v2\/media\/20675"}],"wp:attachment":[{"href":"https:\/\/naturalbikes.cl\/index.php?rest_route=%2Fwp%2Fv2%2Fmedia&parent=20674"}],"wp:term":[{"taxonomy":"product_cat","embeddable":true,"href":"https:\/\/naturalbikes.cl\/index.php?rest_route=%2Fwp%2Fv2%2Fproduct_cat&post=20674"},{"taxonomy":"product_tag","embeddable":true,"href":"https:\/\/naturalbikes.cl\/index.php?rest_route=%2Fwp%2Fv2%2Fproduct_tag&post=20674"}],"curies":[{"name":"wp","href":"https:\/\/api.w.org\/{rel}","templated":true}]}}