{"id":20670,"date":"2024-07-28T17:02:20","date_gmt":"2024-07-28T21:02:20","guid":{"rendered":"https:\/\/naturalbikes.cl\/?post_type=product&#038;p=20670"},"modified":"2026-01-06T17:11:57","modified_gmt":"2026-01-06T20:11:57","slug":"neumatico-maxxis-alambre-dh-29x2-5wt-bike-park-assegai-dr-tr","status":"publish","type":"product","link":"https:\/\/naturalbikes.cl\/?product=neumatico-maxxis-alambre-dh-29x2-5wt-bike-park-assegai-dr-tr","title":{"rendered":"Neum\u00e1tico Maxxis Alambre DH 29X2.5WT Bike Park Assegai DR\/TR"},"content":{"rendered":"<p><strong><a href=\"https:\/\/naturalbikes.cl\/wp-content\/uploads\/2024\/07\/logo_maxxis_novena_racing.jpg.webp\"><img fetchpriority=\"high\" decoding=\"async\" class=\"size-full wp-image-20615 aligncenter\" src=\"https:\/\/naturalbikes.cl\/wp-content\/uploads\/2024\/07\/logo_maxxis_novena_racing.jpg.webp\" alt=\"\" width=\"300\" height=\"300\" srcset=\"https:\/\/naturalbikes.cl\/wp-content\/uploads\/2024\/07\/logo_maxxis_novena_racing.jpg.webp 300w, https:\/\/naturalbikes.cl\/wp-content\/uploads\/2024\/07\/logo_maxxis_novena_racing.jpg-150x150.webp 150w, https:\/\/naturalbikes.cl\/wp-content\/uploads\/2024\/07\/logo_maxxis_novena_racing.jpg-100x100.webp 100w, https:\/\/naturalbikes.cl\/wp-content\/uploads\/2024\/07\/logo_maxxis_novena_racing.jpg-50x50.webp 50w\" sizes=\"(max-width: 300px) 100vw, 300px\" \/><\/a><\/strong><\/p>\n<div class=\"content--title\">\n<div>El Assegai es el \u00faltimo neum\u00e1tico de Descenso desarrollado conjuntamente por el ex Campe\u00f3n del Mundo de Descenso Greg Minnaar. \u00c9l ha utilizado sus muchos a\u00f1os de experiencia en carreras all\u00ed. La idea b\u00e1sica era sacar el m\u00e1ximo provecho de los perfiles Maxxis ya conocidos. En el medio de la banda de rodadura, se implementaron los tacos de Minion Minion DHF y Minion DHR II. Esto proporciona un excelente desenrollado en superficies duras, pero tambi\u00e9n agarre en ra\u00edces y piedras mojadas.<\/div>\n<div>Los l\u00f3bulos laterales ligeramente formados del High Roller se ocupan de las curvas r\u00e1pidas. Con estos tienes un \u00e1rea fronteriza claramente definida y siempre suficientes reservas. Finalmente, el shorty agrega la altura de su banda de rodadura y proporciona una tracci\u00f3n suficiente incluso en suelos de bosques profundos. Con esta mezcla inteligente realmente puedes dejar que se rasgue.<\/div>\n<div><\/div>\n<div><\/div>\n<h4>Caracter\u00edsticas:<\/h4>\n<h4>Wide Trail:<\/h4>\n<p>Optimiza la ubicaci\u00f3n y el perfil de la banda de rodadura de los neum\u00e1ticos en las llantas m\u00e1s anchas de hoy.\u00a0Los neum\u00e1ticos tradicionales est\u00e1n dise\u00f1ados para adaptarse a llantas m\u00e1s antiguas y estrechas y pueden crear un perfil demasiado cuadrado, lo que resulta en un rendimiento inferior al \u00f3ptimo.\u00a0Los neum\u00e1ticos WT est\u00e1n optimizados para un ancho de llanta interno de 35 mm, pero se ha demostrado que funcionan en el rango de ancho de llanta de 30 a 35 mm, seg\u00fan las preferencias del ciclista.<\/p>\n<p>&nbsp;<\/p>\n<p><strong>Dual compound:<\/strong><\/p>\n<p>Los neum\u00e1ticos Maxxis Dual Compound utilizan caucho m\u00e1s suave y pegajoso en las paredes laterales y caucho m\u00e1s duro y resistente en la banda de rodadura central.\u00a0Este dise\u00f1o 2C proporciona un buen equilibrio entre agarre en curva y velocidad de rodadura\u00a0<a href=\"https:\/\/kozakshop.com.ua\/pokryshky-maxxis\/\">,<\/a>\u00a0lo que da como resultado un perfil de neum\u00e1tico adherente pero duradero.\u00a0B\u00e1sicamente, el neum\u00e1tico 2C coloca caucho adherente y caucho duradero y de rodamiento r\u00e1pido donde se necesita.<\/p>\n<h4>TR:<\/h4>\n<div><\/div>\n<div>Tubeless Ready\u00a0&#8211; Optimizada para tubularizar las ruedas.<\/div>\n<div><\/div>\n<div><\/div>\n<h4>DH Casing Downhill :<\/h4>\n<div><\/div>\n<div>Pared para un uso extremo en todas las aplicaciones de gravity, desde carreras de descenso hasta ciclismo en parques, freeride y bicicletas el\u00e9ctricas de largo recorrido<\/div>\n<\/div>\n","protected":false},"excerpt":{"rendered":"<p><a href=\"https:\/\/naturalbikes.cl\/wp-content\/uploads\/2024\/07\/logo_maxxis_novena_racing.jpg.webp\"><img decoding=\"async\" class=\"wp-image-20615 alignleft\" src=\"https:\/\/naturalbikes.cl\/wp-content\/uploads\/2024\/07\/logo_maxxis_novena_racing.jpg.webp\" alt=\"\" width=\"100\" height=\"100\" srcset=\"https:\/\/naturalbikes.cl\/wp-content\/uploads\/2024\/07\/logo_maxxis_novena_racing.jpg.webp 300w, https:\/\/naturalbikes.cl\/wp-content\/uploads\/2024\/07\/logo_maxxis_novena_racing.jpg-150x150.webp 150w, https:\/\/naturalbikes.cl\/wp-content\/uploads\/2024\/07\/logo_maxxis_novena_racing.jpg-100x100.webp 100w, https:\/\/naturalbikes.cl\/wp-content\/uploads\/2024\/07\/logo_maxxis_novena_racing.jpg-50x50.webp 50w\" sizes=\"(max-width: 100px) 100vw, 100px\" \/><\/a><\/p>\n<p data-sourcepos=\"3:1-3:355\"><strong>\u00a1Domina los senderos m\u00e1s extremos con el Maxxis Assegai!<\/strong> Este neum\u00e1tico de 29&#215;2.5 pulgadas, dise\u00f1ado espec\u00edficamente para Enduro y Descenso, te brinda un agarre inigualable y una durabilidad excepcional. Su carcasa DH y la tecnolog\u00eda TR garantizan un rendimiento \u00f3ptimo en las condiciones m\u00e1s adversas. Perfecto para bike parks y carreras de descenso.<\/p>\n","protected":false},"featured_media":20671,"comment_status":"open","ping_status":"closed","template":"","meta":[],"product_cat":[198,305,237],"product_tag":[1159,1336,1158,149,1157],"class_list":{"0":"post-20670","1":"product","2":"type-product","3":"status-publish","4":"has-post-thumbnail","6":"product_brand-maxxis","7":"product_cat-componentes","8":"product_cat-maxxis","9":"product_cat-neumaticos","10":"product_tag-assegai","11":"product_tag-bike-park","12":"product_tag-maxxis","13":"product_tag-neumaticos","14":"product_tag-tires","16":"first","17":"instock","18":"taxable","19":"shipping-taxable","20":"purchasable","21":"product-type-simple"},"yoast_head":"<!-- This site is optimized with the Yoast SEO Premium plugin v24.8 (Yoast SEO v25.6) - https:\/\/yoast.com\/wordpress\/plugins\/seo\/ -->\n<title>Neum\u00e1tico Maxxis Alambre DH 29X2.5WT Bike Park Assegai DR\/TR - NaturalBikes<\/title>\n<meta name=\"description\" content=\"\u00a1Domina los senderos m\u00e1s extremos con el Maxxis Assegai! Este neum\u00e1tico de 29x2.5 pulgadas, dise\u00f1ado espec\u00edficamente para Enduro y Descenso, te brinda un agarre inigualable y una durabilidad excepcional. Su carcasa DH y la tecnolog\u00eda TR garantizan un rendimiento \u00f3ptimo en las condiciones m\u00e1s adversas. Perfecto para bike parks y carreras de descenso.\" \/>\n<meta name=\"robots\" content=\"index, follow, max-snippet:-1, max-image-preview:large, max-video-preview:-1\" \/>\n<link rel=\"canonical\" href=\"https:\/\/naturalbikes.cl\/?product=neumatico-maxxis-alambre-dh-29x2-5wt-bike-park-assegai-dr-tr\" \/>\n<meta property=\"og:locale\" content=\"es_ES\" \/>\n<meta property=\"og:type\" content=\"article\" \/>\n<meta property=\"og:title\" content=\"Neum\u00e1tico Maxxis Alambre DH 29X2.5WT Bike Park Assegai DR\/TR\" \/>\n<meta property=\"og:description\" content=\"Ofrecer a nuestros clientes apasionados por el ciclismo de monta\u00f1a la mejor experiencia en productos, conocimientos especializados y servicios excepcionales. Nos comprometemos a proporcionar una amplia gama de bicicletas, accesorios y equipo de alta calidad, junto con asesoramiento experto y atenci\u00f3n personalizada para cada ciclista, para que puedan explorar, disfrutar y maximizar su aventura en el mundo del MTB\" \/>\n<meta property=\"og:url\" content=\"https:\/\/naturalbikes.cl\/?product=neumatico-maxxis-alambre-dh-29x2-5wt-bike-park-assegai-dr-tr\" \/>\n<meta property=\"og:site_name\" content=\"NaturalBikes\" \/>\n<meta property=\"article:publisher\" content=\"https:\/\/www.facebook.com\/naturalbikescl\" \/>\n<meta property=\"article:modified_time\" content=\"2026-01-06T20:11:57+00:00\" \/>\n<meta property=\"og:image\" content=\"https:\/\/naturalbikes.cl\/wp-content\/uploads\/2024\/07\/31407317644443_1080x.webp.jpeg\" \/>\n\t<meta property=\"og:image:width\" content=\"1080\" \/>\n\t<meta property=\"og:image:height\" content=\"1080\" \/>\n\t<meta property=\"og:image:type\" content=\"image\/jpeg\" \/>\n<meta name=\"twitter:card\" content=\"summary_large_image\" \/>\n<meta name=\"twitter:label1\" content=\"Tiempo de lectura\" \/>\n\t<meta name=\"twitter:data1\" content=\"2 minutos\" \/>\n<script type=\"application\/ld+json\" class=\"yoast-schema-graph\">{\"@context\":\"https:\/\/schema.org\",\"@graph\":[{\"@type\":\"WebPage\",\"@id\":\"https:\/\/naturalbikes.cl\/?product=neumatico-maxxis-alambre-dh-29x2-5wt-bike-park-assegai-dr-tr\",\"url\":\"https:\/\/naturalbikes.cl\/?product=neumatico-maxxis-alambre-dh-29x2-5wt-bike-park-assegai-dr-tr\",\"name\":\"Neum\u00e1tico Maxxis Alambre DH 29X2.5WT Bike Park Assegai DR\/TR - NaturalBikes\",\"isPartOf\":{\"@id\":\"https:\/\/naturalbikes.cl\/#website\"},\"primaryImageOfPage\":{\"@id\":\"https:\/\/naturalbikes.cl\/?product=neumatico-maxxis-alambre-dh-29x2-5wt-bike-park-assegai-dr-tr#primaryimage\"},\"image\":{\"@id\":\"https:\/\/naturalbikes.cl\/?product=neumatico-maxxis-alambre-dh-29x2-5wt-bike-park-assegai-dr-tr#primaryimage\"},\"thumbnailUrl\":\"https:\/\/naturalbikes.cl\/wp-content\/uploads\/2024\/07\/31407317644443_1080x.webp.jpeg\",\"datePublished\":\"2024-07-28T21:02:20+00:00\",\"dateModified\":\"2026-01-06T20:11:57+00:00\",\"description\":\"\u00a1Domina los senderos m\u00e1s extremos con el Maxxis Assegai! Este neum\u00e1tico de 29x2.5 pulgadas, dise\u00f1ado espec\u00edficamente para Enduro y Descenso, te brinda un agarre inigualable y una durabilidad excepcional. Su carcasa DH y la tecnolog\u00eda TR garantizan un rendimiento \u00f3ptimo en las condiciones m\u00e1s adversas. Perfecto para bike parks y carreras de descenso.\",\"breadcrumb\":{\"@id\":\"https:\/\/naturalbikes.cl\/?product=neumatico-maxxis-alambre-dh-29x2-5wt-bike-park-assegai-dr-tr#breadcrumb\"},\"inLanguage\":\"es\",\"potentialAction\":[{\"@type\":\"ReadAction\",\"target\":[\"https:\/\/naturalbikes.cl\/?product=neumatico-maxxis-alambre-dh-29x2-5wt-bike-park-assegai-dr-tr\"]}]},{\"@type\":\"ImageObject\",\"inLanguage\":\"es\",\"@id\":\"https:\/\/naturalbikes.cl\/?product=neumatico-maxxis-alambre-dh-29x2-5wt-bike-park-assegai-dr-tr#primaryimage\",\"url\":\"https:\/\/naturalbikes.cl\/wp-content\/uploads\/2024\/07\/31407317644443_1080x.webp.jpeg\",\"contentUrl\":\"https:\/\/naturalbikes.cl\/wp-content\/uploads\/2024\/07\/31407317644443_1080x.webp.jpeg\",\"width\":1080,\"height\":1080},{\"@type\":\"BreadcrumbList\",\"@id\":\"https:\/\/naturalbikes.cl\/?product=neumatico-maxxis-alambre-dh-29x2-5wt-bike-park-assegai-dr-tr#breadcrumb\",\"itemListElement\":[{\"@type\":\"ListItem\",\"position\":1,\"name\":\"Portada\",\"item\":\"https:\/\/naturalbikes.cl\/\"},{\"@type\":\"ListItem\",\"position\":2,\"name\":\"Tienda NB\",\"item\":\"https:\/\/naturalbikes.cl\/?page_id=7843\"},{\"@type\":\"ListItem\",\"position\":3,\"name\":\"Maxxis\",\"item\":\"https:\/\/naturalbikes.cl\/?product_brand=maxxis\"},{\"@type\":\"ListItem\",\"position\":4,\"name\":\"Neum\u00e1tico Maxxis Alambre DH 29X2.5WT Bike Park Assegai DR\/TR\"}]},{\"@type\":\"WebSite\",\"@id\":\"https:\/\/naturalbikes.cl\/#website\",\"url\":\"https:\/\/naturalbikes.cl\/\",\"name\":\"Natural Bikes\",\"description\":\"Tienda de bicicletas repuestos accesorios taller mantenimiento clases salidas\",\"publisher\":{\"@id\":\"https:\/\/naturalbikes.cl\/#organization\"},\"alternateName\":\"Natural Bikes\",\"potentialAction\":[{\"@type\":\"SearchAction\",\"target\":{\"@type\":\"EntryPoint\",\"urlTemplate\":\"https:\/\/naturalbikes.cl\/?s={search_term_string}\"},\"query-input\":{\"@type\":\"PropertyValueSpecification\",\"valueRequired\":true,\"valueName\":\"search_term_string\"}}],\"inLanguage\":\"es\"},{\"@type\":\"Organization\",\"@id\":\"https:\/\/naturalbikes.cl\/#organization\",\"name\":\"Natural Bikes\",\"alternateName\":\"Natural Bikes\",\"url\":\"https:\/\/naturalbikes.cl\/\",\"logo\":{\"@type\":\"ImageObject\",\"inLanguage\":\"es\",\"@id\":\"https:\/\/naturalbikes.cl\/#\/schema\/logo\/image\/\",\"url\":\"https:\/\/naturalbikes.cl\/wp-content\/uploads\/2024\/05\/2023-10-10-10.44.12.jpg\",\"contentUrl\":\"https:\/\/naturalbikes.cl\/wp-content\/uploads\/2024\/05\/2023-10-10-10.44.12.jpg\",\"width\":650,\"height\":650,\"caption\":\"Natural Bikes\"},\"image\":{\"@id\":\"https:\/\/naturalbikes.cl\/#\/schema\/logo\/image\/\"},\"sameAs\":[\"https:\/\/www.facebook.com\/naturalbikescl\",\"https:\/\/www.instagram.com\/natural.bikes\",\"https:\/\/www.tiktok.com\/@natural.bikes\"],\"description\":\"Ofrecer a nuestros clientes apasionados por el ciclismo de monta\u00f1a la mejor experiencia en productos, conocimientos especializados y servicios excepcionales. Nos comprometemos a proporcionar una amplia gama de bicicletas, accesorios y equipo de alta calidad, junto con asesoramiento experto y atenci\u00f3n personalizada para cada ciclista, para que puedan explorar, disfrutar y maximizar su aventura en el mundo del MTB\",\"email\":\"naturalbikes1@gmail.com\",\"telephone\":\"56977043878\",\"legalName\":\"Natural Bikes Limitada\",\"foundingDate\":\"2024-01-01\",\"vatID\":\"76699553-5\",\"taxID\":\"76699553-5\",\"numberOfEmployees\":{\"@type\":\"QuantitativeValue\",\"minValue\":\"1\",\"maxValue\":\"10\"},\"publishingPrinciples\":\"https:\/\/naturalbikes.cl\/?page_id=7843\",\"ownershipFundingInfo\":\"https:\/\/naturalbikes.cl\/?page_id=7843\",\"actionableFeedbackPolicy\":\"https:\/\/naturalbikes.cl\/?page_id=14797\",\"correctionsPolicy\":\"https:\/\/naturalbikes.cl\/?page_id=3\",\"ethicsPolicy\":\"https:\/\/naturalbikes.cl\/?page_id=7843\",\"diversityPolicy\":\"https:\/\/naturalbikes.cl\/?page_id=11734\",\"diversityStaffingReport\":\"https:\/\/naturalbikes.cl\/?page_id=12161\"}]}<\/script>\n<!-- \/ Yoast SEO Premium plugin. -->","yoast_head_json":{"title":"Neum\u00e1tico Maxxis Alambre DH 29X2.5WT Bike Park Assegai DR\/TR - NaturalBikes","description":"\u00a1Domina los senderos m\u00e1s extremos con el Maxxis Assegai! Este neum\u00e1tico de 29x2.5 pulgadas, dise\u00f1ado espec\u00edficamente para Enduro y Descenso, te brinda un agarre inigualable y una durabilidad excepcional. Su carcasa DH y la tecnolog\u00eda TR garantizan un rendimiento \u00f3ptimo en las condiciones m\u00e1s adversas. Perfecto para bike parks y carreras de descenso.","robots":{"index":"index","follow":"follow","max-snippet":"max-snippet:-1","max-image-preview":"max-image-preview:large","max-video-preview":"max-video-preview:-1"},"canonical":"https:\/\/naturalbikes.cl\/?product=neumatico-maxxis-alambre-dh-29x2-5wt-bike-park-assegai-dr-tr","og_locale":"es_ES","og_type":"article","og_title":"Neum\u00e1tico Maxxis Alambre DH 29X2.5WT Bike Park Assegai DR\/TR","og_description":"Ofrecer a nuestros clientes apasionados por el ciclismo de monta\u00f1a la mejor experiencia en productos, conocimientos especializados y servicios excepcionales. Nos comprometemos a proporcionar una amplia gama de bicicletas, accesorios y equipo de alta calidad, junto con asesoramiento experto y atenci\u00f3n personalizada para cada ciclista, para que puedan explorar, disfrutar y maximizar su aventura en el mundo del MTB","og_url":"https:\/\/naturalbikes.cl\/?product=neumatico-maxxis-alambre-dh-29x2-5wt-bike-park-assegai-dr-tr","og_site_name":"NaturalBikes","article_publisher":"https:\/\/www.facebook.com\/naturalbikescl","article_modified_time":"2026-01-06T20:11:57+00:00","og_image":[{"width":1080,"height":1080,"url":"https:\/\/naturalbikes.cl\/wp-content\/uploads\/2024\/07\/31407317644443_1080x.webp.jpeg","type":"image\/jpeg"}],"twitter_card":"summary_large_image","twitter_misc":{"Tiempo de lectura":"2 minutos"},"schema":{"@context":"https:\/\/schema.org","@graph":[{"@type":"WebPage","@id":"https:\/\/naturalbikes.cl\/?product=neumatico-maxxis-alambre-dh-29x2-5wt-bike-park-assegai-dr-tr","url":"https:\/\/naturalbikes.cl\/?product=neumatico-maxxis-alambre-dh-29x2-5wt-bike-park-assegai-dr-tr","name":"Neum\u00e1tico Maxxis Alambre DH 29X2.5WT Bike Park Assegai DR\/TR - NaturalBikes","isPartOf":{"@id":"https:\/\/naturalbikes.cl\/#website"},"primaryImageOfPage":{"@id":"https:\/\/naturalbikes.cl\/?product=neumatico-maxxis-alambre-dh-29x2-5wt-bike-park-assegai-dr-tr#primaryimage"},"image":{"@id":"https:\/\/naturalbikes.cl\/?product=neumatico-maxxis-alambre-dh-29x2-5wt-bike-park-assegai-dr-tr#primaryimage"},"thumbnailUrl":"https:\/\/naturalbikes.cl\/wp-content\/uploads\/2024\/07\/31407317644443_1080x.webp.jpeg","datePublished":"2024-07-28T21:02:20+00:00","dateModified":"2026-01-06T20:11:57+00:00","description":"\u00a1Domina los senderos m\u00e1s extremos con el Maxxis Assegai! Este neum\u00e1tico de 29x2.5 pulgadas, dise\u00f1ado espec\u00edficamente para Enduro y Descenso, te brinda un agarre inigualable y una durabilidad excepcional. Su carcasa DH y la tecnolog\u00eda TR garantizan un rendimiento \u00f3ptimo en las condiciones m\u00e1s adversas. Perfecto para bike parks y carreras de descenso.","breadcrumb":{"@id":"https:\/\/naturalbikes.cl\/?product=neumatico-maxxis-alambre-dh-29x2-5wt-bike-park-assegai-dr-tr#breadcrumb"},"inLanguage":"es","potentialAction":[{"@type":"ReadAction","target":["https:\/\/naturalbikes.cl\/?product=neumatico-maxxis-alambre-dh-29x2-5wt-bike-park-assegai-dr-tr"]}]},{"@type":"ImageObject","inLanguage":"es","@id":"https:\/\/naturalbikes.cl\/?product=neumatico-maxxis-alambre-dh-29x2-5wt-bike-park-assegai-dr-tr#primaryimage","url":"https:\/\/naturalbikes.cl\/wp-content\/uploads\/2024\/07\/31407317644443_1080x.webp.jpeg","contentUrl":"https:\/\/naturalbikes.cl\/wp-content\/uploads\/2024\/07\/31407317644443_1080x.webp.jpeg","width":1080,"height":1080},{"@type":"BreadcrumbList","@id":"https:\/\/naturalbikes.cl\/?product=neumatico-maxxis-alambre-dh-29x2-5wt-bike-park-assegai-dr-tr#breadcrumb","itemListElement":[{"@type":"ListItem","position":1,"name":"Portada","item":"https:\/\/naturalbikes.cl\/"},{"@type":"ListItem","position":2,"name":"Tienda NB","item":"https:\/\/naturalbikes.cl\/?page_id=7843"},{"@type":"ListItem","position":3,"name":"Maxxis","item":"https:\/\/naturalbikes.cl\/?product_brand=maxxis"},{"@type":"ListItem","position":4,"name":"Neum\u00e1tico Maxxis Alambre DH 29X2.5WT Bike Park Assegai DR\/TR"}]},{"@type":"WebSite","@id":"https:\/\/naturalbikes.cl\/#website","url":"https:\/\/naturalbikes.cl\/","name":"Natural Bikes","description":"Tienda de bicicletas repuestos accesorios taller mantenimiento clases salidas","publisher":{"@id":"https:\/\/naturalbikes.cl\/#organization"},"alternateName":"Natural Bikes","potentialAction":[{"@type":"SearchAction","target":{"@type":"EntryPoint","urlTemplate":"https:\/\/naturalbikes.cl\/?s={search_term_string}"},"query-input":{"@type":"PropertyValueSpecification","valueRequired":true,"valueName":"search_term_string"}}],"inLanguage":"es"},{"@type":"Organization","@id":"https:\/\/naturalbikes.cl\/#organization","name":"Natural Bikes","alternateName":"Natural Bikes","url":"https:\/\/naturalbikes.cl\/","logo":{"@type":"ImageObject","inLanguage":"es","@id":"https:\/\/naturalbikes.cl\/#\/schema\/logo\/image\/","url":"https:\/\/naturalbikes.cl\/wp-content\/uploads\/2024\/05\/2023-10-10-10.44.12.jpg","contentUrl":"https:\/\/naturalbikes.cl\/wp-content\/uploads\/2024\/05\/2023-10-10-10.44.12.jpg","width":650,"height":650,"caption":"Natural Bikes"},"image":{"@id":"https:\/\/naturalbikes.cl\/#\/schema\/logo\/image\/"},"sameAs":["https:\/\/www.facebook.com\/naturalbikescl","https:\/\/www.instagram.com\/natural.bikes","https:\/\/www.tiktok.com\/@natural.bikes"],"description":"Ofrecer a nuestros clientes apasionados por el ciclismo de monta\u00f1a la mejor experiencia en productos, conocimientos especializados y servicios excepcionales. Nos comprometemos a proporcionar una amplia gama de bicicletas, accesorios y equipo de alta calidad, junto con asesoramiento experto y atenci\u00f3n personalizada para cada ciclista, para que puedan explorar, disfrutar y maximizar su aventura en el mundo del MTB","email":"naturalbikes1@gmail.com","telephone":"56977043878","legalName":"Natural Bikes Limitada","foundingDate":"2024-01-01","vatID":"76699553-5","taxID":"76699553-5","numberOfEmployees":{"@type":"QuantitativeValue","minValue":"1","maxValue":"10"},"publishingPrinciples":"https:\/\/naturalbikes.cl\/?page_id=7843","ownershipFundingInfo":"https:\/\/naturalbikes.cl\/?page_id=7843","actionableFeedbackPolicy":"https:\/\/naturalbikes.cl\/?page_id=14797","correctionsPolicy":"https:\/\/naturalbikes.cl\/?page_id=3","ethicsPolicy":"https:\/\/naturalbikes.cl\/?page_id=7843","diversityPolicy":"https:\/\/naturalbikes.cl\/?page_id=11734","diversityStaffingReport":"https:\/\/naturalbikes.cl\/?page_id=12161"}]}},"_links":{"self":[{"href":"https:\/\/naturalbikes.cl\/index.php?rest_route=\/wp\/v2\/product\/20670"}],"collection":[{"href":"https:\/\/naturalbikes.cl\/index.php?rest_route=\/wp\/v2\/product"}],"about":[{"href":"https:\/\/naturalbikes.cl\/index.php?rest_route=\/wp\/v2\/types\/product"}],"replies":[{"embeddable":true,"href":"https:\/\/naturalbikes.cl\/index.php?rest_route=%2Fwp%2Fv2%2Fcomments&post=20670"}],"wp:featuredmedia":[{"embeddable":true,"href":"https:\/\/naturalbikes.cl\/index.php?rest_route=\/wp\/v2\/media\/20671"}],"wp:attachment":[{"href":"https:\/\/naturalbikes.cl\/index.php?rest_route=%2Fwp%2Fv2%2Fmedia&parent=20670"}],"wp:term":[{"taxonomy":"product_cat","embeddable":true,"href":"https:\/\/naturalbikes.cl\/index.php?rest_route=%2Fwp%2Fv2%2Fproduct_cat&post=20670"},{"taxonomy":"product_tag","embeddable":true,"href":"https:\/\/naturalbikes.cl\/index.php?rest_route=%2Fwp%2Fv2%2Fproduct_tag&post=20670"}],"curies":[{"name":"wp","href":"https:\/\/api.w.org\/{rel}","templated":true}]}}