{"id":20662,"date":"2024-07-27T17:14:11","date_gmt":"2024-07-27T21:14:11","guid":{"rendered":"https:\/\/naturalbikes.cl\/?post_type=product&#038;p=20662"},"modified":"2026-01-06T17:11:57","modified_gmt":"2026-01-06T20:11:57","slug":"kit-rs-retenes-200h-reverb-axs-v2","status":"publish","type":"product","link":"https:\/\/naturalbikes.cl\/?product=kit-rs-retenes-200h-reverb-axs-v2","title":{"rendered":"Kit Rs Retenes 200h Reverb Axs V2"},"content":{"rendered":"<p style=\"padding-left: 300px;\"><img decoding=\"async\" src=\"https:\/\/cdn.shopify.com\/s\/files\/1\/0084\/1151\/2896\/files\/2e7546de4c4272ebec0e8939bf362988_480x480.jpg?v=1612192208\" alt=\"\" width=\"128\" height=\"128\" \/><\/p>\n<div class=\"product-detail--vertical\">\n<div class=\"product-detail-overview\">\n<div class=\"container\">\n<div class=\"product-detail-overview-col shift-1 hide-shift-lg col-3 col-lg-12\">\n<h5 class=\"spec-table-table collapse-target\">KIT RS RETENES 200H REVERB AXS V2<\/h5>\n<\/div>\n<\/div>\n<\/div>\n<\/div>\n","protected":false},"excerpt":{"rendered":"<p><img decoding=\"async\" class=\"alignleft\" src=\"https:\/\/cdn.shopify.com\/s\/files\/1\/0084\/1151\/2896\/files\/c1276b798e492b679480051a97ea7e42_1_480x480.jpg?v=1606846142\" alt=\"\" width=\"179\" height=\"179\" \/><strong>Kit Rs Retenes 200h Reverb Axs V2.<\/strong> Mant\u00e9n tu tija telesc\u00f3pica RockShox Reverb AXS V2 funcionando a la perfecci\u00f3n. Este kit de retenes original garantiza un sellado \u00f3ptimo y un funcionamiento suave. Compatible con Reverb AXS V2. #RockShox #ReverbAXS #tijaTelescopica #repuestos<\/p>\n","protected":false},"featured_media":20663,"comment_status":"open","ping_status":"closed","template":"","meta":[],"product_cat":[198,1192,1334],"product_tag":[1333,1296],"class_list":{"0":"post-20662","1":"product","2":"type-product","3":"status-publish","4":"has-post-thumbnail","6":"product_brand-rockshox","7":"product_cat-componentes","8":"product_cat-dropper","9":"product_cat-rockshox-dropper","10":"product_tag-reverb","11":"product_tag-rockshok","13":"first","14":"instock","15":"taxable","16":"shipping-taxable","17":"purchasable","18":"product-type-simple"},"yoast_head":"<!-- This site is optimized with the Yoast SEO Premium plugin v24.8 (Yoast SEO v25.6) - https:\/\/yoast.com\/wordpress\/plugins\/seo\/ -->\n<title>Kit Rs Retenes 200h Reverb Axs V2 - NaturalBikes<\/title>\n<meta name=\"description\" content=\"Kit Rs Retenes 200h Reverb Axs V2. Mant\u00e9n tu tija telesc\u00f3pica RockShox Reverb AXS V2 funcionando a la perfecci\u00f3n. Este kit de retenes original garantiza un sellado \u00f3ptimo y un funcionamiento suave. Compatible con Reverb AXS V2. #RockShox #ReverbAXS #tijaTelescopica #repuestos\" \/>\n<meta name=\"robots\" content=\"index, follow, max-snippet:-1, max-image-preview:large, max-video-preview:-1\" \/>\n<link rel=\"canonical\" href=\"https:\/\/naturalbikes.cl\/?product=kit-rs-retenes-200h-reverb-axs-v2\" \/>\n<meta property=\"og:locale\" content=\"es_ES\" \/>\n<meta property=\"og:type\" content=\"article\" \/>\n<meta property=\"og:title\" content=\"Kit Rs Retenes 200h Reverb Axs V2\" \/>\n<meta property=\"og:description\" content=\"Ofrecer a nuestros clientes apasionados por el ciclismo de monta\u00f1a la mejor experiencia en productos, conocimientos especializados y servicios excepcionales. Nos comprometemos a proporcionar una amplia gama de bicicletas, accesorios y equipo de alta calidad, junto con asesoramiento experto y atenci\u00f3n personalizada para cada ciclista, para que puedan explorar, disfrutar y maximizar su aventura en el mundo del MTB\" \/>\n<meta property=\"og:url\" content=\"https:\/\/naturalbikes.cl\/?product=kit-rs-retenes-200h-reverb-axs-v2\" \/>\n<meta property=\"og:site_name\" content=\"NaturalBikes\" \/>\n<meta property=\"article:publisher\" content=\"https:\/\/www.facebook.com\/naturalbikescl\" \/>\n<meta property=\"article:modified_time\" content=\"2026-01-06T20:11:57+00:00\" \/>\n<meta property=\"og:image\" content=\"https:\/\/naturalbikes.cl\/wp-content\/uploads\/2024\/07\/SR06763-1662319729207.jpg\" \/>\n\t<meta property=\"og:image:width\" content=\"720\" \/>\n\t<meta property=\"og:image:height\" content=\"720\" \/>\n\t<meta property=\"og:image:type\" content=\"image\/jpeg\" \/>\n<meta name=\"twitter:card\" content=\"summary_large_image\" \/>\n<meta name=\"twitter:label1\" content=\"Tiempo de lectura\" \/>\n\t<meta name=\"twitter:data1\" content=\"1 minuto\" \/>\n<script type=\"application\/ld+json\" class=\"yoast-schema-graph\">{\"@context\":\"https:\/\/schema.org\",\"@graph\":[{\"@type\":\"WebPage\",\"@id\":\"https:\/\/naturalbikes.cl\/?product=kit-rs-retenes-200h-reverb-axs-v2\",\"url\":\"https:\/\/naturalbikes.cl\/?product=kit-rs-retenes-200h-reverb-axs-v2\",\"name\":\"Kit Rs Retenes 200h Reverb Axs V2 - NaturalBikes\",\"isPartOf\":{\"@id\":\"https:\/\/naturalbikes.cl\/#website\"},\"primaryImageOfPage\":{\"@id\":\"https:\/\/naturalbikes.cl\/?product=kit-rs-retenes-200h-reverb-axs-v2#primaryimage\"},\"image\":{\"@id\":\"https:\/\/naturalbikes.cl\/?product=kit-rs-retenes-200h-reverb-axs-v2#primaryimage\"},\"thumbnailUrl\":\"https:\/\/naturalbikes.cl\/wp-content\/uploads\/2024\/07\/SR06763-1662319729207.jpg\",\"datePublished\":\"2024-07-27T21:14:11+00:00\",\"dateModified\":\"2026-01-06T20:11:57+00:00\",\"description\":\"Kit Rs Retenes 200h Reverb Axs V2. Mant\u00e9n tu tija telesc\u00f3pica RockShox Reverb AXS V2 funcionando a la perfecci\u00f3n. Este kit de retenes original garantiza un sellado \u00f3ptimo y un funcionamiento suave. Compatible con Reverb AXS V2. #RockShox #ReverbAXS #tijaTelescopica #repuestos\",\"breadcrumb\":{\"@id\":\"https:\/\/naturalbikes.cl\/?product=kit-rs-retenes-200h-reverb-axs-v2#breadcrumb\"},\"inLanguage\":\"es\",\"potentialAction\":[{\"@type\":\"ReadAction\",\"target\":[\"https:\/\/naturalbikes.cl\/?product=kit-rs-retenes-200h-reverb-axs-v2\"]}]},{\"@type\":\"ImageObject\",\"inLanguage\":\"es\",\"@id\":\"https:\/\/naturalbikes.cl\/?product=kit-rs-retenes-200h-reverb-axs-v2#primaryimage\",\"url\":\"https:\/\/naturalbikes.cl\/wp-content\/uploads\/2024\/07\/SR06763-1662319729207.jpg\",\"contentUrl\":\"https:\/\/naturalbikes.cl\/wp-content\/uploads\/2024\/07\/SR06763-1662319729207.jpg\",\"width\":720,\"height\":720},{\"@type\":\"BreadcrumbList\",\"@id\":\"https:\/\/naturalbikes.cl\/?product=kit-rs-retenes-200h-reverb-axs-v2#breadcrumb\",\"itemListElement\":[{\"@type\":\"ListItem\",\"position\":1,\"name\":\"Portada\",\"item\":\"https:\/\/naturalbikes.cl\/\"},{\"@type\":\"ListItem\",\"position\":2,\"name\":\"Tienda NB\",\"item\":\"https:\/\/naturalbikes.cl\/?page_id=7843\"},{\"@type\":\"ListItem\",\"position\":3,\"name\":\"RockShox\",\"item\":\"https:\/\/naturalbikes.cl\/?product_brand=rockshox\"},{\"@type\":\"ListItem\",\"position\":4,\"name\":\"Kit Rs Retenes 200h Reverb Axs V2\"}]},{\"@type\":\"WebSite\",\"@id\":\"https:\/\/naturalbikes.cl\/#website\",\"url\":\"https:\/\/naturalbikes.cl\/\",\"name\":\"Natural Bikes\",\"description\":\"Tienda de bicicletas repuestos accesorios taller mantenimiento clases salidas\",\"publisher\":{\"@id\":\"https:\/\/naturalbikes.cl\/#organization\"},\"alternateName\":\"Natural Bikes\",\"potentialAction\":[{\"@type\":\"SearchAction\",\"target\":{\"@type\":\"EntryPoint\",\"urlTemplate\":\"https:\/\/naturalbikes.cl\/?s={search_term_string}\"},\"query-input\":{\"@type\":\"PropertyValueSpecification\",\"valueRequired\":true,\"valueName\":\"search_term_string\"}}],\"inLanguage\":\"es\"},{\"@type\":\"Organization\",\"@id\":\"https:\/\/naturalbikes.cl\/#organization\",\"name\":\"Natural Bikes\",\"alternateName\":\"Natural Bikes\",\"url\":\"https:\/\/naturalbikes.cl\/\",\"logo\":{\"@type\":\"ImageObject\",\"inLanguage\":\"es\",\"@id\":\"https:\/\/naturalbikes.cl\/#\/schema\/logo\/image\/\",\"url\":\"https:\/\/naturalbikes.cl\/wp-content\/uploads\/2024\/05\/2023-10-10-10.44.12.jpg\",\"contentUrl\":\"https:\/\/naturalbikes.cl\/wp-content\/uploads\/2024\/05\/2023-10-10-10.44.12.jpg\",\"width\":650,\"height\":650,\"caption\":\"Natural Bikes\"},\"image\":{\"@id\":\"https:\/\/naturalbikes.cl\/#\/schema\/logo\/image\/\"},\"sameAs\":[\"https:\/\/www.facebook.com\/naturalbikescl\",\"https:\/\/www.instagram.com\/natural.bikes\",\"https:\/\/www.tiktok.com\/@natural.bikes\"],\"description\":\"Ofrecer a nuestros clientes apasionados por el ciclismo de monta\u00f1a la mejor experiencia en productos, conocimientos especializados y servicios excepcionales. Nos comprometemos a proporcionar una amplia gama de bicicletas, accesorios y equipo de alta calidad, junto con asesoramiento experto y atenci\u00f3n personalizada para cada ciclista, para que puedan explorar, disfrutar y maximizar su aventura en el mundo del MTB\",\"email\":\"naturalbikes1@gmail.com\",\"telephone\":\"56977043878\",\"legalName\":\"Natural Bikes Limitada\",\"foundingDate\":\"2024-01-01\",\"vatID\":\"76699553-5\",\"taxID\":\"76699553-5\",\"numberOfEmployees\":{\"@type\":\"QuantitativeValue\",\"minValue\":\"1\",\"maxValue\":\"10\"},\"publishingPrinciples\":\"https:\/\/naturalbikes.cl\/?page_id=7843\",\"ownershipFundingInfo\":\"https:\/\/naturalbikes.cl\/?page_id=7843\",\"actionableFeedbackPolicy\":\"https:\/\/naturalbikes.cl\/?page_id=14797\",\"correctionsPolicy\":\"https:\/\/naturalbikes.cl\/?page_id=3\",\"ethicsPolicy\":\"https:\/\/naturalbikes.cl\/?page_id=7843\",\"diversityPolicy\":\"https:\/\/naturalbikes.cl\/?page_id=11734\",\"diversityStaffingReport\":\"https:\/\/naturalbikes.cl\/?page_id=12161\"}]}<\/script>\n<!-- \/ Yoast SEO Premium plugin. -->","yoast_head_json":{"title":"Kit Rs Retenes 200h Reverb Axs V2 - NaturalBikes","description":"Kit Rs Retenes 200h Reverb Axs V2. Mant\u00e9n tu tija telesc\u00f3pica RockShox Reverb AXS V2 funcionando a la perfecci\u00f3n. Este kit de retenes original garantiza un sellado \u00f3ptimo y un funcionamiento suave. Compatible con Reverb AXS V2. #RockShox #ReverbAXS #tijaTelescopica #repuestos","robots":{"index":"index","follow":"follow","max-snippet":"max-snippet:-1","max-image-preview":"max-image-preview:large","max-video-preview":"max-video-preview:-1"},"canonical":"https:\/\/naturalbikes.cl\/?product=kit-rs-retenes-200h-reverb-axs-v2","og_locale":"es_ES","og_type":"article","og_title":"Kit Rs Retenes 200h Reverb Axs V2","og_description":"Ofrecer a nuestros clientes apasionados por el ciclismo de monta\u00f1a la mejor experiencia en productos, conocimientos especializados y servicios excepcionales. Nos comprometemos a proporcionar una amplia gama de bicicletas, accesorios y equipo de alta calidad, junto con asesoramiento experto y atenci\u00f3n personalizada para cada ciclista, para que puedan explorar, disfrutar y maximizar su aventura en el mundo del MTB","og_url":"https:\/\/naturalbikes.cl\/?product=kit-rs-retenes-200h-reverb-axs-v2","og_site_name":"NaturalBikes","article_publisher":"https:\/\/www.facebook.com\/naturalbikescl","article_modified_time":"2026-01-06T20:11:57+00:00","og_image":[{"width":720,"height":720,"url":"https:\/\/naturalbikes.cl\/wp-content\/uploads\/2024\/07\/SR06763-1662319729207.jpg","type":"image\/jpeg"}],"twitter_card":"summary_large_image","twitter_misc":{"Tiempo de lectura":"1 minuto"},"schema":{"@context":"https:\/\/schema.org","@graph":[{"@type":"WebPage","@id":"https:\/\/naturalbikes.cl\/?product=kit-rs-retenes-200h-reverb-axs-v2","url":"https:\/\/naturalbikes.cl\/?product=kit-rs-retenes-200h-reverb-axs-v2","name":"Kit Rs Retenes 200h Reverb Axs V2 - NaturalBikes","isPartOf":{"@id":"https:\/\/naturalbikes.cl\/#website"},"primaryImageOfPage":{"@id":"https:\/\/naturalbikes.cl\/?product=kit-rs-retenes-200h-reverb-axs-v2#primaryimage"},"image":{"@id":"https:\/\/naturalbikes.cl\/?product=kit-rs-retenes-200h-reverb-axs-v2#primaryimage"},"thumbnailUrl":"https:\/\/naturalbikes.cl\/wp-content\/uploads\/2024\/07\/SR06763-1662319729207.jpg","datePublished":"2024-07-27T21:14:11+00:00","dateModified":"2026-01-06T20:11:57+00:00","description":"Kit Rs Retenes 200h Reverb Axs V2. Mant\u00e9n tu tija telesc\u00f3pica RockShox Reverb AXS V2 funcionando a la perfecci\u00f3n. Este kit de retenes original garantiza un sellado \u00f3ptimo y un funcionamiento suave. Compatible con Reverb AXS V2. #RockShox #ReverbAXS #tijaTelescopica #repuestos","breadcrumb":{"@id":"https:\/\/naturalbikes.cl\/?product=kit-rs-retenes-200h-reverb-axs-v2#breadcrumb"},"inLanguage":"es","potentialAction":[{"@type":"ReadAction","target":["https:\/\/naturalbikes.cl\/?product=kit-rs-retenes-200h-reverb-axs-v2"]}]},{"@type":"ImageObject","inLanguage":"es","@id":"https:\/\/naturalbikes.cl\/?product=kit-rs-retenes-200h-reverb-axs-v2#primaryimage","url":"https:\/\/naturalbikes.cl\/wp-content\/uploads\/2024\/07\/SR06763-1662319729207.jpg","contentUrl":"https:\/\/naturalbikes.cl\/wp-content\/uploads\/2024\/07\/SR06763-1662319729207.jpg","width":720,"height":720},{"@type":"BreadcrumbList","@id":"https:\/\/naturalbikes.cl\/?product=kit-rs-retenes-200h-reverb-axs-v2#breadcrumb","itemListElement":[{"@type":"ListItem","position":1,"name":"Portada","item":"https:\/\/naturalbikes.cl\/"},{"@type":"ListItem","position":2,"name":"Tienda NB","item":"https:\/\/naturalbikes.cl\/?page_id=7843"},{"@type":"ListItem","position":3,"name":"RockShox","item":"https:\/\/naturalbikes.cl\/?product_brand=rockshox"},{"@type":"ListItem","position":4,"name":"Kit Rs Retenes 200h Reverb Axs V2"}]},{"@type":"WebSite","@id":"https:\/\/naturalbikes.cl\/#website","url":"https:\/\/naturalbikes.cl\/","name":"Natural Bikes","description":"Tienda de bicicletas repuestos accesorios taller mantenimiento clases salidas","publisher":{"@id":"https:\/\/naturalbikes.cl\/#organization"},"alternateName":"Natural Bikes","potentialAction":[{"@type":"SearchAction","target":{"@type":"EntryPoint","urlTemplate":"https:\/\/naturalbikes.cl\/?s={search_term_string}"},"query-input":{"@type":"PropertyValueSpecification","valueRequired":true,"valueName":"search_term_string"}}],"inLanguage":"es"},{"@type":"Organization","@id":"https:\/\/naturalbikes.cl\/#organization","name":"Natural Bikes","alternateName":"Natural Bikes","url":"https:\/\/naturalbikes.cl\/","logo":{"@type":"ImageObject","inLanguage":"es","@id":"https:\/\/naturalbikes.cl\/#\/schema\/logo\/image\/","url":"https:\/\/naturalbikes.cl\/wp-content\/uploads\/2024\/05\/2023-10-10-10.44.12.jpg","contentUrl":"https:\/\/naturalbikes.cl\/wp-content\/uploads\/2024\/05\/2023-10-10-10.44.12.jpg","width":650,"height":650,"caption":"Natural Bikes"},"image":{"@id":"https:\/\/naturalbikes.cl\/#\/schema\/logo\/image\/"},"sameAs":["https:\/\/www.facebook.com\/naturalbikescl","https:\/\/www.instagram.com\/natural.bikes","https:\/\/www.tiktok.com\/@natural.bikes"],"description":"Ofrecer a nuestros clientes apasionados por el ciclismo de monta\u00f1a la mejor experiencia en productos, conocimientos especializados y servicios excepcionales. Nos comprometemos a proporcionar una amplia gama de bicicletas, accesorios y equipo de alta calidad, junto con asesoramiento experto y atenci\u00f3n personalizada para cada ciclista, para que puedan explorar, disfrutar y maximizar su aventura en el mundo del MTB","email":"naturalbikes1@gmail.com","telephone":"56977043878","legalName":"Natural Bikes Limitada","foundingDate":"2024-01-01","vatID":"76699553-5","taxID":"76699553-5","numberOfEmployees":{"@type":"QuantitativeValue","minValue":"1","maxValue":"10"},"publishingPrinciples":"https:\/\/naturalbikes.cl\/?page_id=7843","ownershipFundingInfo":"https:\/\/naturalbikes.cl\/?page_id=7843","actionableFeedbackPolicy":"https:\/\/naturalbikes.cl\/?page_id=14797","correctionsPolicy":"https:\/\/naturalbikes.cl\/?page_id=3","ethicsPolicy":"https:\/\/naturalbikes.cl\/?page_id=7843","diversityPolicy":"https:\/\/naturalbikes.cl\/?page_id=11734","diversityStaffingReport":"https:\/\/naturalbikes.cl\/?page_id=12161"}]}},"_links":{"self":[{"href":"https:\/\/naturalbikes.cl\/index.php?rest_route=\/wp\/v2\/product\/20662"}],"collection":[{"href":"https:\/\/naturalbikes.cl\/index.php?rest_route=\/wp\/v2\/product"}],"about":[{"href":"https:\/\/naturalbikes.cl\/index.php?rest_route=\/wp\/v2\/types\/product"}],"replies":[{"embeddable":true,"href":"https:\/\/naturalbikes.cl\/index.php?rest_route=%2Fwp%2Fv2%2Fcomments&post=20662"}],"wp:featuredmedia":[{"embeddable":true,"href":"https:\/\/naturalbikes.cl\/index.php?rest_route=\/wp\/v2\/media\/20663"}],"wp:attachment":[{"href":"https:\/\/naturalbikes.cl\/index.php?rest_route=%2Fwp%2Fv2%2Fmedia&parent=20662"}],"wp:term":[{"taxonomy":"product_cat","embeddable":true,"href":"https:\/\/naturalbikes.cl\/index.php?rest_route=%2Fwp%2Fv2%2Fproduct_cat&post=20662"},{"taxonomy":"product_tag","embeddable":true,"href":"https:\/\/naturalbikes.cl\/index.php?rest_route=%2Fwp%2Fv2%2Fproduct_tag&post=20662"}],"curies":[{"name":"wp","href":"https:\/\/api.w.org\/{rel}","templated":true}]}}