{"id":20661,"date":"2024-07-27T17:12:17","date_gmt":"2024-07-27T21:12:17","guid":{"rendered":"https:\/\/naturalbikes.cl\/?post_type=product&#038;p=20661"},"modified":"2026-01-06T17:11:57","modified_gmt":"2026-01-06T20:11:57","slug":"guias-de-bronce-rs-reverb-calibre-5-3u","status":"publish","type":"product","link":"https:\/\/naturalbikes.cl\/?product=guias-de-bronce-rs-reverb-calibre-5-3u","title":{"rendered":"Guias De Bronce Rs Reverb Calibre 5 3u"},"content":{"rendered":"<div><img decoding=\"async\" src=\"https:\/\/cdn.shopify.com\/s\/files\/1\/0084\/1151\/2896\/files\/c1276b798e492b679480051a97ea7e42_1_480x480.jpg?v=1606846142\" alt=\"\" width=\"179\" height=\"179\" \/><\/div>\n<div>\n<div class=\"product-detail-overview-col shift-1 hide-shift-lg col-3 col-lg-12\">\n<div class=\"product-detail-overview-list\"><\/div>\n<\/div>\n<\/div>\n<p><strong>\u00a1Domina los senderos con las Gu\u00edas de Bronce Rockshox Reverb Calibre 4 3U! Estos repuestos para tubos retr\u00e1ctiles son perfectos para aquellos ciclistas que buscan una mayor seguridad y rendimiento en sus aventuras al aire libre. Con la marca de calidad Rockshox, puedes confiar en la durabilidad y eficacia de estas gu\u00edas. \u00a1Compra ahora y haz que tu bicicleta brille como nunca antes! Disponible para despacho a domicilio o retiro en local en Chile.<\/strong><\/p>\n<p>LLAVES DE LAT\u00d3N PARA POSTE DE ASIENTO &#8211; TAMA\u00d1O 4 (CANT. 3) &#8211; REVERB \/ \u200b\u200bREVERB STEALTH A1- B1, REVERB AXS (2020+)<\/p>\n","protected":false},"excerpt":{"rendered":"<p><img decoding=\"async\" class=\"alignleft\" src=\"https:\/\/cdn.shopify.com\/s\/files\/1\/0084\/1151\/2896\/files\/c1276b798e492b679480051a97ea7e42_1_480x480.jpg?v=1606846142\" alt=\"\" width=\"179\" height=\"179\" \/><strong>Gu\u00edas de Bronce Rs Reverb Calibre 5 3u.<\/strong> Mejora el rendimiento y la durabilidad de tu tija telesc\u00f3pica RockShox Reverb. Fabricadas en bronce para una mayor resistencia a la corrosi\u00f3n y un ajuste preciso. Compatible con Reverb, Reverb Stealth y Reverb AXS. #RockShox #Reverb #tijaTelescopica #bronce<\/p>\n","protected":false},"featured_media":20664,"comment_status":"open","ping_status":"closed","template":"","meta":[],"product_cat":[198,1192,1334],"product_tag":[1332,1333,1296],"class_list":{"0":"post-20661","1":"product","2":"type-product","3":"status-publish","4":"has-post-thumbnail","6":"product_brand-rockshox","7":"product_cat-componentes","8":"product_cat-dropper","9":"product_cat-rockshox-dropper","10":"product_tag-guias-de-bronce","11":"product_tag-reverb","12":"product_tag-rockshok","14":"first","15":"instock","16":"taxable","17":"shipping-taxable","18":"purchasable","19":"product-type-simple"},"yoast_head":"<!-- This site is optimized with the Yoast SEO Premium plugin v24.8 (Yoast SEO v25.6) - https:\/\/yoast.com\/wordpress\/plugins\/seo\/ -->\n<title>Guias De Bronce Rs Reverb Calibre 5 3u - NaturalBikes<\/title>\n<meta name=\"description\" content=\"Gu\u00edas de Bronce Rs Reverb Calibre 5 3u. Mejora el rendimiento y la durabilidad de tu tija telesc\u00f3pica RockShox Reverb. Fabricadas en bronce para una mayor resistencia a la corrosi\u00f3n y un ajuste preciso. Compatible con Reverb, Reverb Stealth y Reverb AXS. #RockShox #Reverb #tijaTelescopica #bronce\" \/>\n<meta name=\"robots\" content=\"index, follow, max-snippet:-1, max-image-preview:large, max-video-preview:-1\" \/>\n<link rel=\"canonical\" href=\"https:\/\/naturalbikes.cl\/?product=guias-de-bronce-rs-reverb-calibre-5-3u\" \/>\n<meta property=\"og:locale\" content=\"es_ES\" \/>\n<meta property=\"og:type\" content=\"article\" \/>\n<meta property=\"og:title\" content=\"Guias De Bronce Rs Reverb Calibre 5 3u\" \/>\n<meta property=\"og:description\" content=\"Ofrecer a nuestros clientes apasionados por el ciclismo de monta\u00f1a la mejor experiencia en productos, conocimientos especializados y servicios excepcionales. Nos comprometemos a proporcionar una amplia gama de bicicletas, accesorios y equipo de alta calidad, junto con asesoramiento experto y atenci\u00f3n personalizada para cada ciclista, para que puedan explorar, disfrutar y maximizar su aventura en el mundo del MTB\" \/>\n<meta property=\"og:url\" content=\"https:\/\/naturalbikes.cl\/?product=guias-de-bronce-rs-reverb-calibre-5-3u\" \/>\n<meta property=\"og:site_name\" content=\"NaturalBikes\" \/>\n<meta property=\"article:publisher\" content=\"https:\/\/www.facebook.com\/naturalbikescl\" \/>\n<meta property=\"article:modified_time\" content=\"2026-01-06T20:11:57+00:00\" \/>\n<meta property=\"og:image\" content=\"https:\/\/naturalbikes.cl\/wp-content\/uploads\/2024\/07\/SR04024-0a10x31664424484121.jpg\" \/>\n\t<meta property=\"og:image:width\" content=\"650\" \/>\n\t<meta property=\"og:image:height\" content=\"650\" \/>\n\t<meta property=\"og:image:type\" content=\"image\/jpeg\" \/>\n<meta name=\"twitter:card\" content=\"summary_large_image\" \/>\n<meta name=\"twitter:label1\" content=\"Tiempo de lectura\" \/>\n\t<meta name=\"twitter:data1\" content=\"1 minuto\" \/>\n<script type=\"application\/ld+json\" class=\"yoast-schema-graph\">{\"@context\":\"https:\/\/schema.org\",\"@graph\":[{\"@type\":\"WebPage\",\"@id\":\"https:\/\/naturalbikes.cl\/?product=guias-de-bronce-rs-reverb-calibre-5-3u\",\"url\":\"https:\/\/naturalbikes.cl\/?product=guias-de-bronce-rs-reverb-calibre-5-3u\",\"name\":\"Guias De Bronce Rs Reverb Calibre 5 3u - NaturalBikes\",\"isPartOf\":{\"@id\":\"https:\/\/naturalbikes.cl\/#website\"},\"primaryImageOfPage\":{\"@id\":\"https:\/\/naturalbikes.cl\/?product=guias-de-bronce-rs-reverb-calibre-5-3u#primaryimage\"},\"image\":{\"@id\":\"https:\/\/naturalbikes.cl\/?product=guias-de-bronce-rs-reverb-calibre-5-3u#primaryimage\"},\"thumbnailUrl\":\"https:\/\/naturalbikes.cl\/wp-content\/uploads\/2024\/07\/SR04024-0a10x31664424484121.jpg\",\"datePublished\":\"2024-07-27T21:12:17+00:00\",\"dateModified\":\"2026-01-06T20:11:57+00:00\",\"description\":\"Gu\u00edas de Bronce Rs Reverb Calibre 5 3u. Mejora el rendimiento y la durabilidad de tu tija telesc\u00f3pica RockShox Reverb. Fabricadas en bronce para una mayor resistencia a la corrosi\u00f3n y un ajuste preciso. Compatible con Reverb, Reverb Stealth y Reverb AXS. #RockShox #Reverb #tijaTelescopica #bronce\",\"breadcrumb\":{\"@id\":\"https:\/\/naturalbikes.cl\/?product=guias-de-bronce-rs-reverb-calibre-5-3u#breadcrumb\"},\"inLanguage\":\"es\",\"potentialAction\":[{\"@type\":\"ReadAction\",\"target\":[\"https:\/\/naturalbikes.cl\/?product=guias-de-bronce-rs-reverb-calibre-5-3u\"]}]},{\"@type\":\"ImageObject\",\"inLanguage\":\"es\",\"@id\":\"https:\/\/naturalbikes.cl\/?product=guias-de-bronce-rs-reverb-calibre-5-3u#primaryimage\",\"url\":\"https:\/\/naturalbikes.cl\/wp-content\/uploads\/2024\/07\/SR04024-0a10x31664424484121.jpg\",\"contentUrl\":\"https:\/\/naturalbikes.cl\/wp-content\/uploads\/2024\/07\/SR04024-0a10x31664424484121.jpg\",\"width\":650,\"height\":650},{\"@type\":\"BreadcrumbList\",\"@id\":\"https:\/\/naturalbikes.cl\/?product=guias-de-bronce-rs-reverb-calibre-5-3u#breadcrumb\",\"itemListElement\":[{\"@type\":\"ListItem\",\"position\":1,\"name\":\"Portada\",\"item\":\"https:\/\/naturalbikes.cl\/\"},{\"@type\":\"ListItem\",\"position\":2,\"name\":\"Tienda NB\",\"item\":\"https:\/\/naturalbikes.cl\/?page_id=7843\"},{\"@type\":\"ListItem\",\"position\":3,\"name\":\"RockShox\",\"item\":\"https:\/\/naturalbikes.cl\/?product_brand=rockshox\"},{\"@type\":\"ListItem\",\"position\":4,\"name\":\"Guias De Bronce Rs Reverb Calibre 5 3u\"}]},{\"@type\":\"WebSite\",\"@id\":\"https:\/\/naturalbikes.cl\/#website\",\"url\":\"https:\/\/naturalbikes.cl\/\",\"name\":\"Natural Bikes\",\"description\":\"Tienda de bicicletas repuestos accesorios taller mantenimiento clases salidas\",\"publisher\":{\"@id\":\"https:\/\/naturalbikes.cl\/#organization\"},\"alternateName\":\"Natural Bikes\",\"potentialAction\":[{\"@type\":\"SearchAction\",\"target\":{\"@type\":\"EntryPoint\",\"urlTemplate\":\"https:\/\/naturalbikes.cl\/?s={search_term_string}\"},\"query-input\":{\"@type\":\"PropertyValueSpecification\",\"valueRequired\":true,\"valueName\":\"search_term_string\"}}],\"inLanguage\":\"es\"},{\"@type\":\"Organization\",\"@id\":\"https:\/\/naturalbikes.cl\/#organization\",\"name\":\"Natural Bikes\",\"alternateName\":\"Natural Bikes\",\"url\":\"https:\/\/naturalbikes.cl\/\",\"logo\":{\"@type\":\"ImageObject\",\"inLanguage\":\"es\",\"@id\":\"https:\/\/naturalbikes.cl\/#\/schema\/logo\/image\/\",\"url\":\"https:\/\/naturalbikes.cl\/wp-content\/uploads\/2024\/05\/2023-10-10-10.44.12.jpg\",\"contentUrl\":\"https:\/\/naturalbikes.cl\/wp-content\/uploads\/2024\/05\/2023-10-10-10.44.12.jpg\",\"width\":650,\"height\":650,\"caption\":\"Natural Bikes\"},\"image\":{\"@id\":\"https:\/\/naturalbikes.cl\/#\/schema\/logo\/image\/\"},\"sameAs\":[\"https:\/\/www.facebook.com\/naturalbikescl\",\"https:\/\/www.instagram.com\/natural.bikes\",\"https:\/\/www.tiktok.com\/@natural.bikes\"],\"description\":\"Ofrecer a nuestros clientes apasionados por el ciclismo de monta\u00f1a la mejor experiencia en productos, conocimientos especializados y servicios excepcionales. Nos comprometemos a proporcionar una amplia gama de bicicletas, accesorios y equipo de alta calidad, junto con asesoramiento experto y atenci\u00f3n personalizada para cada ciclista, para que puedan explorar, disfrutar y maximizar su aventura en el mundo del MTB\",\"email\":\"naturalbikes1@gmail.com\",\"telephone\":\"56977043878\",\"legalName\":\"Natural Bikes Limitada\",\"foundingDate\":\"2024-01-01\",\"vatID\":\"76699553-5\",\"taxID\":\"76699553-5\",\"numberOfEmployees\":{\"@type\":\"QuantitativeValue\",\"minValue\":\"1\",\"maxValue\":\"10\"},\"publishingPrinciples\":\"https:\/\/naturalbikes.cl\/?page_id=7843\",\"ownershipFundingInfo\":\"https:\/\/naturalbikes.cl\/?page_id=7843\",\"actionableFeedbackPolicy\":\"https:\/\/naturalbikes.cl\/?page_id=14797\",\"correctionsPolicy\":\"https:\/\/naturalbikes.cl\/?page_id=3\",\"ethicsPolicy\":\"https:\/\/naturalbikes.cl\/?page_id=7843\",\"diversityPolicy\":\"https:\/\/naturalbikes.cl\/?page_id=11734\",\"diversityStaffingReport\":\"https:\/\/naturalbikes.cl\/?page_id=12161\"}]}<\/script>\n<!-- \/ Yoast SEO Premium plugin. -->","yoast_head_json":{"title":"Guias De Bronce Rs Reverb Calibre 5 3u - NaturalBikes","description":"Gu\u00edas de Bronce Rs Reverb Calibre 5 3u. Mejora el rendimiento y la durabilidad de tu tija telesc\u00f3pica RockShox Reverb. Fabricadas en bronce para una mayor resistencia a la corrosi\u00f3n y un ajuste preciso. Compatible con Reverb, Reverb Stealth y Reverb AXS. #RockShox #Reverb #tijaTelescopica #bronce","robots":{"index":"index","follow":"follow","max-snippet":"max-snippet:-1","max-image-preview":"max-image-preview:large","max-video-preview":"max-video-preview:-1"},"canonical":"https:\/\/naturalbikes.cl\/?product=guias-de-bronce-rs-reverb-calibre-5-3u","og_locale":"es_ES","og_type":"article","og_title":"Guias De Bronce Rs Reverb Calibre 5 3u","og_description":"Ofrecer a nuestros clientes apasionados por el ciclismo de monta\u00f1a la mejor experiencia en productos, conocimientos especializados y servicios excepcionales. Nos comprometemos a proporcionar una amplia gama de bicicletas, accesorios y equipo de alta calidad, junto con asesoramiento experto y atenci\u00f3n personalizada para cada ciclista, para que puedan explorar, disfrutar y maximizar su aventura en el mundo del MTB","og_url":"https:\/\/naturalbikes.cl\/?product=guias-de-bronce-rs-reverb-calibre-5-3u","og_site_name":"NaturalBikes","article_publisher":"https:\/\/www.facebook.com\/naturalbikescl","article_modified_time":"2026-01-06T20:11:57+00:00","og_image":[{"width":650,"height":650,"url":"https:\/\/naturalbikes.cl\/wp-content\/uploads\/2024\/07\/SR04024-0a10x31664424484121.jpg","type":"image\/jpeg"}],"twitter_card":"summary_large_image","twitter_misc":{"Tiempo de lectura":"1 minuto"},"schema":{"@context":"https:\/\/schema.org","@graph":[{"@type":"WebPage","@id":"https:\/\/naturalbikes.cl\/?product=guias-de-bronce-rs-reverb-calibre-5-3u","url":"https:\/\/naturalbikes.cl\/?product=guias-de-bronce-rs-reverb-calibre-5-3u","name":"Guias De Bronce Rs Reverb Calibre 5 3u - NaturalBikes","isPartOf":{"@id":"https:\/\/naturalbikes.cl\/#website"},"primaryImageOfPage":{"@id":"https:\/\/naturalbikes.cl\/?product=guias-de-bronce-rs-reverb-calibre-5-3u#primaryimage"},"image":{"@id":"https:\/\/naturalbikes.cl\/?product=guias-de-bronce-rs-reverb-calibre-5-3u#primaryimage"},"thumbnailUrl":"https:\/\/naturalbikes.cl\/wp-content\/uploads\/2024\/07\/SR04024-0a10x31664424484121.jpg","datePublished":"2024-07-27T21:12:17+00:00","dateModified":"2026-01-06T20:11:57+00:00","description":"Gu\u00edas de Bronce Rs Reverb Calibre 5 3u. Mejora el rendimiento y la durabilidad de tu tija telesc\u00f3pica RockShox Reverb. Fabricadas en bronce para una mayor resistencia a la corrosi\u00f3n y un ajuste preciso. Compatible con Reverb, Reverb Stealth y Reverb AXS. #RockShox #Reverb #tijaTelescopica #bronce","breadcrumb":{"@id":"https:\/\/naturalbikes.cl\/?product=guias-de-bronce-rs-reverb-calibre-5-3u#breadcrumb"},"inLanguage":"es","potentialAction":[{"@type":"ReadAction","target":["https:\/\/naturalbikes.cl\/?product=guias-de-bronce-rs-reverb-calibre-5-3u"]}]},{"@type":"ImageObject","inLanguage":"es","@id":"https:\/\/naturalbikes.cl\/?product=guias-de-bronce-rs-reverb-calibre-5-3u#primaryimage","url":"https:\/\/naturalbikes.cl\/wp-content\/uploads\/2024\/07\/SR04024-0a10x31664424484121.jpg","contentUrl":"https:\/\/naturalbikes.cl\/wp-content\/uploads\/2024\/07\/SR04024-0a10x31664424484121.jpg","width":650,"height":650},{"@type":"BreadcrumbList","@id":"https:\/\/naturalbikes.cl\/?product=guias-de-bronce-rs-reverb-calibre-5-3u#breadcrumb","itemListElement":[{"@type":"ListItem","position":1,"name":"Portada","item":"https:\/\/naturalbikes.cl\/"},{"@type":"ListItem","position":2,"name":"Tienda NB","item":"https:\/\/naturalbikes.cl\/?page_id=7843"},{"@type":"ListItem","position":3,"name":"RockShox","item":"https:\/\/naturalbikes.cl\/?product_brand=rockshox"},{"@type":"ListItem","position":4,"name":"Guias De Bronce Rs Reverb Calibre 5 3u"}]},{"@type":"WebSite","@id":"https:\/\/naturalbikes.cl\/#website","url":"https:\/\/naturalbikes.cl\/","name":"Natural Bikes","description":"Tienda de bicicletas repuestos accesorios taller mantenimiento clases salidas","publisher":{"@id":"https:\/\/naturalbikes.cl\/#organization"},"alternateName":"Natural Bikes","potentialAction":[{"@type":"SearchAction","target":{"@type":"EntryPoint","urlTemplate":"https:\/\/naturalbikes.cl\/?s={search_term_string}"},"query-input":{"@type":"PropertyValueSpecification","valueRequired":true,"valueName":"search_term_string"}}],"inLanguage":"es"},{"@type":"Organization","@id":"https:\/\/naturalbikes.cl\/#organization","name":"Natural Bikes","alternateName":"Natural Bikes","url":"https:\/\/naturalbikes.cl\/","logo":{"@type":"ImageObject","inLanguage":"es","@id":"https:\/\/naturalbikes.cl\/#\/schema\/logo\/image\/","url":"https:\/\/naturalbikes.cl\/wp-content\/uploads\/2024\/05\/2023-10-10-10.44.12.jpg","contentUrl":"https:\/\/naturalbikes.cl\/wp-content\/uploads\/2024\/05\/2023-10-10-10.44.12.jpg","width":650,"height":650,"caption":"Natural Bikes"},"image":{"@id":"https:\/\/naturalbikes.cl\/#\/schema\/logo\/image\/"},"sameAs":["https:\/\/www.facebook.com\/naturalbikescl","https:\/\/www.instagram.com\/natural.bikes","https:\/\/www.tiktok.com\/@natural.bikes"],"description":"Ofrecer a nuestros clientes apasionados por el ciclismo de monta\u00f1a la mejor experiencia en productos, conocimientos especializados y servicios excepcionales. Nos comprometemos a proporcionar una amplia gama de bicicletas, accesorios y equipo de alta calidad, junto con asesoramiento experto y atenci\u00f3n personalizada para cada ciclista, para que puedan explorar, disfrutar y maximizar su aventura en el mundo del MTB","email":"naturalbikes1@gmail.com","telephone":"56977043878","legalName":"Natural Bikes Limitada","foundingDate":"2024-01-01","vatID":"76699553-5","taxID":"76699553-5","numberOfEmployees":{"@type":"QuantitativeValue","minValue":"1","maxValue":"10"},"publishingPrinciples":"https:\/\/naturalbikes.cl\/?page_id=7843","ownershipFundingInfo":"https:\/\/naturalbikes.cl\/?page_id=7843","actionableFeedbackPolicy":"https:\/\/naturalbikes.cl\/?page_id=14797","correctionsPolicy":"https:\/\/naturalbikes.cl\/?page_id=3","ethicsPolicy":"https:\/\/naturalbikes.cl\/?page_id=7843","diversityPolicy":"https:\/\/naturalbikes.cl\/?page_id=11734","diversityStaffingReport":"https:\/\/naturalbikes.cl\/?page_id=12161"}]}},"_links":{"self":[{"href":"https:\/\/naturalbikes.cl\/index.php?rest_route=\/wp\/v2\/product\/20661"}],"collection":[{"href":"https:\/\/naturalbikes.cl\/index.php?rest_route=\/wp\/v2\/product"}],"about":[{"href":"https:\/\/naturalbikes.cl\/index.php?rest_route=\/wp\/v2\/types\/product"}],"replies":[{"embeddable":true,"href":"https:\/\/naturalbikes.cl\/index.php?rest_route=%2Fwp%2Fv2%2Fcomments&post=20661"}],"wp:featuredmedia":[{"embeddable":true,"href":"https:\/\/naturalbikes.cl\/index.php?rest_route=\/wp\/v2\/media\/20664"}],"wp:attachment":[{"href":"https:\/\/naturalbikes.cl\/index.php?rest_route=%2Fwp%2Fv2%2Fmedia&parent=20661"}],"wp:term":[{"taxonomy":"product_cat","embeddable":true,"href":"https:\/\/naturalbikes.cl\/index.php?rest_route=%2Fwp%2Fv2%2Fproduct_cat&post=20661"},{"taxonomy":"product_tag","embeddable":true,"href":"https:\/\/naturalbikes.cl\/index.php?rest_route=%2Fwp%2Fv2%2Fproduct_tag&post=20661"}],"curies":[{"name":"wp","href":"https:\/\/api.w.org\/{rel}","templated":true}]}}