{"id":20639,"date":"2024-07-27T14:07:36","date_gmt":"2024-07-27T18:07:36","guid":{"rendered":"https:\/\/naturalbikes.cl\/?post_type=product&#038;p=20639"},"modified":"2026-01-06T17:11:57","modified_gmt":"2026-01-06T20:11:57","slug":"pastillas-xtop-resina-organica-magura-mts-mt2-mt4-mt6-mt8","status":"publish","type":"product","link":"https:\/\/naturalbikes.cl\/?product=pastillas-xtop-resina-organica-magura-mts-mt2-mt4-mt6-mt8","title":{"rendered":"Pastillas Xtop Resina Org\u00e1nica Magura Mts\/Mt2\/Mt4\/Mt6\/Mt8"},"content":{"rendered":"<p>Las pastillas de freno XTOP Resina Org\u00e1nica, Dise\u00f1o con arco que facilita la instalaci\u00f3n del rotor, est\u00e1n equipadas con indicadores de desgaste que se\u00f1alan la necesidad de sustituir las pastillas. Magura MTS\/MT2\/MT4\/MT6\/MT8<\/p>\n","protected":false},"excerpt":{"rendered":"<p><strong><a href=\"https:\/\/naturalbikes.cl\/wp-content\/uploads\/2024\/07\/2024-07-27-16.16.24.jpg\"><img decoding=\"async\" class=\"size-medium wp-image-20651 alignleft\" src=\"https:\/\/naturalbikes.cl\/wp-content\/uploads\/2024\/07\/2024-07-27-16.16.24-300x125.jpg\" alt=\"\" width=\"300\" height=\"125\" srcset=\"https:\/\/naturalbikes.cl\/wp-content\/uploads\/2024\/07\/2024-07-27-16.16.24-300x125.jpg 300w, https:\/\/naturalbikes.cl\/wp-content\/uploads\/2024\/07\/2024-07-27-16.16.24-768x319.jpg 768w, https:\/\/naturalbikes.cl\/wp-content\/uploads\/2024\/07\/2024-07-27-16.16.24-800x332.jpg 800w, https:\/\/naturalbikes.cl\/wp-content\/uploads\/2024\/07\/2024-07-27-16.16.24.jpg 924w\" sizes=\"(max-width: 300px) 100vw, 300px\" \/><\/a>Las pastillas Xtop de resina org\u00e1nica para Magura MTS, MT2, MT4, MT6, y MT8 proporcionan una frenada suave y eficiente. Mejora el rendimiento y la seguridad de tu bicicleta en cualquier condici\u00f3n.<\/strong><\/p>\n","protected":false},"featured_media":20640,"comment_status":"open","ping_status":"closed","template":"","meta":[],"product_cat":[198,243,1325],"product_tag":[1324,1323,1327],"class_list":{"0":"post-20639","1":"product","2":"type-product","3":"status-publish","4":"has-post-thumbnail","6":"product_brand-xtop","7":"product_cat-componentes","8":"product_cat-frenos-discos-pastillas-adaptadores","9":"product_cat-xtop","10":"product_tag-brake-pads","11":"product_tag-pastillas-de-freno","12":"product_tag-xtop","14":"first","15":"instock","16":"taxable","17":"shipping-taxable","18":"purchasable","19":"product-type-simple"},"yoast_head":"<!-- This site is optimized with the Yoast SEO Premium plugin v24.8 (Yoast SEO v25.6) - https:\/\/yoast.com\/wordpress\/plugins\/seo\/ -->\n<title>Pastillas Xtop Resina Org\u00e1nica Magura Mts\/Mt2\/Mt4\/Mt6\/Mt8 - NaturalBikes<\/title>\n<meta name=\"description\" content=\"Las pastillas Xtop de resina org\u00e1nica para Magura MTS, MT2, MT4, MT6, y MT8 proporcionan una frenada suave y eficiente. Mejora el rendimiento y la seguridad de tu bicicleta en cualquier condici\u00f3n.\" \/>\n<meta name=\"robots\" content=\"index, follow, max-snippet:-1, max-image-preview:large, max-video-preview:-1\" \/>\n<link rel=\"canonical\" href=\"https:\/\/naturalbikes.cl\/?product=pastillas-xtop-resina-organica-magura-mts-mt2-mt4-mt6-mt8\" \/>\n<meta property=\"og:locale\" content=\"es_ES\" \/>\n<meta property=\"og:type\" content=\"article\" \/>\n<meta property=\"og:title\" content=\"Pastillas Xtop Resina Org\u00e1nica Magura Mts\/Mt2\/Mt4\/Mt6\/Mt8\" \/>\n<meta property=\"og:description\" content=\"Ofrecer a nuestros clientes apasionados por el ciclismo de monta\u00f1a la mejor experiencia en productos, conocimientos especializados y servicios excepcionales. Nos comprometemos a proporcionar una amplia gama de bicicletas, accesorios y equipo de alta calidad, junto con asesoramiento experto y atenci\u00f3n personalizada para cada ciclista, para que puedan explorar, disfrutar y maximizar su aventura en el mundo del MTB\" \/>\n<meta property=\"og:url\" content=\"https:\/\/naturalbikes.cl\/?product=pastillas-xtop-resina-organica-magura-mts-mt2-mt4-mt6-mt8\" \/>\n<meta property=\"og:site_name\" content=\"NaturalBikes\" \/>\n<meta property=\"article:publisher\" content=\"https:\/\/www.facebook.com\/naturalbikescl\" \/>\n<meta property=\"article:modified_time\" content=\"2026-01-06T20:11:57+00:00\" \/>\n<meta property=\"og:image\" content=\"https:\/\/naturalbikes.cl\/wp-content\/uploads\/2024\/07\/P1066-1687748710570.jpg\" \/>\n\t<meta property=\"og:image:width\" content=\"1000\" \/>\n\t<meta property=\"og:image:height\" content=\"1000\" \/>\n\t<meta property=\"og:image:type\" content=\"image\/jpeg\" \/>\n<meta name=\"twitter:card\" content=\"summary_large_image\" \/>\n<meta name=\"twitter:label1\" content=\"Tiempo de lectura\" \/>\n\t<meta name=\"twitter:data1\" content=\"1 minuto\" \/>\n<script type=\"application\/ld+json\" class=\"yoast-schema-graph\">{\"@context\":\"https:\/\/schema.org\",\"@graph\":[{\"@type\":\"WebPage\",\"@id\":\"https:\/\/naturalbikes.cl\/?product=pastillas-xtop-resina-organica-magura-mts-mt2-mt4-mt6-mt8\",\"url\":\"https:\/\/naturalbikes.cl\/?product=pastillas-xtop-resina-organica-magura-mts-mt2-mt4-mt6-mt8\",\"name\":\"Pastillas Xtop Resina Org\u00e1nica Magura Mts\/Mt2\/Mt4\/Mt6\/Mt8 - NaturalBikes\",\"isPartOf\":{\"@id\":\"https:\/\/naturalbikes.cl\/#website\"},\"primaryImageOfPage\":{\"@id\":\"https:\/\/naturalbikes.cl\/?product=pastillas-xtop-resina-organica-magura-mts-mt2-mt4-mt6-mt8#primaryimage\"},\"image\":{\"@id\":\"https:\/\/naturalbikes.cl\/?product=pastillas-xtop-resina-organica-magura-mts-mt2-mt4-mt6-mt8#primaryimage\"},\"thumbnailUrl\":\"https:\/\/naturalbikes.cl\/wp-content\/uploads\/2024\/07\/P1066-1687748710570.jpg\",\"datePublished\":\"2024-07-27T18:07:36+00:00\",\"dateModified\":\"2026-01-06T20:11:57+00:00\",\"description\":\"Las pastillas Xtop de resina org\u00e1nica para Magura MTS, MT2, MT4, MT6, y MT8 proporcionan una frenada suave y eficiente. Mejora el rendimiento y la seguridad de tu bicicleta en cualquier condici\u00f3n.\",\"breadcrumb\":{\"@id\":\"https:\/\/naturalbikes.cl\/?product=pastillas-xtop-resina-organica-magura-mts-mt2-mt4-mt6-mt8#breadcrumb\"},\"inLanguage\":\"es\",\"potentialAction\":[{\"@type\":\"ReadAction\",\"target\":[\"https:\/\/naturalbikes.cl\/?product=pastillas-xtop-resina-organica-magura-mts-mt2-mt4-mt6-mt8\"]}]},{\"@type\":\"ImageObject\",\"inLanguage\":\"es\",\"@id\":\"https:\/\/naturalbikes.cl\/?product=pastillas-xtop-resina-organica-magura-mts-mt2-mt4-mt6-mt8#primaryimage\",\"url\":\"https:\/\/naturalbikes.cl\/wp-content\/uploads\/2024\/07\/P1066-1687748710570.jpg\",\"contentUrl\":\"https:\/\/naturalbikes.cl\/wp-content\/uploads\/2024\/07\/P1066-1687748710570.jpg\",\"width\":1000,\"height\":1000},{\"@type\":\"BreadcrumbList\",\"@id\":\"https:\/\/naturalbikes.cl\/?product=pastillas-xtop-resina-organica-magura-mts-mt2-mt4-mt6-mt8#breadcrumb\",\"itemListElement\":[{\"@type\":\"ListItem\",\"position\":1,\"name\":\"Portada\",\"item\":\"https:\/\/naturalbikes.cl\/\"},{\"@type\":\"ListItem\",\"position\":2,\"name\":\"Tienda NB\",\"item\":\"https:\/\/naturalbikes.cl\/?page_id=7843\"},{\"@type\":\"ListItem\",\"position\":3,\"name\":\"Xtop\",\"item\":\"https:\/\/naturalbikes.cl\/?product_brand=xtop\"},{\"@type\":\"ListItem\",\"position\":4,\"name\":\"Pastillas Xtop Resina Org\u00e1nica Magura Mts\/Mt2\/Mt4\/Mt6\/Mt8\"}]},{\"@type\":\"WebSite\",\"@id\":\"https:\/\/naturalbikes.cl\/#website\",\"url\":\"https:\/\/naturalbikes.cl\/\",\"name\":\"Natural Bikes\",\"description\":\"Tienda de bicicletas repuestos accesorios taller mantenimiento clases salidas\",\"publisher\":{\"@id\":\"https:\/\/naturalbikes.cl\/#organization\"},\"alternateName\":\"Natural Bikes\",\"potentialAction\":[{\"@type\":\"SearchAction\",\"target\":{\"@type\":\"EntryPoint\",\"urlTemplate\":\"https:\/\/naturalbikes.cl\/?s={search_term_string}\"},\"query-input\":{\"@type\":\"PropertyValueSpecification\",\"valueRequired\":true,\"valueName\":\"search_term_string\"}}],\"inLanguage\":\"es\"},{\"@type\":\"Organization\",\"@id\":\"https:\/\/naturalbikes.cl\/#organization\",\"name\":\"Natural Bikes\",\"alternateName\":\"Natural Bikes\",\"url\":\"https:\/\/naturalbikes.cl\/\",\"logo\":{\"@type\":\"ImageObject\",\"inLanguage\":\"es\",\"@id\":\"https:\/\/naturalbikes.cl\/#\/schema\/logo\/image\/\",\"url\":\"https:\/\/naturalbikes.cl\/wp-content\/uploads\/2024\/05\/2023-10-10-10.44.12.jpg\",\"contentUrl\":\"https:\/\/naturalbikes.cl\/wp-content\/uploads\/2024\/05\/2023-10-10-10.44.12.jpg\",\"width\":650,\"height\":650,\"caption\":\"Natural Bikes\"},\"image\":{\"@id\":\"https:\/\/naturalbikes.cl\/#\/schema\/logo\/image\/\"},\"sameAs\":[\"https:\/\/www.facebook.com\/naturalbikescl\",\"https:\/\/www.instagram.com\/natural.bikes\",\"https:\/\/www.tiktok.com\/@natural.bikes\"],\"description\":\"Ofrecer a nuestros clientes apasionados por el ciclismo de monta\u00f1a la mejor experiencia en productos, conocimientos especializados y servicios excepcionales. Nos comprometemos a proporcionar una amplia gama de bicicletas, accesorios y equipo de alta calidad, junto con asesoramiento experto y atenci\u00f3n personalizada para cada ciclista, para que puedan explorar, disfrutar y maximizar su aventura en el mundo del MTB\",\"email\":\"naturalbikes1@gmail.com\",\"telephone\":\"56977043878\",\"legalName\":\"Natural Bikes Limitada\",\"foundingDate\":\"2024-01-01\",\"vatID\":\"76699553-5\",\"taxID\":\"76699553-5\",\"numberOfEmployees\":{\"@type\":\"QuantitativeValue\",\"minValue\":\"1\",\"maxValue\":\"10\"},\"publishingPrinciples\":\"https:\/\/naturalbikes.cl\/?page_id=7843\",\"ownershipFundingInfo\":\"https:\/\/naturalbikes.cl\/?page_id=7843\",\"actionableFeedbackPolicy\":\"https:\/\/naturalbikes.cl\/?page_id=14797\",\"correctionsPolicy\":\"https:\/\/naturalbikes.cl\/?page_id=3\",\"ethicsPolicy\":\"https:\/\/naturalbikes.cl\/?page_id=7843\",\"diversityPolicy\":\"https:\/\/naturalbikes.cl\/?page_id=11734\",\"diversityStaffingReport\":\"https:\/\/naturalbikes.cl\/?page_id=12161\"}]}<\/script>\n<!-- \/ Yoast SEO Premium plugin. -->","yoast_head_json":{"title":"Pastillas Xtop Resina Org\u00e1nica Magura Mts\/Mt2\/Mt4\/Mt6\/Mt8 - NaturalBikes","description":"Las pastillas Xtop de resina org\u00e1nica para Magura MTS, MT2, MT4, MT6, y MT8 proporcionan una frenada suave y eficiente. Mejora el rendimiento y la seguridad de tu bicicleta en cualquier condici\u00f3n.","robots":{"index":"index","follow":"follow","max-snippet":"max-snippet:-1","max-image-preview":"max-image-preview:large","max-video-preview":"max-video-preview:-1"},"canonical":"https:\/\/naturalbikes.cl\/?product=pastillas-xtop-resina-organica-magura-mts-mt2-mt4-mt6-mt8","og_locale":"es_ES","og_type":"article","og_title":"Pastillas Xtop Resina Org\u00e1nica Magura Mts\/Mt2\/Mt4\/Mt6\/Mt8","og_description":"Ofrecer a nuestros clientes apasionados por el ciclismo de monta\u00f1a la mejor experiencia en productos, conocimientos especializados y servicios excepcionales. Nos comprometemos a proporcionar una amplia gama de bicicletas, accesorios y equipo de alta calidad, junto con asesoramiento experto y atenci\u00f3n personalizada para cada ciclista, para que puedan explorar, disfrutar y maximizar su aventura en el mundo del MTB","og_url":"https:\/\/naturalbikes.cl\/?product=pastillas-xtop-resina-organica-magura-mts-mt2-mt4-mt6-mt8","og_site_name":"NaturalBikes","article_publisher":"https:\/\/www.facebook.com\/naturalbikescl","article_modified_time":"2026-01-06T20:11:57+00:00","og_image":[{"width":1000,"height":1000,"url":"https:\/\/naturalbikes.cl\/wp-content\/uploads\/2024\/07\/P1066-1687748710570.jpg","type":"image\/jpeg"}],"twitter_card":"summary_large_image","twitter_misc":{"Tiempo de lectura":"1 minuto"},"schema":{"@context":"https:\/\/schema.org","@graph":[{"@type":"WebPage","@id":"https:\/\/naturalbikes.cl\/?product=pastillas-xtop-resina-organica-magura-mts-mt2-mt4-mt6-mt8","url":"https:\/\/naturalbikes.cl\/?product=pastillas-xtop-resina-organica-magura-mts-mt2-mt4-mt6-mt8","name":"Pastillas Xtop Resina Org\u00e1nica Magura Mts\/Mt2\/Mt4\/Mt6\/Mt8 - NaturalBikes","isPartOf":{"@id":"https:\/\/naturalbikes.cl\/#website"},"primaryImageOfPage":{"@id":"https:\/\/naturalbikes.cl\/?product=pastillas-xtop-resina-organica-magura-mts-mt2-mt4-mt6-mt8#primaryimage"},"image":{"@id":"https:\/\/naturalbikes.cl\/?product=pastillas-xtop-resina-organica-magura-mts-mt2-mt4-mt6-mt8#primaryimage"},"thumbnailUrl":"https:\/\/naturalbikes.cl\/wp-content\/uploads\/2024\/07\/P1066-1687748710570.jpg","datePublished":"2024-07-27T18:07:36+00:00","dateModified":"2026-01-06T20:11:57+00:00","description":"Las pastillas Xtop de resina org\u00e1nica para Magura MTS, MT2, MT4, MT6, y MT8 proporcionan una frenada suave y eficiente. Mejora el rendimiento y la seguridad de tu bicicleta en cualquier condici\u00f3n.","breadcrumb":{"@id":"https:\/\/naturalbikes.cl\/?product=pastillas-xtop-resina-organica-magura-mts-mt2-mt4-mt6-mt8#breadcrumb"},"inLanguage":"es","potentialAction":[{"@type":"ReadAction","target":["https:\/\/naturalbikes.cl\/?product=pastillas-xtop-resina-organica-magura-mts-mt2-mt4-mt6-mt8"]}]},{"@type":"ImageObject","inLanguage":"es","@id":"https:\/\/naturalbikes.cl\/?product=pastillas-xtop-resina-organica-magura-mts-mt2-mt4-mt6-mt8#primaryimage","url":"https:\/\/naturalbikes.cl\/wp-content\/uploads\/2024\/07\/P1066-1687748710570.jpg","contentUrl":"https:\/\/naturalbikes.cl\/wp-content\/uploads\/2024\/07\/P1066-1687748710570.jpg","width":1000,"height":1000},{"@type":"BreadcrumbList","@id":"https:\/\/naturalbikes.cl\/?product=pastillas-xtop-resina-organica-magura-mts-mt2-mt4-mt6-mt8#breadcrumb","itemListElement":[{"@type":"ListItem","position":1,"name":"Portada","item":"https:\/\/naturalbikes.cl\/"},{"@type":"ListItem","position":2,"name":"Tienda NB","item":"https:\/\/naturalbikes.cl\/?page_id=7843"},{"@type":"ListItem","position":3,"name":"Xtop","item":"https:\/\/naturalbikes.cl\/?product_brand=xtop"},{"@type":"ListItem","position":4,"name":"Pastillas Xtop Resina Org\u00e1nica Magura Mts\/Mt2\/Mt4\/Mt6\/Mt8"}]},{"@type":"WebSite","@id":"https:\/\/naturalbikes.cl\/#website","url":"https:\/\/naturalbikes.cl\/","name":"Natural Bikes","description":"Tienda de bicicletas repuestos accesorios taller mantenimiento clases salidas","publisher":{"@id":"https:\/\/naturalbikes.cl\/#organization"},"alternateName":"Natural Bikes","potentialAction":[{"@type":"SearchAction","target":{"@type":"EntryPoint","urlTemplate":"https:\/\/naturalbikes.cl\/?s={search_term_string}"},"query-input":{"@type":"PropertyValueSpecification","valueRequired":true,"valueName":"search_term_string"}}],"inLanguage":"es"},{"@type":"Organization","@id":"https:\/\/naturalbikes.cl\/#organization","name":"Natural Bikes","alternateName":"Natural Bikes","url":"https:\/\/naturalbikes.cl\/","logo":{"@type":"ImageObject","inLanguage":"es","@id":"https:\/\/naturalbikes.cl\/#\/schema\/logo\/image\/","url":"https:\/\/naturalbikes.cl\/wp-content\/uploads\/2024\/05\/2023-10-10-10.44.12.jpg","contentUrl":"https:\/\/naturalbikes.cl\/wp-content\/uploads\/2024\/05\/2023-10-10-10.44.12.jpg","width":650,"height":650,"caption":"Natural Bikes"},"image":{"@id":"https:\/\/naturalbikes.cl\/#\/schema\/logo\/image\/"},"sameAs":["https:\/\/www.facebook.com\/naturalbikescl","https:\/\/www.instagram.com\/natural.bikes","https:\/\/www.tiktok.com\/@natural.bikes"],"description":"Ofrecer a nuestros clientes apasionados por el ciclismo de monta\u00f1a la mejor experiencia en productos, conocimientos especializados y servicios excepcionales. Nos comprometemos a proporcionar una amplia gama de bicicletas, accesorios y equipo de alta calidad, junto con asesoramiento experto y atenci\u00f3n personalizada para cada ciclista, para que puedan explorar, disfrutar y maximizar su aventura en el mundo del MTB","email":"naturalbikes1@gmail.com","telephone":"56977043878","legalName":"Natural Bikes Limitada","foundingDate":"2024-01-01","vatID":"76699553-5","taxID":"76699553-5","numberOfEmployees":{"@type":"QuantitativeValue","minValue":"1","maxValue":"10"},"publishingPrinciples":"https:\/\/naturalbikes.cl\/?page_id=7843","ownershipFundingInfo":"https:\/\/naturalbikes.cl\/?page_id=7843","actionableFeedbackPolicy":"https:\/\/naturalbikes.cl\/?page_id=14797","correctionsPolicy":"https:\/\/naturalbikes.cl\/?page_id=3","ethicsPolicy":"https:\/\/naturalbikes.cl\/?page_id=7843","diversityPolicy":"https:\/\/naturalbikes.cl\/?page_id=11734","diversityStaffingReport":"https:\/\/naturalbikes.cl\/?page_id=12161"}]}},"_links":{"self":[{"href":"https:\/\/naturalbikes.cl\/index.php?rest_route=\/wp\/v2\/product\/20639"}],"collection":[{"href":"https:\/\/naturalbikes.cl\/index.php?rest_route=\/wp\/v2\/product"}],"about":[{"href":"https:\/\/naturalbikes.cl\/index.php?rest_route=\/wp\/v2\/types\/product"}],"replies":[{"embeddable":true,"href":"https:\/\/naturalbikes.cl\/index.php?rest_route=%2Fwp%2Fv2%2Fcomments&post=20639"}],"wp:featuredmedia":[{"embeddable":true,"href":"https:\/\/naturalbikes.cl\/index.php?rest_route=\/wp\/v2\/media\/20640"}],"wp:attachment":[{"href":"https:\/\/naturalbikes.cl\/index.php?rest_route=%2Fwp%2Fv2%2Fmedia&parent=20639"}],"wp:term":[{"taxonomy":"product_cat","embeddable":true,"href":"https:\/\/naturalbikes.cl\/index.php?rest_route=%2Fwp%2Fv2%2Fproduct_cat&post=20639"},{"taxonomy":"product_tag","embeddable":true,"href":"https:\/\/naturalbikes.cl\/index.php?rest_route=%2Fwp%2Fv2%2Fproduct_tag&post=20639"}],"curies":[{"name":"wp","href":"https:\/\/api.w.org\/{rel}","templated":true}]}}